{"id":939,"date":"2016-09-23T06:49:42","date_gmt":"2016-09-23T06:49:42","guid":{"rendered":"http:\/\/moverdb.com\/?page_id=939"},"modified":"2026-01-08T13:18:21","modified_gmt":"2026-01-08T13:18:21","slug":"gerson-relocation","status":"publish","type":"page","link":"https:\/\/moverdb.com\/fr\/gerson-relocation\/","title":{"rendered":"Gerson Relocation : D\u00e9m\u00e9nagements internationaux - Commentaires"},"content":{"rendered":"<p>Gerson Relocation offre \u00e0 ses clients une vari\u00e9t\u00e9 de services, qu'il s'agisse de d\u00e9m\u00e9nager \u00e0 l'\u00e9tranger ou localement. Un profil de l'entreprise et des commentaires suivent la liste des services propos\u00e9s.<\/p>\n<p><strong>Services g\u00e9n\u00e9raux\/Support<\/strong><\/p>\n<ul>\n<li> Un gestionnaire de d\u00e9m\u00e9nagement d\u00e9di\u00e9 pour coordonner le d\u00e9m\u00e9nagement<\/li>\n<li> Enqu\u00eate professionnelle<\/li>\n<li> Emballage<\/li>\n<li> <a href=\"https:\/\/moverdb.com\/fr\/expedition-par-conteneur\/\">Exp\u00e9dition par voie maritime, a\u00e9rienne ou routi\u00e8re<\/a><\/li>\n<li> D\u00e9ballage si n\u00e9cessaire<\/li>\n<li> D\u00e9barrassez-vous du mat\u00e9riel d'emballage pour le recycler<\/li>\n<li> Stockage si n\u00e9cessaire<\/li>\n<li> Assurance<\/li>\n<\/ul>\n<p><strong>Solutions de relocalisation sur mesure<\/strong><\/p>\n<ul>\n<li> Dossiers d'information<\/li>\n<li> Formation culturelle<\/li>\n<li> Visites d'orientation\/de visionnement<\/li>\n<li> Conseils en mati\u00e8re d'\u00e9ducation<\/li>\n<li> Logement temporaire<\/li>\n<li> Recherche \u00e0 domicile<\/li>\n<li> N\u00e9gociation de baux<\/li>\n<li> V\u00e9rifier les entr\u00e9es et sorties des propri\u00e9t\u00e9s<\/li>\n<li> Location de meubles<\/li>\n<li> S'installer<\/li>\n<li> Assistance aux partenaires<\/li>\n<li> Formation linguistique<\/li>\n<\/ul>\n<p><strong>D\u00e9m\u00e9nagement priv\u00e9<\/strong><\/p>\n<ul>\n<li> Un responsable du d\u00e9m\u00e9nagement d\u00e9di\u00e9<\/li>\n<li> Enqu\u00eate<\/li>\n<li> Emballage professionnel<\/li>\n<li> Transport des biens par voie maritime, a\u00e9rienne ou routi\u00e8re<\/li>\n<li> D\u00e9douanement<\/li>\n<li> D\u00e9ballage des effets personnels<\/li>\n<li> Recyclage des mat\u00e9riaux d'emballage<\/li>\n<li> Stockage, si n\u00e9cessaire<\/li>\n<li> Assurance souscrite<\/li>\n<\/ul>\n<p><strong>Services de stockage<\/strong><\/p>\n<ul>\n<li> Service complet de stockage<\/li>\n<li> Entreposage libre-service<\/li>\n<li> Stockage pour les \u00e9tudiants<\/li>\n<li> Stockage commercial<\/li>\n<li> Court ou long terme<\/li>\n<li> CCTV 24 heures sur 24<\/li>\n<\/ul>\n<h2>Profil de la soci\u00e9t\u00e9 Gerson Relocation<\/h2>\n<p>Gerson Relocation a \u00e9t\u00e9 fond\u00e9 en 1961 et son objectif est de fournir \u00e0 ses clients un service hautement personnalis\u00e9 qui ne peut \u00eatre trouv\u00e9 dans d'autres organisations. L'entreprise y parvient gr\u00e2ce \u00e0 un contr\u00f4le de qualit\u00e9 rigoureux et \u00e0 un personnel professionnel et bien form\u00e9, dont certains travaillent pour l'entreprise depuis des d\u00e9cennies.<\/p>\n<p>Gerson Relocation tient \u00e9galement \u00e0 ce que ses activit\u00e9s soient g\u00e9r\u00e9es de mani\u00e8re propre et respectueuse de l'environnement. Ils soutiennent trois organisations caritatives et donnent \u00e0 leur personnel deux jours de cong\u00e9s pay\u00e9s pour qu'ils puissent \u00e9galement contribuer \u00e0 ces causes.<\/p>\n<p>Aujourd'hui, Gerson Relocation est une filiale de <a href=\"https:\/\/moverdb.com\/fr\/abels-demenagements\/\">Services de d\u00e9m\u00e9nagement Abels<\/a> Ltd, qui est une entreprise familiale tr\u00e8s prosp\u00e8re, qui a obtenu le mandat royal de SM la Reine en 1988. Sur la base des questionnaires envoy\u00e9s aux clients, l'entreprise a obtenu un taux de satisfaction des clients de 98% pour 2015 et 2016.<\/p>\n<p>Accr\u00e9ditations et affiliations de Gerson Relocation : <\/p>\n<ul>\n<li> <a href=\"https:\/\/moverdb.com\/fr\/british-association-of-removers\/\">L'association britannique des d\u00e9m\u00e9nageurs<\/a> (<a href=\"https:\/\/moverdb.com\/fr\/british-association-of-removers\/\" data-internallinksmanager029f6b8e52c=\"9\" title=\"Explication de la British Association of Removers (BAR)\">BAR<\/a>)<\/li>\n<li> <a href=\"https:\/\/moverdb.com\/fr\/reseau-de-relocalisation-harmonieux\/\">R\u00e9seau de relocalisation Harmony<\/a> (<a href=\"https:\/\/moverdb.com\/fr\/harmony-relocation-network\/\" data-internallinksmanager029f6b8e52c=\"20\" title=\"Le r\u00e9seau Harmony Relocation Network (HRN) expliqu\u00e9\">HRN<\/a>)<\/li>\n<li> <a href=\"https:\/\/moverdb.com\/fr\/eura\/\">Association europ\u00e9enne de relocation<\/a> (<a href=\"https:\/\/moverdb.com\/fr\/eura\/\" data-internallinksmanager029f6b8e52c=\"13\" title=\"L&#039;Association europ\u00e9enne de relocation (EuRA) expliqu\u00e9e\">EuRA<\/a>)<\/li>\n<li> <a href=\"https:\/\/moverdb.com\/fr\/fidi-faim\/\">FIDI<\/a><\/li>\n<li> <a href=\"https:\/\/moverdb.com\/fr\/fidi-faim\/\" data-internallinksmanager029f6b8e52c=\"16\" title=\"Explication de la FIDI et du FAIM (FIDI Accredited International Mover)\">FAIM<\/a><\/li>\n<li> <a href=\"https:\/\/moverdb.com\/fr\/mtc\/\">The Movers Trading Club<\/a> (<a href=\"https:\/\/moverdb.com\/fr\/mtc\/\" data-internallinksmanager029f6b8e52c=\"30\" title=\"Le Movers Trading Club (MTC) expliqu\u00e9\">MTC<\/a>)<\/li>\n<\/ul>\n<h2>Revues de Gerson Relocation<\/h2>\n<p><strong>Positif<\/strong><\/p>\n<ul>\n<li>  \"<em>Nous n'aurions pas pu demander un meilleur service \u00e0 notre \u00e9quipe de relocalisation.\"<\/em> - Mme K. L. via <a href=\"http:\/\/www.gersonrelocation.com\/voice-of-the-customer\/\" target=\"_blank\" rel=\"noopener\">Page des clients satisfaits<\/a> <\/li>\n<\/ul>\n<p><strong>N\u00e9gatif<\/strong><\/p>\n<p>Nous n'avons pas pu trouver d'avis n\u00e9gatifs sur le site de Gerson Relocation.<\/p>\n<div itemprop=\"review\" itemscope itemtype=\"http:\/\/schema.org\/Review\">\n<span itemprop=\"author\" itemscope=\"\" itemtype=\"http:\/\/schema.org\/Organization\"><span itemprop=\"name\">MoverDB.com<\/span><\/span> Examen en ligne du site Web pour <span itemprop=\"itemreviewed\" itemscope=\"\" itemtype=\"http:\/\/schema.org\/Brand\"><span itemprop=\"name\">D\u00e9m\u00e9nagement de Gerson<\/span><\/span>:<\/p>\n<ol>\n<li> Coordonn\u00e9es claires sur le site web (y compris le num\u00e9ro de t\u00e9l\u00e9phone) : <strong>Oui<\/strong><\/li>\n<li> Facile \u00e0 obtenir <a href=\"https:\/\/moverdb.com\/fr\/citations\/\">devis de d\u00e9m\u00e9nagements internationaux<\/a>? (Formulaire de demande de devis en ligne) : <strong>Oui<\/strong><\/li>\n<li> Informations claires sur le site web : <strong>Oui,<\/strong> Le site web est assez d\u00e9taill\u00e9, ce qui donne aux clients potentiels une bonne id\u00e9e des services auxquels ils peuvent s'attendre.<\/li>\n<li> Adh\u00e9sion \u00e0 des organisations internationales de d\u00e9m\u00e9nagement reconnues : <strong>Oui<\/strong><\/li>\n<li> Liste de clients et\/ou t\u00e9moignages de clients pr\u00e9c\u00e9dents : <strong>Oui<\/strong>Le site web contient de nombreux t\u00e9moignages positifs de clients.<\/li>\n<\/ol>\n<div itemprop=\"reviewRating\" itemscope itemtype=\"http:\/\/schema.org\/Rating\"><meta itemprop=\"worstRating\" content = \"0\" \/><meta itemprop=\"bestRating\" content=\"5\" \/><meta itemprop=\"ratingValue\" content=\"5\"><\/div>\n<p><strong>Note globale : 5\/5<\/strong><br \/>\n<strong>Date de r\u00e9vision :<\/strong> <span itemprop=\"datePublished\" content=\"2016-09-23\">23\/09\/16<\/span>\n<\/div>\n<p>En savoir plus <a href=\"https:\/\/moverdb.com\/fr\/demenagements-internationaux\/\">d\u00e9m\u00e9nagements internationaux<\/a> et notre <a href=\"https:\/\/moverdb.com\/fr\/revues\/\">le processus de r\u00e9vision expliqu\u00e9<\/a>.<\/p>\n<p><strong>Site web :<\/strong> <a href=\"http:\/\/www.gersonrelocation.com\" target=\"_blank\" rel=\"noopener\">http:\/\/www.gersonrelocation.com<\/a><\/p>","protected":false},"excerpt":{"rendered":"<p>Gerson Relocation offer their clients a variety of services, whether they are relocating abroad or locally. A company profile and reviews follow the list of services on offer. Corporate Services\/Support Dedicated move manager to coordinate the move Professional survey Packing Shipping by sea, air or road Unpacking if required Clear away packing material for recycling [&hellip;]<\/p>\n","protected":false},"author":1,"featured_media":0,"parent":0,"menu_order":0,"comment_status":"closed","ping_status":"closed","template":"","meta":{"_genesis_hide_title":false,"_genesis_hide_breadcrumbs":false,"_genesis_hide_singular_image":false,"_genesis_hide_footer_widgets":false,"_genesis_custom_body_class":"","_genesis_custom_post_class":"","_genesis_layout":"","footnotes":""},"class_list":{"0":"post-939","1":"page","2":"type-page","3":"status-publish","5":"entry"},"_links":{"self":[{"href":"https:\/\/moverdb.com\/fr\/wp-json\/wp\/v2\/pages\/939","targetHints":{"allow":["GET"]}}],"collection":[{"href":"https:\/\/moverdb.com\/fr\/wp-json\/wp\/v2\/pages"}],"about":[{"href":"https:\/\/moverdb.com\/fr\/wp-json\/wp\/v2\/types\/page"}],"author":[{"embeddable":true,"href":"https:\/\/moverdb.com\/fr\/wp-json\/wp\/v2\/users\/1"}],"replies":[{"embeddable":true,"href":"https:\/\/moverdb.com\/fr\/wp-json\/wp\/v2\/comments?post=939"}],"version-history":[{"count":3,"href":"https:\/\/moverdb.com\/fr\/wp-json\/wp\/v2\/pages\/939\/revisions"}],"predecessor-version":[{"id":6214,"href":"https:\/\/moverdb.com\/fr\/wp-json\/wp\/v2\/pages\/939\/revisions\/6214"}],"wp:attachment":[{"href":"https:\/\/moverdb.com\/fr\/wp-json\/wp\/v2\/media?parent=939"}],"curies":[{"name":"wp","href":"https:\/\/api.w.org\/{rel}","templated":true}]}}