{"id":938,"date":"2016-09-23T07:14:51","date_gmt":"2016-09-23T07:14:51","guid":{"rendered":"http:\/\/moverdb.com\/?page_id=938"},"modified":"2026-01-08T14:40:14","modified_gmt":"2026-01-08T14:40:14","slug":"relocalisation-momentanee","status":"publish","type":"page","link":"https:\/\/moverdb.com\/fr\/momentous-relocation\/","title":{"rendered":"Momentous Relocation : D\u00e9m\u00e9nagements internationaux et avis sur les d\u00e9m\u00e9nagements"},"content":{"rendered":"<p>Momentous Relocation est une soci\u00e9t\u00e9 sp\u00e9cialis\u00e9e dans le d\u00e9m\u00e9nagement international et la relocalisation, bas\u00e9e \u00e0 Paris. <a href=\"https:\/\/moverdb.com\/fr\/moving-to-london\/\">Londres<\/a>. Elle offre \u00e0 ses clients de nombreux services qui sont \u00e9num\u00e9r\u00e9s ci-dessous, ainsi qu'un profil de l'entreprise et des commentaires.<\/p>\n<p><strong>Services de d\u00e9m\u00e9nagement<\/strong><\/p>\n<ul>\n<li> Enqu\u00eate pr\u00e9alable au d\u00e9m\u00e9nagement<\/li>\n<li> <a href=\"https:\/\/moverdb.com\/fr\/expedition-par-conteneur\/\">Exp\u00e9dition et fret a\u00e9rien<\/a><\/li>\n<li> Services \u00e0 destination<\/li>\n<li> Services d'assurance<\/li>\n<li> D\u00e9m\u00e9nagement domestique<\/li>\n<li> Exp\u00e9dition d'\u0153uvres d'art<\/li>\n<li> Service de d\u00e9m\u00e9nagement d'animaux domestiques<\/li>\n<li> Guides des pays o\u00f9 l'on d\u00e9m\u00e9nage<\/li>\n<\/ul>\n<p><strong>Services de relocalisation<\/strong><\/p>\n<ul>\n<li> D\u00e9m\u00e9nagement et stockage global<\/li>\n<li> Visa et immigration<\/li>\n<li> Soutien linguistique et culturel<\/li>\n<li> <a href=\"https:\/\/moverdb.com\/fr\/frais-de-demenagement\/\">Co\u00fbt de la vie<\/a> analyse<\/li>\n<li> Soutien aux partenaires qui d\u00e9m\u00e9nagent<\/li>\n<li> Orientation de la zone<\/li>\n<li> Recherche d'\u00e9cole<\/li>\n<li> Logement temporaire<\/li>\n<li> Ligne d'assistance<\/li>\n<li> D\u00e9couverte de la maison<\/li>\n<li> Assistance \u00e0 l'installation<\/li>\n<li> Gestion des d\u00e9m\u00e9nagements<\/li>\n<li> Services de d\u00e9part<\/li>\n<\/ul>\n<p><strong>Services de stockage<\/strong><\/p>\n<ul>\n<li> Stockage \u00e0 court et \u00e0 long terme<\/li>\n<li> Stockage international<\/li>\n<li> Stockage dans le <a href=\"https:\/\/moverdb.com\/fr\/moving-to-the-uk\/\" data-internallinksmanager029f6b8e52c=\"93\" title=\"Vous partez au Royaume-Uni ? 2026 Co\u00fbt de la vie et conseils de relocalisation\">ROYAUME-UNI<\/a><\/li>\n<li> Stockage d'affaires<\/li>\n<li> CCTV 24 heures sur 24<\/li>\n<\/ul>\n<p><strong>D\u00e9m\u00e9nagement et relocalisation de bureaux<\/strong><\/p>\n<ul>\n<li> Gestion de projet<\/li>\n<li> Location de caisses<\/li>\n<li> Portage<\/li>\n<li> Planification et logistique<\/li>\n<li> Des formules d'assurance sur mesure<\/li>\n<li> Garde-meubles de bureau<\/li>\n<li> Stockage des documents<\/li>\n<li> Stockage des archives<\/li>\n<li> Stockage sp\u00e9cialis\u00e9<\/li>\n<li> Responsabilit\u00e9 sociale des entreprises<\/li>\n<li> Services d'\u00e9limination<\/li>\n<li> D\u00e9chiquetage s\u00e9curis\u00e9<\/li>\n<li> Services de nettoyage<\/li>\n<li> Nettoyage de bureaux<\/li>\n<\/ul>\n<p><strong>Service d'emballage et d'exp\u00e9dition d'\u0153uvres d'art<\/strong><\/p>\n<ul>\n<li> Fabrication et emballage de caisses<\/li>\n<li> Exp\u00e9dition par route, air ou mer<\/li>\n<li> Stockage<\/li>\n<li> Emballage en gants blancs<\/li>\n<li> Services d'exposition<\/li>\n<\/ul>\n<p><strong>Projets sp\u00e9ciaux<\/strong><\/p>\n<ul>\n<li> Transport du serveur<\/li>\n<li> D\u00e9m\u00e9nagement international de bureaux<\/li>\n<li> Mouvements sp\u00e9cialis\u00e9s<\/li>\n<li> Assurance sur mesure<\/li>\n<\/ul>\n<h2>Profil de l'entreprise Momentous Relocation<\/h2>\n<p>Momentous Relocation a commenc\u00e9 ses activit\u00e9s internationales en 1978. Son si\u00e8ge social se trouve \u00e0 Baker Street, \u00e0 Londres, et elle dispose de deux installations de stockage et de bureaux dans le nord-ouest de Londres (si\u00e8ge social) et \u00e0 Aylesbury. <\/p>\n<p>L'entreprise et son personnel affirment qu'ils accordent toujours la priorit\u00e9 \u00e0 leurs clients et s'efforcent de faire en sorte que chaque d\u00e9m\u00e9nagement soit rapide et sans douleur pour le client.<\/p>\n<p>Momentous Relocation dispose d'un vaste programme de responsabilit\u00e9 sociale des entreprises qui englobe son personnel, ses clients, l'environnement et la communaut\u00e9.<\/p>\n<p>Les affiliations et accr\u00e9ditations de Momentous Relocation :<\/p>\n<ul>\n<li> <a href=\"https:\/\/moverdb.com\/fr\/fidi-faim\/\">FIDI<\/a><\/li>\n<li> <a href=\"https:\/\/moverdb.com\/fr\/fidi-faim\/\">FAIM Plus<\/a><\/li>\n<li> <a href=\"https:\/\/moverdb.com\/fr\/british-association-of-removers\/\">L'association britannique des d\u00e9m\u00e9nageurs<\/a> (<a href=\"https:\/\/moverdb.com\/fr\/british-association-of-removers\/\" data-internallinksmanager029f6b8e52c=\"9\" title=\"Explication de la British Association of Removers (BAR)\">BAR<\/a>)<\/li>\n<li> <a href=\"https:\/\/moverdb.com\/fr\/bar-overseas\/\">Groupe outre-mer de la British Association of Removers<\/a><\/li>\n<li> <a href=\"https:\/\/moverdb.com\/fr\/mtc\/\">The Movers Trading Club<\/a> (<a href=\"https:\/\/moverdb.com\/fr\/mtc\/\" data-internallinksmanager029f6b8e52c=\"30\" title=\"Le Movers Trading Club (MTC) expliqu\u00e9\">MTC<\/a>)<\/li>\n<li> <a href=\"https:\/\/moverdb.com\/fr\/eura\/\">EuRA<\/a><\/li>\n<li> Accr\u00e9ditations ISO<\/li>\n<\/ul>\n<h2>Avis sur Momentous Relocation<\/h2>\n<p><strong>Positif :<\/strong><\/p>\n<ul>\n<li> \"<em>Un d\u00e9m\u00e9nagement exceptionnel \u00e0 tous points de vue, je ne peux que louer le service. Je recommanderai \u00e0 tous ceux qui me le demanderont \u00e0 l'avenir. Cikis et Scott ont \u00e9t\u00e9 brillants !<\/em> via <a href=\"http:\/\/www.momentousrelocation.com\/about-us\/what-our-customers-say-momentous-relocation-reviews\/\" target=\"_blank\" rel=\"noopener\">Momentous What Our Customers Say Page<\/a><\/li>\n<li> <em>\"C'est la deuxi\u00e8me fois que Momentous me d\u00e9m\u00e9nage, je ne saurais trop les recommander.\"<\/em> - via <a href=\"http:\/\/moveaide.com\/movers\/momentous-relocation-london-uk-mover-review\" target=\"_blank\" rel=\"noopener\">MoveAid.com<\/a><\/li>\n<li> <em>\"J'ai quitt\u00e9 le Royaume-Uni pour <a href=\"https:\/\/moverdb.com\/fr\/moving-to-germany\/\" data-internallinksmanager029f6b8e52c=\"321\" title=\"D\u00e9m\u00e9nager en Allemagne ? 2026 Co\u00fbts de la vie et conseils de relocalisation\">Allemagne<\/a>. Le service \u00e9tait tr\u00e8s professionnel, l'\u00e9quipe d'organisation au Royaume-Uni \u00e9tait accommodante et flexible.\"<\/em> - Ursula via <a href=\"https:\/\/www.facebook.com\/pg\/momentousltd\/reviews\/\" target=\"_blank\" rel=\"noopener\">Facebook<\/a><\/li>\n<li> <em>\"Un service fantastique ! L'\u00e9quipe, Scott et Darren \u00e9taient polis et tr\u00e8s professionnels, ils ont tout emball\u00e9 tr\u00e8s efficacement, ils ont m\u00eame utilis\u00e9 des protections de sol pour que mes tapis soient enti\u00e8rement prot\u00e9g\u00e9s.\"<\/em> - Evelynn via <a href=\"http:\/\/www.removalreviews.co.uk\/movers\/momentous-relocation-215#8293\" target=\"_blank\" rel=\"noopener\">RemovalReviews.com<\/a><\/li>\n<\/ul>\n<p><strong>N\u00e9gatif<\/strong><\/p>\n<ul>\n<li> <em>\"J'ai eu une exp\u00e9rience \u00e9pouvantable avec cette entreprise qui a pris mon argent puis a fourni un service affreux (dont une partie \u00e9tait la faute de leurs partenaires) mais ils ont refus\u00e9 de prendre toute responsabilit\u00e9 ou de s'approprier les \u00e9v\u00e9nements qui ont inclus un accident grave survenu \u00e0 un membre de la famille \u00e0 cause de meubles mal install\u00e9s.\"<\/em> - James via <a href=\"http:\/\/moveaide.com\/movers\/momentous-relocation-london-uk-mover-review\" target=\"_blank\" rel=\"noopener\">MoveAid.com<\/a><\/li>\n<li> <em>Les d\u00e9m\u00e9nagements importants sont les pires <a href=\"https:\/\/moverdb.com\/fr\/international-removals\/\" data-internallinksmanager029f6b8e52c=\"27\" title=\"36 meilleures entreprises de d\u00e9m\u00e9nagements internationaux au Royaume-Uni\">soci\u00e9t\u00e9 de d\u00e9m\u00e9nagements<\/a> dans ce pays. J'ai d\u00e9m\u00e9nag\u00e9 6 fois en moins de 8 ans, je pense donc avoir de l'exp\u00e9rience dans ce domaine.<\/em> via <a href=\"http:\/\/www.removalreviews.co.uk\/movers\/momentous-relocation-215#714\" target=\"_blank\" rel=\"noopener\">RemovalReviews.com<\/a><\/li>\n<\/ul>\n<div itemprop=\"review\" itemscope itemtype=\"http:\/\/schema.org\/Review\">\n<span itemprop=\"author\" itemscope=\"\" itemtype=\"http:\/\/schema.org\/Organization\"><span itemprop=\"name\">MoverDB.com<\/span><\/span> Examen en ligne du site Web pour <span itemprop=\"itemreviewed\" itemscope=\"\" itemtype=\"http:\/\/schema.org\/Brand\"><span itemprop=\"name\">D\u00e9m\u00e9nagement important<\/span><\/span>:<\/p>\n<ol>\n<li> Coordonn\u00e9es claires sur le site web (y compris le num\u00e9ro de t\u00e9l\u00e9phone) : <strong>Oui<\/strong><\/li>\n<li> Facile \u00e0 obtenir <a href=\"https:\/\/moverdb.com\/fr\/citations\/\">devis de d\u00e9m\u00e9nagements internationaux<\/a>? (Formulaire de demande de devis en ligne) : <strong>Oui<\/strong><\/li>\n<li> Informations claires sur le site web : <strong>Oui<\/strong>Le site web pr\u00e9sente les services offerts mais ne donne pas beaucoup d'informations d\u00e9taill\u00e9es.<\/li>\n<li> Adh\u00e9sion \u00e0 des organisations internationales de d\u00e9m\u00e9nagement reconnues : <strong>Oui<\/strong><\/li>\n<li> Liste de clients et\/ou t\u00e9moignages de clients pr\u00e9c\u00e9dents : <strong>Oui,<\/strong> Il existe plusieurs t\u00e9moignages positifs de clients, mais pas de liste de clients. L'entreprise re\u00e7oit aussi g\u00e9n\u00e9ralement des avis positifs en ligne.<\/li>\n<\/ol>\n<div itemprop=\"reviewRating\" itemscope itemtype=\"http:\/\/schema.org\/Rating\"><meta itemprop=\"worstRating\" content = \"0\" \/><meta itemprop=\"bestRating\" content=\"5\" \/><meta itemprop=\"ratingValue\" content=\"4.5\"><\/div>\n<p><strong>Note globale : 4,5\/5<\/strong><br \/>\n<strong>Date de r\u00e9vision :<\/strong> <span itemprop=\"datePublished\" content=\"2016-09-23\">23\/09\/16<\/span>\n<\/div>\n<p>En savoir plus <a href=\"https:\/\/moverdb.com\/fr\/demenagements-internationaux\/\">entreprises de d\u00e9m\u00e9nagement<\/a> et notre <a href=\"https:\/\/moverdb.com\/fr\/revues\/\">processus de r\u00e9vision<\/a>.<\/p>\n<p><strong>Site web :<\/strong> <a href=\"http:\/\/www.momentousrelocation.com\/\" target=\"_blank\" rel=\"noopener\">http:\/\/www.momentousrelocation.com<\/a><\/p>","protected":false},"excerpt":{"rendered":"<p>Momentous Relocation is an international removal and relocation specialist company based in London. It offers its clients many services which are listed below, together with a company profile and reviews. Moving Services Pre move survey Shipping and airfreight Destination services Insurance services Domestic moving Fine art shipping Pet moving service Moving home country guides Relocation [&hellip;]<\/p>\n","protected":false},"author":1,"featured_media":0,"parent":0,"menu_order":0,"comment_status":"closed","ping_status":"closed","template":"","meta":{"_genesis_hide_title":false,"_genesis_hide_breadcrumbs":false,"_genesis_hide_singular_image":false,"_genesis_hide_footer_widgets":false,"_genesis_custom_body_class":"","_genesis_custom_post_class":"","_genesis_layout":"","footnotes":""},"class_list":{"0":"post-938","1":"page","2":"type-page","3":"status-publish","5":"entry"},"_links":{"self":[{"href":"https:\/\/moverdb.com\/fr\/wp-json\/wp\/v2\/pages\/938","targetHints":{"allow":["GET"]}}],"collection":[{"href":"https:\/\/moverdb.com\/fr\/wp-json\/wp\/v2\/pages"}],"about":[{"href":"https:\/\/moverdb.com\/fr\/wp-json\/wp\/v2\/types\/page"}],"author":[{"embeddable":true,"href":"https:\/\/moverdb.com\/fr\/wp-json\/wp\/v2\/users\/1"}],"replies":[{"embeddable":true,"href":"https:\/\/moverdb.com\/fr\/wp-json\/wp\/v2\/comments?post=938"}],"version-history":[{"count":6,"href":"https:\/\/moverdb.com\/fr\/wp-json\/wp\/v2\/pages\/938\/revisions"}],"predecessor-version":[{"id":13178,"href":"https:\/\/moverdb.com\/fr\/wp-json\/wp\/v2\/pages\/938\/revisions\/13178"}],"wp:attachment":[{"href":"https:\/\/moverdb.com\/fr\/wp-json\/wp\/v2\/media?parent=938"}],"curies":[{"name":"wp","href":"https:\/\/api.w.org\/{rel}","templated":true}]}}