{"id":927,"date":"2016-09-23T21:57:09","date_gmt":"2016-09-23T21:57:09","guid":{"rendered":"http:\/\/moverdb.com\/?page_id=927"},"modified":"2026-01-08T13:19:00","modified_gmt":"2026-01-08T13:19:00","slug":"imove-international","status":"publish","type":"page","link":"https:\/\/moverdb.com\/fr\/imove-international\/","title":{"rendered":"IMove International : Commentaires sur les d\u00e9m\u00e9nagements et les d\u00e9m\u00e9nagements"},"content":{"rendered":"<p>IMove International est bas\u00e9e dans le Surrey. Elle offre \u00e0 ses clients une gamme de services pour les aider \u00e0 d\u00e9m\u00e9nager \u00e0 l'\u00e9tranger. Vous trouverez ci-dessous une liste de ces services, ainsi que le profil de l'entreprise et des commentaires.<\/p>\n<p><strong><a href=\"https:\/\/moverdb.com\/fr\/international-removals\/\" data-internallinksmanager029f6b8e52c=\"27\" title=\"36 meilleures entreprises de d\u00e9m\u00e9nagements internationaux au Royaume-Uni\">D\u00e9m\u00e9nagements internationaux<\/a><\/strong><\/p>\n<ul>\n<li> Coordinateur de d\u00e9m\u00e9nagement personnel<\/li>\n<li> Porte \u00e0 porte<\/li>\n<li> Porte de <a href=\"https:\/\/moverdb.com\/fr\/top-49-container-ports\/\" data-internallinksmanager029f6b8e52c=\"80\" title=\"Les 49 ports \u00e0 conteneurs les plus importants et les plus fr\u00e9quent\u00e9s en 2025\">port<\/a><\/li>\n<li> Air, mer ou route<\/li>\n<li> D\u00e9m\u00e9nagements d'entreprises<\/li>\n<li> <a href=\"https:\/\/moverdb.com\/fr\/voiture-transport-expedition\/\">V\u00e9hicules \u00e0 moteur<\/a><\/li>\n<li> Service complet d'emballage<\/li>\n<li> Self-packing<\/li>\n<li> Emballage fragile<\/li>\n<li> Fourniture gratuite de cartons, de ruban adh\u00e9sif et d'emballage<\/li>\n<li> Service de d\u00e9ballage<\/li>\n<li> Stockage \u00e0 court et \u00e0 long terme <\/li>\n<li> <a href=\"https:\/\/moverdb.com\/fr\/expedition-par-conteneur\/\">Transport par conteneurs<\/a><\/li>\n<li> Envoi de bagages excessifs<\/li>\n<li> Assurance fournie<\/li>\n<li> Aide pour les formalit\u00e9s douani\u00e8res et la documentation<\/li>\n<\/ul>\n<p><strong>Autres services<\/strong><\/p>\n<ul>\n<li> Stockage \u00e0 court et \u00e0 long terme<\/li>\n<li> Exp\u00e9dition et stockage des \u00e9tudiants<\/li>\n<li> <a href=\"https:\/\/moverdb.com\/fr\/car-transport-shipping\/\" data-internallinksmanager029f6b8e52c=\"2\" title=\"2026 Devis pour le transport international de voitures et l&#039;exp\u00e9dition de v\u00e9hicules\">Transport de voitures<\/a><\/li>\n<li> Conteneur partag\u00e9<\/li>\n<li> Service d'emballage pour l'exportation<\/li>\n<li> Mise en cageots et fabrication de caisses<\/li>\n<\/ul>\n<h2>Profil de l'entreprise IMove International<\/h2>\n<p>IMove International est une jeune entreprise priv\u00e9e qui a \u00e9t\u00e9 fond\u00e9e en mai 2011. Il s'agit d'un sp\u00e9cialiste <a href=\"https:\/\/moverdb.com\/fr\/demenagements-internationaux\/\">d\u00e9m\u00e9nagement international<\/a>une soci\u00e9t\u00e9 d'exp\u00e9dition et de relocalisation. <\/p>\n<p>IMove organise des d\u00e9m\u00e9nagements pour des familles, des entreprises et des particuliers \u00e0 partir de l'Europe. <a href=\"https:\/\/moverdb.com\/fr\/moving-to-the-uk\/\" data-internallinksmanager029f6b8e52c=\"93\" title=\"Vous partez au Royaume-Uni ? 2026 Co\u00fbt de la vie et conseils de relocalisation\">ROYAUME-UNI<\/a> vers la plupart des destinations du monde.<\/p>\n<p>IMove exp\u00e9die tout, du plus petit colis \u00e0 un m\u00e9nage de meubles. L'entreprise met \u00e0 la disposition de chaque client un coordinateur de d\u00e9m\u00e9nagement personnel qui est son contact tout au long du processus de d\u00e9m\u00e9nagement.<\/p>\n<p>IMove International poss\u00e8de les accr\u00e9ditations et affiliations suivantes :<\/p>\n<ul>\n<li> ISO 9001<\/li>\n<\/ul>\n<h2>Critiques d'IMove International<\/h2>\n<p><strong>Positif :<\/strong><\/p>\n<ul>\n<li> <em>\"Les choses se sont d\u00e9roul\u00e9es de mani\u00e8re fluide et efficace. Je recommanderais certainement la soci\u00e9t\u00e9 pour son service et son rapport qualit\u00e9-prix\".<\/em> - H Fowler via <a href=\"http:\/\/www.imoveintl.com\/testimonials.htm\" target=\"_blank\" rel=\"noopener\">Page des commentaires des clients<\/a><\/li>\n<li> \"<em>Je tiens \u00e0 f\u00e9liciter IMove pour la ponctualit\u00e9, la rapidit\u00e9 et le professionnalisme dont a fait preuve mon d\u00e9m\u00e9nagement d'Orlando <a href=\"https:\/\/moverdb.com\/fr\/moving-to-the-united-states\/moving-to-florida\/\" data-internallinksmanager029f6b8e52c=\"331\" title=\"D\u00e9m\u00e9nager en Floride ? 2026 Co\u00fbts de la vie et conseils de relocalisation\">Floride<\/a> au Kent, a \u00e9t\u00e9 r\u00e9alis\u00e9e.<\/em> - Annette <a href=\"http:\/\/www.removalreviews.co.uk\/movers\/imove-international-191#11473\" target=\"_blank\" rel=\"noopener\">RemovalReviews.com<\/a> <\/li>\n<li> \"<em>Je recommande vivement cette soci\u00e9t\u00e9 - co\u00fbt tr\u00e8s raisonnable, d\u00e9m\u00e9nagement extr\u00eamement rapide et service impeccable\".<\/em> - Johathan via <a href=\"http:\/\/www.reviews.co.uk\/company-reviews\/store\/imove-international-removals-ltd\" target=\"_blank\" rel=\"noopener\">Critiques.co.uk<\/a> <\/li>\n<\/ul>\n<p><strong>N\u00e9gatif<\/strong><\/p>\n<ul>\n<li> \"<em>Bien que le d\u00e9lai de livraison de <a href=\"https:\/\/moverdb.com\/fr\/moving-to-london\/\">Londres<\/a> \u00e0 <a href=\"https:\/\/moverdb.com\/fr\/moving-to-switzerland\/\" data-internallinksmanager029f6b8e52c=\"327\" title=\"D\u00e9m\u00e9nager en Suisse ? 2026 Co\u00fbts de la vie et conseils de relocalisation\">Suisse<\/a> La livraison a \u00e9t\u00e9 rapide, mais je d\u00e9conseille vivement \u00e0 quiconque de faire appel \u00e0 cette soci\u00e9t\u00e9, car l'un des objets les plus pr\u00e9cieux n'a jamais \u00e9t\u00e9 livr\u00e9 et a \u00e9t\u00e9 \"perdu\". Il ne semblait pas y avoir de v\u00e9ritable surprise, d'inqui\u00e9tude ou d'excuses quant \u00e0 la perte de cet objet.\"<\/em> - Mme Laurens via <a href=\"http:\/\/www.removalreviews.co.uk\/movingreviews\/stolen-item-1264\" target=\"_blank\" rel=\"noopener\">RemovalReviews.co.uk<\/a> <\/li>\n<li> \"<em>Nos articles ont \u00e9t\u00e9 collect\u00e9s conform\u00e9ment \u00e0 la date de collecte (02.11.2015), ce qui \u00e9tait formidable, mais nous sommes maintenant en mars et nous n'avons toujours pas re\u00e7u nos bo\u00eetes.\"<\/em> - Samantha via <a href=\"http:\/\/www.reviews.co.uk\/company-reviews\/store\/imove-international-removals-ltd\" target=\"_blank\" rel=\"noopener\">Critiques.co.uk<\/a> <\/li>\n<\/ul>\n<div itemprop=\"review\" itemscope itemtype=\"http:\/\/schema.org\/Review\">\n<span itemprop=\"author\" itemscope=\"\" itemtype=\"http:\/\/schema.org\/Organization\"><span itemprop=\"name\">MoverDB.com<\/span><\/span> Examen en ligne du site Web pour <span itemprop=\"itemreviewed\" itemscope=\"\" itemtype=\"http:\/\/schema.org\/Brand\"><span itemprop=\"name\">IMove International<\/span><\/span>:<\/p>\n<ol>\n<li> Coordonn\u00e9es claires sur le site web (y compris le num\u00e9ro de t\u00e9l\u00e9phone) : <strong>Oui<\/strong><\/li>\n<li> Facile \u00e0 obtenir <a href=\"https:\/\/moverdb.com\/fr\/citations\/\">devis de d\u00e9m\u00e9nagements internationaux<\/a>? (Formulaire de demande de devis en ligne) : <strong>Oui<\/strong><\/li>\n<li> Informations claires sur le site web : <strong>Oui<\/strong>Le site web contient de nombreuses informations sur le d\u00e9m\u00e9nagement dans divers pays du monde, y compris les documents n\u00e9cessaires.<\/li>\n<li> Adh\u00e9sion \u00e0 des organisations internationales de d\u00e9m\u00e9nagement reconnues : <strong>Partiel<\/strong>Bien qu'ils soient certifi\u00e9s ISO, ils ne semblent pas avoir d'autres accr\u00e9ditations.<\/li>\n<li> Liste de clients et\/ou t\u00e9moignages de clients pr\u00e9c\u00e9dents : <strong>Oui,<\/strong> Il y a beaucoup d'avis positifs de clients sur le site.<\/li>\n<\/ol>\n<div itemprop=\"reviewRating\" itemscope itemtype=\"http:\/\/schema.org\/Rating\"><meta itemprop=\"worstRating\" content = \"0\" \/><meta itemprop=\"bestRating\" content=\"5\" \/><meta itemprop=\"ratingValue\" content=\"4\"><\/div>\n<p><strong>Note globale : 4\/5<\/strong><br \/>\n<strong>Date de r\u00e9vision :<\/strong> <span itemprop=\"datePublished\" content=\"2016-09-23\">23\/09\/16<\/span>\n<\/div>\n<p>Plus d'informations sur <a href=\"https:\/\/moverdb.com\/fr\/demenagements-internationaux\/\">entreprises de d\u00e9m\u00e9nagement<\/a> et notre <a href=\"https:\/\/moverdb.com\/fr\/revues\/\">processus de r\u00e9vision<\/a>.<\/p>\n<p><strong>Site web :<\/strong> <a href=\"http:\/\/www.imoveintl.com\/\" target=\"_blank\" rel=\"noopener\">http:\/\/www.imoveintl.com\/<\/a><\/p>","protected":false},"excerpt":{"rendered":"<p>IMove International is based in Surrey. It offers its customers a range of services to assist with their move abroad. These are listed below, together with a company profile and reviews. International Removals Personal move coordinator Door to door Door to port Air, sea or road Company relocations Motor vehicles Full packing service Self-packing Fragile [&hellip;]<\/p>\n","protected":false},"author":1,"featured_media":0,"parent":0,"menu_order":0,"comment_status":"closed","ping_status":"closed","template":"","meta":{"_genesis_hide_title":false,"_genesis_hide_breadcrumbs":false,"_genesis_hide_singular_image":false,"_genesis_hide_footer_widgets":false,"_genesis_custom_body_class":"","_genesis_custom_post_class":"","_genesis_layout":"","footnotes":""},"class_list":{"0":"post-927","1":"page","2":"type-page","3":"status-publish","5":"entry"},"_links":{"self":[{"href":"https:\/\/moverdb.com\/fr\/wp-json\/wp\/v2\/pages\/927","targetHints":{"allow":["GET"]}}],"collection":[{"href":"https:\/\/moverdb.com\/fr\/wp-json\/wp\/v2\/pages"}],"about":[{"href":"https:\/\/moverdb.com\/fr\/wp-json\/wp\/v2\/types\/page"}],"author":[{"embeddable":true,"href":"https:\/\/moverdb.com\/fr\/wp-json\/wp\/v2\/users\/1"}],"replies":[{"embeddable":true,"href":"https:\/\/moverdb.com\/fr\/wp-json\/wp\/v2\/comments?post=927"}],"version-history":[{"count":6,"href":"https:\/\/moverdb.com\/fr\/wp-json\/wp\/v2\/pages\/927\/revisions"}],"predecessor-version":[{"id":13160,"href":"https:\/\/moverdb.com\/fr\/wp-json\/wp\/v2\/pages\/927\/revisions\/13160"}],"wp:attachment":[{"href":"https:\/\/moverdb.com\/fr\/wp-json\/wp\/v2\/media?parent=927"}],"curies":[{"name":"wp","href":"https:\/\/api.w.org\/{rel}","templated":true}]}}