{"id":926,"date":"2017-07-04T15:15:07","date_gmt":"2017-07-04T15:15:07","guid":{"rendered":"http:\/\/moverdb.com\/?page_id=926"},"modified":"2026-01-08T14:47:30","modified_gmt":"2026-01-08T14:47:30","slug":"american-red-ball-transit","status":"publish","type":"page","link":"https:\/\/moverdb.com\/fr\/american-red-ball-transit\/","title":{"rendered":"American Red Ball Transit : D\u00e9m\u00e9nagement international Critiques"},"content":{"rendered":"<p>American Red Ball Transit offre \u00e0 ses clients de nombreux services domestiques au sein de l'Union europ\u00e9enne. <a href=\"https:\/\/moverdb.com\/fr\/moving-to-the-united-states\/\" data-internallinksmanager029f6b8e52c=\"94\" title=\"Vous partez aux \u00c9tats-Unis ? 2026 Co\u00fbt de la vie et conseils de relocalisation\">US<\/a>Ces derniers sont \u00e9num\u00e9r\u00e9s ci-dessous, accompagn\u00e9s d'un profil de l'entreprise et de commentaires.<\/p>\n<p><strong>D\u00e9m\u00e9nagement d'entreprise<\/strong><\/p>\n<ul>\n<li> Plan de relocalisation personnalis\u00e9<\/li>\n<li> Assistance pour le d\u00e9m\u00e9nagement du personnel et des bureaux<\/li>\n<li> Service complet d'emballage<\/li>\n<li> D\u00e9montage et remontage de meubles<\/li>\n<li> D\u00e9m\u00e9nagement informatique<\/li>\n<li> Service de d\u00e9ballage<\/li>\n<li> Stockage \u00e0 court et \u00e0 long terme<\/li>\n<\/ul>\n<p><strong>D\u00e9m\u00e9nagements domestiques<\/strong><\/p>\n<ul>\n<li> Calendrier interactif des d\u00e9placements<\/li>\n<li> Porte \u00e0 porte<\/li>\n<li> Service complet d'emballage, articles fragiles ou \u00e0 faire soi-m\u00eame<\/li>\n<li> D\u00e9montage et remontage de meubles.<\/li>\n<li> Assurance disponible<\/li>\n<li> Service de d\u00e9ballage offert<\/li>\n<li> Possibilit\u00e9 de stockage \u00e0 court et \u00e0 long terme<\/li>\n<\/ul>\n<h2>Profil de la soci\u00e9t\u00e9 American Red Ball Transit<\/h2>\n<p>L'American Red Ball Transit, fond\u00e9e en 1919, est la plus ancienne soci\u00e9t\u00e9 de transport inter\u00e9tatique. <a href=\"https:\/\/moverdb.com\/fr\/international-removals\/\" data-internallinksmanager029f6b8e52c=\"27\" title=\"36 meilleures entreprises de d\u00e9m\u00e9nagements internationaux au Royaume-Uni\">entreprise de d\u00e9m\u00e9nagement<\/a> aux \u00c9tats-Unis et est bas\u00e9e \u00e0 Indianapolis. La soci\u00e9t\u00e9 est r\u00e9put\u00e9e pour son expertise en mati\u00e8re de d\u00e9m\u00e9nagements militaires et en a effectu\u00e9 de nombreux depuis la Seconde Guerre mondiale. En 1996, American Red Ball Transit a \u00e9t\u00e9 vendu \u00e0 <a href=\"https:\/\/moverdb.com\/fr\/atlas-van-lines-international\/\">Groupe Atlas World<\/a>. Ce groupe reloge plus de 13 000 familles de militaires par an.<\/p>\n<p>En 2001, American Red Ball Transit, qui est la filiale nationale d'American Red Ball International, a \u00e9t\u00e9 vendue \u00e0 sa direction. American Red Ball International continue \u00e0 s'occuper du volet international de l'activit\u00e9.<\/p>\n<p>American Red Ball Transit a les affiliations et accr\u00e9ditations suivantes :<\/p>\n<ul>\n<li> Bureau d'\u00e9thique commerciale (BBB)<\/li>\n<li> <a href=\"https:\/\/moverdb.com\/fr\/amsa\/\">Association am\u00e9ricaine de d\u00e9m\u00e9nagement et de stockage<\/a> (<a href=\"https:\/\/moverdb.com\/fr\/amsa\/\" data-internallinksmanager029f6b8e52c=\"5\" title=\"Explication de l&#039;Association am\u00e9ricaine de d\u00e9m\u00e9nagement et d&#039;entreposage (AMSA)\">AMSA<\/a>)<\/li>\n<li> <a href=\"https:\/\/moverdb.com\/fr\/jante-promoteur\/\">ProMover<\/a><\/li>\n<\/ul>\n<h2>La soci\u00e9t\u00e9 American Red Ball Transit Reviews<\/h2>\n<p><strong>Positif :<\/strong><\/p>\n<ul>\n<li> <em>\"American Red Ball est l'un de nos meilleurs partenaires, une organisation de qualit\u00e9 avec des individus de qualit\u00e9. Hautement recommand\u00e9.\"<\/em> - John via <a href=\"https:\/\/www.yelp.co.uk\/biz\/american-red-ball-transit-company-indianapolis?hrid=mQPsd2n9lj4MbWXdnRerwA&#038;utm_campaign=www_review_share_popup&#038;utm_medium=copy_link&#038;utm_source=(direct)\" target=\"_blank\" rel=\"noopener\">Yelp<\/a><\/li>\n<\/ul>\n<p><strong>N\u00e9gatif :<\/strong><\/p>\n<ul>\n<li> <em>\"J'ai eu une exp\u00e9rience absolument horrible avec cette soci\u00e9t\u00e9.\"<\/em> - R.R. via <a href=\"https:\/\/www.bbb.org\/indy\/business-reviews\/movers\/american-red-ball-transit-company-inc-in-indianapolis-in-753\/reviews-and-complaints?section=reviews&#038;reviewtype=negative\" target=\"_blank\" rel=\"noopener\">BBB.org<\/a><\/li>\n<\/ul>\n<div itemprop=\"review\" itemscope itemtype=\"http:\/\/schema.org\/Review\">\n<span itemprop=\"author\" itemscope=\"\" itemtype=\"http:\/\/schema.org\/Organization\"><span itemprop=\"name\">MoverDB.com<\/span><\/span> Examen en ligne du site Web pour <span itemprop=\"itemreviewed\" itemscope=\"\" itemtype=\"http:\/\/schema.org\/Brand\"><span itemprop=\"name\">American Red Ball Transit<\/span><\/span>:<\/p>\n<ol>\n<li> Coordonn\u00e9es claires sur le site web (y compris le num\u00e9ro de t\u00e9l\u00e9phone) : <strong>Oui<\/strong><\/li>\n<li> Facile \u00e0 obtenir <a href=\"https:\/\/moverdb.com\/fr\/citations\/\">devis de d\u00e9m\u00e9nagement international<\/a>? (Formulaire de demande de devis en ligne) : <strong>Oui<\/strong><\/li>\n<li> Informations claires sur le site web : <strong>Limit\u00e9e,<\/strong> Le site web ne vous dit pas grand-chose.<\/li>\n<li> Adh\u00e9sion \u00e0 des organisations internationales de d\u00e9m\u00e9nagement reconnues : <strong>Oui<\/strong><\/li>\n<li> Liste de clients et\/ou t\u00e9moignages de clients pr\u00e9c\u00e9dents : <strong>Non<\/strong>et les avis en ligne sont mitig\u00e9s.<\/li>\n<\/ol>\n<div itemprop=\"reviewRating\" itemscope itemtype=\"http:\/\/schema.org\/Rating\"><meta itemprop=\"worstRating\" content = \"0\" \/><meta itemprop=\"bestRating\" content=\"5\" \/><meta itemprop=\"ratingValue\" content=\"3\"><\/div>\n<p><strong>Note globale : 3\/5<\/strong><br \/>\n<strong>Date de r\u00e9vision :<\/strong> <span itemprop=\"datePublished\" content=\"2017-07-04\">04\/07\/2016<\/span>\n<\/div>\n<p>Plus d'informations sur <a href=\"https:\/\/moverdb.com\/fr\/entreprises-de-demenagement\/\">soci\u00e9t\u00e9s de d\u00e9m\u00e9nagement international<\/a>, <a href=\"https:\/\/moverdb.com\/fr\/demenageurs-us-canada\/\">D\u00e9m\u00e9nageurs nationaux am\u00e9ricains<\/a> et apprenez-en davantage sur notre <a href=\"https:\/\/moverdb.com\/fr\/revues\/\">processus de r\u00e9vision<\/a>.<\/p>\n<p><strong>Site web :<\/strong> <a href=\"http:\/\/www.redball.com\/\" target=\"_blank\" rel=\"noopener\">http:\/\/www.redball.com\/<\/a><\/p>","protected":false},"excerpt":{"rendered":"<p>American Red Ball Transit offers its customers many domestic services within the US, these are listed below, together with a company profile and reviews. Corporate Relocation Personalised relocation plan Assistance with personnel and office moves Full packing service Disassembly and reassembly of furniture IT moving Unpacking service Long and short term storage Domestic Moves Interactive [&hellip;]<\/p>\n","protected":false},"author":1,"featured_media":0,"parent":0,"menu_order":0,"comment_status":"closed","ping_status":"closed","template":"","meta":{"_genesis_hide_title":false,"_genesis_hide_breadcrumbs":false,"_genesis_hide_singular_image":false,"_genesis_hide_footer_widgets":false,"_genesis_custom_body_class":"","_genesis_custom_post_class":"","_genesis_layout":"","footnotes":""},"class_list":{"0":"post-926","1":"page","2":"type-page","3":"status-publish","5":"entry"},"_links":{"self":[{"href":"https:\/\/moverdb.com\/fr\/wp-json\/wp\/v2\/pages\/926","targetHints":{"allow":["GET"]}}],"collection":[{"href":"https:\/\/moverdb.com\/fr\/wp-json\/wp\/v2\/pages"}],"about":[{"href":"https:\/\/moverdb.com\/fr\/wp-json\/wp\/v2\/types\/page"}],"author":[{"embeddable":true,"href":"https:\/\/moverdb.com\/fr\/wp-json\/wp\/v2\/users\/1"}],"replies":[{"embeddable":true,"href":"https:\/\/moverdb.com\/fr\/wp-json\/wp\/v2\/comments?post=926"}],"version-history":[{"count":4,"href":"https:\/\/moverdb.com\/fr\/wp-json\/wp\/v2\/pages\/926\/revisions"}],"predecessor-version":[{"id":6171,"href":"https:\/\/moverdb.com\/fr\/wp-json\/wp\/v2\/pages\/926\/revisions\/6171"}],"wp:attachment":[{"href":"https:\/\/moverdb.com\/fr\/wp-json\/wp\/v2\/media?parent=926"}],"curies":[{"name":"wp","href":"https:\/\/api.w.org\/{rel}","templated":true}]}}