{"id":925,"date":"2016-09-27T05:35:52","date_gmt":"2016-09-27T05:35:52","guid":{"rendered":"http:\/\/moverdb.com\/?page_id=925"},"modified":"2026-01-08T14:40:05","modified_gmt":"2026-01-08T14:40:05","slug":"lopa-removals","status":"publish","type":"page","link":"https:\/\/moverdb.com\/fr\/lopa-removals\/","title":{"rendered":"Lopa D\u00e9m\u00e9nagements : Commentaires sur les d\u00e9m\u00e9nagements internationaux"},"content":{"rendered":"<p>Lopa Removals est bas\u00e9 \u00e0 Romford et offre \u00e0 ses clients une gamme de services qui sont list\u00e9s ci-dessous, ainsi qu'un profil de l'entreprise et des commentaires.<\/p>\n<p><strong>Mouvements europ\u00e9ens et internationaux<\/strong><\/p>\n<ul>\n<li> Un responsable du d\u00e9m\u00e9nagement d\u00e9di\u00e9<\/li>\n<li> D\u00e9m\u00e9nagements de maisons compl\u00e8tes en 2 \u00e0 5 jours<\/li>\n<li> Assurance souscrite<\/li>\n<li> Suivi des v\u00e9hicules par GPS<\/li>\n<li> Emballage complet, emballage fragile ou \u00e0 faire soi-m\u00eame<\/li>\n<li> Bo\u00eetes et mat\u00e9riel d'emballage gratuits<\/li>\n<li> Garantie sans dommage<\/li>\n<li> Mise en caisse<\/li>\n<li> Ascenseurs externes pour des articles tels que les pianos<\/li>\n<li> Charges partielles et charges compl\u00e8tes<\/li>\n<li> Service de d\u00e9ballage<\/li>\n<li> Stockage \u00e0 court et \u00e0 long terme<\/li>\n<\/ul>\n<p><strong>Stockage<\/strong><\/p>\n<ul>\n<li> Court et long terme<\/li>\n<li> S\u00e9curis\u00e9 et cl\u00f4tur\u00e9<\/li>\n<li> Assur\u00e9<\/li>\n<li> Empilage professionnel<\/li>\n<li> Les biens sont correctement prot\u00e9g\u00e9s contre les dommages et la salet\u00e9.<\/li>\n<\/ul>\n<p><strong>D\u00e9placements de sp\u00e9cialistes<\/strong><\/p>\n<ul>\n<li> Galeries d'art<\/li>\n<li> Expositions<\/li>\n<\/ul>\n<h2>Profil de l'entreprise Lopa Removals<\/h2>\n<p>Lopa Removals est sp\u00e9cialis\u00e9e dans les d\u00e9m\u00e9nagements internationaux et notamment ceux en Europe. L'entreprise est bas\u00e9e \u00e0 Romford. Il s'agit d'une jeune entreprise dont le principal objectif est d'am\u00e9liorer les d\u00e9m\u00e9nagements existants entre les pays europ\u00e9ens. <\/p>\n<p>Elle poss\u00e8de une longue liste d'\u00e9minents clients satisfaits. Lopa Removals offre un service client de haut niveau avant, pendant et apr\u00e8s le d\u00e9m\u00e9nagement. En raison des r\u00e9actions positives de ses clients, elle se concentre actuellement sur les d\u00e9m\u00e9nagements entre <a href=\"https:\/\/moverdb.com\/fr\/moving-to-london\/\">Londres<\/a>, <a href=\"https:\/\/moverdb.com\/fr\/moving-to-france\/moving-to-paris\/\" data-internallinksmanager029f6b8e52c=\"407\" title=\"D\u00e9m\u00e9nager \u00e0 Paris ? 2026 Co\u00fbts de la vie et conseils de relocalisation\">Paris<\/a> et Bruxelles et de faire de ces mouvements les meilleurs du march\u00e9.<\/p>\n<p>Lopa Removals poss\u00e8de les accr\u00e9ditations et affiliations suivantes :<\/p>\n<ul>\n<li> Norme de qualit\u00e9 ISO 9001<\/li>\n<li> <a href=\"https:\/\/moverdb.com\/fr\/british-association-of-removers\/\">Association britannique des d\u00e9m\u00e9nageurs<\/a> (<a href=\"https:\/\/moverdb.com\/fr\/british-association-of-removers\/\" data-internallinksmanager029f6b8e52c=\"9\" title=\"Explication de la British Association of Removers (BAR)\">BAR<\/a>)<\/li>\n<\/ul>\n<h2>Commentaires sur Lopa Removals<\/h2>\n<p><strong>Positif :<\/strong><\/p>\n<ul>\n<li> \"Les d\u00e9m\u00e9nagements Lopa ont fourni un tr\u00e8s bon service et ont fait en sorte que notre d\u00e9m\u00e9nagement de Londres \u00e0 Paris se fasse en douceur et sans stress.\" - S. Gerber via <a href=\"https:\/\/uk.trustpilot.com\/reviews\/57b199dc0000ff00097bf54d\" target=\"_blank\" rel=\"noopener\">Trustpilot<\/a><\/li>\n<\/ul>\n<p><strong>N\u00e9gatif :<\/strong><\/p>\n<ul>\n<li> \"<em>Je d\u00e9m\u00e9nageais de <a href=\"https:\/\/moverdb.com\/fr\/moving-to-belgium\/\" data-internallinksmanager029f6b8e52c=\"323\" title=\"D\u00e9m\u00e9nager en Belgique ? 2026 Co\u00fbts de la vie et conseils de relocalisation\">Belgique<\/a> et j'ai \u00e9t\u00e9 ravi de trouver ces types, \u00e0 des prix raisonnables, avec de tr\u00e8s bonnes critiques sur ce site et annonc\u00e9s comme \u00e9tant familiaux et tr\u00e8s compr\u00e9hensifs. J'aurais d\u00fb m'en douter.\"<\/em> Andrei via <a href=\"https:\/\/uk.trustpilot.com\/reviews\/53ce415d0000640002999120\" target=\"_blank\" rel=\"noopener\">Trustpilot<\/a> <\/li>\n<\/ul>\n<div itemprop=\"review\" itemscope itemtype=\"http:\/\/schema.org\/Review\">\n<span itemprop=\"author\" itemscope=\"\" itemtype=\"http:\/\/schema.org\/Organization\"><span itemprop=\"name\">MoverDB.com<\/span><\/span> Examen en ligne du site Web pour <span itemprop=\"itemreviewed\" itemscope=\"\" itemtype=\"http:\/\/schema.org\/Brand\"><span itemprop=\"name\">Lopa D\u00e9m\u00e9nagements<\/span><\/span>:<\/p>\n<ol>\n<li> Coordonn\u00e9es claires sur le site web (y compris le num\u00e9ro de t\u00e9l\u00e9phone) : <strong>Oui<\/strong><\/li>\n<li> Facile \u00e0 obtenir <a href=\"https:\/\/moverdb.com\/fr\/citations\/\">devis de d\u00e9m\u00e9nagements<\/a>? (Formulaire de demande de devis en ligne) : <strong>Oui<\/strong><\/li>\n<li> Informations claires sur le site web : <strong>Certains,<\/strong> mais dans l'ensemble, le site contient relativement peu d'informations<\/li>\n<li> Adh\u00e9sion \u00e0 des organisations internationales de d\u00e9m\u00e9nagement reconnues : <strong>Oui<\/strong><\/li>\n<li> Liste de clients et\/ou t\u00e9moignages de clients pr\u00e9c\u00e9dents : <strong>Partiel,<\/strong> Bien qu'ils ne soient pas h\u00e9berg\u00e9s sur le site, ils ont une note positive sur Trustpilot.<\/li>\n<\/ol>\n<div itemprop=\"reviewRating\" itemscope itemtype=\"http:\/\/schema.org\/Rating\"><meta itemprop=\"worstRating\" content = \"0\" \/><meta itemprop=\"bestRating\" content=\"5\" \/><meta itemprop=\"ratingValue\" content=\"4\"><\/div>\n<p><strong>Note globale : 4\/5<\/strong><br \/>\n<strong>Date de r\u00e9vision :<\/strong> <span itemprop=\"datePublished\" content=\"2016-09-27\">27\/08\/16<\/span>\n<\/div>\n<p>Plus d'informations sur <a href=\"https:\/\/moverdb.com\/fr\/demenagements-internationaux\/\">d\u00e9m\u00e9nagements internationaux<\/a> et notre <a href=\"https:\/\/moverdb.com\/fr\/revues\/\">processus de r\u00e9vision<\/a>.<\/p>\n<p><strong>Site web :<\/strong> <a href=\"http:\/\/new.loparemovals.com\/\" target=\"_blank\" rel=\"noopener\">http:\/\/new.loparemovals.com\/<\/a><\/p>","protected":false},"excerpt":{"rendered":"<p>Lopa Removals is based in Romford and offers its customers a range of services which are listed below, together with a company profile and reviews. European and International Moves Dedicated move manager Full house moves complete in 2-5 days Insurance arranged GPS vehicle tracking Full packing, fragile packing or do it yourself Free boxes and [&hellip;]<\/p>\n","protected":false},"author":1,"featured_media":0,"parent":0,"menu_order":0,"comment_status":"closed","ping_status":"closed","template":"","meta":{"_genesis_hide_title":false,"_genesis_hide_breadcrumbs":false,"_genesis_hide_singular_image":false,"_genesis_hide_footer_widgets":false,"_genesis_custom_body_class":"","_genesis_custom_post_class":"","_genesis_layout":"","footnotes":""},"class_list":{"0":"post-925","1":"page","2":"type-page","3":"status-publish","5":"entry"},"_links":{"self":[{"href":"https:\/\/moverdb.com\/fr\/wp-json\/wp\/v2\/pages\/925","targetHints":{"allow":["GET"]}}],"collection":[{"href":"https:\/\/moverdb.com\/fr\/wp-json\/wp\/v2\/pages"}],"about":[{"href":"https:\/\/moverdb.com\/fr\/wp-json\/wp\/v2\/types\/page"}],"author":[{"embeddable":true,"href":"https:\/\/moverdb.com\/fr\/wp-json\/wp\/v2\/users\/1"}],"replies":[{"embeddable":true,"href":"https:\/\/moverdb.com\/fr\/wp-json\/wp\/v2\/comments?post=925"}],"version-history":[{"count":7,"href":"https:\/\/moverdb.com\/fr\/wp-json\/wp\/v2\/pages\/925\/revisions"}],"predecessor-version":[{"id":13171,"href":"https:\/\/moverdb.com\/fr\/wp-json\/wp\/v2\/pages\/925\/revisions\/13171"}],"wp:attachment":[{"href":"https:\/\/moverdb.com\/fr\/wp-json\/wp\/v2\/media?parent=925"}],"curies":[{"name":"wp","href":"https:\/\/api.w.org\/{rel}","templated":true}]}}