{"id":924,"date":"2016-09-03T21:30:31","date_gmt":"2016-09-03T21:30:31","guid":{"rendered":"http:\/\/moverdb.com\/?page_id=924"},"modified":"2026-01-08T14:48:13","modified_gmt":"2026-01-08T14:48:13","slug":"eagle-relocations","status":"publish","type":"page","link":"https:\/\/moverdb.com\/fr\/eagle-relocations\/","title":{"rendered":"Eagle Relocations : Commentaires sur les d\u00e9m\u00e9nagements et d\u00e9m\u00e9nagements internationaux"},"content":{"rendered":"<p>Eagle Relocations est un <a href=\"https:\/\/moverdb.com\/fr\/international-removals\/\" data-internallinksmanager029f6b8e52c=\"27\" title=\"36 meilleures entreprises de d\u00e9m\u00e9nagements internationaux au Royaume-Uni\">soci\u00e9t\u00e9 de d\u00e9m\u00e9nagements<\/a> bas\u00e9 \u00e0 Watford, <a href=\"https:\/\/moverdb.com\/fr\/moving-to-the-uk\/\" data-internallinksmanager029f6b8e52c=\"93\" title=\"Vous partez au Royaume-Uni ? 2026 Co\u00fbt de la vie et conseils de relocalisation\">ROYAUME-UNI<\/a>. Elle offre \u00e0 ses clients une gamme de services de d\u00e9m\u00e9nagement qui sont \u00e9num\u00e9r\u00e9s ci-dessous, ainsi qu'un profil de l'entreprise et des commentaires.<\/p>\n<p><strong>D\u00e9m\u00e9nagements internationaux<\/strong><\/p>\n<ul>\n<li> Service de porte \u00e0 porte<\/li>\n<li> Service de porte \u00e0 porte<\/li>\n<li> Porte de <a href=\"https:\/\/moverdb.com\/fr\/top-49-container-ports\/\" data-internallinksmanager029f6b8e52c=\"80\" title=\"Les 49 ports \u00e0 conteneurs les plus importants et les plus fr\u00e9quent\u00e9s en 2025\">port<\/a> service<\/li>\n<li> Service complet d'emballage<\/li>\n<li> Service pour colis fragiles ou partiels<\/li>\n<li> Service emball\u00e9 par le propri\u00e9taire<\/li>\n<li> D\u00e9montage et remontage de meubles<\/li>\n<li> Mat\u00e9riaux d'emballage fournis<\/li>\n<li> Transit routier, a\u00e9rien et maritime<\/li>\n<li> D\u00e9douanement<\/li>\n<li> Enl\u00e8vement des d\u00e9bris<\/li>\n<li> Service de conciergerie<\/li>\n<li> Service de nettoyage<\/li>\n<\/ul>\n<p><strong>D\u00e9m\u00e9nagements d'entreprises<\/strong><\/p>\n<ul>\n<li> Gestionnaire de d\u00e9m\u00e9nagements personnels d'entreprises<\/li>\n<li> Enqu\u00eate sur les locaux existants et nouveaux<\/li>\n<li> D\u00e9montage et remontage de meubles<\/li>\n<li> Des sp\u00e9cialistes de l'informatique pour le d\u00e9m\u00e9nagement des ordinateurs<\/li>\n<li> Caisses de d\u00e9m\u00e9nagement con\u00e7ues pour les bureaux<\/li>\n<li> Caisses \u00e9tiquet\u00e9es<\/li>\n<li> Le responsable du d\u00e9m\u00e9nagement est continuellement sur place pendant le d\u00e9m\u00e9nagement<\/li>\n<li> Assurance souscrite<\/li>\n<\/ul>\n<p><strong>D\u00e9m\u00e9nagements au Royaume-Uni<\/strong><\/p>\n<ul>\n<li> Assurer la liaison avec l'administrateur du d\u00e9m\u00e9nagement<\/li>\n<li> Enqu\u00eate pr\u00e9alable au d\u00e9m\u00e9nagement<\/li>\n<li> Un coordinateur d\u00e9di\u00e9 au d\u00e9m\u00e9nagement<\/li>\n<li> Porte \u00e0 porte<\/li>\n<li> Emballage complet, partiel ou \u00e0 faire soi-m\u00eame<\/li>\n<li> D\u00e9montage et remontage de meubles<\/li>\n<li> Assurance souscrite<\/li>\n<li> Enl\u00e8vement des d\u00e9bris<\/li>\n<\/ul>\n<h2>Profil de l'entreprise Eagle Relocations<\/h2>\n<p>Eagle Relocations a \u00e9t\u00e9 cr\u00e9\u00e9e en tant qu'entreprise familiale en 1967 et \u00e9tait alors connue sous le nom d'Eagle Shipping. Elle est devenue une soci\u00e9t\u00e9 \u00e0 responsabilit\u00e9 limit\u00e9e en 2002 et a chang\u00e9 son nom en Eagle Relocations. Elle offre \u00e0 ses clients un service complet de d\u00e9m\u00e9nagement au niveau local, national et international.<\/p>\n<p>Eagle Relocations a d\u00e9m\u00e9nag\u00e9 plus de 3 500 personnes en 2015. Ils offrent une vari\u00e9t\u00e9 de forfaits pour r\u00e9pondre aux besoins et aux poches des gens. Ils croient en un service client et un engagement forts.<\/p>\n<p>Eagle Relocations poss\u00e8de les accr\u00e9ditations et affiliations suivantes :<\/p>\n<ul>\n<li> <a href=\"https:\/\/moverdb.com\/fr\/british-association-of-removers\/\">Association britannique des d\u00e9m\u00e9nageurs<\/a> (<a href=\"https:\/\/moverdb.com\/fr\/british-association-of-removers\/\" data-internallinksmanager029f6b8e52c=\"9\" title=\"Explication de la British Association of Removers (BAR)\">BAR<\/a>)<\/li>\n<li> <a href=\"https:\/\/moverdb.com\/fr\/fedemac\/\">F\u00e9d\u00e9ration des associations europ\u00e9ennes de d\u00e9m\u00e9nageurs<\/a> (<a href=\"https:\/\/moverdb.com\/fr\/fedemac\/\" data-internallinksmanager029f6b8e52c=\"15\" title=\"Explication de la F\u00e9d\u00e9ration des associations europ\u00e9ennes de d\u00e9m\u00e9nageurs (FEDEMAC)\">FEDEMAC<\/a>)<\/li>\n<li> <a href=\"https:\/\/moverdb.com\/fr\/je-suis\/\">Association internationale des d\u00e9m\u00e9nageurs<\/a> (<a href=\"https:\/\/moverdb.com\/fr\/iam\/\" data-internallinksmanager029f6b8e52c=\"23\" title=\"L&#039;Association internationale des d\u00e9m\u00e9nageurs (IAM) expliqu\u00e9e\">IAM<\/a>)<\/li>\n<li> <a href=\"https:\/\/moverdb.com\/fr\/hgfaa\/\">Association am\u00e9ricaine des transitaires d'articles m\u00e9nagers<\/a><\/li>\n<li> Association britannique du fret international (BIFA)<\/li>\n<li> <a href=\"https:\/\/moverdb.com\/fr\/bar-overseas\/\">Association britannique des d\u00e9m\u00e9nageurs (BAR) Outre-mer<\/a><\/li>\n<\/ul>\n<h2>Commentaires sur Eagle Relocations<\/h2>\n<p><strong>Positif :<\/strong><\/p>\n<ul>\n<li> <em>Les gar\u00e7ons ont \u00e9t\u00e9 formidables... Super serviables, efficaces, professionnels et tous avec un grand sourire sur le visage...<\/em> - Ross via <a href=\"http:\/\/www.eaglerelocations.com\/testimonials\/\" target=\"_blank\" rel=\"noopener\">page de t\u00e9moignages de clients<\/a><\/li>\n<li> <em>\"Ils \u00e9taient dignes de confiance, professionnels, joviaux, travailleurs et prudents et ont rendu facile une p\u00e9riode extr\u00eamement stressante. Ils offrent un excellent rapport qualit\u00e9-prix et je suis heureuse de ne pas avoir choisi une soci\u00e9t\u00e9 qui m'a propos\u00e9 un co\u00fbt de d\u00e9m\u00e9nagement 'trop beau pour \u00eatre vrai' par e-mail, sans m\u00eame avoir visit\u00e9 notre maison. Ils sont leaders sur le march\u00e9, \u00e0 mon avis, et je serai \u00e0 jamais reconnaissant \u00e0 Eagle Relocations.\"<\/em> - Karen via <a href=\"https:\/\/www.trustpilot.com\/reviews\/56fe57450000ff00094ba791\" target=\"_blank\" rel=\"noopener\">TrustPilot<\/a> <\/li>\n<li> <em>\"Je viens d'Eagle Relocations \u00e0 3 occasions diff\u00e9rentes. J'ai d\u00e9m\u00e9nag\u00e9 de Hendon \u00e0 Borhamwood, de Borhamwood \u00e0 Storage et ensuite \u00e0 Bali. A chaque fois, je les ai trouv\u00e9s extr\u00eamement professionnels.\"<\/em> - Pankesh P via <a href=\"https:\/\/www.yell.com\/reviews\/user\/PankeshP\" target=\"_blank\" rel=\"noopener\">Yell<\/a><\/li>\n<\/ul>\n<p><strong>N\u00e9gatif :<\/strong><\/p>\n<ul>\n<li> <em>\"N'utilisez pas cette compagnie, ils ont perdu tous mes biens mat\u00e9riels.\"<\/em> - Adrienne via <a href=\"https:\/\/www.trustpilot.com\/reviews\/587ecbbc0dc2f609f06be069\" target=\"_blank\" rel=\"noopener\">Trustpilot<\/a><\/li>\n<\/ul>\n<div itemprop=\"review\" itemscope itemtype=\"http:\/\/schema.org\/Review\">\n<span itemprop=\"author\" itemscope=\"\" itemtype=\"http:\/\/schema.org\/Organization\"><span itemprop=\"name\">MoverDB.com<\/span><\/span> Examen en ligne du site Web pour <span itemprop=\"itemreviewed\" itemscope=\"\" itemtype=\"http:\/\/schema.org\/Brand\"><span itemprop=\"name\">D\u00e9m\u00e9nagements d'Eagle<\/span><\/span>:<\/p>\n<ol>\n<li> Coordonn\u00e9es claires sur le site web (y compris le num\u00e9ro de t\u00e9l\u00e9phone) : <strong>Oui<\/strong><\/li>\n<li> Facile \u00e0 obtenir <a href=\"https:\/\/moverdb.com\/fr\/citations\/\">devis de d\u00e9m\u00e9nagements internationaux<\/a>? (Formulaire de demande de devis en ligne) : <strong>Oui<\/strong><\/li>\n<li> Informations claires sur le site web : <strong>Oui,<\/strong> comprend des guides par pays et un blog contenant des informations utiles sur le d\u00e9m\u00e9nagement \u00e0 l'\u00e9tranger.<\/li>\n<li> Adh\u00e9sion \u00e0 des organisations internationales de d\u00e9m\u00e9nagement reconnues : <strong>Oui<\/strong>voir ci-dessus.<\/li>\n<li> Liste de clients et\/ou t\u00e9moignages de clients pr\u00e9c\u00e9dents : <strong>Certains,<\/strong> Il y a des questionnaires clients sur le site Web, mais beaucoup d'entre eux sont assez similaires, et il y a peu d'avis ailleurs en ligne. Toutefois, les avis disponibles sont pour la plupart positifs.<\/li>\n<\/ol>\n<div itemprop=\"reviewRating\" itemscope itemtype=\"http:\/\/schema.org\/Rating\"><meta itemprop=\"worstRating\" content = \"0\" \/><meta itemprop=\"bestRating\" content=\"5\" \/><meta itemprop=\"ratingValue\" content=\"4.5\"><\/div>\n<p><strong>Note globale : 4,5\/5<\/strong><br \/>\n<strong>Date de r\u00e9vision :<\/strong> <span itemprop=\"datePublished\" content=\"2016-09-03\">03\/09\/2016<\/span>\n<\/div>\n<p>En savoir plus sur le sujet <a href=\"https:\/\/moverdb.com\/fr\/demenagements-internationaux\/\">d\u00e9m\u00e9nagements internationaux<\/a> et notre <a href=\"https:\/\/moverdb.com\/fr\/revues\/\">processus de r\u00e9vision<\/a>.<\/p>\n<p><strong>Site web :<\/strong> <a href=\"http:\/\/www.eaglerelocations.com\" target=\"_blank\" rel=\"noopener\">http:\/\/www.eaglerelocations.com<\/a><\/p>","protected":false},"excerpt":{"rendered":"<p>Eagle Relocations is a removals company based in Watford, UK. It offers its clients a range of removals services which are listed below, together with a company profile and reviews. International Removals Door to door service Door to kerbside service Door to port service Full packing service Fragile or part pack service Owner packed service [&hellip;]<\/p>\n","protected":false},"author":1,"featured_media":0,"parent":0,"menu_order":0,"comment_status":"closed","ping_status":"closed","template":"","meta":{"_genesis_hide_title":false,"_genesis_hide_breadcrumbs":false,"_genesis_hide_singular_image":false,"_genesis_hide_footer_widgets":false,"_genesis_custom_body_class":"","_genesis_custom_post_class":"","_genesis_layout":"","footnotes":""},"class_list":{"0":"post-924","1":"page","2":"type-page","3":"status-publish","5":"entry"},"_links":{"self":[{"href":"https:\/\/moverdb.com\/fr\/wp-json\/wp\/v2\/pages\/924","targetHints":{"allow":["GET"]}}],"collection":[{"href":"https:\/\/moverdb.com\/fr\/wp-json\/wp\/v2\/pages"}],"about":[{"href":"https:\/\/moverdb.com\/fr\/wp-json\/wp\/v2\/types\/page"}],"author":[{"embeddable":true,"href":"https:\/\/moverdb.com\/fr\/wp-json\/wp\/v2\/users\/1"}],"replies":[{"embeddable":true,"href":"https:\/\/moverdb.com\/fr\/wp-json\/wp\/v2\/comments?post=924"}],"version-history":[{"count":6,"href":"https:\/\/moverdb.com\/fr\/wp-json\/wp\/v2\/pages\/924\/revisions"}],"predecessor-version":[{"id":6202,"href":"https:\/\/moverdb.com\/fr\/wp-json\/wp\/v2\/pages\/924\/revisions\/6202"}],"wp:attachment":[{"href":"https:\/\/moverdb.com\/fr\/wp-json\/wp\/v2\/media?parent=924"}],"curies":[{"name":"wp","href":"https:\/\/api.w.org\/{rel}","templated":true}]}}