{"id":923,"date":"2016-08-25T14:59:50","date_gmt":"2016-08-25T14:59:50","guid":{"rendered":"http:\/\/moverdb.com\/?page_id=923"},"modified":"2026-01-08T14:40:15","modified_gmt":"2026-01-08T14:40:15","slug":"movecorp","status":"publish","type":"page","link":"https:\/\/moverdb.com\/fr\/movecorp\/","title":{"rendered":"Movecorp : Commentaires sur les d\u00e9m\u00e9nagements et d\u00e9m\u00e9nagements internationaux"},"content":{"rendered":"<p>Movecorp est bas\u00e9 dans les West Midlands et offre \u00e0 ses clients divers <a href=\"https:\/\/moverdb.com\/fr\/international-removals\/\" data-internallinksmanager029f6b8e52c=\"27\" title=\"36 meilleures entreprises de d\u00e9m\u00e9nagements internationaux au Royaume-Uni\">d\u00e9m\u00e9nagements internationaux<\/a> qui sont \u00e9num\u00e9r\u00e9s ci-dessous, ainsi qu'un profil de l'entreprise et des commentaires.<\/p>\n<p><strong>D\u00e9m\u00e9nagements internationaux<\/strong><\/p>\n<ul>\n<li> Un coordinateur d\u00e9di\u00e9 au d\u00e9m\u00e9nagement<\/li>\n<li> Porte \u00e0 porte<\/li>\n<li> Emballage - service complet, articles fragiles ou \u00e0 faire soi-m\u00eame<\/li>\n<li> Mat\u00e9riaux d'emballage fournis<\/li>\n<li> Assistance pour les formalit\u00e9s administratives<\/li>\n<li> Exp\u00e9dition en charge partielle - conteneur partag\u00e9<\/li>\n<li> D\u00e9di\u00e9 <a href=\"https:\/\/moverdb.com\/fr\/expedition-par-conteneur\/\">transport international par conteneurs<\/a><\/li>\n<li> Stockage gratuit jusqu'\u00e0 un mois<\/li>\n<li> D\u00e9ballage<\/li>\n<li> Assurance souscrite<\/li>\n<li> Service de relocalisation du personnel<\/li>\n<\/ul>\n<p><strong>D\u00e9m\u00e9nagements europ\u00e9ens<\/strong><\/p>\n<ul>\n<li> Service de porte \u00e0 porte<\/li>\n<li> Un coordinateur d\u00e9di\u00e9 au d\u00e9m\u00e9nagement<\/li>\n<li> Service complet d'emballage disponible<\/li>\n<li> Mat\u00e9riaux d'emballage fournis<\/li>\n<li> Assistance pour les formalit\u00e9s administratives<\/li>\n<li> Exp\u00e9dition en charge partielle (LCL)<\/li>\n<li> Conteneur d'exp\u00e9dition d\u00e9di\u00e9<\/li>\n<li> Stockage gratuit jusqu'\u00e0 un mois<\/li>\n<li> Service complet de d\u00e9ballage disponible<\/li>\n<li> Assurance souscrite<\/li>\n<\/ul>\n<p><strong>D\u00e9m\u00e9nagements de maisons<\/strong><\/p>\n<ul>\n<li> Service de porte \u00e0 porte<\/li>\n<li> Service complet d'emballage et de conditionnement <\/li>\n<li> Stockage - premier mois gratuit<\/li>\n<li> Assurance souscrite<\/li>\n<li> Chargement partiel (LCL)<\/li>\n<li> Pleine charge (FCL)<\/li>\n<li> Service de d\u00e9ballage \u00e0 la livraison<\/li>\n<\/ul>\n<h2>Profil de la soci\u00e9t\u00e9 Movecorp<\/h2>\n<p>Movecorp est un <a href=\"https:\/\/moverdb.com\/fr\/moving-to-the-uk\/\" data-internallinksmanager029f6b8e52c=\"93\" title=\"Vous partez au Royaume-Uni ? 2026 Co\u00fbt de la vie et conseils de relocalisation\">ROYAUME-UNI<\/a> qui est sp\u00e9cialis\u00e9e dans les d\u00e9m\u00e9nagements internationaux et europ\u00e9ens. Son si\u00e8ge social se trouve dans les West Midlands, ce qui la place en bonne position pour desservir l'ensemble du Royaume-Uni. <\/p>\n<p>Movecorp d\u00e9m\u00e9nage des personnes au Royaume-Uni tous les jours de la semaine et effectue des livraisons hebdomadaires vers toutes les principales destinations europ\u00e9ennes.<\/p>\n<p>Movecorp offre un service personnalis\u00e9 \u00e0 tous ses clients et les tient inform\u00e9s de chaque \u00e9tape. Ils sont fiers de leur approche amicale et efficace de chaque d\u00e9m\u00e9nagement qu'ils effectuent.<\/p>\n<p>Movecorp poss\u00e8de les affiliations et accr\u00e9ditations suivantes :<\/p>\n<ul>\n<li> <a href=\"https:\/\/moverdb.com\/fr\/je-suis\/\">Association internationale des d\u00e9m\u00e9nageurs<\/a> (<a href=\"https:\/\/moverdb.com\/fr\/iam\/\" data-internallinksmanager029f6b8e52c=\"23\" title=\"L&#039;Association internationale des d\u00e9m\u00e9nageurs (IAM) expliqu\u00e9e\">IAM<\/a>)<\/li>\n<li> <a href=\"https:\/\/moverdb.com\/fr\/rios\/\">Le m\u00e9diateur de l'industrie du d\u00e9m\u00e9nagement<\/a><\/li>\n<li> <a href=\"https:\/\/moverdb.com\/fr\/fedemac\/\">F\u00e9d\u00e9ration des associations europ\u00e9ennes de d\u00e9m\u00e9nageurs<\/a> (<a href=\"https:\/\/moverdb.com\/fr\/fedemac\/\" data-internallinksmanager029f6b8e52c=\"15\" title=\"Explication de la F\u00e9d\u00e9ration des associations europ\u00e9ennes de d\u00e9m\u00e9nageurs (FEDEMAC)\">FEDEMAC<\/a>)<\/li>\n<li> <a href=\"https:\/\/moverdb.com\/fr\/association-de-transport-de-marchandises\/\">Association du transport de marchandises<\/a> (<a href=\"https:\/\/moverdb.com\/fr\/freight-transport-association\/\" data-internallinksmanager029f6b8e52c=\"18\" title=\"L&#039;Association du transport de marchandises (FTA) expliqu\u00e9e\">FTA<\/a>)<\/li>\n<li> <a href=\"https:\/\/moverdb.com\/fr\/mtc\/\">Movers Trading Club<\/a> (<a href=\"https:\/\/moverdb.com\/fr\/mtc\/\" data-internallinksmanager029f6b8e52c=\"30\" title=\"Le Movers Trading Club (MTC) expliqu\u00e9\">MTC<\/a>)<\/li>\n<li> <a href=\"https:\/\/moverdb.com\/fr\/eurovan-movers\/\">Eurovan<\/a><\/li>\n<li> <a href=\"https:\/\/moverdb.com\/fr\/ngrs\/\">National Guild of Removers and Storers (Guilde nationale des d\u00e9m\u00e9nageurs et des stockeurs)<\/a> (<a href=\"https:\/\/moverdb.com\/fr\/ngrs\/\" data-internallinksmanager029f6b8e52c=\"74\" title=\"Explication de la National Guild of Removers and Storers (NGRS)\">NGRS<\/a>)<\/li>\n<li> Quel ? Trusted Trader<\/li>\n<li> Normes de service de qualit\u00e9 - BS 8564<\/li>\n<li> CHAS<\/li>\n<\/ul>\n<h2>Critiques de MoveCorp<\/h2>\n<p><strong>Positif :<\/strong><\/p>\n<ul>\n<li> <em>\"Je recommande vivement Movecorp. Le service re\u00e7u \u00e9tait exceptionnel et amical.\"<\/em> - Ella Dennett via Movecorp <a href=\"http:\/\/www.movecorp.co.uk\/reviews\/\" target=\"_blank\" rel=\"noopener\">page des commentaires et des rapports des clients<\/a>.<\/li>\n<li> <em>\"Tr\u00e8s efficace, tout \u00e9tait parfaitement emball\u00e9 et est arriv\u00e9 en bon \u00e9tat\".<\/em> - Stan via <a href=\"https:\/\/www.trustpilot.com\/reviews\/579606ae0000ff00097414e9\" target=\"_blank\" rel=\"noopener\">TrustPilot<\/a> <\/li>\n<li> <em>\"Notre exp\u00e9rience a \u00e9t\u00e9 formidable. Notre coordinatrice de d\u00e9m\u00e9nagement, Emma, a \u00e9t\u00e9 tr\u00e8s utile et a trait\u00e9 nos demandes de renseignements en temps voulu. Un grand merci pour son aide !\"<\/em> Andrea via <a href=\"http:\/\/www.removalreviews.co.uk\/movingreviews\/great-service-11241\" target=\"_blank\" rel=\"noopener\">Revues de d\u00e9m\u00e9nagement<\/a><\/li>\n<li> <em>\"Le site web de Movecorp est facile \u00e0 naviguer et j'ai trouv\u00e9 des informations utiles pour m'aider \u00e0 organiser mon d\u00e9m\u00e9nagement.\"<\/em> - LisaM1983 via <a href=\"http:\/\/www.reviewcentre.com\/Removal-Companies\/MoveCorp-International-Removals-www-movecorp-co-uk-review_2305958\" target=\"_blank\" rel=\"noopener\">Centre de r\u00e9vision<\/a><\/li>\n<li> <em>\"L'\u00e9quipe de Movecorp a \u00e9t\u00e9 fantastique du d\u00e9but \u00e0 la fin.\"<\/em> - via <a href=\"http:\/\/www.referenceline.com\/removers_removals-in-walsall-movecorpcouk-21956#GOTO178308\" target=\"_blank\" rel=\"noopener\">Ligne de r\u00e9f\u00e9rence<\/a><\/li>\n<\/ul>\n<p><strong>N\u00e9gatif :<\/strong><\/p>\n<ul>\n<li> <em>\"Ils ont le contenu de mon d\u00e9m\u00e9nagement depuis plus de trois mois et il n'a quitt\u00e9 le Royaume-Uni que la semaine derni\u00e8re\".<\/em> - Chuck via <a href=\"https:\/\/www.trustpilot.com\/reviews\/55f4a26f0000ff000907c3df\" target=\"_blank\" rel=\"noopener\">TrustPilot<\/a><\/li>\n<li> <em>\"Bien que j'aie vu de bonnes critiques en ligne, mon exp\u00e9rience a malheureusement \u00e9t\u00e9 assez mauvaise.\"<\/em> - Steven Johnson via <a href=\"http:\/\/www.removalreviews.co.uk\/movingreviews\/use-at-own-risk-11126\" target=\"_blank\" rel=\"noopener\">Revues de d\u00e9m\u00e9nagement<\/a> <\/li>\n<li> <em>\"La pire exp\u00e9rience de d\u00e9m\u00e9nagement - je me suis sentie arnaqu\u00e9e et tromp\u00e9e\".<\/em> - MayVisR42 via <a href=\"http:\/\/www.reviewcentre.com\/Removal-Companies\/MoveCorp-International-Removals-www-movecorp-co-uk-review_3464277\" target=\"_blank\" rel=\"noopener\">Centre de r\u00e9vision<\/a> <\/li>\n<\/ul>\n<div itemprop=\"review\" itemscope itemtype=\"http:\/\/schema.org\/Review\">\n<span itemprop=\"author\" itemscope=\"\" itemtype=\"http:\/\/schema.org\/Organization\"><span itemprop=\"name\">MoverDB.com<\/span><\/span> Examen en ligne du site Web pour <span itemprop=\"itemreviewed\" itemscope=\"\" itemtype=\"http:\/\/schema.org\/Brand\"><span itemprop=\"name\">MoveCorp<\/span><\/span>:<\/p>\n<ol>\n<li> Des coordonn\u00e9es claires sur le site web (y compris le num\u00e9ro de t\u00e9l\u00e9phone) ? <strong>Oui<\/strong><\/li>\n<li> Facile \u00e0 obtenir <a href=\"https:\/\/moverdb.com\/fr\/citations\/\">devis de d\u00e9m\u00e9nagements internationaux<\/a>? (Formulaire de demande de devis en ligne) : <strong>Oui<\/strong><\/li>\n<li> Informations claires sur le site web : <strong>Non,<\/strong> Le site web contient tr\u00e8s peu d'informations au-del\u00e0 de la fa\u00e7on d'obtenir un devis et des destinations desservies.<\/li>\n<li> Adh\u00e9sion \u00e0 des organisations internationales de d\u00e9m\u00e9nagement reconnues : <strong>Oui,<\/strong> beaucoup - voir ci-dessus<\/li>\n<li> Liste de clients et\/ou t\u00e9moignages de clients pr\u00e9c\u00e9dents : <strong>Oui,<\/strong> il existe de nombreux t\u00e9moignages positifs de clients sur le site.<\/li>\n<\/ol>\n<div itemprop=\"reviewRating\" itemscope itemtype=\"http:\/\/schema.org\/Rating\"><meta itemprop=\"worstRating\" content = \"0\" \/><meta itemprop=\"bestRating\" content=\"5\" \/><meta itemprop=\"ratingValue\" content=\"4.5\"><\/div>\n<p><strong>Note globale : 4,5\/5<\/strong><br \/>\n<strong>Date de r\u00e9vision :<\/strong> <span itemprop=\"datePublished\" content=\"2016-08-25\">25\/08\/2016<\/span>\n<\/div>\n<p>Pour en savoir plus sur <a href=\"https:\/\/moverdb.com\/fr\/demenagements-internationaux\/\">d\u00e9m\u00e9nagements internationaux<\/a> et notre <a href=\"https:\/\/moverdb.com\/fr\/revues\/\">processus de r\u00e9vision<\/a>.<\/p>\n<p><strong>Site web :<\/strong> <a href=\"http:\/\/www.movecorp.co.uk\" target=\"_blank\" rel=\"noopener\">http:\/\/www.movecorp.co.uk<\/a><\/p>","protected":false},"excerpt":{"rendered":"<p>Movecorp is based in the West Midlands and offers its customers various international removals services which are listed below, together with a company profile and reviews. International Removals Dedicated move coordinator Door to door Packing &#8211; full service, fragile items or do it yourself Packing materials supplied Assistance with paperwork Part load shipping &#8211; shared [&hellip;]<\/p>\n","protected":false},"author":1,"featured_media":0,"parent":0,"menu_order":0,"comment_status":"closed","ping_status":"closed","template":"","meta":{"_genesis_hide_title":false,"_genesis_hide_breadcrumbs":false,"_genesis_hide_singular_image":false,"_genesis_hide_footer_widgets":false,"_genesis_custom_body_class":"","_genesis_custom_post_class":"","_genesis_layout":"","footnotes":""},"class_list":{"0":"post-923","1":"page","2":"type-page","3":"status-publish","5":"entry"},"_links":{"self":[{"href":"https:\/\/moverdb.com\/fr\/wp-json\/wp\/v2\/pages\/923","targetHints":{"allow":["GET"]}}],"collection":[{"href":"https:\/\/moverdb.com\/fr\/wp-json\/wp\/v2\/pages"}],"about":[{"href":"https:\/\/moverdb.com\/fr\/wp-json\/wp\/v2\/types\/page"}],"author":[{"embeddable":true,"href":"https:\/\/moverdb.com\/fr\/wp-json\/wp\/v2\/users\/1"}],"replies":[{"embeddable":true,"href":"https:\/\/moverdb.com\/fr\/wp-json\/wp\/v2\/comments?post=923"}],"version-history":[{"count":8,"href":"https:\/\/moverdb.com\/fr\/wp-json\/wp\/v2\/pages\/923\/revisions"}],"predecessor-version":[{"id":13179,"href":"https:\/\/moverdb.com\/fr\/wp-json\/wp\/v2\/pages\/923\/revisions\/13179"}],"wp:attachment":[{"href":"https:\/\/moverdb.com\/fr\/wp-json\/wp\/v2\/media?parent=923"}],"curies":[{"name":"wp","href":"https:\/\/api.w.org\/{rel}","templated":true}]}}