{"id":921,"date":"2016-08-29T20:53:00","date_gmt":"2016-08-29T20:53:00","guid":{"rendered":"http:\/\/moverdb.com\/?page_id=921"},"modified":"2026-01-08T15:20:42","modified_gmt":"2026-01-08T15:20:42","slug":"simpsons-removals","status":"publish","type":"page","link":"https:\/\/moverdb.com\/fr\/simpsons-removals\/","title":{"rendered":"Simpsons Removals and Storage : Avis sur les d\u00e9m\u00e9nagements internationaux"},"content":{"rendered":"<p>Simpsons Removals and Storage Ltd est bas\u00e9 dans le Kent et offre \u00e0 ses clients une gamme de services de d\u00e9m\u00e9nagement et de stockage. <a href=\"https:\/\/moverdb.com\/fr\/international-removals\/\" data-internallinksmanager029f6b8e52c=\"27\" title=\"36 meilleures entreprises de d\u00e9m\u00e9nagements internationaux au Royaume-Uni\">d\u00e9m\u00e9nagements internationaux<\/a> qui sont \u00e9num\u00e9r\u00e9s ci-dessous. Vous y trouverez \u00e9galement un profil de l'entreprise et des commentaires.<\/p>\n<p><strong>D\u00e9m\u00e9nagements internationaux<\/strong><\/p>\n<ul>\n<li> Porte \u00e0 porte ou a\u00e9roport \u00e0 destination<\/li>\n<li> Service complet, emballage d'articles fragiles ou \u00e0 faire soi-m\u00eame<\/li>\n<li> Le mat\u00e9riel d'emballage peut \u00eatre fourni<\/li>\n<li> Fret a\u00e9rien ou maritime - <a href=\"https:\/\/moverdb.com\/fr\/expedition-par-conteneur\/\">transport international par conteneurs<\/a><\/li>\n<li> Exc\u00e9dent de bagages pour les petites charges<\/li>\n<li> Assurance souscrite<\/li>\n<li> Manipulation des terminaux\/<a href=\"https:\/\/moverdb.com\/fr\/top-49-container-ports\/\" data-internallinksmanager029f6b8e52c=\"80\" title=\"Les 49 ports \u00e0 conteneurs les plus importants et les plus fr\u00e9quent\u00e9s en 2025\">port<\/a> charges<\/li>\n<li> D\u00e9douanement<\/li>\n<li> Livraison et d\u00e9ballage<\/li>\n<li> Enl\u00e8vement des d\u00e9bris<\/li>\n<li> Services aux commer\u00e7ants<\/li>\n<li> Service de nettoyage<\/li>\n<\/ul>\n<p><strong>Mat\u00e9riaux d'emballage<\/strong><\/p>\n<ul>\n<li> Emballage de cartons de diff\u00e9rentes tailles<\/li>\n<li> Cartons de penderie suspendus<\/li>\n<li> Ruban d'emballage<\/li>\n<li> Papier d'emballage<\/li>\n<li> Couvertures en papier<\/li>\n<li> Couvertures de transit en tissu<\/li>\n<li> Sacs \u00e0 matelas<\/li>\n<li> Bo\u00eetes d'archives<\/li>\n<li> Caisses en bois sur mesure disponibles sur demande - pr\u00e9avis de 7 jours requis.<\/li>\n<\/ul>\n<p><strong>Mouvements europ\u00e9ens<\/strong><\/p>\n<ul>\n<li> Air, mer ou route<\/li>\n<li> Service de charge d\u00e9di\u00e9<\/li>\n<li> Charges partielles disponibles<\/li>\n<li> Service de porte \u00e0 porte disponible<\/li>\n<li> Service complet, emballage d'articles fragiles ou \u00e0 faire soi-m\u00eame<\/li>\n<li> Le mat\u00e9riel d'emballage peut \u00eatre fourni<\/li>\n<li> Assurance souscrite<\/li>\n<li> Service de d\u00e9ballage disponible<\/li>\n<li> Enl\u00e8vement des d\u00e9bris<\/li>\n<\/ul>\n<p><strong><a href=\"https:\/\/moverdb.com\/fr\/moving-to-the-uk\/\" data-internallinksmanager029f6b8e52c=\"93\" title=\"Vous partez au Royaume-Uni ? 2026 Co\u00fbt de la vie et conseils de relocalisation\">ROYAUME-UNI<\/a> D\u00e9m\u00e9nagements<\/strong><\/p>\n<ul>\n<li> Porte \u00e0 porte<\/li>\n<li> D\u00e9m\u00e9nagements personnels<\/li>\n<li> D\u00e9m\u00e9nagements d'entreprises<\/li>\n<li> Service complet, emballage d'articles fragiles ou \u00e0 faire soi-m\u00eame<\/li>\n<li> Le mat\u00e9riel d'emballage peut \u00eatre fourni<\/li>\n<li> Assurance souscrite<\/li>\n<li> Service de d\u00e9ballage disponible<\/li>\n<li> Enl\u00e8vement des d\u00e9bris<\/li>\n<\/ul>\n<p><strong>D\u00e9m\u00e9nagements d'entreprises<\/strong><\/p>\n<ul>\n<li> D\u00e9m\u00e9nagement de bureaux<\/li>\n<li> D\u00e9m\u00e9nagements d'entreprises dans le monde entier<\/li>\n<li> D\u00e9m\u00e9nagement exclusif dans le monde entier<\/li>\n<li> Solutions de relocalisation informatique<\/li>\n<li> D\u00e9m\u00e9nagements d'usines et de laboratoires<\/li>\n<li> Vente au d\u00e9tail de mobilier de bureau<\/li>\n<\/ul>\n<p><strong>Stockage<\/strong><\/p>\n<ul>\n<li> Entreposage libre-service<\/li>\n<li> Stockage domestique<\/li>\n<li> Stockage des archives<\/li>\n<li> Stockage externe<\/li>\n<li> VID\u00c9OSURVEILLANCE 24\/7<\/li>\n<\/ul>\n<h2>D\u00e9m\u00e9nagements et stockage Simpsons<\/h2>\n<p>Simpsons Removals and Storage Ltd a \u00e9t\u00e9 fond\u00e9e en 1979 par Barry Simpson. Aujourd'hui, cette entreprise de d\u00e9m\u00e9nagement bas\u00e9e dans le Kent est toujours une entreprise familiale dirig\u00e9e par le fils et la fille de Barry Simpson. <\/p>\n<p>L'objectif de la soci\u00e9t\u00e9 est d'offrir un service professionnel et efficace aux particuliers, aux entreprises et aux professionnels qui d\u00e9m\u00e9nagent au niveau local ou international. <\/p>\n<p>Simpsons dispose d'une flotte de 20 v\u00e9hicules pour r\u00e9pondre aux besoins de tout d\u00e9m\u00e9nagement. Ils disposent \u00e9galement d'un espace de stockage de 100 000 pieds carr\u00e9s et d'un autre espace de 20 000 pieds carr\u00e9s pouvant \u00eatre utilis\u00e9 pour le stockage de conteneurs. <\/p>\n<p>L'entreprise a maintenant 36 ans d'exp\u00e9rience dans le domaine du d\u00e9m\u00e9nagement et se sent \u00e9quip\u00e9e pour entreprendre n'importe quel d\u00e9m\u00e9nagement, petit ou grand, partout dans le monde.<\/p>\n<p>Simpsons Removals and Storage poss\u00e8de les accr\u00e9ditations et affiliations suivantes :<\/p>\n<ul>\n<li> <a href=\"https:\/\/moverdb.com\/fr\/british-association-of-removers\/\">Association britannique des d\u00e9m\u00e9nageurs<\/a> (<a href=\"https:\/\/moverdb.com\/fr\/british-association-of-removers\/\" data-internallinksmanager029f6b8e52c=\"9\" title=\"Explication de la British Association of Removers (BAR)\">BAR<\/a>)<\/li>\n<li> <a href=\"https:\/\/moverdb.com\/fr\/bar-overseas\/\">British Association of Removers - D\u00e9m\u00e9nageurs d'outre-mer<\/a><\/li>\n<li> British Association of Removers - Groupe de d\u00e9m\u00e9nagement commercial<\/li>\n<li> <a href=\"https:\/\/moverdb.com\/fr\/je-suis\/\">Association internationale des d\u00e9m\u00e9nageurs<\/a> - <a href=\"https:\/\/moverdb.com\/fr\/iam\/\" data-internallinksmanager029f6b8e52c=\"23\" title=\"L&#039;Association internationale des d\u00e9m\u00e9nageurs (IAM) expliqu\u00e9e\">IAM<\/a><\/li>\n<li> <a href=\"https:\/\/moverdb.com\/fr\/fedemac\/\">F\u00e9d\u00e9ration des associations europ\u00e9ennes de d\u00e9m\u00e9nageurs<\/a> - <a href=\"https:\/\/moverdb.com\/fr\/fedemac\/\" data-internallinksmanager029f6b8e52c=\"15\" title=\"Explication de la F\u00e9d\u00e9ration des associations europ\u00e9ennes de d\u00e9m\u00e9nageurs (FEDEMAC)\">FEDEMAC<\/a><\/li>\n<li> Service de qualit\u00e9 assur\u00e9e, norme BS8564<\/li>\n<li> Service de qualit\u00e9 assur\u00e9e Norme BS8522 - D\u00e9m\u00e9nagement commercial<\/li>\n<li> Association des marchands d'art et d'antiquit\u00e9s - LAPADA<\/li>\n<li> Movers Traders Club (<a href=\"https:\/\/moverdb.com\/fr\/mtc\/\" data-internallinksmanager029f6b8e52c=\"30\" title=\"Le Movers Trading Club (MTC) expliqu\u00e9\">MTC<\/a>)<\/li>\n<\/ul>\n<h2>Commentaires sur Simpsons Removals and Storage<\/h2>\n<p><strong>Positif :<\/strong><\/p>\n<ul>\n<li> <em>\"Je voulais juste dire que j'\u00e9tais tr\u00e8s heureux du service fourni par Simpsons pour la livraison de mes tr\u00e9sors hier ! L'ensemble du d\u00e9placement de mes biens de <a href=\"https:\/\/moverdb.com\/fr\/moving-to-canada\/\" data-internallinksmanager029f6b8e52c=\"265\" title=\"D\u00e9m\u00e9nager au Canada ? 2026 Co\u00fbt de la vie et conseils de relocalisation\">Canada<\/a> au Royaume-Uni a \u00e9t\u00e9 formidable.\"<\/em> - Jane via<a href=\"http:\/\/www.simpsons-uk.com\/testimonials\" target=\"_blank\" rel=\"noopener\"> T\u00e9moignage des Simpsons<\/a><\/li>\n<li> <em>\"Apr\u00e8s avoir perdu notre cr\u00e9neau avec notre premi\u00e8re soci\u00e9t\u00e9 de d\u00e9m\u00e9nagement, nous avons cherch\u00e9 une autre soci\u00e9t\u00e9. Les Simpsons ont \u00e9t\u00e9 les plus attentifs et ont envoy\u00e9 le propri\u00e9taire pour voir... <a href=\"https:\/\/moverdb.com\/fr\/moving-to-the-united-states\/\" data-internallinksmanager029f6b8e52c=\"94\" title=\"Vous partez aux \u00c9tats-Unis ? 2026 Co\u00fbt de la vie et conseils de relocalisation\">nous<\/a> et le prix du travail.\"<\/em> - Dan via <a href=\"http:\/\/www.removalreviews.co.uk\/movingreviews\/surprisingly-good-2361\" target=\"_blank\" rel=\"noopener\">Revues de d\u00e9m\u00e9nagement<\/a><\/li>\n<li> <em>\"Tr\u00e8s professionnel et personnel tr\u00e8s sympathique et serviable.\"<\/em> - Eros via <a href=\"https:\/\/www.reallymoving.com\/international-removals\/directory\/216\/simpsons-removals-limited\" target=\"_blank\" rel=\"noopener\">ReallyMoving.com<\/a><\/li>\n<li> <em>\"J'ai \u00e9t\u00e9 tr\u00e8s satisfait de l'ensemble du processus. Le personnel \u00e9tait amical et serviable et j'ai \u00e9t\u00e9 bien inform\u00e9 de l'\u00e9tat de mon envoi tout au long du processus.\"<\/em> - K Pryce via <a href=\"http:\/\/www.reviewcentre.com\/Removal-Companies\/Simpsons-Removals-and-Storage-Ltd-www-simpsons-uk-com-review_2646331\" target=\"_blank\" rel=\"noopener\">Centre de r\u00e9vision<\/a> <\/li>\n<\/ul>\n<p><strong>N\u00e9gatif :<\/strong><\/p>\n<ul>\n<li> \"<em>Ne jamais, je r\u00e9p\u00e8te JAMAIS, utiliser les d\u00e9m\u00e9nagements de Simpsons.\"<\/em> - Ruth via <a href=\"http:\/\/www.removalreviews.co.uk\/movingreviews\/poor-delivery-men-and-customer-service-2658\" target=\"_blank\" rel=\"noopener\">Revues de d\u00e9m\u00e9nagement<\/a> <\/li>\n<li> \"<em>La soci\u00e9t\u00e9 n'a pas effectu\u00e9 le d\u00e9m\u00e9nagement et a pass\u00e9 le contrat \u00e0 une autre entreprise.\"<\/em> - Mistral via <a href=\"https:\/\/www.reallymoving.com\/international-removals\/directory\/216\/simpsons-removals-limited\" target=\"_blank\" rel=\"noopener\">ReallyMoving.com<\/a> <\/li>\n<li> <em>\"Cette soci\u00e9t\u00e9 est une honte.\"<\/em> - via <a href=\"http:\/\/www.reviewcentre.com\/Removal-Companies\/Simpsons-Removals-and-Storage-Ltd-www-simpsons-uk-com-review_4006517\" target=\"_blank\" rel=\"noopener\">Centre de r\u00e9vision<\/a> <\/li>\n<\/ul>\n<div itemprop=\"review\" itemscope itemtype=\"http:\/\/schema.org\/Review\">\n<span itemprop=\"author\" itemscope=\"\" itemtype=\"http:\/\/schema.org\/Organization\"><span itemprop=\"name\">MoverDB.com<\/span><\/span> Examen en ligne du site Web pour <span itemprop=\"itemreviewed\" itemscope=\"\" itemtype=\"http:\/\/schema.org\/Brand\"><span itemprop=\"name\">D\u00e9m\u00e9nagements et stockage Simpsons<\/span><\/span>:<\/p>\n<ol>\n<li> Coordonn\u00e9es claires sur le site web (y compris le num\u00e9ro de t\u00e9l\u00e9phone) : <strong>Oui<\/strong><\/li>\n<li> Facile \u00e0 obtenir <a href=\"https:\/\/moverdb.com\/fr\/citations\/\">devis de d\u00e9m\u00e9nagements internationaux<\/a>? (Formulaire de demande de devis en ligne) : <strong>Oui<\/strong><\/li>\n<li> Informations claires sur le site web : <strong>Oui<\/strong>les informations de contact et les guides de base fournis en ligne.<\/li>\n<li> Adh\u00e9sion \u00e0 des organisations internationales de d\u00e9m\u00e9nagement reconnues : <strong>Oui<\/strong>voir ci-dessus.<\/li>\n<li> Liste de clients et\/ou t\u00e9moignages de clients pr\u00e9c\u00e9dents : <strong>Oui<\/strong>Le site contient des t\u00e9moignages positifs de clients.<\/li>\n<\/ol>\n<div itemprop=\"reviewRating\" itemscope itemtype=\"http:\/\/schema.org\/Rating\"><meta itemprop=\"worstRating\" content = \"0\" \/><meta itemprop=\"bestRating\" content=\"5\" \/><meta itemprop=\"ratingValue\" content=\"4.5\"><\/div>\n<p><strong>Note globale : 4,5\/5<\/strong><br \/>\n<strong>Date de r\u00e9vision :<\/strong> <span itemprop=\"datePublished\" content=\"2016-08-29\">29\/08\/2016<\/span>\n<\/div>\n<p>En savoir plus <a href=\"https:\/\/moverdb.com\/fr\/demenagements-internationaux\/\">d\u00e9m\u00e9nagements internationaux<\/a> et notre <a href=\"https:\/\/moverdb.com\/fr\/revues\/\">processus de r\u00e9vision<\/a>.<\/p>\n<p><strong>Site web :<\/strong> <a href=\"http:\/\/www.simpsons-uk.com\/\" target=\"_blank\" rel=\"noopener\">http:\/\/www.simpsons-uk.com<\/a><\/p>","protected":false},"excerpt":{"rendered":"<p>Simpsons Removals and Storage Ltd is based in Kent and offers its customers a range of international removals services which are listed below. There also follows a company profile and reviews. International Removals Door to door or airport at destination Full service, fragile items or do-it-yourself packing Packing materials can be provided Air freight or [&hellip;]<\/p>\n","protected":false},"author":1,"featured_media":0,"parent":0,"menu_order":0,"comment_status":"closed","ping_status":"closed","template":"","meta":{"_genesis_hide_title":false,"_genesis_hide_breadcrumbs":false,"_genesis_hide_singular_image":false,"_genesis_hide_footer_widgets":false,"_genesis_custom_body_class":"","_genesis_custom_post_class":"","_genesis_layout":"","footnotes":""},"class_list":{"0":"post-921","1":"page","2":"type-page","3":"status-publish","5":"entry"},"_links":{"self":[{"href":"https:\/\/moverdb.com\/fr\/wp-json\/wp\/v2\/pages\/921","targetHints":{"allow":["GET"]}}],"collection":[{"href":"https:\/\/moverdb.com\/fr\/wp-json\/wp\/v2\/pages"}],"about":[{"href":"https:\/\/moverdb.com\/fr\/wp-json\/wp\/v2\/types\/page"}],"author":[{"embeddable":true,"href":"https:\/\/moverdb.com\/fr\/wp-json\/wp\/v2\/users\/1"}],"replies":[{"embeddable":true,"href":"https:\/\/moverdb.com\/fr\/wp-json\/wp\/v2\/comments?post=921"}],"version-history":[{"count":5,"href":"https:\/\/moverdb.com\/fr\/wp-json\/wp\/v2\/pages\/921\/revisions"}],"predecessor-version":[{"id":6238,"href":"https:\/\/moverdb.com\/fr\/wp-json\/wp\/v2\/pages\/921\/revisions\/6238"}],"wp:attachment":[{"href":"https:\/\/moverdb.com\/fr\/wp-json\/wp\/v2\/media?parent=921"}],"curies":[{"name":"wp","href":"https:\/\/api.w.org\/{rel}","templated":true}]}}