{"id":920,"date":"2016-09-03T16:04:22","date_gmt":"2016-09-03T16:04:22","guid":{"rendered":"http:\/\/moverdb.com\/?page_id=920"},"modified":"2026-01-08T14:47:54","modified_gmt":"2026-01-08T14:47:54","slug":"burke-bros","status":"publish","type":"page","link":"https:\/\/moverdb.com\/fr\/burke-bros\/","title":{"rendered":"Burke Bros Moving Group : Commentaires sur les d\u00e9m\u00e9nagements internationaux"},"content":{"rendered":"<p>Burke Bros est un d\u00e9m\u00e9nageur, stockeur, exp\u00e9diteur et expert en relocalisation internationale. Vous trouverez ci-dessous la liste des services qu'ils proposent, suivie d'un profil de l'entreprise et de diverses critiques.<\/p>\n<p><strong>Entreprises et particuliers <a href=\"https:\/\/moverdb.com\/fr\/international-removals\/\" data-internallinksmanager029f6b8e52c=\"27\" title=\"36 meilleures entreprises de d\u00e9m\u00e9nagements internationaux au Royaume-Uni\">D\u00e9m\u00e9nagements internationaux<\/a><\/strong><\/p>\n<ul>\n<li> Une \u00e9quipe d\u00e9di\u00e9e aux entreprises<\/li>\n<li> Service complet de porte \u00e0 porte<\/li>\n<li> Enqu\u00eate gratuite sur le d\u00e9m\u00e9nagement<\/li>\n<li> R\u00e9seau d'experts en relocalisation r\u00e9put\u00e9s dans le monde entier<\/li>\n<li> \u00c9quipe sp\u00e9cialis\u00e9e dans l'emballage pour l'exportation<\/li>\n<li> Conseils sur les quarantaines internationales<\/li>\n<li> Informations sur les douanes et accises internationales<\/li>\n<li> <a href=\"https:\/\/moverdb.com\/fr\/moving-to-the-uk\/\" data-internallinksmanager029f6b8e52c=\"93\" title=\"Vous partez au Royaume-Uni ? 2026 Co\u00fbt de la vie et conseils de relocalisation\">ROYAUME-UNI<\/a> stockage - pr\u00e9-exp\u00e9dition<\/li>\n<li> Assurance souscrite<\/li>\n<li> Assistance au d\u00e9douanement<\/li>\n<\/ul>\n<p><strong>Mouvements europ\u00e9ens<\/strong><\/p>\n<ul>\n<li> Service complet de porte \u00e0 porte<\/li>\n<li> Une \u00e9quipe d\u00e9di\u00e9e \u00e0 l'emballage<\/li>\n<li> Assurance souscrite<\/li>\n<li> D\u00e9parts hebdomadaires<\/li>\n<li> Assistance en mati\u00e8re de douanes et d'accises, le cas \u00e9ch\u00e9ant<\/li>\n<\/ul>\n<p><strong>D\u00e9m\u00e9nagements int\u00e9rieurs au Royaume-Uni - Entreprises et particuliers<\/strong><\/p>\n<ul>\n<li> Visite personnelle d'un consultant<\/li>\n<li> Service de gestion de projets pour les entreprises<\/li>\n<li> Service complet de porte \u00e0 porte<\/li>\n<li> Une \u00e9quipe d\u00e9di\u00e9e \u00e0 l'emballage<\/li>\n<li> Assurance souscrite<\/li>\n<li> Emballage sp\u00e9cialis\u00e9<\/li>\n<li> Location de caisses de bureau<\/li>\n<\/ul>\n<p><strong>Stockage<\/strong><\/p>\n<ul>\n<li> Entreposage libre-service - Wolverhampton <\/li>\n<li> Acc\u00e8s illimit\u00e9 pendant les heures d'ouverture<\/li>\n<li> Possibilit\u00e9 d'acheter une gamme de bo\u00eetes<\/li>\n<li> CCTV 24 heures sur 24<\/li>\n<li> Stockage de documents et d'archives<\/li>\n<\/ul>\n<p><strong>Services sp\u00e9ciaux pendant les d\u00e9m\u00e9nagements<\/strong><\/p>\n<ul>\n<li> D\u00e9chiquetage de documents<\/li>\n<li> Stockage des documents<\/li>\n<li> Recyclage du vieux mobilier et du mat\u00e9riel informatique<\/li>\n<li> D\u00e9monter et installer des syst\u00e8mes informatiques<\/li>\n<li> Mat\u00e9riel d'emballage sp\u00e9cialis\u00e9 pour les \u00e9quipements informatiques<\/li>\n<\/ul>\n<h2>Profil de l'entreprise Burke Bros Moving Group<\/h2>\n<p>Burke Bros a \u00e9t\u00e9 cr\u00e9\u00e9 en 1982 et a d\u00e9m\u00e9nag\u00e9 plus de 49 000 clients au cours de cette p\u00e9riode. Ils ont effectu\u00e9 pr\u00e8s d'un demi-million d'heures d'emballage, de d\u00e9m\u00e9nagement et de d\u00e9ballage. L'entreprise est situ\u00e9e dans le centre de l'Angleterre et dispose de sept bureaux et d'une zone de stockage s\u00e9curis\u00e9e de 52 000 pieds carr\u00e9s.<\/p>\n<p>Burke Bros est une entreprise familiale dirig\u00e9e par les fr\u00e8res Burke, Gary et Chris. Beaucoup de leurs employ\u00e9s travaillent pour eux depuis plus de 20 ans. L'entreprise est fi\u00e8re de son approche attentive de chaque d\u00e9m\u00e9nagement.<\/p>\n<p>Les questions \u00e9cologiques occupent une place importante dans l'entreprise et Burke Bros a introduit le recyclage et la gestion des d\u00e9chets pour ses clients afin de r\u00e9duire leur empreinte carbone.<\/p>\n<p>Burke Bros Affiliations et accr\u00e9ditations :<\/p>\n<ul>\n<li> <a href=\"https:\/\/moverdb.com\/fr\/british-association-of-removers\/\">Association britannique des d\u00e9m\u00e9nageurs<\/a> (<a href=\"https:\/\/moverdb.com\/fr\/british-association-of-removers\/\" data-internallinksmanager029f6b8e52c=\"9\" title=\"Explication de la British Association of Removers (BAR)\">BAR<\/a>)<\/li>\n<li> <a href=\"https:\/\/moverdb.com\/fr\/fidi-faim\/\">F\u00e9d\u00e9ration Internationale des D\u00e9m\u00e9nageurs Internationaux<\/a> (<a href=\"https:\/\/moverdb.com\/fr\/fidi-faim\/\" data-internallinksmanager029f6b8e52c=\"16\" title=\"Explication de la FIDI et du FAIM (FIDI Accredited International Mover)\">FIDI<\/a>)<\/li>\n<li> <a href=\"https:\/\/moverdb.com\/fr\/je-suis\/\">Association internationale des d\u00e9m\u00e9nageurs<\/a> (<a href=\"https:\/\/moverdb.com\/fr\/iam\/\" data-internallinksmanager029f6b8e52c=\"23\" title=\"L&#039;Association internationale des d\u00e9m\u00e9nageurs (IAM) expliqu\u00e9e\">IAM<\/a>)<\/li>\n<li> Association panam\u00e9ricaine des d\u00e9m\u00e9nageurs internationaux (PAIMA)<\/li>\n<li> Le site <a href=\"https:\/\/moverdb.com\/fr\/bar-overseas\/\">British Removals Association Overseas<\/a><\/li>\n<li> BS5750<\/li>\n<li> TSI<\/li>\n<\/ul>\n<p><strong>Critiques de Burke Bros<\/strong><\/p>\n<p><strong>Positif<\/strong><\/p>\n<ul>\n<li> <em>\"Nous voulions envoyer un mot de remerciement pour le merveilleux service que nous venons d'exp\u00e9rimenter lors de notre d\u00e9m\u00e9nagement de l'Angleterre vers l'Europe. <a href=\"https:\/\/moverdb.com\/fr\/moving-to-france\/\" data-internallinksmanager029f6b8e52c=\"315\" title=\"D\u00e9m\u00e9nager en France ? 2026 Co\u00fbts de la vie et conseils de relocalisation\">France<\/a>. Nous n'aurions pas pu r\u00eaver d'un meilleur groupe de personnes pour emballer, charger et d\u00e9charger les marchandises. <a href=\"https:\/\/moverdb.com\/fr\/moving-to-the-united-states\/\" data-internallinksmanager029f6b8e52c=\"94\" title=\"Vous partez aux \u00c9tats-Unis ? 2026 Co\u00fbt de la vie et conseils de relocalisation\">nous<\/a>.\"<\/em> - Sue &amp; David via Burke Bros <a href=\"http:\/\/burkebros.co.uk\/about_us\/testimonials\/\" target=\"_blank\" rel=\"noopener\">page de t\u00e9moignages<\/a><\/li>\n<li> <em>\"Nous avons fait appel \u00e0 Burke Bros pour notre d\u00e9m\u00e9nagement du Royaume-Uni vers la Dordogne, en France, non pas parce que leurs tarifs \u00e9taient raisonnables, mais en raison du professionnalisme dont ils ont fait preuve du d\u00e9but \u00e0 la fin du projet.<\/em> - Malcolm via <a href=\"https:\/\/www.yell.com\/biz\/burke-bros-worldwide-moving-group-wolverhampton-900810900\/\" target=\"_blank\" rel=\"noopener\">Yell<\/a><\/li>\n<\/ul>\n<p><strong>N\u00e9gatif <\/strong><\/p>\n<ul>\n<li> <em>La pire exp\u00e9rience de d\u00e9m\u00e9nagement en 35 ans (8 d\u00e9m\u00e9nagements)<\/em> - Mr D Neal via <a href=\"http:\/\/www.removalreviews.co.uk\/movingreviews\/appalling-12193\" target=\"_blank\" rel=\"noopener\">Revues de d\u00e9m\u00e9nagement<\/a><\/li>\n<li> \"Ne gaspillez pas votre argent.\" - Thibit via <a href=\"https:\/\/www.yell.com\/biz\/burke-bros-worldwide-moving-group-wolverhampton-900810900\/\" target=\"_blank\" rel=\"noopener\">Yell<\/a><\/li>\n<\/li>\n<\/ul>\n<div itemprop=\"review\" itemscope itemtype=\"http:\/\/schema.org\/Review\">\n<span itemprop=\"author\" itemscope=\"\" itemtype=\"http:\/\/schema.org\/Organization\"><span itemprop=\"name\">MoverDB.com<\/span><\/span> Examen en ligne du site Web pour <span itemprop=\"itemreviewed\" itemscope=\"\" itemtype=\"http:\/\/schema.org\/Brand\"><span itemprop=\"name\">Groupe de d\u00e9m\u00e9nagement Burke Bros<\/span><\/span>:<\/p>\n<ol>\n<li> Coordonn\u00e9es claires sur le site web (y compris le num\u00e9ro de t\u00e9l\u00e9phone) : <strong>Oui<\/strong><\/li>\n<li> Facile \u00e0 obtenir <a href=\"https:\/\/moverdb.com\/fr\/citations\/\">devis de d\u00e9m\u00e9nagements internationaux<\/a>? (Formulaire de demande de devis en ligne) : <strong>Oui<\/strong><\/li>\n<li> Informations claires sur le site web : <strong>Oui,<\/strong> y compris des guides sur les diff\u00e9rents pays qu'ils desservent.<\/li>\n<li> Adh\u00e9sion \u00e0 des organisations internationales de d\u00e9m\u00e9nagement reconnues : <strong>Oui<\/strong>voir ci-dessus.<\/li>\n<li> Liste de clients et\/ou t\u00e9moignages de clients pr\u00e9c\u00e9dents : <strong>Certains,<\/strong> ils ont un nombre restreint de t\u00e9moignages sur leur site web, avec des critiques g\u00e9n\u00e9ralement positives sur d'autres sites web.<\/li>\n<\/ol>\n<div itemprop=\"reviewRating\" itemscope itemtype=\"http:\/\/schema.org\/Rating\"><meta itemprop=\"worstRating\" content = \"0\" \/><meta itemprop=\"bestRating\" content=\"5\" \/><meta itemprop=\"ratingValue\" content=\"4.5\"><\/div>\n<p><strong>Note globale : 4,5\/5<\/strong><br \/>\n<strong>Date de r\u00e9vision :<\/strong> <span itemprop=\"datePublished\" content=\"2016-09-03\">03\/09\/2016<\/span>\n<\/div>\n<p>Plus d'informations sur <a href=\"https:\/\/moverdb.com\/fr\/demenagements-internationaux\/\">d\u00e9m\u00e9nagements internationaux<\/a> et notre <a href=\"https:\/\/moverdb.com\/fr\/revues\/\">processus de r\u00e9vision.<\/a>.<\/p>\n<p><strong>Site web :<\/strong> <a href=\"http:\/\/burkebros.co.uk\/\" target=\"_blank\" rel=\"noopener\">http:\/\/burkebros.co.uk<\/a><\/p>","protected":false},"excerpt":{"rendered":"<p>Burke Bros are worldwide movers, storers, shippers and global relocation experts. Listed below are the services they offer, followed by a company profile and various reviews. Corporate and Personal International Removals Dedicated corporate team Comprehensive door to door service Free moving survey Network of reputable relocation experts world wide Dedicated export packing team International quarantine [&hellip;]<\/p>\n","protected":false},"author":1,"featured_media":0,"parent":0,"menu_order":0,"comment_status":"closed","ping_status":"closed","template":"","meta":{"_genesis_hide_title":false,"_genesis_hide_breadcrumbs":false,"_genesis_hide_singular_image":false,"_genesis_hide_footer_widgets":false,"_genesis_custom_body_class":"","_genesis_custom_post_class":"","_genesis_layout":"","footnotes":""},"class_list":{"0":"post-920","1":"page","2":"type-page","3":"status-publish","5":"entry"},"_links":{"self":[{"href":"https:\/\/moverdb.com\/fr\/wp-json\/wp\/v2\/pages\/920","targetHints":{"allow":["GET"]}}],"collection":[{"href":"https:\/\/moverdb.com\/fr\/wp-json\/wp\/v2\/pages"}],"about":[{"href":"https:\/\/moverdb.com\/fr\/wp-json\/wp\/v2\/types\/page"}],"author":[{"embeddable":true,"href":"https:\/\/moverdb.com\/fr\/wp-json\/wp\/v2\/users\/1"}],"replies":[{"embeddable":true,"href":"https:\/\/moverdb.com\/fr\/wp-json\/wp\/v2\/comments?post=920"}],"version-history":[{"count":5,"href":"https:\/\/moverdb.com\/fr\/wp-json\/wp\/v2\/pages\/920\/revisions"}],"predecessor-version":[{"id":6189,"href":"https:\/\/moverdb.com\/fr\/wp-json\/wp\/v2\/pages\/920\/revisions\/6189"}],"wp:attachment":[{"href":"https:\/\/moverdb.com\/fr\/wp-json\/wp\/v2\/media?parent=920"}],"curies":[{"name":"wp","href":"https:\/\/api.w.org\/{rel}","templated":true}]}}