{"id":908,"date":"2016-10-12T05:28:52","date_gmt":"2016-10-12T05:28:52","guid":{"rendered":"http:\/\/moverdb.com\/?page_id=908"},"modified":"2026-01-08T14:47:34","modified_gmt":"2026-01-08T14:47:34","slug":"arpin-international","status":"publish","type":"page","link":"https:\/\/moverdb.com\/fr\/arpin-international\/","title":{"rendered":"Arpin International : Commentaires sur les d\u00e9m\u00e9nagements et les d\u00e9m\u00e9nagements"},"content":{"rendered":"<p>Arpin International est une entreprise mondiale <a href=\"https:\/\/moverdb.com\/fr\/international-removals\/\" data-internallinksmanager029f6b8e52c=\"27\" title=\"36 meilleures entreprises de d\u00e9m\u00e9nagements internationaux au Royaume-Uni\">soci\u00e9t\u00e9 de d\u00e9m\u00e9nagements<\/a> et avec de nombreux services qui sont \u00e9num\u00e9r\u00e9s ci-dessous. Lisez \u00e9galement leur profil d'entreprise et leurs commentaires. Veuillez noter qu'il s'agit de la branche internationale d'American <a href=\"https:\/\/moverdb.com\/fr\/moving-companies\/\" data-internallinksmanager029f6b8e52c=\"79\" title=\"Les 25 meilleures soci\u00e9t\u00e9s de d\u00e9m\u00e9nagement international en ligne\">soci\u00e9t\u00e9 de d\u00e9m\u00e9nagement<\/a> <a href=\"https:\/\/moverdb.com\/fr\/arpin-van-lines\/\">Arpin Van Lines<\/a>.<\/p>\n<p><strong>D\u00e9m\u00e9nagements internationaux<\/strong><\/p>\n<ul>\n<li> Service de porte \u00e0 porte<\/li>\n<li> Emballage et d\u00e9ballage<\/li>\n<li> Coordinateur d\u00e9di\u00e9 aux d\u00e9m\u00e9nagements internationaux (IMC)<\/li>\n<li> IMC disponible \u00e0 tout moment par t\u00e9l\u00e9phone, fax ou e-mail<\/li>\n<li> Les IMC sont tous <a href=\"https:\/\/moverdb.com\/fr\/fidi-faim\/\" data-internallinksmanager029f6b8e52c=\"16\" title=\"Explication de la FIDI et du FAIM (FIDI Accredited International Mover)\">FIDI<\/a> form\u00e9<\/li>\n<li> ArpinTRAC permet aux clients de suivre leurs envois 24 heures sur 24, 7 jours sur 7.<\/li>\n<li> D\u00e9m\u00e9nagements d'entreprises, de particuliers, de gouvernements et de militaires<\/li>\n<li> D\u00e9douanement<\/li>\n<li> D\u00e9placement d'un animal de compagnie<\/li>\n<li> Transport des voitures<\/li>\n<li> Aide \u00e0 la recherche d'un logement<\/li>\n<li> Assistance aux \u00e9coles<\/li>\n<li> Assistance m\u00e9dicale<\/li>\n<\/ul>\n<p><strong>Stockage<\/strong><\/p>\n<ul>\n<li> Stockage \u00e0 long terme ou \u00e0 court terme organis\u00e9 dans le monde entier<\/li>\n<li> Surveillance CCTV<\/li>\n<\/ul>\n<h2>Profil de la soci\u00e9t\u00e9 Arpin International<\/h2>\n<p>Arpin International fait partie du groupe Arpin International qui a vu le jour en 1900. Le vice-pr\u00e9sident ex\u00e9cutif actuel, Peter Arpin, est la quatri\u00e8me g\u00e9n\u00e9ration \u00e0 diriger cette entreprise. Arpin International a \u00e9t\u00e9 fond\u00e9e en 1989 et son si\u00e8ge social est situ\u00e9 \u00e0 <a href=\"https:\/\/moverdb.com\/fr\/moving-to-the-united-states\/moving-to-rhode-island\/\" data-internallinksmanager029f6b8e52c=\"450\" title=\"D\u00e9m\u00e9nager \u00e0 Rhode Island ? 2024 Co\u00fbts de la vie et conseils de relocalisation\">Rhode Island<\/a>, <a href=\"https:\/\/moverdb.com\/fr\/moving-to-the-united-states\/\" data-internallinksmanager029f6b8e52c=\"94\" title=\"Vous partez aux \u00c9tats-Unis ? 2026 Co\u00fbt de la vie et conseils de relocalisation\">USA<\/a>. <\/p>\n<p>L'entreprise compte 385 agents aux \u00c9tats-Unis et des bureaux dans la r\u00e9gion EMEA et APAC. Les cadres sup\u00e9rieurs de l'entreprise ont plus de 25 ans d'exp\u00e9rience dans le d\u00e9m\u00e9nagement de personnes dans le monde entier.<\/p>\n<p>La vision d'Arpin International est d'offrir \u00e0 ses clients la meilleure combinaison de services et de prix. Bon nombre de leurs employ\u00e9s ont \u00e9t\u00e9 expatri\u00e9s \u00e0 un moment donn\u00e9 de leur vie et comprennent donc les d\u00e9fis auxquels sont confront\u00e9es les familles qui s'installent dans un autre pays. <\/p>\n<p>Les employ\u00e9s d'Arpin International s'efforcent de rendre le d\u00e9m\u00e9nagement aussi indolore que possible en s'occupant des petits et gros probl\u00e8mes qui peuvent survenir.<\/p>\n<p>L'entreprise a form\u00e9 un comit\u00e9 de durabilit\u00e9 dans le but de \"construire un avenir plus vert\" pour les g\u00e9n\u00e9rations \u00e0 venir. Elle veut rendre \u00e0 ses communaut\u00e9s locales, \u00e0 son industrie et au monde entier, bien plus que ce qu'elle a pris.<\/p>\n<p>Arpin International poss\u00e8de les accr\u00e9ditations et affiliations suivantes :<\/p>\n<ul>\n<li> <a href=\"https:\/\/moverdb.com\/fr\/fidi-faim\/\">FIDI<\/a><\/li>\n<li> <a href=\"https:\/\/moverdb.com\/fr\/fidi-faim\/\">FAIM<\/a><\/li>\n<li> <a href=\"https:\/\/moverdb.com\/fr\/british-association-of-removers\/\">L'association britannique des d\u00e9m\u00e9nageurs<\/a> (<a href=\"https:\/\/moverdb.com\/fr\/british-association-of-removers\/\" data-internallinksmanager029f6b8e52c=\"9\" title=\"Explication de la British Association of Removers (BAR)\">BAR<\/a>)<\/li>\n<li> <a href=\"https:\/\/moverdb.com\/fr\/je-suis\/\">L'Association internationale des d\u00e9m\u00e9nageurs<\/a> (IMA)<\/li>\n<li> Partenariat douanes-commerce contre le terrorisme<\/li>\n<li> <a href=\"https:\/\/moverdb.com\/fr\/lacma\/\">LACMA<\/a><\/li>\n<li> <a href=\"https:\/\/moverdb.com\/fr\/conseil-de-relocation-des-employes\/\">ERC dans le monde<\/a><\/li>\n<li> <a href=\"https:\/\/moverdb.com\/fr\/eura\/\">EuRA<\/a><\/li>\n<\/ul>\n<h2>Critiques d'Arpin International<\/h2>\n<p><em>Bien qu'il n'y ait pas d'avis sur Arpin International en ligne, vous pouvez lire les avis suivants <a href=\"https:\/\/moverdb.com\/fr\/arpin-van-lines\/\">critiques d'Arpin Van Lines ici<\/a>.<\/em><\/p>\n<div itemprop=\"review\" itemscope itemtype=\"http:\/\/schema.org\/Review\">\n<span itemprop=\"author\" itemscope=\"\" itemtype=\"http:\/\/schema.org\/Organization\"><span itemprop=\"name\">MoverDB.com<\/span><\/span> Examen en ligne du site Web pour <span itemprop=\"itemreviewed\" itemscope=\"\" itemtype=\"http:\/\/schema.org\/Brand\"><span itemprop=\"name\">Arpin International<\/span><\/span>:<\/p>\n<ol>\n<li> Coordonn\u00e9es claires sur le site web (y compris le num\u00e9ro de t\u00e9l\u00e9phone) : <strong>Oui<\/strong><\/li>\n<li> Facile \u00e0 obtenir <a href=\"https:\/\/moverdb.com\/fr\/citations\/\">devis de d\u00e9m\u00e9nagements internationaux<\/a>? (Formulaire de demande de devis en ligne) : <strong>Non<\/strong><\/li>\n<li> Informations claires sur le site web : <strong>Pas vraiment.<\/strong>Le site web est lent et contient peu d'informations.<\/li>\n<li> Adh\u00e9sion \u00e0 des organisations internationales de d\u00e9m\u00e9nagement reconnues : <strong>Oui<\/strong><\/li>\n<li> Liste de clients et\/ou t\u00e9moignages de clients pr\u00e9c\u00e9dents : <strong>Non,<\/strong> et nous n'avons trouv\u00e9 aucune critique en ligne.<\/li>\n<\/ol>\n<div itemprop=\"reviewRating\" itemscope itemtype=\"http:\/\/schema.org\/Rating\"><meta itemprop=\"worstRating\" content = \"0\" \/><meta itemprop=\"bestRating\" content=\"5\" \/><meta itemprop=\"ratingValue\" content=\"4\"><\/div>\n<p><strong>Note globale : 4\/5<\/strong> - <em>Veuillez noter que ce score refl\u00e8te Arpin Van Lines car il y a trop peu d'informations pour faire un jugement s\u00e9par\u00e9 pour Arpin International. <\/em><br \/>\n<strong>Date de r\u00e9vision :<\/strong> <span itemprop=\"datePublished\" content=\"2016-10-12\">12\/10\/16<\/span>\n<\/div>\n<p>Plus d'informations sur <a href=\"https:\/\/moverdb.com\/fr\/entreprises-de-demenagement\/\" target=\"_blank\" rel=\"noopener\">soci\u00e9t\u00e9s de d\u00e9m\u00e9nagement international<\/a>, <a href=\"https:\/\/moverdb.com\/fr\/demenagements-internationaux\/\">entreprises de d\u00e9m\u00e9nagement<\/a> et notre <a href=\"https:\/\/moverdb.com\/fr\/revues\/\">processus de r\u00e9vision<\/a>.<\/p>\n<p><strong>Site web :<\/strong> <a href=\"http:\/\/www.arpinintl.com\/\" target=\"_blank\" rel=\"noopener\">http:\/\/www.arpinintl.com\/<\/a><\/p>","protected":false},"excerpt":{"rendered":"<p>Arpin International is a global removals company and with many services which are listed below. Also read their company profile and reviews. Please note that it&#8217;s the international branch of American moving company Arpin Van Lines. International Moves Door to door service Packing and unpacking Dedicated International Move Coordinator (IMC) IMC available by telephone, fax [&hellip;]<\/p>\n","protected":false},"author":1,"featured_media":0,"parent":0,"menu_order":0,"comment_status":"closed","ping_status":"closed","template":"","meta":{"_genesis_hide_title":false,"_genesis_hide_breadcrumbs":false,"_genesis_hide_singular_image":false,"_genesis_hide_footer_widgets":false,"_genesis_custom_body_class":"","_genesis_custom_post_class":"","_genesis_layout":"","footnotes":""},"class_list":{"0":"post-908","1":"page","2":"type-page","3":"status-publish","5":"entry"},"_links":{"self":[{"href":"https:\/\/moverdb.com\/fr\/wp-json\/wp\/v2\/pages\/908","targetHints":{"allow":["GET"]}}],"collection":[{"href":"https:\/\/moverdb.com\/fr\/wp-json\/wp\/v2\/pages"}],"about":[{"href":"https:\/\/moverdb.com\/fr\/wp-json\/wp\/v2\/types\/page"}],"author":[{"embeddable":true,"href":"https:\/\/moverdb.com\/fr\/wp-json\/wp\/v2\/users\/1"}],"replies":[{"embeddable":true,"href":"https:\/\/moverdb.com\/fr\/wp-json\/wp\/v2\/comments?post=908"}],"version-history":[{"count":4,"href":"https:\/\/moverdb.com\/fr\/wp-json\/wp\/v2\/pages\/908\/revisions"}],"predecessor-version":[{"id":6175,"href":"https:\/\/moverdb.com\/fr\/wp-json\/wp\/v2\/pages\/908\/revisions\/6175"}],"wp:attachment":[{"href":"https:\/\/moverdb.com\/fr\/wp-json\/wp\/v2\/media?parent=908"}],"curies":[{"name":"wp","href":"https:\/\/api.w.org\/{rel}","templated":true}]}}