{"id":906,"date":"2018-01-30T05:37:29","date_gmt":"2018-01-30T05:37:29","guid":{"rendered":"http:\/\/moverdb.com\/?page_id=906"},"modified":"2026-01-08T14:48:24","modified_gmt":"2026-01-08T14:48:24","slug":"deplacement-du-renard","status":"publish","type":"page","link":"https:\/\/moverdb.com\/fr\/fox-moving\/","title":{"rendered":"Fox Moving &amp; Storage : Avis sur les d\u00e9m\u00e9nagements internationaux"},"content":{"rendered":"<p>Fox Moving &amp; Storage est bas\u00e9 \u00e0 Cwmbran, au Pays de Galles. Vous trouverez ci-dessous une liste de leurs services, tant au niveau international que local, ainsi qu'un profil de l'entreprise et des commentaires.<\/p>\n<p><strong>D\u00e9m\u00e9nager \u00e0 l'\u00e9tranger - entreprises et particuliers<\/strong><\/p>\n<ul>\n<li> Personnel <a href=\"https:\/\/moverdb.com\/fr\/international-removals\/\" data-internallinksmanager029f6b8e52c=\"27\" title=\"36 meilleures entreprises de d\u00e9m\u00e9nagements internationaux au Royaume-Uni\">d\u00e9m\u00e9nagements internationaux<\/a> agent<\/li>\n<li> Devis complet, programme de d\u00e9m\u00e9nagement et calendrier<\/li>\n<li> \u00c9quipe d'experts en emballage<\/li>\n<li> Fournir la documentation relative aux douanes et aux accises<\/li>\n<li> Agents locaux sur place pour aider dans le pays de destination<\/li>\n<\/ul>\n<p><strong>S'installer en Europe - Entreprises et particuliers<\/strong><\/p>\n<ul>\n<li> \u00c9quipe personnelle de d\u00e9m\u00e9nageurs europ\u00e9ens<\/li>\n<li> Devis complet et calendrier de d\u00e9m\u00e9nagement<\/li>\n<li> \u00c9quipe d'experts en emballage<\/li>\n<li> Les petites charges sont accept\u00e9es <\/li>\n<li> Livraisons par route en Europe continentale<\/li>\n<li> Livraisons aux \u00eeles du large par ferry ou conteneur maritime<\/li>\n<li> Livraisons en Europe de l'Est par conteneur maritime et\/ou route<\/li>\n<li> Informations sur les importations et les douanes, le cas \u00e9ch\u00e9ant<\/li>\n<\/ul>\n<p><strong>Sp\u00e9cialistes du d\u00e9m\u00e9nagement international et local d'entreprises et de bureaux<\/strong><\/p>\n<ul>\n<li> Un repr\u00e9sentant commercial senior est affect\u00e9<\/li>\n<li> Devis d\u00e9taill\u00e9 et calendrier des travaux<\/li>\n<li> Des caisses sp\u00e9cialement con\u00e7ues pour le transport de documents et de petits objets.<\/li>\n<li> Gamme compl\u00e8te de caisses (scell\u00e9es et \u00e0 couvercle), mat\u00e9riel d'emballage, chariots, housses de protection et chariots.<\/li>\n<li> Mat\u00e9riel informatique enti\u00e8rement prot\u00e9g\u00e9<\/li>\n<li> Le personnel informatique est pr\u00e9sent pour d\u00e9monter et remonter les ordinateurs.<\/li>\n<li> Installation d'archivage et de stockage de documents<\/li>\n<li> D\u00e9montage et remontage des bureaux, des postes de travail et des rayonnages.<\/li>\n<li> Service complet d'exp\u00e9dition dans le monde entier et en Europe, plus services informatiques et de communication<\/li>\n<\/ul>\n<p><strong>Se d\u00e9placer au sein de la <a href=\"https:\/\/moverdb.com\/fr\/moving-to-the-uk\/\" data-internallinksmanager029f6b8e52c=\"93\" title=\"Vous partez au Royaume-Uni ? 2026 Co\u00fbt de la vie et conseils de relocalisation\">ROYAUME-UNI<\/a><\/strong><\/p>\n<ul>\n<li> Affectation d'un agent de d\u00e9m\u00e9nagement britannique personnel<\/li>\n<li> Devis \u00e9crit d\u00e9taill\u00e9 fourni<\/li>\n<li> Service de porte \u00e0 porte<\/li>\n<li> Emballeurs experts<\/li>\n<li> Le mat\u00e9riel d'emballage peut \u00eatre fourni<\/li>\n<li> Assurance souscrite<\/li>\n<li> Rangement am\u00e9nag\u00e9<\/li>\n<\/ul>\n<p><strong>Solutions de stockage<\/strong><\/p>\n<ul>\n<li> Unit\u00e9s de self-stockage pour entreprises, commerces et particuliers<\/li>\n<li> Stockage des conteneurs<\/li>\n<li> Stockage des \u00e9tudiants<\/li>\n<li> Stockage d'affaires<\/li>\n<li> Stockage des archives<\/li>\n<li> Surveillance CCTV 24 heures sur 24<\/li>\n<li> Acc\u00e8s pendant les heures de travail<\/li>\n<\/ul>\n<p>Ils sont \u00e9galement <a href=\"https:\/\/moverdb.com\/fr\/atlas-van-lines-international\/\" rel=\"noopener\" target=\"_blank\">Atlas Van Lines<\/a> agent au Royaume-Uni.<\/p>\n<h2>D\u00e9m\u00e9nagement et stockage Fox<\/h2>\n<p>Fox Moving &amp; Storage a \u00e9t\u00e9 fond\u00e9 par Roy Fox en 1971. Sa famille \u00e9tait dans le secteur du d\u00e9m\u00e9nagement et du stockage depuis les ann\u00e9es 1920. Depuis sa cr\u00e9ation, la soci\u00e9t\u00e9 est pass\u00e9e d'une petite entreprise familiale desservant le sud du Pays de Galles \u00e0 une soci\u00e9t\u00e9 qui r\u00e9pond aujourd'hui aux besoins de clients internationaux et locaux, entreprises et particuliers. L'entreprise est maintenant dirig\u00e9e par le fils et les deux petits-fils de Roy Fox. <\/p>\n<p>Fox Moving &amp; Storage s'engage \u00e0 mener ses activit\u00e9s de mani\u00e8re \u00e0 respecter pleinement l'environnement, ses employ\u00e9s et, surtout, ses clients. Ils s'engagent \u00e9galement \u00e0 fournir un environnement de travail s\u00fbr et efficace qui profitera non seulement \u00e0 leur personnel mais aussi \u00e0 leurs clients.<\/p>\n<p>Les affiliations et accr\u00e9ditations de Fox Moving :<\/p>\n<ul>\n<li> <a href=\"https:\/\/moverdb.com\/fr\/british-association-of-removers\/\">L'association britannique des d\u00e9m\u00e9nageurs<\/a> (<a href=\"https:\/\/moverdb.com\/fr\/british-association-of-removers\/\" data-internallinksmanager029f6b8e52c=\"9\" title=\"Explication de la British Association of Removers (BAR)\">BAR<\/a>)<\/li>\n<li> Institut des normes commerciales (TSI)<\/li>\n<li> <a href=\"https:\/\/moverdb.com\/fr\/bar-overseas\/\">Groupe outre-mer de la British Association of Removers<\/a><\/li>\n<li> <a href=\"https:\/\/moverdb.com\/fr\/fidi-faim\/\">F\u00e9d\u00e9ration Internationale des D\u00e9m\u00e9nageurs Internationaux<\/a> (<a href=\"https:\/\/moverdb.com\/fr\/fidi-faim\/\" data-internallinksmanager029f6b8e52c=\"16\" title=\"Explication de la FIDI et du FAIM (FIDI Accredited International Mover)\">FIDI<\/a>)<\/li>\n<li> <a href=\"https:\/\/moverdb.com\/fr\/fidi-faim\/\">D\u00e9m\u00e9nageur international accr\u00e9dit\u00e9 par la FIDI<\/a> (FAIM)<\/li>\n<li> Norme de service \"Qualit\u00e9 assur\u00e9e\" - D\u00e9m\u00e9nagement commercial<\/li>\n<li> Norme d'assurance de la qualit\u00e9 des services - Syst\u00e8mes de gestion de la qualit\u00e9<\/li>\n<li> Norme de service \"Qualit\u00e9 assur\u00e9e\" - Syst\u00e8mes de gestion environnementale<\/li>\n<\/ul>\n<h2>Avis sur Fox Moving &amp; Storage<\/h2>\n<p><strong>Positif<\/strong><\/p>\n<ul>\n<li> <em>\"Une \u00e9quipe de d\u00e9m\u00e9nageurs amicale et efficace.\"<\/em> - M. Hamer via <a href=\"http:\/\/www.fox-moving.com\/reviews\/\" target=\"_blank\" rel=\"noopener\">Page des commentaires de Fox Moving<\/a><\/li>\n<li> <em>\"Service excellent, professionnel et courtois. Aucune plainte ; tout s'est d\u00e9roul\u00e9 selon un plan efficace. Foxes n'est pas 'le moins cher' ; mais vous en avez pour votre argent - la qualit\u00e9 !\"<\/em> - Patricia via <a href=\"http:\/\/ww2.feefo.com\/en-us\/reviews\/fox-moving\/571f3e07498e08d16aafb163\/customer-review-top-notch-service\" target=\"_blank\" rel=\"noopener\">Feefo<\/a><\/li>\n<li> <em>\"Le service que j'ai re\u00e7u de Fox \u00e9tait sans \u00e9gal, de ma demande initiale \u00e0 l'ex\u00e9cution. Je dois \u00e9galement remercier tout particuli\u00e8rement mes d\u00e9m\u00e9nageurs le jour m\u00eame.\"<\/em> - Beverley via <a href=\"http:\/\/trustedtraders.which.co.uk\/businesses\/fox-moving-storage-cwmbran\/\" target=\"_blank\" rel=\"noopener\">N\u00e9gociants de confiance<\/a><\/li>\n<li> <em>\"Nous avons chang\u00e9 de pays 6 fois en autant d'ann\u00e9es. Notre dernier d\u00e9m\u00e9nagement \u00e9tait de Vienne \u00e0 <a href=\"https:\/\/moverdb.com\/fr\/moving-to-london\/\">Londres<\/a> et c'\u00e9tait le meilleur d\u00e9m\u00e9nagement que nous ayons jamais v\u00e9cu et nous ne pouvons pas remercier Fox assez.\"<\/em> - Sarah via Facebook.<\/li>\n<\/ul>\n<p><strong>N\u00e9gatif<\/strong><\/p>\n<ul>\n<li> <em>\"Ma femme et moi avons \u00e9t\u00e9 choqu\u00e9s par la qualit\u00e9 du service que nous avons re\u00e7u. L'\u00e9quipage a \u00e9t\u00e9 n\u00e9gligent avec nos biens, n'a rien fait pour nous prot\u00e9ger contre le temps \u00e9pouvantable des jours en question.\"<\/em> - Anthony via  <a href=\"http:\/\/ww2.feefo.com\/en-us\/reviews\/fox-moving\/571f3e07498e08d16aafb1a9\/customer-review-a-shockingly-bad-service\" target=\"_blank\" rel=\"noopener\">Feefo<\/a><\/li>\n<li> <em>\"Beaucoup de dommages caus\u00e9s aux biens par les d\u00e9m\u00e9nageurs. Pas beaucoup de soin apport\u00e9. Des articles laiss\u00e9s un peu partout, y compris \u00e0 l'ext\u00e9rieur\".<\/em> - Paul via <a href=\"http:\/\/trustedtraders.which.co.uk\/businesses\/fox-moving-storage-cwmbran\/\" target=\"_blank\" rel=\"noopener\">N\u00e9gociants de confiance<\/a><\/li>\n<li> <em>\"Entreprise choquante. Les d\u00e9m\u00e9nageurs se sont disput\u00e9s toute la journ\u00e9e, se chamaillant et s'injuriant les uns les autres, ce qui a fait de ce d\u00e9m\u00e9nagement d\u00e9j\u00e0 stressant un v\u00e9ritable cauchemar\".<\/em> - Mike via <a href=\"https:\/\/www.yell.com\/biz\/fox-moving-and-storage-ltd-cwmbran-6113370\/\" target=\"_blank\" rel=\"noopener\">Yell<\/a><\/li>\n<\/ul>\n<div itemprop=\"review\" itemscope itemtype=\"http:\/\/schema.org\/Review\">\n<span itemprop=\"author\" itemscope=\"\" itemtype=\"http:\/\/schema.org\/Organization\"><span itemprop=\"name\">MoverDB.com<\/span><\/span> Examen en ligne du site Web pour <span itemprop=\"itemreviewed\" itemscope=\"\" itemtype=\"http:\/\/schema.org\/Brand\"><span itemprop=\"name\">D\u00e9m\u00e9nagement et stockage Fox<\/span><\/span>:<\/p>\n<ol>\n<li> Coordonn\u00e9es claires sur le site web (y compris le num\u00e9ro de t\u00e9l\u00e9phone) : <strong>Oui<\/strong><\/li>\n<li> Facile \u00e0 obtenir <a href=\"https:\/\/moverdb.com\/fr\/citations\/\">devis de d\u00e9m\u00e9nagements internationaux<\/a>? (Formulaire de demande de devis en ligne) : <strong>Oui<\/strong><\/li>\n<li> Informations claires sur le site web : <strong>Oui<\/strong>Le site web est plein d'informations utiles et poss\u00e8de un blog informatif.<\/li>\n<li> Adh\u00e9sion \u00e0 des organisations internationales de d\u00e9m\u00e9nagement reconnues : <strong>Oui<\/strong>voir ci-dessus<\/li>\n<li> Liste de clients et\/ou t\u00e9moignages de clients pr\u00e9c\u00e9dents : <strong>Oui<\/strong>Il existe une page consacr\u00e9e aux t\u00e9moignages des clients sur le site, et les avis recueillis sur le web sont g\u00e9n\u00e9ralement tr\u00e8s positifs, avec seulement quelques avis n\u00e9gatifs.<\/li>\n<\/ol>\n<div itemprop=\"reviewRating\" itemscope itemtype=\"http:\/\/schema.org\/Rating\"><meta itemprop=\"worstRating\" content = \"0\" \/><meta itemprop=\"bestRating\" content=\"5\" \/><meta itemprop=\"ratingValue\" content=\"5\"><\/div>\n<p><strong>Note globale : 5\/5<\/strong><br \/>\n<strong>Date de r\u00e9vision :<\/strong> <span itemprop=\"datePublished\" content=\"2018-01-30\">30\/01\/18<\/span>\n<\/div>\n<p>Plus d'informations sur <a href=\"https:\/\/moverdb.com\/fr\/demenagements-internationaux\/\">d\u00e9m\u00e9nagements internationaux<\/a> et notre <a href=\"https:\/\/moverdb.com\/fr\/revues\/\">processus de r\u00e9vision<\/a>.<\/p>\n<p><strong>Site web :<\/strong> <a href=\"http:\/\/www.fox-moving.com\/\" target=\"_blank\" rel=\"noopener\">http:\/\/www.fox-moving.com\/<\/a><\/p>","protected":false},"excerpt":{"rendered":"<p>Fox Moving &#038; Storage is based in Cwmbran, Wales. Below you will find a list of their services both internationally and locally, together with a company profile and reviews. Moving Internationally &#8211; Corporate and Individual Personal international removals agent Comprehensive quotation, moving schedule and timescale Expert packing team Provides customs and excise documentation Local agents [&hellip;]<\/p>\n","protected":false},"author":1,"featured_media":0,"parent":0,"menu_order":0,"comment_status":"closed","ping_status":"closed","template":"","meta":{"_genesis_hide_title":false,"_genesis_hide_breadcrumbs":false,"_genesis_hide_singular_image":false,"_genesis_hide_footer_widgets":false,"_genesis_custom_body_class":"","_genesis_custom_post_class":"","_genesis_layout":"","footnotes":""},"class_list":{"0":"post-906","1":"page","2":"type-page","3":"status-publish","5":"entry"},"_links":{"self":[{"href":"https:\/\/moverdb.com\/fr\/wp-json\/wp\/v2\/pages\/906","targetHints":{"allow":["GET"]}}],"collection":[{"href":"https:\/\/moverdb.com\/fr\/wp-json\/wp\/v2\/pages"}],"about":[{"href":"https:\/\/moverdb.com\/fr\/wp-json\/wp\/v2\/types\/page"}],"author":[{"embeddable":true,"href":"https:\/\/moverdb.com\/fr\/wp-json\/wp\/v2\/users\/1"}],"replies":[{"embeddable":true,"href":"https:\/\/moverdb.com\/fr\/wp-json\/wp\/v2\/comments?post=906"}],"version-history":[{"count":9,"href":"https:\/\/moverdb.com\/fr\/wp-json\/wp\/v2\/pages\/906\/revisions"}],"predecessor-version":[{"id":6211,"href":"https:\/\/moverdb.com\/fr\/wp-json\/wp\/v2\/pages\/906\/revisions\/6211"}],"wp:attachment":[{"href":"https:\/\/moverdb.com\/fr\/wp-json\/wp\/v2\/media?parent=906"}],"curies":[{"name":"wp","href":"https:\/\/api.w.org\/{rel}","templated":true}]}}