{"id":895,"date":"2016-10-11T05:16:54","date_gmt":"2016-10-11T05:16:54","guid":{"rendered":"http:\/\/moverdb.com\/?page_id=895"},"modified":"2026-01-08T14:48:03","modified_gmt":"2026-01-08T14:48:03","slug":"constantine-moving","status":"publish","type":"page","link":"https:\/\/moverdb.com\/fr\/constantine-moving\/","title":{"rendered":"D\u00e9m\u00e9nagement Constantine : Avis sur les d\u00e9m\u00e9nagements internationaux"},"content":{"rendered":"<p>Les services de Constantine Moving sont \u00e9num\u00e9r\u00e9s ci-dessous, suivis d'un profil de l'entreprise et de commentaires.<\/p>\n<p><strong>D\u00e9m\u00e9nagement international<\/strong><\/p>\n<ul>\n<li> Rendez-vous avant le d\u00e9m\u00e9nagement<\/li>\n<li> Devis, plan de d\u00e9m\u00e9nagement et calendrier gratuits<\/li>\n<li> \u00c9quipe d'emballage hautement exp\u00e9riment\u00e9e et form\u00e9e professionnellement<\/li>\n<li> Stockage disponible<\/li>\n<li> Exp\u00e9dition par voie maritime<\/li>\n<li> Envoi par avion<\/li>\n<li> Transport routier<\/li>\n<li> D\u00e9douanement<\/li>\n<li> Livraison au nouveau domicile<\/li>\n<li> D\u00e9ballage et remontage des meubles<\/li>\n<li> Enl\u00e8vement de tous les emballages pour le recyclage<\/li>\n<\/ul>\n<p><strong>D\u00e9m\u00e9nagement d'\u0153uvres d'art<\/strong><\/p>\n<ul>\n<li> Concevoir et fabriquer des \u00e9tuis pour des objets de toute taille<\/li>\n<li> Un coordinateur de projet d\u00e9di\u00e9<\/li>\n<li> Mat\u00e9riaux d'emballage sp\u00e9cialis\u00e9s<\/li>\n<li> Des techniciens d'emballage form\u00e9s professionnellement et tr\u00e8s exp\u00e9riment\u00e9s<\/li>\n<li> Transports par route, air ou mer<\/li>\n<li> Installer tout, des petits objets d\u00e9licats aux grandes pi\u00e8ces de mus\u00e9e<\/li>\n<li> Les techniciens portent des \u00e9quipements de manutention tels que des \u00e9chafaudages, des \u00e9chelles, etc.<\/li>\n<li> Stockage dans un environnement \u00e0 humidit\u00e9 contr\u00f4l\u00e9e avec vid\u00e9osurveillance 24 heures sur 24.<\/li>\n<li> D\u00e9cantations de mus\u00e9e<\/li>\n<li> Installations de la galerie<\/li>\n<li> D\u00e9placement de collections enti\u00e8res<\/li>\n<\/ul>\n<p><strong>Stockage<\/strong><\/p>\n<ul>\n<li> Des installations de stockage prot\u00e9g\u00e9es par d'importantes mesures de s\u00e9curit\u00e9<\/li>\n<li> Environnement \u00e0 humidit\u00e9 contr\u00f4l\u00e9e pour prot\u00e9ger les tr\u00e9sors stock\u00e9s<\/li>\n<\/ul>\n<p><strong>Services auxiliaires<\/strong><\/p>\n<ul>\n<li> <a href=\"https:\/\/moverdb.com\/fr\/car-transport-shipping\/\" data-internallinksmanager029f6b8e52c=\"2\" title=\"2026 Devis pour le transport international de voitures et l&#039;exp\u00e9dition de v\u00e9hicules\">Exp\u00e9dition de voitures<\/a> &amp; Stockage<\/li>\n<li> Transport des animaux<\/li>\n<li> Homme \u00e0 tout faire (d\u00e9montage et remontage de meubles sp\u00e9cialis\u00e9s, d'\u00e9quipements, etc.)<\/li>\n<li> Accrochage de tableaux\/Installation d'\u0153uvres d'art<\/li>\n<li> Mise en caisse sp\u00e9ciale (pour les articles fragiles ou de grande valeur)<\/li>\n<li> Nettoyage de la maison<\/li>\n<li> Service de nettoyage (lavage, rangement de <a href=\"https:\/\/moverdb.com\/fr\/moving-to-china\/\" data-internallinksmanager029f6b8e52c=\"357\" title=\"D\u00e9m\u00e9nager en Chine ? 2026 Co\u00fbts de la vie et conseils de relocalisation\">chine<\/a>la verrerie, les v\u00eatements, etc.)<\/li>\n<li> \u00c9lectricien ou plombier<\/li>\n<li> D\u00e9branchement et r\u00e9installation de l'antenne de t\u00e9l\u00e9vision par satellite<\/li>\n<li> D\u00e9m\u00e9nagement s\u00e9curis\u00e9 par un sp\u00e9cialiste<\/li>\n<li> D\u00e9montage et r\u00e9installation des cadres de fen\u00eatres et de portes<\/li>\n<li> Ascenseur ext\u00e9rieur (ascenseur sp\u00e9cialis\u00e9) pour acc\u00e9der \u00e0 la r\u00e9sidence par les \u00e9tages sup\u00e9rieurs.<\/li>\n<li> Location de meubles<\/li>\n<li> Restauration et r\u00e9paration de meubles<\/li>\n<\/ul>\n<h2>Profil de la soci\u00e9t\u00e9 de d\u00e9m\u00e9nagement Constantine<\/h2>\n<p>Le groupe de soci\u00e9t\u00e9s Constantine a vu le jour au milieu du 19e si\u00e8cle, lorsque Joseph Constantine et d'autres membres de sa famille ont rachet\u00e9 une soci\u00e9t\u00e9 propri\u00e9taire de voiliers. \u00c0 l'\u00e9poque o\u00f9 la vapeur a supplant\u00e9 la voile, le groupe Constantine s'est d\u00e9velopp\u00e9 au point de devenir l'un des plus grands armateurs du monde. <a href=\"https:\/\/moverdb.com\/fr\/moving-to-the-uk\/\" data-internallinksmanager029f6b8e52c=\"93\" title=\"Vous partez au Royaume-Uni ? 2026 Co\u00fbt de la vie et conseils de relocalisation\">ROYAUME-UNI<\/a>.<\/p>\n<p>La Premi\u00e8re et la Seconde Guerre mondiale ont malheureusement emport\u00e9 leurs navires, et le groupe s'est donc tourn\u00e9 vers les voyages, <a href=\"https:\/\/moverdb.com\/fr\/transporteur-de-marchandises\/\">exp\u00e9dition de fret<\/a> et l'investissement immobilier. Aujourd'hui, Constantine Moving se concentre sur le d\u00e9m\u00e9nagement de personnes et d'\u0153uvres d'art dans le monde entier. Ils sont fiers de d\u00e9tenir un mandat royal en reconnaissance des services rendus \u00e0 la reine Elizabeth II.<\/p>\n<p>Constantine Moving affiliations et accr\u00e9ditations :<\/p>\n<ul>\n<li> <a href=\"https:\/\/moverdb.com\/fr\/british-association-of-removers\/\">L'association britannique des d\u00e9m\u00e9nageurs<\/a> (<a href=\"https:\/\/moverdb.com\/fr\/british-association-of-removers\/\" data-internallinksmanager029f6b8e52c=\"9\" title=\"Explication de la British Association of Removers (BAR)\">BAR<\/a>)<\/li>\n<li> <a href=\"https:\/\/moverdb.com\/fr\/fidi-faim\/\">FIDI<\/a><\/li>\n<li> <a href=\"https:\/\/moverdb.com\/fr\/fidi-faim\/\">FAIM<\/a><\/li>\n<li> Institut des normes commerciales (TSI)<\/li>\n<li> <a href=\"https:\/\/moverdb.com\/fr\/je-suis\/\">Association internationale des d\u00e9m\u00e9nageurs<\/a> (<a href=\"https:\/\/moverdb.com\/fr\/iam\/\" data-internallinksmanager029f6b8e52c=\"23\" title=\"L&#039;Association internationale des d\u00e9m\u00e9nageurs (IAM) expliqu\u00e9e\">IAM<\/a>)<\/li>\n<li> R\u00e9union internationale des transporteurs d'art (ARTIM)<\/li>\n<li> Par nomination aupr\u00e8s de Sa Majest\u00e9 la Reine<\/li>\n<\/ul>\n<h2>Avis sur les d\u00e9m\u00e9nagements \u00e0 Constantine<\/h2>\n<p><em>Il n'y a actuellement aucune critique positive ou n\u00e9gative de pour Constantine Moving en ligne.<\/em><\/p>\n<div itemprop=\"review\" itemscope itemtype=\"http:\/\/schema.org\/Review\">\n<span itemprop=\"author\" itemscope=\"\" itemtype=\"http:\/\/schema.org\/Organization\"><span itemprop=\"name\">MoverDB.com<\/span><\/span> Examen en ligne du site Web pour <span itemprop=\"itemreviewed\" itemscope=\"\" itemtype=\"http:\/\/schema.org\/Brand\"><span itemprop=\"name\">D\u00e9m\u00e9nagement \u00e0 Constantine<\/span><\/span>:<\/p>\n<ol>\n<li> Coordonn\u00e9es claires sur le site web (y compris le num\u00e9ro de t\u00e9l\u00e9phone) : <strong>Oui<\/strong><\/li>\n<li> Facile \u00e0 obtenir <a href=\"https:\/\/moverdb.com\/fr\/citations\/\">devis de d\u00e9m\u00e9nagements internationaux<\/a>? (Formulaire de demande de devis en ligne) : <strong>Non<\/strong><\/li>\n<li> Informations claires sur le site web : <strong>Certains,<\/strong> Le site web ne contient pas beaucoup d'informations d\u00e9taill\u00e9es. Il est fourni au stade de la planification.<\/li>\n<li> Adh\u00e9sion \u00e0 des organisations internationales de d\u00e9m\u00e9nagement reconnues : <strong>Oui<\/strong>voir ci-dessus.<\/li>\n<li> Liste de clients et\/ou t\u00e9moignages de clients pr\u00e9c\u00e9dents : <strong>Non<\/strong>Bien que la reine Elizabeth II et la famille royale fassent partie de leurs clients.<\/li>\n<\/ol>\n<div itemprop=\"reviewRating\" itemscope itemtype=\"http:\/\/schema.org\/Rating\"><meta itemprop=\"worstRating\" content = \"0\" \/><meta itemprop=\"bestRating\" content=\"5\" \/><meta itemprop=\"ratingValue\" content=\"4\"><\/div>\n<p><strong>Note globale : 4\/5<\/strong><br \/>\n<strong>Date de r\u00e9vision :<\/strong> <span itemprop=\"datePublished\" content=\"2016-10-11\">11\/10\/16<\/span>\n<\/div>\n<p>En savoir plus sur <a href=\"https:\/\/moverdb.com\/fr\/demenagements-internationaux\/\">entreprises de d\u00e9m\u00e9nagement international<\/a> et notre <a href=\"https:\/\/moverdb.com\/fr\/revues\/\">processus de r\u00e9vision<\/a>.<\/p>\n<p><strong>Site web :<\/strong> <a href=\"http:\/\/www.constantinemoving.com\/\" target=\"_blank\" rel=\"noopener\">http:\/\/www.constantinemoving.com\/<\/a><\/p>","protected":false},"excerpt":{"rendered":"<p>The services of Constantine Moving are listed below, following by a company profile and reviews. International Home Moving Pre-move appointment Free quote, move plan and timetable Highly experienced professionally trained packing crew Storage available Sea shipment Air shipment Road transportation Customs clearance Delivery to new home Unpacking and reassembling of furniture Removal of all packing [&hellip;]<\/p>\n","protected":false},"author":1,"featured_media":0,"parent":0,"menu_order":0,"comment_status":"closed","ping_status":"closed","template":"","meta":{"_genesis_hide_title":false,"_genesis_hide_breadcrumbs":false,"_genesis_hide_singular_image":false,"_genesis_hide_footer_widgets":false,"_genesis_custom_body_class":"","_genesis_custom_post_class":"","_genesis_layout":"","footnotes":""},"class_list":{"0":"post-895","1":"page","2":"type-page","3":"status-publish","5":"entry"},"_links":{"self":[{"href":"https:\/\/moverdb.com\/fr\/wp-json\/wp\/v2\/pages\/895","targetHints":{"allow":["GET"]}}],"collection":[{"href":"https:\/\/moverdb.com\/fr\/wp-json\/wp\/v2\/pages"}],"about":[{"href":"https:\/\/moverdb.com\/fr\/wp-json\/wp\/v2\/types\/page"}],"author":[{"embeddable":true,"href":"https:\/\/moverdb.com\/fr\/wp-json\/wp\/v2\/users\/1"}],"replies":[{"embeddable":true,"href":"https:\/\/moverdb.com\/fr\/wp-json\/wp\/v2\/comments?post=895"}],"version-history":[{"count":3,"href":"https:\/\/moverdb.com\/fr\/wp-json\/wp\/v2\/pages\/895\/revisions"}],"predecessor-version":[{"id":6195,"href":"https:\/\/moverdb.com\/fr\/wp-json\/wp\/v2\/pages\/895\/revisions\/6195"}],"wp:attachment":[{"href":"https:\/\/moverdb.com\/fr\/wp-json\/wp\/v2\/media?parent=895"}],"curies":[{"name":"wp","href":"https:\/\/api.w.org\/{rel}","templated":true}]}}