{"id":893,"date":"2016-09-28T05:29:53","date_gmt":"2016-09-28T05:29:53","guid":{"rendered":"http:\/\/moverdb.com\/?page_id=893"},"modified":"2026-01-08T14:40:01","modified_gmt":"2026-01-08T14:40:01","slug":"john-mason","status":"publish","type":"page","link":"https:\/\/moverdb.com\/fr\/john-mason\/","title":{"rendered":"John Mason International Movers : Commentaires sur les d\u00e9m\u00e9nagements"},"content":{"rendered":"<p>John Mason International Movers propose \u00e0 ses clients divers services de d\u00e9m\u00e9nagement, \u00e9num\u00e9r\u00e9s ci-dessous. Vous y trouverez \u00e9galement un profil de l'entreprise et des commentaires.<\/p>\n<p><strong><a href=\"https:\/\/moverdb.com\/fr\/container-shipping\/\" data-internallinksmanager029f6b8e52c=\"3\" title=\"Graphique des taux d&#039;exp\u00e9dition des conteneurs internationaux : Avril 2026\">Exp\u00e9dition internationale<\/a> Services - \u00e0 destination et en provenance de l <a href=\"https:\/\/moverdb.com\/fr\/moving-to-the-uk\/\" data-internallinksmanager029f6b8e52c=\"93\" title=\"Vous partez au Royaume-Uni ? 2026 Co\u00fbt de la vie et conseils de relocalisation\">ROYAUME-UNI<\/a><\/strong><\/p>\n<ul>\n<li> Service de porte \u00e0 porte<\/li>\n<li> Un responsable du d\u00e9m\u00e9nagement d\u00e9di\u00e9<\/li>\n<li> Emballage professionnel pour l'exportation \u00e0 domicile<\/li>\n<li> Exp\u00e9dition par voie a\u00e9rienne ou maritime<\/li>\n<li> <a href=\"https:\/\/moverdb.com\/fr\/expedition-par-conteneur\/\">Chargement complet du conteneur ou conteneur partag\u00e9<\/a><\/li>\n<li> Service de bagage pour les articles individuels<\/li>\n<li> R\u00e9seau d'agents professionnels dans le monde entier<\/li>\n<li> D\u00e9douanement<\/li>\n<li> Livraison et d\u00e9ballage dans le nouveau domicile<\/li>\n<li> Stockage \u00e0 l'origine et \u00e0 la destination<\/li>\n<li> Assurance maritime tous risques<\/li>\n<li> Services d'entretien m\u00e9nager et de bricolage<\/li>\n<\/ul>\n<p><strong>Services de relocalisation internationale<\/strong><\/p>\n<ul>\n<li> Aide \u00e0 la vente de la maison<\/li>\n<li> Service de d\u00e9part : r\u00e9gler les derniers d\u00e9tails, par exemple les petites r\u00e9parations et le nettoyage.<\/li>\n<li> Gestion des d\u00e9m\u00e9nagements<\/li>\n<li> Visites d'orientation - y compris la visite de la propri\u00e9t\u00e9 et des \u00e9coles<\/li>\n<li> Formation culturelle et linguistique<\/li>\n<li> S'installer - ouvrir des comptes bancaires, s'inscrire chez le m\u00e9decin et le dentiste et une myriade d'autres t\u00e2ches pour se faciliter la vie.<\/li>\n<li> D\u00e9placement d'un animal de compagnie<\/li>\n<\/ul>\n<p><strong>Exp\u00e9dition et d\u00e9m\u00e9nagements europ\u00e9ens<\/strong><\/p>\n<ul>\n<li> Une flotte de v\u00e9hicules europ\u00e9ens sp\u00e9cialement con\u00e7us<\/li>\n<li> Des responsables de d\u00e9m\u00e9nagement d\u00e9di\u00e9s<\/li>\n<li> Service de porte \u00e0 porte<\/li>\n<li> Service sp\u00e9cialis\u00e9 - le v\u00e9hicule contient les marchandises d'une personne ou d'une entreprise.<\/li>\n<li> Service \u00e0 charge partielle<\/li>\n<li> Options d'emballage - emballage par le propri\u00e9taire, articles choisis emball\u00e9s par des professionnels, emballage professionnel complet.<\/li>\n<li> Assistance en mati\u00e8re de douanes et d'accises, le cas \u00e9ch\u00e9ant<\/li>\n<li> Stockage <\/li>\n<li> Assurance<\/li>\n<li> Le fret a\u00e9rien peut \u00eatre organis\u00e9<\/li>\n<\/ul>\n<p><strong>Services d'exp\u00e9dition commerciale<\/strong><\/p>\n<ul>\n<li> Fret a\u00e9rien<\/li>\n<li> FCL<\/li>\n<li> LCL<\/li>\n<li> Groupage<\/li>\n<li> Services routiers europ\u00e9ens<\/li>\n<\/ul>\n<p><strong>Services de stockage<\/strong><\/p>\n<ul>\n<li> Stockage des archives<\/li>\n<li> Stockage des bateaux<\/li>\n<li> Stockage des caravanes<\/li>\n<li> Stockage commercial<\/li>\n<li> Stockage domestique<\/li>\n<li> Stockage des motos<\/li>\n<li> Entreposage libre-service<\/li>\n<li> Stockage des \u00e9tudiants<\/li>\n<li> Stockage des v\u00e9hicules<\/li>\n<\/ul>\n<h2>Profil de la soci\u00e9t\u00e9 John Mason International Movers<\/h2>\n<p>La soci\u00e9t\u00e9 John Mason International Movers a \u00e9t\u00e9 cr\u00e9\u00e9e par Mary Mason en 1884. Elle a \u00e9t\u00e9 rejointe par son fils, John Mason, en 1887, alors que leur activit\u00e9 principale \u00e9tait le transport de charbon. John Mason a repris l'entreprise de sa m\u00e8re en 1890 et a lanc\u00e9 une activit\u00e9 de transport g\u00e9n\u00e9ral et de d\u00e9m\u00e9nagement. <a href=\"https:\/\/moverdb.com\/fr\/moving-companies\/\" data-internallinksmanager029f6b8e52c=\"79\" title=\"Les 25 meilleures soci\u00e9t\u00e9s de d\u00e9m\u00e9nagement international en ligne\">soci\u00e9t\u00e9 de d\u00e9m\u00e9nagement<\/a>. L'entreprise a continu\u00e9 \u00e0 se d\u00e9velopper et \u00e0 prosp\u00e9rer et, en 1955, elle a mis en place un service de d\u00e9m\u00e9nagement quotidien \u00e0 destination de l'Europe. <a href=\"https:\/\/moverdb.com\/fr\/moving-to-ireland\/\" data-internallinksmanager029f6b8e52c=\"320\" title=\"Vous d\u00e9m\u00e9nagez en Irlande ? 2026 Co\u00fbts de la vie et conseils de relocalisation\">Irlande<\/a>. <\/p>\n<p>John Mason n'a cess\u00e9 de se d\u00e9velopper et effectue aujourd'hui une moyenne de 8 000 d\u00e9m\u00e9nagements dans le monde entier chaque ann\u00e9e. Les d\u00e9m\u00e9nagements internationaux, les d\u00e9m\u00e9nagements d'entreprises et commerciaux, les d\u00e9m\u00e9nagements de m\u00e9nages et le stockage constituent la base de cette entreprise familiale. Sa vision est d'offrir un service de d\u00e9m\u00e9nagement totalement flexible, en mettant l'accent sur les valeurs familiales et l'int\u00e9grit\u00e9.<\/p>\n<p>Affiliations et accr\u00e9ditations de John Mason :<\/p>\n<ul>\n<li> <a href=\"https:\/\/moverdb.com\/fr\/british-association-of-removers\/\">L'association britannique des d\u00e9m\u00e9nageurs<\/a> (<a href=\"https:\/\/moverdb.com\/fr\/british-association-of-removers\/\" data-internallinksmanager029f6b8e52c=\"9\" title=\"Explication de la British Association of Removers (BAR)\">BAR<\/a>)<\/li>\n<li> <a href=\"https:\/\/moverdb.com\/fr\/bar-overseas\/\">L'Association britannique des d\u00e9m\u00e9nageurs D\u00e9m\u00e9nageur d'outre-mer<\/a><\/li>\n<li> R\u00e9seau international de d\u00e9m\u00e9nagements outre-mer (OMNI)<\/li>\n<li> <a href=\"https:\/\/moverdb.com\/fr\/fidi-faim\/\">La F\u00e9d\u00e9ration internationale des d\u00e9m\u00e9nageurs internationaux<\/a> (<a href=\"https:\/\/moverdb.com\/fr\/fidi-faim\/\" data-internallinksmanager029f6b8e52c=\"16\" title=\"Explication de la FIDI et du FAIM (FIDI Accredited International Mover)\">FIDI<\/a>)<\/li>\n<li> <a href=\"https:\/\/moverdb.com\/fr\/fidi-faim\/\">FAIM<\/a><\/li>\n<li> <a href=\"https:\/\/moverdb.com\/fr\/mtc\/\">The Movers Trading Club<\/a> (<a href=\"https:\/\/moverdb.com\/fr\/mtc\/\" data-internallinksmanager029f6b8e52c=\"30\" title=\"Le Movers Trading Club (MTC) expliqu\u00e9\">MTC<\/a>)<\/li>\n<li> Institut des normes commerciales<\/li>\n<li> <a href=\"https:\/\/moverdb.com\/fr\/lacma\/\">Association des d\u00e9m\u00e9nageurs internationaux d'Am\u00e9rique latine et des Cara\u00efbes<\/a> (<a href=\"https:\/\/moverdb.com\/fr\/lacma\/\" data-internallinksmanager029f6b8e52c=\"28\" title=\"Association des d\u00e9m\u00e9nageurs internationaux d&#039;Am\u00e9rique latine et des Cara\u00efbes (LACMA)\">LACMA<\/a>)<\/li>\n<\/ul>\n<h2>Critiques de John Mason International Movers<\/h2>\n<p><strong>Positif<\/strong><\/p>\n<ul>\n<li> <em>\"Mon exp\u00e9rience avec John Mason a \u00e9t\u00e9 tr\u00e8s bonne, depuis la visite de Tony jusqu'\u00e0 l'emballage du conteneur aujourd'hui. Je recommanderai sans h\u00e9siter John Mason pour ses services de d\u00e9m\u00e9nagement.<\/em> - M.H. South Shields de <a href=\"http:\/\/www.johnmason.com\/about-us\/\" target=\"_blank\" rel=\"noopener\">Site web de John Mason<\/a>.<\/li>\n<li> <em>\"J'ai trouv\u00e9 l'\u00e9quipe de John Masons exceptionnelle. Depuis la visite \u00e0 domicile, leurs fr\u00e9quentes mises \u00e0 jour, les d\u00e9m\u00e9nageurs, tout a \u00e9t\u00e9 fantastique.\"<\/em> - Jaclyn via <a href=\"https:\/\/www.facebook.com\/johnmasoninternational\/reviews\/\" target=\"_blank\" rel=\"noopener\">Revue de Facebook<\/a><\/li>\n<li><em>\"Nous avons fait le m\u00eame d\u00e9m\u00e9nagement il y a 3 mois, en utilisant les d\u00e9m\u00e9nageurs internationaux de John Masons. Ils ont fait l'emballage et le d\u00e9ballage aussi. Je ne peux pas les recommander assez, pas une seule chose n'a \u00e9t\u00e9 cass\u00e9e ou perdue.\"<\/em> - via <a href=\"http:\/\/www.mumsnet.com\/Talk\/living_overseas\/1535416-Shipping-to-Australia\" target=\"_blank\" rel=\"noopener\">Mumsnet<\/a><\/li>\n<\/ul>\n<p><strong>N\u00e9gatif<\/strong><\/p>\n<p>Seulement <strong>6%<\/strong> de leurs avis sur Trustpilot sont \u00e0 1 ou 2 \u00e9toiles contre <strong>93%<\/strong> qui sont 4 ou 5 \u00e9toiles. Vous pouvez lire toutes ces critiques <a href=\"https:\/\/uk.trustpilot.com\/review\/www.johnmason.com\" rel=\"noopener\" target=\"_blank\">ici<\/a>.  <\/p>\n<div itemprop=\"review\" itemscope itemtype=\"http:\/\/schema.org\/Review\">\n<span itemprop=\"author\" itemscope=\"\" itemtype=\"http:\/\/schema.org\/Organization\"><span itemprop=\"name\">MoverDB.com<\/span><\/span> Examen en ligne du site Web pour <span itemprop=\"itemreviewed\" itemscope=\"\" itemtype=\"http:\/\/schema.org\/Brand\"><span itemprop=\"name\">D\u00e9m\u00e9nageurs internationaux John Mason<\/span><\/span>:<\/p>\n<ol>\n<li> Coordonn\u00e9es claires sur le site web (y compris le num\u00e9ro de t\u00e9l\u00e9phone) : <strong>Oui<\/strong><\/li>\n<li> Facile \u00e0 obtenir <a href=\"https:\/\/moverdb.com\/fr\/citations\/\">devis de d\u00e9m\u00e9nagements internationaux<\/a>? (Formulaire de demande de devis en ligne) : <strong>Oui<\/strong><\/li>\n<li> Informations claires sur le site web : <strong>Oui,<\/strong> Le site web est assez complet, mais des informations plus d\u00e9taill\u00e9es seront fournies sur demande.<\/li>\n<li> Adh\u00e9sion \u00e0 des organisations internationales de d\u00e9m\u00e9nagement reconnues : <strong>Oui<\/strong>voir ci-dessus.<\/li>\n<li> Liste de clients et\/ou t\u00e9moignages de clients pr\u00e9c\u00e9dents : <strong>Certains,<\/strong> les avis des clients figurent au bas de chaque page, mais aucune page ne leur est consacr\u00e9e. De plus, si les avis en ligne sont majoritairement positifs, il y a quelques avis n\u00e9gatifs.<\/li>\n<\/ol>\n<div itemprop=\"reviewRating\" itemscope itemtype=\"http:\/\/schema.org\/Rating\"><meta itemprop=\"worstRating\" content = \"0\" \/><meta itemprop=\"bestRating\" content=\"5\" \/><meta itemprop=\"ratingValue\" content=\"4\"><\/div>\n<p><strong>Note globale : 4\/5<\/strong><br \/>\n<strong>Date de r\u00e9vision :<\/strong> <span itemprop=\"datePublished\" content=\"2019-01-18\">18\/01\/2019<\/span>\n<\/div>\n<p>Plus d'informations sur <a href=\"https:\/\/moverdb.com\/fr\/demenagements-internationaux\/\">entreprises de d\u00e9m\u00e9nagement international<\/a> et notre <a href=\"https:\/\/moverdb.com\/fr\/revues\/\">processus de r\u00e9vision<\/a>.<\/p>\n<p><strong>Site web :<\/strong> <a href=\"http:\/\/www.johnmason.com\/\" target=\"_blank\" rel=\"noopener\">http:\/\/www.johnmason.com\/<\/a><\/p>","protected":false},"excerpt":{"rendered":"<p>John Mason International Movers offers clients various removal services which are listed below. There also follows a company profile and reviews. International Shipping Services &#8211; To and From the UK Door to door service Dedicated move manager Professional export packing at home Shipping by air or sea Full container load or shared container Baggage service [&hellip;]<\/p>\n","protected":false},"author":1,"featured_media":0,"parent":0,"menu_order":0,"comment_status":"closed","ping_status":"closed","template":"","meta":{"_genesis_hide_title":false,"_genesis_hide_breadcrumbs":false,"_genesis_hide_singular_image":false,"_genesis_hide_footer_widgets":false,"_genesis_custom_body_class":"","_genesis_custom_post_class":"","_genesis_layout":"","footnotes":""},"class_list":{"0":"post-893","1":"page","2":"type-page","3":"status-publish","5":"entry"},"_links":{"self":[{"href":"https:\/\/moverdb.com\/fr\/wp-json\/wp\/v2\/pages\/893","targetHints":{"allow":["GET"]}}],"collection":[{"href":"https:\/\/moverdb.com\/fr\/wp-json\/wp\/v2\/pages"}],"about":[{"href":"https:\/\/moverdb.com\/fr\/wp-json\/wp\/v2\/types\/page"}],"author":[{"embeddable":true,"href":"https:\/\/moverdb.com\/fr\/wp-json\/wp\/v2\/users\/1"}],"replies":[{"embeddable":true,"href":"https:\/\/moverdb.com\/fr\/wp-json\/wp\/v2\/comments?post=893"}],"version-history":[{"count":8,"href":"https:\/\/moverdb.com\/fr\/wp-json\/wp\/v2\/pages\/893\/revisions"}],"predecessor-version":[{"id":13168,"href":"https:\/\/moverdb.com\/fr\/wp-json\/wp\/v2\/pages\/893\/revisions\/13168"}],"wp:attachment":[{"href":"https:\/\/moverdb.com\/fr\/wp-json\/wp\/v2\/media?parent=893"}],"curies":[{"name":"wp","href":"https:\/\/api.w.org\/{rel}","templated":true}]}}