{"id":892,"date":"2016-10-03T05:36:50","date_gmt":"2016-10-03T05:36:50","guid":{"rendered":"http:\/\/moverdb.com\/?page_id=892"},"modified":"2026-01-08T14:48:20","modified_gmt":"2026-01-08T14:48:20","slug":"fn-removals","status":"publish","type":"page","link":"https:\/\/moverdb.com\/fr\/fn-removals\/","title":{"rendered":"F&amp;N Worldwide Removals : Commentaires sur les d\u00e9m\u00e9nagements internationaux"},"content":{"rendered":"<p>Les services de F&amp;N Worldwide Removals sont \u00e9num\u00e9r\u00e9s ci-dessous, avec le profil de l'entreprise et des commentaires.<\/p>\n<p><strong>D\u00e9m\u00e9nagements internationaux et europ\u00e9ens<\/strong><\/p>\n<ul>\n<li> Service de porte \u00e0 porte<\/li>\n<li> Emballage expert<\/li>\n<li> Caisses sur mesure, le cas \u00e9ch\u00e9ant<\/li>\n<li> Stockage si n\u00e9cessaire<\/li>\n<li> Organiser le transport par voie terrestre, maritime ou a\u00e9rienne<\/li>\n<li> Organiser <a href=\"https:\/\/moverdb.com\/fr\/voiture-transport-expedition\/\">l'exp\u00e9dition de v\u00e9hicules<\/a><\/li>\n<li> D\u00e9ballage \u00e0 l'arriv\u00e9e \u00e0 destination<\/li>\n<li> Experts disponibles dans le <a href=\"https:\/\/moverdb.com\/fr\/moving-to-the-uk\/\" data-internallinksmanager029f6b8e52c=\"93\" title=\"Vous partez au Royaume-Uni ? 2026 Co\u00fbt de la vie et conseils de relocalisation\">ROYAUME-UNI<\/a> et le pays de destination<\/li>\n<li> Traiter avec les douanes et les compagnies maritimes<\/li>\n<li> Assurance organis\u00e9e<\/li>\n<li> Organiser le transport depuis la destination <a href=\"https:\/\/moverdb.com\/fr\/top-49-container-ports\/\" data-internallinksmanager029f6b8e52c=\"80\" title=\"Les 49 ports \u00e0 conteneurs les plus importants et les plus fr\u00e9quent\u00e9s en 2025\">port<\/a><\/li>\n<\/ul>\n<p><strong>Relocalisation internationale d'entreprises<\/strong><\/p>\n<ul>\n<li> Visite d'enqu\u00eate pour discuter de la logistique<\/li>\n<li> Service de porte \u00e0 porte<\/li>\n<li> Emballage et d\u00e9ballage professionnels<\/li>\n<li> <a href=\"https:\/\/moverdb.com\/fr\/car-transport-shipping\/\" data-internallinksmanager029f6b8e52c=\"2\" title=\"2026 Devis pour le transport international de voitures et l&#039;exp\u00e9dition de v\u00e9hicules\">Exp\u00e9dition de v\u00e9hicules<\/a><\/li>\n<li> Services informatiques pour le retrait et le remontage de r\u00e9seaux informatiques<\/li>\n<li> Organiser la recherche d'\u00e9coles et de maisons pour les employ\u00e9s<\/li>\n<li> Location de meubles<\/li>\n<li> \u00c9v\u00e9nements du club des expatri\u00e9s<\/li>\n<li> Rencontres d'acclimatation culturelle<\/li>\n<li> Traiter avec les douanes et <a href=\"https:\/\/moverdb.com\/fr\/compagnies-maritimes\/\">soci\u00e9t\u00e9s de transport maritime<\/a><\/li>\n<li> Assurance souscrite<\/li>\n<li> Transport depuis le port de destination<\/li>\n<\/ul>\n<p><strong>D\u00e9m\u00e9nagements au Royaume-Uni<\/strong><\/p>\n<ul>\n<li> 25 v\u00e9hicules modernes en mouvement<\/li>\n<li> Service de porte \u00e0 porte<\/li>\n<li> Emballage et d\u00e9ballage professionnels si n\u00e9cessaire<\/li>\n<li> Bo\u00eetes et mat\u00e9riel d'emballage disponibles<\/li>\n<li> Stockage si n\u00e9cessaire<\/li>\n<li> Arrangement de l'assurance<\/li>\n<\/ul>\n<p><strong>Stockage<\/strong><\/p>\n<ul>\n<li> Entreposage libre-service avec acc\u00e8s 24 heures sur 24 et cam\u00e9ras de surveillance.<\/li>\n<li> Stockage de documents et d'archives<\/li>\n<li> Stockage conteneuris\u00e9 \u00e0 long terme<\/li>\n<\/ul>\n<h2>Profil de l'entreprise F&amp;N Worldwide Removals<\/h2>\n<p>F&amp;N Worldwide Removals a d\u00e9but\u00e9 en 1980 \u00e0 Berlin mais s'est install\u00e9 en Angleterre peu apr\u00e8s. \u00c0 l'origine, F&amp;N transportait des biens militaires et a progressivement p\u00e9n\u00e9tr\u00e9 le march\u00e9 britannique du d\u00e9m\u00e9nagement. L'entreprise s'est d\u00e9velopp\u00e9e et a inclus les d\u00e9m\u00e9nagements priv\u00e9s et commerciaux en Europe. La soci\u00e9t\u00e9 a poursuivi sa croissance en introduisant des installations de self-stockage, des d\u00e9m\u00e9nagements de bureaux et une division d'importation.<\/p>\n<p>F&amp;N Worldwide Removals d\u00e9place aujourd'hui des personnes, des entreprises et des biens dans le monde entier. L'entreprise s'engage fortement en faveur de l'environnement en mettant en \u0153uvre de nombreuses initiatives \u00e9cologiques. Elle croit fermement en l'excellence du service et de la satisfaction de la client\u00e8le.<\/p>\n<p>F&amp;N Worldwide Removals Affiliations et accr\u00e9ditations :<\/p>\n<ul>\n<li> <a href=\"https:\/\/moverdb.com\/fr\/british-association-of-removers\/\">L'association britannique des d\u00e9m\u00e9nageurs<\/a> (<a href=\"https:\/\/moverdb.com\/fr\/british-association-of-removers\/\" data-internallinksmanager029f6b8e52c=\"9\" title=\"Explication de la British Association of Removers (BAR)\">BAR<\/a>)<\/li>\n<li> <a href=\"https:\/\/moverdb.com\/fr\/fidi-faim\/\">FIDI<\/a><\/li>\n<li> <a href=\"https:\/\/moverdb.com\/fr\/fidi-faim\/\">FAIM<\/a><\/li>\n<li> <a href=\"https:\/\/moverdb.com\/fr\/je-suis\/\">Association internationale des d\u00e9m\u00e9nageurs<\/a> (<a href=\"https:\/\/moverdb.com\/fr\/iam\/\" data-internallinksmanager029f6b8e52c=\"23\" title=\"L&#039;Association internationale des d\u00e9m\u00e9nageurs (IAM) expliqu\u00e9e\">IAM<\/a>)<\/li>\n<li> <a href=\"https:\/\/moverdb.com\/fr\/fedemac\/\">La F\u00e9d\u00e9ration des associations europ\u00e9ennes de d\u00e9m\u00e9nageurs<\/a> (<a href=\"https:\/\/moverdb.com\/fr\/fedemac\/\" data-internallinksmanager029f6b8e52c=\"15\" title=\"Explication de la F\u00e9d\u00e9ration des associations europ\u00e9ennes de d\u00e9m\u00e9nageurs (FEDEMAC)\">FEDEMAC<\/a>)<\/li>\n<li> Eurovan<\/li>\n<li> Institut des normes commerciales<\/li>\n<li> <a href=\"https:\/\/moverdb.com\/fr\/hgfaa\/\">Association am\u00e9ricaine des transitaires d'articles m\u00e9nagers<\/a> (HHGFAA)<\/li>\n<li> Norme de service \"Qualit\u00e9 garantie\" - D\u00e9m\u00e9nagements de meubles de maison<\/li>\n<\/ul>\n<p><strong>Commentaires sur F&amp;N Worldwide Removals<\/strong><\/p>\n<p><strong>Positif<\/strong><\/p>\n<ul>\n<li> <em>\"Je voudrais simplement vous dire que vous avez fait un travail de premi\u00e8re classe pour <a href=\"https:\/\/moverdb.com\/fr\/moving-to-the-united-states\/\" data-internallinksmanager029f6b8e52c=\"94\" title=\"Vous partez aux \u00c9tats-Unis ? 2026 Co\u00fbt de la vie et conseils de relocalisation\">nous<\/a> du d\u00e9but \u00e0 la fin. Merci \u00e0 toutes les personnes concern\u00e9es...\"<\/em> - Peter Hollingsworth via <a href=\"http:\/\/www.fnworldwide.com\/testimonials\/\" target=\"_blank\" rel=\"noopener\">page de t\u00e9moignages de clients<\/a><\/li>\n<li> <em>\"J'ai cherch\u00e9 un <a href=\"https:\/\/moverdb.com\/fr\/international-removals\/\" data-internallinksmanager029f6b8e52c=\"27\" title=\"36 meilleures entreprises de d\u00e9m\u00e9nagements internationaux au Royaume-Uni\">entreprise de d\u00e9m\u00e9nagement<\/a> que je peux utiliser pour un travail que j'ai \u00e0 venir et j'ai trouv\u00e9 FN Worldwide Logistics Ltd. Leur site web est g\u00e9nial et je vais certainement les consid\u00e9rer pour mon prochain d\u00e9m\u00e9nagement. J'ai \u00e9galement \u00e9t\u00e9 tr\u00e8s impressionn\u00e9 par leur r\u00e9ponse rapide \u00e0 mon e-mail.\"<\/em> - via <a href=\"http:\/\/removal-company-reviews.com\/view-removal-company-review.php?c=F+N%20Worldwide%20Logistics%20Ltd&#038;id=532\" target=\"_blank\" rel=\"noopener\">Removal-Company-Reviews.com<\/a><\/li>\n<\/ul>\n<p><strong>N\u00e9gatif<\/strong><\/p>\n<ul>\n<li> <em>\"F&amp;N m'a pris le paiement d'un d\u00e9m\u00e9nagement international du Royaume-Uni vers l'Europe. <a href=\"https:\/\/moverdb.com\/fr\/moving-to-bermuda\/\" data-internallinksmanager029f6b8e52c=\"421\" title=\"D\u00e9m\u00e9nager aux Bermudes ? 2026 Co\u00fbts de la vie et conseils de relocalisation\">Bermudes<\/a>. La soci\u00e9t\u00e9 pour laquelle je travaille a \u00e9galement pay\u00e9 par inadvertance. F&amp;N a reconnu sa faute \u00e0 plusieurs reprises et a promis de rembourser l'argent \u00e0 maintes reprises. Ils ne l'ont pas fait\".<\/em> - via <a href=\"http:\/\/removal-company-reviews.com\/view-removal-company-review.php?c=F+N%20Worldwide%20Logistics%20Ltd&#038;id=532\" target=\"_blank\" rel=\"noopener\">Removal-Company-Reviews.com<\/a>\n<\/ul>\n<div itemprop=\"review\" itemscope itemtype=\"http:\/\/schema.org\/Review\">\n<span itemprop=\"author\" itemscope=\"\" itemtype=\"http:\/\/schema.org\/Organization\"><span itemprop=\"name\">MoverDB.com<\/span><\/span> Examen en ligne du site Web pour <span itemprop=\"itemreviewed\" itemscope=\"\" itemtype=\"http:\/\/schema.org\/Brand\"><span itemprop=\"name\">F&amp;N Worldwide Removals<\/span><\/span>:<\/p>\n<ol>\n<li> Coordonn\u00e9es claires sur le site web (y compris le num\u00e9ro de t\u00e9l\u00e9phone) : <strong>Oui<\/strong><\/li>\n<li> Facile \u00e0 obtenir <a href=\"https:\/\/moverdb.com\/fr\/citations\/\">devis de d\u00e9m\u00e9nagements internationaux<\/a>? (Formulaire de demande de devis en ligne) : <strong>Oui<\/strong><\/li>\n<li> Informations claires sur le site web : <strong>Quelques<\/strong>Le site web ne contient pas beaucoup d'informations d\u00e9taill\u00e9es.<\/li>\n<li> Adh\u00e9sion \u00e0 des organisations internationales de d\u00e9m\u00e9nagement reconnues : <strong>Oui<\/strong>voir ci-dessus<\/li>\n<li> Liste de clients et\/ou t\u00e9moignages de clients pr\u00e9c\u00e9dents : <strong>Quelques<\/strong> Il y a des t\u00e9moignages de clients sur le site mais peu d'avis ailleurs en ligne.<\/li>\n<\/ol>\n<div itemprop=\"reviewRating\" itemscope itemtype=\"http:\/\/schema.org\/Rating\"><meta itemprop=\"worstRating\" content = \"0\" \/><meta itemprop=\"bestRating\" content=\"5\" \/><meta itemprop=\"ratingValue\" content=\"4\"><\/div>\n<p><strong>Note globale : 4\/5<\/strong><br \/>\n<strong>Date de r\u00e9vision :<\/strong> <span itemprop=\"datePublished\" content=\"2016-10-03\">03\/10\/16<\/span>\n<\/div>\n<p>Plus d'informations sur <a href=\"https:\/\/moverdb.com\/fr\/demenagements-internationaux\/\">d\u00e9m\u00e9nagements internationaux<\/a> et notre <a href=\"https:\/\/moverdb.com\/fr\/revues\/\">processus de r\u00e9vision mobile<\/a>.<\/p>\n<p><strong>Site web :<\/strong> <a href=\"http:\/\/www.fnworldwide.com\" target=\"_blank\" rel=\"noopener\">http:\/\/www.fnworldwide.com<\/a><\/p>","protected":false},"excerpt":{"rendered":"<p>F&#038;N Worldwide Removals services are listed below, together with their company profile and reviews. International and European Removals Door to door service Expert packing Custom made crates if applicable Storage if needed Organise transport by land, sea or air Arrange shipping of vehicles Unpacking on arrival at destination Experts available in the UK and country [&hellip;]<\/p>\n","protected":false},"author":1,"featured_media":0,"parent":0,"menu_order":0,"comment_status":"closed","ping_status":"closed","template":"","meta":{"_genesis_hide_title":false,"_genesis_hide_breadcrumbs":false,"_genesis_hide_singular_image":false,"_genesis_hide_footer_widgets":false,"_genesis_custom_body_class":"","_genesis_custom_post_class":"","_genesis_layout":"","footnotes":""},"class_list":{"0":"post-892","1":"page","2":"type-page","3":"status-publish","5":"entry"},"_links":{"self":[{"href":"https:\/\/moverdb.com\/fr\/wp-json\/wp\/v2\/pages\/892","targetHints":{"allow":["GET"]}}],"collection":[{"href":"https:\/\/moverdb.com\/fr\/wp-json\/wp\/v2\/pages"}],"about":[{"href":"https:\/\/moverdb.com\/fr\/wp-json\/wp\/v2\/types\/page"}],"author":[{"embeddable":true,"href":"https:\/\/moverdb.com\/fr\/wp-json\/wp\/v2\/users\/1"}],"replies":[{"embeddable":true,"href":"https:\/\/moverdb.com\/fr\/wp-json\/wp\/v2\/comments?post=892"}],"version-history":[{"count":5,"href":"https:\/\/moverdb.com\/fr\/wp-json\/wp\/v2\/pages\/892\/revisions"}],"predecessor-version":[{"id":6208,"href":"https:\/\/moverdb.com\/fr\/wp-json\/wp\/v2\/pages\/892\/revisions\/6208"}],"wp:attachment":[{"href":"https:\/\/moverdb.com\/fr\/wp-json\/wp\/v2\/media?parent=892"}],"curies":[{"name":"wp","href":"https:\/\/api.w.org\/{rel}","templated":true}]}}