{"id":8914,"date":"2023-04-27T14:27:27","date_gmt":"2023-04-27T14:27:27","guid":{"rendered":"https:\/\/moverdb.com\/?page_id=8914"},"modified":"2026-01-08T15:24:51","modified_gmt":"2026-01-08T15:24:51","slug":"moving-companies-poland","status":"publish","type":"page","link":"https:\/\/moverdb.com\/fr\/moving-companies\/moving-companies-poland\/","title":{"rendered":"4 meilleures entreprises de d\u00e9m\u00e9nagements internationaux en Pologne"},"content":{"rendered":"<p>Si vous d\u00e9m\u00e9nagez votre domicile ou votre entreprise, vous pouvez faire appel aux services d'un <a href=\"https:\/\/moverdb.com\/fr\/moving-companies\/\" data-internallinksmanager029f6b8e52c=\"79\" title=\"Les 25 meilleures soci\u00e9t\u00e9s de d\u00e9m\u00e9nagement international en ligne\">soci\u00e9t\u00e9 de d\u00e9m\u00e9nagement<\/a> pour r\u00e9duire le stress et la charge de travail. Si vous d\u00e9m\u00e9nagez \u00e0 l'int\u00e9rieur, \u00e0 destination ou en provenance de <a href=\"https:\/\/moverdb.com\/fr\/moving-to-poland\/\" data-internallinksmanager029f6b8e52c=\"378\" title=\"D\u00e9m\u00e9nager en Pologne ? 2026 Co\u00fbts de la vie et conseils de relocalisation\">Pologne<\/a>, alors la polonaise ci-dessous <a href=\"https:\/\/moverdb.com\/fr\/international-removals\/\" data-internallinksmanager029f6b8e52c=\"27\" title=\"36 meilleures entreprises de d\u00e9m\u00e9nagements internationaux au Royaume-Uni\">entreprises de d\u00e9m\u00e9nagement<\/a> qui sont membres de la <a href=\"https:\/\/moverdb.com\/fr\/iam\/\" data-internallinksmanager029f6b8e52c=\"23\" title=\"L&#039;Association internationale des d\u00e9m\u00e9nageurs (IAM) expliqu\u00e9e\">Association internationale des d\u00e9m\u00e9nageurs<\/a> (IAM) et\/ou <a href=\"https:\/\/moverdb.com\/fr\/fidi-faim\/\" data-internallinksmanager029f6b8e52c=\"16\" title=\"Explication de la FIDI et du FAIM (FIDI Accredited International Mover)\">FIDI<\/a> Accredited International Mover (FAIM) peut vous aider \u00e0 d\u00e9m\u00e9nager.<\/p>\n<div id=\"ez-toc-container\" class=\"ez-toc-v2_0_82_2 ez-toc-wrap-left counter-hierarchy ez-toc-counter ez-toc-transparent ez-toc-container-direction\">\n<div class=\"ez-toc-title-container\">\n<p class=\"ez-toc-title\" style=\"cursor:inherit\">Sections<\/p>\n<span class=\"ez-toc-title-toggle\"><a href=\"#\" class=\"ez-toc-pull-right ez-toc-btn ez-toc-btn-xs ez-toc-btn-default ez-toc-toggle\" aria-label=\"Toggle Table des mati\u00e8res\"><span class=\"ez-toc-js-icon-con\"><span class=\"\"><span class=\"eztoc-hide\" style=\"display:none;\">Toggle<\/span><span class=\"ez-toc-icon-toggle-span\"><svg style=\"fill: #999;color:#999\" xmlns=\"http:\/\/www.w3.org\/2000\/svg\" class=\"list-377408\" width=\"20px\" height=\"20px\" viewbox=\"0 0 24 24\" fill=\"none\"><path d=\"M6 6H4v2h2V6zm14 0H8v2h12V6zM4 11h2v2H4v-2zm16 0H8v2h12v-2zM4 16h2v2H4v-2zm16 0H8v2h12v-2z\" fill=\"currentColor\"><\/path><\/svg><svg style=\"fill: #999;color:#999\" class=\"arrow-unsorted-368013\" xmlns=\"http:\/\/www.w3.org\/2000\/svg\" width=\"10px\" height=\"10px\" viewbox=\"0 0 24 24\" version=\"1.2\" baseprofile=\"tiny\"><path d=\"M18.2 9.3l-6.2-6.3-6.2 6.3c-.2.2-.3.4-.3.7s.1.5.3.7c.2.2.4.3.7.3h11c.3 0 .5-.1.7-.3.2-.2.3-.5.3-.7s-.1-.5-.3-.7zM5.8 14.7l6.2 6.3 6.2-6.3c.2-.2.3-.5.3-.7s-.1-.5-.3-.7c-.2-.2-.4-.3-.7-.3h-11c-.3 0-.5.1-.7.3-.2.2-.3.5-.3.7s.1.5.3.7z\"\/><\/svg><\/span><\/span><\/span><\/a><\/span><\/div>\n<nav><ul class='ez-toc-list ez-toc-list-level-1 eztoc-toggle-hide-by-default' ><li class='ez-toc-page-1 ez-toc-heading-level-2'><a class=\"ez-toc-link ez-toc-heading-1\" href=\"https:\/\/moverdb.com\/fr\/moving-companies\/moving-companies-poland\/#1_AGS_Group\" >1. Groupe AGS<\/a><\/li><li class='ez-toc-page-1 ez-toc-heading-level-2'><a class=\"ez-toc-link ez-toc-heading-2\" href=\"https:\/\/moverdb.com\/fr\/moving-companies\/moving-companies-poland\/#2_MK_Relocation\" >2. Relocalisation de MK<\/a><\/li><li class='ez-toc-page-1 ez-toc-heading-level-2'><a class=\"ez-toc-link ez-toc-heading-3\" href=\"https:\/\/moverdb.com\/fr\/moving-companies\/moving-companies-poland\/#3_Santa_Fe_Relocation\" >3. D\u00e9placement de Santa Fe<\/a><\/li><li class='ez-toc-page-1 ez-toc-heading-level-2'><a class=\"ez-toc-link ez-toc-heading-4\" href=\"https:\/\/moverdb.com\/fr\/moving-companies\/moving-companies-poland\/#4_Universal_Express_Worldwide_Movers\" >4. Universal Express Worldwide Movers<\/a><\/li><li class='ez-toc-page-1 ez-toc-heading-level-2'><a class=\"ez-toc-link ez-toc-heading-5\" href=\"https:\/\/moverdb.com\/fr\/moving-companies\/moving-companies-poland\/#Other_Useful_Guides_to_Poland\" >Autres guides utiles sur la Pologne<\/a><\/li><\/ul><\/nav><\/div>\n<h2><span class=\"ez-toc-section\" id=\"1_AGS_Group\"><\/span><strong>1. Groupe AGS<\/strong><span class=\"ez-toc-section-end\"><\/span><\/h2>\n<p><img loading=\"lazy\" decoding=\"async\" class=\"alignnone size-full wp-image-8915\" src=\"https:\/\/moverdb.com\/wp-content\/uploads\/AGS-Global-Solutions-Poland-international-moving-company.png\" alt=\"AGS Global Solutions Pologne soci\u00e9t\u00e9 de d\u00e9m\u00e9nagement international\" width=\"1440\" height=\"710\" data-wp-pid=\"8915\" srcset=\"https:\/\/moverdb.com\/wp-content\/uploads\/AGS-Global-Solutions-Poland-international-moving-company.png 1440w, https:\/\/moverdb.com\/wp-content\/uploads\/AGS-Global-Solutions-Poland-international-moving-company-300x148.png 300w, https:\/\/moverdb.com\/wp-content\/uploads\/AGS-Global-Solutions-Poland-international-moving-company-1024x505.png 1024w, https:\/\/moverdb.com\/wp-content\/uploads\/AGS-Global-Solutions-Poland-international-moving-company-18x9.png 18w, https:\/\/moverdb.com\/wp-content\/uploads\/AGS-Global-Solutions-Poland-international-moving-company-600x296.png 600w\" sizes=\"auto, (max-width: 1440px) 100vw, 1440px\" \/><\/p>\n<ul>\n<li>Mouvements nationaux<\/li>\n<li>D\u00e9m\u00e9nagements internationaux<\/li>\n<li>D\u00e9m\u00e9nagements r\u00e9sidentiels<\/li>\n<li>Mouvements de l'entreprise<\/li>\n<li>Service d'emballage<\/li>\n<li>Transports terrestres, maritimes et a\u00e9riens<\/li>\n<li>Suivi en ligne<\/li>\n<li>Manipulation d'objets d'art<\/li>\n<li>Transfert de v\u00e9hicule<\/li>\n<li>Stockage s\u00e9curis\u00e9<\/li>\n<\/ul>\n<p>Le Groupe AGS est une soci\u00e9t\u00e9 internationale de d\u00e9m\u00e9nagements et de relocalisations qui op\u00e8re depuis 1974 avec 146 bureaux dans 97 pays \u00e0 travers le monde, y compris Varsovie en Pologne qui a \u00e9t\u00e9 \u00e9tablie en 1992. Il est accr\u00e9dit\u00e9 par la FIDI.<\/p>\n<p>Le Groupe AGS propose une inspection du domicile et un devis personnalis\u00e9 en fonction de vos besoins. Il a mis au point des mat\u00e9riaux et des m\u00e9thodes d'emballage innovants qui prot\u00e8gent vos biens et respectent l'environnement. Ils organisent le transport par voie terrestre, a\u00e9rienne ou maritime et vous pouvez suivre l'\u00e9volution du processus en ligne. Elle propose des services suppl\u00e9mentaires, notamment la manipulation d'objets d'art, le transfert de v\u00e9hicules et l'entreposage s\u00e9curis\u00e9.<\/p>\n<p>Site web : <a href=\"https:\/\/www.ags-globalsolutions.com\/\" target=\"_blank\" rel=\"noopener\">https:\/\/www.ags-globalsolutions.com\/<\/a><\/p>\n<h2><span class=\"ez-toc-section\" id=\"2_MK_Relocation\"><\/span><strong>2. Relocalisation de MK<\/strong><span class=\"ez-toc-section-end\"><\/span><\/h2>\n<p><img loading=\"lazy\" decoding=\"async\" class=\"alignnone size-full wp-image-8825\" src=\"https:\/\/moverdb.com\/wp-content\/uploads\/MK-Relocations-international-moving-company.png\" alt=\"MK Relocations entreprise de d\u00e9m\u00e9nagement international\" width=\"1440\" height=\"679\" data-wp-pid=\"8825\" srcset=\"https:\/\/moverdb.com\/wp-content\/uploads\/MK-Relocations-international-moving-company.png 1440w, https:\/\/moverdb.com\/wp-content\/uploads\/MK-Relocations-international-moving-company-300x141.png 300w, https:\/\/moverdb.com\/wp-content\/uploads\/MK-Relocations-international-moving-company-1024x483.png 1024w, https:\/\/moverdb.com\/wp-content\/uploads\/MK-Relocations-international-moving-company-18x8.png 18w, https:\/\/moverdb.com\/wp-content\/uploads\/MK-Relocations-international-moving-company-600x283.png 600w\" sizes=\"auto, (max-width: 1440px) 100vw, 1440px\" \/><\/p>\n<ul>\n<li>Mouvements nationaux<\/li>\n<li>D\u00e9m\u00e9nagements internationaux<\/li>\n<li>D\u00e9m\u00e9nagements de m\u00e9nages<\/li>\n<li>D\u00e9m\u00e9nagement de bureaux et d'entrep\u00f4ts<\/li>\n<li>Service porte-\u00e0-porte<\/li>\n<li>Service d'emballage<\/li>\n<li>Organisation du transport<\/li>\n<li>D\u00e9douanement<\/li>\n<li>Assurance<\/li>\n<li>Installations de stockage<\/li>\n<\/ul>\n<p>MK Relocation est un sp\u00e9cialiste du d\u00e9m\u00e9nagement et de la relocalisation bas\u00e9 \u00e0 Varsovie. Il propose des services de d\u00e9m\u00e9nagement \u00e0 l'int\u00e9rieur, \u00e0 destination et en provenance de la Pologne. Elle est accr\u00e9dit\u00e9e par la FIDI, ce qui lui donne acc\u00e8s \u00e0 un r\u00e9seau international d'agents de d\u00e9m\u00e9nagement.<\/p>\n<p>MK Relocation propose un entretien personnalis\u00e9 pour discuter de vos besoins et offre un service porte-\u00e0-porte. Ils fournissent un service d'emballage pour prot\u00e9ger vos biens qui comprend une vari\u00e9t\u00e9 de mat\u00e9riaux d'emballage tels que des bo\u00eetes d\u00e9di\u00e9es, des emballages, des couvertures, des conteneurs scell\u00e9s en plastique et des absorbeurs d'humidit\u00e9. Ils proposent des services suppl\u00e9mentaires, notamment le transport d'animaux domestiques, la manipulation d'antiquit\u00e9s et d'objets d'art, ainsi que des installations de stockage.<\/p>\n<p>Site web : <a href=\"https:\/\/www.mkrelocation.pl\/\" target=\"_blank\" rel=\"noopener\">https:\/\/www.mkrelocation.pl\/<\/a><\/p>\n<h2><span class=\"ez-toc-section\" id=\"3_Santa_Fe_Relocation\"><\/span><strong>3. D\u00e9placement de Santa Fe<\/strong><span class=\"ez-toc-section-end\"><\/span><\/h2>\n<p><img loading=\"lazy\" decoding=\"async\" class=\"alignnone size-full wp-image-8851\" src=\"https:\/\/moverdb.com\/wp-content\/uploads\/Santa-Fe-Relocation-Poland-international-moving-company.png\" alt=\"Santa Fe Relocation Poland entreprise de d\u00e9m\u00e9nagement international\" width=\"1440\" height=\"679\" data-wp-pid=\"8851\" srcset=\"https:\/\/moverdb.com\/wp-content\/uploads\/Santa-Fe-Relocation-Poland-international-moving-company.png 1440w, https:\/\/moverdb.com\/wp-content\/uploads\/Santa-Fe-Relocation-Poland-international-moving-company-300x141.png 300w, https:\/\/moverdb.com\/wp-content\/uploads\/Santa-Fe-Relocation-Poland-international-moving-company-1024x483.png 1024w, https:\/\/moverdb.com\/wp-content\/uploads\/Santa-Fe-Relocation-Poland-international-moving-company-18x8.png 18w, https:\/\/moverdb.com\/wp-content\/uploads\/Santa-Fe-Relocation-Poland-international-moving-company-600x283.png 600w\" sizes=\"auto, (max-width: 1440px) 100vw, 1440px\" \/><\/p>\n<ul>\n<li>D\u00e9m\u00e9nagements locaux et nationaux<\/li>\n<li>D\u00e9m\u00e9nagements internationaux<\/li>\n<li>D\u00e9m\u00e9nagements de m\u00e9nages<\/li>\n<li>D\u00e9m\u00e9nagements de bureaux<\/li>\n<li>Services de relocalisation<\/li>\n<li>Service d'emballage<\/li>\n<li>Transport a\u00e9rien, maritime et terrestre<\/li>\n<li>D\u00e9douanement<\/li>\n<li>Transport d'animaux et de v\u00e9hicules<\/li>\n<li>Installations de stockage<\/li>\n<\/ul>\n<p>Santa Fe Relocation est une soci\u00e9t\u00e9 internationale de d\u00e9m\u00e9nagement et de r\u00e9installation qui poss\u00e8de 64 bureaux dans 38 pays, dont un \u00e0 Varsovie qui a ouvert en 1991. Elle est membre de l'IAM depuis 32 ans et est accr\u00e9dit\u00e9e par la FIDI.<\/p>\n<p>Santa Fe Relocation propose une consultation pr\u00e9alable au d\u00e9m\u00e9nagement et une enqu\u00eate \u00e0 domicile ou par vid\u00e9o pour \u00e9valuer vos besoins. Ils fournissent un service complet d'emballage de vos biens afin de les transporter en toute s\u00e9curit\u00e9 par voie a\u00e9rienne, maritime et terrestre, avec d\u00e9douanement. Ses services de relocation comprennent la recherche de logement et d'\u00e9cole, les services d'installation, l'aide au d\u00e9part, l'aide \u00e0 l'obtention de visas et l'aide \u00e0 l'immigration. Ils proposent \u00e9galement <a href=\"https:\/\/moverdb.com\/fr\/car-transport-shipping\/\" data-internallinksmanager029f6b8e52c=\"2\" title=\"2026 Devis pour le transport international de voitures et l&#039;exp\u00e9dition de v\u00e9hicules\">transport de v\u00e9hicules<\/a> et la relocalisation d'animaux de compagnie.<\/p>\n<p>Site web : <a href=\"https:\/\/www.santaferelo.com\/en\/contact\/our-offices\/poland-warsaw\/\" target=\"_blank\" rel=\"noopener\">https:\/\/www.santaferelo.com\/en\/contact\/our-offices\/poland-warsaw\/<\/a><\/p>\n<h2><span class=\"ez-toc-section\" id=\"4_Universal_Express_Worldwide_Movers\"><\/span><strong>4. Universal Express Worldwide Movers<\/strong><span class=\"ez-toc-section-end\"><\/span><\/h2>\n<p><img loading=\"lazy\" decoding=\"async\" class=\"alignnone size-full wp-image-8868\" src=\"https:\/\/moverdb.com\/wp-content\/uploads\/Universal-Express-Worldwide-Movers-international-moving-company.png\" alt=\"Universal Express Worldwide Movers soci\u00e9t\u00e9 de d\u00e9m\u00e9nagement international\" width=\"1440\" height=\"679\" data-wp-pid=\"8868\" srcset=\"https:\/\/moverdb.com\/wp-content\/uploads\/Universal-Express-Worldwide-Movers-international-moving-company.png 1440w, https:\/\/moverdb.com\/wp-content\/uploads\/Universal-Express-Worldwide-Movers-international-moving-company-300x141.png 300w, https:\/\/moverdb.com\/wp-content\/uploads\/Universal-Express-Worldwide-Movers-international-moving-company-1024x483.png 1024w, https:\/\/moverdb.com\/wp-content\/uploads\/Universal-Express-Worldwide-Movers-international-moving-company-18x8.png 18w, https:\/\/moverdb.com\/wp-content\/uploads\/Universal-Express-Worldwide-Movers-international-moving-company-600x283.png 600w\" sizes=\"auto, (max-width: 1440px) 100vw, 1440px\" \/><\/p>\n<ul>\n<li>D\u00e9m\u00e9nagement \u00e0 l'\u00e9chelle nationale<\/li>\n<li>D\u00e9m\u00e9nagements internationaux<\/li>\n<li>D\u00e9m\u00e9nagements r\u00e9sidentiels<\/li>\n<li>D\u00e9m\u00e9nagements de bureaux et d'industries<\/li>\n<li>Service porte-\u00e0-porte<\/li>\n<li>Service d'emballage<\/li>\n<li>Transports terrestres, a\u00e9riens et maritimes<\/li>\n<li>D\u00e9douanement<\/li>\n<li>Assurance<\/li>\n<li>Installations de stockage<\/li>\n<\/ul>\n<p>Universal Express Worldwide Movers est une soci\u00e9t\u00e9 de d\u00e9m\u00e9nagement et de r\u00e9installation qui poss\u00e8de des succursales \u00e0 Cracovie, Wroclaw, Poznan et Gdynia. Elle dispose d'un r\u00e9seau international d'agents de d\u00e9m\u00e9nagement qui l'aident \u00e0 effectuer des d\u00e9m\u00e9nagements dans le monde entier. Elle est membre de l'IAM avec 33 ans de service et est accr\u00e9dit\u00e9e par la FIDI.<\/p>\n<p>Universal Express Worldwide Movers propose une \u00e9tude pr\u00e9alable au d\u00e9m\u00e9nagement afin de discuter de votre d\u00e9m\u00e9nagement et de personnaliser votre plan de d\u00e9m\u00e9nagement. Le responsable du d\u00e9m\u00e9nagement vous aidera \u00e0 mettre en place un service porte-\u00e0-porte qui comprend l'emballage de vos biens en toute s\u00e9curit\u00e9 pour le transport. Il organisera le transport de vos biens par voie terrestre, a\u00e9rienne ou maritime, avec d\u00e9douanement, et vous conseillera en mati\u00e8re d'assurance.<\/p>\n<p>Site web : <a href=\"http:\/\/www.uer.pl\/\" target=\"_blank\" rel=\"noopener\">http:\/\/www.uer.pl\/<\/a><\/p>\n<h2><span class=\"ez-toc-section\" id=\"Other_Useful_Guides_to_Poland\"><\/span>Autres guides utiles sur la Pologne<span class=\"ez-toc-section-end\"><\/span><\/h2>\n<ul>\n<li> <a href=\"https:\/\/moverdb.com\/fr\/expedition-par-conteneur\/polande\/\">2024 Tarifs d'exp\u00e9dition de conteneurs de fret maritime \u00e0 destination et en provenance de la Pologne<\/a><\/li>\n<li> <a href=\"https:\/\/moverdb.com\/fr\/les-meilleurs-services-de-transfert-international-dargent\/money-transfer-companies-poland\/\">10 meilleures soci\u00e9t\u00e9s de transfert d'argent en Pologne<\/a><\/li>\n<li> <a href=\"https:\/\/moverdb.com\/fr\/moving-to-poland\/\">D\u00e9m\u00e9nager en Pologne ? 2026 Co\u00fbts de la vie et conseils de relocalisation<\/a><\/li>\n<li> <a href=\"https:\/\/moverdb.com\/fr\/moving-to-poland\/best-places-to-live-poland\/\">12 meilleurs endroits pour vivre en Pologne<\/a><\/li>\n<li> <a href=\"https:\/\/moverdb.com\/fr\/moving-to-poland\/living-in-poland\/\">21 secrets sur la vie en Pologne \u00e0 conna\u00eetre avant de d\u00e9m\u00e9nager<\/a><\/li>\n<li> <a href=\"https:\/\/moverdb.com\/fr\/moving-to-poland\/moving-to-poland-from-the-uk\/\">D\u00e9m\u00e9nager en Pologne depuis le Royaume-Uni<\/a><\/li>\n<\/ul>","protected":false},"excerpt":{"rendered":"<p>If you are moving home or business, you may want to employ the services of a moving company to reduce the stress and workload involved. If you are moving within, to or from Poland, then the below Polish removal companies that are members of the International Association of Movers (IAM) and\/or FIDI Accredited International Mover [&hellip;]<\/p>\n","protected":false},"author":4,"featured_media":0,"parent":190,"menu_order":0,"comment_status":"closed","ping_status":"closed","template":"","meta":{"_genesis_hide_title":false,"_genesis_hide_breadcrumbs":false,"_genesis_hide_singular_image":false,"_genesis_hide_footer_widgets":false,"_genesis_custom_body_class":"","_genesis_custom_post_class":"","_genesis_layout":"","footnotes":""},"class_list":{"0":"post-8914","1":"page","2":"type-page","3":"status-publish","5":"entry","6":"has-post-thumbnail"},"_links":{"self":[{"href":"https:\/\/moverdb.com\/fr\/wp-json\/wp\/v2\/pages\/8914","targetHints":{"allow":["GET"]}}],"collection":[{"href":"https:\/\/moverdb.com\/fr\/wp-json\/wp\/v2\/pages"}],"about":[{"href":"https:\/\/moverdb.com\/fr\/wp-json\/wp\/v2\/types\/page"}],"author":[{"embeddable":true,"href":"https:\/\/moverdb.com\/fr\/wp-json\/wp\/v2\/users\/4"}],"replies":[{"embeddable":true,"href":"https:\/\/moverdb.com\/fr\/wp-json\/wp\/v2\/comments?post=8914"}],"version-history":[{"count":5,"href":"https:\/\/moverdb.com\/fr\/wp-json\/wp\/v2\/pages\/8914\/revisions"}],"predecessor-version":[{"id":17127,"href":"https:\/\/moverdb.com\/fr\/wp-json\/wp\/v2\/pages\/8914\/revisions\/17127"}],"up":[{"embeddable":true,"href":"https:\/\/moverdb.com\/fr\/wp-json\/wp\/v2\/pages\/190"}],"wp:attachment":[{"href":"https:\/\/moverdb.com\/fr\/wp-json\/wp\/v2\/media?parent=8914"}],"curies":[{"name":"wp","href":"https:\/\/api.w.org\/{rel}","templated":true}]}}