{"id":8912,"date":"2023-04-27T14:28:23","date_gmt":"2023-04-27T14:28:23","guid":{"rendered":"https:\/\/moverdb.com\/?page_id=8912"},"modified":"2026-01-08T15:29:31","modified_gmt":"2026-01-08T15:29:31","slug":"moving-companies-philippines","status":"publish","type":"page","link":"https:\/\/moverdb.com\/fr\/moving-companies\/moving-companies-philippines\/","title":{"rendered":"7 meilleures entreprises de d\u00e9m\u00e9nagements internationaux aux Philippines"},"content":{"rendered":"<p>Si vous d\u00e9m\u00e9nagez votre domicile ou votre entreprise \u00e0 l'int\u00e9rieur, \u00e0 l'ext\u00e9rieur ou \u00e0 l'int\u00e9rieur de la <a href=\"https:\/\/moverdb.com\/fr\/moving-to-the-philippines\/\" data-internallinksmanager029f6b8e52c=\"376\" title=\"D\u00e9m\u00e9nager aux Philippines ? 2026 Co\u00fbts de la vie et conseils de relocalisation\">Philippines<\/a>Vous avez peut-\u00eatre besoin d'un soutien pour all\u00e9ger la charge. <a href=\"https:\/\/moverdb.com\/fr\/moving-companies\/\" data-internallinksmanager029f6b8e52c=\"79\" title=\"Les 25 meilleures soci\u00e9t\u00e9s de d\u00e9m\u00e9nagement international en ligne\">Soci\u00e9t\u00e9s de d\u00e9m\u00e9nagement<\/a> peut vous aider \u00e0 faire vos valises, \u00e0 organiser le transport et \u00e0 obtenir des documents. Nous avons dress\u00e9 ci-dessous une liste de soci\u00e9t\u00e9s bas\u00e9es aux Philippines. <a href=\"https:\/\/moverdb.com\/fr\/international-removals\/\" data-internallinksmanager029f6b8e52c=\"27\" title=\"36 meilleures entreprises de d\u00e9m\u00e9nagements internationaux au Royaume-Uni\">entreprises de d\u00e9m\u00e9nagement<\/a> qui sont membres de la <a href=\"https:\/\/moverdb.com\/fr\/iam\/\" data-internallinksmanager029f6b8e52c=\"23\" title=\"L&#039;Association internationale des d\u00e9m\u00e9nageurs (IAM) expliqu\u00e9e\">Association internationale des d\u00e9m\u00e9nageurs<\/a> (IAM) et\/ou <a href=\"https:\/\/moverdb.com\/fr\/fidi-faim\/\" data-internallinksmanager029f6b8e52c=\"16\" title=\"Explication de la FIDI et du FAIM (FIDI Accredited International Mover)\">FIDI<\/a> D\u00e9m\u00e9nageur international accr\u00e9dit\u00e9 (FAIM) qui pourrait vous aider dans votre d\u00e9m\u00e9nagement.<\/p>\n<div id=\"ez-toc-container\" class=\"ez-toc-v2_0_82_2 ez-toc-wrap-left counter-hierarchy ez-toc-counter ez-toc-transparent ez-toc-container-direction\">\n<div class=\"ez-toc-title-container\">\n<p class=\"ez-toc-title\" style=\"cursor:inherit\">Sections<\/p>\n<span class=\"ez-toc-title-toggle\"><a href=\"#\" class=\"ez-toc-pull-right ez-toc-btn ez-toc-btn-xs ez-toc-btn-default ez-toc-toggle\" aria-label=\"Toggle Table des mati\u00e8res\"><span class=\"ez-toc-js-icon-con\"><span class=\"\"><span class=\"eztoc-hide\" style=\"display:none;\">Toggle<\/span><span class=\"ez-toc-icon-toggle-span\"><svg style=\"fill: #999;color:#999\" xmlns=\"http:\/\/www.w3.org\/2000\/svg\" class=\"list-377408\" width=\"20px\" height=\"20px\" viewbox=\"0 0 24 24\" fill=\"none\"><path d=\"M6 6H4v2h2V6zm14 0H8v2h12V6zM4 11h2v2H4v-2zm16 0H8v2h12v-2zM4 16h2v2H4v-2zm16 0H8v2h12v-2z\" fill=\"currentColor\"><\/path><\/svg><svg style=\"fill: #999;color:#999\" class=\"arrow-unsorted-368013\" xmlns=\"http:\/\/www.w3.org\/2000\/svg\" width=\"10px\" height=\"10px\" viewbox=\"0 0 24 24\" version=\"1.2\" baseprofile=\"tiny\"><path d=\"M18.2 9.3l-6.2-6.3-6.2 6.3c-.2.2-.3.4-.3.7s.1.5.3.7c.2.2.4.3.7.3h11c.3 0 .5-.1.7-.3.2-.2.3-.5.3-.7s-.1-.5-.3-.7zM5.8 14.7l6.2 6.3 6.2-6.3c.2-.2.3-.5.3-.7s-.1-.5-.3-.7c-.2-.2-.4-.3-.7-.3h-11c-.3 0-.5.1-.7.3-.2.2-.3.5-.3.7s.1.5.3.7z\"\/><\/svg><\/span><\/span><\/span><\/a><\/span><\/div>\n<nav><ul class='ez-toc-list ez-toc-list-level-1 eztoc-toggle-hide-by-default' ><li class='ez-toc-page-1 ez-toc-heading-level-2'><a class=\"ez-toc-link ez-toc-heading-1\" href=\"https:\/\/moverdb.com\/fr\/moving-companies\/moving-companies-philippines\/#1_Asia_Relocation\" >1. Relocalisation de l'Asie<\/a><\/li><li class='ez-toc-page-1 ez-toc-heading-level-2'><a class=\"ez-toc-link ez-toc-heading-2\" href=\"https:\/\/moverdb.com\/fr\/moving-companies\/moving-companies-philippines\/#2_Consolidated_Strategies_Solutions\" >2. Strat\u00e9gies et solutions consolid\u00e9es<\/a><\/li><li class='ez-toc-page-1 ez-toc-heading-level-2'><a class=\"ez-toc-link ez-toc-heading-3\" href=\"https:\/\/moverdb.com\/fr\/moving-companies\/moving-companies-philippines\/#3_Dads_Moving_Storage\" >3. Dad's Moving &amp; Storage<\/a><\/li><li class='ez-toc-page-1 ez-toc-heading-level-2'><a class=\"ez-toc-link ez-toc-heading-4\" href=\"https:\/\/moverdb.com\/fr\/moving-companies\/moving-companies-philippines\/#4_Global_Logistics_Services\" >4. Services logistiques mondiaux<\/a><\/li><li class='ez-toc-page-1 ez-toc-heading-level-2'><a class=\"ez-toc-link ez-toc-heading-5\" href=\"https:\/\/moverdb.com\/fr\/moving-companies\/moving-companies-philippines\/#5_Goetz_Moving_Storage\" >5. Goetz Moving &amp; Storage<\/a><\/li><li class='ez-toc-page-1 ez-toc-heading-level-2'><a class=\"ez-toc-link ez-toc-heading-6\" href=\"https:\/\/moverdb.com\/fr\/moving-companies\/moving-companies-philippines\/#6_Melcon_Worldwide_Logistics\" >6. Melcon Worldwide Logistics<\/a><\/li><li class='ez-toc-page-1 ez-toc-heading-level-2'><a class=\"ez-toc-link ez-toc-heading-7\" href=\"https:\/\/moverdb.com\/fr\/moving-companies\/moving-companies-philippines\/#7_Santa_Fe_Relocation\" >7. D\u00e9placement de Santa Fe<\/a><\/li><li class='ez-toc-page-1 ez-toc-heading-level-2'><a class=\"ez-toc-link ez-toc-heading-8\" href=\"https:\/\/moverdb.com\/fr\/moving-companies\/moving-companies-philippines\/#Other_Useful_Guides_to_the_Philippines\" >Autres guides utiles sur les Philippines<\/a><\/li><\/ul><\/nav><\/div>\n<h2><span class=\"ez-toc-section\" id=\"1_Asia_Relocation\"><\/span><strong>1. Relocalisation de l'Asie<\/strong><span class=\"ez-toc-section-end\"><\/span><\/h2>\n<p><img loading=\"lazy\" decoding=\"async\" class=\"alignnone size-full wp-image-8759\" src=\"https:\/\/moverdb.com\/wp-content\/uploads\/Asia-Relocation-international-moving-company.png\" alt=\"Asia Relocation soci\u00e9t\u00e9 de d\u00e9m\u00e9nagement international\" width=\"1440\" height=\"677\" data-wp-pid=\"8759\" srcset=\"https:\/\/moverdb.com\/wp-content\/uploads\/Asia-Relocation-international-moving-company.png 1440w, https:\/\/moverdb.com\/wp-content\/uploads\/Asia-Relocation-international-moving-company-300x141.png 300w, https:\/\/moverdb.com\/wp-content\/uploads\/Asia-Relocation-international-moving-company-1024x481.png 1024w, https:\/\/moverdb.com\/wp-content\/uploads\/Asia-Relocation-international-moving-company-18x8.png 18w, https:\/\/moverdb.com\/wp-content\/uploads\/Asia-Relocation-international-moving-company-600x282.png 600w\" sizes=\"auto, (max-width: 1440px) 100vw, 1440px\" \/><\/p>\n<ul>\n<li>D\u00e9placements locaux<\/li>\n<li>D\u00e9m\u00e9nagements internationaux<\/li>\n<li>D\u00e9m\u00e9nagements de m\u00e9nages<\/li>\n<li>D\u00e9m\u00e9nagement de bureaux<\/li>\n<li>Service d'emballage<\/li>\n<li>Organisation du transport<\/li>\n<li>Visas et immigration<\/li>\n<li>Transport de v\u00e9hicules et d'animaux domestiques<\/li>\n<li>Assurance<\/li>\n<li>Stockage \u00e0 court et \u00e0 long terme<\/li>\n<\/ul>\n<p>Asia Relocation propose des solutions de d\u00e9m\u00e9nagements internationaux g\u00e9r\u00e9s et est bas\u00e9 \u00e0 Makati City. Elle travaille avec des fournisseurs et des agents qui r\u00e9pondent \u00e0 ses normes de qualit\u00e9 pour l'aider \u00e0 fournir des services internationaux. Elle est membre de l'IAM et compte 12 ans d'anciennet\u00e9.<\/p>\n<p>Asia Relocation propose une gamme de services de d\u00e9m\u00e9nagement et de relocalisation qui comprennent les d\u00e9m\u00e9nagements nationaux et internationaux, les services de visa et d'immigration, <a href=\"https:\/\/moverdb.com\/fr\/car-transport-shipping\/\" data-internallinksmanager029f6b8e52c=\"2\" title=\"2026 Devis pour le transport international de voitures et l&#039;exp\u00e9dition de v\u00e9hicules\">transport de v\u00e9hicules<\/a>Ils proposent \u00e9galement des options de d\u00e9m\u00e9nagement et de stockage pour les animaux de compagnie. Ils proposent un plan de d\u00e9m\u00e9nagement personnalis\u00e9, un service d'emballage complet et l'organisation du transport. Ils proposent des services de relocalisation, y compris la recherche de logement et d'\u00e9cole, le logement temporaire, l'orientation et la location de v\u00e9hicules.<\/p>\n<p>Site web : <a href=\"https:\/\/asia-relocation.com\/\" target=\"_blank\" rel=\"noopener\">https:\/\/asia-relocation.com\/<\/a><\/p>\n<h2><span class=\"ez-toc-section\" id=\"2_Consolidated_Strategies_Solutions\"><\/span><strong>2. Strat\u00e9gies et solutions consolid\u00e9es<\/strong><span class=\"ez-toc-section-end\"><\/span><\/h2>\n<p><img loading=\"lazy\" decoding=\"async\" class=\"alignnone size-full wp-image-8778\" src=\"https:\/\/moverdb.com\/wp-content\/uploads\/Consolidated-Strategies-Solutions-international-moving-company.png\" alt=\"Consolidated Strategies &amp; Solutions soci\u00e9t\u00e9 de d\u00e9m\u00e9nagement international\" width=\"1440\" height=\"679\" data-wp-pid=\"8778\" srcset=\"https:\/\/moverdb.com\/wp-content\/uploads\/Consolidated-Strategies-Solutions-international-moving-company.png 1440w, https:\/\/moverdb.com\/wp-content\/uploads\/Consolidated-Strategies-Solutions-international-moving-company-300x141.png 300w, https:\/\/moverdb.com\/wp-content\/uploads\/Consolidated-Strategies-Solutions-international-moving-company-1024x483.png 1024w, https:\/\/moverdb.com\/wp-content\/uploads\/Consolidated-Strategies-Solutions-international-moving-company-18x8.png 18w, https:\/\/moverdb.com\/wp-content\/uploads\/Consolidated-Strategies-Solutions-international-moving-company-600x283.png 600w\" sizes=\"auto, (max-width: 1440px) 100vw, 1440px\" \/><\/p>\n<ul>\n<li>D\u00e9placements locaux<\/li>\n<li>D\u00e9m\u00e9nagements internationaux<\/li>\n<li>D\u00e9m\u00e9nagements de m\u00e9nages<\/li>\n<li>Services de relocalisation<\/li>\n<li>Consultations disponibles<\/li>\n<li>Un service personnalis\u00e9<\/li>\n<li>Service d'emballage<\/li>\n<li>Bo\u00eetes bien ferm\u00e9es<\/li>\n<li>Organisation du transport<\/li>\n<li>Installations de stockage s\u00e9curis\u00e9es<\/li>\n<\/ul>\n<p>Consolidated Strategies &amp; Solutions est une soci\u00e9t\u00e9 de d\u00e9m\u00e9nagement international qui a plus de 15 ans d'exp\u00e9rience et qui est bas\u00e9e \u00e0 Quezon City. Elle est membre de l'IAM, ce qui lui donne acc\u00e8s \u00e0 un r\u00e9seau international d'agents de d\u00e9m\u00e9nagement qui l'aident \u00e0 fournir des services dans le monde entier.<\/p>\n<p>Consolidated Strategies &amp; Solutions propose des d\u00e9m\u00e9nagements locaux et nationaux aux Philippines et des d\u00e9m\u00e9nagements internationaux depuis et vers les Philippines. Elle propose des services d'emballage pour prot\u00e9ger vos biens pendant le transport et le stockage. Elle propose des installations de stockage s\u00e9curis\u00e9es o\u00f9 vos cartons peuvent \u00eatre scell\u00e9s \u00e0 votre domicile, puis transport\u00e9s vers ses installations de stockage.<\/p>\n<p>Site web : <a href=\"http:\/\/www.csandsolutions.com\" target=\"_blank\" rel=\"noopener\">http:\/\/www.csandsolutions.com<\/a><\/p>\n<h2><span class=\"ez-toc-section\" id=\"3_Dads_Moving_Storage\"><\/span><strong>3. Dad's Moving &amp; Storage<\/strong><span class=\"ez-toc-section-end\"><\/span><\/h2>\n<p><img loading=\"lazy\" decoding=\"async\" class=\"alignnone size-full wp-image-8782\" src=\"https:\/\/moverdb.com\/wp-content\/uploads\/Dads-Moving-Storage-international-moving-company.png\" alt=\"\" width=\"1440\" height=\"683\" data-wp-pid=\"8782\" srcset=\"https:\/\/moverdb.com\/wp-content\/uploads\/Dads-Moving-Storage-international-moving-company.png 1440w, https:\/\/moverdb.com\/wp-content\/uploads\/Dads-Moving-Storage-international-moving-company-300x142.png 300w, https:\/\/moverdb.com\/wp-content\/uploads\/Dads-Moving-Storage-international-moving-company-1024x486.png 1024w, https:\/\/moverdb.com\/wp-content\/uploads\/Dads-Moving-Storage-international-moving-company-18x9.png 18w, https:\/\/moverdb.com\/wp-content\/uploads\/Dads-Moving-Storage-international-moving-company-600x285.png 600w\" sizes=\"auto, (max-width: 1440px) 100vw, 1440px\" \/><\/p>\n<ul>\n<li>Mouvements nationaux<\/li>\n<li>D\u00e9m\u00e9nagements internationaux<\/li>\n<li>D\u00e9m\u00e9nagements de m\u00e9nages<\/li>\n<li>Mouvements de l'organisation<\/li>\n<li>Prix tout compris<\/li>\n<li>Service d'emballage<\/li>\n<li>Mat\u00e9riaux respectueux de l'environnement<\/li>\n<li>Organisation du transport<\/li>\n<li>Conseils et orientation<\/li>\n<li>Installations de stockage<\/li>\n<\/ul>\n<p>Dad's Moving &amp; Storage est une entreprise de d\u00e9m\u00e9nagement et de stockage cr\u00e9\u00e9e par des d\u00e9m\u00e9nageurs chevronn\u00e9s et bas\u00e9e \u00e0 Muntinlupa City. Elle travaille avec des agents de d\u00e9m\u00e9nagement du monde entier, dans 196 pays, pour les aider \u00e0 fournir leurs services en dehors des Philippines. Elle est membre de l'IAM depuis six ans.<\/p>\n<p>Dad's Moving &amp; Storage propose des services de d\u00e9m\u00e9nagement \u00e0 l'int\u00e9rieur, \u00e0 destination et en provenance des Philippines pour les m\u00e9nages et les employ\u00e9s d'organisations qui d\u00e9m\u00e9nagent. Ils vous soutiendront et vous guideront tout au long de votre d\u00e9m\u00e9nagement et vous aideront \u00e0 emballer vos biens en toute s\u00e9curit\u00e9 en utilisant les mat\u00e9riaux et les cartons les plus appropri\u00e9s pour les prot\u00e9ger.<\/p>\n<p>Site web : <a href=\"http:\/\/dadsmoving.com\" target=\"_blank\" rel=\"noopener\">http:\/\/dadsmoving.com<\/a><\/p>\n<h2><span class=\"ez-toc-section\" id=\"4_Global_Logistics_Services\"><\/span><strong>4. Services logistiques mondiaux<\/strong><span class=\"ez-toc-section-end\"><\/span><\/h2>\n<p><img loading=\"lazy\" decoding=\"async\" class=\"alignnone size-full wp-image-8805\" src=\"https:\/\/moverdb.com\/wp-content\/uploads\/Global-Logistics-Services-international-moving-company.png\" alt=\"Global Logistics Services soci\u00e9t\u00e9 de d\u00e9m\u00e9nagement international\" width=\"1440\" height=\"680\" data-wp-pid=\"8805\" srcset=\"https:\/\/moverdb.com\/wp-content\/uploads\/Global-Logistics-Services-international-moving-company.png 1440w, https:\/\/moverdb.com\/wp-content\/uploads\/Global-Logistics-Services-international-moving-company-300x142.png 300w, https:\/\/moverdb.com\/wp-content\/uploads\/Global-Logistics-Services-international-moving-company-1024x484.png 1024w, https:\/\/moverdb.com\/wp-content\/uploads\/Global-Logistics-Services-international-moving-company-18x9.png 18w, https:\/\/moverdb.com\/wp-content\/uploads\/Global-Logistics-Services-international-moving-company-600x283.png 600w\" sizes=\"auto, (max-width: 1440px) 100vw, 1440px\" \/><\/p>\n<ul>\n<li>Mouvements nationaux<\/li>\n<li>D\u00e9localisations internationales<\/li>\n<li>D\u00e9m\u00e9nagements r\u00e9sidentiels<\/li>\n<li>D\u00e9m\u00e9nagements de bureaux<\/li>\n<li>Service d'emballage<\/li>\n<li>Organisation du transport<\/li>\n<li>Suivi des exp\u00e9ditions<\/li>\n<li>Transport de v\u00e9hicules<\/li>\n<li>D\u00e9placement d'un animal de compagnie<\/li>\n<li>Services de stockage<\/li>\n<\/ul>\n<p>Global Logistics Services est une soci\u00e9t\u00e9 de d\u00e9m\u00e9nagement international fond\u00e9e en 2013 et bas\u00e9e \u00e0 Paranaque, avec des bureaux \u00e9galement dans les villes suivantes <a href=\"https:\/\/moverdb.com\/fr\/moving-to-the-united-states\/moving-to-new-york\/\" data-internallinksmanager029f6b8e52c=\"332\" title=\"D\u00e9m\u00e9nager \u00e0 New York (\u00c9tat) ? 2026 Co\u00fbts de la vie et conseils de relocalisation\">New York<\/a> et les \u00celes Marshall. Elle dispose d'un vaste r\u00e9seau mondial de partenaires qui l'aident \u00e0 fournir ses services internationaux. Elle est membre de l'IAM depuis 16 ans.<\/p>\n<p>Global Logistics Services offre une solution unique pour les d\u00e9m\u00e9nagements, qu'il s'agisse d'une maison ou d'un bureau. Ils fournissent un service d'emballage en utilisant des cartons durables pour prot\u00e9ger vos biens et organisent le transport en toute s\u00e9curit\u00e9 jusqu'\u00e0 votre destination. Ils proposent des services sp\u00e9cialis\u00e9s pour le d\u00e9m\u00e9nagement de pianos, de voitures et d'animaux domestiques.<\/p>\n<p>Site web : <a href=\"http:\/\/www.a1global-logistics.com\" target=\"_blank\" rel=\"noopener\">http:\/\/www.a1global-logistics.com<\/a><\/p>\n<h2><span class=\"ez-toc-section\" id=\"5_Goetz_Moving_Storage\"><\/span><strong>5. Goetz Moving &amp; Storage<\/strong><span class=\"ez-toc-section-end\"><\/span><\/h2>\n<p><img loading=\"lazy\" decoding=\"async\" class=\"alignnone size-full wp-image-8809\" src=\"https:\/\/moverdb.com\/wp-content\/uploads\/Goetz-Moving-Storage-international-moving-company.png\" alt=\"Goetz Moving &amp; Storage soci\u00e9t\u00e9 de d\u00e9m\u00e9nagement international\" width=\"1440\" height=\"680\" data-wp-pid=\"8809\" srcset=\"https:\/\/moverdb.com\/wp-content\/uploads\/Goetz-Moving-Storage-international-moving-company.png 1440w, https:\/\/moverdb.com\/wp-content\/uploads\/Goetz-Moving-Storage-international-moving-company-300x142.png 300w, https:\/\/moverdb.com\/wp-content\/uploads\/Goetz-Moving-Storage-international-moving-company-1024x484.png 1024w, https:\/\/moverdb.com\/wp-content\/uploads\/Goetz-Moving-Storage-international-moving-company-18x9.png 18w, https:\/\/moverdb.com\/wp-content\/uploads\/Goetz-Moving-Storage-international-moving-company-600x283.png 600w\" sizes=\"auto, (max-width: 1440px) 100vw, 1440px\" \/><\/p>\n<ul>\n<li>D\u00e9placements locaux<\/li>\n<li>D\u00e9m\u00e9nagements internationaux<\/li>\n<li>D\u00e9m\u00e9nagements r\u00e9sidentiels<\/li>\n<li>D\u00e9m\u00e9nagements de bureaux<\/li>\n<li>Service porte-\u00e0-porte<\/li>\n<li>Fret a\u00e9rien et maritime<\/li>\n<li>D\u00e9douanement<\/li>\n<li>Services de visa et d'immigration<\/li>\n<li>Assurance<\/li>\n<li>Installations de stockage<\/li>\n<\/ul>\n<p>Goetz Moving &amp; Storage propose des services de d\u00e9m\u00e9nagement international de porte \u00e0 porte. Fond\u00e9e en 1984, l'entreprise est bas\u00e9e \u00e0 Paranaque. Elle dispose d'un r\u00e9seau d'agents de d\u00e9m\u00e9nagements locaux et internationaux dans des endroits strat\u00e9giques du monde entier. Elle est membre de l'IAM et compte 39 ans de service.<\/p>\n<p>Goetz Moving &amp; Storage propose des services de d\u00e9m\u00e9nagement et de r\u00e9installation de porte \u00e0 porte qui comprennent l'organisation du transport et du d\u00e9douanement ainsi qu'une couverture d'assurance. Ils proposent des services de relocation qui comprennent l'orientation dans la r\u00e9gion, la recherche de logement et d'\u00e9cole, les services d'installation, les services de d\u00e9part, la formation culturelle et l'aide \u00e0 l'obtention de visas et \u00e0 l'immigration.<\/p>\n<p>Site web : <a href=\"http:\/\/www.goetzmoving.com\" target=\"_blank\" rel=\"noopener\">http:\/\/www.goetzmoving.com<\/a><\/p>\n<h2><span class=\"ez-toc-section\" id=\"6_Melcon_Worldwide_Logistics\"><\/span><strong>6. Melcon Worldwide Logistics<\/strong><span class=\"ez-toc-section-end\"><\/span><\/h2>\n<p><img loading=\"lazy\" decoding=\"async\" class=\"alignnone size-full wp-image-8824\" src=\"https:\/\/moverdb.com\/wp-content\/uploads\/Melcon-Worldwide-Logistics-international-moving-company.png\" alt=\"Melcon Worldwide Logistics soci\u00e9t\u00e9 de d\u00e9m\u00e9nagement international\" width=\"1440\" height=\"678\" data-wp-pid=\"8824\" srcset=\"https:\/\/moverdb.com\/wp-content\/uploads\/Melcon-Worldwide-Logistics-international-moving-company.png 1440w, https:\/\/moverdb.com\/wp-content\/uploads\/Melcon-Worldwide-Logistics-international-moving-company-300x141.png 300w, https:\/\/moverdb.com\/wp-content\/uploads\/Melcon-Worldwide-Logistics-international-moving-company-1024x482.png 1024w, https:\/\/moverdb.com\/wp-content\/uploads\/Melcon-Worldwide-Logistics-international-moving-company-18x8.png 18w, https:\/\/moverdb.com\/wp-content\/uploads\/Melcon-Worldwide-Logistics-international-moving-company-600x283.png 600w\" sizes=\"auto, (max-width: 1440px) 100vw, 1440px\" \/><\/p>\n<ul>\n<li>D\u00e9placements locaux<\/li>\n<li>D\u00e9m\u00e9nagements internationaux<\/li>\n<li>D\u00e9m\u00e9nagements r\u00e9sidentiels<\/li>\n<li>D\u00e9m\u00e9nagements de bureaux et d'usines<\/li>\n<li>Service porte-\u00e0-porte<\/li>\n<li>Fret a\u00e9rien et maritime<\/li>\n<li>Services de courtage<\/li>\n<li>Transport des animaux<\/li>\n<li>Assurance transit<\/li>\n<li>Installations de stockage<\/li>\n<\/ul>\n<p>Melcon Worldwide Logistics est une entreprise de logistique \u00e0 guichet unique qui propose des services d'exp\u00e9dition, de distribution et d'entreposage. Elle poss\u00e8de des bureaux \u00e0 Taguig City et Davao City. Elle est membre de l'IAM et compte 20 ans d'anciennet\u00e9, ce qui lui permet d'acc\u00e9der \u00e0 un r\u00e9seau international d'agents de d\u00e9m\u00e9nagement pour l'aider.<\/p>\n<p>Melcon Worldwide Logistics propose des services logistiques personnalis\u00e9s comprenant un service de d\u00e9m\u00e9nagement de porte \u00e0 porte et des transferts locaux. Ils prot\u00e8gent vos effets personnels et organisent le transport par fret a\u00e9rien ou maritime avec une assurance transit. Elle propose un service de d\u00e9m\u00e9nagement d'animaux domestiques pour vous permettre d'emmener vos animaux avec vous. Ils proposent \u00e9galement des options de stockage avec contr\u00f4le de l'humidit\u00e9 et d'entreposage frigorifique.<\/p>\n<p>Site web : <a href=\"http:\/\/www.melconlogistics.com\" target=\"_blank\" rel=\"noopener\">http:\/\/www.melconlogistics.com<\/a><\/p>\n<h2><span class=\"ez-toc-section\" id=\"7_Santa_Fe_Relocation\"><\/span><strong>7. D\u00e9placement de Santa Fe<\/strong><span class=\"ez-toc-section-end\"><\/span><\/h2>\n<p><img loading=\"lazy\" decoding=\"async\" class=\"alignnone size-full wp-image-8850\" src=\"https:\/\/moverdb.com\/wp-content\/uploads\/Santa-Fe-Relocation-Philippines-international-moving-company.png\" alt=\"Santa Fe Relocation Philippines soci\u00e9t\u00e9 de d\u00e9m\u00e9nagement international\" width=\"1440\" height=\"676\" data-wp-pid=\"8850\" srcset=\"https:\/\/moverdb.com\/wp-content\/uploads\/Santa-Fe-Relocation-Philippines-international-moving-company.png 1440w, https:\/\/moverdb.com\/wp-content\/uploads\/Santa-Fe-Relocation-Philippines-international-moving-company-300x141.png 300w, https:\/\/moverdb.com\/wp-content\/uploads\/Santa-Fe-Relocation-Philippines-international-moving-company-1024x481.png 1024w, https:\/\/moverdb.com\/wp-content\/uploads\/Santa-Fe-Relocation-Philippines-international-moving-company-18x8.png 18w, https:\/\/moverdb.com\/wp-content\/uploads\/Santa-Fe-Relocation-Philippines-international-moving-company-600x282.png 600w\" sizes=\"auto, (max-width: 1440px) 100vw, 1440px\" \/><\/p>\n<ul>\n<li>Mouvements nationaux<\/li>\n<li>D\u00e9m\u00e9nagements internationaux<\/li>\n<li>D\u00e9m\u00e9nagements r\u00e9sidentiels<\/li>\n<li>Consultation pr\u00e9alable au d\u00e9m\u00e9nagement<\/li>\n<li>Service d'emballage<\/li>\n<li>Transports terrestres, a\u00e9riens et maritimes<\/li>\n<li>D\u00e9douanement<\/li>\n<li>Exp\u00e9dition de v\u00e9hicules<\/li>\n<li>D\u00e9placement d'un animal de compagnie<\/li>\n<li>Installations de stockage \u00e0 court et \u00e0 long terme<\/li>\n<\/ul>\n<p>Santa Fe Relocation est une soci\u00e9t\u00e9 de d\u00e9m\u00e9nagement international qui compte 96 bureaux dans 47 pays et dont la succursale philippine est bas\u00e9e \u00e0 Calamba City. Elle aide les gens \u00e0 d\u00e9m\u00e9nager depuis plus de 120 ans. Elle est membre de l'IAM et est accr\u00e9dit\u00e9e par la FIDI.<\/p>\n<p>Santa Fe Relocation met \u00e0 votre disposition un conseiller en d\u00e9m\u00e9nagement pour vous aider dans votre d\u00e9marche. Il s'occupera de l'emballage de vos biens et de leur transport par voie terrestre, a\u00e9rienne ou maritime avec d\u00e9douanement. Ils offrent une gamme de services suppl\u00e9mentaires et de relocalisation, y compris le nettoyage, la location \u00e0 court terme, le transport de v\u00e9hicules, le transfert d'animaux, les visas et l'immigration, les services de d\u00e9part, la formation culturelle, l'orientation et la recherche de logement et d'\u00e9cole.<\/p>\n<p>Site web : <a href=\"https:\/\/www.santaferelo.com\/en\/contact\/our-offices\/philippines-manila\/\" target=\"_blank\" rel=\"noopener\">https:\/\/www.santaferelo.com\/en\/contact\/our-offices\/philippines-manila\/<\/a><\/p>\n<h2><span class=\"ez-toc-section\" id=\"Other_Useful_Guides_to_the_Philippines\"><\/span>Autres guides utiles sur les Philippines<span class=\"ez-toc-section-end\"><\/span><\/h2>\n<ul>\n<li> <a href=\"https:\/\/moverdb.com\/fr\/expedition-par-conteneur\/philippines\/\">2024 Tarifs d'exp\u00e9dition de conteneurs de fret maritime \u00e0 destination et en provenance des Philippines<\/a><\/li>\n<li> <a href=\"https:\/\/moverdb.com\/fr\/moving-to-the-philippines\/\">D\u00e9m\u00e9nager aux Philippines ? 2026 Co\u00fbts de la vie et conseils de relocalisation<\/a><\/li>\n<li> <a href=\"https:\/\/moverdb.com\/fr\/moving-to-the-philippines\/best-places-to-live-philippines\/\">12 meilleurs endroits pour vivre aux Philippines<\/a><\/li>\n<li> <a href=\"https:\/\/moverdb.com\/fr\/moving-to-the-philippines\/living-in-the-philippines\/\">21 secrets sur la vie aux Philippines \u00e0 conna\u00eetre avant de d\u00e9m\u00e9nager<\/a><\/li>\n<li> <a href=\"https:\/\/moverdb.com\/fr\/moving-to-the-philippines\/philippines-from-us\/\">D\u00e9m\u00e9nager aux Philippines depuis les \u00c9tats-Unis<\/a><\/li>\n<\/ul>","protected":false},"excerpt":{"rendered":"<p>If you are moving home or business within, to or from the Philippines, you may be looking for some support to help lighten the load. Moving companies can assist with packing, organising transportation and documentation support. Below we have compiled a list of Philippines based removal companies that are members of the International Association of [&hellip;]<\/p>\n","protected":false},"author":4,"featured_media":0,"parent":190,"menu_order":0,"comment_status":"closed","ping_status":"closed","template":"","meta":{"_genesis_hide_title":false,"_genesis_hide_breadcrumbs":false,"_genesis_hide_singular_image":false,"_genesis_hide_footer_widgets":false,"_genesis_custom_body_class":"","_genesis_custom_post_class":"","_genesis_layout":"","footnotes":""},"class_list":{"0":"post-8912","1":"page","2":"type-page","3":"status-publish","5":"entry","6":"has-post-thumbnail"},"_links":{"self":[{"href":"https:\/\/moverdb.com\/fr\/wp-json\/wp\/v2\/pages\/8912","targetHints":{"allow":["GET"]}}],"collection":[{"href":"https:\/\/moverdb.com\/fr\/wp-json\/wp\/v2\/pages"}],"about":[{"href":"https:\/\/moverdb.com\/fr\/wp-json\/wp\/v2\/types\/page"}],"author":[{"embeddable":true,"href":"https:\/\/moverdb.com\/fr\/wp-json\/wp\/v2\/users\/4"}],"replies":[{"embeddable":true,"href":"https:\/\/moverdb.com\/fr\/wp-json\/wp\/v2\/comments?post=8912"}],"version-history":[{"count":4,"href":"https:\/\/moverdb.com\/fr\/wp-json\/wp\/v2\/pages\/8912\/revisions"}],"predecessor-version":[{"id":16985,"href":"https:\/\/moverdb.com\/fr\/wp-json\/wp\/v2\/pages\/8912\/revisions\/16985"}],"up":[{"embeddable":true,"href":"https:\/\/moverdb.com\/fr\/wp-json\/wp\/v2\/pages\/190"}],"wp:attachment":[{"href":"https:\/\/moverdb.com\/fr\/wp-json\/wp\/v2\/media?parent=8912"}],"curies":[{"name":"wp","href":"https:\/\/api.w.org\/{rel}","templated":true}]}}