{"id":891,"date":"2016-09-03T21:06:56","date_gmt":"2016-09-03T21:06:56","guid":{"rendered":"http:\/\/moverdb.com\/?page_id=891"},"modified":"2026-01-08T14:47:50","modified_gmt":"2026-01-08T14:47:50","slug":"bournes","status":"publish","type":"page","link":"https:\/\/moverdb.com\/fr\/bournes\/","title":{"rendered":"Bournes Moves : Avis sur les d\u00e9m\u00e9nagements et d\u00e9m\u00e9nagements internationaux"},"content":{"rendered":"<p>Bournes propose \u00e0 ses clients une s\u00e9lection de <a href=\"https:\/\/moverdb.com\/fr\/international-removals\/\" data-internallinksmanager029f6b8e52c=\"27\" title=\"36 meilleures entreprises de d\u00e9m\u00e9nagements internationaux au Royaume-Uni\">d\u00e9m\u00e9nagements internationaux<\/a> Les services de d\u00e9m\u00e9nagement \u00e0 l'\u00e9tranger sont \u00e9num\u00e9r\u00e9s ci-dessous. Vous y trouverez \u00e9galement un profil de l'entreprise et des commentaires.<\/p>\n<p><strong>D\u00e9m\u00e9nagement international<\/strong><\/p>\n<ul>\n<li> Service complet d'emballage<\/li>\n<li> Service d'emballage des pi\u00e8ces<\/li>\n<li> Self-packing<\/li>\n<li> Emballage pour l'exportation de meubles avec un soin particulier<\/li>\n<li> Assistance \u00e0 la documentation<\/li>\n<li> Collection<\/li>\n<li> Transport par bateau - <a href=\"https:\/\/moverdb.com\/fr\/expedition-par-conteneur\/\">transport par conteneur complet<\/a>chargement partiel, conteneur en bois<\/li>\n<li> Fret a\u00e9rien<\/li>\n<li> D\u00e9placement d'un animal de compagnie<\/li>\n<li> <a href=\"https:\/\/moverdb.com\/fr\/voiture-transport-expedition\/\">D\u00e9placement du v\u00e9hicule<\/a><\/li>\n<li> Service de nettoyage<\/li>\n<li> Service d'homme \u00e0 tout faire<\/li>\n<li> Assurance souscrite<\/li>\n<\/ul>\n<p><strong>Aide \u00e0 la r\u00e9installation<\/strong><\/p>\n<ul>\n<li> La planification avant le d\u00e9part comprend une \u00e9valuation des besoins (\u00e9coles, etc.).<\/li>\n<li> Formation interculturelle\".<\/li>\n<li> Programme de visite<\/li>\n<li> Service de recherche de logement et d'orientation<\/li>\n<li> Recherche d'\u00e9cole<\/li>\n<li> S'installer dans le service<\/li>\n<li> Pratiques commerciales<\/li>\n<li> Assistance au rapatriement<\/li>\n<\/ul>\n<p><strong>D\u00e9m\u00e9nagements commerciaux<\/strong><\/p>\n<ul>\n<li> Gestion de projet<\/li>\n<li> Planification pr\u00e9alable au d\u00e9m\u00e9nagement<\/li>\n<li> Services d'emballage et de d\u00e9ballage<\/li>\n<li> Entreposage<\/li>\n<li> Transport dans le monde entier<\/li>\n<li> Livraison int\u00e9rieure<\/li>\n<li> Installation et montage<\/li>\n<li> Logistique inverse et liquidations<\/li>\n<\/ul>\n<p><strong>Stockage<\/strong><\/p>\n<ul>\n<li> Plus de 1200 sites sur 6 continents<\/li>\n<li> Long terme et court terme<\/li>\n<li> CCTV 24\/7 ou \u00e9quipes de s\u00e9curit\u00e9<\/li>\n<li> Tous les sites s\u00e9curis\u00e9s<\/li>\n<\/ul>\n<h2>Profil de l'entreprise Bournes<\/h2>\n<p>Bournes a \u00e9t\u00e9 cr\u00e9\u00e9e en 1875 par Thomas Bourne en tant qu'entreprise g\u00e9n\u00e9rale de transport de marchandises et de charbon. Apr\u00e8s la Seconde Guerre mondiale, l'entreprise s'est \u00e9tendue aux d\u00e9m\u00e9nagements et au stockage. Dans les ann\u00e9es 1960 et 1970, la soci\u00e9t\u00e9 a connu une croissance consid\u00e9rable, rachetant des entreprises plus petites et construisant des installations de stockage sp\u00e9cialis\u00e9es.<\/p>\n<p>Les Bournes ont commenc\u00e9 \u00e0 faire des d\u00e9m\u00e9nagements en Europe en 1993 et en 2001 ils ont commenc\u00e9 <a href=\"https:\/\/moverdb.com\/fr\/entreprises-de-demenagement\/\">d\u00e9m\u00e9nager \u00e0 l'\u00e9tranger<\/a>. Elle est d\u00e9sormais en mesure de relocaliser des personnes et des entreprises sur 1500 sites dans plus de 120 pays.<\/p>\n<p>La soci\u00e9t\u00e9 est toujours dirig\u00e9e par la cinqui\u00e8me g\u00e9n\u00e9ration de Bournes, dont les valeurs familiales et professionnelles sont l'honn\u00eatet\u00e9, l'int\u00e9grit\u00e9 et la transparence. Bournes dispose d'un personnel d\u00e9vou\u00e9 et bien form\u00e9 qui est en contact avec des centaines d'experts en relocalisation et en d\u00e9m\u00e9nagement dans le monde entier.<\/p>\n<p>Bournes poss\u00e8de les accr\u00e9ditations et affiliations suivantes :<\/p>\n<ul>\n<li> <a href=\"https:\/\/moverdb.com\/fr\/reseau-de-relocalisation-harmonieux\/\">R\u00e9seau de relocalisation Harmony<\/a><\/li>\n<li> Une entreprise de d\u00e9m\u00e9nagement conforme \u00e0 la norme britannique ISO 9001:2008<\/li>\n<li> <a href=\"https:\/\/moverdb.com\/fr\/british-association-of-removers\/\">L'association britannique des d\u00e9m\u00e9nageurs<\/a> (<a href=\"https:\/\/moverdb.com\/fr\/british-association-of-removers\/\" data-internallinksmanager029f6b8e52c=\"9\" title=\"Explication de la British Association of Removers (BAR)\">BAR<\/a>)<\/li>\n<li> <a href=\"https:\/\/moverdb.com\/fr\/bar-overseas\/\">Groupe outre-mer de la British Association of Removers<\/a><\/li>\n<li> Quel ? Trusted Trader<\/li>\n<li> <a href=\"https:\/\/moverdb.com\/fr\/fidi-faim\/\">FIDI<\/a><\/li>\n<li> <a href=\"https:\/\/moverdb.com\/fr\/fidi-faim\/\" data-internallinksmanager029f6b8e52c=\"16\" title=\"Explication de la FIDI et du FAIM (FIDI Accredited International Mover)\">FAIM<\/a><\/li>\n<li> Le site <a href=\"https:\/\/moverdb.com\/fr\/je-suis\/\">Association internationale des d\u00e9m\u00e9nageurs<\/a> (<a href=\"https:\/\/moverdb.com\/fr\/iam\/\" data-internallinksmanager029f6b8e52c=\"23\" title=\"L&#039;Association internationale des d\u00e9m\u00e9nageurs (IAM) expliqu\u00e9e\">IAM<\/a>)<\/li>\n<li> <a href=\"https:\/\/moverdb.com\/fr\/eura\/\">Association europ\u00e9enne de relocation<\/a> (<a href=\"https:\/\/moverdb.com\/fr\/eura\/\" data-internallinksmanager029f6b8e52c=\"13\" title=\"L&#039;Association europ\u00e9enne de relocation (EuRA) expliqu\u00e9e\">EuRA<\/a>)<\/li>\n<li> <a href=\"https:\/\/moverdb.com\/fr\/mtc\/\">The Movers Trading Club<\/a> (<a href=\"https:\/\/moverdb.com\/fr\/mtc\/\" data-internallinksmanager029f6b8e52c=\"30\" title=\"Le Movers Trading Club (MTC) expliqu\u00e9\">MTC<\/a>)<\/li>\n<\/ul>\n<h2>Commentaires sur Bournes Moves<\/h2>\n<p><strong>Positif<\/strong><\/p>\n<ul>\n<li> <em>\"Bournes a \u00e9t\u00e9 formidable, depuis l'\u00e9valuation initiale de ce que je devais ou ne devais pas exp\u00e9dier jusqu'\u00e0... <a href=\"https:\/\/moverdb.com\/fr\/moving-to-australia\/living-in-australia\/\" data-internallinksmanager029f6b8e52c=\"240\" title=\"21 secrets sur la vie en Australie \u00e0 conna\u00eetre avant de d\u00e9m\u00e9nager\">Australie<\/a>L'\u00e9quipe a fait tout ce qu'il fallait pour que le d\u00e9m\u00e9nagement se passe bien, de l'emballage au d\u00e9ballage en Australie. Le service a rendu le d\u00e9m\u00e9nagement aussi peu stressant qu'il puisse l'\u00eatre et je ne saurais trop les recommander.\"<\/em> - via <a href=\"http:\/\/bournesmoves.com\/international-removals\/international-customer-reviews.htm\" target=\"_blank\" rel=\"noopener\">Page de commentaires sur Bournes<\/a><\/li>\n<li> <em>\"Service rapide et tarifs comp\u00e9titifs. L'\u00e9quipe \u00e9tait tr\u00e8s polie et serviable et a bien g\u00e9r\u00e9 les changements de nos dates d'ach\u00e8vement. Un espace de stockage suppl\u00e9mentaire a \u00e9t\u00e9 fourni facilement pendant la nuit pour que nous puissions nettoyer la nouvelle propri\u00e9t\u00e9 avant d'emm\u00e9nager. Un bon service en somme.<\/em> - via <a href=\"https:\/\/www.trustedmover.org\/questionnaire\/4587\" target=\"_blank\" rel=\"noopener\">Page d'accueil de BAR<\/a><\/li>\n<li> <em>\"Excellent service, depuis le devis bien inform\u00e9 et rassurant jusqu'\u00e0 l'\u00e9quipe serviable et amicale qui a aid\u00e9 les clients. <a href=\"https:\/\/moverdb.com\/fr\/moving-to-the-united-states\/\" data-internallinksmanager029f6b8e52c=\"94\" title=\"Vous partez aux \u00c9tats-Unis ? 2026 Co\u00fbt de la vie et conseils de relocalisation\">nous<\/a> avec le mouvement\"<\/em> - Susanna via <a href=\"http:\/\/trustedtraders.which.co.uk\/businesses\/bournes-moves\/#reviews\" target=\"_blank\" rel=\"noopener\">Lequel ?<\/a><\/li>\n<li> <em>\"J'ai \u00e9t\u00e9 tr\u00e8s satisfait. Surtout lorsque mon envoi est arriv\u00e9 en toute s\u00e9curit\u00e9 \u00e0 mon domicile dans le cadre de l'accord de partenariat. <a href=\"https:\/\/moverdb.com\/fr\/moving-to-the-uk\/\" data-internallinksmanager029f6b8e52c=\"93\" title=\"Vous partez au Royaume-Uni ? 2026 Co\u00fbt de la vie et conseils de relocalisation\">ROYAUME-UNI<\/a> comme l'\u00e9quipe \u00e9tait extr\u00eamement polie et tr\u00e8s serviable\".<\/em> - Susan via <a href=\"https:\/\/www.facebook.com\/BournesRemovals\/reviews\/\" target=\"_blank\" rel=\"noopener\">Facebook<\/a><\/li>\n<\/ul>\n<p><strong>N\u00e9gatif<\/strong><\/p>\n<ul>\n<li> \"Nous avons eu le malheur de choisir Bournes, ce qui \u00e9tait notre premier d\u00e9m\u00e9nagement en 19 ans, donc une grosse affaire pour toute la famille. Soyez tr\u00e8s attentifs lorsque vous choisissez cette soci\u00e9t\u00e9.\" - Ali via <a href=\"http:\/\/www.removalreviews.co.uk\/movingreviews\/miserable-move-12090\" target=\"_blank\" rel=\"noopener\">Revues de d\u00e9m\u00e9nagement<\/a><\/li>\n<\/ul>\n<div itemprop=\"review\" itemscope itemtype=\"http:\/\/schema.org\/Review\">\n<span itemprop=\"author\" itemscope=\"\" itemtype=\"http:\/\/schema.org\/Organization\"><span itemprop=\"name\">MoverDB.com<\/span><\/span> Examen en ligne du site Web pour <span itemprop=\"itemreviewed\" itemscope=\"\" itemtype=\"http:\/\/schema.org\/Brand\"><span itemprop=\"name\">Bournes Moves<\/span><\/span>:<\/p>\n<ol>\n<li> Coordonn\u00e9es claires sur le site web (y compris le num\u00e9ro de t\u00e9l\u00e9phone) : <strong>Oui<\/strong><\/li>\n<li> Facile \u00e0 obtenir <a href=\"https:\/\/moverdb.com\/fr\/citations\/\">devis de d\u00e9m\u00e9nagements internationaux<\/a>? (Formulaire de demande de devis en ligne) : <strong>Oui<\/strong><\/li>\n<li> Informations claires sur le site web : <strong>Oui,<\/strong> Le site web contient un grand nombre d'informations utiles.<\/li>\n<li> Adh\u00e9sion \u00e0 des organisations internationales de d\u00e9m\u00e9nagement reconnues : <strong>Oui<\/strong>voir ci-dessus.<\/li>\n<li> Liste de clients et\/ou t\u00e9moignages de clients pr\u00e9c\u00e9dents : <strong>Certains,<\/strong> il y a des avis de clients sur le site web mais ils ne sont pas les plus faciles \u00e0 trouver, ce qui est \u00e9trange, car ils sont tr\u00e8s positifs.<\/li>\n<\/ol>\n<div itemprop=\"reviewRating\" itemscope itemtype=\"http:\/\/schema.org\/Rating\"><meta itemprop=\"worstRating\" content = \"0\" \/><meta itemprop=\"bestRating\" content=\"5\" \/><meta itemprop=\"ratingValue\" content=\"4.5\"><\/div>\n<p><strong>Note globale : 4,5\/5<\/strong><br \/>\n<strong>Date de r\u00e9vision :<\/strong> <span itemprop=\"datePublished\" content=\"2016-09-03\">03\/09\/2016<\/span>\n<\/div>\n<p>D\u00e9couvrez d'autres <a href=\"https:\/\/moverdb.com\/fr\/demenagements-internationaux\/\">entreprises de d\u00e9m\u00e9nagement<\/a> et plus encore sur notre <a href=\"https:\/\/moverdb.com\/fr\/revues\/\">processus de r\u00e9vision<\/a>.<\/p>\n<p><strong>Site web :<\/strong> <a href=\"http:\/\/bournesmoves.com\" target=\"_blank\" rel=\"noopener\">http:\/\/bournesmoves.com<\/a><\/p>","protected":false},"excerpt":{"rendered":"<p>Bournes offers its clients a selection of international removals services for moving overseas which are listed below. There also follows a company profile and reviews. International Moving Full packing service Part packing service Self-packing Special care furniture export wrapping Assistance with documentation Collection Transport by ship &#8211; full container shipping, part load, wooden container Airfreight [&hellip;]<\/p>\n","protected":false},"author":1,"featured_media":0,"parent":0,"menu_order":0,"comment_status":"closed","ping_status":"closed","template":"","meta":{"_genesis_hide_title":false,"_genesis_hide_breadcrumbs":false,"_genesis_hide_singular_image":false,"_genesis_hide_footer_widgets":false,"_genesis_custom_body_class":"","_genesis_custom_post_class":"","_genesis_layout":"","footnotes":""},"class_list":{"0":"post-891","1":"page","2":"type-page","3":"status-publish","5":"entry"},"_links":{"self":[{"href":"https:\/\/moverdb.com\/fr\/wp-json\/wp\/v2\/pages\/891","targetHints":{"allow":["GET"]}}],"collection":[{"href":"https:\/\/moverdb.com\/fr\/wp-json\/wp\/v2\/pages"}],"about":[{"href":"https:\/\/moverdb.com\/fr\/wp-json\/wp\/v2\/types\/page"}],"author":[{"embeddable":true,"href":"https:\/\/moverdb.com\/fr\/wp-json\/wp\/v2\/users\/1"}],"replies":[{"embeddable":true,"href":"https:\/\/moverdb.com\/fr\/wp-json\/wp\/v2\/comments?post=891"}],"version-history":[{"count":6,"href":"https:\/\/moverdb.com\/fr\/wp-json\/wp\/v2\/pages\/891\/revisions"}],"predecessor-version":[{"id":6185,"href":"https:\/\/moverdb.com\/fr\/wp-json\/wp\/v2\/pages\/891\/revisions\/6185"}],"wp:attachment":[{"href":"https:\/\/moverdb.com\/fr\/wp-json\/wp\/v2\/media?parent=891"}],"curies":[{"name":"wp","href":"https:\/\/api.w.org\/{rel}","templated":true}]}}