{"id":8908,"date":"2023-04-27T14:29:46","date_gmt":"2023-04-27T14:29:46","guid":{"rendered":"https:\/\/moverdb.com\/?page_id=8908"},"modified":"2026-01-08T15:29:02","modified_gmt":"2026-01-08T15:29:02","slug":"moving-companies-panama","status":"publish","type":"page","link":"https:\/\/moverdb.com\/fr\/moving-companies\/moving-companies-panama\/","title":{"rendered":"5 meilleures entreprises de d\u00e9m\u00e9nagements internationaux au Panama"},"content":{"rendered":"<p>Vous d\u00e9m\u00e9nagez votre domicile ou votre bureau \u00e0 l'int\u00e9rieur, \u00e0 destination ou en provenance de <a href=\"https:\/\/moverdb.com\/fr\/moving-to-panama\/\" data-internallinksmanager029f6b8e52c=\"432\" title=\"D\u00e9m\u00e9nager au Panama ? 2026 Co\u00fbts de la vie et conseils de relocalisation\">Panama<\/a>? Dans ce cas, vous pouvez faire appel aux services d'un <a href=\"https:\/\/moverdb.com\/fr\/moving-companies\/\" data-internallinksmanager029f6b8e52c=\"79\" title=\"Les 25 meilleures soci\u00e9t\u00e9s de d\u00e9m\u00e9nagement international en ligne\">soci\u00e9t\u00e9 de d\u00e9m\u00e9nagement<\/a> pour vous assister dans l'emballage, l'organisation du transport et l'\u00e9tablissement de la documentation pour les d\u00e9m\u00e9nagements internationaux. Nous avons dress\u00e9 ci-dessous une liste de soci\u00e9t\u00e9s bas\u00e9es au Panama. <a href=\"https:\/\/moverdb.com\/fr\/international-removals\/\" data-internallinksmanager029f6b8e52c=\"27\" title=\"36 meilleures entreprises de d\u00e9m\u00e9nagements internationaux au Royaume-Uni\">entreprises de d\u00e9m\u00e9nagement<\/a> qui sont membres de la <a href=\"https:\/\/moverdb.com\/fr\/iam\/\" data-internallinksmanager029f6b8e52c=\"23\" title=\"L&#039;Association internationale des d\u00e9m\u00e9nageurs (IAM) expliqu\u00e9e\">Association internationale des d\u00e9m\u00e9nageurs<\/a> (IAM) et\/ou <a href=\"https:\/\/moverdb.com\/fr\/fidi-faim\/\" data-internallinksmanager029f6b8e52c=\"16\" title=\"Explication de la FIDI et du FAIM (FIDI Accredited International Mover)\">FIDI<\/a> D\u00e9m\u00e9nageur international accr\u00e9dit\u00e9 (FAIM) qui pourrait vous aider dans votre d\u00e9m\u00e9nagement.<\/p>\n<div id=\"ez-toc-container\" class=\"ez-toc-v2_0_82_2 ez-toc-wrap-left counter-hierarchy ez-toc-counter ez-toc-transparent ez-toc-container-direction\">\n<div class=\"ez-toc-title-container\">\n<p class=\"ez-toc-title\" style=\"cursor:inherit\">Sections<\/p>\n<span class=\"ez-toc-title-toggle\"><a href=\"#\" class=\"ez-toc-pull-right ez-toc-btn ez-toc-btn-xs ez-toc-btn-default ez-toc-toggle\" aria-label=\"Toggle Table des mati\u00e8res\"><span class=\"ez-toc-js-icon-con\"><span class=\"\"><span class=\"eztoc-hide\" style=\"display:none;\">Toggle<\/span><span class=\"ez-toc-icon-toggle-span\"><svg style=\"fill: #999;color:#999\" xmlns=\"http:\/\/www.w3.org\/2000\/svg\" class=\"list-377408\" width=\"20px\" height=\"20px\" viewbox=\"0 0 24 24\" fill=\"none\"><path d=\"M6 6H4v2h2V6zm14 0H8v2h12V6zM4 11h2v2H4v-2zm16 0H8v2h12v-2zM4 16h2v2H4v-2zm16 0H8v2h12v-2z\" fill=\"currentColor\"><\/path><\/svg><svg style=\"fill: #999;color:#999\" class=\"arrow-unsorted-368013\" xmlns=\"http:\/\/www.w3.org\/2000\/svg\" width=\"10px\" height=\"10px\" viewbox=\"0 0 24 24\" version=\"1.2\" baseprofile=\"tiny\"><path d=\"M18.2 9.3l-6.2-6.3-6.2 6.3c-.2.2-.3.4-.3.7s.1.5.3.7c.2.2.4.3.7.3h11c.3 0 .5-.1.7-.3.2-.2.3-.5.3-.7s-.1-.5-.3-.7zM5.8 14.7l6.2 6.3 6.2-6.3c.2-.2.3-.5.3-.7s-.1-.5-.3-.7c-.2-.2-.4-.3-.7-.3h-11c-.3 0-.5.1-.7.3-.2.2-.3.5-.3.7s.1.5.3.7z\"\/><\/svg><\/span><\/span><\/span><\/a><\/span><\/div>\n<nav><ul class='ez-toc-list ez-toc-list-level-1 eztoc-toggle-hide-by-default' ><li class='ez-toc-page-1 ez-toc-heading-level-2'><a class=\"ez-toc-link ez-toc-heading-1\" href=\"https:\/\/moverdb.com\/fr\/moving-companies\/moving-companies-panama\/#1_Canal_Movers_Logistics\" >1. D\u00e9m\u00e9nagements et logistique du canal<\/a><\/li><li class='ez-toc-page-1 ez-toc-heading-level-2'><a class=\"ez-toc-link ez-toc-heading-2\" href=\"https:\/\/moverdb.com\/fr\/moving-companies\/moving-companies-panama\/#2_Logisfashion\" >2. Logisfashion<\/a><\/li><li class='ez-toc-page-1 ez-toc-heading-level-2'><a class=\"ez-toc-link ez-toc-heading-3\" href=\"https:\/\/moverdb.com\/fr\/moving-companies\/moving-companies-panama\/#3_Mudanzas_Express\" >3. Mudanzas Express<\/a><\/li><li class='ez-toc-page-1 ez-toc-heading-level-2'><a class=\"ez-toc-link ez-toc-heading-4\" href=\"https:\/\/moverdb.com\/fr\/moving-companies\/moving-companies-panama\/#4_Panama_Moving_Solutions\" >4. Solutions de d\u00e9m\u00e9nagement au Panama<\/a><\/li><li class='ez-toc-page-1 ez-toc-heading-level-2'><a class=\"ez-toc-link ez-toc-heading-5\" href=\"https:\/\/moverdb.com\/fr\/moving-companies\/moving-companies-panama\/#5_Panama_Packing_Storage\" >5. Emballage et stockage au Panama<\/a><\/li><\/ul><\/nav><\/div>\n<h2><span class=\"ez-toc-section\" id=\"1_Canal_Movers_Logistics\"><\/span><strong>1. D\u00e9m\u00e9nagements et logistique du canal<\/strong><span class=\"ez-toc-section-end\"><\/span><\/h2>\n<p><img loading=\"lazy\" decoding=\"async\" class=\"alignnone size-full wp-image-8770\" src=\"https:\/\/moverdb.com\/wp-content\/uploads\/Canal-Movers-Logistics-international-moving-company.png\" alt=\"Canal Movers &amp; Logistics soci\u00e9t\u00e9 de d\u00e9m\u00e9nagement international\" width=\"1440\" height=\"679\" data-wp-pid=\"8770\" srcset=\"https:\/\/moverdb.com\/wp-content\/uploads\/Canal-Movers-Logistics-international-moving-company.png 1440w, https:\/\/moverdb.com\/wp-content\/uploads\/Canal-Movers-Logistics-international-moving-company-300x141.png 300w, https:\/\/moverdb.com\/wp-content\/uploads\/Canal-Movers-Logistics-international-moving-company-1024x483.png 1024w, https:\/\/moverdb.com\/wp-content\/uploads\/Canal-Movers-Logistics-international-moving-company-18x8.png 18w, https:\/\/moverdb.com\/wp-content\/uploads\/Canal-Movers-Logistics-international-moving-company-600x283.png 600w\" sizes=\"auto, (max-width: 1440px) 100vw, 1440px\" \/><\/p>\n<ul>\n<li>D\u00e9m\u00e9nagements locaux et nationaux<\/li>\n<li>D\u00e9m\u00e9nagements internationaux<\/li>\n<li>D\u00e9m\u00e9nagements de m\u00e9nages<\/li>\n<li>D\u00e9m\u00e9nagements de bureaux<\/li>\n<li>Services personnalis\u00e9s<\/li>\n<li>Service d'emballage professionnel<\/li>\n<li>Manipulation d'\u0153uvres d'art<\/li>\n<li>Transport de v\u00e9hicules et d'animaux domestiques<\/li>\n<li>Assurance<\/li>\n<li>Installations de stockage<\/li>\n<\/ul>\n<p>Canal Movers &amp; Logistics est une entreprise de d\u00e9m\u00e9nagement et de logistique qui s'adresse aux entreprises multinationales et aux particuliers. Elle travaille avec un r\u00e9seau mondial d'agents logistiques et de d\u00e9m\u00e9nageurs. Elle est membre de l'IAM avec 22 ans de service et est accr\u00e9dit\u00e9e par la FIDI.<\/p>\n<p>Canal Movers &amp; Logistics propose un coordinateur de d\u00e9m\u00e9nagement pour vous aider \u00e0 d\u00e9m\u00e9nager au niveau local, national et international, qu'il s'agisse de votre domicile ou de votre entreprise. Ils offrent un service d'emballage professionnel pour prot\u00e9ger vos biens pendant le transport et vous fournir une couverture d'assurance. Ils proposent \u00e9galement des services suppl\u00e9mentaires, notamment la location de meubles, le transport de voitures, de motos et de bateaux, le transport d'animaux de compagnie et la manutention d'\u0153uvres d'art.<\/p>\n<p>Site web : <a href=\"http:\/\/www.canalmovers.com\" target=\"_blank\" rel=\"noopener\">http:\/\/www.canalmovers.com<\/a><\/p>\n<h2><span class=\"ez-toc-section\" id=\"2_Logisfashion\"><\/span><strong>2. Logisfashion<\/strong><span class=\"ez-toc-section-end\"><\/span><\/h2>\n<p><img loading=\"lazy\" decoding=\"async\" class=\"alignnone size-full wp-image-8822\" src=\"https:\/\/moverdb.com\/wp-content\/uploads\/Logisfashion-international-moving-company.png\" alt=\"Logisfashion, soci\u00e9t\u00e9 de d\u00e9m\u00e9nagement international\" width=\"1440\" height=\"680\" data-wp-pid=\"8822\" srcset=\"https:\/\/moverdb.com\/wp-content\/uploads\/Logisfashion-international-moving-company.png 1440w, https:\/\/moverdb.com\/wp-content\/uploads\/Logisfashion-international-moving-company-300x142.png 300w, https:\/\/moverdb.com\/wp-content\/uploads\/Logisfashion-international-moving-company-1024x484.png 1024w, https:\/\/moverdb.com\/wp-content\/uploads\/Logisfashion-international-moving-company-18x9.png 18w, https:\/\/moverdb.com\/wp-content\/uploads\/Logisfashion-international-moving-company-600x283.png 600w\" sizes=\"auto, (max-width: 1440px) 100vw, 1440px\" \/><\/p>\n<ul>\n<li>Transports nationaux<\/li>\n<li>Transport international<\/li>\n<li>Transport priv\u00e9<\/li>\n<li>Transport commercial<\/li>\n<li>Service porte-\u00e0-porte sur mesure<\/li>\n<li>Diff\u00e9rentes tailles d'exp\u00e9dition<\/li>\n<li>Transports a\u00e9riens, maritimes et terrestres<\/li>\n<li>Soutien douanier<\/li>\n<li>Assurance<\/li>\n<li>Installations de stockage<\/li>\n<\/ul>\n<p>Logisfashion est une entreprise de logistique internationale fond\u00e9e en 1997 qui poss\u00e8de des succursales dans neuf pays du monde et un bureau \u00e0 Panama City. Elle est membre de l'IAM et compte 42 ans de service, ce qui lui donne acc\u00e8s \u00e0 un r\u00e9seau international d'agents de d\u00e9m\u00e9nagement.<\/p>\n<p>Logisfashion propose des services de transport international par voie a\u00e9rienne, maritime et terrestre, y compris des chargements de conteneurs complets et des chargements de moins d'un conteneur. Ils fournissent un service personnalis\u00e9 de porte \u00e0 porte avec tra\u00e7abilit\u00e9 des exp\u00e9ditions, d\u00e9douanement et assurance des marchandises. Ils proposent \u00e9galement des entrep\u00f4ts et des installations de stockage pour soutenir la distribution et les activit\u00e9s d'importation ou d'exportation.<\/p>\n<p>Site web : <a href=\"http:\/\/www.logisfashion.com\" target=\"_blank\" rel=\"noopener\">http:\/\/www.logisfashion.com<\/a><\/p>\n<h2><span class=\"ez-toc-section\" id=\"3_Mudanzas_Express\"><\/span><strong>3. Mudanzas Express<\/strong><span class=\"ez-toc-section-end\"><\/span><\/h2>\n<p><img loading=\"lazy\" decoding=\"async\" class=\"alignnone size-full wp-image-8833\" src=\"https:\/\/moverdb.com\/wp-content\/uploads\/Mudanzas-Express-international-moving-company.png\" alt=\"Mudanzas Express, soci\u00e9t\u00e9 de d\u00e9m\u00e9nagement international\" width=\"1440\" height=\"686\" data-wp-pid=\"8833\" srcset=\"https:\/\/moverdb.com\/wp-content\/uploads\/Mudanzas-Express-international-moving-company.png 1440w, https:\/\/moverdb.com\/wp-content\/uploads\/Mudanzas-Express-international-moving-company-300x143.png 300w, https:\/\/moverdb.com\/wp-content\/uploads\/Mudanzas-Express-international-moving-company-1024x488.png 1024w, https:\/\/moverdb.com\/wp-content\/uploads\/Mudanzas-Express-international-moving-company-18x9.png 18w, https:\/\/moverdb.com\/wp-content\/uploads\/Mudanzas-Express-international-moving-company-600x286.png 600w\" sizes=\"auto, (max-width: 1440px) 100vw, 1440px\" \/><\/p>\n<ul>\n<li>D\u00e9placements locaux<\/li>\n<li>D\u00e9m\u00e9nagements internationaux<\/li>\n<li>D\u00e9m\u00e9nagements de m\u00e9nages<\/li>\n<li>D\u00e9m\u00e9nagements commerciaux et de bureaux<\/li>\n<li>Service porte-\u00e0-porte<\/li>\n<li>Processus de gestion supervis\u00e9<\/li>\n<li>Service d'emballage<\/li>\n<li>Transport a\u00e9rien et maritime<\/li>\n<li>Courtage en douane<\/li>\n<li>Transport des voitures<\/li>\n<\/ul>\n<p>Mudanzas Express est une entreprise de d\u00e9m\u00e9nagements internationaux bas\u00e9e \u00e0 Tocumen et ayant plus de 12 ans d'exp\u00e9rience. Elle est membre de l'IAM avec 15 ans de service, ce qui lui permet de disposer d'un r\u00e9seau international d'agents de d\u00e9m\u00e9nagement pour l'aider \u00e0 fournir des services en dehors du Panama.<\/p>\n<p>Mudanzas Express propose un service de d\u00e9m\u00e9nagement de porte \u00e0 porte pour les personnes d\u00e9m\u00e9nageant au Panama ou en provenance de ce pays. Ils proposent un service d'emballage pour prot\u00e9ger vos biens pendant le transport, le d\u00e9montage et le montage des meubles, et la manipulation des objets fragiles et des pianos.  Ils organisent le transport et g\u00e8rent le processus, y compris le courtage en douane.<\/p>\n<p>Site web : <a href=\"http:\/\/www.mudanzasexpresspanama.com\" target=\"_blank\" rel=\"noopener\">http:\/\/www.mudanzasexpresspanama.com<\/a><\/p>\n<h2><span class=\"ez-toc-section\" id=\"4_Panama_Moving_Solutions\"><\/span><strong>4. Solutions de d\u00e9m\u00e9nagement au Panama<\/strong><span class=\"ez-toc-section-end\"><\/span><\/h2>\n<p><img loading=\"lazy\" decoding=\"async\" class=\"alignnone size-full wp-image-8843\" src=\"https:\/\/moverdb.com\/wp-content\/uploads\/Panama-Moving-Solutions-international-moving-company.png\" alt=\"Panama Moving Solutions entreprise de d\u00e9m\u00e9nagement international\" width=\"1440\" height=\"681\" data-wp-pid=\"8843\" srcset=\"https:\/\/moverdb.com\/wp-content\/uploads\/Panama-Moving-Solutions-international-moving-company.png 1440w, https:\/\/moverdb.com\/wp-content\/uploads\/Panama-Moving-Solutions-international-moving-company-300x142.png 300w, https:\/\/moverdb.com\/wp-content\/uploads\/Panama-Moving-Solutions-international-moving-company-1024x484.png 1024w, https:\/\/moverdb.com\/wp-content\/uploads\/Panama-Moving-Solutions-international-moving-company-18x9.png 18w, https:\/\/moverdb.com\/wp-content\/uploads\/Panama-Moving-Solutions-international-moving-company-600x284.png 600w\" sizes=\"auto, (max-width: 1440px) 100vw, 1440px\" \/><\/p>\n<ul>\n<li>D\u00e9m\u00e9nagements locaux et nationaux<\/li>\n<li>D\u00e9m\u00e9nagements internationaux<\/li>\n<li>D\u00e9m\u00e9nagements de m\u00e9nages<\/li>\n<li>D\u00e9m\u00e9nagements d'entreprises<\/li>\n<li>Porte-\u00e0-porte et porte-\u00e0<a href=\"https:\/\/moverdb.com\/fr\/top-49-container-ports\/\" data-internallinksmanager029f6b8e52c=\"80\" title=\"Les 49 ports \u00e0 conteneurs les plus importants et les plus fr\u00e9quent\u00e9s en 2025\">port<\/a> services<\/li>\n<li>Services d'emballage<\/li>\n<li>Organisation du transport<\/li>\n<li>Transport des animaux<\/li>\n<li>Transport de v\u00e9hicules<\/li>\n<li>Installations de stockage<\/li>\n<\/ul>\n<p>Panama Moving Solutions propose des d\u00e9m\u00e9nagements internationaux et des transports de marchandises avec plus de 20 ans d'exp\u00e9rience et est bas\u00e9 \u00e0 Panama City. Elle travaille avec des agents de d\u00e9m\u00e9nagement reconnus au niveau international pour l'aider \u00e0 fournir ses services et est membre de l'IAM depuis six ans.<\/p>\n<p>Panama Moving Solutions propose des d\u00e9m\u00e9nagements sur mesure \u00e0 l'int\u00e9rieur, \u00e0 destination et en provenance de Panama, qui peuvent \u00eatre des services porte-\u00e0-porte ou porte-\u00e0-port. Ils fournissent un service d'emballage qui utilise les meilleurs produits d'emballage et les derni\u00e8res techniques d'emballage pour r\u00e9duire les dommages et l'humidit\u00e9. Ils proposent des services suppl\u00e9mentaires, notamment le transport d'animaux et de v\u00e9hicules, ainsi que le stockage.<\/p>\n<p>Site web : <a href=\"http:\/\/www.pmovings.com\" target=\"_blank\" rel=\"noopener\">http:\/\/www.pmovings.com<\/a><\/p>\n<h2><span class=\"ez-toc-section\" id=\"5_Panama_Packing_Storage\"><\/span><strong>5. Emballage et stockage au Panama<\/strong><span class=\"ez-toc-section-end\"><\/span><\/h2>\n<p><img loading=\"lazy\" decoding=\"async\" class=\"alignnone size-full wp-image-8844\" src=\"https:\/\/moverdb.com\/wp-content\/uploads\/Panama-Packing-Storage-international-moving-company.png\" alt=\"Panama Packing &amp; Storage soci\u00e9t\u00e9 de d\u00e9m\u00e9nagement international\" width=\"1440\" height=\"682\" data-wp-pid=\"8844\" srcset=\"https:\/\/moverdb.com\/wp-content\/uploads\/Panama-Packing-Storage-international-moving-company.png 1440w, https:\/\/moverdb.com\/wp-content\/uploads\/Panama-Packing-Storage-international-moving-company-300x142.png 300w, https:\/\/moverdb.com\/wp-content\/uploads\/Panama-Packing-Storage-international-moving-company-1024x485.png 1024w, https:\/\/moverdb.com\/wp-content\/uploads\/Panama-Packing-Storage-international-moving-company-18x9.png 18w, https:\/\/moverdb.com\/wp-content\/uploads\/Panama-Packing-Storage-international-moving-company-600x284.png 600w\" sizes=\"auto, (max-width: 1440px) 100vw, 1440px\" \/><\/p>\n<ul>\n<li>D\u00e9placements locaux<\/li>\n<li>D\u00e9m\u00e9nagements internationaux<\/li>\n<li>D\u00e9m\u00e9nagements de m\u00e9nages<\/li>\n<li>Services de bureau<\/li>\n<li>Services de porte \u00e0 porte ou de porte \u00e0 port<\/li>\n<li>Service d'emballage<\/li>\n<li>Transport routier, maritime et a\u00e9rien<\/li>\n<li>Support pour l'importation et l'exportation<\/li>\n<li>Manipulation d'objets d'art<\/li>\n<li>Installations de stockage de courte ou de longue dur\u00e9e<\/li>\n<\/ul>\n<p>Panama Packing &amp; Storage est une soci\u00e9t\u00e9 de d\u00e9m\u00e9nagement latino-am\u00e9ricaine cr\u00e9\u00e9e en 1971 et bas\u00e9e \u00e0 Panama City. Elle dispose d'un r\u00e9seau mondial d'agents de d\u00e9m\u00e9nagement qui peuvent l'aider \u00e0 fournir des services en dehors de sa zone d'activit\u00e9. Elle est membre de l'IAM et est accr\u00e9dit\u00e9e par la FIDI.<\/p>\n<p>Panama Packing &amp; Storage propose des d\u00e9m\u00e9nagements internationaux et des d\u00e9m\u00e9nagements locaux, y compris un service de manutention d'objets d'art. Ils fournissent un service d'emballage et de d\u00e9ballage qui comprend l'emballage et la mise en caisse des objets fragiles. Elle propose des installations de stockage s\u00e9curis\u00e9es qui conviennent \u00e0 des solutions \u00e0 court ou \u00e0 long terme.<\/p>\n<p>Site web : <a href=\"http:\/\/www.panamapacking.com\" target=\"_blank\" rel=\"noopener\">http:\/\/www.panamapacking.com<\/a><\/p>","protected":false},"excerpt":{"rendered":"<p>Are you moving home or office within, to or from Panama? Then you may want to employ the services of a moving company to assist you with packing, organising transportation and arrangement of documentation for international moves. Below we have compiled a list of Panama based removal companies that are members of the International Association [&hellip;]<\/p>\n","protected":false},"author":4,"featured_media":0,"parent":190,"menu_order":0,"comment_status":"closed","ping_status":"closed","template":"","meta":{"_genesis_hide_title":false,"_genesis_hide_breadcrumbs":false,"_genesis_hide_singular_image":false,"_genesis_hide_footer_widgets":false,"_genesis_custom_body_class":"","_genesis_custom_post_class":"","_genesis_layout":"","footnotes":""},"class_list":{"0":"post-8908","1":"page","2":"type-page","3":"status-publish","5":"entry","6":"has-post-thumbnail"},"_links":{"self":[{"href":"https:\/\/moverdb.com\/fr\/wp-json\/wp\/v2\/pages\/8908","targetHints":{"allow":["GET"]}}],"collection":[{"href":"https:\/\/moverdb.com\/fr\/wp-json\/wp\/v2\/pages"}],"about":[{"href":"https:\/\/moverdb.com\/fr\/wp-json\/wp\/v2\/types\/page"}],"author":[{"embeddable":true,"href":"https:\/\/moverdb.com\/fr\/wp-json\/wp\/v2\/users\/4"}],"replies":[{"embeddable":true,"href":"https:\/\/moverdb.com\/fr\/wp-json\/wp\/v2\/comments?post=8908"}],"version-history":[{"count":1,"href":"https:\/\/moverdb.com\/fr\/wp-json\/wp\/v2\/pages\/8908\/revisions"}],"predecessor-version":[{"id":8909,"href":"https:\/\/moverdb.com\/fr\/wp-json\/wp\/v2\/pages\/8908\/revisions\/8909"}],"up":[{"embeddable":true,"href":"https:\/\/moverdb.com\/fr\/wp-json\/wp\/v2\/pages\/190"}],"wp:attachment":[{"href":"https:\/\/moverdb.com\/fr\/wp-json\/wp\/v2\/media?parent=8908"}],"curies":[{"name":"wp","href":"https:\/\/api.w.org\/{rel}","templated":true}]}}