{"id":8906,"date":"2023-04-27T14:30:32","date_gmt":"2023-04-27T14:30:32","guid":{"rendered":"https:\/\/moverdb.com\/?page_id=8906"},"modified":"2026-01-08T15:24:24","modified_gmt":"2026-01-08T15:24:24","slug":"moving-companies-paraguay","status":"publish","type":"page","link":"https:\/\/moverdb.com\/fr\/moving-companies\/moving-companies-paraguay\/","title":{"rendered":"3 meilleures entreprises de d\u00e9m\u00e9nagements internationaux au Paraguay"},"content":{"rendered":"<p>Vous envisagez de d\u00e9m\u00e9nager au Paraguay, vers le Paraguay ou depuis le Paraguay ? Si vous avez besoin d'aide pour emballer et organiser votre d\u00e9m\u00e9nagement, en particulier si vous changez de pays et que vous devez remplir des documents d'importation et d'exportation. Nous avons dress\u00e9 ci-dessous une liste de soci\u00e9t\u00e9s de d\u00e9m\u00e9nagement bas\u00e9es au Paraguay. <a href=\"https:\/\/moverdb.com\/fr\/international-removals\/\" data-internallinksmanager029f6b8e52c=\"27\" title=\"36 meilleures entreprises de d\u00e9m\u00e9nagements internationaux au Royaume-Uni\">entreprises de d\u00e9m\u00e9nagement<\/a> qui sont membres de la <a href=\"https:\/\/moverdb.com\/fr\/iam\/\" data-internallinksmanager029f6b8e52c=\"23\" title=\"L&#039;Association internationale des d\u00e9m\u00e9nageurs (IAM) expliqu\u00e9e\">Association internationale des d\u00e9m\u00e9nageurs<\/a> (IAM) et\/ou <a href=\"https:\/\/moverdb.com\/fr\/fidi-faim\/\" data-internallinksmanager029f6b8e52c=\"16\" title=\"Explication de la FIDI et du FAIM (FIDI Accredited International Mover)\">FIDI<\/a> D\u00e9m\u00e9nageur international accr\u00e9dit\u00e9 (FAIM) qui pourrait vous aider dans votre d\u00e9m\u00e9nagement.<\/p>\n<h2><strong>1. Servimex<\/strong><\/h2>\n<p><img loading=\"lazy\" decoding=\"async\" class=\"alignnone size-full wp-image-8856\" src=\"https:\/\/moverdb.com\/wp-content\/uploads\/Servimex-international-moving-company.png\" alt=\"Servimex, entreprise de d\u00e9m\u00e9nagements internationaux\" width=\"1440\" height=\"674\" data-wp-pid=\"8856\" srcset=\"https:\/\/moverdb.com\/wp-content\/uploads\/Servimex-international-moving-company.png 1440w, https:\/\/moverdb.com\/wp-content\/uploads\/Servimex-international-moving-company-300x140.png 300w, https:\/\/moverdb.com\/wp-content\/uploads\/Servimex-international-moving-company-1024x479.png 1024w, https:\/\/moverdb.com\/wp-content\/uploads\/Servimex-international-moving-company-18x8.png 18w, https:\/\/moverdb.com\/wp-content\/uploads\/Servimex-international-moving-company-600x281.png 600w\" sizes=\"auto, (max-width: 1440px) 100vw, 1440px\" \/><\/p>\n<ul>\n<li>D\u00e9m\u00e9nagements nationaux locaux<\/li>\n<li>D\u00e9m\u00e9nagements internationaux<\/li>\n<li>D\u00e9m\u00e9nagements r\u00e9sidentiels<\/li>\n<li>D\u00e9m\u00e9nagements de bureaux<\/li>\n<li>Services de porte-\u00e0-porte<\/li>\n<li>Service d'emballage<\/li>\n<li>Transport routier, maritime et a\u00e9rien<\/li>\n<li>D\u00e9douanement<\/li>\n<li>Assurance<\/li>\n<li>Installations de stockage<\/li>\n<\/ul>\n<p>Servimex est un <a href=\"https:\/\/moverdb.com\/fr\/moving-companies\/\" data-internallinksmanager029f6b8e52c=\"79\" title=\"Les 25 meilleures soci\u00e9t\u00e9s de d\u00e9m\u00e9nagement international en ligne\">soci\u00e9t\u00e9 de d\u00e9m\u00e9nagement<\/a> qui a \u00e9t\u00e9 fond\u00e9e en 1979 et est bas\u00e9e \u00e0 Asuncion. Elle est membre de l'IAM depuis 44 ans et est accr\u00e9dit\u00e9e par la FIDI, ce qui lui donne acc\u00e8s \u00e0 un r\u00e9seau international d'agents de d\u00e9m\u00e9nagement.<\/p>\n<p>Servimex fournit un service d'emballage pour les biens m\u00e9nagers et les \u0153uvres d'art qui seront emball\u00e9s dans des emballages industriels pour les prot\u00e9ger pendant le transport. Elle propose des solutions de transport multimodal, notamment par route, par mer et par air, en utilisant des conteneurs et apporte son aide pour le d\u00e9douanement des exportations et des importations. Ils proposent des services de relocalisation comprenant l'immigration, l'orientation, l'aide \u00e0 l'installation, la recherche de logements et d'\u00e9coles, et l'aide au d\u00e9part.<\/p>\n<p>Site web : <a href=\"http:\/\/www.servimex.com.py\" target=\"_blank\" rel=\"noopener\">http:\/\/www.servimex.com.py<\/a><\/p>\n<h2><strong>2. Benkovics<\/strong><\/h2>\n<p><img loading=\"lazy\" decoding=\"async\" class=\"alignnone size-full wp-image-8766\" src=\"https:\/\/moverdb.com\/wp-content\/uploads\/Benkovics-international-moving-company.png\" alt=\"Benkovics international move company\" width=\"1440\" height=\"679\" data-wp-pid=\"8766\" srcset=\"https:\/\/moverdb.com\/wp-content\/uploads\/Benkovics-international-moving-company.png 1440w, https:\/\/moverdb.com\/wp-content\/uploads\/Benkovics-international-moving-company-300x141.png 300w, https:\/\/moverdb.com\/wp-content\/uploads\/Benkovics-international-moving-company-1024x483.png 1024w, https:\/\/moverdb.com\/wp-content\/uploads\/Benkovics-international-moving-company-18x8.png 18w, https:\/\/moverdb.com\/wp-content\/uploads\/Benkovics-international-moving-company-600x283.png 600w\" sizes=\"auto, (max-width: 1440px) 100vw, 1440px\" \/><\/p>\n<ul>\n<li>D\u00e9m\u00e9nagements nationaux<\/li>\n<li>D\u00e9m\u00e9nagements internationaux<\/li>\n<li>D\u00e9m\u00e9nagements de m\u00e9nages<\/li>\n<li>Enqu\u00eate pr\u00e9alable au d\u00e9m\u00e9nagement<\/li>\n<li>Orientations pour les d\u00e9m\u00e9nagements<\/li>\n<li>Service d'emballage<\/li>\n<li>Transports terrestres, a\u00e9riens et maritimes<\/li>\n<li>Apurement des exportations<\/li>\n<li>Assurance<\/li>\n<li>Stockage \u00e0 court et \u00e0 long terme<\/li>\n<\/ul>\n<p>Benkovics est une soci\u00e9t\u00e9 de d\u00e9m\u00e9nagement bas\u00e9e \u00e0 Asuncion. Elle travaille avec des agents de d\u00e9m\u00e9nagement accr\u00e9dit\u00e9s dans le monde entier pour fournir ses services \u00e0 l'\u00e9chelle internationale. Elle est membre de l'IAM et compte 64 ans de service.<\/p>\n<p>Benkovics propose une \u00e9tude pr\u00e9alable au d\u00e9m\u00e9nagement afin d'\u00e9valuer le volume de vos besoins et de vous fournir un devis. Ils fournissent un service d'emballage qui utilise des mat\u00e9riaux d'emballage de la meilleure qualit\u00e9, y compris des squelettes en bois et des bo\u00eetes solides pour prot\u00e9ger vos biens. Leurs experts en logistique organiseront le transport par route, par air ou par mer et vous aideront \u00e0 obtenir les autorisations n\u00e9cessaires \u00e0 l'exportation. \u00c0 l'arriv\u00e9e, ils d\u00e9balleront et enl\u00e8veront tous les d\u00e9chets.<\/p>\n<p>Site web : <a href=\"http:\/\/www.benkovics.com.py\" target=\"_blank\" rel=\"noopener\">http:\/\/www.benkovics.com.py<\/a><\/p>\n<h2><strong>3. Asuncion Vanpack<\/strong><\/h2>\n<p><img loading=\"lazy\" decoding=\"async\" class=\"alignnone size-full wp-image-8761\" src=\"https:\/\/moverdb.com\/wp-content\/uploads\/Asuncion-Vanpack-international-moving-company.png\" alt=\"Asuncion Vanpack entreprise de d\u00e9m\u00e9nagement international\" width=\"1440\" height=\"677\" data-wp-pid=\"8761\" srcset=\"https:\/\/moverdb.com\/wp-content\/uploads\/Asuncion-Vanpack-international-moving-company.png 1440w, https:\/\/moverdb.com\/wp-content\/uploads\/Asuncion-Vanpack-international-moving-company-300x141.png 300w, https:\/\/moverdb.com\/wp-content\/uploads\/Asuncion-Vanpack-international-moving-company-1024x481.png 1024w, https:\/\/moverdb.com\/wp-content\/uploads\/Asuncion-Vanpack-international-moving-company-18x8.png 18w, https:\/\/moverdb.com\/wp-content\/uploads\/Asuncion-Vanpack-international-moving-company-600x282.png 600w\" sizes=\"auto, (max-width: 1440px) 100vw, 1440px\" \/><\/p>\n<ul>\n<li>Mouvements nationaux<\/li>\n<li>D\u00e9m\u00e9nagements internationaux<\/li>\n<li>D\u00e9m\u00e9nagements de m\u00e9nages<\/li>\n<li>Enqu\u00eate \u00e0 domicile<\/li>\n<li>Service d'emballage<\/li>\n<li>Emballage sp\u00e9cialis\u00e9<\/li>\n<li>Organisation du transport<\/li>\n<li>Assurance<\/li>\n<li>Gestion des fichiers<\/li>\n<li>Installations de stockage<\/li>\n<\/ul>\n<p>Asuncion Vanpack est une entreprise de transport et de logistique ayant plus de 30 ans d'exp\u00e9rience et bas\u00e9e \u00e0 Asuncion. Elle est membre de l'IAM depuis 35 ans, ce qui lui permet d'acc\u00e9der \u00e0 un r\u00e9seau international d'agents de d\u00e9m\u00e9nagement pour l'aider en dehors du Paraguay.<\/p>\n<p>Asuncion Vanpack m\u00e8ne une enqu\u00eate pour d\u00e9terminer le volume de votre d\u00e9m\u00e9nagement afin de recommander les meilleures options pour votre d\u00e9m\u00e9nagement et d'\u00e9tablir un devis. Ils offrent un service d'emballage qui fournit les meilleurs mat\u00e9riaux d'emballage pour prot\u00e9ger vos articles pendant le transport et ils utilisent un design d'emballage sp\u00e9cifique pour chaque article et disposent d'une menuiserie pour les besoins sp\u00e9cialis\u00e9s.<\/p>\n<p>Site web : <a href=\"http:\/\/www.asuncionvanpack.com\" target=\"_blank\" rel=\"noopener\">http:\/\/www.asuncionvanpack.com<\/a><\/p>","protected":false},"excerpt":{"rendered":"<p>Are you planning a move within, to or from Paraguay? If you need help with packing and organising your move especially if you are moving countries and need to complete import\/export paperwork. Below we have compiled a list of Paraguay based removal companies that are members of the International Association of Movers (IAM) and\/or FIDI [&hellip;]<\/p>\n","protected":false},"author":4,"featured_media":0,"parent":190,"menu_order":0,"comment_status":"closed","ping_status":"closed","template":"","meta":{"_genesis_hide_title":false,"_genesis_hide_breadcrumbs":false,"_genesis_hide_singular_image":false,"_genesis_hide_footer_widgets":false,"_genesis_custom_body_class":"","_genesis_custom_post_class":"","_genesis_layout":"","footnotes":""},"class_list":{"0":"post-8906","1":"page","2":"type-page","3":"status-publish","5":"entry","6":"has-post-thumbnail"},"_links":{"self":[{"href":"https:\/\/moverdb.com\/fr\/wp-json\/wp\/v2\/pages\/8906","targetHints":{"allow":["GET"]}}],"collection":[{"href":"https:\/\/moverdb.com\/fr\/wp-json\/wp\/v2\/pages"}],"about":[{"href":"https:\/\/moverdb.com\/fr\/wp-json\/wp\/v2\/types\/page"}],"author":[{"embeddable":true,"href":"https:\/\/moverdb.com\/fr\/wp-json\/wp\/v2\/users\/4"}],"replies":[{"embeddable":true,"href":"https:\/\/moverdb.com\/fr\/wp-json\/wp\/v2\/comments?post=8906"}],"version-history":[{"count":1,"href":"https:\/\/moverdb.com\/fr\/wp-json\/wp\/v2\/pages\/8906\/revisions"}],"predecessor-version":[{"id":8907,"href":"https:\/\/moverdb.com\/fr\/wp-json\/wp\/v2\/pages\/8906\/revisions\/8907"}],"up":[{"embeddable":true,"href":"https:\/\/moverdb.com\/fr\/wp-json\/wp\/v2\/pages\/190"}],"wp:attachment":[{"href":"https:\/\/moverdb.com\/fr\/wp-json\/wp\/v2\/media?parent=8906"}],"curies":[{"name":"wp","href":"https:\/\/api.w.org\/{rel}","templated":true}]}}