{"id":890,"date":"2016-08-29T10:10:27","date_gmt":"2016-08-29T10:10:27","guid":{"rendered":"http:\/\/moverdb.com\/?page_id=890"},"modified":"2026-01-08T15:20:31","modified_gmt":"2026-01-08T15:20:31","slug":"pearson","status":"publish","type":"page","link":"https:\/\/moverdb.com\/fr\/pearson\/","title":{"rendered":"Pearson Home Moving : Avis sur les d\u00e9m\u00e9nagements internationaux"},"content":{"rendered":"<p>Pearson Home Moving est une entreprise de d\u00e9m\u00e9nagement et de relocalisation qui offre les services suivants \u00e0 ses clients. La liste des services est suivie du profil de l'entreprise et de commentaires.<\/p>\n<p><strong>Services de d\u00e9m\u00e9nagement international<\/strong><\/p>\n<ul>\n<li> Un responsable du d\u00e9m\u00e9nagement d\u00e9di\u00e9<\/li>\n<li> Service de porte \u00e0 porte<\/li>\n<li> Flotte de v\u00e9hicules d\u00e9di\u00e9s<\/li>\n<li> Emballeurs professionnels - d\u00e9montage et emballage<\/li>\n<li> Mat\u00e9riaux d'emballage fournis<\/li>\n<li> <a href=\"https:\/\/moverdb.com\/fr\/expedition-par-conteneur\/\">Fret a\u00e9rien ou maritime<\/a><\/li>\n<li> Assistance douani\u00e8re<\/li>\n<li> D\u00e9ballez et r\u00e9assemblez<\/li>\n<li> D\u00e9placement d'un animal de compagnie<\/li>\n<li> <a href=\"https:\/\/moverdb.com\/fr\/voiture-transport-expedition\/\">D\u00e9placement du v\u00e9hicule<\/a><\/li>\n<li> Service de nettoyage<\/li>\n<li> Assurance souscrite<\/li>\n<li> Stockage disponible<\/li>\n<\/ul>\n<h2>Profil de la soci\u00e9t\u00e9 Pearson Home Moving<\/h2>\n<p>Pearson Home Moving a \u00e9t\u00e9 cr\u00e9\u00e9 en 1917 par Edward Pearson et a effectu\u00e9 \u00e0 ce jour plus de 250 000 d\u00e9m\u00e9nagements r\u00e9ussis sur tous les continents, m\u00eame en Antarctique. L'objectif d'Edward Pearson \u00e9tait de devenir la meilleure entreprise de d\u00e9m\u00e9nagement. <a href=\"https:\/\/moverdb.com\/fr\/international-removals\/\" data-internallinksmanager029f6b8e52c=\"27\" title=\"36 meilleures entreprises de d\u00e9m\u00e9nagements internationaux au Royaume-Uni\">entreprise de d\u00e9m\u00e9nagement<\/a> dans l'entreprise.<\/p>\n<p>La soci\u00e9t\u00e9 affirme avoir mis \u00e0 profit les 100 derni\u00e8res ann\u00e9es pour construire l'un des meilleurs r\u00e9seaux mondiaux de professionnels du d\u00e9m\u00e9nagement. Pearson Home Moving fait passer ses clients en premier, quelle que soit la taille du d\u00e9m\u00e9nagement.<\/p>\n<p>Les politiques environnementales de Pearson Home Moving comprennent l'utilisation de produits respectueux de l'environnement et le recyclage dans la mesure du possible, ainsi que l'utilisation de v\u00e9hicules enti\u00e8rement charg\u00e9s afin de r\u00e9duire leur empreinte carbone.<\/p>\n<p>Ils poss\u00e8dent les accr\u00e9ditations et affiliations suivantes :<\/p>\n<ul>\n<li> <a href=\"https:\/\/moverdb.com\/fr\/british-association-of-removers\/\">L'association britannique des d\u00e9m\u00e9nageurs<\/a> (<a href=\"https:\/\/moverdb.com\/fr\/british-association-of-removers\/\" data-internallinksmanager029f6b8e52c=\"9\" title=\"Explication de la British Association of Removers (BAR)\">BAR<\/a>)<\/li>\n<li> <a href=\"https:\/\/moverdb.com\/fr\/reseau-de-relocalisation-harmonieux\/\">R\u00e9seau de relocalisation Harmony<\/a><\/li>\n<li> DNV ISO9001<\/li>\n<li> <a href=\"https:\/\/moverdb.com\/fr\/fedemac\/\">F\u00e9d\u00e9ration des associations europ\u00e9ennes de d\u00e9m\u00e9nageurs<\/a> (<a href=\"https:\/\/moverdb.com\/fr\/fedemac\/\" data-internallinksmanager029f6b8e52c=\"15\" title=\"Explication de la F\u00e9d\u00e9ration des associations europ\u00e9ennes de d\u00e9m\u00e9nageurs (FEDEMAC)\">FEDEMAC<\/a>)<\/li>\n<li> <a href=\"https:\/\/moverdb.com\/fr\/fidi-faim\/\">FIDI<\/a><\/li>\n<\/ul>\n<h2>Avis sur le d\u00e9m\u00e9nagement de Pearson<\/h2>\n<p><strong>Positif :<\/strong><\/p>\n<ul>\n<li> \"C'\u00e9tait notre 19\u00e8me d\u00e9m\u00e9nagement en 40 ans. C'est le meilleur de tous les temps, le personnel de bureau est tr\u00e8s professionnel et les d\u00e9m\u00e9nageurs \u00e9taient de premi\u00e8re classe. Bravo ! Nous recommandons Pearson sans r\u00e9serve \u00e0 tout le monde.\" - Peter via <a href=\"http:\/\/www.pearsonhomemoving.com\/\" target=\"_blank\" rel=\"noopener\">Site web de Pearson Home Moving<\/a><\/li>\n<li> <em>\"Cette entreprise a \u00e9t\u00e9 fantastique du d\u00e9but \u00e0 la fin. Leur prix \u00e9tait vraiment comp\u00e9titif et ils ont donn\u00e9 <a href=\"https:\/\/moverdb.com\/fr\/moving-to-the-united-states\/\" data-internallinksmanager029f6b8e52c=\"94\" title=\"Vous partez aux \u00c9tats-Unis ? 2026 Co\u00fbt de la vie et conseils de relocalisation\">nous<\/a> un excellent service\".<\/em> - Steve via <a href=\"http:\/\/www.mymovingreviews.com\/movers\/pearson-home-moving-2276#56936\" target=\"_blank\" rel=\"noopener\">MyMovingReviews.com<\/a><\/li>\n<li> <em>\"Nous avons b\u00e9n\u00e9fici\u00e9 d'un service tr\u00e8s professionnel lors de notre d\u00e9m\u00e9nagement de l'Europe. <a href=\"https:\/\/moverdb.com\/fr\/moving-to-germany\/\" data-internallinksmanager029f6b8e52c=\"321\" title=\"D\u00e9m\u00e9nager en Allemagne ? 2026 Co\u00fbts de la vie et conseils de relocalisation\">Allemagne<\/a> \u00e0 la <a href=\"https:\/\/moverdb.com\/fr\/moving-to-the-uk\/\" data-internallinksmanager029f6b8e52c=\"93\" title=\"Vous partez au Royaume-Uni ? 2026 Co\u00fbt de la vie et conseils de relocalisation\">ROYAUME-UNI<\/a>.\"<\/em> - Kerry via <a href=\"http:\/\/www.removalreviews.co.uk\/movingreviews\/home-move-to-uk-10941\" target=\"_blank\" rel=\"noopener\">Revues de d\u00e9m\u00e9nagement<\/a><\/li>\n<li> \"<em>Excellent service \u00e0 la client\u00e8le \/ excellent service g\u00e9n\u00e9ral.\"<\/em> - Bruce via <a href=\"http:\/\/www.ciao.co.uk\/Pearson_Home_Moving__Review_6008009\" target=\"_blank\" rel=\"noopener\">Ciao !<\/a> <\/li>\n<\/ul>\n<p><strong>N\u00e9gatif :<\/strong><\/p>\n<ul>\n<li> <em>\"La livraison est arriv\u00e9e avec deux jours de retard. Nous pouvons comprendre qu'il y ait eu des probl\u00e8mes et des retards \u00e0 la fronti\u00e8re ind\u00e9pendants de leur volont\u00e9, mais pas que nous n'ayons jamais \u00e9t\u00e9 inform\u00e9s de l'\u00e9tat de la livraison. \"<\/em> - Christoph via <a href=\"http:\/\/www.mymovingreviews.com\/movers\/pearson-home-moving-2276#57516\" target=\"_blank\" rel=\"noopener\">MyMovingReviews.com<\/a> <\/li>\n<li> <em>\"\u00c0 la livraison, mes bo\u00eetes \u00e9taient \u00e0 la fois sales et humides. Par cons\u00e9quent, elles \u00e9taient \u00e9galement endommag\u00e9es.\"<\/em> \u2013 Harald in Glos via <a href=\"http:\/\/www.removalreviews.co.uk\/movingreviews\/never-again-10123\" target=\"_blank\" rel=\"noopener\">Revues de d\u00e9m\u00e9nagement<\/a><\/li>\n<li> <em>\"Finalement, mes affaires sont livr\u00e9es \u00e0 la mi-septembre, 81 jours apr\u00e8s leur collecte.\"<\/em> - Imoena via <a href=\"http:\/\/www.ciao.co.uk\/Pearson_Home_Moving__Review_6113468\" target=\"_blank\" rel=\"noopener\">Ciao !<\/a> <\/li>\n<\/ul>\n<div itemprop=\"review\" itemscope itemtype=\"http:\/\/schema.org\/Review\">\n<span itemprop=\"author\" itemscope=\"\" itemtype=\"http:\/\/schema.org\/Organization\"><span itemprop=\"name\">MoverDB.com<\/span><\/span> Examen en ligne du site Web pour <span itemprop=\"itemreviewed\" itemscope=\"\" itemtype=\"http:\/\/schema.org\/Brand\"><span itemprop=\"name\">D\u00e9m\u00e9nagement de Pearson<\/span><\/span>:<\/p>\n<ol>\n<li> Coordonn\u00e9es claires sur le site web (y compris le num\u00e9ro de t\u00e9l\u00e9phone) : <strong>Oui<\/strong><\/li>\n<li> Facile \u00e0 obtenir <a href=\"https:\/\/moverdb.com\/fr\/citations\/\">devis de d\u00e9m\u00e9nagements internationaux<\/a>? (Formulaire de demande de devis en ligne) : <strong>Oui<\/strong><\/li>\n<li> Informations claires sur le site web : <strong>Quelques<\/strong>Bien que les informations de contact et la pr\u00e9sentation des services soient claires, le site web ne contient pas d'informations d\u00e9taill\u00e9es sur la planification de votre d\u00e9m\u00e9nagement.<\/li>\n<li> Adh\u00e9sion \u00e0 des organisations internationales de d\u00e9m\u00e9nagement reconnues : <strong>Oui<\/strong>voir ci-dessus.<\/li>\n<li> Liste de clients et\/ou t\u00e9moignages de clients pr\u00e9c\u00e9dents : <strong>Oui,<\/strong> Il existe plusieurs t\u00e9moignages de clients sur le site.<\/li>\n<\/ol>\n<div itemprop=\"reviewRating\" itemscope itemtype=\"http:\/\/schema.org\/Rating\"><meta itemprop=\"worstRating\" content = \"0\" \/><meta itemprop=\"bestRating\" content=\"5\" \/><meta itemprop=\"ratingValue\" content=\"4.5\"><\/div>\n<p><strong>Note globale : 4,5\/5<\/strong><br \/>\n<strong>Date de r\u00e9vision :<\/strong> <span itemprop=\"datePublished\" content=\"2016-08-29\">29\/08\/2016<\/span>\n<\/div>\n<p>En savoir plus <a href=\"https:\/\/moverdb.com\/fr\/demenagements-internationaux\/\">d\u00e9m\u00e9nagements internationaux<\/a> et notre <a href=\"https:\/\/moverdb.com\/fr\/revues\/\">processus de r\u00e9vision<\/a>.<\/p>\n<p><strong>Site web :<\/strong> <a href=\"http:\/\/www.pearsonhomemoving.com\" target=\"_blank\" rel=\"noopener\">http:\/\/www.pearsonhomemoving.com<\/a><\/p>","protected":false},"excerpt":{"rendered":"<p>Pearson Home Moving are a removal and relocation company which offer the following services to their clients. The service list is followed by their company profile and reviews. International Home Moving Services Dedicated move manager Door to door service Dedicated vehicle fleet Professional packers &#8211; disassemble and pack Packing materials suppled Air freight or sea [&hellip;]<\/p>\n","protected":false},"author":1,"featured_media":0,"parent":0,"menu_order":0,"comment_status":"closed","ping_status":"closed","template":"","meta":{"_genesis_hide_title":false,"_genesis_hide_breadcrumbs":false,"_genesis_hide_singular_image":false,"_genesis_hide_footer_widgets":false,"_genesis_custom_body_class":"","_genesis_custom_post_class":"","_genesis_layout":"","footnotes":""},"class_list":{"0":"post-890","1":"page","2":"type-page","3":"status-publish","5":"entry"},"_links":{"self":[{"href":"https:\/\/moverdb.com\/fr\/wp-json\/wp\/v2\/pages\/890","targetHints":{"allow":["GET"]}}],"collection":[{"href":"https:\/\/moverdb.com\/fr\/wp-json\/wp\/v2\/pages"}],"about":[{"href":"https:\/\/moverdb.com\/fr\/wp-json\/wp\/v2\/types\/page"}],"author":[{"embeddable":true,"href":"https:\/\/moverdb.com\/fr\/wp-json\/wp\/v2\/users\/1"}],"replies":[{"embeddable":true,"href":"https:\/\/moverdb.com\/fr\/wp-json\/wp\/v2\/comments?post=890"}],"version-history":[{"count":6,"href":"https:\/\/moverdb.com\/fr\/wp-json\/wp\/v2\/pages\/890\/revisions"}],"predecessor-version":[{"id":6229,"href":"https:\/\/moverdb.com\/fr\/wp-json\/wp\/v2\/pages\/890\/revisions\/6229"}],"wp:attachment":[{"href":"https:\/\/moverdb.com\/fr\/wp-json\/wp\/v2\/media?parent=890"}],"curies":[{"name":"wp","href":"https:\/\/api.w.org\/{rel}","templated":true}]}}