{"id":889,"date":"2016-09-03T15:17:39","date_gmt":"2016-09-03T15:17:39","guid":{"rendered":"http:\/\/moverdb.com\/?page_id=889"},"modified":"2026-01-08T15:20:33","modified_gmt":"2026-01-08T15:20:33","slug":"pss-demenagements","status":"publish","type":"page","link":"https:\/\/moverdb.com\/fr\/pss-removals\/","title":{"rendered":"PSS International Removals : Services de d\u00e9m\u00e9nagement et commentaires"},"content":{"rendered":"<p>PSS <a href=\"https:\/\/moverdb.com\/fr\/international-removals\/\" data-internallinksmanager029f6b8e52c=\"27\" title=\"36 meilleures entreprises de d\u00e9m\u00e9nagements internationaux au Royaume-Uni\">D\u00e9m\u00e9nagements internationaux<\/a> d\u00e9place des personnes \u00e0 l'\u00e9tranger depuis plus de 34 ans. Vous trouverez ci-dessous la liste des diff\u00e9rents services qu'elle propose.<\/p>\n<p><strong>D\u00e9m\u00e9nagements internationaux<\/strong><\/p>\n<ul>\n<li> Service sur mesure pour la plupart des pays<\/li>\n<li> Coordonnateur d\u00e9sign\u00e9 pour les d\u00e9m\u00e9nagements internationaux<\/li>\n<li> Emballeurs professionnels ou option d'auto-emballage<\/li>\n<li> Service de porte \u00e0 porte<\/li>\n<li> Assurance souscrite<\/li>\n<li> Conseils sur tous les aspects du pays de destination<\/li>\n<\/ul>\n<p><strong>Services de migration<\/strong><br \/>\n<strong>Informations et documents douaniers<\/strong><\/p>\n<p><strong><a href=\"https:\/\/moverdb.com\/fr\/expedition-par-conteneur\/\">Exp\u00e9dition internationale<\/a><\/strong><\/p>\n<ul>\n<li> Fret maritime ou fret a\u00e9rien express<\/li>\n<li> Assurance souscrite<\/li>\n<\/ul>\n<p><strong>Service de colis express outre-mer<\/strong><\/p>\n<ul>\n<li> Livraison de colis express en porte \u00e0 porte pour les articles dont on a besoin de toute urgence.<\/li>\n<\/ul>\n<p><strong>Exc\u00e9dent de bagages<\/strong><\/p>\n<ul>\n<li> Fret routier (en Europe) Fret maritime ou fret a\u00e9rien express<\/li>\n<li> Self-pack<\/li>\n<li> Emball\u00e9 pour vous<\/li>\n<li> Assurance souscrite<\/li>\n<\/ul>\n<p><strong><a href=\"https:\/\/moverdb.com\/fr\/car-transport-shipping\/\" data-internallinksmanager029f6b8e52c=\"2\" title=\"2026 Devis pour le transport international de voitures et l&#039;exp\u00e9dition de v\u00e9hicules\">Exp\u00e9dition de voitures<\/a><\/strong><\/p>\n<ul>\n<li> Exp\u00e9dier la voiture s\u00e9par\u00e9ment<\/li>\n<li> Exp\u00e9dier la voiture dans le m\u00eame conteneur que les biens<\/li>\n<li> Assurance souscrite<\/li>\n<\/ul>\n<h2>Profil de l'entreprise PSS International Removals<\/h2>\n<p>PSS International Removals s'occupe de d\u00e9m\u00e9nagements \u00e0 l'\u00e9tranger depuis plus de 34 ans. L'entreprise se concentre sur les d\u00e9m\u00e9nagements \u00e0 l'\u00e9tranger et ne s'occupe pas des d\u00e9m\u00e9nagements \u00e0 l'int\u00e9rieur du pays. <a href=\"https:\/\/moverdb.com\/fr\/moving-to-the-uk\/\" data-internallinksmanager029f6b8e52c=\"93\" title=\"Vous partez au Royaume-Uni ? 2026 Co\u00fbt de la vie et conseils de relocalisation\">ROYAUME-UNI<\/a>. <\/p>\n<p>PSS International Removals exp\u00e9die des articles d'un seul carton \u00e0 un grand m\u00e9nage ou m\u00eame \u00e0 de grandes entreprises. Aucun d\u00e9m\u00e9nagement n'est trop compliqu\u00e9 ou trop grand ou petit.<\/p>\n<p>Chaque membre du personnel est form\u00e9 aux proc\u00e9dures d'exportation et ne travaille qu'avec les meilleures entreprises de d\u00e9m\u00e9nagement professionnel \u00e0 l'\u00e9tranger afin de fournir les services sur mesure qu'ils promettent. C'est l'une des plus grandes entreprises de d\u00e9m\u00e9nagement du Royaume-Uni. <a href=\"https:\/\/moverdb.com\/fr\/demenagements-internationaux\/\">soci\u00e9t\u00e9s de d\u00e9m\u00e9nagements internationaux<\/a> et a d\u00e9plac\u00e9 4 536 clients \u00e0 l'\u00e9tranger au cours de l'ann\u00e9e 2015.<\/p>\n<p>PSS International poss\u00e8de les accr\u00e9ditations et affiliations suivantes :<\/p>\n<ul>\n<li> <a href=\"https:\/\/moverdb.com\/fr\/british-association-of-removers\/\">L'association britannique des d\u00e9m\u00e9nageurs<\/a> (<a href=\"https:\/\/moverdb.com\/fr\/british-association-of-removers\/\" data-internallinksmanager029f6b8e52c=\"9\" title=\"Explication de la British Association of Removers (BAR)\">BAR<\/a>)<\/li>\n<li> <a href=\"https:\/\/moverdb.com\/fr\/bar-overseas\/\">L'association britannique des d\u00e9m\u00e9nageurs d'outre-mer<\/a><\/li>\n<li> <a href=\"https:\/\/moverdb.com\/fr\/fidi-faim\/\">FIDI<\/a><\/li>\n<li> <a href=\"https:\/\/moverdb.com\/fr\/fidi-faim\/\" data-internallinksmanager029f6b8e52c=\"16\" title=\"Explication de la FIDI et du FAIM (FIDI Accredited International Mover)\">FAIM<\/a><\/li>\n<\/ul>\n<p><strong>Commentaires sur PSS International Removals<\/strong><\/p>\n<p><strong>Positif<\/strong><\/p>\n<ul>\n<li> <em>\"Tout le monde a \u00e9t\u00e9 tr\u00e8s serviable et tr\u00e8s professionnel. Je ne pouvais pas imaginer que cette journ\u00e9e puisse se d\u00e9rouler mieux et plus facilement. J'\u00e9tais tellement stress\u00e9e et ils ont r\u00e9ussi \u00e0 me remonter le moral. <a href=\"https:\/\/moverdb.com\/fr\/moving-to-the-united-states\/\" data-internallinksmanager029f6b8e52c=\"94\" title=\"Vous partez aux \u00c9tats-Unis ? 2026 Co\u00fbt de la vie et conseils de relocalisation\">nous<\/a> haut. Des gens tr\u00e8s professionnels et sympathiques. Je suis vraiment impressionn\u00e9.\"<\/em> - Ania via <a href=\"https:\/\/www.pssremovals.com\/reviews\" target=\"_blank\" rel=\"noopener\">Commentaires des clients de PSS Removals<\/a><\/li>\n<li> <em>\"Nous avons fait appel \u00e0 PSS suite \u00e0 une recommandation d'amis. Nous avions un conteneur de 20 pieds \u00e0 usage exclusif pour <a href=\"https:\/\/moverdb.com\/fr\/moving-to-australia\/living-in-australia\/\" data-internallinksmanager029f6b8e52c=\"240\" title=\"21 secrets sur la vie en Australie \u00e0 conna\u00eetre avant de d\u00e9m\u00e9nager\">Australie<\/a>. L'\u00e9quipe qui est venue emballer notre maison \u00e9tait incroyable - elle a travaill\u00e9 si rapidement. \u00c0 certains moments, une fois que nos affaires \u00e9taient en route, je paniquais \u00e0 l'id\u00e9e de savoir ce qui serait cass\u00e9 ou endommag\u00e9, mais nos affaires sont arriv\u00e9es la semaine derni\u00e8re et tout a l'air identique \u00e0 ce qu'il \u00e9tait quand il \u00e9tait emball\u00e9.\"<\/em> - Zoe via <a href=\"http:\/\/www.mymovingreviews.com\/movers\/pss-international-removals-1788#57593\" target=\"_blank\" rel=\"noopener\">MyMovingReviews.com<\/a> <\/li>\n<li> <em>\"Du d\u00e9but \u00e0 la fin, je ne pouvais pas \u00eatre plus satisfait du service. Ils ont mis en place une excellente organisation et ont \u00e9t\u00e9 serviables et amicaux tout au long du processus, ce qui n'est pas peu dire si l'on consid\u00e8re que nous \u00e9tions probablement les personnes les plus d\u00e9sorganis\u00e9es et stress\u00e9es de tous les temps.<\/em> - Michelle via <a href=\"http:\/\/www.removalreviews.co.uk\/movingreviews\/good-company-8764\" target=\"_blank\" rel=\"noopener\">Revues de d\u00e9m\u00e9nagement<\/a> <\/li>\n<\/ul>\n<p><strong>N\u00e9gatif<\/strong><\/p>\n<ul>\n<li> <em>\"J'avais fait une demande de d\u00e9m\u00e9nagement d'articles m\u00e9nagers du Royaume-Uni vers les \u00c9tats-Unis. Bien que j'aie donn\u00e9 un pr\u00e9avis tr\u00e8s court et que je n'aie pas vraiment rempli les formulaires \u00e0 temps, je ne suis PAS HEUREUX d'avoir \u00e9t\u00e9 factur\u00e9 400 dollars US suppl\u00e9mentaires \u00e0 la destination pour le balayage al\u00e9atoire aux rayons X \u00e0 la douane et l'arriv\u00e9e retard\u00e9e apr\u00e8s 4 mois qui inclut la p\u00e9riode de stockage\".<\/em> - Sanjay via <a href=\"http:\/\/www.mymovingreviews.com\/movers\/pss-international-removals-1788#57002\" target=\"_blank\" rel=\"noopener\">MyMovingReviews.com<\/a><\/li>\n<li> \"<em>La soci\u00e9t\u00e9 est juste l\u00e0 pour voler les gens de leur argent !!!!!!\"<\/em> - Amir via <a href=\"http:\/\/www.removalreviews.co.uk\/movingreviews\/straight-up-con-6619\" target=\"_blank\" rel=\"noopener\">Revues de d\u00e9m\u00e9nagement<\/a> <\/li>\n<\/ul>\n<div itemprop=\"review\" itemscope itemtype=\"http:\/\/schema.org\/Review\">\n<span itemprop=\"author\" itemscope=\"\" itemtype=\"http:\/\/schema.org\/Organization\"><span itemprop=\"name\">MoverDB.com<\/span><\/span> Examen en ligne du site Web pour <span itemprop=\"itemreviewed\" itemscope=\"\" itemtype=\"http:\/\/schema.org\/Brand\"><span itemprop=\"name\">PSS D\u00e9m\u00e9nagements internationaux<\/span><\/span>:<\/p>\n<ol>\n<li> Coordonn\u00e9es claires sur le site web (y compris le num\u00e9ro de t\u00e9l\u00e9phone) : <strong>Oui<\/strong><\/li>\n<li> Facile \u00e0 obtenir <a href=\"https:\/\/moverdb.com\/fr\/citations\/\">devis de d\u00e9m\u00e9nagements internationaux<\/a>? (Formulaire de demande de devis en ligne) : <strong>Oui<\/strong><\/li>\n<li> Informations claires sur le site web : <strong>Oui,<\/strong> de nombreuses informations d\u00e9taill\u00e9es sur chaque destination.<\/li>\n<li> Adh\u00e9sion \u00e0 des organisations internationales de d\u00e9m\u00e9nagement reconnues : <strong>Oui<\/strong>voir ci-dessus.<\/li>\n<li> Liste de clients et\/ou t\u00e9moignages de clients pr\u00e9c\u00e9dents : <strong>Oui,<\/strong> ils disposent d'une page d'\u00e9valuation des clients et re\u00e7oivent des avis g\u00e9n\u00e9ralement positifs sur d'autres sites web.<\/li>\n<\/ol>\n<div itemprop=\"reviewRating\" itemscope itemtype=\"http:\/\/schema.org\/Rating\"><meta itemprop=\"worstRating\" content = \"0\" \/><meta itemprop=\"bestRating\" content=\"5\" \/><meta itemprop=\"ratingValue\" content=\"5\"><\/div>\n<p><strong>Note globale : 5\/5<\/strong><br \/>\n<strong>Date de r\u00e9vision :<\/strong> <span itemprop=\"datePublished\" content=\"2016-09-03\">03\/09\/2016<\/span>\n<\/div>\n<p>En savoir plus <a href=\"https:\/\/moverdb.com\/fr\/entreprises-de-demenagement\/\">soci\u00e9t\u00e9s de d\u00e9m\u00e9nagement international<\/a> et notre <a href=\"https:\/\/moverdb.com\/fr\/revues\/\">processus de r\u00e9vision<\/a>.<\/p>\n<p><strong>Site web :<\/strong> <a href=\"https:\/\/www.pssremovals.com\" target=\"_blank\" rel=\"noopener\">https:\/\/www.pssremovals.com<\/a>.<\/p>","protected":false},"excerpt":{"rendered":"<p>PSS International Removals has been moving people abroad for over 34 years. Listed below are the various services they offer. International Removals Bespoke service to most countries Designated international move co-ordinator Professional packers or self-pack option Door to door service Insurance arranged Advice on every aspect of destination country Migration Services Customs Information\/Documentation International Shipping [&hellip;]<\/p>\n","protected":false},"author":1,"featured_media":0,"parent":0,"menu_order":0,"comment_status":"closed","ping_status":"closed","template":"","meta":{"_genesis_hide_title":false,"_genesis_hide_breadcrumbs":false,"_genesis_hide_singular_image":false,"_genesis_hide_footer_widgets":false,"_genesis_custom_body_class":"","_genesis_custom_post_class":"","_genesis_layout":"","footnotes":""},"class_list":{"0":"post-889","1":"page","2":"type-page","3":"status-publish","5":"entry"},"_links":{"self":[{"href":"https:\/\/moverdb.com\/fr\/wp-json\/wp\/v2\/pages\/889","targetHints":{"allow":["GET"]}}],"collection":[{"href":"https:\/\/moverdb.com\/fr\/wp-json\/wp\/v2\/pages"}],"about":[{"href":"https:\/\/moverdb.com\/fr\/wp-json\/wp\/v2\/types\/page"}],"author":[{"embeddable":true,"href":"https:\/\/moverdb.com\/fr\/wp-json\/wp\/v2\/users\/1"}],"replies":[{"embeddable":true,"href":"https:\/\/moverdb.com\/fr\/wp-json\/wp\/v2\/comments?post=889"}],"version-history":[{"count":4,"href":"https:\/\/moverdb.com\/fr\/wp-json\/wp\/v2\/pages\/889\/revisions"}],"predecessor-version":[{"id":6230,"href":"https:\/\/moverdb.com\/fr\/wp-json\/wp\/v2\/pages\/889\/revisions\/6230"}],"wp:attachment":[{"href":"https:\/\/moverdb.com\/fr\/wp-json\/wp\/v2\/media?parent=889"}],"curies":[{"name":"wp","href":"https:\/\/api.w.org\/{rel}","templated":true}]}}