{"id":8886,"date":"2023-04-27T14:39:29","date_gmt":"2023-04-27T14:39:29","guid":{"rendered":"https:\/\/moverdb.com\/?page_id=8886"},"modified":"2026-01-08T15:30:11","modified_gmt":"2026-01-08T15:30:11","slug":"moving-companies-nepal","status":"publish","type":"page","link":"https:\/\/moverdb.com\/fr\/moving-companies\/moving-companies-nepal\/","title":{"rendered":"Les meilleures entreprises de d\u00e9m\u00e9nagements internationaux au N\u00e9pal"},"content":{"rendered":"<p>&nbsp;<\/p>\n<p>Si vous envisagez de d\u00e9m\u00e9nager \u00e0 l'int\u00e9rieur, \u00e0 destination ou en provenance du N\u00e9pal, vous pourriez b\u00e9n\u00e9ficier des services d'un <a href=\"https:\/\/moverdb.com\/fr\/moving-companies\/\" data-internallinksmanager029f6b8e52c=\"79\" title=\"Les 25 meilleures soci\u00e9t\u00e9s de d\u00e9m\u00e9nagement international en ligne\">soci\u00e9t\u00e9 de d\u00e9m\u00e9nagement<\/a> car ils peuvent r\u00e9duire la charge de travail et le stress li\u00e9s \u00e0 votre d\u00e9m\u00e9nagement. Nous avons dress\u00e9 ci-dessous une liste de soci\u00e9t\u00e9s de d\u00e9m\u00e9nagement bas\u00e9es au N\u00e9pal. <a href=\"https:\/\/moverdb.com\/fr\/international-removals\/\" data-internallinksmanager029f6b8e52c=\"27\" title=\"36 meilleures entreprises de d\u00e9m\u00e9nagements internationaux au Royaume-Uni\">entreprises de d\u00e9m\u00e9nagement<\/a> qui sont membres de la <a href=\"https:\/\/moverdb.com\/fr\/iam\/\" data-internallinksmanager029f6b8e52c=\"23\" title=\"L&#039;Association internationale des d\u00e9m\u00e9nageurs (IAM) expliqu\u00e9e\">Association internationale des d\u00e9m\u00e9nageurs<\/a> (IAM) et\/ou <a href=\"https:\/\/moverdb.com\/fr\/fidi-faim\/\" data-internallinksmanager029f6b8e52c=\"16\" title=\"Explication de la FIDI et du FAIM (FIDI Accredited International Mover)\">FIDI<\/a> D\u00e9m\u00e9nageur international accr\u00e9dit\u00e9 (FAIM) qui pourrait vous aider dans votre d\u00e9m\u00e9nagement.<\/p>\n<h2><strong>Atlas International Relocations<\/strong><\/h2>\n<p><img loading=\"lazy\" decoding=\"async\" class=\"alignnone size-full wp-image-8764\" src=\"https:\/\/moverdb.com\/wp-content\/uploads\/Atlas-International-Relocation-international-moving-company.png\" alt=\"Atlas International Relocation soci\u00e9t\u00e9 de d\u00e9m\u00e9nagement international\" width=\"1440\" height=\"679\" data-wp-pid=\"8764\" srcset=\"https:\/\/moverdb.com\/wp-content\/uploads\/Atlas-International-Relocation-international-moving-company.png 1440w, https:\/\/moverdb.com\/wp-content\/uploads\/Atlas-International-Relocation-international-moving-company-300x141.png 300w, https:\/\/moverdb.com\/wp-content\/uploads\/Atlas-International-Relocation-international-moving-company-1024x483.png 1024w, https:\/\/moverdb.com\/wp-content\/uploads\/Atlas-International-Relocation-international-moving-company-18x8.png 18w, https:\/\/moverdb.com\/wp-content\/uploads\/Atlas-International-Relocation-international-moving-company-600x283.png 600w\" sizes=\"auto, (max-width: 1440px) 100vw, 1440px\" \/><\/p>\n<ul>\n<li>Mouvements nationaux<\/li>\n<li>D\u00e9localisations internationales<\/li>\n<li>D\u00e9m\u00e9nagements de m\u00e9nages<\/li>\n<li>D\u00e9m\u00e9nagements de bureaux<\/li>\n<li>Logistique du projet<\/li>\n<li>Services d'emballage<\/li>\n<li>Organisation du transport<\/li>\n<li>Courtage en douane<\/li>\n<li>Transport d'animaux et de v\u00e9hicules<\/li>\n<li>Installations de stockage<\/li>\n<\/ul>\n<p>Atlas International Relocations est une entreprise de d\u00e9m\u00e9nagement bas\u00e9e \u00e0 Katmandou qui propose des d\u00e9m\u00e9nagements nationaux et internationaux pour les m\u00e9nages et les bureaux. Elle est membre de l'IAM et compte 40 ans de service, ce qui lui permet d'acc\u00e9der \u00e0 un r\u00e9seau international d'agents de d\u00e9m\u00e9nagement pour l'aider.<\/p>\n<p>Atlas International Relocations propose une visite gratuite sur place pour \u00e9valuer vos besoins et met \u00e0 votre disposition un consultant pour vous aider. Ils fournissent un service d'emballage professionnel en utilisant des mat\u00e9riaux d'emballage de haute qualit\u00e9 et des syst\u00e8mes d'emballage avanc\u00e9s pour assurer un transport s\u00fbr. Ils organisent le transport de vos biens dans l'un de leurs camions ou dans un conteneur et vous aident \u00e0 d\u00e9baller et \u00e0 placer vos biens \u00e0 votre destination.<\/p>\n<p>Site web : <a href=\"http:\/\/www.atlaspackersnepal.com\" target=\"_blank\" rel=\"noopener\">http:\/\/www.atlaspackersnepal.com<\/a><\/p>","protected":false},"excerpt":{"rendered":"<p>&nbsp; If you are planning on moving within, to or from Nepal then you may benefit from the services of a moving company as they can reduce the workload and stress of your move. Below we have compiled a list of Nepal based removal companies that are members of the International Association of Movers (IAM) [&hellip;]<\/p>\n","protected":false},"author":4,"featured_media":0,"parent":190,"menu_order":0,"comment_status":"closed","ping_status":"closed","template":"","meta":{"_genesis_hide_title":false,"_genesis_hide_breadcrumbs":false,"_genesis_hide_singular_image":false,"_genesis_hide_footer_widgets":false,"_genesis_custom_body_class":"","_genesis_custom_post_class":"","_genesis_layout":"","footnotes":""},"class_list":{"0":"post-8886","1":"page","2":"type-page","3":"status-publish","5":"entry","6":"has-post-thumbnail"},"_links":{"self":[{"href":"https:\/\/moverdb.com\/fr\/wp-json\/wp\/v2\/pages\/8886","targetHints":{"allow":["GET"]}}],"collection":[{"href":"https:\/\/moverdb.com\/fr\/wp-json\/wp\/v2\/pages"}],"about":[{"href":"https:\/\/moverdb.com\/fr\/wp-json\/wp\/v2\/types\/page"}],"author":[{"embeddable":true,"href":"https:\/\/moverdb.com\/fr\/wp-json\/wp\/v2\/users\/4"}],"replies":[{"embeddable":true,"href":"https:\/\/moverdb.com\/fr\/wp-json\/wp\/v2\/comments?post=8886"}],"version-history":[{"count":1,"href":"https:\/\/moverdb.com\/fr\/wp-json\/wp\/v2\/pages\/8886\/revisions"}],"predecessor-version":[{"id":8887,"href":"https:\/\/moverdb.com\/fr\/wp-json\/wp\/v2\/pages\/8886\/revisions\/8887"}],"up":[{"embeddable":true,"href":"https:\/\/moverdb.com\/fr\/wp-json\/wp\/v2\/pages\/190"}],"wp:attachment":[{"href":"https:\/\/moverdb.com\/fr\/wp-json\/wp\/v2\/media?parent=8886"}],"curies":[{"name":"wp","href":"https:\/\/api.w.org\/{rel}","templated":true}]}}