{"id":888,"date":"2016-08-31T21:15:38","date_gmt":"2016-08-31T21:15:38","guid":{"rendered":"http:\/\/moverdb.com\/?page_id=888"},"modified":"2026-01-08T14:47:24","modified_gmt":"2026-01-08T14:47:24","slug":"abels-demenagements","status":"publish","type":"page","link":"https:\/\/moverdb.com\/fr\/abels-removals\/","title":{"rendered":"Services de d\u00e9m\u00e9nagement Abels : Commentaires sur les d\u00e9m\u00e9nagements internationaux"},"content":{"rendered":"<p>Abels Moving Services est bas\u00e9 \u00e0 Brandon, dans le Suffolk, mais poss\u00e8de des installations dans les villes suivantes <a href=\"https:\/\/moverdb.com\/fr\/moving-to-london\/\">Londres<\/a>, <a href=\"\" data-internallinksmanager029f6b8e52c=\"37\" title=\"Cambridge\">Cambridge<\/a> et Lutterworth mais dessert l'ensemble des <a href=\"https:\/\/moverdb.com\/fr\/moving-to-the-uk\/\" data-internallinksmanager029f6b8e52c=\"93\" title=\"Vous partez au Royaume-Uni ? 2026 Co\u00fbt de la vie et conseils de relocalisation\">ROYAUME-UNI<\/a>. <\/p>\n<p>Elle offre \u00e0 ses clients de nombreux services de d\u00e9m\u00e9nagement intentionnel qui sont \u00e9num\u00e9r\u00e9s ci-dessous. On y trouve \u00e9galement un profil de l'entreprise et des avis sur celle-ci.<\/p>\n<p><strong>D\u00e9m\u00e9nagements internationaux<\/strong><\/p>\n<ul>\n<li> Fret a\u00e9rien pour les petits volumes<\/li>\n<li> Fret maritime pour les gros volumes<\/li>\n<li> Gestion compl\u00e8te du d\u00e9m\u00e9nagement disponible<\/li>\n<li> Suppression des animaux domestiques<\/li>\n<li> D\u00e9m\u00e9nagement de voitures<\/li>\n<li> Service de porte \u00e0 porte<\/li>\n<li> Emballeurs hautement qualifi\u00e9s<\/li>\n<li> Mat\u00e9riaux d'emballage de haute qualit\u00e9<\/li>\n<li> Assistance douani\u00e8re<\/li>\n<li> Service de livraison et de d\u00e9ballage<\/li>\n<li> Informations sur le d\u00e9m\u00e9nagement<\/li>\n<li> Assurance souscrite<\/li>\n<li> Service de nettoyage<\/li>\n<li> Service de jardinage<\/li>\n<\/ul>\n<p><strong>Services de relocalisation<\/strong><\/p>\n<ul>\n<li> Guides de relocalisation disponibles pour 60 pays<\/li>\n<li> \u00c9valuation initiale des besoins<\/li>\n<li> Orientation - shopping, divertissement, banque, loisirs<\/li>\n<li> Aper\u00e7u de l'\u00e9ducation<\/li>\n<li> Aper\u00e7u de la propri\u00e9t\u00e9<\/li>\n<li> Location de meubles<\/li>\n<li> Connexion aux services publics<\/li>\n<li> Service de nettoyage<\/li>\n<li> Service de jardinage<\/li>\n<\/ul>\n<p><strong>Mouvements europ\u00e9ens<\/strong><\/p>\n<ul>\n<li> Service de porte \u00e0 porte<\/li>\n<li> Toutes les formalit\u00e9s administratives sont remplies par Abels<\/li>\n<li> Emballage et d\u00e9ballage<\/li>\n<li> Mat\u00e9riaux d'emballage sp\u00e9cialis\u00e9s<\/li>\n<li> Stockage \u00e0 court et \u00e0 long terme<\/li>\n<li> Service d'assistant personnel - tout et n'importe quoi<\/li>\n<li> Guides de la relocalisation<\/li>\n<li> Service de nettoyage<\/li>\n<li> Service de jardinage<\/li>\n<\/ul>\n<p><strong>Services d'emballage<\/strong><\/p>\n<ul>\n<li> Articles fragiles, y compris le cristal, <a href=\"https:\/\/moverdb.com\/fr\/moving-to-china\/\" data-internallinksmanager029f6b8e52c=\"357\" title=\"D\u00e9m\u00e9nager en Chine ? 2026 Co\u00fbts de la vie et conseils de relocalisation\">chine<\/a>verre, etc.<\/li>\n<li> Tableaux, images<\/li>\n<li> V\u00eatements<\/li>\n<li> Meubles anciens, articles de grande valeur<\/li>\n<li> Contenu des armoires en g\u00e9n\u00e9ral<\/li>\n<\/ul>\n<p><strong>Stockage<\/strong><\/p>\n<ul>\n<li> Long et court terme<\/li>\n<li> Stockage au Royaume-Uni, en Europe et \u00e0 l'\u00e9tranger<\/li>\n<li> Construit \u00e0 cet effet<\/li>\n<li> Environnement optimal<\/li>\n<li> Des contr\u00f4les stricts en mati\u00e8re d'incendie<\/li>\n<li> Couverture CCTV<\/li>\n<li> Pr\u00e9sence constante de la s\u00e9curit\u00e9<\/li>\n<li> Conteneurs scell\u00e9s lors de la collecte<\/li>\n<li> Stockage des meubles dans des conditions de temp\u00e9rature id\u00e9ales<\/li>\n<li> Stockage de fichiers et d'archives<\/li>\n<li> Stockage des \u00e9tudiants<\/li>\n<\/ul>\n<p><strong>Services sp\u00e9cialis\u00e9s<\/strong><\/p>\n<ul>\n<li> D\u00e9m\u00e9nagements d'entreprises et de commerces<\/li>\n<li> Services de documentation<\/li>\n<li> Services d'am\u00e9nagement et d'\u00e9quipement du mobilier<\/li>\n<li> Services de d\u00e9tail et de livraison \u00e0 domicile<\/li>\n<li> Services d'installation de meubles<\/li>\n<li> Solutions d'installation pour les architectes d'int\u00e9rieur et les promoteurs immobiliers<\/li>\n<\/ul>\n<h2>Profil de la soci\u00e9t\u00e9 Abels Moving Services<\/h2>\n<p>Abels Moving Services est une entreprise familiale qui a d\u00e9but\u00e9 en 1958 par la livraison de marchandises aux magasins. L'entreprise s'est d\u00e9velopp\u00e9e depuis lors et compte aujourd'hui 1 500 centres de service dans 56 pays du monde. <\/p>\n<p>L'entreprise a re\u00e7u un mandat royal de Sa Majest\u00e9 la Reine en 1989 en remerciement des services qu'elle a rendus \u00e0 la Couronne, notamment le transport de tous les cadeaux de mariage du Prince Charles et de la Princesse Diana en 1981. <\/p>\n<p>Les services de d\u00e9m\u00e9nagement Abels sont fiers de leurs camions sp\u00e9cialement con\u00e7us et respectueux de l'environnement. Ils croient en la n\u00e9cessit\u00e9 de redonner \u00e0 la communaut\u00e9 et soutiennent diverses organisations caritatives dans le monde entier. <\/p>\n<p>Ils croient fermement \u00e0 l'approche \"sans probl\u00e8me\" avec les clients et sont convaincus qu'un sourire fait du bien.<\/p>\n<p>Abels Moving Services poss\u00e8de les affiliations et accr\u00e9ditations suivantes :<\/p>\n<ul>\n<li> Mandat royal de Sa Majest\u00e9 la Reine<\/li>\n<li> <a href=\"https:\/\/moverdb.com\/fr\/fidi-faim\/\">FIDI<\/a><\/li>\n<li> <a href=\"https:\/\/moverdb.com\/fr\/fidi-faim\/\" data-internallinksmanager029f6b8e52c=\"16\" title=\"Explication de la FIDI et du FAIM (FIDI Accredited International Mover)\">FAIM<\/a><\/li>\n<li> Investors in People<\/li>\n<li> <a href=\"https:\/\/moverdb.com\/fr\/british-association-of-removers\/\">L'Association britannique des d\u00e9m\u00e9nageurs<\/a> (<a href=\"https:\/\/moverdb.com\/fr\/british-association-of-removers\/\" data-internallinksmanager029f6b8e52c=\"9\" title=\"Explication de la British Association of Removers (BAR)\">BAR<\/a>)<\/li>\n<li> <a href=\"https:\/\/moverdb.com\/fr\/bar-overseas\/\">Groupe BAR Overseas<\/a><\/li>\n<li> Autorit\u00e9 des services financiers<\/li>\n<li> <a href=\"https:\/\/moverdb.com\/fr\/fedemac\/\">F\u00e9d\u00e9ration des associations europ\u00e9ennes de d\u00e9m\u00e9nageurs<\/a> (<a href=\"https:\/\/moverdb.com\/fr\/fedemac\/\" data-internallinksmanager029f6b8e52c=\"15\" title=\"Explication de la F\u00e9d\u00e9ration des associations europ\u00e9ennes de d\u00e9m\u00e9nageurs (FEDEMAC)\">FEDEMAC<\/a>)<\/li>\n<li> Assurance mutuelle des d\u00e9m\u00e9nageurs internationaux (IMMI)<\/li>\n<li> BS EN ISO 9001<\/li>\n<\/ul>\n<h2>Services de d\u00e9m\u00e9nagement Abels<\/h2>\n<p><strong>Positif :<\/strong><\/p>\n<ul>\n<li> <em>\"Les \u00e9quipes de d\u00e9m\u00e9nageurs des deux c\u00f4t\u00e9s ont \u00e9t\u00e9 formidables - comp\u00e9tentes, ont travaill\u00e9 de mani\u00e8re r\u00e9guli\u00e8re et tout simplement agr\u00e9ables \u00e0 traiter, vraiment utiles au-del\u00e0 de ce qui \u00e9tait strictement n\u00e9cessaire.\"<\/em> - Mme Jenson via <a href=\"http:\/\/www.abels.co.uk\/reviews\/\" target=\"_blank\" rel=\"noopener\">Page des commentaires des clients d'Abels<\/a>.<\/li>\n<li> <em>\"Toutes les personnes avec qui j'ai trait\u00e9 chez Abels, que ce soit par t\u00e9l\u00e9phone, par courriel ou en personne, ont \u00e9t\u00e9 tr\u00e8s serviables, amicales et efficaces. Je les utiliserai certainement \u00e0 nouveau et je n'h\u00e9siterai pas \u00e0 les recommander \u00e0 d'autres personnes.<\/em> Mme Pledge via <a href=\"http:\/\/moveaide.com\/movers\/abels-moving-cambrige-uk-mover-reviews\" target=\"_blank\" rel=\"noopener\">MoveAide<\/a><\/li>\n<li> <em>\"Nous voulions juste vous faire savoir que nous sommes ravis que notre d\u00e9m\u00e9nagement soit maintenant termin\u00e9 avec succ\u00e8s.\"<\/em> - via <a href=\"http:\/\/removal-company-reviews.com\/view-removal-company-review.php?c=Abels%20Moving%20Services%20Ltd&#038;id=384\" target=\"_blank\" rel=\"noopener\">Avis sur les soci\u00e9t\u00e9s de d\u00e9m\u00e9nagement<\/a><\/li>\n<\/ul>\n<p><strong>N\u00e9gatif :<\/strong><\/p>\n<ul>\n<li> <em>\"Communication \u00e9pouvantable sur des retards inutiles. Vous aurez peur que tous vos biens aient disparu.\"<\/em> \u2013 Jeanie C. via <a href=\"https:\/\/www.yelp.co.uk\/biz\/abels-moving-services-ltd-brandon-2?hrid=qZqRG6iZsRo2GEP-XgQefQ&#038;utm_campaign=www_review_share_popup&#038;utm_medium=copy_link&#038;utm_source=(direct)\" target=\"_blank\" rel=\"noopener\">Yelp<\/a><\/li>\n<li> <em>\"Si vous n'\u00eates pas la reine, ils ne feront pas attention.\"<\/em> - Simon via <a href=\"http:\/\/www.removalreviews.co.uk\/movingreviews\/far-from-their-advertising-image-7304\" target=\"_blank\" rel=\"noopener\">Revues de d\u00e9m\u00e9nagement<\/a><\/li>\n<li> <em>\"Service m\u00e9diocre dans l'ensemble, avec une mauvaise communication entre les deux parties. <a href=\"https:\/\/moverdb.com\/fr\/demenagement-a-singapour\/\">Singapour<\/a> et l'\u00e9quipe du Royaume-Uni\".<\/em> - M. Crapper via <a href=\"http:\/\/moveaide.com\/movers\/abels-moving-cambrige-uk-mover-reviews\" target=\"_blank\" rel=\"noopener\">MoveAide<\/a><\/li>\n<\/li>\n<\/ul>\n<div itemprop=\"review\" itemscope itemtype=\"http:\/\/schema.org\/Review\">\n<span itemprop=\"author\" itemscope=\"\" itemtype=\"http:\/\/schema.org\/Organization\"><span itemprop=\"name\">MoverDB.com<\/span><\/span> Examen en ligne du site Web pour <span itemprop=\"itemreviewed\" itemscope=\"\" itemtype=\"http:\/\/schema.org\/Brand\"><span itemprop=\"name\">Services de d\u00e9m\u00e9nagement Abels<\/span><\/span>:<\/p>\n<ol>\n<li> Coordonn\u00e9es claires sur le site web (y compris le num\u00e9ro de t\u00e9l\u00e9phone) : <strong>Oui<\/strong><\/li>\n<li> Facile \u00e0 obtenir <a href=\"https:\/\/moverdb.com\/fr\/citations\/\">devis de d\u00e9m\u00e9nagements internationaux<\/a>? (Formulaire de demande de devis en ligne) : <strong>Oui<\/strong><\/li>\n<li> Informations claires sur le site web : <strong>Oui,<\/strong> Le site web contient une quantit\u00e9 d\u00e9cente d'informations sur leurs services, bien que certaines informations ne soient pas disponibles. <\/li>\n<li> Adh\u00e9sion \u00e0 des organisations internationales de d\u00e9m\u00e9nagement reconnues : <strong>Oui<\/strong>voir ci-dessus.<\/li>\n<li> Liste de clients et\/ou t\u00e9moignages de clients pr\u00e9c\u00e9dents : <strong>Oui<\/strong> Le site web contient des t\u00e9moignages positifs de clients.<\/li>\n<\/ol>\n<div itemprop=\"reviewRating\" itemscope itemtype=\"http:\/\/schema.org\/Rating\"><meta itemprop=\"worstRating\" content = \"0\" \/><meta itemprop=\"bestRating\" content=\"5\" \/><meta itemprop=\"ratingValue\" content=\"4.5\"><\/div>\n<p><strong>Note globale : 4,5\/5<\/strong><br \/>\n<strong>Date de r\u00e9vision :<\/strong> <span itemprop=\"datePublished\" content=\"2016-08-31\">31\/08\/2016<\/span>\n<\/div>\n<p>En savoir plus <a href=\"https:\/\/moverdb.com\/fr\/demenagements-internationaux\/\">d\u00e9m\u00e9nagements internationaux<\/a> et notre <a href=\"https:\/\/moverdb.com\/fr\/revues\/\">processus de r\u00e9vision<\/a>.<\/p>\n<p><strong>Site web :<\/strong> <a href=\"http:\/\/www.abels.co.uk\" target=\"_blank\" rel=\"noopener\">http:\/\/www.abels.co.uk<\/a><\/p>","protected":false},"excerpt":{"rendered":"<p>Abels Moving Services is based in Brandon, Suffolk but has facilities in London, Cambridge and Lutterworth but serves the whole of the UK. It offers its clients many intentional moving services which are listed below. There also follows a company profile and company reviews. International Moves Airfreight for small volumes Sea freight for large volumes [&hellip;]<\/p>\n","protected":false},"author":1,"featured_media":0,"parent":0,"menu_order":0,"comment_status":"closed","ping_status":"closed","template":"","meta":{"_genesis_hide_title":false,"_genesis_hide_breadcrumbs":false,"_genesis_hide_singular_image":false,"_genesis_hide_footer_widgets":false,"_genesis_custom_body_class":"","_genesis_custom_post_class":"","_genesis_layout":"","footnotes":""},"class_list":{"0":"post-888","1":"page","2":"type-page","3":"status-publish","5":"entry"},"_links":{"self":[{"href":"https:\/\/moverdb.com\/fr\/wp-json\/wp\/v2\/pages\/888","targetHints":{"allow":["GET"]}}],"collection":[{"href":"https:\/\/moverdb.com\/fr\/wp-json\/wp\/v2\/pages"}],"about":[{"href":"https:\/\/moverdb.com\/fr\/wp-json\/wp\/v2\/types\/page"}],"author":[{"embeddable":true,"href":"https:\/\/moverdb.com\/fr\/wp-json\/wp\/v2\/users\/1"}],"replies":[{"embeddable":true,"href":"https:\/\/moverdb.com\/fr\/wp-json\/wp\/v2\/comments?post=888"}],"version-history":[{"count":8,"href":"https:\/\/moverdb.com\/fr\/wp-json\/wp\/v2\/pages\/888\/revisions"}],"predecessor-version":[{"id":6166,"href":"https:\/\/moverdb.com\/fr\/wp-json\/wp\/v2\/pages\/888\/revisions\/6166"}],"wp:attachment":[{"href":"https:\/\/moverdb.com\/fr\/wp-json\/wp\/v2\/media?parent=888"}],"curies":[{"name":"wp","href":"https:\/\/api.w.org\/{rel}","templated":true}]}}