{"id":8441,"date":"2023-04-27T14:41:20","date_gmt":"2023-04-27T14:41:20","guid":{"rendered":"https:\/\/moverdb.com\/?page_id=8441"},"modified":"2026-01-08T15:24:49","modified_gmt":"2026-01-08T15:24:49","slug":"moving-companies-mozambique","status":"publish","type":"page","link":"https:\/\/moverdb.com\/fr\/moving-companies\/moving-companies-mozambique\/","title":{"rendered":"4 meilleures entreprises de d\u00e9m\u00e9nagements internationaux au Mozambique"},"content":{"rendered":"<p>Si vous envisagez de d\u00e9m\u00e9nager votre domicile ou votre entreprise, vous pouvez faire appel aux services d'un <a href=\"https:\/\/moverdb.com\/fr\/moving-companies\/\" data-internallinksmanager029f6b8e52c=\"79\" title=\"Les 25 meilleures soci\u00e9t\u00e9s de d\u00e9m\u00e9nagement international en ligne\">soci\u00e9t\u00e9 de d\u00e9m\u00e9nagement<\/a> pour rendre l'exp\u00e9rience moins stressante. Si vous d\u00e9m\u00e9nagez \u00e0 l'int\u00e9rieur, \u00e0 destination ou en provenance du Mozambique, nous avons compil\u00e9 une liste d'entreprises bas\u00e9es au Mozambique. <a href=\"https:\/\/moverdb.com\/fr\/international-removals\/\" data-internallinksmanager029f6b8e52c=\"27\" title=\"36 meilleures entreprises de d\u00e9m\u00e9nagements internationaux au Royaume-Uni\">entreprises de d\u00e9m\u00e9nagement<\/a> ci-dessous qui sont membres de la <a href=\"https:\/\/moverdb.com\/fr\/iam\/\" data-internallinksmanager029f6b8e52c=\"23\" title=\"L&#039;Association internationale des d\u00e9m\u00e9nageurs (IAM) expliqu\u00e9e\">Association internationale des d\u00e9m\u00e9nageurs<\/a> (IAM) et\/ou <a href=\"https:\/\/moverdb.com\/fr\/fidi-faim\/\" data-internallinksmanager029f6b8e52c=\"16\" title=\"Explication de la FIDI et du FAIM (FIDI Accredited International Mover)\">FIDI<\/a> D\u00e9m\u00e9nageur international accr\u00e9dit\u00e9 (FAIM) qui pourrait vous aider dans votre d\u00e9m\u00e9nagement.<\/p>\n<div id=\"ez-toc-container\" class=\"ez-toc-v2_0_82_2 ez-toc-wrap-left counter-hierarchy ez-toc-counter ez-toc-transparent ez-toc-container-direction\">\n<div class=\"ez-toc-title-container\">\n<p class=\"ez-toc-title\" style=\"cursor:inherit\">Sections<\/p>\n<span class=\"ez-toc-title-toggle\"><a href=\"#\" class=\"ez-toc-pull-right ez-toc-btn ez-toc-btn-xs ez-toc-btn-default ez-toc-toggle\" aria-label=\"Toggle Table des mati\u00e8res\"><span class=\"ez-toc-js-icon-con\"><span class=\"\"><span class=\"eztoc-hide\" style=\"display:none;\">Toggle<\/span><span class=\"ez-toc-icon-toggle-span\"><svg style=\"fill: #999;color:#999\" xmlns=\"http:\/\/www.w3.org\/2000\/svg\" class=\"list-377408\" width=\"20px\" height=\"20px\" viewbox=\"0 0 24 24\" fill=\"none\"><path d=\"M6 6H4v2h2V6zm14 0H8v2h12V6zM4 11h2v2H4v-2zm16 0H8v2h12v-2zM4 16h2v2H4v-2zm16 0H8v2h12v-2z\" fill=\"currentColor\"><\/path><\/svg><svg style=\"fill: #999;color:#999\" class=\"arrow-unsorted-368013\" xmlns=\"http:\/\/www.w3.org\/2000\/svg\" width=\"10px\" height=\"10px\" viewbox=\"0 0 24 24\" version=\"1.2\" baseprofile=\"tiny\"><path d=\"M18.2 9.3l-6.2-6.3-6.2 6.3c-.2.2-.3.4-.3.7s.1.5.3.7c.2.2.4.3.7.3h11c.3 0 .5-.1.7-.3.2-.2.3-.5.3-.7s-.1-.5-.3-.7zM5.8 14.7l6.2 6.3 6.2-6.3c.2-.2.3-.5.3-.7s-.1-.5-.3-.7c-.2-.2-.4-.3-.7-.3h-11c-.3 0-.5.1-.7.3-.2.2-.3.5-.3.7s.1.5.3.7z\"\/><\/svg><\/span><\/span><\/span><\/a><\/span><\/div>\n<nav><ul class='ez-toc-list ez-toc-list-level-1 eztoc-toggle-hide-by-default' ><li class='ez-toc-page-1 ez-toc-heading-level-2'><a class=\"ez-toc-link ez-toc-heading-1\" href=\"https:\/\/moverdb.com\/fr\/moving-companies\/moving-companies-mozambique\/#1_CityMover\" >1. CityMover<\/a><\/li><li class='ez-toc-page-1 ez-toc-heading-level-2'><a class=\"ez-toc-link ez-toc-heading-2\" href=\"https:\/\/moverdb.com\/fr\/moving-companies\/moving-companies-mozambique\/#2_CTZ_Logistics\" >2. CTZ Logistics<\/a><\/li><li class='ez-toc-page-1 ez-toc-heading-level-2'><a class=\"ez-toc-link ez-toc-heading-3\" href=\"https:\/\/moverdb.com\/fr\/moving-companies\/moving-companies-mozambique\/#3_Ingar\" >3. Ingar<\/a><\/li><li class='ez-toc-page-1 ez-toc-heading-level-2'><a class=\"ez-toc-link ez-toc-heading-4\" href=\"https:\/\/moverdb.com\/fr\/moving-companies\/moving-companies-mozambique\/#4_TL\" >4. TL<\/a><\/li><\/ul><\/nav><\/div>\n<h2><span class=\"ez-toc-section\" id=\"1_CityMover\"><\/span><strong>1. CityMover<\/strong><span class=\"ez-toc-section-end\"><\/span><\/h2>\n<p><img loading=\"lazy\" decoding=\"async\" class=\"alignnone size-full wp-image-8298\" src=\"https:\/\/moverdb.com\/wp-content\/uploads\/CityMover-international-moving-company.png\" alt=\"CityMover entreprise de d\u00e9m\u00e9nagement international\" width=\"1440\" height=\"681\" data-wp-pid=\"8298\" srcset=\"https:\/\/moverdb.com\/wp-content\/uploads\/CityMover-international-moving-company.png 1440w, https:\/\/moverdb.com\/wp-content\/uploads\/CityMover-international-moving-company-300x142.png 300w, https:\/\/moverdb.com\/wp-content\/uploads\/CityMover-international-moving-company-1024x484.png 1024w, https:\/\/moverdb.com\/wp-content\/uploads\/CityMover-international-moving-company-18x9.png 18w, https:\/\/moverdb.com\/wp-content\/uploads\/CityMover-international-moving-company-600x284.png 600w\" sizes=\"auto, (max-width: 1440px) 100vw, 1440px\" \/><\/p>\n<ul>\n<li>Mouvements nationaux<\/li>\n<li>D\u00e9m\u00e9nagements internationaux<\/li>\n<li>D\u00e9m\u00e9nagements de m\u00e9nages<\/li>\n<li>D\u00e9m\u00e9nagements de bureaux<\/li>\n<li>Manipulation de mat\u00e9riel informatique<\/li>\n<li>Service d'emballage<\/li>\n<li>Transport routier, maritime et a\u00e9rien<\/li>\n<li>Formalit\u00e9s douani\u00e8res<\/li>\n<li>Assurance<\/li>\n<li>Installations de stockage<\/li>\n<\/ul>\n<p>CityMover est une entreprise de d\u00e9m\u00e9nagement et de logistique fond\u00e9e en 2011 et bas\u00e9e \u00e0 Maputo. Elle travaille avec des partenaires sur tous les continents pour vous aider \u00e0 d\u00e9m\u00e9nager n'importe o\u00f9 dans le monde. Elle est membre de l'IAM et compte 13 ans d'anciennet\u00e9.<\/p>\n<p>CityMover vous accompagne \u00e0 chaque \u00e9tape de votre d\u00e9m\u00e9nagement et propose des services assur\u00e9s. Les mat\u00e9riaux utilis\u00e9s varient en fonction du mode de transport et des objets \u00e0 emballer. Ils vous aideront \u00e9galement \u00e0 d\u00e9monter et \u00e0 monter vos meubles.<\/p>\n<p>Site web : <a href=\"http:\/\/www.citymover.co.mz\" target=\"_blank\" rel=\"noopener\">http:\/\/www.citymover.co.mz<\/a><\/p>\n<h2><span class=\"ez-toc-section\" id=\"2_CTZ_Logistics\"><\/span><strong>2. CTZ Logistics<\/strong><span class=\"ez-toc-section-end\"><\/span><\/h2>\n<p><img loading=\"lazy\" decoding=\"async\" class=\"alignnone size-full wp-image-8444\" src=\"https:\/\/moverdb.com\/wp-content\/uploads\/CTZ-Logistics-international-moving-company.png\" alt=\"CTZ Logistics entreprise de d\u00e9m\u00e9nagement international\" width=\"1440\" height=\"681\" data-wp-pid=\"8444\" srcset=\"https:\/\/moverdb.com\/wp-content\/uploads\/CTZ-Logistics-international-moving-company.png 1440w, https:\/\/moverdb.com\/wp-content\/uploads\/CTZ-Logistics-international-moving-company-300x142.png 300w, https:\/\/moverdb.com\/wp-content\/uploads\/CTZ-Logistics-international-moving-company-1024x484.png 1024w, https:\/\/moverdb.com\/wp-content\/uploads\/CTZ-Logistics-international-moving-company-18x9.png 18w, https:\/\/moverdb.com\/wp-content\/uploads\/CTZ-Logistics-international-moving-company-600x284.png 600w\" sizes=\"auto, (max-width: 1440px) 100vw, 1440px\" \/><\/p>\n<ul>\n<li>Mouvements nationaux<\/li>\n<li>D\u00e9m\u00e9nagements internationaux<\/li>\n<li>D\u00e9m\u00e9nagements r\u00e9sidentiels<\/li>\n<li>D\u00e9m\u00e9nagements de bureaux<\/li>\n<li>Service d'emballage<\/li>\n<li>Options de mise en caisse<\/li>\n<li>Fret routier, maritime et a\u00e9rien<\/li>\n<li>D\u00e9douanement<\/li>\n<li>Assurance<\/li>\n<li>Stockage s\u00e9curis\u00e9<\/li>\n<\/ul>\n<p>CTZ Logistics est une soci\u00e9t\u00e9 de relocalisation et de logistique \u00e0 service complet qui a \u00e9t\u00e9 cr\u00e9\u00e9e en 2007 et qui poss\u00e8de des bureaux dans toute l'Afrique, y compris son si\u00e8ge social \u00e0 Maputo, au Mozambique. Elle travaille avec des exp\u00e9diteurs, des transporteurs et des agents de d\u00e9m\u00e9nagement internationaux pour fournir ses services dans le monde entier. Elle est membre de l'IAM depuis 12 ans.<\/p>\n<p>CTZ Logistics propose une \u00e9tude pr\u00e9alable au d\u00e9m\u00e9nagement afin d'\u00e9valuer le volume et les besoins d'emballage pour le d\u00e9m\u00e9nagement. Elle met \u00e0 votre disposition des emballeurs qualifi\u00e9s et exp\u00e9riment\u00e9s qui prot\u00e9geront vos objets en les emballant et en les mettant en caisse. Elle propose des services de transport routier, maritime et a\u00e9rien vers des destinations du monde entier, avec d\u00e9douanement.<\/p>\n<p>Site web : <a href=\"http:\/\/www.ctzlogistics.com\" target=\"_blank\" rel=\"noopener\">http:\/\/www.ctzlogistics.com<\/a><\/p>\n<h2><span class=\"ez-toc-section\" id=\"3_Ingar\"><\/span><strong>3. Ingar<\/strong><span class=\"ez-toc-section-end\"><\/span><\/h2>\n<p><img loading=\"lazy\" decoding=\"async\" class=\"alignnone size-full wp-image-8443\" src=\"https:\/\/moverdb.com\/wp-content\/uploads\/Ingar-international-moving-company.png\" alt=\"Ingar international move company\" width=\"1440\" height=\"678\" data-wp-pid=\"8443\" srcset=\"https:\/\/moverdb.com\/wp-content\/uploads\/Ingar-international-moving-company.png 1440w, https:\/\/moverdb.com\/wp-content\/uploads\/Ingar-international-moving-company-300x141.png 300w, https:\/\/moverdb.com\/wp-content\/uploads\/Ingar-international-moving-company-1024x482.png 1024w, https:\/\/moverdb.com\/wp-content\/uploads\/Ingar-international-moving-company-18x8.png 18w, https:\/\/moverdb.com\/wp-content\/uploads\/Ingar-international-moving-company-600x283.png 600w\" sizes=\"auto, (max-width: 1440px) 100vw, 1440px\" \/><\/p>\n<ul>\n<li>Mouvements nationaux<\/li>\n<li>D\u00e9m\u00e9nagements internationaux<\/li>\n<li>D\u00e9m\u00e9nagements de m\u00e9nages<\/li>\n<li>Service porte-\u00e0-porte<\/li>\n<li>Emballage professionnel<\/li>\n<li>Services de mise en caisse<\/li>\n<li>Fret routier, ferroviaire, a\u00e9rien et maritime<\/li>\n<li>D\u00e9douanement<\/li>\n<li>Suivi des v\u00e9hicules<\/li>\n<li>Stockage s\u00e9curis\u00e9<\/li>\n<\/ul>\n<p>Ingar est une entreprise sp\u00e9cialis\u00e9e dans l'emballage et le d\u00e9m\u00e9nagement, fond\u00e9e en 1984 \u00e0 Maputo. Elle est membre de l'IAM depuis 39 ans, ce qui lui permet d'acc\u00e9der \u00e0 un r\u00e9seau international d'agents de d\u00e9m\u00e9nagement pour assurer des services dans le monde entier.<\/p>\n<p>Ingar propose un service de d\u00e9m\u00e9nagement porte \u00e0 porte qui commence par une \u00e9tude pr\u00e9alable au d\u00e9m\u00e9nagement afin d'\u00e9valuer vos besoins et de vous fournir un devis. Ils organiseront le transport de vos biens par voie routi\u00e8re, ferroviaire, maritime ou a\u00e9rienne en fonction de vos besoins et vous aideront \u00e0 effectuer les formalit\u00e9s de d\u00e9douanement. Pendant le transport, vos biens seront suivis et vous serez tenu au courant de l'heure d'arriv\u00e9e pr\u00e9vue.<\/p>\n<p>Site web : <a href=\"https:\/\/www.ingarmozambique.com\" target=\"_blank\" rel=\"noopener\">https:\/\/www.ingarmozambique.com<\/a><\/p>\n<h2><span class=\"ez-toc-section\" id=\"4_TL\"><\/span><strong>4. TL<\/strong><span class=\"ez-toc-section-end\"><\/span><\/h2>\n<p><img loading=\"lazy\" decoding=\"async\" class=\"alignnone size-full wp-image-8442\" src=\"https:\/\/moverdb.com\/wp-content\/uploads\/TL-international-moving-company.png\" alt=\"\" width=\"1440\" height=\"682\" data-wp-pid=\"8442\" srcset=\"https:\/\/moverdb.com\/wp-content\/uploads\/TL-international-moving-company.png 1440w, https:\/\/moverdb.com\/wp-content\/uploads\/TL-international-moving-company-300x142.png 300w, https:\/\/moverdb.com\/wp-content\/uploads\/TL-international-moving-company-1024x485.png 1024w, https:\/\/moverdb.com\/wp-content\/uploads\/TL-international-moving-company-18x9.png 18w, https:\/\/moverdb.com\/wp-content\/uploads\/TL-international-moving-company-600x284.png 600w\" sizes=\"auto, (max-width: 1440px) 100vw, 1440px\" \/><\/p>\n<ul>\n<li>Mouvements nationaux<\/li>\n<li>D\u00e9m\u00e9nagements internationaux<\/li>\n<li>D\u00e9m\u00e9nagements de m\u00e9nages<\/li>\n<li>D\u00e9m\u00e9nagements d'entreprises<\/li>\n<li>Service porte-\u00e0-porte<\/li>\n<li>Service d'emballage<\/li>\n<li>Transport routier, maritime et a\u00e9rien<\/li>\n<li>Traitement des \u0153uvres d'art<\/li>\n<li>Assurance<\/li>\n<li>Installations de stockage<\/li>\n<\/ul>\n<p>TL est une entreprise de d\u00e9m\u00e9nagement et de logistique qui op\u00e8re depuis 1998 et qui est bas\u00e9e \u00e0 Maputo.<\/p>\n<p>Elle travaille avec des agents de d\u00e9m\u00e9nagement internationaux pour fournir ses services en dehors du Mozambique. Ils sont membres de l'IAM et ont 25 ans d'anciennet\u00e9.<\/p>\n<p>TL propose un service de d\u00e9m\u00e9nagement porte-\u00e0-porte pour les m\u00e9nages et les entreprises \u00e0 l'int\u00e9rieur, \u00e0 destination et en provenance du Mozambique. Ils fournissent un service d'emballage qui utilise des \u00e9quipements et des mat\u00e9riaux d'emballage sp\u00e9cialis\u00e9s et proposent de d\u00e9monter et de monter les meubles. Ils organisent le transport par route, par air ou par mer en utilisant des conteneurs, y compris des services d'exp\u00e9dition express.<\/p>\n<p>Site web : <a href=\"http:\/\/www.tl.co.mz\" target=\"_blank\" rel=\"noopener\">http:\/\/www.tl.co.mz<\/a><\/p>","protected":false},"excerpt":{"rendered":"<p>If you are planning on moving home or business you might want to employ the services of a moving company to make the experience less stressful. If you are moving within, to or from Mozambique, we have compiled a list of Mozambique based removal companies below that are members of the International Association of Movers [&hellip;]<\/p>\n","protected":false},"author":4,"featured_media":0,"parent":190,"menu_order":0,"comment_status":"closed","ping_status":"closed","template":"","meta":{"_genesis_hide_title":false,"_genesis_hide_breadcrumbs":false,"_genesis_hide_singular_image":false,"_genesis_hide_footer_widgets":false,"_genesis_custom_body_class":"","_genesis_custom_post_class":"","_genesis_layout":"","footnotes":""},"class_list":{"0":"post-8441","1":"page","2":"type-page","3":"status-publish","5":"entry","6":"has-post-thumbnail"},"_links":{"self":[{"href":"https:\/\/moverdb.com\/fr\/wp-json\/wp\/v2\/pages\/8441","targetHints":{"allow":["GET"]}}],"collection":[{"href":"https:\/\/moverdb.com\/fr\/wp-json\/wp\/v2\/pages"}],"about":[{"href":"https:\/\/moverdb.com\/fr\/wp-json\/wp\/v2\/types\/page"}],"author":[{"embeddable":true,"href":"https:\/\/moverdb.com\/fr\/wp-json\/wp\/v2\/users\/4"}],"replies":[{"embeddable":true,"href":"https:\/\/moverdb.com\/fr\/wp-json\/wp\/v2\/comments?post=8441"}],"version-history":[{"count":1,"href":"https:\/\/moverdb.com\/fr\/wp-json\/wp\/v2\/pages\/8441\/revisions"}],"predecessor-version":[{"id":8445,"href":"https:\/\/moverdb.com\/fr\/wp-json\/wp\/v2\/pages\/8441\/revisions\/8445"}],"up":[{"embeddable":true,"href":"https:\/\/moverdb.com\/fr\/wp-json\/wp\/v2\/pages\/190"}],"wp:attachment":[{"href":"https:\/\/moverdb.com\/fr\/wp-json\/wp\/v2\/media?parent=8441"}],"curies":[{"name":"wp","href":"https:\/\/api.w.org\/{rel}","templated":true}]}}