{"id":8432,"date":"2023-04-27T14:44:07","date_gmt":"2023-04-27T14:44:07","guid":{"rendered":"https:\/\/moverdb.com\/?page_id=8432"},"modified":"2026-01-08T15:30:08","modified_gmt":"2026-01-08T15:30:08","slug":"moving-companies-moldova","status":"publish","type":"page","link":"https:\/\/moverdb.com\/fr\/moving-companies\/moving-companies-moldova\/","title":{"rendered":"Les meilleures entreprises de d\u00e9m\u00e9nagements internationaux en Moldavie"},"content":{"rendered":"<p>Si vous envisagez de d\u00e9m\u00e9nager votre domicile ou votre entreprise en Moldavie, \u00e0 destination ou en provenance de ce pays, vous pouvez envisager de faire appel \u00e0 un agent d'immigration. <a href=\"https:\/\/moverdb.com\/fr\/moving-companies\/\" data-internallinksmanager029f6b8e52c=\"79\" title=\"Les 25 meilleures soci\u00e9t\u00e9s de d\u00e9m\u00e9nagement international en ligne\">soci\u00e9t\u00e9 de d\u00e9m\u00e9nagement<\/a> pour faciliter le d\u00e9m\u00e9nagement. Nous avons dress\u00e9 ci-dessous une liste d'entreprises bas\u00e9es en Moldavie. <a href=\"https:\/\/moverdb.com\/fr\/international-removals\/\" data-internallinksmanager029f6b8e52c=\"27\" title=\"36 meilleures entreprises de d\u00e9m\u00e9nagements internationaux au Royaume-Uni\">entreprises de d\u00e9m\u00e9nagement<\/a> qui sont membres de la <a href=\"https:\/\/moverdb.com\/fr\/iam\/\" data-internallinksmanager029f6b8e52c=\"23\" title=\"L&#039;Association internationale des d\u00e9m\u00e9nageurs (IAM) expliqu\u00e9e\">Association internationale des d\u00e9m\u00e9nageurs<\/a> (IAM) et\/ou <a href=\"https:\/\/moverdb.com\/fr\/fidi-faim\/\" data-internallinksmanager029f6b8e52c=\"16\" title=\"Explication de la FIDI et du FAIM (FIDI Accredited International Mover)\">FIDI<\/a> D\u00e9m\u00e9nageur international accr\u00e9dit\u00e9 (FAIM) qui pourrait vous aider dans votre d\u00e9m\u00e9nagement.<\/p>\n<h2><strong>D\u00e9m\u00e9nageurs moldaves<\/strong><\/h2>\n<p><img loading=\"lazy\" decoding=\"async\" class=\"alignnone size-full wp-image-8341\" src=\"https:\/\/moverdb.com\/wp-content\/uploads\/Moldovan-Movers-international-moving-company.png\" alt=\"Moldovan Movers soci\u00e9t\u00e9 de d\u00e9m\u00e9nagement international\" width=\"1440\" height=\"682\" data-wp-pid=\"8341\" srcset=\"https:\/\/moverdb.com\/wp-content\/uploads\/Moldovan-Movers-international-moving-company.png 1440w, https:\/\/moverdb.com\/wp-content\/uploads\/Moldovan-Movers-international-moving-company-300x142.png 300w, https:\/\/moverdb.com\/wp-content\/uploads\/Moldovan-Movers-international-moving-company-1024x485.png 1024w, https:\/\/moverdb.com\/wp-content\/uploads\/Moldovan-Movers-international-moving-company-18x9.png 18w, https:\/\/moverdb.com\/wp-content\/uploads\/Moldovan-Movers-international-moving-company-600x284.png 600w\" sizes=\"auto, (max-width: 1440px) 100vw, 1440px\" \/><\/p>\n<ul>\n<li>Mouvements nationaux<\/li>\n<li>D\u00e9m\u00e9nagements internationaux<\/li>\n<li>D\u00e9m\u00e9nagements r\u00e9sidentiels<\/li>\n<li>D\u00e9m\u00e9nagements de bureaux<\/li>\n<li>Service d'emballage professionnel<\/li>\n<li>Organisation du transport<\/li>\n<li>D\u00e9douanement<\/li>\n<li>D\u00e9placement d'un animal de compagnie<\/li>\n<li>Transport de v\u00e9hicules<\/li>\n<li>Installations de stockage<\/li>\n<\/ul>\n<p>Moldovan est l'une des plus grandes soci\u00e9t\u00e9s de d\u00e9m\u00e9nagement en Moldavie. Fond\u00e9e en 1995, elle est bas\u00e9e \u00e0 Chisinau. Elle dispose d'un r\u00e9seau de partenaires de confiance avec lesquels elle travaille dans le monde entier pour fournir des services de d\u00e9m\u00e9nagement \u00e0 l'\u00e9chelle internationale. Elle est membre de l'IAM et compte 25 ans de service.<\/p>\n<p>Moldovan propose une \u00e9tude gratuite avant le d\u00e9m\u00e9nagement afin d'\u00e9valuer vos besoins et d'\u00e9tablir un devis. Ils fournissent un service de d\u00e9m\u00e9nagement complet qui comprend un service d'emballage professionnel qui emballera et d\u00e9ballera vos articles en toute s\u00e9curit\u00e9, organisera le transport et le d\u00e9douanement. Ils proposent \u00e9galement des services de d\u00e9m\u00e9nagement sp\u00e9cialis\u00e9s pour les v\u00e9hicules et les animaux domestiques.<\/p>\n<p>Site web : <a href=\"http:\/\/www.movers.md\" target=\"_blank\" rel=\"noopener\">http:\/\/www.movers.md<\/a><\/p>","protected":false},"excerpt":{"rendered":"<p>If you are planning on moving home or business within, to or from Moldova then you might want to consider employing a moving company to make the move easier. Below we have compiled a list of Moldova based removal companies that are members of the International Association of Movers (IAM) and\/or FIDI Accredited International Mover [&hellip;]<\/p>\n","protected":false},"author":4,"featured_media":0,"parent":190,"menu_order":0,"comment_status":"closed","ping_status":"closed","template":"","meta":{"_genesis_hide_title":false,"_genesis_hide_breadcrumbs":false,"_genesis_hide_singular_image":false,"_genesis_hide_footer_widgets":false,"_genesis_custom_body_class":"","_genesis_custom_post_class":"","_genesis_layout":"","footnotes":""},"class_list":{"0":"post-8432","1":"page","2":"type-page","3":"status-publish","5":"entry","6":"has-post-thumbnail"},"_links":{"self":[{"href":"https:\/\/moverdb.com\/fr\/wp-json\/wp\/v2\/pages\/8432","targetHints":{"allow":["GET"]}}],"collection":[{"href":"https:\/\/moverdb.com\/fr\/wp-json\/wp\/v2\/pages"}],"about":[{"href":"https:\/\/moverdb.com\/fr\/wp-json\/wp\/v2\/types\/page"}],"author":[{"embeddable":true,"href":"https:\/\/moverdb.com\/fr\/wp-json\/wp\/v2\/users\/4"}],"replies":[{"embeddable":true,"href":"https:\/\/moverdb.com\/fr\/wp-json\/wp\/v2\/comments?post=8432"}],"version-history":[{"count":1,"href":"https:\/\/moverdb.com\/fr\/wp-json\/wp\/v2\/pages\/8432\/revisions"}],"predecessor-version":[{"id":8433,"href":"https:\/\/moverdb.com\/fr\/wp-json\/wp\/v2\/pages\/8432\/revisions\/8433"}],"up":[{"embeddable":true,"href":"https:\/\/moverdb.com\/fr\/wp-json\/wp\/v2\/pages\/190"}],"wp:attachment":[{"href":"https:\/\/moverdb.com\/fr\/wp-json\/wp\/v2\/media?parent=8432"}],"curies":[{"name":"wp","href":"https:\/\/api.w.org\/{rel}","templated":true}]}}