{"id":8424,"date":"2023-04-27T14:46:03","date_gmt":"2023-04-27T14:46:03","guid":{"rendered":"https:\/\/moverdb.com\/?page_id=8424"},"modified":"2026-01-08T15:24:47","modified_gmt":"2026-01-08T15:24:47","slug":"moving-companies-malta","status":"publish","type":"page","link":"https:\/\/moverdb.com\/fr\/moving-companies\/moving-companies-malta\/","title":{"rendered":"4 meilleures entreprises de d\u00e9m\u00e9nagements internationaux \u00e0 Malte"},"content":{"rendered":"<p>Lorsque vous planifiez un d\u00e9m\u00e9nagement, le nombre de t\u00e2ches \u00e0 effectuer et l'emballage vous effraient. Vous pouvez vous faciliter la vie en faisant appel \u00e0 un <a href=\"https:\/\/moverdb.com\/fr\/moving-companies\/\" data-internallinksmanager029f6b8e52c=\"79\" title=\"Les 25 meilleures soci\u00e9t\u00e9s de d\u00e9m\u00e9nagement international en ligne\">soci\u00e9t\u00e9 de d\u00e9m\u00e9nagement<\/a> pour organiser votre transport, les formalit\u00e9s administratives et l'emballage de vos effets personnels. Nous avons dress\u00e9 ci-dessous une liste d'organismes maltais qui peuvent vous aider \u00e0 organiser votre voyage. <a href=\"https:\/\/moverdb.com\/fr\/international-removals\/\" data-internallinksmanager029f6b8e52c=\"27\" title=\"36 meilleures entreprises de d\u00e9m\u00e9nagements internationaux au Royaume-Uni\">entreprises de d\u00e9m\u00e9nagement<\/a> qui sont membres de la <a href=\"https:\/\/moverdb.com\/fr\/iam\/\" data-internallinksmanager029f6b8e52c=\"23\" title=\"L&#039;Association internationale des d\u00e9m\u00e9nageurs (IAM) expliqu\u00e9e\">Association internationale des d\u00e9m\u00e9nageurs<\/a> (IAM) et\/ou <a href=\"https:\/\/moverdb.com\/fr\/fidi-faim\/\" data-internallinksmanager029f6b8e52c=\"16\" title=\"Explication de la FIDI et du FAIM (FIDI Accredited International Mover)\">FIDI<\/a> D\u00e9m\u00e9nageur international accr\u00e9dit\u00e9 (FAIM) qui pourrait vous aider dans votre d\u00e9m\u00e9nagement.<\/p>\n<div id=\"ez-toc-container\" class=\"ez-toc-v2_0_82_2 ez-toc-wrap-left counter-hierarchy ez-toc-counter ez-toc-transparent ez-toc-container-direction\">\n<div class=\"ez-toc-title-container\">\n<p class=\"ez-toc-title\" style=\"cursor:inherit\">Sections<\/p>\n<span class=\"ez-toc-title-toggle\"><a href=\"#\" class=\"ez-toc-pull-right ez-toc-btn ez-toc-btn-xs ez-toc-btn-default ez-toc-toggle\" aria-label=\"Toggle Table des mati\u00e8res\"><span class=\"ez-toc-js-icon-con\"><span class=\"\"><span class=\"eztoc-hide\" style=\"display:none;\">Toggle<\/span><span class=\"ez-toc-icon-toggle-span\"><svg style=\"fill: #999;color:#999\" xmlns=\"http:\/\/www.w3.org\/2000\/svg\" class=\"list-377408\" width=\"20px\" height=\"20px\" viewbox=\"0 0 24 24\" fill=\"none\"><path d=\"M6 6H4v2h2V6zm14 0H8v2h12V6zM4 11h2v2H4v-2zm16 0H8v2h12v-2zM4 16h2v2H4v-2zm16 0H8v2h12v-2z\" fill=\"currentColor\"><\/path><\/svg><svg style=\"fill: #999;color:#999\" class=\"arrow-unsorted-368013\" xmlns=\"http:\/\/www.w3.org\/2000\/svg\" width=\"10px\" height=\"10px\" viewbox=\"0 0 24 24\" version=\"1.2\" baseprofile=\"tiny\"><path d=\"M18.2 9.3l-6.2-6.3-6.2 6.3c-.2.2-.3.4-.3.7s.1.5.3.7c.2.2.4.3.7.3h11c.3 0 .5-.1.7-.3.2-.2.3-.5.3-.7s-.1-.5-.3-.7zM5.8 14.7l6.2 6.3 6.2-6.3c.2-.2.3-.5.3-.7s-.1-.5-.3-.7c-.2-.2-.4-.3-.7-.3h-11c-.3 0-.5.1-.7.3-.2.2-.3.5-.3.7s.1.5.3.7z\"\/><\/svg><\/span><\/span><\/span><\/a><\/span><\/div>\n<nav><ul class='ez-toc-list ez-toc-list-level-1 eztoc-toggle-hide-by-default' ><li class='ez-toc-page-1 ez-toc-heading-level-2'><a class=\"ez-toc-link ez-toc-heading-1\" href=\"https:\/\/moverdb.com\/fr\/moving-companies\/moving-companies-malta\/#1_Cube_Relocations\" >1. D\u00e9placements de cubes<\/a><\/li><li class='ez-toc-page-1 ez-toc-heading-level-2'><a class=\"ez-toc-link ez-toc-heading-2\" href=\"https:\/\/moverdb.com\/fr\/moving-companies\/moving-companies-malta\/#2_DOM_Transport\" >2. Transport DOM<\/a><\/li><li class='ez-toc-page-1 ez-toc-heading-level-2'><a class=\"ez-toc-link ez-toc-heading-3\" href=\"https:\/\/moverdb.com\/fr\/moving-companies\/moving-companies-malta\/#3_Express_Trailers\" >3. Remorques express<\/a><\/li><li class='ez-toc-page-1 ez-toc-heading-level-2'><a class=\"ez-toc-link ez-toc-heading-4\" href=\"https:\/\/moverdb.com\/fr\/moving-companies\/moving-companies-malta\/#4_Transpak\" >4. Transpak<\/a><\/li><li class='ez-toc-page-1 ez-toc-heading-level-2'><a class=\"ez-toc-link ez-toc-heading-5\" href=\"https:\/\/moverdb.com\/fr\/moving-companies\/moving-companies-malta\/#Other_Useful_Guides_to_Malta\" >Autres guides utiles sur Malte<\/a><\/li><\/ul><\/nav><\/div>\n<h2><span class=\"ez-toc-section\" id=\"1_Cube_Relocations\"><\/span><strong>1. D\u00e9placements de cubes<\/strong><span class=\"ez-toc-section-end\"><\/span><\/h2>\n<p><img loading=\"lazy\" decoding=\"async\" class=\"alignnone size-full wp-image-8301\" src=\"https:\/\/moverdb.com\/wp-content\/uploads\/Cube-Relocations-international-moving-company.png\" alt=\"Cube Relocations entreprise de d\u00e9m\u00e9nagement international\" width=\"1440\" height=\"680\" data-wp-pid=\"8301\" srcset=\"https:\/\/moverdb.com\/wp-content\/uploads\/Cube-Relocations-international-moving-company.png 1440w, https:\/\/moverdb.com\/wp-content\/uploads\/Cube-Relocations-international-moving-company-300x142.png 300w, https:\/\/moverdb.com\/wp-content\/uploads\/Cube-Relocations-international-moving-company-1024x484.png 1024w, https:\/\/moverdb.com\/wp-content\/uploads\/Cube-Relocations-international-moving-company-18x9.png 18w, https:\/\/moverdb.com\/wp-content\/uploads\/Cube-Relocations-international-moving-company-600x283.png 600w\" sizes=\"auto, (max-width: 1440px) 100vw, 1440px\" \/><\/p>\n<ul>\n<li>Mouvements nationaux<\/li>\n<li>D\u00e9m\u00e9nagements internationaux<\/li>\n<li>D\u00e9m\u00e9nagements r\u00e9sidentiels<\/li>\n<li>D\u00e9m\u00e9nagements d'entreprises<\/li>\n<li>Service porte-\u00e0-porte sur mesure<\/li>\n<li>Service d'emballage<\/li>\n<li>Transport routier, a\u00e9rien et maritime<\/li>\n<li>Transport de v\u00e9hicules<\/li>\n<li>Assurance<\/li>\n<li>Stockage<\/li>\n<\/ul>\n<p>Cube Relocations est une entreprise de d\u00e9m\u00e9nagement international fond\u00e9e en 2007 et bas\u00e9e \u00e0 Ghaxaq. Elle propose des d\u00e9m\u00e9nagements nationaux et internationaux \u00e0 des clients r\u00e9sidentiels et professionnels qui sont soutenus par leurs associations internationales. Elle est membre de l'IAM et compte 15 ans d'exp\u00e9rience.<\/p>\n<p>Cube Relocations propose un service de d\u00e9m\u00e9nagement sur mesure pour r\u00e9pondre \u00e0 vos besoins et peut fournir un service de porte \u00e0 porte. Ils fournissent un service d'emballage avec une \u00e9quipe enti\u00e8rement form\u00e9e qui utilise des mat\u00e9riaux et des cartons de la plus haute qualit\u00e9. Ils organisent l'exp\u00e9dition par voie maritime, routi\u00e8re ou a\u00e9rienne, avec d\u00e9douanement. \u00c0 l'arriv\u00e9e, ils d\u00e9balleront, installeront vos meubles et enl\u00e8veront tous les d\u00e9bris.<\/p>\n<p>Site web : <a href=\"http:\/\/www.cuberelocations.com\" target=\"_blank\" rel=\"noopener\">http:\/\/www.cuberelocations.com<\/a><\/p>\n<h2><span class=\"ez-toc-section\" id=\"2_DOM_Transport\"><\/span><strong>2. Transport DOM<\/strong><span class=\"ez-toc-section-end\"><\/span><\/h2>\n<p><img loading=\"lazy\" decoding=\"async\" class=\"alignnone size-full wp-image-8305\" src=\"https:\/\/moverdb.com\/wp-content\/uploads\/DOM-Transport-international-moving-company.png\" alt=\"DOM Transport entreprise de d\u00e9m\u00e9nagement international\" width=\"1440\" height=\"680\" data-wp-pid=\"8305\" srcset=\"https:\/\/moverdb.com\/wp-content\/uploads\/DOM-Transport-international-moving-company.png 1440w, https:\/\/moverdb.com\/wp-content\/uploads\/DOM-Transport-international-moving-company-300x142.png 300w, https:\/\/moverdb.com\/wp-content\/uploads\/DOM-Transport-international-moving-company-1024x484.png 1024w, https:\/\/moverdb.com\/wp-content\/uploads\/DOM-Transport-international-moving-company-18x9.png 18w, https:\/\/moverdb.com\/wp-content\/uploads\/DOM-Transport-international-moving-company-600x283.png 600w\" sizes=\"auto, (max-width: 1440px) 100vw, 1440px\" \/><\/p>\n<ul>\n<li>D\u00e9m\u00e9nagements locaux et nationaux<\/li>\n<li>D\u00e9m\u00e9nagements internationaux<\/li>\n<li>D\u00e9m\u00e9nagements de m\u00e9nages<\/li>\n<li>D\u00e9m\u00e9nagements de bureaux et d'entreprises<\/li>\n<li>Service porte-\u00e0-porte<\/li>\n<li>Service d'emballage<\/li>\n<li>Fret routier, maritime et a\u00e9rien<\/li>\n<li>Soutien douanier<\/li>\n<li>Assurance<\/li>\n<li>Installations de stockage<\/li>\n<\/ul>\n<p>DOM Transport est une soci\u00e9t\u00e9 de d\u00e9m\u00e9nagement fond\u00e9e au d\u00e9but des ann\u00e9es 1930 et bas\u00e9e \u00e0 Qormi. Elle offre des services de d\u00e9m\u00e9nagement nationaux et internationaux. Elle dispose d'un r\u00e9seau fiable de partenaires dans le monde entier pour l'assister dans les d\u00e9m\u00e9nagements internationaux. Elle est membre de l'IAM et compte 91 ans de service.<\/p>\n<p>DOM Transport propose la visite d'un expert pour \u00e9valuer vos besoins en mati\u00e8re de d\u00e9m\u00e9nagement et \u00e9tablir un devis. Ils offrent un service porte-\u00e0-porte qui comprend l'assurance et tous les services. Ils fournissent un service d'emballage avec une \u00e9quipe exp\u00e9riment\u00e9e qui emballera vos biens en toute s\u00e9curit\u00e9 et \u00e9tablira une liste d'emballage. Ils font appel \u00e0 des agents maritimes fiables qui proposent des chargements complets ou partiels et des options de groupage.<\/p>\n<p>Site web : <a href=\"http:\/\/www.domtransportmalta.com\" target=\"_blank\" rel=\"noopener\">http:\/\/www.domtransportmalta.com<\/a><\/p>\n<h2><span class=\"ez-toc-section\" id=\"3_Express_Trailers\"><\/span><strong>3. Remorques express<\/strong><span class=\"ez-toc-section-end\"><\/span><\/h2>\n<p><img loading=\"lazy\" decoding=\"async\" class=\"alignnone size-full wp-image-8312\" src=\"https:\/\/moverdb.com\/wp-content\/uploads\/Express-Trailers-international-moving-company.png\" alt=\"Express Trailers soci\u00e9t\u00e9 de d\u00e9m\u00e9nagement international\" width=\"1440\" height=\"680\" data-wp-pid=\"8312\" srcset=\"https:\/\/moverdb.com\/wp-content\/uploads\/Express-Trailers-international-moving-company.png 1440w, https:\/\/moverdb.com\/wp-content\/uploads\/Express-Trailers-international-moving-company-300x142.png 300w, https:\/\/moverdb.com\/wp-content\/uploads\/Express-Trailers-international-moving-company-1024x484.png 1024w, https:\/\/moverdb.com\/wp-content\/uploads\/Express-Trailers-international-moving-company-18x9.png 18w, https:\/\/moverdb.com\/wp-content\/uploads\/Express-Trailers-international-moving-company-600x283.png 600w\" sizes=\"auto, (max-width: 1440px) 100vw, 1440px\" \/><\/p>\n<ul>\n<li>Transports nationaux<\/li>\n<li>Transport international<\/li>\n<li>Services aux entreprises<\/li>\n<li>Exp\u00e9dition d'effets personnels<\/li>\n<li>Une flotte de camions avec suivi des v\u00e9hicules<\/li>\n<li>Service porte-\u00e0-porte<\/li>\n<li>Transport routier, maritime et a\u00e9rien<\/li>\n<li>D\u00e9douanement<\/li>\n<li>Transport des voitures<\/li>\n<li>Stockage s\u00e9curis\u00e9<\/li>\n<\/ul>\n<p>Express Trailers est une entreprise de transport et de logistique bas\u00e9e \u00e0 Luqa. Elle propose des services de distribution et de transport dans les domaines suivants <a href=\"https:\/\/moverdb.com\/fr\/moving-to-malta\/\" data-internallinksmanager029f6b8e52c=\"433\" title=\"D\u00e9m\u00e9nager \u00e0 Malte ? 2026 Co\u00fbts de la vie et conseils de relocalisation\">Malte<\/a> et des services d'exp\u00e9dition \u00e0 l'\u00e9chelle internationale. Elle a conclu des alliances internationales avec des r\u00e9seaux de distribution \u00e9trangers pour fournir ses services dans le monde entier. Elle est membre de l'AIM et compte 45 ans de service.<\/p>\n<p>Express Trailers offre un service porte-\u00e0-porte de transport de marchandises \u00e0 l'int\u00e9rieur, \u00e0 destination et en provenance de Malte, qui comprend le d\u00e9douanement et les d\u00e9clarations NSO pour les importations et les exportations. Ils proposent des chargements complets et partiels ainsi que le groupage sur leur fret routier. Les options de fret maritime comprennent des chargements inf\u00e9rieurs \u00e0 un conteneur et des chargements de conteneurs complets. Ils proposent des exp\u00e9ditions directes pour le fret a\u00e9rien.<\/p>\n<p>Site web : <a href=\"http:\/\/www.expressgroup.com\" target=\"_blank\" rel=\"noopener\">http:\/\/www.expressgroup.com<\/a><\/p>\n<h2><span class=\"ez-toc-section\" id=\"4_Transpak\"><\/span><strong>4. Transpak<\/strong><span class=\"ez-toc-section-end\"><\/span><\/h2>\n<p><img loading=\"lazy\" decoding=\"async\" class=\"alignnone size-full wp-image-8377\" src=\"https:\/\/moverdb.com\/wp-content\/uploads\/Transpak-international-moving-company.png\" alt=\"Transpak, soci\u00e9t\u00e9 de d\u00e9m\u00e9nagement international\" width=\"1440\" height=\"673\" data-wp-pid=\"8377\" srcset=\"https:\/\/moverdb.com\/wp-content\/uploads\/Transpak-international-moving-company.png 1440w, https:\/\/moverdb.com\/wp-content\/uploads\/Transpak-international-moving-company-300x140.png 300w, https:\/\/moverdb.com\/wp-content\/uploads\/Transpak-international-moving-company-1024x479.png 1024w, https:\/\/moverdb.com\/wp-content\/uploads\/Transpak-international-moving-company-18x8.png 18w, https:\/\/moverdb.com\/wp-content\/uploads\/Transpak-international-moving-company-600x280.png 600w\" sizes=\"auto, (max-width: 1440px) 100vw, 1440px\" \/><\/p>\n<ul>\n<li>Mouvements nationaux<\/li>\n<li>D\u00e9m\u00e9nagements internationaux<\/li>\n<li>D\u00e9m\u00e9nagements de m\u00e9nages<\/li>\n<li>Mouvements de l'entreprise<\/li>\n<li>Services d'emballage<\/li>\n<li>Emballage de haute qualit\u00e9<\/li>\n<li>Organisation du transport<\/li>\n<li>Manipulation d'\u0153uvres d'art<\/li>\n<li>Transport de v\u00e9hicules<\/li>\n<li>Assurance<\/li>\n<\/ul>\n<p>Transpak est une entreprise de d\u00e9m\u00e9nagement fond\u00e9e en 1976 qui propose des solutions d'emballage et d'exp\u00e9dition internationales. Elle dispose d'un r\u00e9seau d'agents dans le monde entier qui l'aide \u00e0 servir ses clients qui d\u00e9m\u00e9nagent vers ou depuis Malte. Elle est membre de l'IAM et compte 47 ans de service.<\/p>\n<p>Transpak propose des produits et des technologies de pointe qui permettent de transporter vos objets en toute s\u00e9curit\u00e9. Ils peuvent fabriquer des mat\u00e9riaux d'emballage de haute qualit\u00e9, notamment des cartons d'emballage et des caisses en bois, ainsi que des mat\u00e9riaux de protection. Ils peuvent d\u00e9placer diff\u00e9rents types de biens, notamment des articles m\u00e9nagers, des antiquit\u00e9s, des \u0153uvres d'art et des v\u00e9hicules.<\/p>\n<p>Site web : <a href=\"http:\/\/www.transpakmalta.com\" target=\"_blank\" rel=\"noopener\">http:\/\/www.transpakmalta.com<\/a><\/p>\n<h2><span class=\"ez-toc-section\" id=\"Other_Useful_Guides_to_Malta\"><\/span>Autres guides utiles sur Malte <span class=\"ez-toc-section-end\"><\/span><\/h2>\n<ul>\n<li> <a href=\"https:\/\/moverdb.com\/fr\/expedition-par-conteneur\/malte\/\">2024 Tarifs d'exp\u00e9dition de conteneurs de fret maritime \u00e0 destination et en provenance de Malte<\/a><\/li>\n<li> <a href=\"https:\/\/moverdb.com\/fr\/moving-to-malta\/\">D\u00e9m\u00e9nager \u00e0 Malte ? 2026 Co\u00fbts de la vie et conseils de relocalisation<\/a><\/li>\n<li> <a href=\"https:\/\/moverdb.com\/fr\/moving-to-malta\/living-in-malta\/\">21 secrets sur la vie \u00e0 Malte \u00e0 conna\u00eetre avant de d\u00e9m\u00e9nager<\/a><\/li>\n<\/ul>","protected":false},"excerpt":{"rendered":"<p>When you are planning a move does it fill you with dread thinking about the number of tasks you will need to do and the packing? You can make your life easier by employing a moving company to organise your transport, paperwork and pack your belongings. Below we have compiled a list of Maltese removal [&hellip;]<\/p>\n","protected":false},"author":4,"featured_media":0,"parent":190,"menu_order":0,"comment_status":"closed","ping_status":"closed","template":"","meta":{"_genesis_hide_title":false,"_genesis_hide_breadcrumbs":false,"_genesis_hide_singular_image":false,"_genesis_hide_footer_widgets":false,"_genesis_custom_body_class":"","_genesis_custom_post_class":"","_genesis_layout":"","footnotes":""},"class_list":{"0":"post-8424","1":"page","2":"type-page","3":"status-publish","5":"entry","6":"has-post-thumbnail"},"_links":{"self":[{"href":"https:\/\/moverdb.com\/fr\/wp-json\/wp\/v2\/pages\/8424","targetHints":{"allow":["GET"]}}],"collection":[{"href":"https:\/\/moverdb.com\/fr\/wp-json\/wp\/v2\/pages"}],"about":[{"href":"https:\/\/moverdb.com\/fr\/wp-json\/wp\/v2\/types\/page"}],"author":[{"embeddable":true,"href":"https:\/\/moverdb.com\/fr\/wp-json\/wp\/v2\/users\/4"}],"replies":[{"embeddable":true,"href":"https:\/\/moverdb.com\/fr\/wp-json\/wp\/v2\/comments?post=8424"}],"version-history":[{"count":3,"href":"https:\/\/moverdb.com\/fr\/wp-json\/wp\/v2\/pages\/8424\/revisions"}],"predecessor-version":[{"id":18368,"href":"https:\/\/moverdb.com\/fr\/wp-json\/wp\/v2\/pages\/8424\/revisions\/18368"}],"up":[{"embeddable":true,"href":"https:\/\/moverdb.com\/fr\/wp-json\/wp\/v2\/pages\/190"}],"wp:attachment":[{"href":"https:\/\/moverdb.com\/fr\/wp-json\/wp\/v2\/media?parent=8424"}],"curies":[{"name":"wp","href":"https:\/\/api.w.org\/{rel}","templated":true}]}}