{"id":8416,"date":"2023-04-27T14:47:29","date_gmt":"2023-04-27T14:47:29","guid":{"rendered":"https:\/\/moverdb.com\/?page_id=8416"},"modified":"2026-01-08T15:30:06","modified_gmt":"2026-01-08T15:30:06","slug":"moving-companies-malawi","status":"publish","type":"page","link":"https:\/\/moverdb.com\/fr\/moving-companies\/moving-companies-malawi\/","title":{"rendered":"Meilleures entreprises de d\u00e9m\u00e9nagements internationaux au Malawi"},"content":{"rendered":"<p>D\u00e9m\u00e9nager peut s'av\u00e9rer complexe, surtout si vous vous rendez dans un autre pays, c'est pourquoi vous pouvez faire appel aux services d'un <a href=\"https:\/\/moverdb.com\/fr\/moving-companies\/\" data-internallinksmanager029f6b8e52c=\"79\" title=\"Les 25 meilleures soci\u00e9t\u00e9s de d\u00e9m\u00e9nagement international en ligne\">soci\u00e9t\u00e9 de d\u00e9m\u00e9nagement<\/a> car ils peuvent contribuer \u00e0 r\u00e9duire le stress du processus. Nous avons dress\u00e9 ci-dessous une liste d'organisations bas\u00e9es au Malawi. <a href=\"https:\/\/moverdb.com\/fr\/international-removals\/\" data-internallinksmanager029f6b8e52c=\"27\" title=\"36 meilleures entreprises de d\u00e9m\u00e9nagements internationaux au Royaume-Uni\">entreprises de d\u00e9m\u00e9nagement<\/a> qui sont membres de la <a href=\"https:\/\/moverdb.com\/fr\/iam\/\" data-internallinksmanager029f6b8e52c=\"23\" title=\"L&#039;Association internationale des d\u00e9m\u00e9nageurs (IAM) expliqu\u00e9e\">Association internationale des d\u00e9m\u00e9nageurs<\/a> (IAM) et\/ou <a href=\"https:\/\/moverdb.com\/fr\/fidi-faim\/\" data-internallinksmanager029f6b8e52c=\"16\" title=\"Explication de la FIDI et du FAIM (FIDI Accredited International Mover)\">FIDI<\/a> D\u00e9m\u00e9nageur international accr\u00e9dit\u00e9 (FAIM) qui pourrait vous aider dans votre d\u00e9m\u00e9nagement.<\/p>\n<h2><strong>D\u00e9m\u00e9nagements internationaux de Stuffafords<\/strong><\/h2>\n<p><img loading=\"lazy\" decoding=\"async\" class=\"alignnone size-full wp-image-8369\" src=\"https:\/\/moverdb.com\/wp-content\/uploads\/Stuttafords-International-Malawi-moving-company.png\" alt=\"Stuttafords International Malawi soci\u00e9t\u00e9 de d\u00e9m\u00e9nagement\" width=\"1440\" height=\"680\" data-wp-pid=\"8369\" srcset=\"https:\/\/moverdb.com\/wp-content\/uploads\/Stuttafords-International-Malawi-moving-company.png 1440w, https:\/\/moverdb.com\/wp-content\/uploads\/Stuttafords-International-Malawi-moving-company-300x142.png 300w, https:\/\/moverdb.com\/wp-content\/uploads\/Stuttafords-International-Malawi-moving-company-1024x484.png 1024w, https:\/\/moverdb.com\/wp-content\/uploads\/Stuttafords-International-Malawi-moving-company-18x9.png 18w, https:\/\/moverdb.com\/wp-content\/uploads\/Stuttafords-International-Malawi-moving-company-600x283.png 600w\" sizes=\"auto, (max-width: 1440px) 100vw, 1440px\" \/><\/p>\n<ul>\n<li>D\u00e9m\u00e9nagements locaux et nationaux<\/li>\n<li>D\u00e9m\u00e9nagements internationaux<\/li>\n<li>D\u00e9m\u00e9nagements de m\u00e9nages<\/li>\n<li>D\u00e9m\u00e9nagements de bureaux<\/li>\n<li>Service porte-\u00e0-porte<\/li>\n<li>Service d'emballage<\/li>\n<li>Caisses<\/li>\n<li>Choix de la taille des envois<\/li>\n<li>Transport routier, ferroviaire, a\u00e9rien et maritime<\/li>\n<li>Stockage \u00e0 court et \u00e0 long terme<\/li>\n<\/ul>\n<p>Stuffafords International Removals est une soci\u00e9t\u00e9 de d\u00e9m\u00e9nagement fond\u00e9e en 1994 et bas\u00e9e \u00e0 Lilongwe, mais elle poss\u00e8de \u00e9galement des succursales au Zimbabwe et en Zambie. Elle travaille avec des agents de d\u00e9m\u00e9nagement dans le monde entier pour fournir des services internationaux. Elle est membre de l'IAM et compte 29 ans de service.<\/p>\n<p>Stuffafords International Removals propose un service porte-\u00e0-porte qui peut inclure un service d'emballage professionnel utilisant les meilleurs produits d'emballage et des mat\u00e9riaux recyclables pour prot\u00e9ger vos objets pendant le transport. Ils fournissent \u00e9galement des caisses pour prot\u00e9ger les objets fragiles. Ils organiseront le transport de vos articles par route, rail, air ou mer.<\/p>\n<p>Site web : <a href=\"http:\/\/www.stuttafordsmalawi.com\" target=\"_blank\" rel=\"noopener\">http:\/\/www.stuttafordsmalawi.com<\/a><\/p>","protected":false},"excerpt":{"rendered":"<p>Moving can be complex especially if you are going to another country so you may want to engage the services of a moving company as they can help reduce the stress of the process. Below we have compiled a list of Malawi based removal companies that are members of the International Association of Movers (IAM) [&hellip;]<\/p>\n","protected":false},"author":4,"featured_media":0,"parent":190,"menu_order":0,"comment_status":"closed","ping_status":"closed","template":"","meta":{"_genesis_hide_title":false,"_genesis_hide_breadcrumbs":false,"_genesis_hide_singular_image":false,"_genesis_hide_footer_widgets":false,"_genesis_custom_body_class":"","_genesis_custom_post_class":"","_genesis_layout":"","footnotes":""},"class_list":{"0":"post-8416","1":"page","2":"type-page","3":"status-publish","5":"entry","6":"has-post-thumbnail"},"_links":{"self":[{"href":"https:\/\/moverdb.com\/fr\/wp-json\/wp\/v2\/pages\/8416","targetHints":{"allow":["GET"]}}],"collection":[{"href":"https:\/\/moverdb.com\/fr\/wp-json\/wp\/v2\/pages"}],"about":[{"href":"https:\/\/moverdb.com\/fr\/wp-json\/wp\/v2\/types\/page"}],"author":[{"embeddable":true,"href":"https:\/\/moverdb.com\/fr\/wp-json\/wp\/v2\/users\/4"}],"replies":[{"embeddable":true,"href":"https:\/\/moverdb.com\/fr\/wp-json\/wp\/v2\/comments?post=8416"}],"version-history":[{"count":1,"href":"https:\/\/moverdb.com\/fr\/wp-json\/wp\/v2\/pages\/8416\/revisions"}],"predecessor-version":[{"id":8417,"href":"https:\/\/moverdb.com\/fr\/wp-json\/wp\/v2\/pages\/8416\/revisions\/8417"}],"up":[{"embeddable":true,"href":"https:\/\/moverdb.com\/fr\/wp-json\/wp\/v2\/pages\/190"}],"wp:attachment":[{"href":"https:\/\/moverdb.com\/fr\/wp-json\/wp\/v2\/media?parent=8416"}],"curies":[{"name":"wp","href":"https:\/\/api.w.org\/{rel}","templated":true}]}}