{"id":8412,"date":"2023-04-27T14:49:22","date_gmt":"2023-04-27T14:49:22","guid":{"rendered":"https:\/\/moverdb.com\/?page_id=8412"},"modified":"2026-01-08T15:23:48","modified_gmt":"2026-01-08T15:23:48","slug":"moving-companies-macedonia","status":"publish","type":"page","link":"https:\/\/moverdb.com\/fr\/moving-companies\/moving-companies-macedonia\/","title":{"rendered":"2 Meilleures entreprises de d\u00e9m\u00e9nagements internationaux en Mac\u00e9doine"},"content":{"rendered":"<p>Un d\u00e9m\u00e9nagement peut \u00eatre une p\u00e9riode mouvement\u00e9e, avec de nombreuses t\u00e2ches \u00e0 effectuer et des documents \u00e0 remplir, surtout si vous d\u00e9m\u00e9nagez \u00e0 l'\u00e9tranger. C'est l\u00e0 qu'un <a href=\"https:\/\/moverdb.com\/fr\/moving-companies\/\" data-internallinksmanager029f6b8e52c=\"79\" title=\"Les 25 meilleures soci\u00e9t\u00e9s de d\u00e9m\u00e9nagement international en ligne\">soci\u00e9t\u00e9 de d\u00e9m\u00e9nagement<\/a> peut vous aider \u00e0 all\u00e9ger votre charge et \u00e0 g\u00e9rer le d\u00e9m\u00e9nagement pour vous. Nous avons dress\u00e9 ci-dessous une liste de soci\u00e9t\u00e9s de d\u00e9m\u00e9nagement bas\u00e9es en Mac\u00e9doine. <a href=\"https:\/\/moverdb.com\/fr\/international-removals\/\" data-internallinksmanager029f6b8e52c=\"27\" title=\"36 meilleures entreprises de d\u00e9m\u00e9nagements internationaux au Royaume-Uni\">entreprises de d\u00e9m\u00e9nagement<\/a> qui sont membres de la <a href=\"https:\/\/moverdb.com\/fr\/iam\/\" data-internallinksmanager029f6b8e52c=\"23\" title=\"L&#039;Association internationale des d\u00e9m\u00e9nageurs (IAM) expliqu\u00e9e\">Association internationale des d\u00e9m\u00e9nageurs<\/a> (IAM) et\/ou <a href=\"https:\/\/moverdb.com\/fr\/fidi-faim\/\" data-internallinksmanager029f6b8e52c=\"16\" title=\"Explication de la FIDI et du FAIM (FIDI Accredited International Mover)\">FIDI<\/a> D\u00e9m\u00e9nageur international accr\u00e9dit\u00e9 (FAIM) qui pourrait vous aider dans votre d\u00e9m\u00e9nagement.<\/p>\n<h2><strong>1. Orbit Ltd International<\/strong><\/h2>\n<p><img loading=\"lazy\" decoding=\"async\" class=\"alignnone size-full wp-image-8352\" src=\"https:\/\/moverdb.com\/wp-content\/uploads\/Orbit-Macedonia-international-moving-company.png\" alt=\"Orbit Macedonia soci\u00e9t\u00e9 de d\u00e9m\u00e9nagement international\" width=\"1440\" height=\"681\" data-wp-pid=\"8352\" srcset=\"https:\/\/moverdb.com\/wp-content\/uploads\/Orbit-Macedonia-international-moving-company.png 1440w, https:\/\/moverdb.com\/wp-content\/uploads\/Orbit-Macedonia-international-moving-company-300x142.png 300w, https:\/\/moverdb.com\/wp-content\/uploads\/Orbit-Macedonia-international-moving-company-1024x484.png 1024w, https:\/\/moverdb.com\/wp-content\/uploads\/Orbit-Macedonia-international-moving-company-18x9.png 18w, https:\/\/moverdb.com\/wp-content\/uploads\/Orbit-Macedonia-international-moving-company-600x284.png 600w\" sizes=\"auto, (max-width: 1440px) 100vw, 1440px\" \/><\/p>\n<ul>\n<li>Mouvements nationaux<\/li>\n<li>D\u00e9m\u00e9nagements internationaux<\/li>\n<li>D\u00e9m\u00e9nagements de m\u00e9nages<\/li>\n<li>Foires et expositions<\/li>\n<li>Service porte-\u00e0-porte<\/li>\n<li>Fret routier, maritime et a\u00e9rien<\/li>\n<li>Choix de <a href=\"https:\/\/moverdb.com\/fr\/shipping-container-sizes-and-dimensions\/\" data-internallinksmanager029f6b8e52c=\"247\" title=\"Le guide ultime des tailles et dimensions des conteneurs d&#039;exp\u00e9dition\">tailles des conteneurs<\/a><\/li>\n<li>D\u00e9douanement<\/li>\n<li>Assurance<\/li>\n<li>Installations de stockage<\/li>\n<\/ul>\n<p>Orbit Ltd International est une soci\u00e9t\u00e9 de transport et de d\u00e9m\u00e9nagement fond\u00e9e en 2000 \u00e0 Skopje, en Mac\u00e9doine, et qui fait partie du groupe Orphee Beinoglou. Orbit est sp\u00e9cialis\u00e9e dans le nord de la Mac\u00e9doine et le Kosovo, et Orphee Beinoglou dans le nord de la Mac\u00e9doine et le Kosovo. <a href=\"https:\/\/moverdb.com\/fr\/moving-to-greece\/\" data-internallinksmanager029f6b8e52c=\"353\" title=\"D\u00e9m\u00e9nager en Gr\u00e8ce ? 2026 Co\u00fbts de la vie et conseils de relocalisation\">Gr\u00e8ce<\/a> et en Europe de l'Est. Elle est membre de l'AIM depuis 23 ans.<\/p>\n<p>Orbit Ltd International propose des services de fret maritime comprenant une gamme d'options telles que le groupage, les conteneurs complets et le fret en vrac. Ils proposent des services de fret a\u00e9rien avec un choix de services premium, diff\u00e9r\u00e9s, consolid\u00e9s et affr\u00e9t\u00e9s. Le service de fret par camion offre des chargements complets ou partiels. Leurs services comprennent le suivi des exp\u00e9ditions, les formalit\u00e9s douani\u00e8res et l'assurance.<\/p>\n<p>Site web : <a href=\"http:\/\/www.orbit.mk\" target=\"_blank\" rel=\"noopener\">http:\/\/www.orbit.mk<\/a><\/p>\n<h2><strong>2. DoraMoving<\/strong><\/h2>\n<p><img loading=\"lazy\" decoding=\"async\" class=\"alignnone size-full wp-image-8307\" src=\"https:\/\/moverdb.com\/wp-content\/uploads\/DoraMoving-international-moving-company.png\" alt=\"DoraMoving entreprise de d\u00e9m\u00e9nagement international\" width=\"1440\" height=\"682\" data-wp-pid=\"8307\" srcset=\"https:\/\/moverdb.com\/wp-content\/uploads\/DoraMoving-international-moving-company.png 1440w, https:\/\/moverdb.com\/wp-content\/uploads\/DoraMoving-international-moving-company-300x142.png 300w, https:\/\/moverdb.com\/wp-content\/uploads\/DoraMoving-international-moving-company-1024x485.png 1024w, https:\/\/moverdb.com\/wp-content\/uploads\/DoraMoving-international-moving-company-18x9.png 18w, https:\/\/moverdb.com\/wp-content\/uploads\/DoraMoving-international-moving-company-600x284.png 600w\" sizes=\"auto, (max-width: 1440px) 100vw, 1440px\" \/><\/p>\n<ul>\n<li>D\u00e9placements locaux<\/li>\n<li>D\u00e9m\u00e9nagements internationaux<\/li>\n<li>D\u00e9m\u00e9nagements r\u00e9sidentiels<\/li>\n<li>Mouvements de l'entreprise<\/li>\n<li>Des services sur mesure<\/li>\n<li>Devis individuel<\/li>\n<li>Service complet ou partiel<\/li>\n<li>Service d'emballage<\/li>\n<li>Organisation du transport<\/li>\n<li>Stockage s\u00e9curis\u00e9<\/li>\n<\/ul>\n<p>DoraMoving est une entreprise de d\u00e9m\u00e9nagement fond\u00e9e en 2019 \u00e0 Skopje, en Mac\u00e9doine, qui offre des services de d\u00e9m\u00e9nagement locaux et internationaux aux clients r\u00e9sidentiels et aux entreprises. Ils sont membres de l'IAM avec quatre ann\u00e9es de service, ce qui leur donne acc\u00e8s \u00e0 un r\u00e9seau international d'agents de d\u00e9m\u00e9nagement pour les soutenir.<\/p>\n<p>DoraMoving propose des services de d\u00e9m\u00e9nagement sur mesure et vous fournira un devis pour votre d\u00e9m\u00e9nagement en fonction de vos besoins et de votre volume. Vous avez le choix entre un service d'emballage ou l'auto-emballage avec du mat\u00e9riel fourni. Leur service d'emballage comprend l'emballage et le d\u00e9ballage ainsi que le d\u00e9montage et le montage de vos meubles.<\/p>\n<p>Site web : <a href=\"https:\/\/doramoving.com\/en\/international-moving\/\" target=\"_blank\" rel=\"noopener\">https:\/\/doramoving.com\/en\/international-moving\/<\/a><\/p>","protected":false},"excerpt":{"rendered":"<p>Moving can be a hectic time with a lot of tasks to do and paperwork to complete, especially if you are moving abroad. This is where a moving company can assist in lightening your load and managing the move for you. Below we have compiled a list of Macedonia based removal companies that are members [&hellip;]<\/p>\n","protected":false},"author":4,"featured_media":0,"parent":190,"menu_order":0,"comment_status":"closed","ping_status":"closed","template":"","meta":{"_genesis_hide_title":false,"_genesis_hide_breadcrumbs":false,"_genesis_hide_singular_image":false,"_genesis_hide_footer_widgets":false,"_genesis_custom_body_class":"","_genesis_custom_post_class":"","_genesis_layout":"","footnotes":""},"class_list":{"0":"post-8412","1":"page","2":"type-page","3":"status-publish","5":"entry","6":"has-post-thumbnail"},"_links":{"self":[{"href":"https:\/\/moverdb.com\/fr\/wp-json\/wp\/v2\/pages\/8412","targetHints":{"allow":["GET"]}}],"collection":[{"href":"https:\/\/moverdb.com\/fr\/wp-json\/wp\/v2\/pages"}],"about":[{"href":"https:\/\/moverdb.com\/fr\/wp-json\/wp\/v2\/types\/page"}],"author":[{"embeddable":true,"href":"https:\/\/moverdb.com\/fr\/wp-json\/wp\/v2\/users\/4"}],"replies":[{"embeddable":true,"href":"https:\/\/moverdb.com\/fr\/wp-json\/wp\/v2\/comments?post=8412"}],"version-history":[{"count":1,"href":"https:\/\/moverdb.com\/fr\/wp-json\/wp\/v2\/pages\/8412\/revisions"}],"predecessor-version":[{"id":8413,"href":"https:\/\/moverdb.com\/fr\/wp-json\/wp\/v2\/pages\/8412\/revisions\/8413"}],"up":[{"embeddable":true,"href":"https:\/\/moverdb.com\/fr\/wp-json\/wp\/v2\/pages\/190"}],"wp:attachment":[{"href":"https:\/\/moverdb.com\/fr\/wp-json\/wp\/v2\/media?parent=8412"}],"curies":[{"name":"wp","href":"https:\/\/api.w.org\/{rel}","templated":true}]}}