{"id":8404,"date":"2023-04-27T14:48:01","date_gmt":"2023-04-27T14:48:01","guid":{"rendered":"https:\/\/moverdb.com\/?page_id=8404"},"modified":"2026-01-08T15:23:47","modified_gmt":"2026-01-08T15:23:47","slug":"moving-companies-lesotho","status":"publish","type":"page","link":"https:\/\/moverdb.com\/fr\/moving-companies\/moving-companies-lesotho\/","title":{"rendered":"2 meilleures entreprises de d\u00e9m\u00e9nagements internationaux au Lesotho"},"content":{"rendered":"<p>D\u00e9m\u00e9nager peut \u00eatre une p\u00e9riode stressante, qu'il s'agisse de votre maison ou de votre entreprise, et le niveau de stress augmente lorsque vous d\u00e9m\u00e9nagez \u00e0 l'\u00e9tranger. C'est pourquoi de nombreuses personnes font appel aux services d'un <a href=\"https:\/\/moverdb.com\/fr\/moving-companies\/\" data-internallinksmanager029f6b8e52c=\"79\" title=\"Les 25 meilleures soci\u00e9t\u00e9s de d\u00e9m\u00e9nagement international en ligne\">soci\u00e9t\u00e9 de d\u00e9m\u00e9nagement<\/a>. Nous avons dress\u00e9 ci-dessous une liste d'entreprises bas\u00e9es au Lesotho. <a href=\"https:\/\/moverdb.com\/fr\/international-removals\/\" data-internallinksmanager029f6b8e52c=\"27\" title=\"36 meilleures entreprises de d\u00e9m\u00e9nagements internationaux au Royaume-Uni\">entreprises de d\u00e9m\u00e9nagement<\/a> qui sont membres de la <a href=\"https:\/\/moverdb.com\/fr\/iam\/\" data-internallinksmanager029f6b8e52c=\"23\" title=\"L&#039;Association internationale des d\u00e9m\u00e9nageurs (IAM) expliqu\u00e9e\">Association internationale des d\u00e9m\u00e9nageurs<\/a> (IAM) et\/ou <a href=\"https:\/\/moverdb.com\/fr\/fidi-faim\/\" data-internallinksmanager029f6b8e52c=\"16\" title=\"Explication de la FIDI et du FAIM (FIDI Accredited International Mover)\">FIDI<\/a> D\u00e9m\u00e9nageur international accr\u00e9dit\u00e9 (FAIM) qui pourrait vous aider dans votre d\u00e9m\u00e9nagement.<\/p>\n<h2><strong>1. Stuttaford Van Lines<\/strong><\/h2>\n<p><img loading=\"lazy\" decoding=\"async\" class=\"alignnone size-full wp-image-8368\" src=\"https:\/\/moverdb.com\/wp-content\/uploads\/Stuttaford-Van-Lines-international-moving-company.png\" alt=\"Stuttaford Van Lines soci\u00e9t\u00e9 de d\u00e9m\u00e9nagement international\" width=\"1440\" height=\"680\" data-wp-pid=\"8368\" srcset=\"https:\/\/moverdb.com\/wp-content\/uploads\/Stuttaford-Van-Lines-international-moving-company.png 1440w, https:\/\/moverdb.com\/wp-content\/uploads\/Stuttaford-Van-Lines-international-moving-company-300x142.png 300w, https:\/\/moverdb.com\/wp-content\/uploads\/Stuttaford-Van-Lines-international-moving-company-1024x484.png 1024w, https:\/\/moverdb.com\/wp-content\/uploads\/Stuttaford-Van-Lines-international-moving-company-18x9.png 18w, https:\/\/moverdb.com\/wp-content\/uploads\/Stuttaford-Van-Lines-international-moving-company-600x283.png 600w\" sizes=\"auto, (max-width: 1440px) 100vw, 1440px\" \/><\/p>\n<ul>\n<li>Mouvements nationaux<\/li>\n<li>D\u00e9m\u00e9nagements internationaux<\/li>\n<li>D\u00e9m\u00e9nagements r\u00e9sidentiels<\/li>\n<li>Mouvements de l'entreprise<\/li>\n<li>Des services sur mesure<\/li>\n<li>Service d'emballage<\/li>\n<li>D\u00e9placement de v\u00e9hicules et d'animaux<\/li>\n<li>Manipulation d'objets d'art<\/li>\n<li>Assurance<\/li>\n<li>Stockage \u00e0 court et \u00e0 long terme<\/li>\n<\/ul>\n<p>Stuttaford Van Lines est une soci\u00e9t\u00e9 de d\u00e9m\u00e9nagement au service des familles et des entreprises depuis le milieu des ann\u00e9es 1800, avec des succursales dans toute l'Europe. <a href=\"https:\/\/moverdb.com\/fr\/moving-to-south-africa\/\" data-internallinksmanager029f6b8e52c=\"347\" title=\"D\u00e9m\u00e9nager en Afrique du Sud ? 2026 Co\u00fbts de la vie et conseils de relocalisation\">Afrique du Sud<\/a> y compris Masero, Lesotho. Ils sont membres de l'IAM depuis 47 ans, ce qui leur permet d'acc\u00e9der \u00e0 un r\u00e9seau international d'agents de d\u00e9m\u00e9nagement pour les soutenir,<\/p>\n<p>Stuffaford Van Lines vous aidera \u00e0 planifier et \u00e0 pr\u00e9parer soigneusement votre d\u00e9m\u00e9nagement. Elle vous attribuera un point de contact unique qui vous accompagnera \u00e0 chaque \u00e9tape. Ils fournissent un service d'emballage qui comprend l'utilisation d'emballages et de protections de haute qualit\u00e9, ils \u00e9tiquettent tous les cartons et dressent un inventaire.<\/p>\n<p>Site web : <a href=\"http:\/\/www.stuttafordvanlines.co.za\" target=\"_blank\" rel=\"noopener\">http:\/\/www.stuttafordvanlines.co.za<\/a><\/p>\n<h2><strong>2. Logistique Sure<\/strong><\/h2>\n<p><img loading=\"lazy\" decoding=\"async\" class=\"alignnone size-full wp-image-8371\" src=\"https:\/\/moverdb.com\/wp-content\/uploads\/Sure-Logistics-international-moving-company.png\" alt=\"Sure Logistics soci\u00e9t\u00e9 de d\u00e9m\u00e9nagement international\" width=\"1440\" height=\"678\" data-wp-pid=\"8371\" srcset=\"https:\/\/moverdb.com\/wp-content\/uploads\/Sure-Logistics-international-moving-company.png 1440w, https:\/\/moverdb.com\/wp-content\/uploads\/Sure-Logistics-international-moving-company-300x141.png 300w, https:\/\/moverdb.com\/wp-content\/uploads\/Sure-Logistics-international-moving-company-1024x482.png 1024w, https:\/\/moverdb.com\/wp-content\/uploads\/Sure-Logistics-international-moving-company-18x8.png 18w, https:\/\/moverdb.com\/wp-content\/uploads\/Sure-Logistics-international-moving-company-600x283.png 600w\" sizes=\"auto, (max-width: 1440px) 100vw, 1440px\" \/><\/p>\n<ul>\n<li>D\u00e9placements locaux<\/li>\n<li>D\u00e9m\u00e9nagements outre-mer<\/li>\n<li>Mouvements \u00e0 domicile<\/li>\n<li>D\u00e9m\u00e9nagements de bureaux<\/li>\n<li>Services de relocalisation<\/li>\n<li>Un service de d\u00e9m\u00e9nagement sur mesure<\/li>\n<li>Organisation du transport<\/li>\n<li>Options des conteneurs<\/li>\n<li><a href=\"https:\/\/moverdb.com\/fr\/car-transport-shipping\/\" data-internallinksmanager029f6b8e52c=\"2\" title=\"2026 Devis pour le transport international de voitures et l&#039;exp\u00e9dition de v\u00e9hicules\">Exp\u00e9dition de v\u00e9hicules<\/a><\/li>\n<li>Stockage s\u00e9curis\u00e9 \u00e0 court et \u00e0 long terme<\/li>\n<\/ul>\n<p>Sure Logistics est une entreprise de gestion logistique sp\u00e9cialis\u00e9e qui offre une gamme de services de transport et de solutions pour la cha\u00eene d'approvisionnement et qui est bas\u00e9e \u00e0 Masero. Elle travaille avec des partenaires internationaux pour fournir ses services dans d'autres pays. Elle est membre de l'IAM et compte neuf ans d'anciennet\u00e9.<\/p>\n<p>Sure Logistics propose des services de d\u00e9m\u00e9nagement \u00e0 l'int\u00e9rieur, \u00e0 destination et en provenance du Lesotho pour les particuliers et les entreprises qui sont adapt\u00e9s \u00e0 vos besoins. Elle propose \u00e9galement des services de relocalisation qui offrent un soutien en mati\u00e8re de ressources humaines aux employ\u00e9s et des formules sp\u00e9cialis\u00e9es de mobilit\u00e9 mondiale dans plus de 150 pays. Ils transporteront vos biens en toute s\u00e9curit\u00e9 et peuvent proposer des chargements complets ou inf\u00e9rieurs \u00e0 un conteneur.<\/p>\n<p>Site web : <a href=\"http:\/\/www.surelogistics.co.ls\" target=\"_blank\" rel=\"noopener\">http:\/\/www.surelogistics.co.ls<\/a><\/p>","protected":false},"excerpt":{"rendered":"<p>Moving can be a stressful time whether you are moving your home or your business, and the stress level increases when you are moving countries. This is why so many people employ the services of a moving company. Below we have compiled a list of Lesotho based removal companies that are members of the International [&hellip;]<\/p>\n","protected":false},"author":4,"featured_media":0,"parent":190,"menu_order":0,"comment_status":"closed","ping_status":"closed","template":"","meta":{"_genesis_hide_title":false,"_genesis_hide_breadcrumbs":false,"_genesis_hide_singular_image":false,"_genesis_hide_footer_widgets":false,"_genesis_custom_body_class":"","_genesis_custom_post_class":"","_genesis_layout":"","footnotes":""},"class_list":{"0":"post-8404","1":"page","2":"type-page","3":"status-publish","5":"entry","6":"has-post-thumbnail"},"_links":{"self":[{"href":"https:\/\/moverdb.com\/fr\/wp-json\/wp\/v2\/pages\/8404","targetHints":{"allow":["GET"]}}],"collection":[{"href":"https:\/\/moverdb.com\/fr\/wp-json\/wp\/v2\/pages"}],"about":[{"href":"https:\/\/moverdb.com\/fr\/wp-json\/wp\/v2\/types\/page"}],"author":[{"embeddable":true,"href":"https:\/\/moverdb.com\/fr\/wp-json\/wp\/v2\/users\/4"}],"replies":[{"embeddable":true,"href":"https:\/\/moverdb.com\/fr\/wp-json\/wp\/v2\/comments?post=8404"}],"version-history":[{"count":2,"href":"https:\/\/moverdb.com\/fr\/wp-json\/wp\/v2\/pages\/8404\/revisions"}],"predecessor-version":[{"id":8418,"href":"https:\/\/moverdb.com\/fr\/wp-json\/wp\/v2\/pages\/8404\/revisions\/8418"}],"up":[{"embeddable":true,"href":"https:\/\/moverdb.com\/fr\/wp-json\/wp\/v2\/pages\/190"}],"wp:attachment":[{"href":"https:\/\/moverdb.com\/fr\/wp-json\/wp\/v2\/media?parent=8404"}],"curies":[{"name":"wp","href":"https:\/\/api.w.org\/{rel}","templated":true}]}}