{"id":8402,"date":"2023-04-27T14:51:30","date_gmt":"2023-04-27T14:51:30","guid":{"rendered":"https:\/\/moverdb.com\/?page_id=8402"},"modified":"2026-01-08T15:29:28","modified_gmt":"2026-01-08T15:29:28","slug":"moving-companies-lebanon","status":"publish","type":"page","link":"https:\/\/moverdb.com\/fr\/moving-companies\/moving-companies-lebanon\/","title":{"rendered":"7 Meilleures entreprises de d\u00e9m\u00e9nagements internationaux au Liban"},"content":{"rendered":"<p>Le simple fait de penser au d\u00e9m\u00e9nagement de votre maison ou de votre entreprise peut \u00eatre stressant et sembler compliqu\u00e9 si vous envisagez de d\u00e9m\u00e9nager \u00e0 l'\u00e9tranger. <a href=\"https:\/\/moverdb.com\/fr\/moving-companies\/\" data-internallinksmanager029f6b8e52c=\"79\" title=\"Les 25 meilleures soci\u00e9t\u00e9s de d\u00e9m\u00e9nagement international en ligne\">soci\u00e9t\u00e9 de d\u00e9m\u00e9nagement<\/a> peut vous aider \u00e0 all\u00e9ger votre charge. Nous avons dress\u00e9 ci-dessous une liste d'organismes bas\u00e9s au Liban. <a href=\"https:\/\/moverdb.com\/fr\/international-removals\/\" data-internallinksmanager029f6b8e52c=\"27\" title=\"36 meilleures entreprises de d\u00e9m\u00e9nagements internationaux au Royaume-Uni\">entreprises de d\u00e9m\u00e9nagement<\/a> qui sont membres de la <a href=\"https:\/\/moverdb.com\/fr\/iam\/\" data-internallinksmanager029f6b8e52c=\"23\" title=\"L&#039;Association internationale des d\u00e9m\u00e9nageurs (IAM) expliqu\u00e9e\">Association internationale des d\u00e9m\u00e9nageurs<\/a> (IAM) et\/ou <a href=\"https:\/\/moverdb.com\/fr\/fidi-faim\/\" data-internallinksmanager029f6b8e52c=\"16\" title=\"Explication de la FIDI et du FAIM (FIDI Accredited International Mover)\">FIDI<\/a> D\u00e9m\u00e9nageur international accr\u00e9dit\u00e9 (FAIM) qui pourrait vous aider dans votre d\u00e9m\u00e9nagement.<\/p>\n<div id=\"ez-toc-container\" class=\"ez-toc-v2_0_82_2 ez-toc-wrap-left counter-hierarchy ez-toc-counter ez-toc-transparent ez-toc-container-direction\">\n<div class=\"ez-toc-title-container\">\n<p class=\"ez-toc-title\" style=\"cursor:inherit\">Sections<\/p>\n<span class=\"ez-toc-title-toggle\"><a href=\"#\" class=\"ez-toc-pull-right ez-toc-btn ez-toc-btn-xs ez-toc-btn-default ez-toc-toggle\" aria-label=\"Toggle Table des mati\u00e8res\"><span class=\"ez-toc-js-icon-con\"><span class=\"\"><span class=\"eztoc-hide\" style=\"display:none;\">Toggle<\/span><span class=\"ez-toc-icon-toggle-span\"><svg style=\"fill: #999;color:#999\" xmlns=\"http:\/\/www.w3.org\/2000\/svg\" class=\"list-377408\" width=\"20px\" height=\"20px\" viewbox=\"0 0 24 24\" fill=\"none\"><path d=\"M6 6H4v2h2V6zm14 0H8v2h12V6zM4 11h2v2H4v-2zm16 0H8v2h12v-2zM4 16h2v2H4v-2zm16 0H8v2h12v-2z\" fill=\"currentColor\"><\/path><\/svg><svg style=\"fill: #999;color:#999\" class=\"arrow-unsorted-368013\" xmlns=\"http:\/\/www.w3.org\/2000\/svg\" width=\"10px\" height=\"10px\" viewbox=\"0 0 24 24\" version=\"1.2\" baseprofile=\"tiny\"><path d=\"M18.2 9.3l-6.2-6.3-6.2 6.3c-.2.2-.3.4-.3.7s.1.5.3.7c.2.2.4.3.7.3h11c.3 0 .5-.1.7-.3.2-.2.3-.5.3-.7s-.1-.5-.3-.7zM5.8 14.7l6.2 6.3 6.2-6.3c.2-.2.3-.5.3-.7s-.1-.5-.3-.7c-.2-.2-.4-.3-.7-.3h-11c-.3 0-.5.1-.7.3-.2.2-.3.5-.3.7s.1.5.3.7z\"\/><\/svg><\/span><\/span><\/span><\/a><\/span><\/div>\n<nav><ul class='ez-toc-list ez-toc-list-level-1 eztoc-toggle-hide-by-default' ><li class='ez-toc-page-1 ez-toc-heading-level-2'><a class=\"ez-toc-link ez-toc-heading-1\" href=\"https:\/\/moverdb.com\/fr\/moving-companies\/moving-companies-lebanon\/#1_I-Movers\" >1. I-Movers<\/a><\/li><li class='ez-toc-page-1 ez-toc-heading-level-2'><a class=\"ez-toc-link ez-toc-heading-2\" href=\"https:\/\/moverdb.com\/fr\/moving-companies\/moving-companies-lebanon\/#2_Adam_International_Movers\" >2. Adam International Movers<\/a><\/li><li class='ez-toc-page-1 ez-toc-heading-level-2'><a class=\"ez-toc-link ez-toc-heading-3\" href=\"https:\/\/moverdb.com\/fr\/moving-companies\/moving-companies-lebanon\/#3_Orbit_International_Forwarders\" >3. Orbit International Forwarders<\/a><\/li><li class='ez-toc-page-1 ez-toc-heading-level-2'><a class=\"ez-toc-link ez-toc-heading-4\" href=\"https:\/\/moverdb.com\/fr\/moving-companies\/moving-companies-lebanon\/#4_All_Transportation_Agency\" >4. Tous les organismes de transport<\/a><\/li><li class='ez-toc-page-1 ez-toc-heading-level-2'><a class=\"ez-toc-link ez-toc-heading-5\" href=\"https:\/\/moverdb.com\/fr\/moving-companies\/moving-companies-lebanon\/#5_Beirut_Express\" >5. Beyrouth Express<\/a><\/li><li class='ez-toc-page-1 ez-toc-heading-level-2'><a class=\"ez-toc-link ez-toc-heading-6\" href=\"https:\/\/moverdb.com\/fr\/moving-companies\/moving-companies-lebanon\/#6_Domex\" >6. Domex<\/a><\/li><li class='ez-toc-page-1 ez-toc-heading-level-2'><a class=\"ez-toc-link ez-toc-heading-7\" href=\"https:\/\/moverdb.com\/fr\/moving-companies\/moving-companies-lebanon\/#7_BCC_Logistics\" >7. BCC Logistics<\/a><\/li><\/ul><\/nav><\/div>\n<h2><span class=\"ez-toc-section\" id=\"1_I-Movers\"><\/span><strong>1. I-Movers<\/strong><span class=\"ez-toc-section-end\"><\/span><\/h2>\n<p><img loading=\"lazy\" decoding=\"async\" class=\"alignnone size-full wp-image-8327\" src=\"https:\/\/moverdb.com\/wp-content\/uploads\/I-Movers-international-moving-company.png\" alt=\"I-Movers soci\u00e9t\u00e9 de d\u00e9m\u00e9nagement international\" width=\"1440\" height=\"680\" data-wp-pid=\"8327\" srcset=\"https:\/\/moverdb.com\/wp-content\/uploads\/I-Movers-international-moving-company.png 1440w, https:\/\/moverdb.com\/wp-content\/uploads\/I-Movers-international-moving-company-300x142.png 300w, https:\/\/moverdb.com\/wp-content\/uploads\/I-Movers-international-moving-company-1024x484.png 1024w, https:\/\/moverdb.com\/wp-content\/uploads\/I-Movers-international-moving-company-18x9.png 18w, https:\/\/moverdb.com\/wp-content\/uploads\/I-Movers-international-moving-company-600x283.png 600w\" sizes=\"auto, (max-width: 1440px) 100vw, 1440px\" \/><\/p>\n<ul>\n<li>D\u00e9placements locaux<\/li>\n<li>D\u00e9m\u00e9nagements internationaux<\/li>\n<li>D\u00e9m\u00e9nagements de m\u00e9nages<\/li>\n<li>D\u00e9m\u00e9nagements d'entreprises<\/li>\n<li>Un service sur mesure<\/li>\n<li>Service d'emballage professionnel<\/li>\n<li>Transport a\u00e9rien et maritime<\/li>\n<li>Formalit\u00e9s douani\u00e8res<\/li>\n<li><a href=\"https:\/\/moverdb.com\/fr\/car-transport-shipping\/\" data-internallinksmanager029f6b8e52c=\"2\" title=\"2026 Devis pour le transport international de voitures et l&#039;exp\u00e9dition de v\u00e9hicules\">Exp\u00e9dition de v\u00e9hicules<\/a><\/li>\n<li>Options de stockage<\/li>\n<\/ul>\n<p>I-Movers est une soci\u00e9t\u00e9 de d\u00e9m\u00e9nagement international qui s'adresse aux m\u00e9nages et aux entreprises et qui est bas\u00e9e \u00e0 Beyrouth. Elle est membre de l'IAM depuis huit ans, ce qui lui donne acc\u00e8s \u00e0 un r\u00e9seau international d'agents de d\u00e9m\u00e9nagement.<\/p>\n<p>I-Movers propose une enqu\u00eate virtuelle pour plus de rapidit\u00e9 et d'efficacit\u00e9. Ils proposent un service de d\u00e9m\u00e9nagement sur mesure, avec un responsable d\u00e9di\u00e9 \u00e0 la gestion de votre d\u00e9m\u00e9nagement. Ils fournissent un service d'emballage qui utilise du mat\u00e9riel d'emballage de premi\u00e8re qualit\u00e9 et des \u00e9quipes d'emballeurs bien form\u00e9s qui sont \u00e9galement assur\u00e9s contre tous les risques. Ils fournissent un syst\u00e8me de suivi et de tra\u00e7abilit\u00e9 pour les exp\u00e9ditions a\u00e9riennes et maritimes et vous aident \u00e0 remplir les formalit\u00e9s administratives, y compris le d\u00e9douanement.<\/p>\n<p>Site web : <a href=\"http:\/\/www.i-movers.com\" target=\"_blank\" rel=\"noopener\">http:\/\/www.i-movers.com<\/a><\/p>\n<h2><span class=\"ez-toc-section\" id=\"2_Adam_International_Movers\"><\/span><strong>2. Adam International Movers<\/strong><span class=\"ez-toc-section-end\"><\/span><\/h2>\n<p><img loading=\"lazy\" decoding=\"async\" class=\"alignnone size-full wp-image-8279\" src=\"https:\/\/moverdb.com\/wp-content\/uploads\/Adam-International-Movers-company.png\" alt=\"Adam International Movers company\" width=\"1440\" height=\"679\" data-wp-pid=\"8279\" srcset=\"https:\/\/moverdb.com\/wp-content\/uploads\/Adam-International-Movers-company.png 1440w, https:\/\/moverdb.com\/wp-content\/uploads\/Adam-International-Movers-company-300x141.png 300w, https:\/\/moverdb.com\/wp-content\/uploads\/Adam-International-Movers-company-1024x483.png 1024w, https:\/\/moverdb.com\/wp-content\/uploads\/Adam-International-Movers-company-18x8.png 18w, https:\/\/moverdb.com\/wp-content\/uploads\/Adam-International-Movers-company-600x283.png 600w\" sizes=\"auto, (max-width: 1440px) 100vw, 1440px\" \/><\/p>\n<ul>\n<li>Mouvements nationaux<\/li>\n<li>D\u00e9m\u00e9nagements internationaux<\/li>\n<li>D\u00e9m\u00e9nagements de m\u00e9nages<\/li>\n<li>D\u00e9m\u00e9nagements de bureaux<\/li>\n<li>Des devis personnalisables qui respectent le budget<\/li>\n<li>Service d'emballage professionnel<\/li>\n<li>Transport routier, a\u00e9rien ou maritime<\/li>\n<li>D\u00e9douanement<\/li>\n<li>Assurance<\/li>\n<li>Installations de stockage<\/li>\n<\/ul>\n<p>Adam International Movers est une soci\u00e9t\u00e9 de services d'emballage et de d\u00e9m\u00e9nagement pour les particuliers, les habitations et les bureaux, implant\u00e9e \u00e0 Beyrouth, au Liban et en Arm\u00e9nie. Elle dispose d'un r\u00e9seau d'agents et d'exp\u00e9diteurs dans le monde entier pour l'aider \u00e0 fournir des services internationaux. Elle est membre de l'IAM depuis six ans.<\/p>\n<p>Adam International Movers propose une \u00e9tude pr\u00e9alable au d\u00e9m\u00e9nagement afin de comprendre vos besoins et de vous fournir un devis. Ils fournissent un service d'emballage professionnel assur\u00e9 par un personnel qualifi\u00e9 qui utilise les techniques les plus r\u00e9centes et des mat\u00e9riaux d'emballage de haute qualit\u00e9. Ils se chargeront du transport de vos biens par voie routi\u00e8re, a\u00e9rienne ou maritime, ainsi que du d\u00e9douanement si n\u00e9cessaire.<\/p>\n<p>Site web : <a href=\"http:\/\/www.adam-movers.com\" target=\"_blank\" rel=\"noopener\">http:\/\/www.adam-movers.com<\/a><\/p>\n<h2><span class=\"ez-toc-section\" id=\"3_Orbit_International_Forwarders\"><\/span><strong>3. Orbit International Forwarders<\/strong><span class=\"ez-toc-section-end\"><\/span><\/h2>\n<p><img loading=\"lazy\" decoding=\"async\" class=\"alignnone size-full wp-image-8351\" src=\"https:\/\/moverdb.com\/wp-content\/uploads\/Orbit-International-Forwarders-Lebanon-moving-company.png\" alt=\"Orbit International Forwarders Liban soci\u00e9t\u00e9 de d\u00e9m\u00e9nagement\" width=\"1440\" height=\"679\" data-wp-pid=\"8351\" srcset=\"https:\/\/moverdb.com\/wp-content\/uploads\/Orbit-International-Forwarders-Lebanon-moving-company.png 1440w, https:\/\/moverdb.com\/wp-content\/uploads\/Orbit-International-Forwarders-Lebanon-moving-company-300x141.png 300w, https:\/\/moverdb.com\/wp-content\/uploads\/Orbit-International-Forwarders-Lebanon-moving-company-1024x483.png 1024w, https:\/\/moverdb.com\/wp-content\/uploads\/Orbit-International-Forwarders-Lebanon-moving-company-18x8.png 18w, https:\/\/moverdb.com\/wp-content\/uploads\/Orbit-International-Forwarders-Lebanon-moving-company-600x283.png 600w\" sizes=\"auto, (max-width: 1440px) 100vw, 1440px\" \/><\/p>\n<ul>\n<li>D\u00e9m\u00e9nagements locaux et nationaux<\/li>\n<li>D\u00e9m\u00e9nagements dans le monde entier<\/li>\n<li>D\u00e9m\u00e9nagements de m\u00e9nages<\/li>\n<li>D\u00e9localisations d'entreprises<\/li>\n<li>Service porte-\u00e0-porte<\/li>\n<li>Service d'emballage<\/li>\n<li>Fret terrestre, maritime ou a\u00e9rien<\/li>\n<li>Manipulation des beaux-arts<\/li>\n<li>Transport de v\u00e9hicules \u00e0 moteur<\/li>\n<li>Installations de stockage<\/li>\n<\/ul>\n<p>Orbit International Forwarders est une soci\u00e9t\u00e9 d'emballage et de d\u00e9m\u00e9nagement fond\u00e9e en 1983. Elle poss\u00e8de neuf sites en Europe et en Asie, dont Beyrouth au Liban. Elle travaille avec plus d'un millier d'agents s\u00e9lectionn\u00e9s dans presque tous les pays du monde pour fournir ses services \u00e0 l'\u00e9chelle internationale. Elle est membre de l'IAM et compte 26 ans de service.<\/p>\n<p>Orbit International Forwarders propose un service de d\u00e9m\u00e9nagement personnalis\u00e9 de porte \u00e0 porte qui commence par une \u00e9tude initiale. Ils offrent un service d'emballage de haute qualit\u00e9 pour prot\u00e9ger vos biens et fournissent des caisses pour les objets fragiles. Ils proposent des services suppl\u00e9mentaires, notamment l'exp\u00e9dition de v\u00e9hicules \u00e0 moteur, la manutention des objets d'art, la logistique des expositions, la logistique des m\u00e9dias et des divertissements et les installations de stockage.<\/p>\n<p>Site web : <a href=\"http:\/\/www.orbitlb.com\" target=\"_blank\" rel=\"noopener\">http:\/\/www.orbitlb.com<\/a><\/p>\n<h2><span class=\"ez-toc-section\" id=\"4_All_Transportation_Agency\"><\/span><strong>4. Tous les organismes de transport<\/strong><span class=\"ez-toc-section-end\"><\/span><\/h2>\n<p><img loading=\"lazy\" decoding=\"async\" class=\"alignnone size-full wp-image-8285\" src=\"https:\/\/moverdb.com\/wp-content\/uploads\/All-Transportation-Agency-international-moving-company.png\" alt=\"All Transportation Agency soci\u00e9t\u00e9 de d\u00e9m\u00e9nagement international\" width=\"1440\" height=\"680\" data-wp-pid=\"8285\" srcset=\"https:\/\/moverdb.com\/wp-content\/uploads\/All-Transportation-Agency-international-moving-company.png 1440w, https:\/\/moverdb.com\/wp-content\/uploads\/All-Transportation-Agency-international-moving-company-300x142.png 300w, https:\/\/moverdb.com\/wp-content\/uploads\/All-Transportation-Agency-international-moving-company-1024x484.png 1024w, https:\/\/moverdb.com\/wp-content\/uploads\/All-Transportation-Agency-international-moving-company-18x9.png 18w, https:\/\/moverdb.com\/wp-content\/uploads\/All-Transportation-Agency-international-moving-company-600x283.png 600w\" sizes=\"auto, (max-width: 1440px) 100vw, 1440px\" \/><\/p>\n<ul>\n<li>Mouvements nationaux<\/li>\n<li>D\u00e9m\u00e9nagements internationaux<\/li>\n<li>D\u00e9m\u00e9nagements de m\u00e9nages<\/li>\n<li>Projets commerciaux<\/li>\n<li>Service porte-\u00e0-porte<\/li>\n<li>Service d'emballage professionnel<\/li>\n<li>Transports terrestres, maritimes et a\u00e9riens<\/li>\n<li>D\u00e9douanement<\/li>\n<li>Manipulation des beaux-arts<\/li>\n<li>Stockage s\u00e9curis\u00e9<\/li>\n<\/ul>\n<p>All Transportation Agency est une agence de compensation et d'exp\u00e9dition fond\u00e9e en 1985 et bas\u00e9e \u00e0 Beyrouth. Elle poss\u00e8de \u00e9galement des bureaux \u00e0 Tripoli, Sa\u00efda et Tyr. Elle est membre de l'IAM, ce qui lui donne acc\u00e8s \u00e0 un r\u00e9seau international d'agents de d\u00e9m\u00e9nagement qui peuvent l'aider \u00e0 fournir des services \u00e0 l'\u00e9chelle internationale.<\/p>\n<p>All Transportation Agency fournit un service porte-\u00e0-porte pour les m\u00e9nages qui d\u00e9m\u00e9nagent \u00e0 l'int\u00e9rieur, \u00e0 destination ou en provenance du Liban. Elle fournit un service d'emballage professionnel pour prot\u00e9ger vos biens, y compris un service sp\u00e9cialis\u00e9 pour les beaux-arts. Leur service d'emballage comprend \u00e9galement le d\u00e9montage et le montage des meubles et l'\u00e9tiquetage de vos cartons.<\/p>\n<p>Site web : <a href=\"http:\/\/www.ata-lebanon.com\" target=\"_blank\" rel=\"noopener\">http:\/\/www.ata-lebanon.com<\/a><\/p>\n<h2><span class=\"ez-toc-section\" id=\"5_Beirut_Express\"><\/span><strong>5. Beyrouth Express<\/strong><span class=\"ez-toc-section-end\"><\/span><\/h2>\n<p><img loading=\"lazy\" decoding=\"async\" class=\"alignnone size-full wp-image-8293\" src=\"https:\/\/moverdb.com\/wp-content\/uploads\/Beirut-Express-international-moving-company.png\" alt=\"Beirut Express, soci\u00e9t\u00e9 de d\u00e9m\u00e9nagement international\" width=\"1440\" height=\"681\" data-wp-pid=\"8293\" srcset=\"https:\/\/moverdb.com\/wp-content\/uploads\/Beirut-Express-international-moving-company.png 1440w, https:\/\/moverdb.com\/wp-content\/uploads\/Beirut-Express-international-moving-company-300x142.png 300w, https:\/\/moverdb.com\/wp-content\/uploads\/Beirut-Express-international-moving-company-1024x484.png 1024w, https:\/\/moverdb.com\/wp-content\/uploads\/Beirut-Express-international-moving-company-18x9.png 18w, https:\/\/moverdb.com\/wp-content\/uploads\/Beirut-Express-international-moving-company-600x284.png 600w\" sizes=\"auto, (max-width: 1440px) 100vw, 1440px\" \/><\/p>\n<ul>\n<li>D\u00e9m\u00e9nagements locaux<\/li>\n<li>D\u00e9localisations internationales<\/li>\n<li>D\u00e9m\u00e9nagements de m\u00e9nages<\/li>\n<li>D\u00e9m\u00e9nagements de bureaux<\/li>\n<li>Service d'emballage professionnel<\/li>\n<li>Mat\u00e9riaux d'emballage de qualit\u00e9<\/li>\n<li>Fret a\u00e9rien et maritime<\/li>\n<li>D\u00e9douanement<\/li>\n<li>Transport de v\u00e9hicules<\/li>\n<li>Voyages et billetterie<\/li>\n<\/ul>\n<p>Beirut Express est un service de d\u00e9m\u00e9nagement local et international qui existe depuis 56 ans et qui est bas\u00e9 \u00e0 Beyrouth. Il dispose d'un r\u00e9seau mondial de soci\u00e9t\u00e9s associ\u00e9es et d'agents accr\u00e9dit\u00e9s, et est membre de l'IAM.<\/p>\n<p>Beirut Express propose des services de d\u00e9m\u00e9nagement pour les m\u00e9nages, les entreprises et les soci\u00e9t\u00e9s, afin de rendre le d\u00e9m\u00e9nagement aussi simple que possible. Ils fournissent un service d'emballage professionnel avec une \u00e9quipe form\u00e9e qui utilise des techniques de haute protection pour prot\u00e9ger vos biens pendant le transport. Ils organisent le transit de vos biens par fret a\u00e9rien et maritime et vous assistent pour le d\u00e9douanement.<\/p>\n<p>Site web : <a href=\"http:\/\/www.beirutexpress.com\" target=\"_blank\" rel=\"noopener\">http:\/\/www.beirutexpress.com<\/a><\/p>\n<h2><span class=\"ez-toc-section\" id=\"6_Domex\"><\/span><strong>6. Domex<\/strong><span class=\"ez-toc-section-end\"><\/span><\/h2>\n<p><img loading=\"lazy\" decoding=\"async\" class=\"alignnone size-full wp-image-8306\" src=\"https:\/\/moverdb.com\/wp-content\/uploads\/Domex-international-moving-company.png\" alt=\"Domex, soci\u00e9t\u00e9 de d\u00e9m\u00e9nagement international\" width=\"1440\" height=\"681\" data-wp-pid=\"8306\" srcset=\"https:\/\/moverdb.com\/wp-content\/uploads\/Domex-international-moving-company.png 1440w, https:\/\/moverdb.com\/wp-content\/uploads\/Domex-international-moving-company-300x142.png 300w, https:\/\/moverdb.com\/wp-content\/uploads\/Domex-international-moving-company-1024x484.png 1024w, https:\/\/moverdb.com\/wp-content\/uploads\/Domex-international-moving-company-18x9.png 18w, https:\/\/moverdb.com\/wp-content\/uploads\/Domex-international-moving-company-600x284.png 600w\" sizes=\"auto, (max-width: 1440px) 100vw, 1440px\" \/><\/p>\n<ul>\n<li>D\u00e9m\u00e9nagements internationaux<\/li>\n<li>D\u00e9m\u00e9nagements de m\u00e9nages<\/li>\n<li>D\u00e9m\u00e9nagements de bureaux<\/li>\n<li>Service porte-\u00e0-porte<\/li>\n<li>Service d'emballage<\/li>\n<li>Mat\u00e9riaux d'emballage de haute qualit\u00e9<\/li>\n<li>D\u00e9douanement<\/li>\n<li>Manipulation d'objets d'art<\/li>\n<li>Assurance<\/li>\n<li>Installations de stockage<\/li>\n<\/ul>\n<p>Domex est une soci\u00e9t\u00e9 de d\u00e9m\u00e9nagement et de stockage qui fournit des services internationaux au d\u00e9part et \u00e0 destination du Liban et qui est bas\u00e9e \u00e0 Beyrouth. Elle travaille avec des entreprises de d\u00e9m\u00e9nagement s\u00e9lectionn\u00e9es dans le monde entier pour fournir des services en dehors du Liban et est membre de l'IAM.<\/p>\n<p>Domex offre un service de porte \u00e0 porte aux m\u00e9nages et aux bureaux. Ils fournissent un service d'emballage qui utilise des mat\u00e9riaux d'emballage de haute qualit\u00e9 pour prot\u00e9ger vos articles et un personnel qualifi\u00e9. Elle propose \u00e9galement un service sp\u00e9cial pour les objets fragiles et les objets d'art. Ils organisent l'itin\u00e9raire et le transport les plus appropri\u00e9s en utilisant le fret maritime et a\u00e9rien et vous assistent pour le d\u00e9douanement.<\/p>\n<p>Site web : <a href=\"http:\/\/www.domexco.net\" target=\"_blank\" rel=\"noopener\">http:\/\/www.domexco.net<\/a><\/p>\n<h2><span class=\"ez-toc-section\" id=\"7_BCC_Logistics\"><\/span><strong>7. BCC Logistics<\/strong><span class=\"ez-toc-section-end\"><\/span><\/h2>\n<p><img loading=\"lazy\" decoding=\"async\" class=\"alignnone size-full wp-image-7673\" src=\"https:\/\/moverdb.com\/wp-content\/uploads\/BCC-Logistics-international-moving-company.png\" alt=\"BCC Logistics entreprise de d\u00e9m\u00e9nagements internationaux\" width=\"1440\" height=\"634\" data-wp-pid=\"7673\" srcset=\"https:\/\/moverdb.com\/wp-content\/uploads\/BCC-Logistics-international-moving-company.png 1440w, https:\/\/moverdb.com\/wp-content\/uploads\/BCC-Logistics-international-moving-company-300x132.png 300w, https:\/\/moverdb.com\/wp-content\/uploads\/BCC-Logistics-international-moving-company-1024x451.png 1024w, https:\/\/moverdb.com\/wp-content\/uploads\/BCC-Logistics-international-moving-company-18x8.png 18w, https:\/\/moverdb.com\/wp-content\/uploads\/BCC-Logistics-international-moving-company-600x264.png 600w\" sizes=\"auto, (max-width: 1440px) 100vw, 1440px\" \/><\/p>\n<ul>\n<li>Mouvements nationaux<\/li>\n<li>D\u00e9m\u00e9nagements internationaux<\/li>\n<li>D\u00e9m\u00e9nagements r\u00e9sidentiels<\/li>\n<li>D\u00e9m\u00e9nagements d'entreprises<\/li>\n<li>Service porte-\u00e0-porte<\/li>\n<li>Service d'emballage<\/li>\n<li>Fret terrestre, maritime et a\u00e9rien<\/li>\n<li>D\u00e9douanement<\/li>\n<li>Manipulation des beaux-arts<\/li>\n<li>Installations de stockage<\/li>\n<\/ul>\n<p>BCC Logistics est une soci\u00e9t\u00e9 de transport de fret international bas\u00e9e \u00e0 Beyrouth et fond\u00e9e en 1993, avec des sites \u00e0 <a href=\"https:\/\/moverdb.com\/fr\/moving-to-qatar\/\" data-internallinksmanager029f6b8e52c=\"334\" title=\"D\u00e9m\u00e9nager au Qatar ? 2026 Co\u00fbts de la vie et conseils de relocalisation\">Qatar<\/a>, <a href=\"https:\/\/moverdb.com\/fr\/moving-companies\/moving-companies-iraq\/\" data-internallinksmanager029f6b8e52c=\"314\" title=\"2 Meilleures entreprises de d\u00e9m\u00e9nagements internationaux en Irak\">Irak<\/a> et <a href=\"https:\/\/moverdb.com\/fr\/moving-to-saudi-arabia\/\" data-internallinksmanager029f6b8e52c=\"319\" title=\"D\u00e9m\u00e9nager en Arabie Saoudite ? 2026 Co\u00fbts de la vie et conseils de relocalisation\">Arabie Saoudite<\/a>. Ils sont en relation avec des agents de d\u00e9m\u00e9nagement internationaux, ce qui leur permet de fournir des services dans le monde entier. Ils sont membres de l'IAM et sont accr\u00e9dit\u00e9s par la FIDI.<\/p>\n<p>BCC Logistics offre un service de d\u00e9m\u00e9nagement porte \u00e0 porte avec un point de contact unique. Elle fournit un service d'emballage en utilisant des mat\u00e9riaux de qualit\u00e9 et propose des exp\u00e9ditions maritimes en conteneur et des emballages \u00e0 trois parois pour les exp\u00e9ditions a\u00e9riennes avec formalit\u00e9s douani\u00e8res. Ils vous aideront \u00e0 emballer, d\u00e9baller et installer les meubles. Ils proposent \u00e9galement la manutention d'objets lourds, le transport de v\u00e9hicules et l'assurance.<\/p>\n<p>Site web : <a href=\"http:\/\/www.bcclogistics.com\/\" target=\"_blank\" rel=\"noopener\">http:\/\/www.bcclogistics.com\/<\/a><\/p>","protected":false},"excerpt":{"rendered":"<p>Just thinking about moving your home or business can be stressful and seem complicated if you are planning on moving abroad, which is where a moving company can assist by lightening the load. Below we have compiled a list of Lebanon based removal companies that are members of the International Association of Movers (IAM) and\/or [&hellip;]<\/p>\n","protected":false},"author":4,"featured_media":0,"parent":190,"menu_order":0,"comment_status":"closed","ping_status":"closed","template":"","meta":{"_genesis_hide_title":false,"_genesis_hide_breadcrumbs":false,"_genesis_hide_singular_image":false,"_genesis_hide_footer_widgets":false,"_genesis_custom_body_class":"","_genesis_custom_post_class":"","_genesis_layout":"","footnotes":""},"class_list":{"0":"post-8402","1":"page","2":"type-page","3":"status-publish","5":"entry","6":"has-post-thumbnail"},"_links":{"self":[{"href":"https:\/\/moverdb.com\/fr\/wp-json\/wp\/v2\/pages\/8402","targetHints":{"allow":["GET"]}}],"collection":[{"href":"https:\/\/moverdb.com\/fr\/wp-json\/wp\/v2\/pages"}],"about":[{"href":"https:\/\/moverdb.com\/fr\/wp-json\/wp\/v2\/types\/page"}],"author":[{"embeddable":true,"href":"https:\/\/moverdb.com\/fr\/wp-json\/wp\/v2\/users\/4"}],"replies":[{"embeddable":true,"href":"https:\/\/moverdb.com\/fr\/wp-json\/wp\/v2\/comments?post=8402"}],"version-history":[{"count":1,"href":"https:\/\/moverdb.com\/fr\/wp-json\/wp\/v2\/pages\/8402\/revisions"}],"predecessor-version":[{"id":8403,"href":"https:\/\/moverdb.com\/fr\/wp-json\/wp\/v2\/pages\/8402\/revisions\/8403"}],"up":[{"embeddable":true,"href":"https:\/\/moverdb.com\/fr\/wp-json\/wp\/v2\/pages\/190"}],"wp:attachment":[{"href":"https:\/\/moverdb.com\/fr\/wp-json\/wp\/v2\/media?parent=8402"}],"curies":[{"name":"wp","href":"https:\/\/api.w.org\/{rel}","templated":true}]}}