{"id":8400,"date":"2023-04-27T14:52:05","date_gmt":"2023-04-27T14:52:05","guid":{"rendered":"https:\/\/moverdb.com\/?page_id=8400"},"modified":"2026-01-08T15:24:21","modified_gmt":"2026-01-08T15:24:21","slug":"moving-companies-latvia","status":"publish","type":"page","link":"https:\/\/moverdb.com\/fr\/moving-companies\/moving-companies-latvia\/","title":{"rendered":"3 meilleures entreprises de d\u00e9m\u00e9nagements internationaux en Lettonie"},"content":{"rendered":"<p>Si vous d\u00e9m\u00e9nagez votre domicile ou votre entreprise en Lettonie, ou \u00e0 destination ou en provenance de ce pays, vous souhaiterez peut-\u00eatre faire appel aux services d'une soci\u00e9t\u00e9 de d\u00e9m\u00e9nagement pour vous aider. Nous avons dress\u00e9 ci-dessous une liste de soci\u00e9t\u00e9s de d\u00e9m\u00e9nagement lettones. <a href=\"https:\/\/moverdb.com\/fr\/international-removals\/\" data-internallinksmanager029f6b8e52c=\"27\" title=\"36 meilleures entreprises de d\u00e9m\u00e9nagements internationaux au Royaume-Uni\">entreprises de d\u00e9m\u00e9nagement<\/a> qui sont membres de la <a href=\"https:\/\/moverdb.com\/fr\/iam\/\" data-internallinksmanager029f6b8e52c=\"23\" title=\"L&#039;Association internationale des d\u00e9m\u00e9nageurs (IAM) expliqu\u00e9e\">Association internationale des d\u00e9m\u00e9nageurs<\/a> (IAM) et\/ou <a href=\"https:\/\/moverdb.com\/fr\/fidi-faim\/\" data-internallinksmanager029f6b8e52c=\"16\" title=\"Explication de la FIDI et du FAIM (FIDI Accredited International Mover)\">FIDI<\/a> D\u00e9m\u00e9nageur international accr\u00e9dit\u00e9 (FAIM) qui pourrait vous aider dans votre d\u00e9m\u00e9nagement.<\/p>\n<div id=\"ez-toc-container\" class=\"ez-toc-v2_0_82_2 ez-toc-wrap-left counter-hierarchy ez-toc-counter ez-toc-transparent ez-toc-container-direction\">\n<div class=\"ez-toc-title-container\">\n<p class=\"ez-toc-title\" style=\"cursor:inherit\">Sections<\/p>\n<span class=\"ez-toc-title-toggle\"><a href=\"#\" class=\"ez-toc-pull-right ez-toc-btn ez-toc-btn-xs ez-toc-btn-default ez-toc-toggle\" aria-label=\"Toggle Table des mati\u00e8res\"><span class=\"ez-toc-js-icon-con\"><span class=\"\"><span class=\"eztoc-hide\" style=\"display:none;\">Toggle<\/span><span class=\"ez-toc-icon-toggle-span\"><svg style=\"fill: #999;color:#999\" xmlns=\"http:\/\/www.w3.org\/2000\/svg\" class=\"list-377408\" width=\"20px\" height=\"20px\" viewbox=\"0 0 24 24\" fill=\"none\"><path d=\"M6 6H4v2h2V6zm14 0H8v2h12V6zM4 11h2v2H4v-2zm16 0H8v2h12v-2zM4 16h2v2H4v-2zm16 0H8v2h12v-2z\" fill=\"currentColor\"><\/path><\/svg><svg style=\"fill: #999;color:#999\" class=\"arrow-unsorted-368013\" xmlns=\"http:\/\/www.w3.org\/2000\/svg\" width=\"10px\" height=\"10px\" viewbox=\"0 0 24 24\" version=\"1.2\" baseprofile=\"tiny\"><path d=\"M18.2 9.3l-6.2-6.3-6.2 6.3c-.2.2-.3.4-.3.7s.1.5.3.7c.2.2.4.3.7.3h11c.3 0 .5-.1.7-.3.2-.2.3-.5.3-.7s-.1-.5-.3-.7zM5.8 14.7l6.2 6.3 6.2-6.3c.2-.2.3-.5.3-.7s-.1-.5-.3-.7c-.2-.2-.4-.3-.7-.3h-11c-.3 0-.5.1-.7.3-.2.2-.3.5-.3.7s.1.5.3.7z\"\/><\/svg><\/span><\/span><\/span><\/a><\/span><\/div>\n<nav><ul class='ez-toc-list ez-toc-list-level-1 eztoc-toggle-hide-by-default' ><li class='ez-toc-page-1 ez-toc-heading-level-2'><a class=\"ez-toc-link ez-toc-heading-1\" href=\"https:\/\/moverdb.com\/fr\/moving-companies\/moving-companies-latvia\/#1_FF_International_Movers\" >1. FF International Movers<\/a><\/li><li class='ez-toc-page-1 ez-toc-heading-level-2'><a class=\"ez-toc-link ez-toc-heading-2\" href=\"https:\/\/moverdb.com\/fr\/moving-companies\/moving-companies-latvia\/#2_Gosselin\" >2. Gosselin<\/a><\/li><li class='ez-toc-page-1 ez-toc-heading-level-2'><a class=\"ez-toc-link ez-toc-heading-3\" href=\"https:\/\/moverdb.com\/fr\/moving-companies\/moving-companies-latvia\/#3_Zebra_Cargo\" >3. Cargo z\u00e9br\u00e9<\/a><\/li><li class='ez-toc-page-1 ez-toc-heading-level-2'><a class=\"ez-toc-link ez-toc-heading-4\" href=\"https:\/\/moverdb.com\/fr\/moving-companies\/moving-companies-latvia\/#Other_Useful_Guides_to_Latvia\" >Autres guides utiles sur la Lettonie<\/a><\/li><\/ul><\/nav><\/div>\n<h2><span class=\"ez-toc-section\" id=\"1_FF_International_Movers\"><\/span><strong>1. FF International Movers<\/strong><span class=\"ez-toc-section-end\"><\/span><\/h2>\n<p><img loading=\"lazy\" decoding=\"async\" class=\"alignnone size-full wp-image-8314\" src=\"https:\/\/moverdb.com\/wp-content\/uploads\/FF-International-Movers-moving-company.png\" alt=\"FF International Movers soci\u00e9t\u00e9 de d\u00e9m\u00e9nagement\" width=\"1440\" height=\"684\" data-wp-pid=\"8314\" srcset=\"https:\/\/moverdb.com\/wp-content\/uploads\/FF-International-Movers-moving-company.png 1440w, https:\/\/moverdb.com\/wp-content\/uploads\/FF-International-Movers-moving-company-300x143.png 300w, https:\/\/moverdb.com\/wp-content\/uploads\/FF-International-Movers-moving-company-1024x486.png 1024w, https:\/\/moverdb.com\/wp-content\/uploads\/FF-International-Movers-moving-company-18x9.png 18w, https:\/\/moverdb.com\/wp-content\/uploads\/FF-International-Movers-moving-company-600x285.png 600w\" sizes=\"auto, (max-width: 1440px) 100vw, 1440px\" \/><\/p>\n<ul>\n<li>Mouvements nationaux<\/li>\n<li>D\u00e9m\u00e9nagements internationaux<\/li>\n<li>D\u00e9m\u00e9nagements de m\u00e9nages<\/li>\n<li>D\u00e9m\u00e9nagements de bureaux<\/li>\n<li>Service d'emballage<\/li>\n<li>Transports terrestres, a\u00e9riens et maritimes<\/li>\n<li>Formalit\u00e9s douani\u00e8res<\/li>\n<li>Transfert d'\u0153uvres d'art<\/li>\n<li>Soutien \u00e0 l'immigration<\/li>\n<li>Stockage \u00e0 court ou \u00e0 long terme<\/li>\n<\/ul>\n<p>FF International Movers est une soci\u00e9t\u00e9 de d\u00e9m\u00e9nagement et de transfert fond\u00e9e en 2001 et bas\u00e9e \u00e0 Riga. Elle est sp\u00e9cialis\u00e9e dans la desserte de la Lettonie, <a href=\"https:\/\/moverdb.com\/fr\/moving-to-estonia\/\" data-internallinksmanager029f6b8e52c=\"430\" title=\"D\u00e9m\u00e9nager en Estonie ? 2026 Co\u00fbts de la vie et conseils de relocalisation\">Estonie<\/a> et la Lituanie, mais offrent des services \u00e0 l'\u00e9chelle internationale. Elle est membre de l'IAM depuis 22 ans.<\/p>\n<p>FF International Movers propose une consultation gratuite pour comprendre vos besoins et volumes de d\u00e9m\u00e9nagement. Ils proposent un service d'emballage qui garantit que vos biens sont emball\u00e9s en toute s\u00e9curit\u00e9 dans des mat\u00e9riaux d'emballage de haute qualit\u00e9 et qu'ils r\u00e9pondent aux normes du mode de transport. Ils vous aideront \u00e9galement \u00e0 d\u00e9monter et \u00e0 monter les meubles. Ils vous conseilleront sur les documents \u00e0 fournir pour les formalit\u00e9s d'immigration et de douane.<\/p>\n<p>Site web : <a href=\"http:\/\/www.ffinternationalmovers.lv\" target=\"_blank\" rel=\"noopener\">http:\/\/www.ffinternationalmovers.lv<\/a><\/p>\n<h2><span class=\"ez-toc-section\" id=\"2_Gosselin\"><\/span><strong>2. Gosselin<\/strong><span class=\"ez-toc-section-end\"><\/span><\/h2>\n<p><img loading=\"lazy\" decoding=\"async\" class=\"alignnone size-full wp-image-8322\" src=\"https:\/\/moverdb.com\/wp-content\/uploads\/Gosselin-Latvia-international-moving-company.png\" alt=\"Gosselin Latvia soci\u00e9t\u00e9 de d\u00e9m\u00e9nagement international\" width=\"1440\" height=\"679\" data-wp-pid=\"8322\" srcset=\"https:\/\/moverdb.com\/wp-content\/uploads\/Gosselin-Latvia-international-moving-company.png 1440w, https:\/\/moverdb.com\/wp-content\/uploads\/Gosselin-Latvia-international-moving-company-300x141.png 300w, https:\/\/moverdb.com\/wp-content\/uploads\/Gosselin-Latvia-international-moving-company-1024x483.png 1024w, https:\/\/moverdb.com\/wp-content\/uploads\/Gosselin-Latvia-international-moving-company-18x8.png 18w, https:\/\/moverdb.com\/wp-content\/uploads\/Gosselin-Latvia-international-moving-company-600x283.png 600w\" sizes=\"auto, (max-width: 1440px) 100vw, 1440px\" \/><\/p>\n<ul>\n<li>Mouvements nationaux<\/li>\n<li>D\u00e9m\u00e9nagements internationaux<\/li>\n<li>D\u00e9m\u00e9nagements de m\u00e9nages<\/li>\n<li>D\u00e9m\u00e9nagements de bureaux<\/li>\n<li>Service porte-\u00e0-porte<\/li>\n<li>Service d'emballage<\/li>\n<li>D\u00e9douanement<\/li>\n<li>Beaux-arts et transport de v\u00e9hicules<\/li>\n<li>Assurance<\/li>\n<li>Installations de stockage<\/li>\n<\/ul>\n<p>Fond\u00e9e en 1930, Gosselin est une soci\u00e9t\u00e9 internationale de d\u00e9m\u00e9nagement et de r\u00e9installation op\u00e9rant dans 34 pays d'Europe, de Russie et d'Asie centrale. Son bureau letton se trouve \u00e0 Riga, qui est membre de l'IAM. Elle a \u00e9galement acc\u00e8s \u00e0 des r\u00e9seaux internationaux qui lui permettent d'\u00e9tendre son champ d'action \u00e0 l'\u00e9chelle mondiale.<\/p>\n<p>Gosselin propose un service de d\u00e9m\u00e9nagement porte \u00e0 porte avec des d\u00e9m\u00e9nageurs professionnels et comp\u00e9tents. Ils fournissent un service d'emballage qui comprend l'utilisation de mat\u00e9riaux d'emballage \u00e9cologiques, le d\u00e9montage et le remontage des meubles et le d\u00e9ballage. Ils organisent le transport avec toutes les formalit\u00e9s administratives, y compris le d\u00e9douanement. Ils proposent des services suppl\u00e9mentaires tels que la manipulation d'objets d'art, le d\u00e9m\u00e9nagement d'animaux domestiques, le transport de voitures et de motos, et le stockage.<\/p>\n<p>Site web : <a href=\"https:\/\/gosselin-moving.com\/en\/moving-to-latvia\" target=\"_blank\" rel=\"noopener\">https:\/\/gosselin-moving.com\/en\/moving-to-latvia<\/a><\/p>\n<h2><span class=\"ez-toc-section\" id=\"3_Zebra_Cargo\"><\/span><strong>3. Cargo z\u00e9br\u00e9<\/strong><span class=\"ez-toc-section-end\"><\/span><\/h2>\n<p><img loading=\"lazy\" decoding=\"async\" class=\"alignnone size-full wp-image-8384\" src=\"https:\/\/moverdb.com\/wp-content\/uploads\/Zebra-Cargo-international-moving-company.png\" alt=\"Zebra Cargo soci\u00e9t\u00e9 de d\u00e9m\u00e9nagement international\" width=\"1440\" height=\"684\" data-wp-pid=\"8384\" srcset=\"https:\/\/moverdb.com\/wp-content\/uploads\/Zebra-Cargo-international-moving-company.png 1440w, https:\/\/moverdb.com\/wp-content\/uploads\/Zebra-Cargo-international-moving-company-300x143.png 300w, https:\/\/moverdb.com\/wp-content\/uploads\/Zebra-Cargo-international-moving-company-1024x486.png 1024w, https:\/\/moverdb.com\/wp-content\/uploads\/Zebra-Cargo-international-moving-company-18x9.png 18w, https:\/\/moverdb.com\/wp-content\/uploads\/Zebra-Cargo-international-moving-company-600x285.png 600w\" sizes=\"auto, (max-width: 1440px) 100vw, 1440px\" \/><\/p>\n<ul>\n<li>Mouvements nationaux<\/li>\n<li>D\u00e9m\u00e9nagements internationaux<\/li>\n<li>D\u00e9m\u00e9nagements de m\u00e9nages<\/li>\n<li>D\u00e9localisations d'entreprises<\/li>\n<li>Service d'emballage<\/li>\n<li>Organisation du transport<\/li>\n<li>Formalit\u00e9s douani\u00e8res<\/li>\n<li>Transport d'\u0153uvres d'art<\/li>\n<li>Assurance<\/li>\n<li>Installations de stockage<\/li>\n<\/ul>\n<p>Zebra Cargo est une entreprise de d\u00e9m\u00e9nagement fond\u00e9e en 1998 qui poss\u00e8de des bureaux en Lettonie, en Lituanie et en Estonie et dont le si\u00e8ge se trouve \u00e0 Riga. Elle travaille avec des agents de d\u00e9m\u00e9nagement dans le monde entier pour fournir ses services \u00e0 l'\u00e9chelle internationale. Elle est \u00e9galement membre de l'IAM.<\/p>\n<p>Zebra Cargo offre une consultation gratuite pour \u00e9valuer vos besoins en mati\u00e8re de d\u00e9m\u00e9nagement et cr\u00e9era un calendrier de d\u00e9m\u00e9nagement dont vous pourrez suivre l'\u00e9volution. Ses consultants en d\u00e9m\u00e9nagement international vous donneront des conseils et vous aideront \u00e0 prendre les meilleures d\u00e9cisions. Ils fournissent un service d'emballage pour toutes les tailles et formes d'articles et organisent le transport avec une assistance pour les formalit\u00e9s douani\u00e8res.<\/p>\n<p>Site web : <a href=\"http:\/\/www.zebracargo.com\" target=\"_blank\" rel=\"noopener\">http:\/\/www.zebracargo.com<\/a><\/p>\n<h2><span class=\"ez-toc-section\" id=\"Other_Useful_Guides_to_Latvia\"><\/span>Autres guides utiles sur la Lettonie<span class=\"ez-toc-section-end\"><\/span><\/h2>\n<ul>\n<li> <a href=\"https:\/\/moverdb.com\/fr\/expedition-par-conteneur\/lettonie\/\">2024 Tarifs d'exp\u00e9dition de conteneurs de fret maritime au d\u00e9part et \u00e0 destination de la Lettonie<\/a><\/li>\n<li> <a href=\"https:\/\/moverdb.com\/fr\/moving-to-latvia\/\">D\u00e9m\u00e9nager en Lettonie ? 2024 Co\u00fbts de la vie et conseils de relocalisation<\/a><\/li>\n<\/ul>","protected":false},"excerpt":{"rendered":"<p>Are you are moving home or your business within, or to or from Latvia then you might want to employ the services of a removal company to assist you. Below we have compiled a list of Latvian removal companies that are members of the International Association of Movers (IAM) and\/or FIDI Accredited International Mover (FAIM) [&hellip;]<\/p>\n","protected":false},"author":4,"featured_media":0,"parent":190,"menu_order":0,"comment_status":"closed","ping_status":"closed","template":"","meta":{"_genesis_hide_title":false,"_genesis_hide_breadcrumbs":false,"_genesis_hide_singular_image":false,"_genesis_hide_footer_widgets":false,"_genesis_custom_body_class":"","_genesis_custom_post_class":"","_genesis_layout":"","footnotes":""},"class_list":{"0":"post-8400","1":"page","2":"type-page","3":"status-publish","5":"entry","6":"has-post-thumbnail"},"_links":{"self":[{"href":"https:\/\/moverdb.com\/fr\/wp-json\/wp\/v2\/pages\/8400","targetHints":{"allow":["GET"]}}],"collection":[{"href":"https:\/\/moverdb.com\/fr\/wp-json\/wp\/v2\/pages"}],"about":[{"href":"https:\/\/moverdb.com\/fr\/wp-json\/wp\/v2\/types\/page"}],"author":[{"embeddable":true,"href":"https:\/\/moverdb.com\/fr\/wp-json\/wp\/v2\/users\/4"}],"replies":[{"embeddable":true,"href":"https:\/\/moverdb.com\/fr\/wp-json\/wp\/v2\/comments?post=8400"}],"version-history":[{"count":2,"href":"https:\/\/moverdb.com\/fr\/wp-json\/wp\/v2\/pages\/8400\/revisions"}],"predecessor-version":[{"id":17890,"href":"https:\/\/moverdb.com\/fr\/wp-json\/wp\/v2\/pages\/8400\/revisions\/17890"}],"up":[{"embeddable":true,"href":"https:\/\/moverdb.com\/fr\/wp-json\/wp\/v2\/pages\/190"}],"wp:attachment":[{"href":"https:\/\/moverdb.com\/fr\/wp-json\/wp\/v2\/media?parent=8400"}],"curies":[{"name":"wp","href":"https:\/\/api.w.org\/{rel}","templated":true}]}}