{"id":8394,"date":"2023-04-27T14:54:05","date_gmt":"2023-04-27T14:54:05","guid":{"rendered":"https:\/\/moverdb.com\/?page_id=8394"},"modified":"2026-01-08T15:24:20","modified_gmt":"2026-01-08T15:24:20","slug":"moving-companies-kazakhstan","status":"publish","type":"page","link":"https:\/\/moverdb.com\/fr\/moving-companies\/moving-companies-kazakhstan\/","title":{"rendered":"3 meilleures entreprises de d\u00e9m\u00e9nagements internationaux au Kazakhstan"},"content":{"rendered":"<p>Le d\u00e9m\u00e9nagement peut \u00eatre une p\u00e9riode stressante, mais si vous souhaitez la r\u00e9duire, vous pouvez faire appel aux services d'une entreprise de d\u00e9m\u00e9nagement. <a href=\"https:\/\/moverdb.com\/fr\/moving-companies\/\" data-internallinksmanager029f6b8e52c=\"79\" title=\"Les 25 meilleures soci\u00e9t\u00e9s de d\u00e9m\u00e9nagement international en ligne\">soci\u00e9t\u00e9 de d\u00e9m\u00e9nagement<\/a>. Ils peuvent se charger de l'organisation, de l'emballage et de l'administration de votre d\u00e9m\u00e9nagement. Nous avons dress\u00e9 ci-dessous une liste de d\u00e9m\u00e9nageurs bas\u00e9s au Kazakhstan. <a href=\"https:\/\/moverdb.com\/fr\/international-removals\/\" data-internallinksmanager029f6b8e52c=\"27\" title=\"36 meilleures entreprises de d\u00e9m\u00e9nagements internationaux au Royaume-Uni\">entreprises de d\u00e9m\u00e9nagement<\/a> qui sont membres de la <a href=\"https:\/\/moverdb.com\/fr\/iam\/\" data-internallinksmanager029f6b8e52c=\"23\" title=\"L&#039;Association internationale des d\u00e9m\u00e9nageurs (IAM) expliqu\u00e9e\">Association internationale des d\u00e9m\u00e9nageurs<\/a> (IAM) et\/ou <a href=\"https:\/\/moverdb.com\/fr\/fidi-faim\/\" data-internallinksmanager029f6b8e52c=\"16\" title=\"Explication de la FIDI et du FAIM (FIDI Accredited International Mover)\">FIDI<\/a> D\u00e9m\u00e9nageur international accr\u00e9dit\u00e9 (FAIM) qui pourrait vous aider dans votre d\u00e9m\u00e9nagement.<\/p>\n<h2><strong>1. Intermovex<\/strong><\/h2>\n<p><img loading=\"lazy\" decoding=\"async\" class=\"alignnone size-full wp-image-8330\" src=\"https:\/\/moverdb.com\/wp-content\/uploads\/Intermovex-international-moving-company.png\" alt=\"Intermovex soci\u00e9t\u00e9 de d\u00e9m\u00e9nagement international\" width=\"1440\" height=\"680\" data-wp-pid=\"8330\" srcset=\"https:\/\/moverdb.com\/wp-content\/uploads\/Intermovex-international-moving-company.png 1440w, https:\/\/moverdb.com\/wp-content\/uploads\/Intermovex-international-moving-company-300x142.png 300w, https:\/\/moverdb.com\/wp-content\/uploads\/Intermovex-international-moving-company-1024x484.png 1024w, https:\/\/moverdb.com\/wp-content\/uploads\/Intermovex-international-moving-company-18x9.png 18w, https:\/\/moverdb.com\/wp-content\/uploads\/Intermovex-international-moving-company-600x283.png 600w\" sizes=\"auto, (max-width: 1440px) 100vw, 1440px\" \/><\/p>\n<ul>\n<li>Mouvements nationaux<\/li>\n<li>D\u00e9m\u00e9nagements internationaux<\/li>\n<li>D\u00e9m\u00e9nagements de m\u00e9nages<\/li>\n<li>D\u00e9m\u00e9nagement de bureaux<\/li>\n<li>Service porte-\u00e0-porte<\/li>\n<li>Service d'emballage<\/li>\n<li>D\u00e9douanement<\/li>\n<li>Manipulation d'objets d'art<\/li>\n<li>Transport d'animaux et de voitures<\/li>\n<li>Stockage de courte \u00e0 longue dur\u00e9e<\/li>\n<\/ul>\n<p>Intermovex est une soci\u00e9t\u00e9 de d\u00e9m\u00e9nagement international fond\u00e9e en 2009 et disposant de bureaux \u00e0 Almaty et Astana. Elle travaille avec des partenaires \u00e9trangers qui l'aident \u00e0 fournir ses services \u00e0 l'\u00e9chelle internationale. Elle est membre de l'IAM et compte 14 ans d'anciennet\u00e9.<\/p>\n<p>Intermovex propose un service porte-\u00e0-porte avec un responsable personnel pour vous accompagner \u00e0 toutes les \u00e9tapes de votre d\u00e9m\u00e9nagement. Leur service d'emballage utilise des mat\u00e9riaux de haute qualit\u00e9, ils vous aident \u00e0 choisir le transport le plus appropri\u00e9 et vous assistent pour le d\u00e9douanement. Ils offrent une gamme de services suppl\u00e9mentaires, notamment le transport de voitures, d'expositions, d'animaux, de biens culturels et d'\u0153uvres d'art, ainsi qu'une assurance du fret et des installations d'entreposage.<\/p>\n<p>Site web : <a href=\"http:\/\/www.intermovex.kz\" target=\"_blank\" rel=\"noopener\">http:\/\/www.intermovex.kz<\/a><\/p>\n<h2><strong>2. Gosselin<\/strong><\/h2>\n<p><img loading=\"lazy\" decoding=\"async\" class=\"alignnone size-full wp-image-8321\" src=\"https:\/\/moverdb.com\/wp-content\/uploads\/Gosselin-Kazakhstan-international-moving-company.png\" alt=\"Gosselin Kazakhstan entreprise de d\u00e9m\u00e9nagement international\" width=\"1440\" height=\"680\" data-wp-pid=\"8321\" srcset=\"https:\/\/moverdb.com\/wp-content\/uploads\/Gosselin-Kazakhstan-international-moving-company.png 1440w, https:\/\/moverdb.com\/wp-content\/uploads\/Gosselin-Kazakhstan-international-moving-company-300x142.png 300w, https:\/\/moverdb.com\/wp-content\/uploads\/Gosselin-Kazakhstan-international-moving-company-1024x484.png 1024w, https:\/\/moverdb.com\/wp-content\/uploads\/Gosselin-Kazakhstan-international-moving-company-18x9.png 18w, https:\/\/moverdb.com\/wp-content\/uploads\/Gosselin-Kazakhstan-international-moving-company-600x283.png 600w\" sizes=\"auto, (max-width: 1440px) 100vw, 1440px\" \/><\/p>\n<ul>\n<li>Mouvements nationaux<\/li>\n<li>D\u00e9m\u00e9nagements internationaux<\/li>\n<li>D\u00e9m\u00e9nagements r\u00e9sidentiels<\/li>\n<li>D\u00e9m\u00e9nagements de bureaux<\/li>\n<li>Service porte-\u00e0-porte sur mesure<\/li>\n<li>Service d'emballage<\/li>\n<li>Organisation du transport<\/li>\n<li>Transport d'animaux et de v\u00e9hicules<\/li>\n<li>Assurance<\/li>\n<li>Stockage flexible de courte \u00e0 longue dur\u00e9e<\/li>\n<\/ul>\n<p>Gosselin est une soci\u00e9t\u00e9 internationale de d\u00e9m\u00e9nagement et de r\u00e9installation qui compte 34 bureaux en Europe et en Russie, y compris au Kazakhstan. Elle dispose de son propre r\u00e9seau de succursales et de partenaires pour l'assister dans ses d\u00e9m\u00e9nagements internationaux et est membre de l'IAM.<\/p>\n<p>Gosselin offre un service de d\u00e9m\u00e9nagement porte-\u00e0-porte avec un outil d'enqu\u00eate en ligne pour fournir une estimation rapide suivie d'une estimation fiable. Ils fournissent un service d'emballage avec des d\u00e9m\u00e9nageurs professionnels qui utilisent des mat\u00e9riaux d'emballage respectueux de l'environnement pour prot\u00e9ger vos biens et ils offrent \u00e9galement un service de d\u00e9montage et de remontage des meubles et un service de d\u00e9ballage. Ils proposent \u00e9galement des services suppl\u00e9mentaires, notamment le d\u00e9m\u00e9nagement d'animaux domestiques, la manipulation d'objets d'art, le transport de voitures et des solutions de stockage.<\/p>\n<p>Site web : <a href=\"http:\/\/www.moving.gosselingroup.eu\" target=\"_blank\" rel=\"noopener\">http:\/\/www.moving.gosselingroup.eu<\/a><\/p>\n<h2><strong>3. Globalink Logistics<\/strong><\/h2>\n<p><img loading=\"lazy\" decoding=\"async\" class=\"alignnone size-full wp-image-8320\" src=\"https:\/\/moverdb.com\/wp-content\/uploads\/Globalink-Logistics-international-moving-company.png\" alt=\"Globalink Logistics entreprise de d\u00e9m\u00e9nagement international\" width=\"1440\" height=\"680\" data-wp-pid=\"8320\" srcset=\"https:\/\/moverdb.com\/wp-content\/uploads\/Globalink-Logistics-international-moving-company.png 1440w, https:\/\/moverdb.com\/wp-content\/uploads\/Globalink-Logistics-international-moving-company-300x142.png 300w, https:\/\/moverdb.com\/wp-content\/uploads\/Globalink-Logistics-international-moving-company-1024x484.png 1024w, https:\/\/moverdb.com\/wp-content\/uploads\/Globalink-Logistics-international-moving-company-18x9.png 18w, https:\/\/moverdb.com\/wp-content\/uploads\/Globalink-Logistics-international-moving-company-600x283.png 600w\" sizes=\"auto, (max-width: 1440px) 100vw, 1440px\" \/><\/p>\n<ul>\n<li>Mouvements nationaux<\/li>\n<li>D\u00e9m\u00e9nagements internationaux<\/li>\n<li>D\u00e9m\u00e9nagements r\u00e9sidentiels<\/li>\n<li>D\u00e9localisations d'entreprises<\/li>\n<li>Service porte-\u00e0-porte<\/li>\n<li>Service d'emballage<\/li>\n<li>Fret routier, ferroviaire, maritime et a\u00e9rien<\/li>\n<li>Courtage en douane<\/li>\n<li>D\u00e9m\u00e9nagement d'animaux<\/li>\n<li>Installations de stockage<\/li>\n<\/ul>\n<p>Globalink Logistics est une entreprise de logistique sp\u00e9cialis\u00e9e en Europe et en Asie qui propose des services de d\u00e9m\u00e9nagement. Elle dispose de sites \u00e0 Almaty, Astana, Atyrau, Aktobe, Oskemen, Uralsk et Shymkent. Elle dispose d'un r\u00e9seau mondial dans 55 pays pour fournir des services \u00e0 l'\u00e9chelle internationale. Elle est membre de l'IAM depuis 24 ans et est accr\u00e9dit\u00e9e par la FIDI.<\/p>\n<p>Globalink Logistics propose une \u00e9tude pr\u00e9alable au d\u00e9m\u00e9nagement et un processus de planification du d\u00e9m\u00e9nagement avec une estimation de prix. Elle offre un service de d\u00e9m\u00e9nagement porte \u00e0 porte comprenant le transport d'animaux et de v\u00e9hicules, l'assurance et le suivi du d\u00e9m\u00e9nagement. Elle propose un service d'emballage utilisant des mat\u00e9riaux de haute qualit\u00e9 pour le transit par route, rail, mer ou air, ainsi qu'une assistance pour le courtage en douane.<\/p>\n<p>Site web : <a href=\"https:\/\/globalinklogistics.com\/\" target=\"_blank\" rel=\"noopener\">https:\/\/globalinklogistics.com\/<\/a><\/p>","protected":false},"excerpt":{"rendered":"<p>Moving can be a stressful time but if you want to reduce it, you can employ the services of a moving company. They can take over the organisation, packing and administration of your move. Below we have compiled a list of Kazakhstan based removal companies that are members of the International Association of Movers (IAM) [&hellip;]<\/p>\n","protected":false},"author":4,"featured_media":0,"parent":190,"menu_order":0,"comment_status":"closed","ping_status":"closed","template":"","meta":{"_genesis_hide_title":false,"_genesis_hide_breadcrumbs":false,"_genesis_hide_singular_image":false,"_genesis_hide_footer_widgets":false,"_genesis_custom_body_class":"","_genesis_custom_post_class":"","_genesis_layout":"","footnotes":""},"class_list":{"0":"post-8394","1":"page","2":"type-page","3":"status-publish","5":"entry","6":"has-post-thumbnail"},"_links":{"self":[{"href":"https:\/\/moverdb.com\/fr\/wp-json\/wp\/v2\/pages\/8394","targetHints":{"allow":["GET"]}}],"collection":[{"href":"https:\/\/moverdb.com\/fr\/wp-json\/wp\/v2\/pages"}],"about":[{"href":"https:\/\/moverdb.com\/fr\/wp-json\/wp\/v2\/types\/page"}],"author":[{"embeddable":true,"href":"https:\/\/moverdb.com\/fr\/wp-json\/wp\/v2\/users\/4"}],"replies":[{"embeddable":true,"href":"https:\/\/moverdb.com\/fr\/wp-json\/wp\/v2\/comments?post=8394"}],"version-history":[{"count":1,"href":"https:\/\/moverdb.com\/fr\/wp-json\/wp\/v2\/pages\/8394\/revisions"}],"predecessor-version":[{"id":8395,"href":"https:\/\/moverdb.com\/fr\/wp-json\/wp\/v2\/pages\/8394\/revisions\/8395"}],"up":[{"embeddable":true,"href":"https:\/\/moverdb.com\/fr\/wp-json\/wp\/v2\/pages\/190"}],"wp:attachment":[{"href":"https:\/\/moverdb.com\/fr\/wp-json\/wp\/v2\/media?parent=8394"}],"curies":[{"name":"wp","href":"https:\/\/api.w.org\/{rel}","templated":true}]}}