{"id":8390,"date":"2023-04-27T14:54:37","date_gmt":"2023-04-27T14:54:37","guid":{"rendered":"https:\/\/moverdb.com\/?page_id=8390"},"modified":"2026-01-08T15:29:21","modified_gmt":"2026-01-08T15:29:21","slug":"moving-companies-jordan","status":"publish","type":"page","link":"https:\/\/moverdb.com\/fr\/moving-companies\/moving-companies-jordan\/","title":{"rendered":"6 meilleures entreprises de d\u00e9m\u00e9nagements internationaux en Jordanie"},"content":{"rendered":"<p>Vous d\u00e9m\u00e9nagez votre domicile ou votre entreprise ? L'organisation et les formalit\u00e9s administratives commencent peut-\u00eatre \u00e0 vous d\u00e9courager. <a href=\"https:\/\/moverdb.com\/fr\/moving-companies\/\" data-internallinksmanager029f6b8e52c=\"79\" title=\"Les 25 meilleures soci\u00e9t\u00e9s de d\u00e9m\u00e9nagement international en ligne\">soci\u00e9t\u00e9 de d\u00e9m\u00e9nagement<\/a>. Si vous cherchez \u00e0 d\u00e9m\u00e9nager en Jordanie, vers la Jordanie ou \u00e0 partir de la Jordanie, nous avons compil\u00e9 la liste ci-dessous. <a href=\"https:\/\/moverdb.com\/fr\/international-removals\/\" data-internallinksmanager029f6b8e52c=\"27\" title=\"36 meilleures entreprises de d\u00e9m\u00e9nagements internationaux au Royaume-Uni\">entreprises de d\u00e9m\u00e9nagement<\/a> qui sont membres de la <a href=\"https:\/\/moverdb.com\/fr\/iam\/\" data-internallinksmanager029f6b8e52c=\"23\" title=\"L&#039;Association internationale des d\u00e9m\u00e9nageurs (IAM) expliqu\u00e9e\">Association internationale des d\u00e9m\u00e9nageurs<\/a> (IAM) et\/ou <a href=\"https:\/\/moverdb.com\/fr\/fidi-faim\/\" data-internallinksmanager029f6b8e52c=\"16\" title=\"Explication de la FIDI et du FAIM (FIDI Accredited International Mover)\">FIDI<\/a> D\u00e9m\u00e9nageur international accr\u00e9dit\u00e9 (FAIM) qui pourrait vous aider dans votre d\u00e9m\u00e9nagement.<\/p>\n<div id=\"ez-toc-container\" class=\"ez-toc-v2_0_82_2 ez-toc-wrap-left counter-hierarchy ez-toc-counter ez-toc-transparent ez-toc-container-direction\">\n<div class=\"ez-toc-title-container\">\n<p class=\"ez-toc-title\" style=\"cursor:inherit\">Sections<\/p>\n<span class=\"ez-toc-title-toggle\"><a href=\"#\" class=\"ez-toc-pull-right ez-toc-btn ez-toc-btn-xs ez-toc-btn-default ez-toc-toggle\" aria-label=\"Toggle Table des mati\u00e8res\"><span class=\"ez-toc-js-icon-con\"><span class=\"\"><span class=\"eztoc-hide\" style=\"display:none;\">Toggle<\/span><span class=\"ez-toc-icon-toggle-span\"><svg style=\"fill: #999;color:#999\" xmlns=\"http:\/\/www.w3.org\/2000\/svg\" class=\"list-377408\" width=\"20px\" height=\"20px\" viewbox=\"0 0 24 24\" fill=\"none\"><path d=\"M6 6H4v2h2V6zm14 0H8v2h12V6zM4 11h2v2H4v-2zm16 0H8v2h12v-2zM4 16h2v2H4v-2zm16 0H8v2h12v-2z\" fill=\"currentColor\"><\/path><\/svg><svg style=\"fill: #999;color:#999\" class=\"arrow-unsorted-368013\" xmlns=\"http:\/\/www.w3.org\/2000\/svg\" width=\"10px\" height=\"10px\" viewbox=\"0 0 24 24\" version=\"1.2\" baseprofile=\"tiny\"><path d=\"M18.2 9.3l-6.2-6.3-6.2 6.3c-.2.2-.3.4-.3.7s.1.5.3.7c.2.2.4.3.7.3h11c.3 0 .5-.1.7-.3.2-.2.3-.5.3-.7s-.1-.5-.3-.7zM5.8 14.7l6.2 6.3 6.2-6.3c.2-.2.3-.5.3-.7s-.1-.5-.3-.7c-.2-.2-.4-.3-.7-.3h-11c-.3 0-.5.1-.7.3-.2.2-.3.5-.3.7s.1.5.3.7z\"\/><\/svg><\/span><\/span><\/span><\/a><\/span><\/div>\n<nav><ul class='ez-toc-list ez-toc-list-level-1 eztoc-toggle-hide-by-default' ><li class='ez-toc-page-1 ez-toc-heading-level-2'><a class=\"ez-toc-link ez-toc-heading-1\" href=\"https:\/\/moverdb.com\/fr\/moving-companies\/moving-companies-jordan\/#1_CML_Safe_Pak\" >1. CML Safe Pak<\/a><\/li><li class='ez-toc-page-1 ez-toc-heading-level-2'><a class=\"ez-toc-link ez-toc-heading-2\" href=\"https:\/\/moverdb.com\/fr\/moving-companies\/moving-companies-jordan\/#2_Jirpac\" >2. Jirpac<\/a><\/li><li class='ez-toc-page-1 ez-toc-heading-level-2'><a class=\"ez-toc-link ez-toc-heading-3\" href=\"https:\/\/moverdb.com\/fr\/moving-companies\/moving-companies-jordan\/#3_Jordanian_Coast_Cargo_Service\" >3. Jordanian Coast Cargo Service<\/a><\/li><li class='ez-toc-page-1 ez-toc-heading-level-2'><a class=\"ez-toc-link ez-toc-heading-4\" href=\"https:\/\/moverdb.com\/fr\/moving-companies\/moving-companies-jordan\/#4_Levant_Express\" >4. Levant Express<\/a><\/li><li class='ez-toc-page-1 ez-toc-heading-level-2'><a class=\"ez-toc-link ez-toc-heading-5\" href=\"https:\/\/moverdb.com\/fr\/moving-companies\/moving-companies-jordan\/#5_Logistimania\" >5. Logistimania<\/a><\/li><li class='ez-toc-page-1 ez-toc-heading-level-2'><a class=\"ez-toc-link ez-toc-heading-6\" href=\"https:\/\/moverdb.com\/fr\/moving-companies\/moving-companies-jordan\/#6_Naouri_Group\" >6. Groupe Naouri<\/a><\/li><\/ul><\/nav><\/div>\n<h2><span class=\"ez-toc-section\" id=\"1_CML_Safe_Pak\"><\/span><strong>1. CML Safe Pak<\/strong><span class=\"ez-toc-section-end\"><\/span><\/h2>\n<p><img loading=\"lazy\" decoding=\"async\" class=\"alignnone size-full wp-image-8391\" src=\"https:\/\/moverdb.com\/wp-content\/uploads\/CML-Safe-Pak-international-moving-company.png\" alt=\"CML Safe Pak entreprise de d\u00e9m\u00e9nagement international\" width=\"1440\" height=\"667\" data-wp-pid=\"8391\" srcset=\"https:\/\/moverdb.com\/wp-content\/uploads\/CML-Safe-Pak-international-moving-company.png 1440w, https:\/\/moverdb.com\/wp-content\/uploads\/CML-Safe-Pak-international-moving-company-300x139.png 300w, https:\/\/moverdb.com\/wp-content\/uploads\/CML-Safe-Pak-international-moving-company-1024x474.png 1024w, https:\/\/moverdb.com\/wp-content\/uploads\/CML-Safe-Pak-international-moving-company-18x8.png 18w, https:\/\/moverdb.com\/wp-content\/uploads\/CML-Safe-Pak-international-moving-company-600x278.png 600w\" sizes=\"auto, (max-width: 1440px) 100vw, 1440px\" \/><\/p>\n<ul>\n<li>D\u00e9localisations locales et nationales<\/li>\n<li>D\u00e9localisations internationales<\/li>\n<li>D\u00e9m\u00e9nagements r\u00e9sidentiels<\/li>\n<li>Coordonnateur des d\u00e9m\u00e9nagements<\/li>\n<li>Service d'emballage<\/li>\n<li>Transports terrestres, maritimes et a\u00e9riens<\/li>\n<li>D\u00e9douanement<\/li>\n<li>Transport des animaux<\/li>\n<li>Services de nettoyage<\/li>\n<li>Stockage s\u00e9curis\u00e9<\/li>\n<\/ul>\n<p>CML Safe Pak est une soci\u00e9t\u00e9 de d\u00e9m\u00e9nagement, de logistique et de services de fret qui aide les gens \u00e0 d\u00e9m\u00e9nager depuis 1992 et qui est bas\u00e9e \u00e0 Amman. Elle est membre de <a href=\"https:\/\/moverdb.com\/fr\/harmony-relocation-network\/\" data-internallinksmanager029f6b8e52c=\"20\" title=\"Le r\u00e9seau Harmony Relocation Network (HRN) expliqu\u00e9\">R\u00e9seau de relocalisation Harmony<\/a> et IAM avec 31 ans de service et sont accr\u00e9dit\u00e9s par la FIDI. Ces associations leur donnent acc\u00e8s \u00e0 un r\u00e9seau international d'agents de d\u00e9m\u00e9nagement.<\/p>\n<p>CML Safe Pak propose une consultation pr\u00e9alable au d\u00e9m\u00e9nagement avec un conseiller en d\u00e9m\u00e9nagement afin d'\u00e9valuer vos besoins. Le coordinateur de d\u00e9m\u00e9nagement s'occupera de toute la logistique de votre d\u00e9m\u00e9nagement, y compris les formalit\u00e9s administratives et le d\u00e9douanement. L'entreprise propose des services suppl\u00e9mentaires, notamment des services de nettoyage lors du d\u00e9m\u00e9nagement, le d\u00e9m\u00e9nagement d'objets d'art et d'antiquit\u00e9s, ainsi que le transport d'animaux domestiques.<\/p>\n<p>Site web : <a href=\"http:\/\/www.cml-jo.com\" target=\"_blank\" rel=\"noopener\">http:\/\/www.cml-jo.com<\/a><\/p>\n<h2><span class=\"ez-toc-section\" id=\"2_Jirpac\"><\/span><strong>2. Jirpac<\/strong><span class=\"ez-toc-section-end\"><\/span><\/h2>\n<p><img loading=\"lazy\" decoding=\"async\" class=\"alignnone size-full wp-image-8333\" src=\"https:\/\/moverdb.com\/wp-content\/uploads\/Jirpac-international-moving-company.png\" alt=\"Jirpac international moving company\" width=\"1440\" height=\"679\" data-wp-pid=\"8333\" srcset=\"https:\/\/moverdb.com\/wp-content\/uploads\/Jirpac-international-moving-company.png 1440w, https:\/\/moverdb.com\/wp-content\/uploads\/Jirpac-international-moving-company-300x141.png 300w, https:\/\/moverdb.com\/wp-content\/uploads\/Jirpac-international-moving-company-1024x483.png 1024w, https:\/\/moverdb.com\/wp-content\/uploads\/Jirpac-international-moving-company-18x8.png 18w, https:\/\/moverdb.com\/wp-content\/uploads\/Jirpac-international-moving-company-600x283.png 600w\" sizes=\"auto, (max-width: 1440px) 100vw, 1440px\" \/><\/p>\n<ul>\n<li>Mouvements nationaux<\/li>\n<li>D\u00e9m\u00e9nagements internationaux<\/li>\n<li>D\u00e9m\u00e9nagements de m\u00e9nages<\/li>\n<li>Mouvements de personnel<\/li>\n<li>D\u00e9m\u00e9nagement d'entreprises et de bureaux<\/li>\n<li>Service d'emballage<\/li>\n<li>Transports terrestres, maritimes et a\u00e9riens<\/li>\n<li>Courtage en douane<\/li>\n<li>Assurance<\/li>\n<li>Installations de stockage s\u00e9curis\u00e9es<\/li>\n<\/ul>\n<p>Jirpac est une soci\u00e9t\u00e9 internationale de d\u00e9m\u00e9nagement et d'emballage cr\u00e9\u00e9e en 1978 et bas\u00e9e \u00e0 Amman. Elle dispose d'un r\u00e9seau de correspondants dans 170 pays pour l'aider \u00e0 fournir des services \u00e0 l'\u00e9chelle internationale. Elle est membre de l'IAM et compte 45 ans de service.<\/p>\n<p>Jirpac propose des services de d\u00e9m\u00e9nagement nationaux et internationaux aux m\u00e9nages et aux organisations. Ils offrent un service d'emballage qui fournit une vari\u00e9t\u00e9 de mat\u00e9riaux d'emballage et de cartons pour prot\u00e9ger vos biens pendant le transport, conform\u00e9ment aux normes internationales. Elle propose des services de transport par voie terrestre, a\u00e9rienne et maritime, ainsi que des services de d\u00e9douanement.<\/p>\n<p>Site web : <a href=\"http:\/\/www.jirpac.com\" target=\"_blank\" rel=\"noopener\">http:\/\/www.jirpac.com<\/a><\/p>\n<h2><span class=\"ez-toc-section\" id=\"3_Jordanian_Coast_Cargo_Service\"><\/span><strong>3. Jordanian Coast Cargo Service<\/strong><span class=\"ez-toc-section-end\"><\/span><\/h2>\n<p><img loading=\"lazy\" decoding=\"async\" class=\"alignnone size-full wp-image-8334\" src=\"https:\/\/moverdb.com\/wp-content\/uploads\/Jordanian-Coast-Cargo-Services-international-moving-company.png\" alt=\"Jordanian Coast Cargo Services soci\u00e9t\u00e9 de d\u00e9m\u00e9nagement international\" width=\"1440\" height=\"677\" data-wp-pid=\"8334\" srcset=\"https:\/\/moverdb.com\/wp-content\/uploads\/Jordanian-Coast-Cargo-Services-international-moving-company.png 1440w, https:\/\/moverdb.com\/wp-content\/uploads\/Jordanian-Coast-Cargo-Services-international-moving-company-300x141.png 300w, https:\/\/moverdb.com\/wp-content\/uploads\/Jordanian-Coast-Cargo-Services-international-moving-company-1024x481.png 1024w, https:\/\/moverdb.com\/wp-content\/uploads\/Jordanian-Coast-Cargo-Services-international-moving-company-18x8.png 18w, https:\/\/moverdb.com\/wp-content\/uploads\/Jordanian-Coast-Cargo-Services-international-moving-company-600x282.png 600w\" sizes=\"auto, (max-width: 1440px) 100vw, 1440px\" \/><\/p>\n<ul>\n<li>D\u00e9m\u00e9nagements nationaux<\/li>\n<li>D\u00e9m\u00e9nagements internationaux<\/li>\n<li>D\u00e9m\u00e9nagements de m\u00e9nages<\/li>\n<li>Services commerciaux<\/li>\n<li>Service porte-\u00e0-porte<\/li>\n<li>Service d'emballage professionnel<\/li>\n<li>Transports terrestres, a\u00e9riens et maritimes<\/li>\n<li>D\u00e9douanement<\/li>\n<li>Transport de v\u00e9hicules et d'animaux domestiques<\/li>\n<li>Stockage s\u00e9curis\u00e9 \u00e0 court et \u00e0 long terme<\/li>\n<\/ul>\n<p>Jordanian Coast Cargo Services est un service de transport maritime, <a href=\"https:\/\/moverdb.com\/fr\/freight-forwarder\/\" data-internallinksmanager029f6b8e52c=\"17\" title=\"Guide des co\u00fbts et des entreprises des transitaires et NVOCC internationaux\">commissionnaire de transport<\/a> et d'entreposage qui fournit des services de d\u00e9m\u00e9nagement et de transferts diplomatiques. Elle a \u00e9t\u00e9 fond\u00e9e en 2000 et est bas\u00e9e \u00e0 Amman. Elle travaille avec des organisations internationales pour fournir ses services dans le monde entier. Elle est membre de l'IAM et compte 23 ans d'anciennet\u00e9.<\/p>\n<p>Jordanian Coast Cargo Services offre un service porte-\u00e0-porte avec des emballeurs hautement qualifi\u00e9s qui utilisent des mat\u00e9riaux d'emballage et des caisses de haute qualit\u00e9 pour d\u00e9placer vos biens en toute s\u00e9curit\u00e9. Ils organisent le transport avec d\u00e9douanement, par voie terrestre, a\u00e9rienne ou maritime, en moins d'un conteneur ou en conteneur complet.<\/p>\n<p>Site web : <a href=\"http:\/\/www.jordaniancoastco.com\" target=\"_blank\" rel=\"noopener\">http:\/\/www.jordaniancoastco.com<\/a><\/p>\n<h2><span class=\"ez-toc-section\" id=\"4_Levant_Express\"><\/span><strong>4. Levant Express<\/strong><span class=\"ez-toc-section-end\"><\/span><\/h2>\n<p><img loading=\"lazy\" decoding=\"async\" class=\"alignnone size-full wp-image-8392\" src=\"https:\/\/moverdb.com\/wp-content\/uploads\/Levant-Express-international-moving-company.png\" alt=\"Levant Express, soci\u00e9t\u00e9 de d\u00e9m\u00e9nagements internationaux\" width=\"1440\" height=\"683\" data-wp-pid=\"8392\" srcset=\"https:\/\/moverdb.com\/wp-content\/uploads\/Levant-Express-international-moving-company.png 1440w, https:\/\/moverdb.com\/wp-content\/uploads\/Levant-Express-international-moving-company-300x142.png 300w, https:\/\/moverdb.com\/wp-content\/uploads\/Levant-Express-international-moving-company-1024x486.png 1024w, https:\/\/moverdb.com\/wp-content\/uploads\/Levant-Express-international-moving-company-18x9.png 18w, https:\/\/moverdb.com\/wp-content\/uploads\/Levant-Express-international-moving-company-600x285.png 600w\" sizes=\"auto, (max-width: 1440px) 100vw, 1440px\" \/><\/p>\n<ul>\n<li>D\u00e9m\u00e9nagements nationaux<\/li>\n<li>D\u00e9m\u00e9nagements internationaux<\/li>\n<li>D\u00e9m\u00e9nagements de m\u00e9nages<\/li>\n<li>Enqu\u00eate initiale<\/li>\n<li>Service d'emballage<\/li>\n<li>Inventaire<\/li>\n<li>Transport par voie terrestre, maritime et a\u00e9rienne<\/li>\n<li>D\u00e9douanement<\/li>\n<li>Assurance<\/li>\n<li>Installations de stockage<\/li>\n<\/ul>\n<p>Levant Express est un fournisseur de solutions de cha\u00eene d'approvisionnement de bout en bout qui propose des services de d\u00e9m\u00e9nagement. L'entreprise a \u00e9t\u00e9 cr\u00e9\u00e9e en 1930 et dispose de sites en Jordanie et \u00e0 <a href=\"https:\/\/moverdb.com\/fr\/moving-companies\/moving-companies-lebanon\/\" data-internallinksmanager029f6b8e52c=\"302\" title=\"7 Meilleures entreprises de d\u00e9m\u00e9nagements internationaux au Liban\">Liban<\/a>. Ils sont membres de l'IAM avec 93 ans de service, ce qui leur donne acc\u00e8s \u00e0 un r\u00e9seau international d'agents de d\u00e9m\u00e9nagement pour les soutenir.<\/p>\n<p>Levant Express propose une \u00e9tude pr\u00e9alable au d\u00e9m\u00e9nagement pour estimer le volume de votre d\u00e9m\u00e9nagement et \u00e9tablir un devis. Ils fournissent un service d'emballage qui prot\u00e8ge vos biens pendant le transport en utilisant les mat\u00e9riaux d'emballage les plus appropri\u00e9s, y compris des cartons et des caisses. Tous les colis sont \u00e9tiquet\u00e9s et un inventaire est \u00e9tabli.<\/p>\n<p>Site web : <a href=\"http:\/\/www.levantexpress.net\" target=\"_blank\" rel=\"noopener\">http:\/\/www.levantexpress.net<\/a><\/p>\n<h2><span class=\"ez-toc-section\" id=\"5_Logistimania\"><\/span><strong>5. <\/strong><strong>Logistimania<\/strong><span class=\"ez-toc-section-end\"><\/span><\/h2>\n<p><img loading=\"lazy\" decoding=\"async\" class=\"alignnone size-full wp-image-8337\" src=\"https:\/\/moverdb.com\/wp-content\/uploads\/Logistimania-international-moving-company.png\" alt=\"Logistimania, soci\u00e9t\u00e9 de d\u00e9m\u00e9nagement international\" width=\"1440\" height=\"676\" data-wp-pid=\"8337\" srcset=\"https:\/\/moverdb.com\/wp-content\/uploads\/Logistimania-international-moving-company.png 1440w, https:\/\/moverdb.com\/wp-content\/uploads\/Logistimania-international-moving-company-300x141.png 300w, https:\/\/moverdb.com\/wp-content\/uploads\/Logistimania-international-moving-company-1024x481.png 1024w, https:\/\/moverdb.com\/wp-content\/uploads\/Logistimania-international-moving-company-18x8.png 18w, https:\/\/moverdb.com\/wp-content\/uploads\/Logistimania-international-moving-company-600x282.png 600w\" sizes=\"auto, (max-width: 1440px) 100vw, 1440px\" \/><\/p>\n<ul>\n<li>Mouvements nationaux<\/li>\n<li>D\u00e9m\u00e9nagements internationaux<\/li>\n<li>D\u00e9m\u00e9nagements de m\u00e9nages<\/li>\n<li>Fret commercial<\/li>\n<li>Service porte-\u00e0-porte<\/li>\n<li>Service d'emballage professionnel<\/li>\n<li>Mat\u00e9riaux d'emballage de haute qualit\u00e9<\/li>\n<li>Transports a\u00e9riens, maritimes et routiers<\/li>\n<li>D\u00e9douanement<\/li>\n<li>Installations de stockage<\/li>\n<\/ul>\n<p>Logistimania est une soci\u00e9t\u00e9 internationale de d\u00e9m\u00e9nagement et d'exp\u00e9dition de fret qui a \u00e9t\u00e9 cr\u00e9\u00e9e \u00e0 Stockholm, mais qui poss\u00e8de \u00e9galement une succursale \u00e0 Amman, en Jordanie. Elle entretient des relations \u00e0 long terme avec des compagnies maritimes, des agents de fret et des fournisseurs de services de camionnage pour offrir ses services dans le monde entier. Elle est \u00e9galement membre de l'IAM.<\/p>\n<p>Logistimania propose des services de d\u00e9m\u00e9nagement et de relocalisation de porte \u00e0 porte. Ils fournissent un service d'emballage professionnel qui utilise des mat\u00e9riaux d'emballage de haute qualit\u00e9 pour prot\u00e9ger vos articles pendant le transport. Ils organisent le transport par voie a\u00e9rienne, maritime et routi\u00e8re, avec d\u00e9douanement si n\u00e9cessaire. Ils vous aideront \u00e0 d\u00e9baller vos articles \u00e0 l'arriv\u00e9e.<\/p>\n<p>Site web : <a href=\"http:\/\/www.logistimania.com\" target=\"_blank\" rel=\"noopener\">http:\/\/www.logistimania.com<\/a><\/p>\n<h2><span class=\"ez-toc-section\" id=\"6_Naouri_Group\"><\/span><strong>6. Groupe Naouri<\/strong><span class=\"ez-toc-section-end\"><\/span><\/h2>\n<p><img loading=\"lazy\" decoding=\"async\" class=\"alignnone size-full wp-image-8347\" src=\"https:\/\/moverdb.com\/wp-content\/uploads\/Naouri-Group-international-moving-company.png\" alt=\"Groupe Naouri entreprise de d\u00e9m\u00e9nagement international\" width=\"1440\" height=\"680\" data-wp-pid=\"8347\" srcset=\"https:\/\/moverdb.com\/wp-content\/uploads\/Naouri-Group-international-moving-company.png 1440w, https:\/\/moverdb.com\/wp-content\/uploads\/Naouri-Group-international-moving-company-300x142.png 300w, https:\/\/moverdb.com\/wp-content\/uploads\/Naouri-Group-international-moving-company-1024x484.png 1024w, https:\/\/moverdb.com\/wp-content\/uploads\/Naouri-Group-international-moving-company-18x9.png 18w, https:\/\/moverdb.com\/wp-content\/uploads\/Naouri-Group-international-moving-company-600x283.png 600w\" sizes=\"auto, (max-width: 1440px) 100vw, 1440px\" \/><\/p>\n<ul>\n<li>Mouvements nationaux<\/li>\n<li>D\u00e9m\u00e9nagements internationaux<\/li>\n<li>Envois d'entreprises<\/li>\n<li>Envois individuels<\/li>\n<li>Transmission des projets<\/li>\n<li>Un service sur mesure<\/li>\n<li>Transport routier, maritime et a\u00e9rien<\/li>\n<li>Options de groupage<\/li>\n<li>D\u00e9douanement<\/li>\n<li>Terminal \u00e0 conteneurs<\/li>\n<\/ul>\n<p>Le groupe Naouri est un transitaire et une entreprise de logistique fond\u00e9 en 1994. Il est bas\u00e9 \u00e0 Amman et op\u00e8re \u00e9galement \u00e0 l'\u00e9tranger. <a href=\"https:\/\/moverdb.com\/fr\/moving-companies\/moving-companies-iraq\/\" data-internallinksmanager029f6b8e52c=\"314\" title=\"2 Meilleures entreprises de d\u00e9m\u00e9nagements internationaux en Irak\">Irak<\/a> et en Palestine. Ils sont membres de l'IAM depuis 13 ans et sont accr\u00e9dit\u00e9s par la FIDI. Ces associations leur donnent acc\u00e8s \u00e0 un r\u00e9seau international d'agents qui les aident \u00e0 fournir des services \u00e0 l'\u00e9tranger.<\/p>\n<p>Le groupe Naouri offre un service sur mesure pour r\u00e9pondre \u00e0 vos besoins et se pr\u00e9sente comme l'un des principaux groupes logistiques de Jordanie. Il propose une gamme de services de transport et d'exp\u00e9dition de fret par route, par air et par mer, ainsi que des options de groupage pour les chargements inf\u00e9rieurs \u00e0 un conteneur.<\/p>\n<p>Site web : <a href=\"http:\/\/www.naouri.com\" target=\"_blank\" rel=\"noopener\">http:\/\/www.naouri.com<\/a><\/p>","protected":false},"excerpt":{"rendered":"<p>Are you moving home or your business? Then the organisation and paperwork may be starting to daunt you, so you may want the assistance of a moving company. If you are looking to move within, to or from Jordan we have compiled the below list of removal companies that are members of the International Association [&hellip;]<\/p>\n","protected":false},"author":4,"featured_media":0,"parent":190,"menu_order":0,"comment_status":"closed","ping_status":"closed","template":"","meta":{"_genesis_hide_title":false,"_genesis_hide_breadcrumbs":false,"_genesis_hide_singular_image":false,"_genesis_hide_footer_widgets":false,"_genesis_custom_body_class":"","_genesis_custom_post_class":"","_genesis_layout":"","footnotes":""},"class_list":{"0":"post-8390","1":"page","2":"type-page","3":"status-publish","5":"entry","6":"has-post-thumbnail"},"_links":{"self":[{"href":"https:\/\/moverdb.com\/fr\/wp-json\/wp\/v2\/pages\/8390","targetHints":{"allow":["GET"]}}],"collection":[{"href":"https:\/\/moverdb.com\/fr\/wp-json\/wp\/v2\/pages"}],"about":[{"href":"https:\/\/moverdb.com\/fr\/wp-json\/wp\/v2\/types\/page"}],"author":[{"embeddable":true,"href":"https:\/\/moverdb.com\/fr\/wp-json\/wp\/v2\/users\/4"}],"replies":[{"embeddable":true,"href":"https:\/\/moverdb.com\/fr\/wp-json\/wp\/v2\/comments?post=8390"}],"version-history":[{"count":1,"href":"https:\/\/moverdb.com\/fr\/wp-json\/wp\/v2\/pages\/8390\/revisions"}],"predecessor-version":[{"id":8393,"href":"https:\/\/moverdb.com\/fr\/wp-json\/wp\/v2\/pages\/8390\/revisions\/8393"}],"up":[{"embeddable":true,"href":"https:\/\/moverdb.com\/fr\/wp-json\/wp\/v2\/pages\/190"}],"wp:attachment":[{"href":"https:\/\/moverdb.com\/fr\/wp-json\/wp\/v2\/media?parent=8390"}],"curies":[{"name":"wp","href":"https:\/\/api.w.org\/{rel}","templated":true}]}}