{"id":7781,"date":"2023-04-27T14:57:02","date_gmt":"2023-04-27T14:57:02","guid":{"rendered":"https:\/\/moverdb.com\/?page_id=7781"},"modified":"2026-01-08T15:23:46","modified_gmt":"2026-01-08T15:23:46","slug":"moving-companies-jamaica","status":"publish","type":"page","link":"https:\/\/moverdb.com\/fr\/moving-companies\/moving-companies-jamaica\/","title":{"rendered":"2 Meilleures entreprises de d\u00e9m\u00e9nagements internationaux en Jama\u00efque"},"content":{"rendered":"<p>Le d\u00e9m\u00e9nagement de votre maison ou de votre entreprise peut \u00eatre difficile et ajouter beaucoup de pression, surtout si vous pr\u00e9voyez de d\u00e9m\u00e9nager \u00e0 l'\u00e9tranger. <a href=\"https:\/\/moverdb.com\/fr\/moving-companies\/\" data-internallinksmanager029f6b8e52c=\"79\" title=\"Les 25 meilleures soci\u00e9t\u00e9s de d\u00e9m\u00e9nagement international en ligne\">soci\u00e9t\u00e9 de d\u00e9m\u00e9nagement<\/a> peut vraiment vous aider. Nous avons dress\u00e9 ci-dessous une liste d'entreprises jama\u00efcaines qui sont en mesure de vous aider. <a href=\"https:\/\/moverdb.com\/fr\/international-removals\/\" data-internallinksmanager029f6b8e52c=\"27\" title=\"36 meilleures entreprises de d\u00e9m\u00e9nagements internationaux au Royaume-Uni\">entreprises de d\u00e9m\u00e9nagement<\/a> qui sont membres de la <a href=\"https:\/\/moverdb.com\/fr\/iam\/\" data-internallinksmanager029f6b8e52c=\"23\" title=\"L&#039;Association internationale des d\u00e9m\u00e9nageurs (IAM) expliqu\u00e9e\">Association internationale des d\u00e9m\u00e9nageurs<\/a> (IAM) et\/ou <a href=\"https:\/\/moverdb.com\/fr\/fidi-faim\/\" data-internallinksmanager029f6b8e52c=\"16\" title=\"Explication de la FIDI et du FAIM (FIDI Accredited International Mover)\">FIDI<\/a> D\u00e9m\u00e9nageur international accr\u00e9dit\u00e9 (FAIM) qui pourrait vous aider dans votre d\u00e9m\u00e9nagement.<\/p>\n<h2><strong>1. Aero International Shipping<\/strong><\/h2>\n<p><img loading=\"lazy\" decoding=\"async\" class=\"alignnone size-full wp-image-7656\" src=\"https:\/\/moverdb.com\/wp-content\/uploads\/Aero-International-Shipping-moving-company.png\" alt=\"Aero International Shipping entreprise de d\u00e9m\u00e9nagement\" width=\"1440\" height=\"686\" data-wp-pid=\"7656\" srcset=\"https:\/\/moverdb.com\/wp-content\/uploads\/Aero-International-Shipping-moving-company.png 1440w, https:\/\/moverdb.com\/wp-content\/uploads\/Aero-International-Shipping-moving-company-300x143.png 300w, https:\/\/moverdb.com\/wp-content\/uploads\/Aero-International-Shipping-moving-company-1024x488.png 1024w, https:\/\/moverdb.com\/wp-content\/uploads\/Aero-International-Shipping-moving-company-18x9.png 18w, https:\/\/moverdb.com\/wp-content\/uploads\/Aero-International-Shipping-moving-company-600x286.png 600w\" sizes=\"auto, (max-width: 1440px) 100vw, 1440px\" \/><\/p>\n<ul>\n<li><a href=\"https:\/\/moverdb.com\/fr\/container-shipping\/\" data-internallinksmanager029f6b8e52c=\"3\" title=\"Graphique des taux d&#039;exp\u00e9dition des conteneurs internationaux : Avril 2026\">Exp\u00e9dition internationale<\/a><\/li>\n<li>Exp\u00e9dition des m\u00e9nages<\/li>\n<li>Transport maritime commercial<\/li>\n<li>Projets sp\u00e9ciaux<\/li>\n<li>Emballage pour l'exportation<\/li>\n<li>Fret terrestre, a\u00e9rien et maritime<\/li>\n<li>Options de consolidation<\/li>\n<li>D\u00e9gagement sur mesure<\/li>\n<li>Couverture d'assurance<\/li>\n<li>Installations de stockage<\/li>\n<\/ul>\n<p>Aero International Shipping est une entreprise de transport international et de logistique qui s'occupe notamment du transport d'articles m\u00e9nagers. Elle a \u00e9t\u00e9 fond\u00e9e en 1974 et est bas\u00e9e \u00e0 Kingston. Elle travaille avec un r\u00e9seau international d'agences pour fournir des services dans le monde entier. Elle est membre de l'IAM et compte 49 ans de service.<\/p>\n<p>Aero International Shipping propose des services de transport de petite ou de grande envergure. Elle fournit une assistance en mati\u00e8re d'emballage pour l'exportation afin de garantir que vos biens sont emball\u00e9s en toute s\u00e9curit\u00e9 pour le transport. Ils organisent le transport par voie terrestre, a\u00e9rienne et maritime avec des itin\u00e9raires soigneusement choisis, le d\u00e9douanement et la couverture d'assurance. Elle propose des options de consolidation pour le transport a\u00e9rien et maritime afin de r\u00e9duire les co\u00fbts.<\/p>\n<p>Site web : <a href=\"http:\/\/www.aerointel.com\/\" target=\"_blank\" rel=\"noopener\">http:\/\/www.aerointel.com\/<\/a><\/p>\n<h2><strong>2. B.L. Williams<\/strong><\/h2>\n<p><img loading=\"lazy\" decoding=\"async\" class=\"alignnone size-full wp-image-7675\" src=\"https:\/\/moverdb.com\/wp-content\/uploads\/Bliss-Moving-international-moving-company.png\" alt=\"BL Williams soci\u00e9t\u00e9 de d\u00e9m\u00e9nagement international\" width=\"1440\" height=\"684\" data-wp-pid=\"7675\" srcset=\"https:\/\/moverdb.com\/wp-content\/uploads\/Bliss-Moving-international-moving-company.png 1440w, https:\/\/moverdb.com\/wp-content\/uploads\/Bliss-Moving-international-moving-company-300x143.png 300w, https:\/\/moverdb.com\/wp-content\/uploads\/Bliss-Moving-international-moving-company-1024x486.png 1024w, https:\/\/moverdb.com\/wp-content\/uploads\/Bliss-Moving-international-moving-company-18x9.png 18w, https:\/\/moverdb.com\/wp-content\/uploads\/Bliss-Moving-international-moving-company-600x285.png 600w\" sizes=\"auto, (max-width: 1440px) 100vw, 1440px\" \/><\/p>\n<ul>\n<li>Mouvements nationaux<\/li>\n<li>D\u00e9m\u00e9nagements internationaux<\/li>\n<li>D\u00e9m\u00e9nagement des m\u00e9nages<\/li>\n<li>Service porte-\u00e0-porte<\/li>\n<li>Service d'emballage<\/li>\n<li>Fret maritime et a\u00e9rien<\/li>\n<li>Services d'exportation et d'importation<\/li>\n<li>Services d'origine et de destination<\/li>\n<li>Assurance transit<\/li>\n<li>Installations de stockage<\/li>\n<\/ul>\n<p>B.L. Williams est un <a href=\"https:\/\/moverdb.com\/fr\/freight-forwarder\/\" data-internallinksmanager029f6b8e52c=\"17\" title=\"Guide des co\u00fbts et des entreprises des transitaires et NVOCC internationaux\">commissionnaire de transport<\/a> et exp\u00e9diteur international fond\u00e9 en 1924 et bas\u00e9 \u00e0 Kingston. Elle est soutenue par un r\u00e9seau d'agents locaux r\u00e9partis dans le monde entier. Elle est membre de l'IAM et compte 34 ans de service.<\/p>\n<p>B.L. Williams propose une \u00e9tude initiale pour d\u00e9terminer vos besoins et \u00e9tablir un devis. Elle met \u00e0 votre disposition un personnel d\u00e9vou\u00e9 qui vous assistera tout au long de votre d\u00e9m\u00e9nagement gr\u00e2ce \u00e0 un service porte-\u00e0-porte. Ils fournissent un service d'emballage qui utilise une vari\u00e9t\u00e9 de mat\u00e9riaux pour prot\u00e9ger vos biens et les mettre en caisse. Ils organisent le transport par fret maritime et a\u00e9rien, y compris tous les services d'exportation et d'importation.<\/p>\n<p>Site web : <a href=\"http:\/\/www.blwilliams.com\/\" target=\"_blank\" rel=\"noopener\">http:\/\/www.blwilliams.com\/<\/a><\/p>","protected":false},"excerpt":{"rendered":"<p>Moving your home or business can be difficult and add a lot of pressure especially if you are planning a move abroad, so employing a moving company can really assist you. Below we have compiled a list of Jamaican removal companies that are members of the International Association of Movers (IAM) and\/or FIDI Accredited International [&hellip;]<\/p>\n","protected":false},"author":4,"featured_media":0,"parent":190,"menu_order":0,"comment_status":"closed","ping_status":"closed","template":"","meta":{"_genesis_hide_title":false,"_genesis_hide_breadcrumbs":false,"_genesis_hide_singular_image":false,"_genesis_hide_footer_widgets":false,"_genesis_custom_body_class":"","_genesis_custom_post_class":"","_genesis_layout":"","footnotes":""},"class_list":{"0":"post-7781","1":"page","2":"type-page","3":"status-publish","5":"entry","6":"has-post-thumbnail"},"_links":{"self":[{"href":"https:\/\/moverdb.com\/fr\/wp-json\/wp\/v2\/pages\/7781","targetHints":{"allow":["GET"]}}],"collection":[{"href":"https:\/\/moverdb.com\/fr\/wp-json\/wp\/v2\/pages"}],"about":[{"href":"https:\/\/moverdb.com\/fr\/wp-json\/wp\/v2\/types\/page"}],"author":[{"embeddable":true,"href":"https:\/\/moverdb.com\/fr\/wp-json\/wp\/v2\/users\/4"}],"replies":[{"embeddable":true,"href":"https:\/\/moverdb.com\/fr\/wp-json\/wp\/v2\/comments?post=7781"}],"version-history":[{"count":1,"href":"https:\/\/moverdb.com\/fr\/wp-json\/wp\/v2\/pages\/7781\/revisions"}],"predecessor-version":[{"id":7782,"href":"https:\/\/moverdb.com\/fr\/wp-json\/wp\/v2\/pages\/7781\/revisions\/7782"}],"up":[{"embeddable":true,"href":"https:\/\/moverdb.com\/fr\/wp-json\/wp\/v2\/pages\/190"}],"wp:attachment":[{"href":"https:\/\/moverdb.com\/fr\/wp-json\/wp\/v2\/media?parent=7781"}],"curies":[{"name":"wp","href":"https:\/\/api.w.org\/{rel}","templated":true}]}}