{"id":7779,"date":"2023-04-27T14:57:32","date_gmt":"2023-04-27T14:57:32","guid":{"rendered":"https:\/\/moverdb.com\/?page_id=7779"},"modified":"2026-01-08T15:29:20","modified_gmt":"2026-01-08T15:29:20","slug":"moving-companies-israel","status":"publish","type":"page","link":"https:\/\/moverdb.com\/fr\/moving-companies\/moving-companies-israel\/","title":{"rendered":"6 meilleures entreprises de d\u00e9m\u00e9nagements internationaux en Isra\u00ebl"},"content":{"rendered":"<p>Le d\u00e9m\u00e9nagement de votre maison ou de votre entreprise peut \u00eatre une source de stress. <a href=\"https:\/\/moverdb.com\/fr\/moving-companies\/\" data-internallinksmanager029f6b8e52c=\"79\" title=\"Les 25 meilleures soci\u00e9t\u00e9s de d\u00e9m\u00e9nagement international en ligne\">soci\u00e9t\u00e9 de d\u00e9m\u00e9nagement<\/a> pourrait r\u00e9duire la charge de travail et faciliter le d\u00e9m\u00e9nagement. Nous avons donc dress\u00e9 ci-dessous une liste de <a href=\"https:\/\/moverdb.com\/fr\/moving-to-israel\/\" data-internallinksmanager029f6b8e52c=\"333\" title=\"D\u00e9m\u00e9nager en Isra\u00ebl ? 2026 Co\u00fbts de la vie et conseils de relocalisation\">Isra\u00ebl<\/a> bas\u00e9 sur <a href=\"https:\/\/moverdb.com\/fr\/international-removals\/\" data-internallinksmanager029f6b8e52c=\"27\" title=\"36 meilleures entreprises de d\u00e9m\u00e9nagements internationaux au Royaume-Uni\">entreprises de d\u00e9m\u00e9nagement<\/a> qui sont membres de la <a href=\"https:\/\/moverdb.com\/fr\/iam\/\" data-internallinksmanager029f6b8e52c=\"23\" title=\"L&#039;Association internationale des d\u00e9m\u00e9nageurs (IAM) expliqu\u00e9e\">Association internationale des d\u00e9m\u00e9nageurs<\/a> (IAM) et\/ou <a href=\"https:\/\/moverdb.com\/fr\/fidi-faim\/\" data-internallinksmanager029f6b8e52c=\"16\" title=\"Explication de la FIDI et du FAIM (FIDI Accredited International Mover)\">FIDI<\/a> Accredited International Mover (FAIM) qui peut vous aider \u00e0 d\u00e9m\u00e9nager vers, depuis ou \u00e0 l'int\u00e9rieur d'Isra\u00ebl.<\/p>\n<div id=\"ez-toc-container\" class=\"ez-toc-v2_0_82_2 ez-toc-wrap-left counter-hierarchy ez-toc-counter ez-toc-transparent ez-toc-container-direction\">\n<div class=\"ez-toc-title-container\">\n<p class=\"ez-toc-title\" style=\"cursor:inherit\">Sections<\/p>\n<span class=\"ez-toc-title-toggle\"><a href=\"#\" class=\"ez-toc-pull-right ez-toc-btn ez-toc-btn-xs ez-toc-btn-default ez-toc-toggle\" aria-label=\"Toggle Table des mati\u00e8res\"><span class=\"ez-toc-js-icon-con\"><span class=\"\"><span class=\"eztoc-hide\" style=\"display:none;\">Toggle<\/span><span class=\"ez-toc-icon-toggle-span\"><svg style=\"fill: #999;color:#999\" xmlns=\"http:\/\/www.w3.org\/2000\/svg\" class=\"list-377408\" width=\"20px\" height=\"20px\" viewbox=\"0 0 24 24\" fill=\"none\"><path d=\"M6 6H4v2h2V6zm14 0H8v2h12V6zM4 11h2v2H4v-2zm16 0H8v2h12v-2zM4 16h2v2H4v-2zm16 0H8v2h12v-2z\" fill=\"currentColor\"><\/path><\/svg><svg style=\"fill: #999;color:#999\" class=\"arrow-unsorted-368013\" xmlns=\"http:\/\/www.w3.org\/2000\/svg\" width=\"10px\" height=\"10px\" viewbox=\"0 0 24 24\" version=\"1.2\" baseprofile=\"tiny\"><path d=\"M18.2 9.3l-6.2-6.3-6.2 6.3c-.2.2-.3.4-.3.7s.1.5.3.7c.2.2.4.3.7.3h11c.3 0 .5-.1.7-.3.2-.2.3-.5.3-.7s-.1-.5-.3-.7zM5.8 14.7l6.2 6.3 6.2-6.3c.2-.2.3-.5.3-.7s-.1-.5-.3-.7c-.2-.2-.4-.3-.7-.3h-11c-.3 0-.5.1-.7.3-.2.2-.3.5-.3.7s.1.5.3.7z\"\/><\/svg><\/span><\/span><\/span><\/a><\/span><\/div>\n<nav><ul class='ez-toc-list ez-toc-list-level-1 eztoc-toggle-hide-by-default' ><li class='ez-toc-page-1 ez-toc-heading-level-2'><a class=\"ez-toc-link ez-toc-heading-1\" href=\"https:\/\/moverdb.com\/fr\/moving-companies\/moving-companies-israel\/#1_Globus_Relocation\" >1. Relocalisation de Globus<\/a><\/li><li class='ez-toc-page-1 ez-toc-heading-level-2'><a class=\"ez-toc-link ez-toc-heading-2\" href=\"https:\/\/moverdb.com\/fr\/moving-companies\/moving-companies-israel\/#2_Infinity_Pack_Ship\" >2. Emballage et exp\u00e9dition \u00e0 l'infini<\/a><\/li><li class='ez-toc-page-1 ez-toc-heading-level-2'><a class=\"ez-toc-link ez-toc-heading-3\" href=\"https:\/\/moverdb.com\/fr\/moving-companies\/moving-companies-israel\/#3_Ocean\" >3. Oc\u00e9an<\/a><\/li><li class='ez-toc-page-1 ez-toc-heading-level-2'><a class=\"ez-toc-link ez-toc-heading-4\" href=\"https:\/\/moverdb.com\/fr\/moving-companies\/moving-companies-israel\/#4_Sonigo\" >4. Sonigo<\/a><\/li><li class='ez-toc-page-1 ez-toc-heading-level-2'><a class=\"ez-toc-link ez-toc-heading-5\" href=\"https:\/\/moverdb.com\/fr\/moving-companies\/moving-companies-israel\/#5_A_Univers_Transit\" >5. A. Univers Transit<\/a><\/li><li class='ez-toc-page-1 ez-toc-heading-level-2'><a class=\"ez-toc-link ez-toc-heading-6\" href=\"https:\/\/moverdb.com\/fr\/moving-companies\/moving-companies-israel\/#6_Teamnet\" >6. Teamnet<\/a><\/li><li class='ez-toc-page-1 ez-toc-heading-level-2'><a class=\"ez-toc-link ez-toc-heading-7\" href=\"https:\/\/moverdb.com\/fr\/moving-companies\/moving-companies-israel\/#Other_Useful_Guides_to_Israel\" >Autres guides utiles sur Isra\u00ebl<\/a><\/li><\/ul><\/nav><\/div>\n<h2><span class=\"ez-toc-section\" id=\"1_Globus_Relocation\"><\/span><strong>1. Relocalisation de Globus<\/strong><span class=\"ez-toc-section-end\"><\/span><\/h2>\n<p><img loading=\"lazy\" decoding=\"async\" class=\"alignnone size-full wp-image-7699\" src=\"https:\/\/moverdb.com\/wp-content\/uploads\/Globus-Relocation-international-moving-company.png\" alt=\"Globus Relocation entreprise de d\u00e9m\u00e9nagement international\" width=\"1440\" height=\"681\" data-wp-pid=\"7699\" srcset=\"https:\/\/moverdb.com\/wp-content\/uploads\/Globus-Relocation-international-moving-company.png 1440w, https:\/\/moverdb.com\/wp-content\/uploads\/Globus-Relocation-international-moving-company-300x142.png 300w, https:\/\/moverdb.com\/wp-content\/uploads\/Globus-Relocation-international-moving-company-1024x484.png 1024w, https:\/\/moverdb.com\/wp-content\/uploads\/Globus-Relocation-international-moving-company-18x9.png 18w, https:\/\/moverdb.com\/wp-content\/uploads\/Globus-Relocation-international-moving-company-600x284.png 600w\" sizes=\"auto, (max-width: 1440px) 100vw, 1440px\" \/><\/p>\n<ul>\n<li>D\u00e9m\u00e9nagements internationaux<\/li>\n<li>D\u00e9m\u00e9nagements personnels<\/li>\n<li>D\u00e9m\u00e9nagements commerciaux<\/li>\n<li>Services de relocalisation<\/li>\n<li>Service porte-\u00e0-porte<\/li>\n<li>Assistance \u00e0 l'emballage<\/li>\n<li>Mat\u00e9riaux d'emballage avanc\u00e9s et personnalis\u00e9s<\/li>\n<li>Transports terrestres, maritimes et a\u00e9riens<\/li>\n<li>Assurance<\/li>\n<li>Stockage s\u00e9curis\u00e9<\/li>\n<\/ul>\n<p>Globus Relocation est une soci\u00e9t\u00e9 internationale d'emballage et de transport de marchandises. <a href=\"https:\/\/moverdb.com\/fr\/shipping-companies\/\" data-internallinksmanager029f6b8e52c=\"4\" title=\"Les 10 meilleures soci\u00e9t\u00e9s internationales d&#039;exp\u00e9dition de conteneurs\">compagnie de navigation<\/a> qui a \u00e9t\u00e9 fond\u00e9e en 2014 et est bas\u00e9e \u00e0 Ashdod. Ils sont membres de l'IAM et sont accr\u00e9dit\u00e9s par la FIDI. Ces adh\u00e9sions ou accr\u00e9ditations leur donnent acc\u00e8s \u00e0 un r\u00e9seau international d'agents.<\/p>\n<p>Globus Relocation met \u00e0 votre disposition l'un de ses sp\u00e9cialistes pour vous accompagner tout au long de votre d\u00e9m\u00e9nagement. Ils fournissent un service porte-\u00e0-porte qui offre des mat\u00e9riaux d'emballage avanc\u00e9s et des solutions d'emballage personnalis\u00e9es pour tous les articles. Ils organisent le transport de vos biens par voie terrestre, maritime ou a\u00e9rienne. Ils proposent des services de relocalisation suppl\u00e9mentaires, notamment des visas de travail, des recherches de logement et d'\u00e9cole, la location de meubles, des services d'arriv\u00e9e et un service de m\u00e9nage.<\/p>\n<p>Site web : <a href=\"http:\/\/www.globus-relocation.com\" target=\"_blank\" rel=\"noopener\">http:\/\/www.globus-relocation.com<\/a><\/p>\n<h2><span class=\"ez-toc-section\" id=\"2_Infinity_Pack_Ship\"><\/span><strong>2. Emballage et exp\u00e9dition \u00e0 l'infini<\/strong><span class=\"ez-toc-section-end\"><\/span><\/h2>\n<p><img loading=\"lazy\" decoding=\"async\" class=\"alignnone size-full wp-image-7707\" src=\"https:\/\/moverdb.com\/wp-content\/uploads\/Infinity-Pack-Ship-international-moving-company.png\" alt=\"Infinity Pack &amp; Ship soci\u00e9t\u00e9 de d\u00e9m\u00e9nagement international\" width=\"1440\" height=\"680\" data-wp-pid=\"7707\" srcset=\"https:\/\/moverdb.com\/wp-content\/uploads\/Infinity-Pack-Ship-international-moving-company.png 1440w, https:\/\/moverdb.com\/wp-content\/uploads\/Infinity-Pack-Ship-international-moving-company-300x142.png 300w, https:\/\/moverdb.com\/wp-content\/uploads\/Infinity-Pack-Ship-international-moving-company-1024x484.png 1024w, https:\/\/moverdb.com\/wp-content\/uploads\/Infinity-Pack-Ship-international-moving-company-18x9.png 18w, https:\/\/moverdb.com\/wp-content\/uploads\/Infinity-Pack-Ship-international-moving-company-600x283.png 600w\" sizes=\"auto, (max-width: 1440px) 100vw, 1440px\" \/><\/p>\n<ul>\n<li>Mouvements nationaux<\/li>\n<li>D\u00e9m\u00e9nagements internationaux<\/li>\n<li>D\u00e9m\u00e9nagements r\u00e9sidentiels<\/li>\n<li>Envois commerciaux<\/li>\n<li>Porte-\u00e0-porte ou porte-\u00e0-porte<a href=\"https:\/\/moverdb.com\/fr\/top-49-container-ports\/\" data-internallinksmanager029f6b8e52c=\"80\" title=\"Les 49 ports \u00e0 conteneurs les plus importants et les plus fr\u00e9quent\u00e9s en 2025\">port<\/a> service<\/li>\n<li>Assistance \u00e0 l'emballage<\/li>\n<li>Services routiers, maritimes et a\u00e9riens<\/li>\n<li>D\u00e9douanement<\/li>\n<li>Assurance<\/li>\n<li>Stockage de courte \u00e0 longue dur\u00e9e<\/li>\n<\/ul>\n<p>Infinity Pack &amp; Ship est une soci\u00e9t\u00e9 de relocation et de logistique fond\u00e9e en 2005 \u00e0 J\u00e9rusalem. Elle travaille avec un r\u00e9seau international d'entreprises de d\u00e9m\u00e9nagement et de logistique pour fournir ses services. Elle est membre de l'IAM et compte 16 ann\u00e9es de service.<\/p>\n<p>Infinity Pack &amp; Ship propose une \u00e9tude gratuite \u00e0 domicile et s'occupe de toutes les formalit\u00e9s administratives li\u00e9es \u00e0 votre d\u00e9m\u00e9nagement, y compris le d\u00e9douanement. Elle met \u00e0 votre disposition une \u00e9quipe d'emballeurs professionnels pour emballer vos biens en toute s\u00e9curit\u00e9. Ils offrent une vari\u00e9t\u00e9 d'options de transport, y compris le transport routier tel que les coussins d'air ferm\u00e9s, les remorques et la r\u00e9frig\u00e9ration, le fret a\u00e9rien et le fret maritime tel que les chargements complets ou inf\u00e9rieurs \u00e0 un conteneur.<\/p>\n<p>Site web : <a href=\"http:\/\/infinitypack.co.il\" target=\"_blank\" rel=\"noopener\">http:\/\/infinitypack.co.il<\/a><\/p>\n<h2><span class=\"ez-toc-section\" id=\"3_Ocean\"><\/span><strong>3. <\/strong><strong>Oc\u00e9an<\/strong><span class=\"ez-toc-section-end\"><\/span><\/h2>\n<p><img loading=\"lazy\" decoding=\"async\" class=\"alignnone size-full wp-image-7731\" src=\"https:\/\/moverdb.com\/wp-content\/uploads\/Ocean-international-moving-company.png\" alt=\"Soci\u00e9t\u00e9 de d\u00e9m\u00e9nagement international Ocean\" width=\"1440\" height=\"682\" data-wp-pid=\"7731\" srcset=\"https:\/\/moverdb.com\/wp-content\/uploads\/Ocean-international-moving-company.png 1440w, https:\/\/moverdb.com\/wp-content\/uploads\/Ocean-international-moving-company-300x142.png 300w, https:\/\/moverdb.com\/wp-content\/uploads\/Ocean-international-moving-company-1024x485.png 1024w, https:\/\/moverdb.com\/wp-content\/uploads\/Ocean-international-moving-company-18x9.png 18w, https:\/\/moverdb.com\/wp-content\/uploads\/Ocean-international-moving-company-600x284.png 600w\" sizes=\"auto, (max-width: 1440px) 100vw, 1440px\" \/><\/p>\n<ul>\n<li>D\u00e9m\u00e9nagements internationaux<\/li>\n<li>D\u00e9m\u00e9nagements de m\u00e9nages<\/li>\n<li>Services de relocalisation<\/li>\n<li>Un gestionnaire de client\u00e8le pour vous aider<\/li>\n<li>Service d'emballage<\/li>\n<li>Transport routier, maritime et a\u00e9rien<\/li>\n<li>D\u00e9douanement<\/li>\n<li>Suivi de l'envoi<\/li>\n<li>Accr\u00e9dit\u00e9 par la FIDI<\/li>\n<li>Services de stockage globaux<\/li>\n<\/ul>\n<p>Ocean est une soci\u00e9t\u00e9 de d\u00e9m\u00e9nagement et de r\u00e9installation bas\u00e9e dans le kibboutz Yakum. Elle travaille avec des partenaires internationaux pour fournir des services de d\u00e9m\u00e9nagement et de r\u00e9installation \u00e0 l'\u00e9chelle internationale. Elle est membre de l'IAM, avec 79 ans de service, et est accr\u00e9dit\u00e9e par la FIDI.<\/p>\n<p>Ocean met \u00e0 votre disposition un responsable de la relocation qui vous accompagnera tout au long de votre d\u00e9m\u00e9nagement et \u00e9tablira un plan d'exp\u00e9dition. Un \u00e9valuateur est charg\u00e9 d'\u00e9valuer vos besoins et d'\u00e9tablir un plan de ce qui doit \u00eatre transport\u00e9 par avion, par bateau ou dans les bagages. Les services de relocation comprennent la recherche d'un logement et d'\u00e9coles, les services d'acclimatation, le logement temporaire, la location de meubles, les visas de travail, l'apprentissage des langues et les solutions de stockage.<\/p>\n<p>Site web : <a href=\"http:\/\/www.ocean-il.co.il\" target=\"_blank\" rel=\"noopener\">http:\/\/www.ocean-il.co.il<\/a><\/p>\n<h2><span class=\"ez-toc-section\" id=\"4_Sonigo\"><\/span><strong>4. Sonigo<\/strong><span class=\"ez-toc-section-end\"><\/span><\/h2>\n<p><img loading=\"lazy\" decoding=\"async\" class=\"alignnone size-full wp-image-7750\" src=\"https:\/\/moverdb.com\/wp-content\/uploads\/Sonigo-international-moving-company.png\" alt=\"Sonigo international moving company\" width=\"1440\" height=\"679\" data-wp-pid=\"7750\" srcset=\"https:\/\/moverdb.com\/wp-content\/uploads\/Sonigo-international-moving-company.png 1440w, https:\/\/moverdb.com\/wp-content\/uploads\/Sonigo-international-moving-company-300x141.png 300w, https:\/\/moverdb.com\/wp-content\/uploads\/Sonigo-international-moving-company-1024x483.png 1024w, https:\/\/moverdb.com\/wp-content\/uploads\/Sonigo-international-moving-company-18x8.png 18w, https:\/\/moverdb.com\/wp-content\/uploads\/Sonigo-international-moving-company-600x283.png 600w\" sizes=\"auto, (max-width: 1440px) 100vw, 1440px\" \/><\/p>\n<ul>\n<li>D\u00e9m\u00e9nagements locaux et nationaux<\/li>\n<li>D\u00e9m\u00e9nagements et relocalisations internationaux<\/li>\n<li>D\u00e9m\u00e9nagements de m\u00e9nages<\/li>\n<li>D\u00e9m\u00e9nagements commerciaux<\/li>\n<li>Service porte-\u00e0-porte<\/li>\n<li>Service d'emballage<\/li>\n<li>D\u00e9douanement<\/li>\n<li>Manipulation d'objets d'art<\/li>\n<li>Assurance<\/li>\n<li>Stockage \u00e0 court et \u00e0 long terme<\/li>\n<\/ul>\n<p>Sonigo est un <a href=\"https:\/\/moverdb.com\/fr\/container-shipping\/\" data-internallinksmanager029f6b8e52c=\"3\" title=\"Graphique des taux d&#039;exp\u00e9dition des conteneurs internationaux : Avril 2026\">exp\u00e9dition internationale<\/a> La soci\u00e9t\u00e9 Gan Yavne, en activit\u00e9 depuis 1986, propose des services d'emballage et d'exp\u00e9dition pour les m\u00e9nages et les entreprises. Elle dispose d'un r\u00e9seau mondial d'agents maritimes internationaux tri\u00e9s sur le volet. Elle est membre de l'IAM, avec 36 ans de service, et est accr\u00e9dit\u00e9e par la FIDI.<\/p>\n<p>Sonigo propose des services de d\u00e9m\u00e9nagement et de relocalisation porte \u00e0 porte qui commencent par une visite \u00e0 domicile pour \u00e9valuer les besoins et \u00e9tablir un devis. Ils proposent un service d'emballage professionnel, la pr\u00e9paration des documents et l'organisation du transport. Leurs services de relocation comprennent les visas, le conseil fiscal, la recherche de logement et d'\u00e9cole, la location de meubles, les services d'arriv\u00e9e, les services d'orientation et l'assistance en mati\u00e8re de services publics.<\/p>\n<p>Site web : <a href=\"http:\/\/www.sonigo.com\" target=\"_blank\" rel=\"noopener\">http:\/\/www.sonigo.com<\/a><\/p>\n<h2><span class=\"ez-toc-section\" id=\"5_A_Univers_Transit\"><\/span><strong>5. A. Univers Transit<\/strong><span class=\"ez-toc-section-end\"><\/span><\/h2>\n<p><img loading=\"lazy\" decoding=\"async\" class=\"alignnone size-full wp-image-7654\" src=\"https:\/\/moverdb.com\/wp-content\/uploads\/A-Univers-Transit-international-moving-company.png\" alt=\"Une entreprise de d\u00e9m\u00e9nagement international Univers Transit\" width=\"1440\" height=\"691\" data-wp-pid=\"7654\" srcset=\"https:\/\/moverdb.com\/wp-content\/uploads\/A-Univers-Transit-international-moving-company.png 1440w, https:\/\/moverdb.com\/wp-content\/uploads\/A-Univers-Transit-international-moving-company-300x144.png 300w, https:\/\/moverdb.com\/wp-content\/uploads\/A-Univers-Transit-international-moving-company-1024x491.png 1024w, https:\/\/moverdb.com\/wp-content\/uploads\/A-Univers-Transit-international-moving-company-18x9.png 18w, https:\/\/moverdb.com\/wp-content\/uploads\/A-Univers-Transit-international-moving-company-600x288.png 600w\" sizes=\"auto, (max-width: 1440px) 100vw, 1440px\" \/><\/p>\n<ul>\n<li>D\u00e9m\u00e9nagements internationaux<\/li>\n<li>D\u00e9m\u00e9nagements de m\u00e9nages<\/li>\n<li>D\u00e9m\u00e9nagements commerciaux<\/li>\n<li>Services de relocalisation<\/li>\n<li>Service porte-\u00e0-porte<\/li>\n<li>Emballage professionnel<\/li>\n<li>Transport a\u00e9rien et maritime<\/li>\n<li>Remplir les formalit\u00e9s administratives<\/li>\n<li>Recherche de domicile et d'\u00e9cole<\/li>\n<li>Stockage s\u00e9curis\u00e9<\/li>\n<\/ul>\n<p>Univers Transit est une soci\u00e9t\u00e9 d'exp\u00e9dition, de transport et de relocalisation qui propose \u00e9galement des solutions d'emballage et de stockage. Elle a \u00e9t\u00e9 fond\u00e9e \u00e0 la fin des ann\u00e9es 1980. Elle poss\u00e8de des bureaux \u00e0 Tel Aviv, Ashdod et Ha\u00effa. Elle est membre de l'IAM avec 28 ans de service et est accr\u00e9dit\u00e9e par la FIDI.<\/p>\n<p>Univers Transit propose des services de d\u00e9m\u00e9nagement et de r\u00e9installation de porte \u00e0 porte qui commencent par une r\u00e9union de consultation afin d'\u00e9valuer vos besoins et de cr\u00e9er un plan de d\u00e9m\u00e9nagement. Ils fournissent des services d'emballage professionnels et des cartons appropri\u00e9s pour vos biens. Ils chargent les conteneurs et les cartons pour le transport et les am\u00e8nent \u00e0 l'a\u00e9roport ou au port pour la livraison.<\/p>\n<p>Site web : <a href=\"http:\/\/www.univers-transit.co.il\" target=\"_blank\" rel=\"noopener\">http:\/\/www.univers-transit.co.il<\/a><\/p>\n<h2><span class=\"ez-toc-section\" id=\"6_Teamnet\"><\/span><strong>6. Teamnet<\/strong><span class=\"ez-toc-section-end\"><\/span><\/h2>\n<p><img loading=\"lazy\" decoding=\"async\" class=\"alignnone size-full wp-image-7752\" src=\"https:\/\/moverdb.com\/wp-content\/uploads\/Teamnet-international-moving-company.png\" alt=\"Teamnet soci\u00e9t\u00e9 de d\u00e9m\u00e9nagement international\" width=\"1440\" height=\"685\" data-wp-pid=\"7752\" srcset=\"https:\/\/moverdb.com\/wp-content\/uploads\/Teamnet-international-moving-company.png 1440w, https:\/\/moverdb.com\/wp-content\/uploads\/Teamnet-international-moving-company-300x143.png 300w, https:\/\/moverdb.com\/wp-content\/uploads\/Teamnet-international-moving-company-1024x487.png 1024w, https:\/\/moverdb.com\/wp-content\/uploads\/Teamnet-international-moving-company-18x9.png 18w, https:\/\/moverdb.com\/wp-content\/uploads\/Teamnet-international-moving-company-600x285.png 600w\" sizes=\"auto, (max-width: 1440px) 100vw, 1440px\" \/><\/p>\n<ul>\n<li>D\u00e9m\u00e9nagements internationaux<\/li>\n<li>D\u00e9m\u00e9nagements personnels<\/li>\n<li>Envois commerciaux<\/li>\n<li>Services de relocalisation<\/li>\n<li>Service porte-\u00e0-porte<\/li>\n<li>Services d'emballage<\/li>\n<li>Organisation de l'exp\u00e9dition ou du fret a\u00e9rien<\/li>\n<li>Formalit\u00e9s douani\u00e8res<\/li>\n<li>Assurance<\/li>\n<li>Installations de stockage<\/li>\n<\/ul>\n<p>Teamnet est une soci\u00e9t\u00e9 de d\u00e9m\u00e9nagement et de r\u00e9installation bas\u00e9e \u00e0 Ha\u00effa. Elle offre une gamme de services aux particuliers et aux entreprises qui transportent des biens \u00e0 destination ou en provenance d'Isra\u00ebl. Elle travaille avec un r\u00e9seau d'agents internationaux pour fournir des services en dehors d'Isra\u00ebl et est membre de l'IAM.<\/p>\n<p>Teamnet offre un service de d\u00e9m\u00e9nagement et de r\u00e9installation porte-\u00e0-porte pour les clients qui partent ou qui arrivent en Isra\u00ebl. Ils offrent une consultation \u00e0 domicile pour \u00e9valuer vos besoins en mati\u00e8re de d\u00e9m\u00e9nagement. Ils cr\u00e9eront un plan d\u00e9taill\u00e9 et fourniront un service d'emballage en utilisant des mat\u00e9riaux d'emballage avanc\u00e9s adapt\u00e9s au transport maritime ou a\u00e9rien. Ils se chargeront des formalit\u00e9s administratives et douani\u00e8res.<\/p>\n<p>Site web : <a href=\"http:\/\/www.en.team-net.co.il\" target=\"_blank\" rel=\"noopener\">http:\/\/www.en.team-net.co.il<\/a><\/p>\n<h2><span class=\"ez-toc-section\" id=\"Other_Useful_Guides_to_Israel\"><\/span>Autres guides utiles sur Isra\u00ebl<span class=\"ez-toc-section-end\"><\/span><\/h2>\n<ul>\n<li> <a href=\"https:\/\/moverdb.com\/fr\/expedition-par-conteneur\/israel\/\">2024 Tarifs d'exp\u00e9dition de conteneurs de fret maritime \u00e0 destination et en provenance d'Isra\u00ebl<\/a><\/li>\n<li> <a href=\"https:\/\/moverdb.com\/fr\/moving-to-israel\/\">D\u00e9m\u00e9nager en Isra\u00ebl ? 2026 Co\u00fbts de la vie et conseils de relocalisation<\/a><\/li>\n<li> <a href=\"https:\/\/moverdb.com\/fr\/moving-to-israel\/best-places-to-live-israel\/\">13 meilleurs endroits pour vivre en Isra\u00ebl<\/a><\/li>\n<li> <a href=\"https:\/\/moverdb.com\/fr\/moving-to-israel\/living-in-israel\/\">21 secrets sur la vie en Isra\u00ebl \u00e0 conna\u00eetre avant de d\u00e9m\u00e9nager<\/a><\/li>\n<\/ul>","protected":false},"excerpt":{"rendered":"<p>Moving your home or business can be stressful so employing the services of a moving company could reduce the workload and ease the move. So below we have compiled a list of Israel based removal companies that are members of the International Association of Movers (IAM) and\/or FIDI Accredited International Mover (FAIM) who could assist [&hellip;]<\/p>\n","protected":false},"author":4,"featured_media":0,"parent":190,"menu_order":0,"comment_status":"closed","ping_status":"closed","template":"","meta":{"_genesis_hide_title":false,"_genesis_hide_breadcrumbs":false,"_genesis_hide_singular_image":false,"_genesis_hide_footer_widgets":false,"_genesis_custom_body_class":"","_genesis_custom_post_class":"","_genesis_layout":"","footnotes":""},"class_list":{"0":"post-7779","1":"page","2":"type-page","3":"status-publish","5":"entry","6":"has-post-thumbnail"},"_links":{"self":[{"href":"https:\/\/moverdb.com\/fr\/wp-json\/wp\/v2\/pages\/7779","targetHints":{"allow":["GET"]}}],"collection":[{"href":"https:\/\/moverdb.com\/fr\/wp-json\/wp\/v2\/pages"}],"about":[{"href":"https:\/\/moverdb.com\/fr\/wp-json\/wp\/v2\/types\/page"}],"author":[{"embeddable":true,"href":"https:\/\/moverdb.com\/fr\/wp-json\/wp\/v2\/users\/4"}],"replies":[{"embeddable":true,"href":"https:\/\/moverdb.com\/fr\/wp-json\/wp\/v2\/comments?post=7779"}],"version-history":[{"count":4,"href":"https:\/\/moverdb.com\/fr\/wp-json\/wp\/v2\/pages\/7779\/revisions"}],"predecessor-version":[{"id":17076,"href":"https:\/\/moverdb.com\/fr\/wp-json\/wp\/v2\/pages\/7779\/revisions\/17076"}],"up":[{"embeddable":true,"href":"https:\/\/moverdb.com\/fr\/wp-json\/wp\/v2\/pages\/190"}],"wp:attachment":[{"href":"https:\/\/moverdb.com\/fr\/wp-json\/wp\/v2\/media?parent=7779"}],"curies":[{"name":"wp","href":"https:\/\/api.w.org\/{rel}","templated":true}]}}