{"id":7764,"date":"2023-04-27T14:59:23","date_gmt":"2023-04-27T14:59:23","guid":{"rendered":"https:\/\/moverdb.com\/?page_id=7764"},"modified":"2026-01-08T15:23:45","modified_gmt":"2026-01-08T15:23:45","slug":"moving-companies-iraq","status":"publish","type":"page","link":"https:\/\/moverdb.com\/fr\/moving-companies\/moving-companies-iraq\/","title":{"rendered":"2 Meilleures entreprises de d\u00e9m\u00e9nagements internationaux en Irak"},"content":{"rendered":"<p>Il n'est jamais simple de d\u00e9m\u00e9nager sa maison ou son entreprise. Obtenir de l'aide peut donc s'av\u00e9rer tr\u00e8s utile, surtout si vous d\u00e9m\u00e9nagez d'un pays \u00e0 l'autre. Si vous d\u00e9m\u00e9nagez en Iraq, \u00e0 destination ou en provenance de ce pays, nous avons dress\u00e9 une liste des organismes suivants <a href=\"https:\/\/moverdb.com\/fr\/international-removals\/\" data-internallinksmanager029f6b8e52c=\"27\" title=\"36 meilleures entreprises de d\u00e9m\u00e9nagements internationaux au Royaume-Uni\">entreprises de d\u00e9m\u00e9nagement<\/a> qui sont membres de la <a href=\"https:\/\/moverdb.com\/fr\/iam\/\" data-internallinksmanager029f6b8e52c=\"23\" title=\"L&#039;Association internationale des d\u00e9m\u00e9nageurs (IAM) expliqu\u00e9e\">Association internationale des d\u00e9m\u00e9nageurs<\/a> (IAM) et\/ou <a href=\"https:\/\/moverdb.com\/fr\/fidi-faim\/\" data-internallinksmanager029f6b8e52c=\"16\" title=\"Explication de la FIDI et du FAIM (FIDI Accredited International Mover)\">FIDI<\/a> D\u00e9m\u00e9nageur international accr\u00e9dit\u00e9 (FAIM) qui pourrait vous aider dans votre d\u00e9m\u00e9nagement.<\/p>\n<h2><strong>1. BCC Logistics<\/strong><\/h2>\n<p><img loading=\"lazy\" decoding=\"async\" class=\"alignnone size-full wp-image-7673\" src=\"https:\/\/moverdb.com\/wp-content\/uploads\/BCC-Logistics-international-moving-company.png\" alt=\"BCC Logistics entreprise de d\u00e9m\u00e9nagements internationaux\" width=\"1440\" height=\"634\" data-wp-pid=\"7673\" srcset=\"https:\/\/moverdb.com\/wp-content\/uploads\/BCC-Logistics-international-moving-company.png 1440w, https:\/\/moverdb.com\/wp-content\/uploads\/BCC-Logistics-international-moving-company-300x132.png 300w, https:\/\/moverdb.com\/wp-content\/uploads\/BCC-Logistics-international-moving-company-1024x451.png 1024w, https:\/\/moverdb.com\/wp-content\/uploads\/BCC-Logistics-international-moving-company-18x8.png 18w, https:\/\/moverdb.com\/wp-content\/uploads\/BCC-Logistics-international-moving-company-600x264.png 600w\" sizes=\"auto, (max-width: 1440px) 100vw, 1440px\" \/><\/p>\n<ul>\n<li>Mouvements nationaux<\/li>\n<li>D\u00e9m\u00e9nagements internationaux<\/li>\n<li>D\u00e9m\u00e9nagements de m\u00e9nages<\/li>\n<li>D\u00e9m\u00e9nagements d'entreprises, de diplomates et de militaires<\/li>\n<li>Service de d\u00e9m\u00e9nagement porte-\u00e0-porte<\/li>\n<li>Service d'emballage<\/li>\n<li>Fret routier, maritime et a\u00e9rien<\/li>\n<li>D\u00e9douanement<\/li>\n<li>Manipulation des beaux-arts<\/li>\n<li>Installations de stockage<\/li>\n<\/ul>\n<p>BCC Logistics est un prestataire mondial de services de transport de fret qui a \u00e9t\u00e9 fond\u00e9 en 1993 dans la r\u00e9gion de la mer Baltique. <a href=\"https:\/\/moverdb.com\/fr\/moving-companies\/moving-companies-lebanon\/\" data-internallinksmanager029f6b8e52c=\"302\" title=\"7 Meilleures entreprises de d\u00e9m\u00e9nagements internationaux au Liban\">Liban<\/a> avec des bureaux dans <a href=\"https:\/\/moverdb.com\/fr\/moving-to-qatar\/\" data-internallinksmanager029f6b8e52c=\"334\" title=\"D\u00e9m\u00e9nager au Qatar ? 2026 Co\u00fbts de la vie et conseils de relocalisation\">Qatar<\/a>, l'Irak et l'Afrique du Sud <a href=\"https:\/\/moverdb.com\/fr\/moving-to-saudi-arabia\/\" data-internallinksmanager029f6b8e52c=\"319\" title=\"D\u00e9m\u00e9nager en Arabie Saoudite ? 2026 Co\u00fbts de la vie et conseils de relocalisation\">Arabie Saoudite<\/a>. Le bureau irakien d'Erbil a ouvert ses portes en 2008. La soci\u00e9t\u00e9 dispose d'un r\u00e9seau international d'agents pour soutenir ses efforts \u00e0 l'\u00e9chelle mondiale. Elle est membre de l'AIM et compte 15 ans d'anciennet\u00e9.<\/p>\n<p>BCC Logistics offre un service de d\u00e9m\u00e9nagement porte \u00e0 porte pour les d\u00e9m\u00e9nagements nationaux et internationaux. Elle propose un service d'emballage qui comprend des exp\u00e9ditions maritimes en conteneur, des exp\u00e9ditions a\u00e9riennes en tri-wall et des fourgons \u00e9l\u00e9vateurs en bois. Ils d\u00e9balleront et installeront les meubles et enl\u00e8veront tous les d\u00e9bris d'emballage. Ils organisent l'exp\u00e9dition par voie terrestre, a\u00e9rienne ou maritime avec les formalit\u00e9s douani\u00e8res.<\/p>\n<p>Site web : <a href=\"http:\/\/www.bcclogistics.com\" target=\"_blank\" rel=\"noopener\">http:\/\/www.bcclogistics.com<\/a><\/p>\n<h2><strong>2. Paxton<\/strong><\/h2>\n<p><img loading=\"lazy\" decoding=\"async\" class=\"alignnone size-full wp-image-7736\" src=\"https:\/\/moverdb.com\/wp-content\/uploads\/Paxton-international-moving-company.png\" alt=\"Entreprise de d\u00e9m\u00e9nagement international Paxton\" width=\"1440\" height=\"682\" data-wp-pid=\"7736\" srcset=\"https:\/\/moverdb.com\/wp-content\/uploads\/Paxton-international-moving-company.png 1440w, https:\/\/moverdb.com\/wp-content\/uploads\/Paxton-international-moving-company-300x142.png 300w, https:\/\/moverdb.com\/wp-content\/uploads\/Paxton-international-moving-company-1024x485.png 1024w, https:\/\/moverdb.com\/wp-content\/uploads\/Paxton-international-moving-company-18x9.png 18w, https:\/\/moverdb.com\/wp-content\/uploads\/Paxton-international-moving-company-600x284.png 600w\" sizes=\"auto, (max-width: 1440px) 100vw, 1440px\" \/><\/p>\n<ul>\n<li>Mouvements nationaux<\/li>\n<li>D\u00e9m\u00e9nagements internationaux<\/li>\n<li>D\u00e9m\u00e9nagements de m\u00e9nages<\/li>\n<li>D\u00e9m\u00e9nagements de bureaux et d'industries<\/li>\n<li>Service porte-\u00e0-porte<\/li>\n<li>Service d'emballage<\/li>\n<li>Organisation du transport<\/li>\n<li>D\u00e9douanement<\/li>\n<li>Transport de v\u00e9hicules<\/li>\n<li>Installations de stockage s\u00e9curis\u00e9es<\/li>\n<\/ul>\n<p>Paxton est une soci\u00e9t\u00e9 de services de relocalisation, d'information et de gestion logistique qui op\u00e8re au niveau local et mondial. Elle est pr\u00e9sente depuis plus de 60 ans et poss\u00e8de des bureaux en Am\u00e9rique, au Pakistan et au Sud-Soudan, <a href=\"https:\/\/moverdb.com\/fr\/moving-to-singapore\/\" data-internallinksmanager029f6b8e52c=\"68\" title=\"Vous partez pour Singapour ? 2026 Co\u00fbt de la vie et conseils de relocalisation\">Singapour<\/a>La soci\u00e9t\u00e9 est pr\u00e9sente en Europe, en Afghanistan et en Irak, \u00e0 Bagdad et \u00e0 Erbil. Elle dispose d'un r\u00e9seau de partenaires s\u00e9lectionn\u00e9s pour fournir des services \u00e0 l'\u00e9chelle internationale et est membre de l'IAM.<\/p>\n<p>Paxton propose un service de d\u00e9m\u00e9nagement porte-\u00e0-porte \u00e0 l'\u00e9chelle locale, nationale et internationale. Ils proposent un service d'emballage pour prot\u00e9ger vos biens pendant le transport, ou une option de bricolage. Elle propose des options de transport adapt\u00e9es \u00e0 vos besoins et \u00e0 votre budget, ainsi qu'un service de d\u00e9douanement.<\/p>\n<p>Site web : <a href=\"http:\/\/www.paxton.com\" target=\"_blank\" rel=\"noopener\">http:\/\/www.paxton.com<\/a><\/p>","protected":false},"excerpt":{"rendered":"<p>Moving home or your business is never straightforward so getting assistance can really help especially if you are moving between countries. If you moving within, to or from Iraq, we have compiled a list of removal companies that are members of the International Association of Movers (IAM) and\/or FIDI Accredited International Mover (FAIM) who could [&hellip;]<\/p>\n","protected":false},"author":4,"featured_media":0,"parent":190,"menu_order":0,"comment_status":"closed","ping_status":"closed","template":"","meta":{"_genesis_hide_title":false,"_genesis_hide_breadcrumbs":false,"_genesis_hide_singular_image":false,"_genesis_hide_footer_widgets":false,"_genesis_custom_body_class":"","_genesis_custom_post_class":"","_genesis_layout":"","footnotes":""},"class_list":{"0":"post-7764","1":"page","2":"type-page","3":"status-publish","5":"entry","6":"has-post-thumbnail"},"_links":{"self":[{"href":"https:\/\/moverdb.com\/fr\/wp-json\/wp\/v2\/pages\/7764","targetHints":{"allow":["GET"]}}],"collection":[{"href":"https:\/\/moverdb.com\/fr\/wp-json\/wp\/v2\/pages"}],"about":[{"href":"https:\/\/moverdb.com\/fr\/wp-json\/wp\/v2\/types\/page"}],"author":[{"embeddable":true,"href":"https:\/\/moverdb.com\/fr\/wp-json\/wp\/v2\/users\/4"}],"replies":[{"embeddable":true,"href":"https:\/\/moverdb.com\/fr\/wp-json\/wp\/v2\/comments?post=7764"}],"version-history":[{"count":1,"href":"https:\/\/moverdb.com\/fr\/wp-json\/wp\/v2\/pages\/7764\/revisions"}],"predecessor-version":[{"id":7765,"href":"https:\/\/moverdb.com\/fr\/wp-json\/wp\/v2\/pages\/7764\/revisions\/7765"}],"up":[{"embeddable":true,"href":"https:\/\/moverdb.com\/fr\/wp-json\/wp\/v2\/pages\/190"}],"wp:attachment":[{"href":"https:\/\/moverdb.com\/fr\/wp-json\/wp\/v2\/media?parent=7764"}],"curies":[{"name":"wp","href":"https:\/\/api.w.org\/{rel}","templated":true}]}}