{"id":7516,"date":"2023-02-01T14:01:04","date_gmt":"2023-02-01T14:01:04","guid":{"rendered":"https:\/\/moverdb.com\/?page_id=7516"},"modified":"2026-01-08T15:29:56","modified_gmt":"2026-01-08T15:29:56","slug":"entreprises-de-demenagement-guyane","status":"publish","type":"page","link":"https:\/\/moverdb.com\/fr\/moving-companies\/moving-companies-guyana\/","title":{"rendered":"Les meilleures soci\u00e9t\u00e9s de d\u00e9m\u00e9nagement international en Guyane"},"content":{"rendered":"<p>Si vous envisagez de d\u00e9m\u00e9nager vers ou depuis la Guyane, ou \u00e0 l'int\u00e9rieur de la Guyane, vous souhaiterez peut-\u00eatre obtenir de l'aide pour votre d\u00e9m\u00e9nagement. Professionnel <a href=\"https:\/\/moverdb.com\/fr\/moving-companies\/\" data-internallinksmanager029f6b8e52c=\"79\" title=\"Les 25 meilleures soci\u00e9t\u00e9s de d\u00e9m\u00e9nagement international en ligne\">entreprises de d\u00e9m\u00e9nagement<\/a> peut r\u00e9duire le travail n\u00e9cessaire \u00e0 l'emballage, la planification et l'organisation de votre d\u00e9m\u00e9nagement. Nous avons dress\u00e9 ci-dessous une liste des entreprises de d\u00e9m\u00e9nagement bas\u00e9es en Guyane. <a href=\"https:\/\/moverdb.com\/fr\/international-removals\/\" data-internallinksmanager029f6b8e52c=\"27\" title=\"36 meilleures entreprises de d\u00e9m\u00e9nagements internationaux au Royaume-Uni\">entreprises de d\u00e9m\u00e9nagement<\/a> qui sont membres de la <a href=\"https:\/\/moverdb.com\/fr\/iam\/\" data-internallinksmanager029f6b8e52c=\"23\" title=\"L&#039;Association internationale des d\u00e9m\u00e9nageurs (IAM) expliqu\u00e9e\">Association internationale des d\u00e9m\u00e9nageurs<\/a> (IAM) et\/ou <a href=\"https:\/\/moverdb.com\/fr\/fidi-faim\/\" data-internallinksmanager029f6b8e52c=\"16\" title=\"Explication de la FIDI et du FAIM (FIDI Accredited International Mover)\">FIDI<\/a> D\u00e9m\u00e9nageur international accr\u00e9dit\u00e9 (FAIM) qui pourrait vous aider dans votre d\u00e9m\u00e9nagement.<\/p>\n<p><strong>Guywillship<\/strong><\/p>\n<p><img loading=\"lazy\" decoding=\"async\" class=\"alignnone size-full wp-image-7448\" src=\"https:\/\/moverdb.com\/wp-content\/uploads\/Guywillship-international-moving-company.png\" alt=\"Entreprise de d\u00e9m\u00e9nagement international Guywillship\" width=\"1440\" height=\"679\" data-wp-pid=\"7448\" srcset=\"https:\/\/moverdb.com\/wp-content\/uploads\/Guywillship-international-moving-company.png 1440w, https:\/\/moverdb.com\/wp-content\/uploads\/Guywillship-international-moving-company-300x141.png 300w, https:\/\/moverdb.com\/wp-content\/uploads\/Guywillship-international-moving-company-1024x483.png 1024w, https:\/\/moverdb.com\/wp-content\/uploads\/Guywillship-international-moving-company-18x8.png 18w, https:\/\/moverdb.com\/wp-content\/uploads\/Guywillship-international-moving-company-600x283.png 600w\" sizes=\"auto, (max-width: 1440px) 100vw, 1440px\" \/><\/p>\n<ul>\n<li>Offre uniquement des services de ramassage et de livraison<\/li>\n<li>Sp\u00e9cialis\u00e9 dans <a href=\"https:\/\/moverdb.com\/fr\/moving-to-the-united-states\/\" data-internallinksmanager029f6b8e52c=\"94\" title=\"Vous partez aux \u00c9tats-Unis ? 2026 Co\u00fbt de la vie et conseils de relocalisation\">US<\/a> aux exp\u00e9ditions dans les Cara\u00efbes<\/li>\n<li>D\u00e9m\u00e9nagements outre-mer<\/li>\n<li>D\u00e9m\u00e9nagements de m\u00e9nages<\/li>\n<li>Fret commercial<\/li>\n<li>Service porte-\u00e0-porte<\/li>\n<li>Transport routier, maritime et a\u00e9rien<\/li>\n<li>Suivi intelligent<\/li>\n<li>Consolidation des envois<\/li>\n<li>Membre de l'IAM<\/li>\n<\/ul>\n<p>Guywillship est un agent maritime et logistique sp\u00e9cialis\u00e9 dans le transport de marchandises entre les \u00c9tats-Unis et les Cara\u00efbes. Il a plus de 30 ans d'exp\u00e9rience dans le d\u00e9m\u00e9nagement de marchandises. Elle est membre d'IAM, ce qui lui donne acc\u00e8s \u00e0 un r\u00e9seau d'agents de d\u00e9m\u00e9nagement internationaux pour fournir ses services.<\/p>\n<p>Guywillship propose des services d'enl\u00e8vement et de livraison porte-\u00e0-porte qui conviennent \u00e0 ceux qui d\u00e9m\u00e9nagent. Ils proposent des exp\u00e9ditions a\u00e9riennes et maritimes de marchandises, qu'ils ont effectu\u00e9es \u00e0 plus de 200 000 reprises. Elle offre des services de suivi de pr\u00e9cision gr\u00e2ce \u00e0 une infrastructure en nuage d\u00e9di\u00e9e qui vous tient au courant de l'\u00e9volution de votre exp\u00e9dition.<\/p>\n<p>Site web : <a href=\"http:\/\/www.guywillship.com\" target=\"_blank\" rel=\"noopener\">http:\/\/www.guywillship.com<\/a><\/p>","protected":false},"excerpt":{"rendered":"<p>If you are planning a move to or from Guyana, or within Guyana, you may want some help with your move. Professional moving companies can reduce the work needed by packing, planning and organising your move. Below we have compiled a list of Guyana based removal companies that are members of the International Association of [&hellip;]<\/p>\n","protected":false},"author":4,"featured_media":0,"parent":190,"menu_order":0,"comment_status":"closed","ping_status":"closed","template":"","meta":{"_genesis_hide_title":false,"_genesis_hide_breadcrumbs":false,"_genesis_hide_singular_image":false,"_genesis_hide_footer_widgets":false,"_genesis_custom_body_class":"","_genesis_custom_post_class":"","_genesis_layout":"","footnotes":""},"class_list":{"0":"post-7516","1":"page","2":"type-page","3":"status-publish","5":"entry","6":"has-post-thumbnail"},"_links":{"self":[{"href":"https:\/\/moverdb.com\/fr\/wp-json\/wp\/v2\/pages\/7516","targetHints":{"allow":["GET"]}}],"collection":[{"href":"https:\/\/moverdb.com\/fr\/wp-json\/wp\/v2\/pages"}],"about":[{"href":"https:\/\/moverdb.com\/fr\/wp-json\/wp\/v2\/types\/page"}],"author":[{"embeddable":true,"href":"https:\/\/moverdb.com\/fr\/wp-json\/wp\/v2\/users\/4"}],"replies":[{"embeddable":true,"href":"https:\/\/moverdb.com\/fr\/wp-json\/wp\/v2\/comments?post=7516"}],"version-history":[{"count":1,"href":"https:\/\/moverdb.com\/fr\/wp-json\/wp\/v2\/pages\/7516\/revisions"}],"predecessor-version":[{"id":7517,"href":"https:\/\/moverdb.com\/fr\/wp-json\/wp\/v2\/pages\/7516\/revisions\/7517"}],"up":[{"embeddable":true,"href":"https:\/\/moverdb.com\/fr\/wp-json\/wp\/v2\/pages\/190"}],"wp:attachment":[{"href":"https:\/\/moverdb.com\/fr\/wp-json\/wp\/v2\/media?parent=7516"}],"curies":[{"name":"wp","href":"https:\/\/api.w.org\/{rel}","templated":true}]}}