{"id":7512,"date":"2023-02-01T13:59:57","date_gmt":"2023-02-01T13:59:57","guid":{"rendered":"https:\/\/moverdb.com\/?page_id=7512"},"modified":"2026-01-08T15:24:16","modified_gmt":"2026-01-08T15:24:16","slug":"entreprises-de-demenagement-guatemala","status":"publish","type":"page","link":"https:\/\/moverdb.com\/fr\/moving-companies\/moving-companies-guatemala\/","title":{"rendered":"3 meilleures soci\u00e9t\u00e9s de d\u00e9m\u00e9nagement international au Guatemala"},"content":{"rendered":"<p>Vous d\u00e9m\u00e9nagez vers ou depuis le Guatemala, ou \u00e0 l'int\u00e9rieur du pays ? Dans ce cas, vous pourriez \u00eatre int\u00e9ress\u00e9 par les services d'une agence de location de voitures. <a href=\"https:\/\/moverdb.com\/fr\/moving-companies\/\" data-internallinksmanager029f6b8e52c=\"79\" title=\"Les 25 meilleures soci\u00e9t\u00e9s de d\u00e9m\u00e9nagement international en ligne\">soci\u00e9t\u00e9 de d\u00e9m\u00e9nagement<\/a> qui peuvent vous aider pour l'emballage, le transport et les formalit\u00e9s douani\u00e8res. Nous avons dress\u00e9 ci-dessous une liste de soci\u00e9t\u00e9s bas\u00e9es au Guatemala. <a href=\"https:\/\/moverdb.com\/fr\/international-removals\/\" data-internallinksmanager029f6b8e52c=\"27\" title=\"36 meilleures entreprises de d\u00e9m\u00e9nagements internationaux au Royaume-Uni\">entreprises de d\u00e9m\u00e9nagement<\/a> qui sont membres de la <a href=\"https:\/\/moverdb.com\/fr\/iam\/\" data-internallinksmanager029f6b8e52c=\"23\" title=\"L&#039;Association internationale des d\u00e9m\u00e9nageurs (IAM) expliqu\u00e9e\">Association internationale des d\u00e9m\u00e9nageurs<\/a> (IAM) et\/ou <a href=\"https:\/\/moverdb.com\/fr\/fidi-faim\/\" data-internallinksmanager029f6b8e52c=\"16\" title=\"Explication de la FIDI et du FAIM (FIDI Accredited International Mover)\">FIDI<\/a> D\u00e9m\u00e9nageur international accr\u00e9dit\u00e9 (FAIM) qui pourrait vous aider dans votre d\u00e9m\u00e9nagement.<\/p>\n<h2><strong>1. Brizmud<\/strong><\/h2>\n<p><img loading=\"lazy\" decoding=\"async\" class=\"alignnone size-full wp-image-7422\" src=\"https:\/\/moverdb.com\/wp-content\/uploads\/Brizmud-international-moving-company.png\" alt=\"Brizmud, soci\u00e9t\u00e9 de d\u00e9m\u00e9nagement international\" width=\"1440\" height=\"686\" data-wp-pid=\"7422\" srcset=\"https:\/\/moverdb.com\/wp-content\/uploads\/Brizmud-international-moving-company.png 1440w, https:\/\/moverdb.com\/wp-content\/uploads\/Brizmud-international-moving-company-300x143.png 300w, https:\/\/moverdb.com\/wp-content\/uploads\/Brizmud-international-moving-company-1024x488.png 1024w, https:\/\/moverdb.com\/wp-content\/uploads\/Brizmud-international-moving-company-18x9.png 18w, https:\/\/moverdb.com\/wp-content\/uploads\/Brizmud-international-moving-company-600x286.png 600w\" sizes=\"auto, (max-width: 1440px) 100vw, 1440px\" \/><\/p>\n<ul>\n<li>D\u00e9m\u00e9nagements nationaux<\/li>\n<li>D\u00e9m\u00e9nagements internationaux<\/li>\n<li>Services de relocalisation<\/li>\n<li>D\u00e9m\u00e9nagements de m\u00e9nages<\/li>\n<li>Services d'emballage<\/li>\n<li>Transport routier, maritime et a\u00e9rien<\/li>\n<li>Documents douaniers<\/li>\n<li>Transport des \u0153uvres d'art<\/li>\n<li>R\u00e9seau d'agents internationaux<\/li>\n<li>Installations de stockage<\/li>\n<\/ul>\n<p>Brizmud est une entreprise de d\u00e9m\u00e9nagement local et international bas\u00e9e au Guatemala. Elle fournit des services de d\u00e9m\u00e9nagement et de relocalisation aux m\u00e9nages. Ils disposent d'un r\u00e9seau de fournisseurs et d'agents qualifi\u00e9s qui leur permet d'op\u00e9rer dans d'autres pays. Elle est membre d'IAM avec cinq ans d'anciennet\u00e9.<\/p>\n<p>Brizmud offre un service personnalis\u00e9 \u00e0 ses clients, notamment en adaptant son offre de d\u00e9m\u00e9nagement aux besoins des clients. Ils fournissent une gamme de services de d\u00e9m\u00e9nagement comprenant l'emballage de vos biens en toute s\u00e9curit\u00e9, l'organisation du transit par route, mer ou air et l'assistance douani\u00e8re pour remplir les documents. Ils proposent \u00e9galement des services de stockage si vous en avez besoin.<\/p>\n<p>Site web : <a href=\"https:\/\/brizmud.com\/\" target=\"_blank\" rel=\"noopener\">https:\/\/brizmud.com\/<\/a><\/p>\n<h2><strong>2. Intermud<\/strong><\/h2>\n<p><img loading=\"lazy\" decoding=\"async\" class=\"alignnone size-full wp-image-7457\" src=\"https:\/\/moverdb.com\/wp-content\/uploads\/Intermud-international-moving-company.png\" alt=\"Intermud, soci\u00e9t\u00e9 de d\u00e9m\u00e9nagement international\" width=\"1440\" height=\"683\" data-wp-pid=\"7457\" srcset=\"https:\/\/moverdb.com\/wp-content\/uploads\/Intermud-international-moving-company.png 1440w, https:\/\/moverdb.com\/wp-content\/uploads\/Intermud-international-moving-company-300x142.png 300w, https:\/\/moverdb.com\/wp-content\/uploads\/Intermud-international-moving-company-1024x486.png 1024w, https:\/\/moverdb.com\/wp-content\/uploads\/Intermud-international-moving-company-18x9.png 18w, https:\/\/moverdb.com\/wp-content\/uploads\/Intermud-international-moving-company-600x285.png 600w\" sizes=\"auto, (max-width: 1440px) 100vw, 1440px\" \/><\/p>\n<ul>\n<li>Mouvements nationaux<\/li>\n<li>D\u00e9m\u00e9nagements internationaux<\/li>\n<li>D\u00e9m\u00e9nagements r\u00e9sidentiels<\/li>\n<li>D\u00e9m\u00e9nagements de bureaux<\/li>\n<li>Conseils pour le d\u00e9m\u00e9nagement<\/li>\n<li>Services d'emballage<\/li>\n<li>D\u00e9montage et montage de meubles<\/li>\n<li>Transport par voie terrestre, maritime et a\u00e9rienne<\/li>\n<li>Soutien douanier<\/li>\n<li>Installations de stockage<\/li>\n<\/ul>\n<p>Intermud est une entreprise de d\u00e9m\u00e9nagement et de logistique qui a plus de 35 ans d'exp\u00e9rience dans le d\u00e9m\u00e9nagement de personnes et qui est bas\u00e9e au Guatemala. Elle est membre de l'IAM avec 40 ans de service et est accr\u00e9dit\u00e9e par la FIDI. Gr\u00e2ce \u00e0 leur adh\u00e9sion, ils peuvent acc\u00e9der \u00e0 un r\u00e9seau international d'agents de d\u00e9m\u00e9nagement pour les aider dans leurs d\u00e9m\u00e9nagements \u00e0 l'\u00e9tranger.<\/p>\n<p>Intermud propose des d\u00e9m\u00e9nagements r\u00e9sidentiels et professionnels au niveau local et international. Pour les clients r\u00e9sidentiels, ils fournissent des services d'emballage et de d\u00e9ballage, la location temporaire de meubles et des installations de stockage. Pour les d\u00e9m\u00e9nagements de bureaux, ils s'adressent aussi bien aux petits bureaux qu'aux grands b\u00e2timents et proposent des services d'emballage et de d\u00e9ballage, de d\u00e9montage et de montage de meubles, et d'emballage s\u00e9curis\u00e9 des \u00e9quipements \u00e9lectroniques.<\/p>\n<p>Site web : <a href=\"http:\/\/www.intermud.com\" target=\"_blank\" rel=\"noopener\">http:\/\/www.intermud.com<\/a><\/p>\n<h2><strong>3. Swiss Global Movers<\/strong><\/h2>\n<p><img loading=\"lazy\" decoding=\"async\" class=\"alignnone size-full wp-image-7493\" src=\"https:\/\/moverdb.com\/wp-content\/uploads\/Swiss-Global-Movers-international-moving-company.png\" alt=\"Swiss Global Movers entreprise de d\u00e9m\u00e9nagement international\" width=\"1440\" height=\"683\" data-wp-pid=\"7493\" srcset=\"https:\/\/moverdb.com\/wp-content\/uploads\/Swiss-Global-Movers-international-moving-company.png 1440w, https:\/\/moverdb.com\/wp-content\/uploads\/Swiss-Global-Movers-international-moving-company-300x142.png 300w, https:\/\/moverdb.com\/wp-content\/uploads\/Swiss-Global-Movers-international-moving-company-1024x486.png 1024w, https:\/\/moverdb.com\/wp-content\/uploads\/Swiss-Global-Movers-international-moving-company-18x9.png 18w, https:\/\/moverdb.com\/wp-content\/uploads\/Swiss-Global-Movers-international-moving-company-600x285.png 600w\" sizes=\"auto, (max-width: 1440px) 100vw, 1440px\" \/><\/p>\n<ul>\n<li>D\u00e9placements locaux<\/li>\n<li>D\u00e9m\u00e9nagements internationaux<\/li>\n<li>D\u00e9m\u00e9nagements de m\u00e9nages<\/li>\n<li>D\u00e9m\u00e9nagements d'entreprises<\/li>\n<li>Solutions porte-\u00e0-porte<\/li>\n<li>Personnel qualifi\u00e9<\/li>\n<li>Service d'emballage<\/li>\n<li>Organisation du transport<\/li>\n<li>Services douaniers<\/li>\n<li>Installations de stockage<\/li>\n<\/ul>\n<p>Swiss Global Movers est un fournisseur de services de d\u00e9m\u00e9nagement et de logistique bas\u00e9 \u00e0 Guatemala City, qui a plus de 20 ans d'exp\u00e9rience. Ils travaillent en partenariat avec d'autres entreprises pour fournir un service complet avec une couverture mondiale. Ils sont membres d'IAM depuis 42 ans.<\/p>\n<p>Swiss Global Movers met \u00e0 votre disposition un personnel qualifi\u00e9 pour vous conseiller et vous aider \u00e0 planifier votre d\u00e9m\u00e9nagement. Ils fournissent un service porte-\u00e0-porte qui comprend un service d'emballage et de d\u00e9ballage et peuvent proposer un stockage provisoire si n\u00e9cessaire. Ils organisent le transport de vos biens, y compris la gestion des processus d'importation et d'exportation avec les services douaniers.<\/p>\n<p>Site web : <a href=\"https:\/\/swissglobalmovers.com.gt\/\" target=\"_blank\" rel=\"noopener\">https:\/\/swissglobalmovers.com.gt\/<\/a><\/p>","protected":false},"excerpt":{"rendered":"<p>Are you moving to or from, or within Guatemala? Then you might be interested in the services of a moving company that can assist with packing, transportation and customs formalities. Below we have compiled a list of Guatemala based removal companies that are members of the International Association of Movers (IAM) and\/or FIDI Accredited International [&hellip;]<\/p>\n","protected":false},"author":4,"featured_media":0,"parent":190,"menu_order":0,"comment_status":"closed","ping_status":"closed","template":"","meta":{"_genesis_hide_title":false,"_genesis_hide_breadcrumbs":false,"_genesis_hide_singular_image":false,"_genesis_hide_footer_widgets":false,"_genesis_custom_body_class":"","_genesis_custom_post_class":"","_genesis_layout":"","footnotes":""},"class_list":{"0":"post-7512","1":"page","2":"type-page","3":"status-publish","5":"entry","6":"has-post-thumbnail"},"_links":{"self":[{"href":"https:\/\/moverdb.com\/fr\/wp-json\/wp\/v2\/pages\/7512","targetHints":{"allow":["GET"]}}],"collection":[{"href":"https:\/\/moverdb.com\/fr\/wp-json\/wp\/v2\/pages"}],"about":[{"href":"https:\/\/moverdb.com\/fr\/wp-json\/wp\/v2\/types\/page"}],"author":[{"embeddable":true,"href":"https:\/\/moverdb.com\/fr\/wp-json\/wp\/v2\/users\/4"}],"replies":[{"embeddable":true,"href":"https:\/\/moverdb.com\/fr\/wp-json\/wp\/v2\/comments?post=7512"}],"version-history":[{"count":1,"href":"https:\/\/moverdb.com\/fr\/wp-json\/wp\/v2\/pages\/7512\/revisions"}],"predecessor-version":[{"id":7513,"href":"https:\/\/moverdb.com\/fr\/wp-json\/wp\/v2\/pages\/7512\/revisions\/7513"}],"up":[{"embeddable":true,"href":"https:\/\/moverdb.com\/fr\/wp-json\/wp\/v2\/pages\/190"}],"wp:attachment":[{"href":"https:\/\/moverdb.com\/fr\/wp-json\/wp\/v2\/media?parent=7512"}],"curies":[{"name":"wp","href":"https:\/\/api.w.org\/{rel}","templated":true}]}}