{"id":6051,"date":"2023-02-01T12:39:56","date_gmt":"2023-02-01T12:39:56","guid":{"rendered":"https:\/\/moverdb.com\/?page_id=6051"},"modified":"2026-01-08T15:24:43","modified_gmt":"2026-01-08T15:24:43","slug":"entreprises-de-demenagement-finlande","status":"publish","type":"page","link":"https:\/\/moverdb.com\/fr\/moving-companies\/moving-companies-finland\/","title":{"rendered":"4 meilleures soci\u00e9t\u00e9s de d\u00e9m\u00e9nagements internationaux en Finlande"},"content":{"rendered":"<p>Le d\u00e9m\u00e9nagement d'une maison ou de locaux professionnels peut \u00eatre une p\u00e9riode stressante car il y a beaucoup de choses \u00e0 organiser, surtout si vous d\u00e9m\u00e9nagez dans un autre pays. Ainsi, faire appel aux services d'un <a href=\"https:\/\/moverdb.com\/fr\/moving-companies\/\" data-internallinksmanager029f6b8e52c=\"79\" title=\"Les 25 meilleures soci\u00e9t\u00e9s de d\u00e9m\u00e9nagement international en ligne\">soci\u00e9t\u00e9 de d\u00e9m\u00e9nagement<\/a> peuvent vous aider \u00e0 all\u00e9ger la charge, car ils peuvent prendre toutes les dispositions pour vous et vous aider \u00e0 vous d\u00e9brouiller dans les formalit\u00e9s administratives. Nous avons dress\u00e9 ci-dessous une liste de <a href=\"https:\/\/moverdb.com\/fr\/international-removals\/\" data-internallinksmanager029f6b8e52c=\"27\" title=\"36 meilleures entreprises de d\u00e9m\u00e9nagements internationaux au Royaume-Uni\">entreprises de d\u00e9m\u00e9nagement<\/a> bas\u00e9 \u00e0 <a href=\"https:\/\/moverdb.com\/fr\/moving-to-finland\/\" data-internallinksmanager029f6b8e52c=\"345\" title=\"D\u00e9m\u00e9nager en Finlande ? 2026 Co\u00fbts de la vie et conseils de relocalisation\">Finlande<\/a> qui sont membres de la <a href=\"https:\/\/moverdb.com\/fr\/iam\/\" data-internallinksmanager029f6b8e52c=\"23\" title=\"L&#039;Association internationale des d\u00e9m\u00e9nageurs (IAM) expliqu\u00e9e\">Association internationale des d\u00e9m\u00e9nageurs<\/a> (IAM) et\/ou <a href=\"https:\/\/moverdb.com\/fr\/fidi-faim\/\" data-internallinksmanager029f6b8e52c=\"16\" title=\"Explication de la FIDI et du FAIM (FIDI Accredited International Mover)\">FIDI<\/a> D\u00e9m\u00e9nageur international accr\u00e9dit\u00e9 (FAIM) qui pourrait vous aider dans votre d\u00e9m\u00e9nagement.<\/p>\n<div id=\"ez-toc-container\" class=\"ez-toc-v2_0_82_2 ez-toc-wrap-left counter-hierarchy ez-toc-counter ez-toc-transparent ez-toc-container-direction\">\n<div class=\"ez-toc-title-container\">\n<p class=\"ez-toc-title\" style=\"cursor:inherit\">Sections<\/p>\n<span class=\"ez-toc-title-toggle\"><a href=\"#\" class=\"ez-toc-pull-right ez-toc-btn ez-toc-btn-xs ez-toc-btn-default ez-toc-toggle\" aria-label=\"Toggle Table des mati\u00e8res\"><span class=\"ez-toc-js-icon-con\"><span class=\"\"><span class=\"eztoc-hide\" style=\"display:none;\">Toggle<\/span><span class=\"ez-toc-icon-toggle-span\"><svg style=\"fill: #999;color:#999\" xmlns=\"http:\/\/www.w3.org\/2000\/svg\" class=\"list-377408\" width=\"20px\" height=\"20px\" viewbox=\"0 0 24 24\" fill=\"none\"><path d=\"M6 6H4v2h2V6zm14 0H8v2h12V6zM4 11h2v2H4v-2zm16 0H8v2h12v-2zM4 16h2v2H4v-2zm16 0H8v2h12v-2z\" fill=\"currentColor\"><\/path><\/svg><svg style=\"fill: #999;color:#999\" class=\"arrow-unsorted-368013\" xmlns=\"http:\/\/www.w3.org\/2000\/svg\" width=\"10px\" height=\"10px\" viewbox=\"0 0 24 24\" version=\"1.2\" baseprofile=\"tiny\"><path d=\"M18.2 9.3l-6.2-6.3-6.2 6.3c-.2.2-.3.4-.3.7s.1.5.3.7c.2.2.4.3.7.3h11c.3 0 .5-.1.7-.3.2-.2.3-.5.3-.7s-.1-.5-.3-.7zM5.8 14.7l6.2 6.3 6.2-6.3c.2-.2.3-.5.3-.7s-.1-.5-.3-.7c-.2-.2-.4-.3-.7-.3h-11c-.3 0-.5.1-.7.3-.2.2-.3.5-.3.7s.1.5.3.7z\"\/><\/svg><\/span><\/span><\/span><\/a><\/span><\/div>\n<nav><ul class='ez-toc-list ez-toc-list-level-1 eztoc-toggle-hide-by-default' ><li class='ez-toc-page-1 ez-toc-heading-level-2'><a class=\"ez-toc-link ez-toc-heading-1\" href=\"https:\/\/moverdb.com\/fr\/moving-companies\/moving-companies-finland\/#1_Travelcargo_International_Removals\" >1. D\u00e9m\u00e9nagements internationaux de Travelcargo<\/a><\/li><li class='ez-toc-page-1 ez-toc-heading-level-2'><a class=\"ez-toc-link ez-toc-heading-2\" href=\"https:\/\/moverdb.com\/fr\/moving-companies\/moving-companies-finland\/#2_Niemi_Services\" >2. Services Niemi<\/a><\/li><li class='ez-toc-page-1 ez-toc-heading-level-2'><a class=\"ez-toc-link ez-toc-heading-3\" href=\"https:\/\/moverdb.com\/fr\/moving-companies\/moving-companies-finland\/#3_Pegasus_Moving\" >3. Pegasus Moving<\/a><\/li><li class='ez-toc-page-1 ez-toc-heading-level-2'><a class=\"ez-toc-link ez-toc-heading-4\" href=\"https:\/\/moverdb.com\/fr\/moving-companies\/moving-companies-finland\/#4_Victor_EK\" >4. Victor EK<\/a><\/li><li class='ez-toc-page-1 ez-toc-heading-level-2'><a class=\"ez-toc-link ez-toc-heading-5\" href=\"https:\/\/moverdb.com\/fr\/moving-companies\/moving-companies-finland\/#Other_Useful_Guides_to_Finland\" >Autres guides utiles sur la Finlande<\/a><\/li><\/ul><\/nav><\/div>\n<h2><span class=\"ez-toc-section\" id=\"1_Travelcargo_International_Removals\"><\/span><strong>1. D\u00e9m\u00e9nagements internationaux de Travelcargo<\/strong><span class=\"ez-toc-section-end\"><\/span><\/h2>\n<p><img loading=\"lazy\" decoding=\"async\" class=\"alignnone size-full wp-image-6052\" src=\"https:\/\/moverdb.com\/wp-content\/uploads\/Travel-Cargo-international-moving-company.png\" alt=\"Travel Cargo, entreprise de d\u00e9m\u00e9nagement international\" width=\"1440\" height=\"672\" data-wp-pid=\"6052\" srcset=\"https:\/\/moverdb.com\/wp-content\/uploads\/Travel-Cargo-international-moving-company.png 1440w, https:\/\/moverdb.com\/wp-content\/uploads\/Travel-Cargo-international-moving-company-300x140.png 300w, https:\/\/moverdb.com\/wp-content\/uploads\/Travel-Cargo-international-moving-company-1024x478.png 1024w, https:\/\/moverdb.com\/wp-content\/uploads\/Travel-Cargo-international-moving-company-18x8.png 18w, https:\/\/moverdb.com\/wp-content\/uploads\/Travel-Cargo-international-moving-company-600x280.png 600w\" sizes=\"auto, (max-width: 1440px) 100vw, 1440px\" \/><\/p>\n<ul>\n<li>D\u00e9m\u00e9nagements internationaux<\/li>\n<li>D\u00e9m\u00e9nagements de m\u00e9nages<\/li>\n<li>D\u00e9m\u00e9nagements d'entreprises<\/li>\n<li>Service porte-\u00e0-porte<\/li>\n<li>Service d'emballage professionnel<\/li>\n<li>Transport routier, a\u00e9rien et maritime<\/li>\n<li>D\u00e9douanement<\/li>\n<li>Transport des animaux<\/li>\n<li>Service d'exc\u00e9dent de bagages<\/li>\n<li>Foires et \u00e9v\u00e9nements<\/li>\n<\/ul>\n<p>Travelcargo International Removals est une soci\u00e9t\u00e9 de d\u00e9m\u00e9nagement et de logistique bas\u00e9e \u00e0 Helsinki, fond\u00e9e en 2005. Elle est une division d'ATC Global Solutions. Elle offre des services de d\u00e9m\u00e9nagement dans plus de 180 pays \u00e0 travers le monde gr\u00e2ce \u00e0 des partenariats avec d'autres agents de d\u00e9m\u00e9nagement internationaux. Elle est membre de l'IAM depuis 17 ans et est accr\u00e9dit\u00e9e par la FIDI.<\/p>\n<p>Travelcargo propose une enqu\u00eate pr\u00e9alable au d\u00e9m\u00e9nagement pour \u00e9valuer vos besoins et organiser votre d\u00e9m\u00e9nagement avec un service porte-\u00e0-porte. Ils mettent \u00e0 votre disposition des emballeurs professionnels qui emballent vos biens en toute s\u00e9curit\u00e9 en utilisant des mat\u00e9riaux d'emballage de haute qualit\u00e9. Ils organisent le transport par route, air et mer avec d\u00e9douanement.<\/p>\n<p>Site web : <a href=\"http:\/\/www.travelcargo.fi\" target=\"_blank\" rel=\"noopener\">http:\/\/www.travelcargo.fi<\/a><\/p>\n<h2><span class=\"ez-toc-section\" id=\"2_Niemi_Services\"><\/span><strong>2. Services Niemi<\/strong><span class=\"ez-toc-section-end\"><\/span><\/h2>\n<p><img loading=\"lazy\" decoding=\"async\" class=\"alignnone size-full wp-image-5986\" src=\"https:\/\/moverdb.com\/wp-content\/uploads\/Niemi-Services-international-moving-company.png\" alt=\"Niemi Services, entreprise de d\u00e9m\u00e9nagement international\" width=\"1440\" height=\"683\" data-wp-pid=\"5986\" srcset=\"https:\/\/moverdb.com\/wp-content\/uploads\/Niemi-Services-international-moving-company.png 1440w, https:\/\/moverdb.com\/wp-content\/uploads\/Niemi-Services-international-moving-company-300x142.png 300w, https:\/\/moverdb.com\/wp-content\/uploads\/Niemi-Services-international-moving-company-1024x486.png 1024w, https:\/\/moverdb.com\/wp-content\/uploads\/Niemi-Services-international-moving-company-18x9.png 18w, https:\/\/moverdb.com\/wp-content\/uploads\/Niemi-Services-international-moving-company-600x285.png 600w\" sizes=\"auto, (max-width: 1440px) 100vw, 1440px\" \/><\/p>\n<ul>\n<li>Mouvements nationaux<\/li>\n<li>D\u00e9m\u00e9nagements internationaux<\/li>\n<li>D\u00e9m\u00e9nagements r\u00e9sidentiels<\/li>\n<li>D\u00e9m\u00e9nagements d'entreprises<\/li>\n<li>Choix du niveau du paquet de d\u00e9m\u00e9nagement<\/li>\n<li>Services d'emballage<\/li>\n<li>Fret routier, maritime et a\u00e9rien<\/li>\n<li>D\u00e9douanement<\/li>\n<li>Assurance<\/li>\n<li>Installations de stockage \u00e0 court et \u00e0 long terme<\/li>\n<\/ul>\n<p>Niemi Services est une entreprise de d\u00e9m\u00e9nagement et de logistique qui poss\u00e8de des centres op\u00e9rationnels \u00e0 Helsinki, Jyvaskyla, Kuopio, <a href=\"https:\/\/www.niemi.fi\/en\/about_us\/offices\/niemi_lahti\" target=\"_blank\" rel=\"noopener\">Lahti<\/a>,&nbsp;<a href=\"https:\/\/www.niemi.fi\/en\/about_us\/offices\/niemi_oulu\" target=\"_blank\" rel=\"noopener\">Oulu<\/a>,&nbsp;<a href=\"https:\/\/www.niemi.fi\/en\/about_us\/offices\/niemi_tampere\" target=\"_blank\" rel=\"noopener\">Tampere<\/a>,&nbsp;<a href=\"https:\/\/www.niemi.fi\/en\/about_us\/offices\/niemi_turku\" target=\"_blank\" rel=\"noopener\">Turku<\/a>et&nbsp;<a href=\"https:\/\/www.niemi.fi\/en\/about_us\/offices\/niemi_vaasa\" target=\"_blank\" rel=\"noopener\">Vaasa<\/a>. Ils proposent des d\u00e9m\u00e9nagements dans le monde entier en partenariat avec des agents de d\u00e9m\u00e9nagement internationaux. Ils sont membres de l'IAM avec 41 ans de service et sont accr\u00e9dit\u00e9s par la FIDI.<\/p>\n<p>Niemi Services propose un choix de services de d\u00e9m\u00e9nagement allant de la location de cartons de d\u00e9m\u00e9nagement \u00e0 un d\u00e9m\u00e9nagement complet. Ils proposent une visite d'\u00e9valuation et de planification gratuite pour organiser votre d\u00e9m\u00e9nagement. Ils utilisent leur propre flotte de v\u00e9hicules et proposent \u00e9galement un service de fret a\u00e9rien et maritime pour un seul article ou des conteneurs complets.<\/p>\n<p>Site web : <a href=\"http:\/\/www.niemi.fi\/en\" target=\"_blank\" rel=\"noopener\">http:\/\/www.niemi.fi\/en<\/a><\/p>\n<h2><span class=\"ez-toc-section\" id=\"3_Pegasus_Moving\"><\/span><strong>3. Pegasus Moving<\/strong><span class=\"ez-toc-section-end\"><\/span><\/h2>\n<p><img loading=\"lazy\" decoding=\"async\" class=\"alignnone size-full wp-image-5991\" src=\"https:\/\/moverdb.com\/wp-content\/uploads\/Pegasus-Moving-international-moving-company.png\" alt=\"Pegasus Moving, soci\u00e9t\u00e9 de d\u00e9m\u00e9nagement international\" width=\"1440\" height=\"682\" data-wp-pid=\"5991\" srcset=\"https:\/\/moverdb.com\/wp-content\/uploads\/Pegasus-Moving-international-moving-company.png 1440w, https:\/\/moverdb.com\/wp-content\/uploads\/Pegasus-Moving-international-moving-company-300x142.png 300w, https:\/\/moverdb.com\/wp-content\/uploads\/Pegasus-Moving-international-moving-company-1024x485.png 1024w, https:\/\/moverdb.com\/wp-content\/uploads\/Pegasus-Moving-international-moving-company-18x9.png 18w, https:\/\/moverdb.com\/wp-content\/uploads\/Pegasus-Moving-international-moving-company-600x284.png 600w\" sizes=\"auto, (max-width: 1440px) 100vw, 1440px\" \/><\/p>\n<ul>\n<li>Mouvements nationaux<\/li>\n<li>D\u00e9m\u00e9nagements internationaux<\/li>\n<li>D\u00e9m\u00e9nagements de m\u00e9nages<\/li>\n<li>Services de relocalisation<\/li>\n<li>Des services sur mesure<\/li>\n<li>Services d'emballage<\/li>\n<li>Bo\u00eetes d'exp\u00e9dition sur mesure<\/li>\n<li>Soutien douanier<\/li>\n<li>Transport des voitures<\/li>\n<li>Stockage de courte \u00e0 longue dur\u00e9e<\/li>\n<\/ul>\n<p>Pegasus Moving est une entreprise de d\u00e9m\u00e9nagement et de logistique qui a plus de 20 ans d'exp\u00e9rience et qui est bas\u00e9e \u00e0 Helsinki. Elle travaille avec d'autres agents de d\u00e9m\u00e9nagement pour effectuer des d\u00e9m\u00e9nagements internationaux. Elle est membre de l'IAM depuis 11 ans.<\/p>\n<p>Pegasus Moving propose des inspections de d\u00e9m\u00e9nagement pour d\u00e9terminer vos besoins, et peut fournir des services d'emballage pour prot\u00e9ger vos biens. Ils organiseront tous les aspects de votre d\u00e9m\u00e9nagement en fonction de vos besoins et vous aideront \u00e0 remplir les formalit\u00e9s douani\u00e8res. Ils proposent \u00e9galement des services suppl\u00e9mentaires tels que le nettoyage final, l'enl\u00e8vement des d\u00e9chets, le recyclage des vieux meubles, l'installation d'appareils \u00e9lectriques et l'entreposage.<\/p>\n<p>Site web : <a href=\"http:\/\/www.pegasusmoving.fi\" target=\"_blank\" rel=\"noopener\">http:\/\/www.pegasusmoving.fi<\/a><\/p>\n<h2><span class=\"ez-toc-section\" id=\"4_Victor_EK\"><\/span><strong>4. Victor EK<\/strong><span class=\"ez-toc-section-end\"><\/span><\/h2>\n<p><img loading=\"lazy\" decoding=\"async\" class=\"alignnone size-full wp-image-6010\" src=\"https:\/\/moverdb.com\/wp-content\/uploads\/Victor-EK-international-moving-company.png\" alt=\"Victor EK, entreprise de d\u00e9m\u00e9nagement international\" width=\"1440\" height=\"682\" data-wp-pid=\"6010\" srcset=\"https:\/\/moverdb.com\/wp-content\/uploads\/Victor-EK-international-moving-company.png 1440w, https:\/\/moverdb.com\/wp-content\/uploads\/Victor-EK-international-moving-company-300x142.png 300w, https:\/\/moverdb.com\/wp-content\/uploads\/Victor-EK-international-moving-company-1024x485.png 1024w, https:\/\/moverdb.com\/wp-content\/uploads\/Victor-EK-international-moving-company-18x9.png 18w, https:\/\/moverdb.com\/wp-content\/uploads\/Victor-EK-international-moving-company-600x284.png 600w\" sizes=\"auto, (max-width: 1440px) 100vw, 1440px\" \/><\/p>\n<ul>\n<li>Mouvements nationaux<\/li>\n<li>D\u00e9m\u00e9nagements internationaux<\/li>\n<li>D\u00e9m\u00e9nagements de m\u00e9nages<\/li>\n<li>D\u00e9m\u00e9nagements d'entreprises<\/li>\n<li>Service d'emballage<\/li>\n<li>Transports terrestres, maritimes et a\u00e9riens<\/li>\n<li>D\u00e9douanement<\/li>\n<li>Assurance<\/li>\n<li>Transport des voitures<\/li>\n<li>Installations de stockage<\/li>\n<\/ul>\n<p>Victor EK est une entreprise familiale d'exp\u00e9dition et de logistique fond\u00e9e en 1885, avec des bureaux \u00e0 Helsinki, Tampere et Hanko. Elle entretient des relations \u00e0 long terme avec des compagnies maritimes et des organisations internationales pour fournir ses services dans le monde entier. Elle est membre de la <a href=\"https:\/\/moverdb.com\/fr\/harmony-relocation-network\/\" data-internallinksmanager029f6b8e52c=\"20\" title=\"Le r\u00e9seau Harmony Relocation Network (HRN) expliqu\u00e9\">R\u00e9seau de relocalisation Harmony<\/a> ad IAM avec 129 ans de service et sont accr\u00e9dit\u00e9s par la FIDI.<\/p>\n<p>Victor EK propose une inspection de d\u00e9m\u00e9nagement gratuite pour d\u00e9couvrir vos besoins. Ils fournissent des services d'emballage si vous en avez besoin. Ils organisent le transport de vos biens par voie terrestre, a\u00e9rienne ou maritime et vous aident \u00e0 effectuer les formalit\u00e9s de d\u00e9douanement et d'assurance. Ils proposent \u00e9galement des services de nettoyage lorsque vous quittez votre domicile.<\/p>\n<p>Site web : <a href=\"http:\/\/www.victorek.fi\" target=\"_blank\" rel=\"noopener\">http:\/\/www.victorek.fi<\/a><\/p>\n<h2><span class=\"ez-toc-section\" id=\"Other_Useful_Guides_to_Finland\"><\/span>Autres guides utiles sur la Finlande<span class=\"ez-toc-section-end\"><\/span><\/h2>\n<ul>\n<li> <a href=\"https:\/\/moverdb.com\/fr\/moving-to-finland\/\">D\u00e9m\u00e9nager en Finlande ? 2026 Co\u00fbts de la vie et conseils de relocalisation<\/a><\/li>\n<li> <a href=\"https:\/\/moverdb.com\/fr\/moving-to-finland\/best-places-to-live-finland\/\">12 meilleurs endroits pour vivre en Finlande<\/a><\/li>\n<li> <a href=\"https:\/\/moverdb.com\/fr\/moving-to-finland\/living-in-finland\/\">21 secrets sur la vie en Finlande \u00e0 conna\u00eetre avant de d\u00e9m\u00e9nager<\/a><\/li>\n<li> <a href=\"https:\/\/moverdb.com\/fr\/expedition-par-conteneur\/finlande\/\">2024 Tarifs d'exp\u00e9dition de conteneurs de fret maritime au d\u00e9part et \u00e0 destination de la Finlande<\/a><\/li>\n<\/ul>","protected":false},"excerpt":{"rendered":"<p>Moving home or business premises can be a stressful time as there is so much to arrange, especially if you are moving to another country. So, engaging the services of a moving company can help lighten the load as they can make all the arrangements for you and assist you in navigating through the paperwork. [&hellip;]<\/p>\n","protected":false},"author":4,"featured_media":0,"parent":190,"menu_order":0,"comment_status":"closed","ping_status":"closed","template":"","meta":{"_genesis_hide_title":false,"_genesis_hide_breadcrumbs":false,"_genesis_hide_singular_image":false,"_genesis_hide_footer_widgets":false,"_genesis_custom_body_class":"","_genesis_custom_post_class":"","_genesis_layout":"","footnotes":""},"class_list":{"0":"post-6051","1":"page","2":"type-page","3":"status-publish","5":"entry","6":"has-post-thumbnail"},"_links":{"self":[{"href":"https:\/\/moverdb.com\/fr\/wp-json\/wp\/v2\/pages\/6051","targetHints":{"allow":["GET"]}}],"collection":[{"href":"https:\/\/moverdb.com\/fr\/wp-json\/wp\/v2\/pages"}],"about":[{"href":"https:\/\/moverdb.com\/fr\/wp-json\/wp\/v2\/types\/page"}],"author":[{"embeddable":true,"href":"https:\/\/moverdb.com\/fr\/wp-json\/wp\/v2\/users\/4"}],"replies":[{"embeddable":true,"href":"https:\/\/moverdb.com\/fr\/wp-json\/wp\/v2\/comments?post=6051"}],"version-history":[{"count":3,"href":"https:\/\/moverdb.com\/fr\/wp-json\/wp\/v2\/pages\/6051\/revisions"}],"predecessor-version":[{"id":16285,"href":"https:\/\/moverdb.com\/fr\/wp-json\/wp\/v2\/pages\/6051\/revisions\/16285"}],"up":[{"embeddable":true,"href":"https:\/\/moverdb.com\/fr\/wp-json\/wp\/v2\/pages\/190"}],"wp:attachment":[{"href":"https:\/\/moverdb.com\/fr\/wp-json\/wp\/v2\/media?parent=6051"}],"curies":[{"name":"wp","href":"https:\/\/api.w.org\/{rel}","templated":true}]}}