{"id":6049,"date":"2023-02-01T13:40:08","date_gmt":"2023-02-01T13:40:08","guid":{"rendered":"https:\/\/moverdb.com\/?page_id=6049"},"modified":"2026-01-08T15:24:41","modified_gmt":"2026-01-08T15:24:41","slug":"entreprises-de-demenagement-fiji","status":"publish","type":"page","link":"https:\/\/moverdb.com\/fr\/moving-companies\/moving-companies-fiji\/","title":{"rendered":"Les 4 meilleures soci\u00e9t\u00e9s de d\u00e9m\u00e9nagement international aux Fidji"},"content":{"rendered":"<p>Si vous pr\u00e9voyez de vous d\u00e9placer vers, depuis ou \u00e0 l'int\u00e9rieur des Fidji, il est pr\u00e9f\u00e9rable de faire appel aux services d'une entreprise r\u00e9put\u00e9e. <a href=\"https:\/\/moverdb.com\/fr\/moving-companies\/\" data-internallinksmanager029f6b8e52c=\"79\" title=\"Les 25 meilleures soci\u00e9t\u00e9s de d\u00e9m\u00e9nagement international en ligne\">soci\u00e9t\u00e9 de d\u00e9m\u00e9nagement<\/a> pour vous aider. Nous avons dress\u00e9 ci-dessous une liste des entreprises fidjiennes. <a href=\"https:\/\/moverdb.com\/fr\/international-removals\/\" data-internallinksmanager029f6b8e52c=\"27\" title=\"36 meilleures entreprises de d\u00e9m\u00e9nagements internationaux au Royaume-Uni\">entreprises de d\u00e9m\u00e9nagement<\/a> qui sont membres de la <a href=\"https:\/\/moverdb.com\/fr\/iam\/\" data-internallinksmanager029f6b8e52c=\"23\" title=\"L&#039;Association internationale des d\u00e9m\u00e9nageurs (IAM) expliqu\u00e9e\">Association internationale des d\u00e9m\u00e9nageurs<\/a> (IAM) et\/ou <a href=\"https:\/\/moverdb.com\/fr\/fidi-faim\/\" data-internallinksmanager029f6b8e52c=\"16\" title=\"Explication de la FIDI et du FAIM (FIDI Accredited International Mover)\">FIDI<\/a> D\u00e9m\u00e9nageur international accr\u00e9dit\u00e9 (FAIM) qui pourrait vous aider dans votre d\u00e9m\u00e9nagement.<\/p>\n<div id=\"ez-toc-container\" class=\"ez-toc-v2_0_82_2 ez-toc-wrap-left counter-hierarchy ez-toc-counter ez-toc-transparent ez-toc-container-direction\">\n<div class=\"ez-toc-title-container\">\n<p class=\"ez-toc-title\" style=\"cursor:inherit\">Sections<\/p>\n<span class=\"ez-toc-title-toggle\"><a href=\"#\" class=\"ez-toc-pull-right ez-toc-btn ez-toc-btn-xs ez-toc-btn-default ez-toc-toggle\" aria-label=\"Toggle Table des mati\u00e8res\"><span class=\"ez-toc-js-icon-con\"><span class=\"\"><span class=\"eztoc-hide\" style=\"display:none;\">Toggle<\/span><span class=\"ez-toc-icon-toggle-span\"><svg style=\"fill: #999;color:#999\" xmlns=\"http:\/\/www.w3.org\/2000\/svg\" class=\"list-377408\" width=\"20px\" height=\"20px\" viewbox=\"0 0 24 24\" fill=\"none\"><path d=\"M6 6H4v2h2V6zm14 0H8v2h12V6zM4 11h2v2H4v-2zm16 0H8v2h12v-2zM4 16h2v2H4v-2zm16 0H8v2h12v-2z\" fill=\"currentColor\"><\/path><\/svg><svg style=\"fill: #999;color:#999\" class=\"arrow-unsorted-368013\" xmlns=\"http:\/\/www.w3.org\/2000\/svg\" width=\"10px\" height=\"10px\" viewbox=\"0 0 24 24\" version=\"1.2\" baseprofile=\"tiny\"><path d=\"M18.2 9.3l-6.2-6.3-6.2 6.3c-.2.2-.3.4-.3.7s.1.5.3.7c.2.2.4.3.7.3h11c.3 0 .5-.1.7-.3.2-.2.3-.5.3-.7s-.1-.5-.3-.7zM5.8 14.7l6.2 6.3 6.2-6.3c.2-.2.3-.5.3-.7s-.1-.5-.3-.7c-.2-.2-.4-.3-.7-.3h-11c-.3 0-.5.1-.7.3-.2.2-.3.5-.3.7s.1.5.3.7z\"\/><\/svg><\/span><\/span><\/span><\/a><\/span><\/div>\n<nav><ul class='ez-toc-list ez-toc-list-level-1 eztoc-toggle-hide-by-default' ><li class='ez-toc-page-1 ez-toc-heading-level-2'><a class=\"ez-toc-link ez-toc-heading-1\" href=\"https:\/\/moverdb.com\/fr\/moving-companies\/moving-companies-fiji\/#1_All_Freight_Logistics\" >1. Toute la logistique du fret<\/a><\/li><li class='ez-toc-page-1 ez-toc-heading-level-2'><a class=\"ez-toc-link ez-toc-heading-2\" href=\"https:\/\/moverdb.com\/fr\/moving-companies\/moving-companies-fiji\/#2_Freight_Services\" >2. Services de fret<\/a><\/li><li class='ez-toc-page-1 ez-toc-heading-level-2'><a class=\"ez-toc-link ez-toc-heading-3\" href=\"https:\/\/moverdb.com\/fr\/moving-companies\/moving-companies-fiji\/#3_Movements_International\" >3. Mouvements internationaux<\/a><\/li><li class='ez-toc-page-1 ez-toc-heading-level-2'><a class=\"ez-toc-link ez-toc-heading-4\" href=\"https:\/\/moverdb.com\/fr\/moving-companies\/moving-companies-fiji\/#4_JVK_Magellan_International\" >4. JVK Magellan International<\/a><\/li><\/ul><\/nav><\/div>\n<h2><span class=\"ez-toc-section\" id=\"1_All_Freight_Logistics\"><\/span><strong>1. Toute la logistique du fret<\/strong><span class=\"ez-toc-section-end\"><\/span><\/h2>\n<p><img loading=\"lazy\" decoding=\"async\" class=\"alignnone size-full wp-image-5923\" src=\"https:\/\/moverdb.com\/wp-content\/uploads\/All-Freight-Logistics-international-moving-company.png\" alt=\"All Freight Logistics, soci\u00e9t\u00e9 de d\u00e9m\u00e9nagement international\" width=\"1440\" height=\"680\" data-wp-pid=\"5923\" srcset=\"https:\/\/moverdb.com\/wp-content\/uploads\/All-Freight-Logistics-international-moving-company.png 1440w, https:\/\/moverdb.com\/wp-content\/uploads\/All-Freight-Logistics-international-moving-company-300x142.png 300w, https:\/\/moverdb.com\/wp-content\/uploads\/All-Freight-Logistics-international-moving-company-1024x484.png 1024w, https:\/\/moverdb.com\/wp-content\/uploads\/All-Freight-Logistics-international-moving-company-18x9.png 18w, https:\/\/moverdb.com\/wp-content\/uploads\/All-Freight-Logistics-international-moving-company-600x283.png 600w\" sizes=\"auto, (max-width: 1440px) 100vw, 1440px\" \/><\/p>\n<ul>\n<li>D\u00e9m\u00e9nagements locaux et nationaux<\/li>\n<li>D\u00e9m\u00e9nagements internationaux<\/li>\n<li>D\u00e9m\u00e9nagements de m\u00e9nages<\/li>\n<li>D\u00e9m\u00e9nagements de bureaux<\/li>\n<li>Service porte-\u00e0-porte<\/li>\n<li>Des technologies et des ressources actualis\u00e9es<\/li>\n<li>Fret terrestre, maritime et a\u00e9rien<\/li>\n<li>Documentation du fret et d\u00e9douanement<\/li>\n<li>Assurance maritime tous risques<\/li>\n<li>Installations de stockage<\/li>\n<\/ul>\n<p>All Freight Logistics est un service de transport de d\u00e9m\u00e9nagement et d'exp\u00e9dition de fret bas\u00e9 \u00e0 Fidji, fond\u00e9 en 2010. Ils ont des succursales \u00e0 Suva, Lautoka, Nadi et Auckland. Ils travaillent avec des agents de d\u00e9m\u00e9nagement internationaux \u00e0 travers le monde pour effectuer des d\u00e9m\u00e9nagements internationaux. Elle est membre de l'IAM depuis 12 ans.<\/p>\n<p>All Freight Logistics offre un service de porte-\u00e0-porte pour les d\u00e9m\u00e9nagements de m\u00e9nages et de bureaux. Elle propose une gamme d'options de fret, dont le fret a\u00e9rien et le fret maritime, adapt\u00e9es \u00e0 vos besoins, comme le chargement complet de conteneurs ou le chargement partiel de conteneurs. Ils fournissent \u00e9galement une assistance pour la documentation du fret et le d\u00e9douanement.<\/p>\n<p>Site web : <a href=\"http:\/\/www.allfreightfiji.com.fj\" target=\"_blank\" rel=\"noopener\">http:\/\/www.allfreightfiji.com.fj<\/a><\/p>\n<h2><span class=\"ez-toc-section\" id=\"2_Freight_Services\"><\/span><strong>2. Services de fret<\/strong><span class=\"ez-toc-section-end\"><\/span><\/h2>\n<p><img loading=\"lazy\" decoding=\"async\" class=\"alignnone size-full wp-image-5947\" src=\"https:\/\/moverdb.com\/wp-content\/uploads\/Freight-Services-international-moving-company.png\" alt=\"Services de fret - entreprise de d\u00e9m\u00e9nagement international\" width=\"1440\" height=\"682\" data-wp-pid=\"5947\" srcset=\"https:\/\/moverdb.com\/wp-content\/uploads\/Freight-Services-international-moving-company.png 1440w, https:\/\/moverdb.com\/wp-content\/uploads\/Freight-Services-international-moving-company-300x142.png 300w, https:\/\/moverdb.com\/wp-content\/uploads\/Freight-Services-international-moving-company-1024x485.png 1024w, https:\/\/moverdb.com\/wp-content\/uploads\/Freight-Services-international-moving-company-18x9.png 18w, https:\/\/moverdb.com\/wp-content\/uploads\/Freight-Services-international-moving-company-600x284.png 600w\" sizes=\"auto, (max-width: 1440px) 100vw, 1440px\" \/><\/p>\n<ul>\n<li>Mouvements nationaux<\/li>\n<li>D\u00e9m\u00e9nagements internationaux<\/li>\n<li>D\u00e9m\u00e9nagements de m\u00e9nages<\/li>\n<li>D\u00e9m\u00e9nagements de bureaux<\/li>\n<li>Services d'emballage<\/li>\n<li>Transport routier, maritime et a\u00e9rien<\/li>\n<li>Courtage en douane<\/li>\n<li>Assurance<\/li>\n<li><a href=\"https:\/\/moverdb.com\/fr\/car-transport-shipping\/\" data-internallinksmanager029f6b8e52c=\"2\" title=\"2026 Devis pour le transport international de voitures et l&#039;exp\u00e9dition de v\u00e9hicules\">Exp\u00e9dition de v\u00e9hicules<\/a><\/li>\n<li>Stockage de courte \u00e0 longue dur\u00e9e<\/li>\n<\/ul>\n<p>Freight Services est un fournisseur de solutions de transport et de logistique qui poss\u00e8de trois bureaux \u00e0 Fidji (Suva, Nadi et Lautoka) et une succursale en Papouasie-Nouvelle-Guin\u00e9e. <a href=\"https:\/\/moverdb.com\/fr\/moving-companies\/moving-companies-guinea\/\" data-internallinksmanager029f6b8e52c=\"231\" title=\"2 meilleures soci\u00e9t\u00e9s de d\u00e9m\u00e9nagements internationaux en Guin\u00e9e\">Guin\u00e9e<\/a>. Ils travaillent avec des partenaires de confiance pour fournir des services de d\u00e9m\u00e9nagement international. Ils sont membres de l'IAM depuis 26 ans.<\/p>\n<p>Freight Services propose des services de d\u00e9m\u00e9nagement nationaux et internationaux de porte \u00e0 porte, comprenant une enqu\u00eate pr\u00e9alable au d\u00e9m\u00e9nagement et des services d'emballage assur\u00e9s par des \u00e9quipes form\u00e9es par des professionnels qui emballeront vos biens en toute s\u00e9curit\u00e9 \u00e0 l'aide de divers mat\u00e9riaux. Ils organisent le transport de vos biens par voie routi\u00e8re, a\u00e9rienne ou maritime et peuvent vous aider \u00e0 effectuer les formalit\u00e9s douani\u00e8res gr\u00e2ce \u00e0 leur service de courtage.<\/p>\n<p>Site web : <a href=\"http:\/\/www.fsf.com.fj\" target=\"_blank\" rel=\"noopener\">http:\/\/www.fsf.com.fj<\/a><\/p>\n<h2><span class=\"ez-toc-section\" id=\"3_Movements_International\"><\/span><strong>3. Mouvements internationaux<\/strong><span class=\"ez-toc-section-end\"><\/span><\/h2>\n<p><img loading=\"lazy\" decoding=\"async\" class=\"alignnone size-full wp-image-5977\" src=\"https:\/\/moverdb.com\/wp-content\/uploads\/Movements-International-moving-company.png\" alt=\"Movements Soci\u00e9t\u00e9 de d\u00e9m\u00e9nagement international\" width=\"1440\" height=\"679\" data-wp-pid=\"5977\" srcset=\"https:\/\/moverdb.com\/wp-content\/uploads\/Movements-International-moving-company.png 1440w, https:\/\/moverdb.com\/wp-content\/uploads\/Movements-International-moving-company-300x141.png 300w, https:\/\/moverdb.com\/wp-content\/uploads\/Movements-International-moving-company-1024x483.png 1024w, https:\/\/moverdb.com\/wp-content\/uploads\/Movements-International-moving-company-18x8.png 18w, https:\/\/moverdb.com\/wp-content\/uploads\/Movements-International-moving-company-600x283.png 600w\" sizes=\"auto, (max-width: 1440px) 100vw, 1440px\" \/><\/p>\n<ul>\n<li>D\u00e9m\u00e9nagements internationaux<\/li>\n<li>D\u00e9m\u00e9nagements de m\u00e9nages<\/li>\n<li>Projets commerciaux<\/li>\n<li>Service porte-\u00e0-porte<\/li>\n<li>Service d'emballage et inventaire<\/li>\n<li>Mat\u00e9riel d'emballage de haute qualit\u00e9<\/li>\n<li>Transport routier, maritime et a\u00e9rien<\/li>\n<li>Aide \u00e0 l'exportation de documents<\/li>\n<li>Assurance maritime tous risques<\/li>\n<li>Installations de stockage<\/li>\n<\/ul>\n<p>Movements International est un fournisseur de services logistiques et de d\u00e9m\u00e9nagement fond\u00e9 en 2005 et bas\u00e9 \u00e0 Suva, avec un bureau \u00e9galement dans le pays. <a href=\"https:\/\/moverdb.com\/fr\/moving-to-new-zealand\/\" data-internallinksmanager029f6b8e52c=\"324\" title=\"D\u00e9m\u00e9nager en Nouvelle-Z\u00e9lande ? 2026 Co\u00fbts de la vie et conseils de relocalisation\">Nouvelle-Z\u00e9lande<\/a>. Ils proposent des d\u00e9m\u00e9nagements internationaux en partenariat avec un r\u00e9seau international d'agents de d\u00e9m\u00e9nagement. Ils sont membres de l'IAM et ont 14 ans d'anciennet\u00e9.<\/p>\n<p>Movements International offre un service porte-\u00e0-porte qui comprend un personnel form\u00e9 professionnellement et des services sp\u00e9cialis\u00e9s d'emballage et de d\u00e9m\u00e9nagement. Ils fournissent une vari\u00e9t\u00e9 de mat\u00e9riaux d'emballage, y compris des caisses, des bo\u00eetes et des mat\u00e9riaux d'emballage, et ils \u00e9tiquettent les articles et cr\u00e9ent un inventaire. Ils proposent des options de fret comprenant des chargements complets de conteneurs et des chargements inf\u00e9rieurs \u00e0 des conteneurs, ainsi qu'une assistance pour les documents d'exportation.<\/p>\n<p>Site web : <a href=\"http:\/\/www.mifiji.com\" target=\"_blank\" rel=\"noopener\">http:\/\/www.mifiji.com<\/a><\/p>\n<h2><span class=\"ez-toc-section\" id=\"4_JVK_Magellan_International\"><\/span><strong>4. JVK Magellan International<\/strong><span class=\"ez-toc-section-end\"><\/span><\/h2>\n<p><img loading=\"lazy\" decoding=\"async\" class=\"alignnone size-full wp-image-5532\" src=\"https:\/\/moverdb.com\/wp-content\/uploads\/JVK-Asia-international-moving-company.png\" alt=\"JVK Asia, entreprise de d\u00e9m\u00e9nagement international\" width=\"1440\" height=\"681\" data-wp-pid=\"5532\" srcset=\"https:\/\/moverdb.com\/wp-content\/uploads\/JVK-Asia-international-moving-company.png 1440w, https:\/\/moverdb.com\/wp-content\/uploads\/JVK-Asia-international-moving-company-300x142.png 300w, https:\/\/moverdb.com\/wp-content\/uploads\/JVK-Asia-international-moving-company-1024x484.png 1024w, https:\/\/moverdb.com\/wp-content\/uploads\/JVK-Asia-international-moving-company-18x9.png 18w, https:\/\/moverdb.com\/wp-content\/uploads\/JVK-Asia-international-moving-company-600x284.png 600w\" sizes=\"auto, (max-width: 1440px) 100vw, 1440px\" \/><\/p>\n<ul>\n<li>Mouvements nationaux<\/li>\n<li>D\u00e9m\u00e9nagements internationaux<\/li>\n<li>Services de relocalisation<\/li>\n<li>D\u00e9m\u00e9nagements de m\u00e9nages<\/li>\n<li>D\u00e9m\u00e9nagements de bureaux<\/li>\n<li>Service porte-\u00e0-porte<\/li>\n<li>Services d'emballage<\/li>\n<li>Fret routier, maritime et a\u00e9rien<\/li>\n<li>Soutien aux exigences douani\u00e8res<\/li>\n<li>Stockage de courte \u00e0 longue dur\u00e9e<\/li>\n<\/ul>\n<p>JVK Magellan International est une entreprise internationale de d\u00e9m\u00e9nagement, de logistique, d'entreposage et de distribution qui poss\u00e8de des succursales dans le monde entier. <a href=\"https:\/\/moverdb.com\/fr\/moving-to-thailand\/\" data-internallinksmanager029f6b8e52c=\"318\" title=\"D\u00e9m\u00e9nager en Tha\u00eflande ? 2026 Co\u00fbts de la vie et conseils de relocalisation\">Tha\u00eflande<\/a>. Ils ont un bureau \u00e0 Suva, aux Fidji, et sont membres de l'IAM.<\/p>\n<p>JVK Magellan International propose une enqu\u00eate pr\u00e9alable au d\u00e9m\u00e9nagement pour \u00e9valuer vos besoins et vous fournir une proposition de d\u00e9m\u00e9nagement pour un service de porte \u00e0 porte. Ses emballeurs professionnels prot\u00e8gent vos biens \u00e0 l'aide de mat\u00e9riaux de haute qualit\u00e9, \u00e9tablissent un inventaire d\u00e9taill\u00e9 et proposent une assurance tous risques pour le transport. Ils organisent le transport par route, mer et air et vous conseillent sur les formalit\u00e9s douani\u00e8res.<\/p>\n<p>Site web : <a href=\"http:\/\/jvkasia.com\" target=\"_blank\" rel=\"noopener\">http:\/\/jvkasia.com<\/a><\/p>","protected":false},"excerpt":{"rendered":"<p>If you are planning on moving to, from or within Fiji then you may want to employ the services of a reputable moving company to assist you. Below we have compiled a list of Fijian removal companies that are members of the International Association of Movers (IAM) and\/or FIDI Accredited International Mover (FAIM) who could [&hellip;]<\/p>\n","protected":false},"author":4,"featured_media":0,"parent":190,"menu_order":0,"comment_status":"closed","ping_status":"closed","template":"","meta":{"_genesis_hide_title":false,"_genesis_hide_breadcrumbs":false,"_genesis_hide_singular_image":false,"_genesis_hide_footer_widgets":false,"_genesis_custom_body_class":"","_genesis_custom_post_class":"","_genesis_layout":"","footnotes":""},"class_list":{"0":"post-6049","1":"page","2":"type-page","3":"status-publish","5":"entry","6":"has-post-thumbnail"},"_links":{"self":[{"href":"https:\/\/moverdb.com\/fr\/wp-json\/wp\/v2\/pages\/6049","targetHints":{"allow":["GET"]}}],"collection":[{"href":"https:\/\/moverdb.com\/fr\/wp-json\/wp\/v2\/pages"}],"about":[{"href":"https:\/\/moverdb.com\/fr\/wp-json\/wp\/v2\/types\/page"}],"author":[{"embeddable":true,"href":"https:\/\/moverdb.com\/fr\/wp-json\/wp\/v2\/users\/4"}],"replies":[{"embeddable":true,"href":"https:\/\/moverdb.com\/fr\/wp-json\/wp\/v2\/comments?post=6049"}],"version-history":[{"count":1,"href":"https:\/\/moverdb.com\/fr\/wp-json\/wp\/v2\/pages\/6049\/revisions"}],"predecessor-version":[{"id":6050,"href":"https:\/\/moverdb.com\/fr\/wp-json\/wp\/v2\/pages\/6049\/revisions\/6050"}],"up":[{"embeddable":true,"href":"https:\/\/moverdb.com\/fr\/wp-json\/wp\/v2\/pages\/190"}],"wp:attachment":[{"href":"https:\/\/moverdb.com\/fr\/wp-json\/wp\/v2\/media?parent=6049"}],"curies":[{"name":"wp","href":"https:\/\/api.w.org\/{rel}","templated":true}]}}