{"id":6046,"date":"2023-02-01T13:44:41","date_gmt":"2023-02-01T13:44:41","guid":{"rendered":"https:\/\/moverdb.com\/?page_id=6046"},"modified":"2026-01-08T15:25:06","modified_gmt":"2026-01-08T15:25:06","slug":"entreprises-de-demenagement-ethiopie","status":"publish","type":"page","link":"https:\/\/moverdb.com\/fr\/moving-companies\/moving-companies-ethiopia\/","title":{"rendered":"5 meilleures soci\u00e9t\u00e9s de d\u00e9m\u00e9nagement international en Ethiopie"},"content":{"rendered":"<p>Le d\u00e9m\u00e9nagement est une p\u00e9riode charg\u00e9e et stressante, en particulier si vous d\u00e9m\u00e9nagez d'un pays \u00e0 l'autre. Le soutien d'une entreprise de d\u00e9m\u00e9nagement peut vous aider. <a href=\"https:\/\/moverdb.com\/fr\/moving-companies\/\" data-internallinksmanager029f6b8e52c=\"79\" title=\"Les 25 meilleures soci\u00e9t\u00e9s de d\u00e9m\u00e9nagement international en ligne\">Soci\u00e9t\u00e9s de d\u00e9m\u00e9nagement<\/a> peut vous aider \u00e0 remplir les formalit\u00e9s administratives et \u00e0 organiser le transport. Nous avons dress\u00e9 ci-dessous une liste des agences de voyages \u00e9thiopiennes. <a href=\"https:\/\/moverdb.com\/fr\/international-removals\/\" data-internallinksmanager029f6b8e52c=\"27\" title=\"36 meilleures entreprises de d\u00e9m\u00e9nagements internationaux au Royaume-Uni\">entreprises de d\u00e9m\u00e9nagement<\/a> qui sont membres de la <a href=\"https:\/\/moverdb.com\/fr\/iam\/\" data-internallinksmanager029f6b8e52c=\"23\" title=\"L&#039;Association internationale des d\u00e9m\u00e9nageurs (IAM) expliqu\u00e9e\">Association internationale des d\u00e9m\u00e9nageurs<\/a> (IAM) et\/ou <a href=\"https:\/\/moverdb.com\/fr\/fidi-faim\/\" data-internallinksmanager029f6b8e52c=\"16\" title=\"Explication de la FIDI et du FAIM (FIDI Accredited International Mover)\">FIDI<\/a> D\u00e9m\u00e9nageur international accr\u00e9dit\u00e9 (FAIM) qui pourrait vous aider dans votre d\u00e9m\u00e9nagement.<\/p>\n<div id=\"ez-toc-container\" class=\"ez-toc-v2_0_82_2 ez-toc-wrap-left counter-hierarchy ez-toc-counter ez-toc-transparent ez-toc-container-direction\">\n<div class=\"ez-toc-title-container\">\n<p class=\"ez-toc-title\" style=\"cursor:inherit\">Sections<\/p>\n<span class=\"ez-toc-title-toggle\"><a href=\"#\" class=\"ez-toc-pull-right ez-toc-btn ez-toc-btn-xs ez-toc-btn-default ez-toc-toggle\" aria-label=\"Toggle Table des mati\u00e8res\"><span class=\"ez-toc-js-icon-con\"><span class=\"\"><span class=\"eztoc-hide\" style=\"display:none;\">Toggle<\/span><span class=\"ez-toc-icon-toggle-span\"><svg style=\"fill: #999;color:#999\" xmlns=\"http:\/\/www.w3.org\/2000\/svg\" class=\"list-377408\" width=\"20px\" height=\"20px\" viewbox=\"0 0 24 24\" fill=\"none\"><path d=\"M6 6H4v2h2V6zm14 0H8v2h12V6zM4 11h2v2H4v-2zm16 0H8v2h12v-2zM4 16h2v2H4v-2zm16 0H8v2h12v-2z\" fill=\"currentColor\"><\/path><\/svg><svg style=\"fill: #999;color:#999\" class=\"arrow-unsorted-368013\" xmlns=\"http:\/\/www.w3.org\/2000\/svg\" width=\"10px\" height=\"10px\" viewbox=\"0 0 24 24\" version=\"1.2\" baseprofile=\"tiny\"><path d=\"M18.2 9.3l-6.2-6.3-6.2 6.3c-.2.2-.3.4-.3.7s.1.5.3.7c.2.2.4.3.7.3h11c.3 0 .5-.1.7-.3.2-.2.3-.5.3-.7s-.1-.5-.3-.7zM5.8 14.7l6.2 6.3 6.2-6.3c.2-.2.3-.5.3-.7s-.1-.5-.3-.7c-.2-.2-.4-.3-.7-.3h-11c-.3 0-.5.1-.7.3-.2.2-.3.5-.3.7s.1.5.3.7z\"\/><\/svg><\/span><\/span><\/span><\/a><\/span><\/div>\n<nav><ul class='ez-toc-list ez-toc-list-level-1 eztoc-toggle-hide-by-default' ><li class='ez-toc-page-1 ez-toc-heading-level-2'><a class=\"ez-toc-link ez-toc-heading-1\" href=\"https:\/\/moverdb.com\/fr\/moving-companies\/moving-companies-ethiopia\/#1_Melehk_Logistics\" >1. Logistique Melehk<\/a><\/li><li class='ez-toc-page-1 ez-toc-heading-level-2'><a class=\"ez-toc-link ez-toc-heading-2\" href=\"https:\/\/moverdb.com\/fr\/moving-companies\/moving-companies-ethiopia\/#2_Move_One\" >2. D\u00e9placer un<\/a><\/li><li class='ez-toc-page-1 ez-toc-heading-level-2'><a class=\"ez-toc-link ez-toc-heading-3\" href=\"https:\/\/moverdb.com\/fr\/moving-companies\/moving-companies-ethiopia\/#3_Panafric_Global\" >3. Panafric Global<\/a><\/li><li class='ez-toc-page-1 ez-toc-heading-level-2'><a class=\"ez-toc-link ez-toc-heading-4\" href=\"https:\/\/moverdb.com\/fr\/moving-companies\/moving-companies-ethiopia\/#4_Segon_Marill_Movers\" >4. D\u00e9m\u00e9nageurs Segon Marill<\/a><\/li><li class='ez-toc-page-1 ez-toc-heading-level-2'><a class=\"ez-toc-link ez-toc-heading-5\" href=\"https:\/\/moverdb.com\/fr\/moving-companies\/moving-companies-ethiopia\/#5_Solomon_Zewdu_Shipping_and_Freight_Forwarding\" >5. Exp\u00e9dition et transbordement de marchandises Solomon Zewdu<\/a><\/li><\/ul><\/nav><\/div>\n<h2><span class=\"ez-toc-section\" id=\"1_Melehk_Logistics\"><\/span><strong>1. Logistique Melehk<\/strong><span class=\"ez-toc-section-end\"><\/span><\/h2>\n<p><img loading=\"lazy\" decoding=\"async\" class=\"alignnone size-full wp-image-5971\" src=\"https:\/\/moverdb.com\/wp-content\/uploads\/Melehk-Logistics-international-moving-company.png\" alt=\"Melehk Logistics entreprise de d\u00e9m\u00e9nagement international\" width=\"1440\" height=\"674\" data-wp-pid=\"5971\" srcset=\"https:\/\/moverdb.com\/wp-content\/uploads\/Melehk-Logistics-international-moving-company.png 1440w, https:\/\/moverdb.com\/wp-content\/uploads\/Melehk-Logistics-international-moving-company-300x140.png 300w, https:\/\/moverdb.com\/wp-content\/uploads\/Melehk-Logistics-international-moving-company-1024x479.png 1024w, https:\/\/moverdb.com\/wp-content\/uploads\/Melehk-Logistics-international-moving-company-18x8.png 18w, https:\/\/moverdb.com\/wp-content\/uploads\/Melehk-Logistics-international-moving-company-600x281.png 600w\" sizes=\"auto, (max-width: 1440px) 100vw, 1440px\" \/><\/p>\n<ul>\n<li>D\u00e9m\u00e9nagements locaux et nationaux<\/li>\n<li>D\u00e9m\u00e9nagements internationaux<\/li>\n<li>D\u00e9m\u00e9nagements de m\u00e9nages<\/li>\n<li>Un service personnalis\u00e9 et sur mesure<\/li>\n<li>Un coordinateur d\u00e9di\u00e9 au d\u00e9m\u00e9nagement<\/li>\n<li>Organiser et g\u00e9rer tous les aspects de votre d\u00e9m\u00e9nagement<\/li>\n<li>Fret routier, maritime et a\u00e9rien<\/li>\n<li>Courtage en douane<\/li>\n<li>Partenariats internationaux<\/li>\n<li>Installations de stockage<\/li>\n<\/ul>\n<p>Melehk Logistics est une soci\u00e9t\u00e9 d'exp\u00e9dition de fret et de logistique fond\u00e9e en 2011 sous le nom de Ginchi Trading qui offre des services de d\u00e9m\u00e9nagement en \u00c9thiopie, \u00e0 destination et en provenance de ce pays. Ils travaillent avec un r\u00e9seau international de d\u00e9m\u00e9nagement pour fournir des services de d\u00e9m\u00e9nagement \u00e0 travers le monde. Elle est membre de l'IAM depuis 9 ans.<\/p>\n<p>Melehk Logistics propose des d\u00e9m\u00e9nagements de m\u00e9nages \u00e0 l'\u00e9chelle internationale dans le monde entier et fournit un coordinateur de d\u00e9m\u00e9nagement d\u00e9di\u00e9. Ils offrent des services personnalis\u00e9s et sur mesure qui organisent chaque aspect de votre d\u00e9m\u00e9nagement, en g\u00e9rant efficacement votre d\u00e9m\u00e9nagement. Elle propose des options de fret routier, a\u00e9rien et maritime, ainsi qu'un service de courtage en douane.<\/p>\n<p>Site web : <a href=\"http:\/\/www.melehk.com\" target=\"_blank\" rel=\"noopener\">http:\/\/www.melehk.com<\/a><\/p>\n<h2><span class=\"ez-toc-section\" id=\"2_Move_One\"><\/span><strong>2. D\u00e9placer un<\/strong><span class=\"ez-toc-section-end\"><\/span><\/h2>\n<p><img loading=\"lazy\" decoding=\"async\" class=\"alignnone size-full wp-image-5974\" src=\"https:\/\/moverdb.com\/wp-content\/uploads\/Move-One-Ethiopia-international-moving-company.png\" alt=\"Move One Ethiopia soci\u00e9t\u00e9 de d\u00e9m\u00e9nagement international\" width=\"1440\" height=\"667\" data-wp-pid=\"5974\" srcset=\"https:\/\/moverdb.com\/wp-content\/uploads\/Move-One-Ethiopia-international-moving-company.png 1440w, https:\/\/moverdb.com\/wp-content\/uploads\/Move-One-Ethiopia-international-moving-company-300x139.png 300w, https:\/\/moverdb.com\/wp-content\/uploads\/Move-One-Ethiopia-international-moving-company-1024x474.png 1024w, https:\/\/moverdb.com\/wp-content\/uploads\/Move-One-Ethiopia-international-moving-company-18x8.png 18w, https:\/\/moverdb.com\/wp-content\/uploads\/Move-One-Ethiopia-international-moving-company-600x278.png 600w\" sizes=\"auto, (max-width: 1440px) 100vw, 1440px\" \/><\/p>\n<ul>\n<li>Mouvements nationaux<\/li>\n<li>D\u00e9m\u00e9nagements internationaux<\/li>\n<li>D\u00e9m\u00e9nagements de m\u00e9nages<\/li>\n<li>D\u00e9m\u00e9nagements commerciaux<\/li>\n<li>Service d'emballage<\/li>\n<li>Fret terrestre, maritime et a\u00e9rien<\/li>\n<li>Courtage en douane<\/li>\n<li>Services de visa et d'immigration<\/li>\n<li>Exp\u00e9dition d'animaux de compagnie<\/li>\n<li>Stockage s\u00e9curis\u00e9<\/li>\n<\/ul>\n<p>Move One est une soci\u00e9t\u00e9 de d\u00e9m\u00e9nagement international fond\u00e9e en 1992 avec des bureaux en Europe, en Afrique et en Asie, y compris un bureau en Ethiopie \u00e0 Addis Abeba. Elle travaille avec des partenaires internationaux pour effectuer des d\u00e9m\u00e9nagements en dehors de ses zones op\u00e9rationnelles. Elle est membre d'IAM et compte 8 ann\u00e9es de service en \u00c9thiopie.<\/p>\n<p>Move One s'adresse \u00e0 toute une s\u00e9rie de secteurs, notamment le commerce de d\u00e9tail, la communaut\u00e9 diplomatique, les institutions gouvernementales locales et les entrepreneurs \u00e9trangers. Ils fournissent un emballage d'exportation pour prot\u00e9ger vos biens et organisent le transport par voie terrestre, a\u00e9rienne et maritime avec courtage en douane. Ils proposent \u00e9galement des services suppl\u00e9mentaires, notamment une assistance en mati\u00e8re de visa et d'immigration et le transport d'animaux domestiques.<\/p>\n<p>Site web : <a href=\"http:\/\/www.moveoneinc.com\/ethiopia\" target=\"_blank\" rel=\"noopener\">http:\/\/www.moveoneinc.com\/ethiopia<\/a><\/p>\n<h2><span class=\"ez-toc-section\" id=\"3_Panafric_Global\"><\/span><strong>3. Panafric Global<\/strong><span class=\"ez-toc-section-end\"><\/span><\/h2>\n<p><img loading=\"lazy\" decoding=\"async\" class=\"alignnone size-full wp-image-5990\" src=\"https:\/\/moverdb.com\/wp-content\/uploads\/Panafric-Global-international-moving-company.png\" alt=\"Panafric Global, entreprise de d\u00e9m\u00e9nagement international\" width=\"1440\" height=\"674\" data-wp-pid=\"5990\" srcset=\"https:\/\/moverdb.com\/wp-content\/uploads\/Panafric-Global-international-moving-company.png 1440w, https:\/\/moverdb.com\/wp-content\/uploads\/Panafric-Global-international-moving-company-300x140.png 300w, https:\/\/moverdb.com\/wp-content\/uploads\/Panafric-Global-international-moving-company-1024x479.png 1024w, https:\/\/moverdb.com\/wp-content\/uploads\/Panafric-Global-international-moving-company-18x8.png 18w, https:\/\/moverdb.com\/wp-content\/uploads\/Panafric-Global-international-moving-company-600x281.png 600w\" sizes=\"auto, (max-width: 1440px) 100vw, 1440px\" \/><\/p>\n<ul>\n<li>D\u00e9m\u00e9nagements internationaux<\/li>\n<li>D\u00e9m\u00e9nagements de m\u00e9nages<\/li>\n<li>Projets commerciaux<\/li>\n<li>Service de relocalisation<\/li>\n<li>Solution de bout en bout<\/li>\n<li>Fret terrestre, maritime et a\u00e9rien<\/li>\n<li>Assistance douani\u00e8re et documentaire<\/li>\n<li>Aide \u00e0 l'installation<\/li>\n<li>Assurance du fret<\/li>\n<li>Solutions de stockage<\/li>\n<\/ul>\n<p>Panafric Global est une soci\u00e9t\u00e9 de transport et de logistique multimodale fond\u00e9e en 1993 \u00e0 Addis. Elle dispose de cinq succursales \u00e0 l'a\u00e9roport, \u00e0 Kality, \u00e0 Adama, \u00e0 Hawassa et \u00e0 Kinshasa. <a href=\"https:\/\/moverdb.com\/fr\/moving-companies\/moving-companies-djibouti\/\" data-internallinksmanager029f6b8e52c=\"220\" title=\"Les meilleures soci\u00e9t\u00e9s de d\u00e9m\u00e9nagement international \u00e0 Djibouti\">Djibouti<\/a>. Ils fournissent des services de d\u00e9m\u00e9nagement et de relocalisation en \u00c9thiopie, \u00e0 destination et en provenance de ce pays. Ils sont membres de l'IAM avec 29 ans de service.<\/p>\n<p>Panafric Global offre un service porte-\u00e0-porte depuis et vers n'importe quel endroit du monde. Elle assure le transport par voie terrestre, a\u00e9rienne et maritime et propose des services d'assistance pour les formalit\u00e9s douani\u00e8res et la documentation. Ils proposent des services de relocalisation qui facilitent l'installation, notamment la recherche d'\u00e9coles, de v\u00e9hicules, de services publics et d'assurances.<\/p>\n<p>Site web : <a href=\"http:\/\/www.panafricglobal.com\" target=\"_blank\" rel=\"noopener\">http:\/\/www.panafricglobal.com<\/a><\/p>\n<h2><span class=\"ez-toc-section\" id=\"4_Segon_Marill_Movers\"><\/span><strong>4. D\u00e9m\u00e9nageurs Segon Marill<\/strong><span class=\"ez-toc-section-end\"><\/span><\/h2>\n<p><img loading=\"lazy\" decoding=\"async\" class=\"alignnone size-full wp-image-6002\" src=\"https:\/\/moverdb.com\/wp-content\/uploads\/Segon-Marill-Movers-international-moving-company.png\" alt=\"Segon Marill Movers entreprise de d\u00e9m\u00e9nagement international\" width=\"1440\" height=\"681\" data-wp-pid=\"6002\" srcset=\"https:\/\/moverdb.com\/wp-content\/uploads\/Segon-Marill-Movers-international-moving-company.png 1440w, https:\/\/moverdb.com\/wp-content\/uploads\/Segon-Marill-Movers-international-moving-company-300x142.png 300w, https:\/\/moverdb.com\/wp-content\/uploads\/Segon-Marill-Movers-international-moving-company-1024x484.png 1024w, https:\/\/moverdb.com\/wp-content\/uploads\/Segon-Marill-Movers-international-moving-company-18x9.png 18w, https:\/\/moverdb.com\/wp-content\/uploads\/Segon-Marill-Movers-international-moving-company-600x284.png 600w\" sizes=\"auto, (max-width: 1440px) 100vw, 1440px\" \/><\/p>\n<ul>\n<li>Mouvements nationaux<\/li>\n<li>D\u00e9m\u00e9nagements internationaux<\/li>\n<li>D\u00e9m\u00e9nagements de m\u00e9nages<\/li>\n<li>D\u00e9m\u00e9nagements d'entreprises<\/li>\n<li>Service de relocalisation<\/li>\n<li>Service d'emballage<\/li>\n<li>Transports terrestres, maritimes et a\u00e9riens<\/li>\n<li>Services d'installation<\/li>\n<li>Recherche de maison et d'\u00e9cole<\/li>\n<li>Stockage s\u00e9curis\u00e9<\/li>\n<\/ul>\n<p>Segon Marill Movers est une soci\u00e9t\u00e9 internationale de d\u00e9m\u00e9nagement et de stockage fond\u00e9e il y a 21 ans. Elle travaille avec 50 agents partenaires pour fournir ses services dans le monde entier. Elle est membre d'IAM depuis 31 ans.<\/p>\n<p>Les d\u00e9m\u00e9nageurs Segon Marill proposent un service de d\u00e9m\u00e9nagement personnalis\u00e9 avec un service d'emballage qui utilise des techniques et des mat\u00e9riaux de haute qualit\u00e9 pour prot\u00e9ger vos biens. Ils organisent le transport par voie terrestre, maritime ou a\u00e9rienne et font appel \u00e0 des agents partenaires si n\u00e9cessaire. Leurs services de relocalisation vous aident \u00e0 vous installer dans votre nouveau pays, ce qui comprend un tour d'orientation, une aide \u00e0 la recherche d'un logement et d'une \u00e9cole, ainsi qu'un soutien pour les services de d\u00e9part.<\/p>\n<p>Site web : <a href=\"http:\/\/www.segon-marill.com\" target=\"_blank\" rel=\"noopener\">http:\/\/www.segon-marill.com<\/a><\/p>\n<h2><span class=\"ez-toc-section\" id=\"5_Solomon_Zewdu_Shipping_and_Freight_Forwarding\"><\/span><strong>5. Exp\u00e9dition et transbordement de marchandises Solomon Zewdu<\/strong><span class=\"ez-toc-section-end\"><\/span><\/h2>\n<p><img loading=\"lazy\" decoding=\"async\" class=\"alignnone size-full wp-image-6047\" src=\"https:\/\/moverdb.com\/wp-content\/uploads\/Solomon-Zewdu-international-moving-company.png\" alt=\"Solomon Zewdu, entreprise de d\u00e9m\u00e9nagement international\" width=\"1440\" height=\"682\" data-wp-pid=\"6047\" srcset=\"https:\/\/moverdb.com\/wp-content\/uploads\/Solomon-Zewdu-international-moving-company.png 1440w, https:\/\/moverdb.com\/wp-content\/uploads\/Solomon-Zewdu-international-moving-company-300x142.png 300w, https:\/\/moverdb.com\/wp-content\/uploads\/Solomon-Zewdu-international-moving-company-1024x485.png 1024w, https:\/\/moverdb.com\/wp-content\/uploads\/Solomon-Zewdu-international-moving-company-18x9.png 18w, https:\/\/moverdb.com\/wp-content\/uploads\/Solomon-Zewdu-international-moving-company-600x284.png 600w\" sizes=\"auto, (max-width: 1440px) 100vw, 1440px\" \/><\/p>\n<ul>\n<li>D\u00e9m\u00e9nagements locaux et nationaux<\/li>\n<li>D\u00e9m\u00e9nagements internationaux<\/li>\n<li>D\u00e9m\u00e9nagements de m\u00e9nages<\/li>\n<li>D\u00e9m\u00e9nagement de bureaux<\/li>\n<li>Service porte-\u00e0-porte<\/li>\n<li>Service d'emballage<\/li>\n<li>Transports terrestres, maritimes et a\u00e9riens<\/li>\n<li>D\u00e9douanement<\/li>\n<li>Transport de v\u00e9hicules<\/li>\n<li>Installations de stockage<\/li>\n<\/ul>\n<p>Solomon Zewdu Shipping and Freight Forwarding est une soci\u00e9t\u00e9 de d\u00e9m\u00e9nagement, d'exp\u00e9dition de fret et de cargaison qui poss\u00e8de plus de 20 ans d'exp\u00e9rience dans la prestation de services de d\u00e9m\u00e9nagement. Elle travaille avec des partenaires \u00e9trangers pour effectuer des d\u00e9m\u00e9nagements internationaux. Elle est membre de l'IAM depuis 22 ans.<\/p>\n<p>Solomon Zewdu Shipping and Freight Forwarding propose un service de d\u00e9m\u00e9nagement et de relocalisation de porte \u00e0 porte pour les m\u00e9nages et les bureaux. Ils fournissent un service d'emballage et de d\u00e9ballage pour prot\u00e9ger vos biens et organisent des services de transport par voie terrestre en utilisant leur flotte, maritime ou a\u00e9rienne avec d\u00e9douanement. Ils peuvent \u00e9galement vous aider \u00e0 transporter et \u00e0 stocker vos v\u00e9hicules.<\/p>\n<p>Site web : <a href=\"http:\/\/www.solomontransit.com\" target=\"_blank\" rel=\"noopener\">http:\/\/www.solomontransit.com<\/a><\/p>","protected":false},"excerpt":{"rendered":"<p>Moving is a busy and stressful time especially if you are moving between countries so getting some support from a moving company can help. Moving companies can assist with navigating the paperwork and arranging transportation. Below we have compiled a list of Ethiopian removal companies that are members of the International Association of Movers (IAM) [&hellip;]<\/p>\n","protected":false},"author":4,"featured_media":0,"parent":190,"menu_order":0,"comment_status":"closed","ping_status":"closed","template":"","meta":{"_genesis_hide_title":false,"_genesis_hide_breadcrumbs":false,"_genesis_hide_singular_image":false,"_genesis_hide_footer_widgets":false,"_genesis_custom_body_class":"","_genesis_custom_post_class":"","_genesis_layout":"","footnotes":""},"class_list":{"0":"post-6046","1":"page","2":"type-page","3":"status-publish","5":"entry","6":"has-post-thumbnail"},"_links":{"self":[{"href":"https:\/\/moverdb.com\/fr\/wp-json\/wp\/v2\/pages\/6046","targetHints":{"allow":["GET"]}}],"collection":[{"href":"https:\/\/moverdb.com\/fr\/wp-json\/wp\/v2\/pages"}],"about":[{"href":"https:\/\/moverdb.com\/fr\/wp-json\/wp\/v2\/types\/page"}],"author":[{"embeddable":true,"href":"https:\/\/moverdb.com\/fr\/wp-json\/wp\/v2\/users\/4"}],"replies":[{"embeddable":true,"href":"https:\/\/moverdb.com\/fr\/wp-json\/wp\/v2\/comments?post=6046"}],"version-history":[{"count":1,"href":"https:\/\/moverdb.com\/fr\/wp-json\/wp\/v2\/pages\/6046\/revisions"}],"predecessor-version":[{"id":6048,"href":"https:\/\/moverdb.com\/fr\/wp-json\/wp\/v2\/pages\/6046\/revisions\/6048"}],"up":[{"embeddable":true,"href":"https:\/\/moverdb.com\/fr\/wp-json\/wp\/v2\/pages\/190"}],"wp:attachment":[{"href":"https:\/\/moverdb.com\/fr\/wp-json\/wp\/v2\/media?parent=6046"}],"curies":[{"name":"wp","href":"https:\/\/api.w.org\/{rel}","templated":true}]}}