{"id":6043,"date":"2023-02-01T13:40:56","date_gmt":"2023-02-01T13:40:56","guid":{"rendered":"https:\/\/moverdb.com\/?page_id=6043"},"modified":"2026-01-08T15:24:40","modified_gmt":"2026-01-08T15:24:40","slug":"entreprises-de-demenagement-estonie","status":"publish","type":"page","link":"https:\/\/moverdb.com\/fr\/moving-companies\/moving-companies-estonia\/","title":{"rendered":"Les 4 meilleures soci\u00e9t\u00e9s de d\u00e9m\u00e9nagement international en Estonie"},"content":{"rendered":"<p>Le d\u00e9m\u00e9nagement peut \u00eatre un moment stressant, qu'il s'agisse du d\u00e9m\u00e9nagement d'une maison ou d'une entreprise. De nombreuses personnes font appel aux services d'un <a href=\"https:\/\/moverdb.com\/fr\/moving-companies\/\" data-internallinksmanager029f6b8e52c=\"79\" title=\"Les 25 meilleures soci\u00e9t\u00e9s de d\u00e9m\u00e9nagement international en ligne\">soci\u00e9t\u00e9 de d\u00e9m\u00e9nagement<\/a> car ils peuvent d\u00e9placer vos biens en toute s\u00e9curit\u00e9 et r\u00e9duire le stress de votre d\u00e9m\u00e9nagement. Nous avons dress\u00e9 ci-dessous une liste des entreprises estoniennes de d\u00e9m\u00e9nagement. <a href=\"https:\/\/moverdb.com\/fr\/international-removals\/\" data-internallinksmanager029f6b8e52c=\"27\" title=\"36 meilleures entreprises de d\u00e9m\u00e9nagements internationaux au Royaume-Uni\">entreprises de d\u00e9m\u00e9nagement<\/a> qui sont membres de la <a href=\"https:\/\/moverdb.com\/fr\/iam\/\" data-internallinksmanager029f6b8e52c=\"23\" title=\"L&#039;Association internationale des d\u00e9m\u00e9nageurs (IAM) expliqu\u00e9e\">Association internationale des d\u00e9m\u00e9nageurs<\/a> (IAM) et\/ou <a href=\"https:\/\/moverdb.com\/fr\/fidi-faim\/\" data-internallinksmanager029f6b8e52c=\"16\" title=\"Explication de la FIDI et du FAIM (FIDI Accredited International Mover)\">FIDI<\/a> D\u00e9m\u00e9nageur international accr\u00e9dit\u00e9 (FAIM) qui pourrait vous aider dans votre d\u00e9m\u00e9nagement.<\/p>\n<div id=\"ez-toc-container\" class=\"ez-toc-v2_0_82_2 ez-toc-wrap-left counter-hierarchy ez-toc-counter ez-toc-transparent ez-toc-container-direction\">\n<div class=\"ez-toc-title-container\">\n<p class=\"ez-toc-title\" style=\"cursor:inherit\">Sections<\/p>\n<span class=\"ez-toc-title-toggle\"><a href=\"#\" class=\"ez-toc-pull-right ez-toc-btn ez-toc-btn-xs ez-toc-btn-default ez-toc-toggle\" aria-label=\"Toggle Table des mati\u00e8res\"><span class=\"ez-toc-js-icon-con\"><span class=\"\"><span class=\"eztoc-hide\" style=\"display:none;\">Toggle<\/span><span class=\"ez-toc-icon-toggle-span\"><svg style=\"fill: #999;color:#999\" xmlns=\"http:\/\/www.w3.org\/2000\/svg\" class=\"list-377408\" width=\"20px\" height=\"20px\" viewbox=\"0 0 24 24\" fill=\"none\"><path d=\"M6 6H4v2h2V6zm14 0H8v2h12V6zM4 11h2v2H4v-2zm16 0H8v2h12v-2zM4 16h2v2H4v-2zm16 0H8v2h12v-2z\" fill=\"currentColor\"><\/path><\/svg><svg style=\"fill: #999;color:#999\" class=\"arrow-unsorted-368013\" xmlns=\"http:\/\/www.w3.org\/2000\/svg\" width=\"10px\" height=\"10px\" viewbox=\"0 0 24 24\" version=\"1.2\" baseprofile=\"tiny\"><path d=\"M18.2 9.3l-6.2-6.3-6.2 6.3c-.2.2-.3.4-.3.7s.1.5.3.7c.2.2.4.3.7.3h11c.3 0 .5-.1.7-.3.2-.2.3-.5.3-.7s-.1-.5-.3-.7zM5.8 14.7l6.2 6.3 6.2-6.3c.2-.2.3-.5.3-.7s-.1-.5-.3-.7c-.2-.2-.4-.3-.7-.3h-11c-.3 0-.5.1-.7.3-.2.2-.3.5-.3.7s.1.5.3.7z\"\/><\/svg><\/span><\/span><\/span><\/a><\/span><\/div>\n<nav><ul class='ez-toc-list ez-toc-list-level-1 eztoc-toggle-hide-by-default' ><li class='ez-toc-page-1 ez-toc-heading-level-2'><a class=\"ez-toc-link ez-toc-heading-1\" href=\"https:\/\/moverdb.com\/fr\/moving-companies\/moving-companies-estonia\/#1_Adduco\" >1. Adduco<\/a><\/li><li class='ez-toc-page-1 ez-toc-heading-level-2'><a class=\"ez-toc-link ez-toc-heading-2\" href=\"https:\/\/moverdb.com\/fr\/moving-companies\/moving-companies-estonia\/#2_AVA_Express\" >2. AVA Express<\/a><\/li><li class='ez-toc-page-1 ez-toc-heading-level-2'><a class=\"ez-toc-link ez-toc-heading-3\" href=\"https:\/\/moverdb.com\/fr\/moving-companies\/moving-companies-estonia\/#3_MoveMaster\" >3. MoveMaster<\/a><\/li><li class='ez-toc-page-1 ez-toc-heading-level-2'><a class=\"ez-toc-link ez-toc-heading-4\" href=\"https:\/\/moverdb.com\/fr\/moving-companies\/moving-companies-estonia\/#4_KLG_Estonia\" >4. KLG Estonie<\/a><\/li><li class='ez-toc-page-1 ez-toc-heading-level-2'><a class=\"ez-toc-link ez-toc-heading-5\" href=\"https:\/\/moverdb.com\/fr\/moving-companies\/moving-companies-estonia\/#Other_Useful_Guides_to_Estonia\" >Autres guides utiles sur l'Estonie<\/a><\/li><\/ul><\/nav><\/div>\n<h2><span class=\"ez-toc-section\" id=\"1_Adduco\"><\/span><strong>1. Adduco<\/strong><span class=\"ez-toc-section-end\"><\/span><\/h2>\n<p><img loading=\"lazy\" decoding=\"async\" class=\"alignnone size-full wp-image-6044\" src=\"https:\/\/moverdb.com\/wp-content\/uploads\/Adduco-international-moving-company.png\" alt=\"Adduco international moving company\" width=\"1440\" height=\"629\" data-wp-pid=\"6044\" srcset=\"https:\/\/moverdb.com\/wp-content\/uploads\/Adduco-international-moving-company.png 1440w, https:\/\/moverdb.com\/wp-content\/uploads\/Adduco-international-moving-company-300x131.png 300w, https:\/\/moverdb.com\/wp-content\/uploads\/Adduco-international-moving-company-1024x447.png 1024w, https:\/\/moverdb.com\/wp-content\/uploads\/Adduco-international-moving-company-18x8.png 18w, https:\/\/moverdb.com\/wp-content\/uploads\/Adduco-international-moving-company-600x262.png 600w\" sizes=\"auto, (max-width: 1440px) 100vw, 1440px\" \/><\/p>\n<ul>\n<li>D\u00e9placement d'objets lourds<\/li>\n<li>D\u00e9m\u00e9nagements internationaux<\/li>\n<li>D\u00e9m\u00e9nagements de m\u00e9nages<\/li>\n<li>Mouvements de l'entreprise<\/li>\n<li>Service d'emballage<\/li>\n<li>Planifiez votre itin\u00e9raire et vos transports<\/li>\n<li>Soutien en mati\u00e8re de documentation<\/li>\n<li>Transport des \u0153uvres d'art<\/li>\n<li>Assurance<\/li>\n<li>Solutions de stockage<\/li>\n<\/ul>\n<p>Adduco est un prestataire de services de d\u00e9m\u00e9nagement qui aide les gens \u00e0 d\u00e9m\u00e9nager depuis 2006 et poss\u00e8de des bureaux \u00e0 Tallinn et Tartu. Ils sont membres d'IAM depuis 16 ans, ce qui leur donne acc\u00e8s \u00e0 un r\u00e9seau international d'agents de d\u00e9m\u00e9nagement pour les aider \u00e0 d\u00e9m\u00e9nager dans le monde entier.<\/p>\n<p>Adduco propose un service de d\u00e9m\u00e9nagement qui inclut un service d'enl\u00e8vement des ordures pour vous aider \u00e0 r\u00e9duire le volume des biens que vous emportez avec vous lors de votre d\u00e9m\u00e9nagement. Ils g\u00e8rent soigneusement votre d\u00e9m\u00e9nagement, planifient votre itin\u00e9raire et pr\u00e9parent les documents n\u00e9cessaires et les assurances. Ils emballeront \u00e9galement vos biens en toute s\u00e9curit\u00e9 et les transporteront avant de les d\u00e9baller \u00e0 votre destination.<\/p>\n<p>Site web : <a href=\"https:\/\/adduco.ee\/en\/\" target=\"_blank\" rel=\"noopener\">https:\/\/adduco.ee\/en\/<\/a><\/p>\n<h2><span class=\"ez-toc-section\" id=\"2_AVA_Express\"><\/span><strong>2. AVA Express<\/strong><span class=\"ez-toc-section-end\"><\/span><\/h2>\n<p><img loading=\"lazy\" decoding=\"async\" class=\"alignnone size-full wp-image-5928\" src=\"https:\/\/moverdb.com\/wp-content\/uploads\/AVA-Express-international-moving-company.png\" alt=\"AVA Express, soci\u00e9t\u00e9 de d\u00e9m\u00e9nagement international\" width=\"1440\" height=\"712\" data-wp-pid=\"5928\" srcset=\"https:\/\/moverdb.com\/wp-content\/uploads\/AVA-Express-international-moving-company.png 1440w, https:\/\/moverdb.com\/wp-content\/uploads\/AVA-Express-international-moving-company-300x148.png 300w, https:\/\/moverdb.com\/wp-content\/uploads\/AVA-Express-international-moving-company-1024x506.png 1024w, https:\/\/moverdb.com\/wp-content\/uploads\/AVA-Express-international-moving-company-18x9.png 18w, https:\/\/moverdb.com\/wp-content\/uploads\/AVA-Express-international-moving-company-600x297.png 600w\" sizes=\"auto, (max-width: 1440px) 100vw, 1440px\" \/><\/p>\n<ul>\n<li>Mouvements nationaux<\/li>\n<li>D\u00e9m\u00e9nagements internationaux<\/li>\n<li>D\u00e9m\u00e9nagements de m\u00e9nages<\/li>\n<li>D\u00e9m\u00e9nagements de bureaux<\/li>\n<li>Transport et \u00e9quipement sp\u00e9cialis\u00e9s<\/li>\n<li>Services d'emballage<\/li>\n<li>Organisation du transport<\/li>\n<li>D\u00e9placement d'objets lourds<\/li>\n<li>Transport de l'art<\/li>\n<li>Solutions de stockage provisoire<\/li>\n<\/ul>\n<p>AVA Express est une soci\u00e9t\u00e9 de d\u00e9m\u00e9nagement estonienne qui a plus de 20 ans d'exp\u00e9rience dans les d\u00e9m\u00e9nagements de particuliers et de bureaux. Elle travaille avec des agents de d\u00e9m\u00e9nagements internationaux pour assurer des d\u00e9m\u00e9nagements dans le monde entier et est membre de l'IAM. Elle dispose de sa propre flotte routi\u00e8re pour effectuer des d\u00e9m\u00e9nagements dans les pays suivants <a href=\"https:\/\/moverdb.com\/fr\/moving-to-estonia\/\" data-internallinksmanager029f6b8e52c=\"430\" title=\"D\u00e9m\u00e9nager en Estonie ? 2026 Co\u00fbts de la vie et conseils de relocalisation\">Estonie<\/a>.<\/p>\n<p>AVA Express propose un devis personnalis\u00e9 pour ses services de d\u00e9m\u00e9nagement aux m\u00e9nages et aux entreprises. Ils fournissent tous les mat\u00e9riaux d'emballage pour votre d\u00e9m\u00e9nagement et, si n\u00e9cessaire, emballent vos biens pour vous. Ils organisent le transport de vos biens, y compris des \u0153uvres d'art ou des objets lourds, en toute s\u00e9curit\u00e9 jusqu'\u00e0 votre destination en Estonie ou \u00e0 l'\u00e9tranger.<\/p>\n<p>Site web : <a href=\"http:\/\/www.ava.ee\" target=\"_blank\" rel=\"noopener\">http:\/\/www.ava.ee<\/a><\/p>\n<h2><span class=\"ez-toc-section\" id=\"3_MoveMaster\"><\/span><strong>3. MoveMaster<\/strong><span class=\"ez-toc-section-end\"><\/span><\/h2>\n<p><img loading=\"lazy\" decoding=\"async\" class=\"alignnone size-full wp-image-5976\" src=\"https:\/\/moverdb.com\/wp-content\/uploads\/MoveMaster-international-moving-company.png\" alt=\"MoveMaster, soci\u00e9t\u00e9 de d\u00e9m\u00e9nagement international\" width=\"1440\" height=\"713\" data-wp-pid=\"5976\" srcset=\"https:\/\/moverdb.com\/wp-content\/uploads\/MoveMaster-international-moving-company.png 1440w, https:\/\/moverdb.com\/wp-content\/uploads\/MoveMaster-international-moving-company-300x149.png 300w, https:\/\/moverdb.com\/wp-content\/uploads\/MoveMaster-international-moving-company-1024x507.png 1024w, https:\/\/moverdb.com\/wp-content\/uploads\/MoveMaster-international-moving-company-18x9.png 18w, https:\/\/moverdb.com\/wp-content\/uploads\/MoveMaster-international-moving-company-600x297.png 600w\" sizes=\"auto, (max-width: 1440px) 100vw, 1440px\" \/><\/p>\n<ul>\n<li>D\u00e9m\u00e9nagements locaux et nationaux<\/li>\n<li>D\u00e9m\u00e9nagements internationaux<\/li>\n<li>D\u00e9m\u00e9nagements r\u00e9sidentiels<\/li>\n<li>Mouvements de l'entreprise<\/li>\n<li>Approche individuelle<\/li>\n<li>Service d'emballage<\/li>\n<li>Transports terrestres, maritimes et a\u00e9riens<\/li>\n<li>Transport d'objets d'art<\/li>\n<li>Assurance<\/li>\n<li>Installations de stockage<\/li>\n<\/ul>\n<p>MoveMaster est une entreprise de d\u00e9m\u00e9nagement estonienne bas\u00e9e \u00e0 Tallinn qui a 39 ans d'exp\u00e9rience et a effectu\u00e9 des milliers de d\u00e9m\u00e9nagements dans 147 pays. Elle travaille avec des partenaires de coop\u00e9ration dans les grandes villes pour aider aux d\u00e9m\u00e9nagements en dehors de leur r\u00e9gion et elle est membre d'IAM.<\/p>\n<p>MoveMaster propose une approche individuelle de ses services de d\u00e9m\u00e9nagement qui comprend une inspection pr\u00e9alable au d\u00e9m\u00e9nagement \u00e0 Tallinn afin de cr\u00e9er le plan de d\u00e9m\u00e9nagement le plus appropri\u00e9. Ils fournissent un service d'emballage en utilisant des mat\u00e9riaux d'emballage de haute qualit\u00e9 pour prot\u00e9ger vos biens, d\u00e9monter les meubles et les remonter \u00e0 l'arriv\u00e9e. Ils organisent le transport par voie terrestre, maritime et a\u00e9rienne, et vous aident \u00e0 remplir les d\u00e9clarations de douane et \u00e0 souscrire une assurance.<\/p>\n<p>Site web : <a href=\"http:\/\/www.movemaster.ee\" target=\"_blank\" rel=\"noopener\">http:\/\/www.movemaster.ee<\/a><\/p>\n<h2><span class=\"ez-toc-section\" id=\"4_KLG_Estonia\"><\/span><strong>4. KLG Estonie<\/strong><span class=\"ez-toc-section-end\"><\/span><\/h2>\n<p><img loading=\"lazy\" decoding=\"async\" class=\"alignnone size-full wp-image-5964\" src=\"https:\/\/moverdb.com\/wp-content\/uploads\/KLG-Estonia-international-moving-company.png\" alt=\"KLG Estonia, soci\u00e9t\u00e9 de d\u00e9m\u00e9nagement international\" width=\"1440\" height=\"711\" data-wp-pid=\"5964\" srcset=\"https:\/\/moverdb.com\/wp-content\/uploads\/KLG-Estonia-international-moving-company.png 1440w, https:\/\/moverdb.com\/wp-content\/uploads\/KLG-Estonia-international-moving-company-300x148.png 300w, https:\/\/moverdb.com\/wp-content\/uploads\/KLG-Estonia-international-moving-company-1024x506.png 1024w, https:\/\/moverdb.com\/wp-content\/uploads\/KLG-Estonia-international-moving-company-18x9.png 18w, https:\/\/moverdb.com\/wp-content\/uploads\/KLG-Estonia-international-moving-company-600x296.png 600w\" sizes=\"auto, (max-width: 1440px) 100vw, 1440px\" \/><\/p>\n<ul>\n<li>Mouvements nationaux<\/li>\n<li>D\u00e9m\u00e9nagements internationaux<\/li>\n<li>D\u00e9m\u00e9nagements de m\u00e9nages<\/li>\n<li>Service d'emballage<\/li>\n<li>Construire des caisses en bois personnalis\u00e9es<\/li>\n<li>Transports terrestres, a\u00e9riens, maritimes et ferroviaires<\/li>\n<li>Soutien douanier<\/li>\n<li>Transport d'art<\/li>\n<li>Assurance<\/li>\n<li>Installations de stockage \u00e0 court et \u00e0 long terme<\/li>\n<\/ul>\n<p>KLG Estonia est un fournisseur de solutions logistiques sp\u00e9ciales bas\u00e9 \u00e0 Tallinn, qui propose des services de d\u00e9m\u00e9nagement depuis 1994. Il dispose d'un r\u00e9seau mondial de partenaires qui l'aide \u00e0 effectuer des d\u00e9m\u00e9nagements internationaux. Elle est accr\u00e9dit\u00e9e par la FIDI.<\/p>\n<p>KLG Estonia propose une inspection et une consultation pour \u00e9valuer vos besoins. Ils offrent un service d'emballage professionnel pour prot\u00e9ger vos biens, y compris des caisses en bois personnalis\u00e9es pour s'adapter \u00e0 tout contenu, y compris les \u0153uvres d'art et le mat\u00e9riel informatique. Ils d\u00e9m\u00e9nagent \u00e9galement les objets plus volumineux, y compris les motos et les pianos. Ils organisent le transport par voie terrestre, a\u00e9rienne, maritime et ferroviaire et vous aident \u00e0 remplir les formalit\u00e9s douani\u00e8res.<\/p>\n<p>Site web : <a href=\"http:\/\/www.klg.ee\/\" target=\"_blank\" rel=\"noopener\">http:\/\/www.klg.ee\/<\/a><\/p>\n<h2><span class=\"ez-toc-section\" id=\"Other_Useful_Guides_to_Estonia\"><\/span>Autres guides utiles sur l'Estonie<span class=\"ez-toc-section-end\"><\/span><\/h2>\n<ul>\n<li> <a href=\"https:\/\/moverdb.com\/fr\/moving-to-estonia\/\">D\u00e9m\u00e9nager en Estonie ? 2026 Co\u00fbts de la vie et conseils de relocalisation<\/a><\/li>\n<li> <a href=\"https:\/\/moverdb.com\/fr\/moving-to-estonia\/best-places-to-live-estonia\/\">12 meilleurs endroits pour vivre en Estonie<\/a><\/li>\n<li> <a href=\"https:\/\/moverdb.com\/fr\/expedition-par-conteneur\/estonie\/\">2026 Tarifs d'exp\u00e9dition de conteneurs de fret maritime \u00e0 destination et en provenance d'Estonie<\/a><\/li>\n<\/ul>","protected":false},"excerpt":{"rendered":"<p>Moving can be a stressful time, whether that is moving home or your business. Many people employ the services of a moving company as they can safely move your belongings and reduce the stress of your move. Below we have compiled a list of Estonian removal companies that are members of the International Association of [&hellip;]<\/p>\n","protected":false},"author":4,"featured_media":0,"parent":190,"menu_order":0,"comment_status":"closed","ping_status":"closed","template":"","meta":{"_genesis_hide_title":false,"_genesis_hide_breadcrumbs":false,"_genesis_hide_singular_image":false,"_genesis_hide_footer_widgets":false,"_genesis_custom_body_class":"","_genesis_custom_post_class":"","_genesis_layout":"","footnotes":""},"class_list":{"0":"post-6043","1":"page","2":"type-page","3":"status-publish","5":"entry","6":"has-post-thumbnail"},"_links":{"self":[{"href":"https:\/\/moverdb.com\/fr\/wp-json\/wp\/v2\/pages\/6043","targetHints":{"allow":["GET"]}}],"collection":[{"href":"https:\/\/moverdb.com\/fr\/wp-json\/wp\/v2\/pages"}],"about":[{"href":"https:\/\/moverdb.com\/fr\/wp-json\/wp\/v2\/types\/page"}],"author":[{"embeddable":true,"href":"https:\/\/moverdb.com\/fr\/wp-json\/wp\/v2\/users\/4"}],"replies":[{"embeddable":true,"href":"https:\/\/moverdb.com\/fr\/wp-json\/wp\/v2\/comments?post=6043"}],"version-history":[{"count":3,"href":"https:\/\/moverdb.com\/fr\/wp-json\/wp\/v2\/pages\/6043\/revisions"}],"predecessor-version":[{"id":16257,"href":"https:\/\/moverdb.com\/fr\/wp-json\/wp\/v2\/pages\/6043\/revisions\/16257"}],"up":[{"embeddable":true,"href":"https:\/\/moverdb.com\/fr\/wp-json\/wp\/v2\/pages\/190"}],"wp:attachment":[{"href":"https:\/\/moverdb.com\/fr\/wp-json\/wp\/v2\/media?parent=6043"}],"curies":[{"name":"wp","href":"https:\/\/api.w.org\/{rel}","templated":true}]}}