{"id":6040,"date":"2023-02-01T12:37:34","date_gmt":"2023-02-01T12:37:34","guid":{"rendered":"https:\/\/moverdb.com\/?page_id=6040"},"modified":"2026-01-08T15:24:14","modified_gmt":"2026-01-08T15:24:14","slug":"entreprises-de-demenagement-el-salvador","status":"publish","type":"page","link":"https:\/\/moverdb.com\/fr\/moving-companies\/moving-companies-el-salvador\/","title":{"rendered":"3 meilleures soci\u00e9t\u00e9s de d\u00e9m\u00e9nagements internationaux au Salvador"},"content":{"rendered":"<p>Vous envisagez de d\u00e9m\u00e9nager au Salvador ou de vous rendre au Salvador ou d'en sortir ? Dans ce cas, vous voudrez peut-\u00eatre faire appel aux services d'une agence de d\u00e9m\u00e9nagement. <a href=\"https:\/\/moverdb.com\/fr\/moving-companies\/\" data-internallinksmanager029f6b8e52c=\"79\" title=\"Les 25 meilleures soci\u00e9t\u00e9s de d\u00e9m\u00e9nagement international en ligne\">soci\u00e9t\u00e9 de d\u00e9m\u00e9nagement<\/a> pour vous aider et vous soulager d'une partie de la pression. Ci-dessous, nous avons compil\u00e9 une liste d'adresses au Salvador. <a href=\"https:\/\/moverdb.com\/fr\/international-removals\/\" data-internallinksmanager029f6b8e52c=\"27\" title=\"36 meilleures entreprises de d\u00e9m\u00e9nagements internationaux au Royaume-Uni\">entreprises de d\u00e9m\u00e9nagement<\/a> qui sont membres de la <a href=\"https:\/\/moverdb.com\/fr\/iam\/\" data-internallinksmanager029f6b8e52c=\"23\" title=\"L&#039;Association internationale des d\u00e9m\u00e9nageurs (IAM) expliqu\u00e9e\">Association internationale des d\u00e9m\u00e9nageurs<\/a> (IAM) et\/ou <a href=\"https:\/\/moverdb.com\/fr\/fidi-faim\/\" data-internallinksmanager029f6b8e52c=\"16\" title=\"Explication de la FIDI et du FAIM (FIDI Accredited International Mover)\">FIDI<\/a> D\u00e9m\u00e9nageur international accr\u00e9dit\u00e9 (FAIM) qui pourrait \u00eatre en mesure de vous aider dans votre d\u00e9m\u00e9nagement.<\/p>\n<h2><strong>1. Comca International<\/strong><\/h2>\n<ul>\n<li>Mouvements nationaux<\/li>\n<li>D\u00e9m\u00e9nagements internationaux<\/li>\n<li>D\u00e9m\u00e9nagements de m\u00e9nages<\/li>\n<li>Inspection \u00e0 domicile<\/li>\n<li>Service d'emballage professionnel<\/li>\n<li>Transport routier, maritime et a\u00e9rien<\/li>\n<li>Soutien douanier<\/li>\n<li>Emballage des \u0153uvres d'art<\/li>\n<li>Assurance<\/li>\n<li>Stockage s\u00e9curis\u00e9<\/li>\n<\/ul>\n<p>Comca International est une soci\u00e9t\u00e9 de solutions logistiques de transport et de distribution fond\u00e9e en 1967 qui propose des services de d\u00e9m\u00e9nagement nationaux et internationaux. Ils ont des alliances strat\u00e9giques avec des agences internationales pour leur permettre de r\u00e9aliser des d\u00e9m\u00e9nagements internationaux. Ils sont membres de l'IAM avec 55 ans de service.<\/p>\n<p>Comca International fournit une inspection et un devis pour votre d\u00e9m\u00e9nagement et vous conseille sur la meilleure m\u00e9thode de transport. Ils offrent des services d'emballage professionnels en utilisant les meilleurs mat\u00e9riaux et des bo\u00eetes ou des caisses en bois avec du plastique adh\u00e9sif et des cerclages pour une meilleure protection pendant le transport. Ils organisent le transport par route, mer ou air et vous assistent dans les formalit\u00e9s douani\u00e8res.<\/p>\n<p>Site web : <a href=\"http:\/\/www.comca.com.sv\" target=\"_blank\" rel=\"noopener\">http:\/\/www.comca.com.sv<\/a><\/p>\n<h2><strong>2. Mudanzas Suarez<\/strong><\/h2>\n<p><img loading=\"lazy\" decoding=\"async\" class=\"alignnone size-full wp-image-5982\" src=\"https:\/\/moverdb.com\/wp-content\/uploads\/Mudanzas-Suarez-international-moving-company.png\" alt=\"Mudanzas Suarez entreprise de d\u00e9m\u00e9nagement international\" width=\"1440\" height=\"712\" data-wp-pid=\"5982\" srcset=\"https:\/\/moverdb.com\/wp-content\/uploads\/Mudanzas-Suarez-international-moving-company.png 1440w, https:\/\/moverdb.com\/wp-content\/uploads\/Mudanzas-Suarez-international-moving-company-300x148.png 300w, https:\/\/moverdb.com\/wp-content\/uploads\/Mudanzas-Suarez-international-moving-company-1024x506.png 1024w, https:\/\/moverdb.com\/wp-content\/uploads\/Mudanzas-Suarez-international-moving-company-18x9.png 18w, https:\/\/moverdb.com\/wp-content\/uploads\/Mudanzas-Suarez-international-moving-company-600x297.png 600w\" sizes=\"auto, (max-width: 1440px) 100vw, 1440px\" \/><\/p>\n<ul>\n<li>D\u00e9m\u00e9nagements nationaux<\/li>\n<li>D\u00e9m\u00e9nagements internationaux<\/li>\n<li>D\u00e9m\u00e9nagements r\u00e9sidentiels<\/li>\n<li>Mouvements de l'entreprise<\/li>\n<li>Un service personnalis\u00e9<\/li>\n<li>Service porte-\u00e0-porte<\/li>\n<li>Service d'emballage<\/li>\n<li>Bo\u00eetes en bois personnalis\u00e9es<\/li>\n<li>Choix des moyens de transport<\/li>\n<li>Espace de stockage conditionn\u00e9<\/li>\n<\/ul>\n<p>Mudanzas Suarez est une entreprise de logistique et de d\u00e9m\u00e9nagement fond\u00e9e en 1958 et bas\u00e9e \u00e0 Antiguo Cuscatlan. Elle dispose d'un vaste r\u00e9seau d'agents internationaux qui l'aident \u00e0 effectuer des d\u00e9m\u00e9nagements dans le monde entier. Elle est membre de l'IAM avec 54 ans de service.<\/p>\n<p>Mudanzas Suarez offre un service personnalis\u00e9 et propose des solutions d'emballage sur mesure gr\u00e2ce \u00e0 son \u00e9quipe de menuiserie interne qui construit des bo\u00eetes en bois sur mesure. Ils fournissent un service d'emballage qui prot\u00e9gera vos biens en transit. Ils offrent un choix d'options de fret, y compris le fret a\u00e9rien et le fret maritime, comme le fret consolid\u00e9.<\/p>\n<p>Site web : <a href=\"http:\/\/suarez.com.sv\" target=\"_blank\" rel=\"noopener\">http:\/\/suarez.com.sv<\/a><\/p>\n<h2><strong>3. Mudisa El Salvador<\/strong><\/h2>\n<p><img loading=\"lazy\" decoding=\"async\" class=\"alignnone size-full wp-image-5983\" src=\"https:\/\/moverdb.com\/wp-content\/uploads\/Mudisa-international-moving-company.png\" alt=\"Mudisa, soci\u00e9t\u00e9 de d\u00e9m\u00e9nagement international\" width=\"1440\" height=\"712\" data-wp-pid=\"5983\" srcset=\"https:\/\/moverdb.com\/wp-content\/uploads\/Mudisa-international-moving-company.png 1440w, https:\/\/moverdb.com\/wp-content\/uploads\/Mudisa-international-moving-company-300x148.png 300w, https:\/\/moverdb.com\/wp-content\/uploads\/Mudisa-international-moving-company-1024x506.png 1024w, https:\/\/moverdb.com\/wp-content\/uploads\/Mudisa-international-moving-company-18x9.png 18w, https:\/\/moverdb.com\/wp-content\/uploads\/Mudisa-international-moving-company-600x297.png 600w\" sizes=\"auto, (max-width: 1440px) 100vw, 1440px\" \/><\/p>\n<ul>\n<li>D\u00e9m\u00e9nagements nationaux<\/li>\n<li>D\u00e9m\u00e9nagements internationaux<\/li>\n<li>D\u00e9m\u00e9nagements de m\u00e9nages<\/li>\n<li>D\u00e9m\u00e9nagements d'entreprises<\/li>\n<li>Services de relocalisation<\/li>\n<li>Services de porte-\u00e0-porte<\/li>\n<li>Emballage, y compris bo\u00eetes et caisses personnalis\u00e9es<\/li>\n<li>Transport d'\u0153uvres d'art<\/li>\n<li>Transport de v\u00e9hicules<\/li>\n<li>Installations de stockage s\u00e9curis\u00e9es<\/li>\n<\/ul>\n<p>Mudisa est une soci\u00e9t\u00e9 de d\u00e9m\u00e9nagement, de logistique et de fret g\u00e9n\u00e9ral fond\u00e9e en 1963 \u00e0 San Salvador. Elle offre un service international de porte \u00e0 porte en partenariat avec d'autres agents de d\u00e9m\u00e9nagement internationaux, et dispose de sa propre flotte de v\u00e9hicules pour effectuer des d\u00e9m\u00e9nagements nationaux. Elle est membre de l'IAM et compte 45 ans d'exp\u00e9rience.<\/p>\n<p>Mudisa propose des services de d\u00e9m\u00e9nagement et de relocalisation aux m\u00e9nages et aux entreprises. Ils fournissent des services dans vos locaux actuels et nouveaux, tels que l'emballage et le d\u00e9ballage, y compris des bo\u00eetes et des caisses personnalis\u00e9es. Leurs services de relocalisation comprennent une aide \u00e0 l'immigration, des services d'arriv\u00e9e, des conseils sur les \u00e9coles, des recherches de logement et des services d'installation.<\/p>\n<p>Site web : <a href=\"http:\/\/www.mudisa.com.sv\" target=\"_blank\" rel=\"noopener\">http:\/\/www.mudisa.com.sv<\/a><\/p>","protected":false},"excerpt":{"rendered":"<p>Are you planning on moving in El Salvador or to or from El Salvador? Then you may want to employ the services of a moving company to assist you and take some of the pressure off. Below we have compiled a list of El Salvador removal companies that are members of the International Association of [&hellip;]<\/p>\n","protected":false},"author":4,"featured_media":0,"parent":190,"menu_order":0,"comment_status":"closed","ping_status":"closed","template":"","meta":{"_genesis_hide_title":false,"_genesis_hide_breadcrumbs":false,"_genesis_hide_singular_image":false,"_genesis_hide_footer_widgets":false,"_genesis_custom_body_class":"","_genesis_custom_post_class":"","_genesis_layout":"","footnotes":""},"class_list":{"0":"post-6040","1":"page","2":"type-page","3":"status-publish","5":"entry","6":"has-post-thumbnail"},"_links":{"self":[{"href":"https:\/\/moverdb.com\/fr\/wp-json\/wp\/v2\/pages\/6040","targetHints":{"allow":["GET"]}}],"collection":[{"href":"https:\/\/moverdb.com\/fr\/wp-json\/wp\/v2\/pages"}],"about":[{"href":"https:\/\/moverdb.com\/fr\/wp-json\/wp\/v2\/types\/page"}],"author":[{"embeddable":true,"href":"https:\/\/moverdb.com\/fr\/wp-json\/wp\/v2\/users\/4"}],"replies":[{"embeddable":true,"href":"https:\/\/moverdb.com\/fr\/wp-json\/wp\/v2\/comments?post=6040"}],"version-history":[{"count":3,"href":"https:\/\/moverdb.com\/fr\/wp-json\/wp\/v2\/pages\/6040\/revisions"}],"predecessor-version":[{"id":6056,"href":"https:\/\/moverdb.com\/fr\/wp-json\/wp\/v2\/pages\/6040\/revisions\/6056"}],"up":[{"embeddable":true,"href":"https:\/\/moverdb.com\/fr\/wp-json\/wp\/v2\/pages\/190"}],"wp:attachment":[{"href":"https:\/\/moverdb.com\/fr\/wp-json\/wp\/v2\/media?parent=6040"}],"curies":[{"name":"wp","href":"https:\/\/api.w.org\/{rel}","templated":true}]}}