{"id":6038,"date":"2023-02-01T13:41:44","date_gmt":"2023-02-01T13:41:44","guid":{"rendered":"https:\/\/moverdb.com\/?page_id=6038"},"modified":"2026-01-08T15:24:39","modified_gmt":"2026-01-08T15:24:39","slug":"entreprises-de-demenagement-ecuador","status":"publish","type":"page","link":"https:\/\/moverdb.com\/fr\/moving-companies\/moving-companies-ecuador\/","title":{"rendered":"4 meilleures soci\u00e9t\u00e9s de d\u00e9m\u00e9nagement international en \u00c9quateur"},"content":{"rendered":"<p>Le d\u00e9m\u00e9nagement peut \u00eatre une p\u00e9riode stressante, tout comme le d\u00e9m\u00e9nagement de votre entreprise, c'est pourquoi il faut rechercher le soutien d'un <a href=\"https:\/\/moverdb.com\/fr\/moving-companies\/\" data-internallinksmanager029f6b8e52c=\"79\" title=\"Les 25 meilleures soci\u00e9t\u00e9s de d\u00e9m\u00e9nagement international en ligne\">soci\u00e9t\u00e9 de d\u00e9m\u00e9nagement<\/a> pourrait vous aider \u00e0 all\u00e9ger le fardeau et la charge du d\u00e9m\u00e9nagement. Nous avons dress\u00e9 ci-dessous une liste des services suivants en \u00c9quateur <a href=\"https:\/\/moverdb.com\/fr\/international-removals\/\" data-internallinksmanager029f6b8e52c=\"27\" title=\"36 meilleures entreprises de d\u00e9m\u00e9nagements internationaux au Royaume-Uni\">entreprises de d\u00e9m\u00e9nagement<\/a> qui sont membres de la <a href=\"https:\/\/moverdb.com\/fr\/iam\/\" data-internallinksmanager029f6b8e52c=\"23\" title=\"L&#039;Association internationale des d\u00e9m\u00e9nageurs (IAM) expliqu\u00e9e\">Association internationale des d\u00e9m\u00e9nageurs<\/a> (IAM) et\/ou <a href=\"https:\/\/moverdb.com\/fr\/fidi-faim\/\" data-internallinksmanager029f6b8e52c=\"16\" title=\"Explication de la FIDI et du FAIM (FIDI Accredited International Mover)\">FIDI<\/a> D\u00e9m\u00e9nageur international accr\u00e9dit\u00e9 (FAIM) qui pourrait vous apporter son soutien.<\/p>\n<div id=\"ez-toc-container\" class=\"ez-toc-v2_0_82_2 ez-toc-wrap-left counter-hierarchy ez-toc-counter ez-toc-transparent ez-toc-container-direction\">\n<div class=\"ez-toc-title-container\">\n<p class=\"ez-toc-title\" style=\"cursor:inherit\">Sections<\/p>\n<span class=\"ez-toc-title-toggle\"><a href=\"#\" class=\"ez-toc-pull-right ez-toc-btn ez-toc-btn-xs ez-toc-btn-default ez-toc-toggle\" aria-label=\"Toggle Table des mati\u00e8res\"><span class=\"ez-toc-js-icon-con\"><span class=\"\"><span class=\"eztoc-hide\" style=\"display:none;\">Toggle<\/span><span class=\"ez-toc-icon-toggle-span\"><svg style=\"fill: #999;color:#999\" xmlns=\"http:\/\/www.w3.org\/2000\/svg\" class=\"list-377408\" width=\"20px\" height=\"20px\" viewbox=\"0 0 24 24\" fill=\"none\"><path d=\"M6 6H4v2h2V6zm14 0H8v2h12V6zM4 11h2v2H4v-2zm16 0H8v2h12v-2zM4 16h2v2H4v-2zm16 0H8v2h12v-2z\" fill=\"currentColor\"><\/path><\/svg><svg style=\"fill: #999;color:#999\" class=\"arrow-unsorted-368013\" xmlns=\"http:\/\/www.w3.org\/2000\/svg\" width=\"10px\" height=\"10px\" viewbox=\"0 0 24 24\" version=\"1.2\" baseprofile=\"tiny\"><path d=\"M18.2 9.3l-6.2-6.3-6.2 6.3c-.2.2-.3.4-.3.7s.1.5.3.7c.2.2.4.3.7.3h11c.3 0 .5-.1.7-.3.2-.2.3-.5.3-.7s-.1-.5-.3-.7zM5.8 14.7l6.2 6.3 6.2-6.3c.2-.2.3-.5.3-.7s-.1-.5-.3-.7c-.2-.2-.4-.3-.7-.3h-11c-.3 0-.5.1-.7.3-.2.2-.3.5-.3.7s.1.5.3.7z\"\/><\/svg><\/span><\/span><\/span><\/a><\/span><\/div>\n<nav><ul class='ez-toc-list ez-toc-list-level-1 eztoc-toggle-hide-by-default' ><li class='ez-toc-page-1 ez-toc-heading-level-2'><a class=\"ez-toc-link ez-toc-heading-1\" href=\"https:\/\/moverdb.com\/fr\/moving-companies\/moving-companies-ecuador\/#1_Sandhill_Ecuador\" >1. Sandhill \u00c9quateur<\/a><\/li><li class='ez-toc-page-1 ez-toc-heading-level-2'><a class=\"ez-toc-link ez-toc-heading-2\" href=\"https:\/\/moverdb.com\/fr\/moving-companies\/moving-companies-ecuador\/#2_INSA_Moving\" >2. INSA D\u00e9m\u00e9nagement<\/a><\/li><li class='ez-toc-page-1 ez-toc-heading-level-2'><a class=\"ez-toc-link ez-toc-heading-3\" href=\"https:\/\/moverdb.com\/fr\/moving-companies\/moving-companies-ecuador\/#3_Premium_Logistics\" >3. Logistique Premium<\/a><\/li><li class='ez-toc-page-1 ez-toc-heading-level-2'><a class=\"ez-toc-link ez-toc-heading-4\" href=\"https:\/\/moverdb.com\/fr\/moving-companies\/moving-companies-ecuador\/#4_Global_Transport\" >4. Le transport mondial<\/a><\/li><\/ul><\/nav><\/div>\n<h2><span class=\"ez-toc-section\" id=\"1_Sandhill_Ecuador\"><\/span><strong>1. Sandhill \u00c9quateur<\/strong><span class=\"ez-toc-section-end\"><\/span><\/h2>\n<p><img loading=\"lazy\" decoding=\"async\" class=\"alignnone size-full wp-image-5998\" src=\"https:\/\/moverdb.com\/wp-content\/uploads\/Sandhill-Ecuador-international-moving-company.png\" alt=\"Entreprise de d\u00e9m\u00e9nagement international Sandhill Ecuador\" width=\"1440\" height=\"680\" data-wp-pid=\"5998\" srcset=\"https:\/\/moverdb.com\/wp-content\/uploads\/Sandhill-Ecuador-international-moving-company.png 1440w, https:\/\/moverdb.com\/wp-content\/uploads\/Sandhill-Ecuador-international-moving-company-300x142.png 300w, https:\/\/moverdb.com\/wp-content\/uploads\/Sandhill-Ecuador-international-moving-company-1024x484.png 1024w, https:\/\/moverdb.com\/wp-content\/uploads\/Sandhill-Ecuador-international-moving-company-18x9.png 18w, https:\/\/moverdb.com\/wp-content\/uploads\/Sandhill-Ecuador-international-moving-company-600x283.png 600w\" sizes=\"auto, (max-width: 1440px) 100vw, 1440px\" \/><\/p>\n<ul>\n<li>Mouvements nationaux<\/li>\n<li>D\u00e9m\u00e9nagements internationaux<\/li>\n<li>D\u00e9m\u00e9nagements r\u00e9sidentiels<\/li>\n<li>D\u00e9localisations d'entreprises<\/li>\n<li>Un service personnalis\u00e9<\/li>\n<li>Emballage de qualit\u00e9 internationale<\/li>\n<li>Dispositions relatives au fret<\/li>\n<li>D\u00e9douanement<\/li>\n<li>Assurance<\/li>\n<li>Installations de stockage<\/li>\n<\/ul>\n<p>Sandhill Ecuador est une entreprise de logistique et de d\u00e9m\u00e9nagement bas\u00e9e \u00e0 Quito et qui a plus de 60 ans d'exp\u00e9rience dans le d\u00e9m\u00e9nagement. Elle dispose d'un r\u00e9seau mondial de partenaires pour vous aider \u00e0 d\u00e9m\u00e9nager partout dans le monde. Elle est membre d'IAM avec 2 ans d'anciennet\u00e9.<\/p>\n<p>Sandhill Ecuador fournit un service de d\u00e9m\u00e9nagement personnalis\u00e9 \u00e0 guichet unique. Ils effectuent une enqu\u00eate virtuelle ou en personne pour \u00e9valuer vos besoins en mati\u00e8re de d\u00e9m\u00e9nagement et \u00e9tablir un devis. Un responsable du d\u00e9m\u00e9nagement vous sera attribu\u00e9 et vous assistera tout au long de votre voyage. Il s'occupera de vos bagages, organisera le transport, le d\u00e9douanement, vous proposera une assurance et vous fournira une assistance concernant votre destination, notamment des guides et la recherche d'\u00e9coles.<\/p>\n<p>Site web : <a href=\"http:\/\/www.sandhillrelo.com\" target=\"_blank\" rel=\"noopener\">http:\/\/www.sandhillrelo.com<\/a><\/p>\n<h2><span class=\"ez-toc-section\" id=\"2_INSA_Moving\"><\/span><strong>2. INSA D\u00e9m\u00e9nagement<\/strong><span class=\"ez-toc-section-end\"><\/span><\/h2>\n<p><img loading=\"lazy\" decoding=\"async\" class=\"alignnone size-full wp-image-5957\" src=\"https:\/\/moverdb.com\/wp-content\/uploads\/INSA-Moving-international-moving-company.png\" alt=\"INSA Moving entreprise de d\u00e9m\u00e9nagement international\" width=\"1440\" height=\"664\" data-wp-pid=\"5957\" srcset=\"https:\/\/moverdb.com\/wp-content\/uploads\/INSA-Moving-international-moving-company.png 1440w, https:\/\/moverdb.com\/wp-content\/uploads\/INSA-Moving-international-moving-company-300x138.png 300w, https:\/\/moverdb.com\/wp-content\/uploads\/INSA-Moving-international-moving-company-1024x472.png 1024w, https:\/\/moverdb.com\/wp-content\/uploads\/INSA-Moving-international-moving-company-18x8.png 18w, https:\/\/moverdb.com\/wp-content\/uploads\/INSA-Moving-international-moving-company-600x277.png 600w\" sizes=\"auto, (max-width: 1440px) 100vw, 1440px\" \/><\/p>\n<ul>\n<li>D\u00e9m\u00e9nagements locaux et nationaux<\/li>\n<li>D\u00e9m\u00e9nagements internationaux<\/li>\n<li>Services de relocalisation<\/li>\n<li>D\u00e9m\u00e9nagements de m\u00e9nages<\/li>\n<li>D\u00e9m\u00e9nagements d'entreprises<\/li>\n<li>Service porte-\u00e0-porte<\/li>\n<li>Services d'emballage<\/li>\n<li>Services d'immigration<\/li>\n<li>Transport des animaux<\/li>\n<li>Solutions de stockage<\/li>\n<\/ul>\n<p>INSA Moving est une entreprise de d\u00e9m\u00e9nagement, de logistique et de fret bien \u00e9tablie \u00e0 Quito qui offre des services de d\u00e9m\u00e9nagement et de relocalisation. Elle propose des d\u00e9m\u00e9nagements locaux, nationaux et internationaux aux particuliers et aux entreprises. Elle est membre de l'IAM avec 65 ans de service et est accr\u00e9dit\u00e9e par la FIDI.<\/p>\n<p>INSA Moving propose des services de d\u00e9m\u00e9nagement et de relocalisation de porte \u00e0 porte qui comprennent l'emballage s\u00e9curis\u00e9 de vos biens, leur transport jusqu'\u00e0 votre destination et les services de d\u00e9ballage. Leurs services de relocalisation comprennent \u00e9galement une aide \u00e0 la recherche d'une propri\u00e9t\u00e9 et d'\u00e9coles, des guides d'information sur votre destination, une aide \u00e0 l'entretien de la maison, le transport d'animaux domestiques, des services d'immigration et des assurances.<\/p>\n<p>Site web : <a href=\"http:\/\/www.insa.com.ec\" target=\"_blank\" rel=\"noopener\">http:\/\/www.insa.com.ec<\/a><\/p>\n<h2><span class=\"ez-toc-section\" id=\"3_Premium_Logistics\"><\/span><strong>3. Logistique Premium<\/strong><span class=\"ez-toc-section-end\"><\/span><\/h2>\n<p><img loading=\"lazy\" decoding=\"async\" class=\"alignnone size-full wp-image-5994\" src=\"https:\/\/moverdb.com\/wp-content\/uploads\/Premium-Logistics-international-moving-company.png\" alt=\"Premium Logistics, soci\u00e9t\u00e9 de d\u00e9m\u00e9nagement international\" width=\"1440\" height=\"679\" data-wp-pid=\"5994\" srcset=\"https:\/\/moverdb.com\/wp-content\/uploads\/Premium-Logistics-international-moving-company.png 1440w, https:\/\/moverdb.com\/wp-content\/uploads\/Premium-Logistics-international-moving-company-300x141.png 300w, https:\/\/moverdb.com\/wp-content\/uploads\/Premium-Logistics-international-moving-company-1024x483.png 1024w, https:\/\/moverdb.com\/wp-content\/uploads\/Premium-Logistics-international-moving-company-18x8.png 18w, https:\/\/moverdb.com\/wp-content\/uploads\/Premium-Logistics-international-moving-company-600x283.png 600w\" sizes=\"auto, (max-width: 1440px) 100vw, 1440px\" \/><\/p>\n<ul>\n<li>D\u00e9m\u00e9nagements locaux et nationaux<\/li>\n<li>D\u00e9m\u00e9nagements internationaux<\/li>\n<li>D\u00e9m\u00e9nagements r\u00e9sidentiels<\/li>\n<li>D\u00e9m\u00e9nagements d'entreprises<\/li>\n<li>Service porte-\u00e0-porte<\/li>\n<li>Service d'emballage<\/li>\n<li>Un personnel professionnellement form\u00e9<\/li>\n<li>Conseils douaniers<\/li>\n<li>Assurance tous risques<\/li>\n<li>Installations de stockage s\u00e9curis\u00e9es<\/li>\n<\/ul>\n<p>Premium Logistics est une entreprise sp\u00e9cialis\u00e9e dans le d\u00e9m\u00e9nagement et le stockage, fond\u00e9e en 1998 \u00e0 Quito, avec une couverture locale, nationale et internationale. Elle propose des d\u00e9m\u00e9nagements r\u00e9sidentiels et d'entreprise vers et depuis l'\u00c9quateur. Elle est membre de l'IAM et compte 23 ann\u00e9es de service.<\/p>\n<p>Premium Logistics propose un service de d\u00e9m\u00e9nagement de porte \u00e0 porte qui peut inclure une enqu\u00eate pour \u00e9valuer vos besoins. Elle met \u00e0 votre disposition un personnel qualifi\u00e9 qui emballera et manipulera vos biens et vos meubles avec soin. Ils fournissent des conseils pour vous aider dans les proc\u00e9dures douani\u00e8res et proposent des options d'assurance. Ils fournissent \u00e9galement des installations de stockage s\u00e9curis\u00e9es dans leur entrep\u00f4t \u00e0 Quito.<\/p>\n<p>Site web : <a href=\"http:\/\/www.premiumlogistics.com.ec\" target=\"_blank\" rel=\"noopener\">http:\/\/www.premiumlogistics.com.ec<\/a><\/p>\n<h2><span class=\"ez-toc-section\" id=\"4_Global_Transport\"><\/span><strong>4. Le transport mondial<\/strong><span class=\"ez-toc-section-end\"><\/span><\/h2>\n<p><img loading=\"lazy\" decoding=\"async\" class=\"alignnone size-full wp-image-5951\" src=\"https:\/\/moverdb.com\/wp-content\/uploads\/Global-Transport-international-moving-company.png\" alt=\"Global Transport entreprise de d\u00e9m\u00e9nagement international\" width=\"1440\" height=\"665\" data-wp-pid=\"5951\" srcset=\"https:\/\/moverdb.com\/wp-content\/uploads\/Global-Transport-international-moving-company.png 1440w, https:\/\/moverdb.com\/wp-content\/uploads\/Global-Transport-international-moving-company-300x139.png 300w, https:\/\/moverdb.com\/wp-content\/uploads\/Global-Transport-international-moving-company-1024x473.png 1024w, https:\/\/moverdb.com\/wp-content\/uploads\/Global-Transport-international-moving-company-18x8.png 18w, https:\/\/moverdb.com\/wp-content\/uploads\/Global-Transport-international-moving-company-600x277.png 600w\" sizes=\"auto, (max-width: 1440px) 100vw, 1440px\" \/><\/p>\n<ul>\n<li>Mouvements nationaux<\/li>\n<li>D\u00e9m\u00e9nagements internationaux<\/li>\n<li>D\u00e9m\u00e9nagements de m\u00e9nages<\/li>\n<li>D\u00e9m\u00e9nagements de bureaux<\/li>\n<li>Porte-\u00e0-porte ou porte-\u00e0-porte<a href=\"https:\/\/moverdb.com\/fr\/top-49-container-ports\/\" data-internallinksmanager029f6b8e52c=\"80\" title=\"Les 49 ports \u00e0 conteneurs les plus importants et les plus fr\u00e9quent\u00e9s en 2025\">port<\/a> service<\/li>\n<li>Services d'emballage<\/li>\n<li>Organisation du transport<\/li>\n<li>Proc\u00e9dures douani\u00e8res<\/li>\n<li>D\u00e9ballage et enl\u00e8vement des d\u00e9chets<\/li>\n<li>Installations de stockage s\u00e9curis\u00e9es<\/li>\n<\/ul>\n<p>Global Transport est une entreprise de d\u00e9m\u00e9nagement international fond\u00e9e en 1971 et bas\u00e9e \u00e0 Quito. Elle propose des services de d\u00e9m\u00e9nagement nationaux et internationaux ainsi que des services de d\u00e9m\u00e9nagement sp\u00e9cialis\u00e9s pour les \u0153uvres d'art. Elle est membre de l'IAM depuis 51 ans et dispose d'un r\u00e9seau d'agents internationaux pour assurer les d\u00e9m\u00e9nagements partout dans le monde.<\/p>\n<p>Global Transport vous propose une visite personnelle pour \u00e9valuer les besoins de votre d\u00e9m\u00e9nagement afin de prendre les dispositions n\u00e9cessaires pour l'emballage et le transport de vos biens vers votre destination. Ils emballent vos biens en toute s\u00e9curit\u00e9 avec des mat\u00e9riaux et des bo\u00eetes pour les prot\u00e9ger. Ils les d\u00e9ballent \u00e0 votre destination et emportent les d\u00e9chets d'emballage.<\/p>\n<p>Site web : <a href=\"http:\/\/www.globaltransportecuador.com\" target=\"_blank\" rel=\"noopener\">http:\/\/www.globaltransportecuador.com<\/a><\/p>","protected":false},"excerpt":{"rendered":"<p>Moving home can be a stressful time, as can moving your business, so seeking out the support of a moving company could help ease the burden and lighten the load of moving. Below we have compiled a list of Ecuador removal companies that are members of the International Association of Movers (IAM) and\/or FIDI Accredited [&hellip;]<\/p>\n","protected":false},"author":4,"featured_media":0,"parent":190,"menu_order":0,"comment_status":"closed","ping_status":"closed","template":"","meta":{"_genesis_hide_title":false,"_genesis_hide_breadcrumbs":false,"_genesis_hide_singular_image":false,"_genesis_hide_footer_widgets":false,"_genesis_custom_body_class":"","_genesis_custom_post_class":"","_genesis_layout":"","footnotes":""},"class_list":{"0":"post-6038","1":"page","2":"type-page","3":"status-publish","5":"entry","6":"has-post-thumbnail"},"_links":{"self":[{"href":"https:\/\/moverdb.com\/fr\/wp-json\/wp\/v2\/pages\/6038","targetHints":{"allow":["GET"]}}],"collection":[{"href":"https:\/\/moverdb.com\/fr\/wp-json\/wp\/v2\/pages"}],"about":[{"href":"https:\/\/moverdb.com\/fr\/wp-json\/wp\/v2\/types\/page"}],"author":[{"embeddable":true,"href":"https:\/\/moverdb.com\/fr\/wp-json\/wp\/v2\/users\/4"}],"replies":[{"embeddable":true,"href":"https:\/\/moverdb.com\/fr\/wp-json\/wp\/v2\/comments?post=6038"}],"version-history":[{"count":1,"href":"https:\/\/moverdb.com\/fr\/wp-json\/wp\/v2\/pages\/6038\/revisions"}],"predecessor-version":[{"id":6039,"href":"https:\/\/moverdb.com\/fr\/wp-json\/wp\/v2\/pages\/6038\/revisions\/6039"}],"up":[{"embeddable":true,"href":"https:\/\/moverdb.com\/fr\/wp-json\/wp\/v2\/pages\/190"}],"wp:attachment":[{"href":"https:\/\/moverdb.com\/fr\/wp-json\/wp\/v2\/media?parent=6038"}],"curies":[{"name":"wp","href":"https:\/\/api.w.org\/{rel}","templated":true}]}}