{"id":6036,"date":"2023-02-01T13:45:53","date_gmt":"2023-02-01T13:45:53","guid":{"rendered":"https:\/\/moverdb.com\/?page_id=6036"},"modified":"2026-01-08T15:29:19","modified_gmt":"2026-01-08T15:29:19","slug":"entreprises-de-demenagement-republique-dominicaine","status":"publish","type":"page","link":"https:\/\/moverdb.com\/fr\/moving-companies\/moving-companies-dominican-republic\/","title":{"rendered":"6 meilleures soci\u00e9t\u00e9s de d\u00e9m\u00e9nagement international en R\u00e9publique dominicaine"},"content":{"rendered":"<p>Si vous d\u00e9m\u00e9nagez votre domicile ou votre entreprise en R\u00e9publique dominicaine, ou si vous vous rendez en R\u00e9publique dominicaine ou en revenez, vous avez peut-\u00eatre besoin d'aide. Une entreprise de d\u00e9m\u00e9nagement ou de relocalisation pourrait vous aider \u00e0 faciliter votre d\u00e9m\u00e9nagement et \u00e0 vous lib\u00e9rer d'une partie du stress. Nous avons compil\u00e9 ci-dessous une liste d'entreprises de d\u00e9m\u00e9nagement en R\u00e9publique Dominicaine. <a href=\"https:\/\/moverdb.com\/fr\/international-removals\/\" data-internallinksmanager029f6b8e52c=\"27\" title=\"36 meilleures entreprises de d\u00e9m\u00e9nagements internationaux au Royaume-Uni\">entreprises de d\u00e9m\u00e9nagement<\/a> qui sont membres de la <a href=\"https:\/\/moverdb.com\/fr\/iam\/\" data-internallinksmanager029f6b8e52c=\"23\" title=\"L&#039;Association internationale des d\u00e9m\u00e9nageurs (IAM) expliqu\u00e9e\">Association internationale des d\u00e9m\u00e9nageurs<\/a> (IAM) et\/ou <a href=\"https:\/\/moverdb.com\/fr\/fidi-faim\/\" data-internallinksmanager029f6b8e52c=\"16\" title=\"Explication de la FIDI et du FAIM (FIDI Accredited International Mover)\">FIDI<\/a> D\u00e9m\u00e9nageur international accr\u00e9dit\u00e9 (FAIM) qui pourrait \u00eatre en mesure de vous aider.<\/p>\n<div id=\"ez-toc-container\" class=\"ez-toc-v2_0_82_2 ez-toc-wrap-left counter-hierarchy ez-toc-counter ez-toc-transparent ez-toc-container-direction\">\n<div class=\"ez-toc-title-container\">\n<p class=\"ez-toc-title\" style=\"cursor:inherit\">Sections<\/p>\n<span class=\"ez-toc-title-toggle\"><a href=\"#\" class=\"ez-toc-pull-right ez-toc-btn ez-toc-btn-xs ez-toc-btn-default ez-toc-toggle\" aria-label=\"Toggle Table des mati\u00e8res\"><span class=\"ez-toc-js-icon-con\"><span class=\"\"><span class=\"eztoc-hide\" style=\"display:none;\">Toggle<\/span><span class=\"ez-toc-icon-toggle-span\"><svg style=\"fill: #999;color:#999\" xmlns=\"http:\/\/www.w3.org\/2000\/svg\" class=\"list-377408\" width=\"20px\" height=\"20px\" viewbox=\"0 0 24 24\" fill=\"none\"><path d=\"M6 6H4v2h2V6zm14 0H8v2h12V6zM4 11h2v2H4v-2zm16 0H8v2h12v-2zM4 16h2v2H4v-2zm16 0H8v2h12v-2z\" fill=\"currentColor\"><\/path><\/svg><svg style=\"fill: #999;color:#999\" class=\"arrow-unsorted-368013\" xmlns=\"http:\/\/www.w3.org\/2000\/svg\" width=\"10px\" height=\"10px\" viewbox=\"0 0 24 24\" version=\"1.2\" baseprofile=\"tiny\"><path d=\"M18.2 9.3l-6.2-6.3-6.2 6.3c-.2.2-.3.4-.3.7s.1.5.3.7c.2.2.4.3.7.3h11c.3 0 .5-.1.7-.3.2-.2.3-.5.3-.7s-.1-.5-.3-.7zM5.8 14.7l6.2 6.3 6.2-6.3c.2-.2.3-.5.3-.7s-.1-.5-.3-.7c-.2-.2-.4-.3-.7-.3h-11c-.3 0-.5.1-.7.3-.2.2-.3.5-.3.7s.1.5.3.7z\"\/><\/svg><\/span><\/span><\/span><\/a><\/span><\/div>\n<nav><ul class='ez-toc-list ez-toc-list-level-1 eztoc-toggle-hide-by-default' ><li class='ez-toc-page-1 ez-toc-heading-level-2'><a class=\"ez-toc-link ez-toc-heading-1\" href=\"https:\/\/moverdb.com\/fr\/moving-companies\/moving-companies-dominican-republic\/#1_International_Packers\" >1. International Packers<\/a><\/li><li class='ez-toc-page-1 ez-toc-heading-level-2'><a class=\"ez-toc-link ez-toc-heading-2\" href=\"https:\/\/moverdb.com\/fr\/moving-companies\/moving-companies-dominican-republic\/#2_Mega_Movers\" >2. Mega Movers<\/a><\/li><li class='ez-toc-page-1 ez-toc-heading-level-2'><a class=\"ez-toc-link ez-toc-heading-3\" href=\"https:\/\/moverdb.com\/fr\/moving-companies\/moving-companies-dominican-republic\/#3_Dominican_International_Moving\" >3. D\u00e9m\u00e9nagement international dominicain<\/a><\/li><li class='ez-toc-page-1 ez-toc-heading-level-2'><a class=\"ez-toc-link ez-toc-heading-4\" href=\"https:\/\/moverdb.com\/fr\/moving-companies\/moving-companies-dominican-republic\/#4_Frank_Leo\" >4. Frank Leo<\/a><\/li><li class='ez-toc-page-1 ez-toc-heading-level-2'><a class=\"ez-toc-link ez-toc-heading-5\" href=\"https:\/\/moverdb.com\/fr\/moving-companies\/moving-companies-dominican-republic\/#5_L_G_International_Movers\" >5. L&amp;G International Movers<\/a><\/li><li class='ez-toc-page-1 ez-toc-heading-level-2'><a class=\"ez-toc-link ez-toc-heading-6\" href=\"https:\/\/moverdb.com\/fr\/moving-companies\/moving-companies-dominican-republic\/#6_Latino_Express\" >6. Latino Express<\/a><\/li><\/ul><\/nav><\/div>\n<h2><span class=\"ez-toc-section\" id=\"1_International_Packers\"><\/span><strong>1. International Packers<\/strong><span class=\"ez-toc-section-end\"><\/span><\/h2>\n<p><img loading=\"lazy\" decoding=\"async\" class=\"alignnone size-full wp-image-5961\" src=\"https:\/\/moverdb.com\/wp-content\/uploads\/International-Packers-international-moving-company.png\" alt=\"International Packers soci\u00e9t\u00e9 de d\u00e9m\u00e9nagement international\" width=\"1440\" height=\"683\" data-wp-pid=\"5961\" srcset=\"https:\/\/moverdb.com\/wp-content\/uploads\/International-Packers-international-moving-company.png 1440w, https:\/\/moverdb.com\/wp-content\/uploads\/International-Packers-international-moving-company-300x142.png 300w, https:\/\/moverdb.com\/wp-content\/uploads\/International-Packers-international-moving-company-1024x486.png 1024w, https:\/\/moverdb.com\/wp-content\/uploads\/International-Packers-international-moving-company-18x9.png 18w, https:\/\/moverdb.com\/wp-content\/uploads\/International-Packers-international-moving-company-600x285.png 600w\" sizes=\"auto, (max-width: 1440px) 100vw, 1440px\" \/><\/p>\n<ul>\n<li>Mouvements nationaux<\/li>\n<li>D\u00e9m\u00e9nagements internationaux<\/li>\n<li>D\u00e9m\u00e9nagements de m\u00e9nages<\/li>\n<li>D\u00e9m\u00e9nagements d'entreprises<\/li>\n<li>Service d'emballage professionnel<\/li>\n<li>Soutien douanier<\/li>\n<li>Transport d'\u0153uvres d'art<\/li>\n<li>Exp\u00e9dition d'animaux de compagnie<\/li>\n<li>Assurance<\/li>\n<li>Installations de stockage<\/li>\n<\/ul>\n<p>International Packers est une soci\u00e9t\u00e9 de d\u00e9m\u00e9nagement et d'entreposage bas\u00e9e \u00e0 Saint-Domingue qui a \u00e9t\u00e9 fond\u00e9e en 1989. Elle propose des services de d\u00e9m\u00e9nagement et de relocalisation, y compris des services sp\u00e9cialis\u00e9s dans le d\u00e9placement d'\u0153uvres d'art, l'exp\u00e9dition d'animaux domestiques et la location de meubles. Elle est membre de l'IAM depuis 33 ans et est accr\u00e9dit\u00e9e par la FIDI.<\/p>\n<p>International Packers offre un service personnalis\u00e9 pour les d\u00e9m\u00e9nagements nationaux et internationaux qui sont assur\u00e9s par des agents de d\u00e9m\u00e9nagement international dans le monde entier. Ils fournissent un service porte-\u00e0-porte qui comprend un service d'emballage professionnel pour prot\u00e9ger vos biens et une assurance. Ils fournissent \u00e9galement des installations de stockage si vous en avez besoin.<\/p>\n<p>Site web : <a href=\"http:\/\/www.internt-packers.com.do\" target=\"_blank\" rel=\"noopener\">http:\/\/www.internt-packers.com.do<\/a><\/p>\n<h2><span class=\"ez-toc-section\" id=\"2_Mega_Movers\"><\/span><strong>2. Mega Movers<\/strong><span class=\"ez-toc-section-end\"><\/span><\/h2>\n<p><img loading=\"lazy\" decoding=\"async\" class=\"alignnone size-full wp-image-5970\" src=\"https:\/\/moverdb.com\/wp-content\/uploads\/Mega-Movers-international-moving-company.png\" alt=\"Mega Movers entreprise de d\u00e9m\u00e9nagement international\" width=\"1440\" height=\"677\" data-wp-pid=\"5970\" srcset=\"https:\/\/moverdb.com\/wp-content\/uploads\/Mega-Movers-international-moving-company.png 1440w, https:\/\/moverdb.com\/wp-content\/uploads\/Mega-Movers-international-moving-company-300x141.png 300w, https:\/\/moverdb.com\/wp-content\/uploads\/Mega-Movers-international-moving-company-1024x481.png 1024w, https:\/\/moverdb.com\/wp-content\/uploads\/Mega-Movers-international-moving-company-18x8.png 18w, https:\/\/moverdb.com\/wp-content\/uploads\/Mega-Movers-international-moving-company-600x282.png 600w\" sizes=\"auto, (max-width: 1440px) 100vw, 1440px\" \/><\/p>\n<ul>\n<li>Mouvements nationaux<\/li>\n<li>D\u00e9m\u00e9nagements internationaux<\/li>\n<li>D\u00e9m\u00e9nagements de m\u00e9nages<\/li>\n<li>D\u00e9m\u00e9nagements de bureaux<\/li>\n<li>Sp\u00e9cialis\u00e9 dans le d\u00e9placement d'\u00e9quipements m\u00e9dicaux<\/li>\n<li>Services d'emballage<\/li>\n<li>Caisses sur mesure<\/li>\n<li>\u00c9quipement sp\u00e9cialis\u00e9<\/li>\n<li>Prise en charge des marchandises surdimensionn\u00e9es et\/ou en surpoids<\/li>\n<li>Assurance<\/li>\n<\/ul>\n<p>Mega Movers est une entreprise familiale de logistique qui op\u00e8re en R\u00e9publique dominicaine, \u00e0 Porto Rico et dans les Cara\u00efbes. Elle propose des services de montage de machines, de projets cl\u00e9s en main, de transport de marchandises surdimensionn\u00e9es\/de poids excessif et de d\u00e9m\u00e9nagement international de m\u00e9nages. Elle propose \u00e9galement un service sp\u00e9cialis\u00e9 dans le transport de mat\u00e9riel m\u00e9dical en R\u00e9publique dominicaine. Elle est membre de l'IAM depuis 3 ans.<\/p>\n<p>Mega Movers offre un service personnalis\u00e9 qui comprend une consultation et des conseils en interne. Ils fournissent des emballeurs exp\u00e9riment\u00e9s et de nouveaux mat\u00e9riaux d'emballage, notamment des caisses sur mesure qu'ils fabriquent eux-m\u00eames. Ils travaillent \u00e9galement avec plus de 1 000 agents de d\u00e9m\u00e9nagement internationaux dans le monde entier pour fournir des services ensemble.<\/p>\n<p>Site web : <a href=\"http:\/\/www.megamovers.co\" target=\"_blank\" rel=\"noopener\">http:\/\/www.megamovers.co<\/a><\/p>\n<h2><span class=\"ez-toc-section\" id=\"3_Dominican_International_Moving\"><\/span><strong>3. D\u00e9m\u00e9nagement international dominicain<\/strong><span class=\"ez-toc-section-end\"><\/span><\/h2>\n<p><img loading=\"lazy\" decoding=\"async\" class=\"alignnone size-full wp-image-5939\" src=\"https:\/\/moverdb.com\/wp-content\/uploads\/Domincan-International-Moving-company.png\" alt=\"Domincan International Moving company\" width=\"1440\" height=\"672\" data-wp-pid=\"5939\" srcset=\"https:\/\/moverdb.com\/wp-content\/uploads\/Domincan-International-Moving-company.png 1440w, https:\/\/moverdb.com\/wp-content\/uploads\/Domincan-International-Moving-company-300x140.png 300w, https:\/\/moverdb.com\/wp-content\/uploads\/Domincan-International-Moving-company-1024x478.png 1024w, https:\/\/moverdb.com\/wp-content\/uploads\/Domincan-International-Moving-company-18x8.png 18w, https:\/\/moverdb.com\/wp-content\/uploads\/Domincan-International-Moving-company-600x280.png 600w\" sizes=\"auto, (max-width: 1440px) 100vw, 1440px\" \/><\/p>\n<ul>\n<li>Mouvements nationaux<\/li>\n<li>D\u00e9m\u00e9nagements internationaux<\/li>\n<li>D\u00e9m\u00e9nagements r\u00e9sidentiels<\/li>\n<li>Mouvements de l'entreprise<\/li>\n<li>Exp\u00e9rience de la manipulation d'articles sensibles et fragiles<\/li>\n<li>Services d'emballage<\/li>\n<li>Soutien douanier<\/li>\n<li>Transport de v\u00e9hicules<\/li>\n<li>D\u00e9placement d'un animal de compagnie<\/li>\n<li>Installations de stockage<\/li>\n<\/ul>\n<p>Dominican International Moving est un <a href=\"https:\/\/moverdb.com\/fr\/moving-companies\/\" data-internallinksmanager029f6b8e52c=\"79\" title=\"Les 25 meilleures soci\u00e9t\u00e9s de d\u00e9m\u00e9nagement international en ligne\">soci\u00e9t\u00e9 de d\u00e9m\u00e9nagement<\/a> bas\u00e9 \u00e0 Santo Domingo qui propose des d\u00e9m\u00e9nagements et des relocalisations nationaux et internationaux. Elle propose \u00e9galement le transport de v\u00e9hicules et la relocalisation d'animaux domestiques. Elle est membre de l'IAM et dispose d'un r\u00e9seau d'agents qualifi\u00e9s dans le monde entier pour l'aider \u00e0 effectuer des d\u00e9m\u00e9nagements internationaux.<\/p>\n<p>Dominican International Moving propose des solutions de d\u00e9m\u00e9nagement compl\u00e8tes qui comprennent l'emballage de tous vos biens en toute s\u00e9curit\u00e9 avec des emballages sp\u00e9cialis\u00e9s, le d\u00e9montage des meubles et l'\u00e9tablissement d'un inventaire. Ils organisent le transport de vos biens, s'occupent des formalit\u00e9s douani\u00e8res, les d\u00e9chargent et montent les meubles.<\/p>\n<p>Site web : <a href=\"http:\/\/www.dim.do\/\" target=\"_blank\" rel=\"noopener\">http:\/\/www.dim.do\/<\/a><\/p>\n<h2><span class=\"ez-toc-section\" id=\"4_Frank_Leo\"><\/span><strong>4. Frank Leo<\/strong><span class=\"ez-toc-section-end\"><\/span><\/h2>\n<p><img loading=\"lazy\" decoding=\"async\" class=\"alignnone size-full wp-image-5946\" src=\"https:\/\/moverdb.com\/wp-content\/uploads\/Frank-Leo-international-moving-company.png\" alt=\"Frank Leo, entreprise de d\u00e9m\u00e9nagement international\" width=\"1440\" height=\"680\" data-wp-pid=\"5946\" srcset=\"https:\/\/moverdb.com\/wp-content\/uploads\/Frank-Leo-international-moving-company.png 1440w, https:\/\/moverdb.com\/wp-content\/uploads\/Frank-Leo-international-moving-company-300x142.png 300w, https:\/\/moverdb.com\/wp-content\/uploads\/Frank-Leo-international-moving-company-1024x484.png 1024w, https:\/\/moverdb.com\/wp-content\/uploads\/Frank-Leo-international-moving-company-18x9.png 18w, https:\/\/moverdb.com\/wp-content\/uploads\/Frank-Leo-international-moving-company-600x283.png 600w\" sizes=\"auto, (max-width: 1440px) 100vw, 1440px\" \/><\/p>\n<ul>\n<li>Mouvements nationaux<\/li>\n<li>D\u00e9m\u00e9nagements internationaux<\/li>\n<li>Services de relocalisation<\/li>\n<li>D\u00e9m\u00e9nagements de m\u00e9nages<\/li>\n<li>D\u00e9m\u00e9nagements commerciaux<\/li>\n<li>Transports terrestres, maritimes et a\u00e9riens<\/li>\n<li>Courtage en douane<\/li>\n<li>Services de transport suppl\u00e9mentaires pour les v\u00e9hicules et les animaux de compagnie<\/li>\n<li>Assurance<\/li>\n<li>Installations de stockage<\/li>\n<\/ul>\n<p>Frank Leo est une entreprise de logistique et de d\u00e9m\u00e9nagement fond\u00e9e en R\u00e9publique dominicaine en 1990. Elle propose des services de d\u00e9m\u00e9nagement nationaux et internationaux ainsi que des services de relocalisation qui vous aident \u00e0 obtenir des conseils locaux et \u00e0 vous installer dans un nouveau pays. Ils sont membres de l'IAM avec 32 ans de service.<\/p>\n<p>Frank Leo propose des solutions sur mesure pour les particuliers, les familles, les entreprises et les diplomates. Leurs services comprennent l'emballage de tous vos biens avec des services d'emballage sp\u00e9ciaux pour les antiquit\u00e9s, les \u0153uvres d'art et les machines. Ils organisent le transport par voie terrestre, maritime ou a\u00e9rienne et vous assistent dans le courtage en douane. Ils proposent \u00e9galement des services d'aide au d\u00e9m\u00e9nagement de v\u00e9hicules, bateaux, avions l\u00e9gers, plantes et animaux domestiques.<\/p>\n<p>Site web : <a href=\"http:\/\/www.frankleo.com\" target=\"_blank\" rel=\"noopener\">http:\/\/www.frankleo.com<\/a><\/p>\n<h2><span class=\"ez-toc-section\" id=\"5_L_G_International_Movers\"><\/span><strong>5. L&amp;G International Movers<\/strong><span class=\"ez-toc-section-end\"><\/span><\/h2>\n<p><img loading=\"lazy\" decoding=\"async\" class=\"alignnone size-full wp-image-5965\" src=\"https:\/\/moverdb.com\/wp-content\/uploads\/LG-International-Movers-company.png\" alt=\"La soci\u00e9t\u00e9 L&amp;G International Movers\" width=\"1440\" height=\"676\" data-wp-pid=\"5965\" srcset=\"https:\/\/moverdb.com\/wp-content\/uploads\/LG-International-Movers-company.png 1440w, https:\/\/moverdb.com\/wp-content\/uploads\/LG-International-Movers-company-300x141.png 300w, https:\/\/moverdb.com\/wp-content\/uploads\/LG-International-Movers-company-1024x481.png 1024w, https:\/\/moverdb.com\/wp-content\/uploads\/LG-International-Movers-company-18x8.png 18w, https:\/\/moverdb.com\/wp-content\/uploads\/LG-International-Movers-company-600x282.png 600w\" sizes=\"auto, (max-width: 1440px) 100vw, 1440px\" \/><\/p>\n<ul>\n<li>Mouvements nationaux<\/li>\n<li>D\u00e9m\u00e9nagements internationaux<\/li>\n<li>D\u00e9m\u00e9nagements r\u00e9sidentiels<\/li>\n<li>Mouvements de l'entreprise<\/li>\n<li>Option d'auto-emballage<\/li>\n<li>Services d'emballage<\/li>\n<li>Choix des moyens de transport<\/li>\n<li>D\u00e9douanement<\/li>\n<li>Transport des voitures<\/li>\n<li>Installations de stockage<\/li>\n<\/ul>\n<p>L&amp;G International Movers est une entreprise de logistique et de services de d\u00e9m\u00e9nagement international bas\u00e9e \u00e0 Saint-Domingue. Elle propose des d\u00e9m\u00e9nagements internationaux en faisant appel \u00e0 ses partenaires, \u00e0 d'autres d\u00e9m\u00e9nageurs et \u00e0 des exp\u00e9diteurs dans le monde entier. Elle est membre de l'IAM et est accr\u00e9dit\u00e9e par la FIDI.<\/p>\n<p>L&amp;G International Movers emballera vos biens \u00e0 l'aide des techniques et des mat\u00e9riaux les plus r\u00e9cents, ou vous pouvez choisir de le faire vous-m\u00eame. Ils proposent un choix de services de transport, dont le fret a\u00e9rien et le fret maritime, ainsi que des m\u00e9thodes plus \u00e9conomiques telles que le groupage, qui vous permet de combiner votre envoi avec d'autres. Ils vous aideront \u00e9galement pour le d\u00e9douanement.<\/p>\n<p>Site web : <a href=\"http:\/\/www.lginternationalmovers.com\" target=\"_blank\" rel=\"noopener\">http:\/\/www.lginternationalmovers.com<\/a><\/p>\n<h2><span class=\"ez-toc-section\" id=\"6_Latino_Express\"><\/span><strong>6. Latino Express<\/strong><span class=\"ez-toc-section-end\"><\/span><\/h2>\n<p><img loading=\"lazy\" decoding=\"async\" class=\"alignnone size-full wp-image-5967\" src=\"https:\/\/moverdb.com\/wp-content\/uploads\/Latino-Express-international-moving-company.png\" alt=\"Latino Express, soci\u00e9t\u00e9 de d\u00e9m\u00e9nagement international\" width=\"1440\" height=\"665\" data-wp-pid=\"5967\" srcset=\"https:\/\/moverdb.com\/wp-content\/uploads\/Latino-Express-international-moving-company.png 1440w, https:\/\/moverdb.com\/wp-content\/uploads\/Latino-Express-international-moving-company-300x139.png 300w, https:\/\/moverdb.com\/wp-content\/uploads\/Latino-Express-international-moving-company-1024x473.png 1024w, https:\/\/moverdb.com\/wp-content\/uploads\/Latino-Express-international-moving-company-18x8.png 18w, https:\/\/moverdb.com\/wp-content\/uploads\/Latino-Express-international-moving-company-600x277.png 600w\" sizes=\"auto, (max-width: 1440px) 100vw, 1440px\" \/><\/p>\n<ul>\n<li>D\u00e9m\u00e9nagements nationaux<\/li>\n<li>D\u00e9m\u00e9nagements internationaux<\/li>\n<li>D\u00e9m\u00e9nagements<\/li>\n<li>D\u00e9m\u00e9nagements de m\u00e9nages<\/li>\n<li>D\u00e9m\u00e9nagements d'entreprises<\/li>\n<li>Services d'emballage<\/li>\n<li>Un personnel professionnellement form\u00e9<\/li>\n<li>Courtiers en douane<\/li>\n<li>Fret terrestre, maritime et a\u00e9rien<\/li>\n<li>Solutions de stockage s\u00e9curis\u00e9<\/li>\n<\/ul>\n<p>Latino Express est une soci\u00e9t\u00e9 de fret et de d\u00e9m\u00e9nagement fond\u00e9e en 1979 qui propose des d\u00e9m\u00e9nagements nationaux et internationaux ainsi que des services de relocalisation. Elle travaille avec un r\u00e9seau d'entreprises de d\u00e9m\u00e9nagement international afin de fournir des services de relocalisation dans le monde entier. Elle est membre de l'IAM et compte 43 ann\u00e9es de service.<\/p>\n<p>Latino Express propose un service de d\u00e9m\u00e9nagement professionnel qui comprend les d\u00e9m\u00e9nagements de m\u00e9nages et d'entreprises. Ils offrent un service d'emballage fourni par un personnel qualifi\u00e9 qui prot\u00e9gera vos biens. Ils organiseront l'exp\u00e9dition par voie terrestre, maritime ou a\u00e9rienne et vous aideront \u00e0 effectuer les formalit\u00e9s douani\u00e8res. Ils proposent \u00e9galement des solutions de stockage s\u00e9curis\u00e9 si vous en avez besoin.<\/p>\n<p>Site web : <a href=\"http:\/\/www.latinoexpress.com.do\" target=\"_blank\" rel=\"noopener\">http:\/\/www.latinoexpress.com.do<\/a><\/p>","protected":false},"excerpt":{"rendered":"<p>If you are moving home or relocating your business in the Dominican Republic, or to or from the Dominican Republic, you might be looking for some assistance. A moving or relocation company could help ease your move and take away some of the stress. Below we have compiled a list of Dominican Republic removal companies [&hellip;]<\/p>\n","protected":false},"author":4,"featured_media":0,"parent":190,"menu_order":0,"comment_status":"closed","ping_status":"closed","template":"","meta":{"_genesis_hide_title":false,"_genesis_hide_breadcrumbs":false,"_genesis_hide_singular_image":false,"_genesis_hide_footer_widgets":false,"_genesis_custom_body_class":"","_genesis_custom_post_class":"","_genesis_layout":"","footnotes":""},"class_list":{"0":"post-6036","1":"page","2":"type-page","3":"status-publish","5":"entry","6":"has-post-thumbnail"},"_links":{"self":[{"href":"https:\/\/moverdb.com\/fr\/wp-json\/wp\/v2\/pages\/6036","targetHints":{"allow":["GET"]}}],"collection":[{"href":"https:\/\/moverdb.com\/fr\/wp-json\/wp\/v2\/pages"}],"about":[{"href":"https:\/\/moverdb.com\/fr\/wp-json\/wp\/v2\/types\/page"}],"author":[{"embeddable":true,"href":"https:\/\/moverdb.com\/fr\/wp-json\/wp\/v2\/users\/4"}],"replies":[{"embeddable":true,"href":"https:\/\/moverdb.com\/fr\/wp-json\/wp\/v2\/comments?post=6036"}],"version-history":[{"count":1,"href":"https:\/\/moverdb.com\/fr\/wp-json\/wp\/v2\/pages\/6036\/revisions"}],"predecessor-version":[{"id":6037,"href":"https:\/\/moverdb.com\/fr\/wp-json\/wp\/v2\/pages\/6036\/revisions\/6037"}],"up":[{"embeddable":true,"href":"https:\/\/moverdb.com\/fr\/wp-json\/wp\/v2\/pages\/190"}],"wp:attachment":[{"href":"https:\/\/moverdb.com\/fr\/wp-json\/wp\/v2\/media?parent=6036"}],"curies":[{"name":"wp","href":"https:\/\/api.w.org\/{rel}","templated":true}]}}