{"id":6026,"date":"2023-02-01T13:47:16","date_gmt":"2023-02-01T13:47:16","guid":{"rendered":"https:\/\/moverdb.com\/?page_id=6026"},"modified":"2026-01-08T15:29:04","modified_gmt":"2026-01-08T15:29:04","slug":"moving-companies-czech-republic","status":"publish","type":"page","link":"https:\/\/moverdb.com\/fr\/moving-companies\/moving-companies-czech-republic\/","title":{"rendered":"Les 5 meilleures soci\u00e9t\u00e9s de d\u00e9m\u00e9nagement international en R\u00e9publique tch\u00e8que"},"content":{"rendered":"<p>Un d\u00e9m\u00e9nagement peut \u00eatre un moment stressant, c'est pourquoi de nombreuses personnes demandent l'aide d'une <a href=\"https:\/\/moverdb.com\/fr\/moving-companies\/\" data-internallinksmanager029f6b8e52c=\"79\" title=\"Les 25 meilleures soci\u00e9t\u00e9s de d\u00e9m\u00e9nagement international en ligne\">soci\u00e9t\u00e9 de d\u00e9m\u00e9nagement<\/a> pour all\u00e9ger le fardeau. Que vous d\u00e9m\u00e9nagiez vous-m\u00eame ou votre entreprise au niveau local ou international, il existe une entreprise qui peut vous aider. Nous avons dress\u00e9 ci-dessous une liste de <a href=\"https:\/\/moverdb.com\/fr\/moving-to-the-czech-republic\/\" data-internallinksmanager029f6b8e52c=\"391\" title=\"D\u00e9m\u00e9nager en R\u00e9publique tch\u00e8que ? 2024 Co\u00fbts de la vie et conseils de relocalisation\">R\u00e9publique tch\u00e8que<\/a> <a href=\"https:\/\/moverdb.com\/fr\/international-removals\/\" data-internallinksmanager029f6b8e52c=\"27\" title=\"36 meilleures entreprises de d\u00e9m\u00e9nagements internationaux au Royaume-Uni\">entreprises de d\u00e9m\u00e9nagement<\/a> qui sont membres de la <a href=\"https:\/\/moverdb.com\/fr\/iam\/\" data-internallinksmanager029f6b8e52c=\"23\" title=\"L&#039;Association internationale des d\u00e9m\u00e9nageurs (IAM) expliqu\u00e9e\">Association internationale des d\u00e9m\u00e9nageurs<\/a> (IAM) et\/ou <a href=\"https:\/\/moverdb.com\/fr\/fidi-faim\/\" data-internallinksmanager029f6b8e52c=\"16\" title=\"Explication de la FIDI et du FAIM (FIDI Accredited International Mover)\">FIDI<\/a> D\u00e9m\u00e9nageur international accr\u00e9dit\u00e9 (FAIM) qui pourrait vous aider.<\/p>\n<div id=\"ez-toc-container\" class=\"ez-toc-v2_0_82_2 ez-toc-wrap-left counter-hierarchy ez-toc-counter ez-toc-transparent ez-toc-container-direction\">\n<div class=\"ez-toc-title-container\">\n<p class=\"ez-toc-title\" style=\"cursor:inherit\">Sections<\/p>\n<span class=\"ez-toc-title-toggle\"><a href=\"#\" class=\"ez-toc-pull-right ez-toc-btn ez-toc-btn-xs ez-toc-btn-default ez-toc-toggle\" aria-label=\"Toggle Table des mati\u00e8res\"><span class=\"ez-toc-js-icon-con\"><span class=\"\"><span class=\"eztoc-hide\" style=\"display:none;\">Toggle<\/span><span class=\"ez-toc-icon-toggle-span\"><svg style=\"fill: #999;color:#999\" xmlns=\"http:\/\/www.w3.org\/2000\/svg\" class=\"list-377408\" width=\"20px\" height=\"20px\" viewbox=\"0 0 24 24\" fill=\"none\"><path d=\"M6 6H4v2h2V6zm14 0H8v2h12V6zM4 11h2v2H4v-2zm16 0H8v2h12v-2zM4 16h2v2H4v-2zm16 0H8v2h12v-2z\" fill=\"currentColor\"><\/path><\/svg><svg style=\"fill: #999;color:#999\" class=\"arrow-unsorted-368013\" xmlns=\"http:\/\/www.w3.org\/2000\/svg\" width=\"10px\" height=\"10px\" viewbox=\"0 0 24 24\" version=\"1.2\" baseprofile=\"tiny\"><path d=\"M18.2 9.3l-6.2-6.3-6.2 6.3c-.2.2-.3.4-.3.7s.1.5.3.7c.2.2.4.3.7.3h11c.3 0 .5-.1.7-.3.2-.2.3-.5.3-.7s-.1-.5-.3-.7zM5.8 14.7l6.2 6.3 6.2-6.3c.2-.2.3-.5.3-.7s-.1-.5-.3-.7c-.2-.2-.4-.3-.7-.3h-11c-.3 0-.5.1-.7.3-.2.2-.3.5-.3.7s.1.5.3.7z\"\/><\/svg><\/span><\/span><\/span><\/a><\/span><\/div>\n<nav><ul class='ez-toc-list ez-toc-list-level-1 eztoc-toggle-hide-by-default' ><li class='ez-toc-page-1 ez-toc-heading-level-2'><a class=\"ez-toc-link ez-toc-heading-1\" href=\"https:\/\/moverdb.com\/fr\/moving-companies\/moving-companies-czech-republic\/#1_Santa_Fe_Relocation\" >1. D\u00e9m\u00e9nagement \u00e0 Santa Fe<\/a><\/li><li class='ez-toc-page-1 ez-toc-heading-level-2'><a class=\"ez-toc-link ez-toc-heading-2\" href=\"https:\/\/moverdb.com\/fr\/moving-companies\/moving-companies-czech-republic\/#2_Voerman_International\" >2. Voerman International<\/a><\/li><li class='ez-toc-page-1 ez-toc-heading-level-2'><a class=\"ez-toc-link ez-toc-heading-3\" href=\"https:\/\/moverdb.com\/fr\/moving-companies\/moving-companies-czech-republic\/#3_Gosselin\" >3. Gosselin<\/a><\/li><li class='ez-toc-page-1 ez-toc-heading-level-2'><a class=\"ez-toc-link ez-toc-heading-4\" href=\"https:\/\/moverdb.com\/fr\/moving-companies\/moving-companies-czech-republic\/#4_KAE_International_Movers\" >4. KAE International Movers<\/a><\/li><li class='ez-toc-page-1 ez-toc-heading-level-2'><a class=\"ez-toc-link ez-toc-heading-5\" href=\"https:\/\/moverdb.com\/fr\/moving-companies\/moving-companies-czech-republic\/#5_Fenix_Shipping\" >5. Exp\u00e9dition de Fenix<\/a><\/li><li class='ez-toc-page-1 ez-toc-heading-level-2'><a class=\"ez-toc-link ez-toc-heading-6\" href=\"https:\/\/moverdb.com\/fr\/moving-companies\/moving-companies-czech-republic\/#Other_Useful_Guides_to_the_Czech_Republic\" >Autres guides utiles sur la R\u00e9publique tch\u00e8que<\/a><\/li><\/ul><\/nav><\/div>\n<h2><span class=\"ez-toc-section\" id=\"1_Santa_Fe_Relocation\"><\/span><strong>1. D\u00e9m\u00e9nagement \u00e0 Santa Fe<\/strong><span class=\"ez-toc-section-end\"><\/span><\/h2>\n<p><img loading=\"lazy\" decoding=\"async\" class=\"alignnone size-full wp-image-6030\" src=\"https:\/\/moverdb.com\/wp-content\/uploads\/Santa-Fe-Relocation-Prague-international-moving-company.png\" alt=\"Santa Fe Relocation Prague entreprise de d\u00e9m\u00e9nagement international\" width=\"1440\" height=\"683\" data-wp-pid=\"6030\" srcset=\"https:\/\/moverdb.com\/wp-content\/uploads\/Santa-Fe-Relocation-Prague-international-moving-company.png 1440w, https:\/\/moverdb.com\/wp-content\/uploads\/Santa-Fe-Relocation-Prague-international-moving-company-300x142.png 300w, https:\/\/moverdb.com\/wp-content\/uploads\/Santa-Fe-Relocation-Prague-international-moving-company-1024x486.png 1024w, https:\/\/moverdb.com\/wp-content\/uploads\/Santa-Fe-Relocation-Prague-international-moving-company-18x9.png 18w, https:\/\/moverdb.com\/wp-content\/uploads\/Santa-Fe-Relocation-Prague-international-moving-company-600x285.png 600w\" sizes=\"auto, (max-width: 1440px) 100vw, 1440px\" \/><\/p>\n<ul>\n<li>D\u00e9placements locaux<\/li>\n<li>D\u00e9m\u00e9nagements internationaux<\/li>\n<li>D\u00e9m\u00e9nagements de m\u00e9nages<\/li>\n<li>D\u00e9localisations d'entreprises<\/li>\n<li>Service d'emballage utilisant des mat\u00e9riaux de haute qualit\u00e9<\/li>\n<li>Transport par voie terrestre, a\u00e9rienne ou maritime<\/li>\n<li>D\u00e9douanement<\/li>\n<li>Soutien en mati\u00e8re de visas et d'immigration<\/li>\n<li>Transport d'animaux et de v\u00e9hicules<\/li>\n<li>Installations de stockage \u00e0 court et \u00e0 long terme<\/li>\n<\/ul>\n<p>Santa Fe Relocation est une entreprise de d\u00e9m\u00e9nagement et de relocalisation internationale poss\u00e9dant des bureaux dans des pays cl\u00e9s. Elle a ouvert son bureau de Prague en 1992 et propose des d\u00e9m\u00e9nagements r\u00e9sidentiels et d'entreprise. Elle est membre de l'IAM avec 30 ans de service et est accr\u00e9dit\u00e9e par la FIDI.<\/p>\n<p>Santa Fe Relocation propose une consultation pr\u00e9alable au d\u00e9m\u00e9nagement sur place pour \u00e9valuer vos besoins. Ils fournissent un service d'emballage professionnel comprenant le catalogage de tout et l'utilisation des meilleurs mat\u00e9riaux et techniques d'emballage. Ils organisent le transport par voie terrestre, a\u00e9rienne ou maritime avec d\u00e9douanement. Ils proposent des services suppl\u00e9mentaires tels que l'assurance, le stockage, la recherche de logement et d'\u00e9cole, les services d'installation, le transport d'animaux et de v\u00e9hicules.<\/p>\n<p>Site web : <a href=\"https:\/\/www.santaferelo.com\/en\/contact\/our-offices\/czech-republic-prague\/\" target=\"_blank\" rel=\"noopener\">https:\/\/www.santaferelo.com\/en\/contact\/our-offices\/czech-republic-prague\/<\/a><\/p>\n<h2><span class=\"ez-toc-section\" id=\"2_Voerman_International\"><\/span><strong>2. Voerman International<\/strong><span class=\"ez-toc-section-end\"><\/span><\/h2>\n<p><img loading=\"lazy\" decoding=\"async\" class=\"alignnone size-full wp-image-6011\" src=\"https:\/\/moverdb.com\/wp-content\/uploads\/Voerman-international-moving-company.png\" alt=\"Soci\u00e9t\u00e9 de d\u00e9m\u00e9nagement international Voerman\" width=\"1440\" height=\"683\" data-wp-pid=\"6011\" srcset=\"https:\/\/moverdb.com\/wp-content\/uploads\/Voerman-international-moving-company.png 1440w, https:\/\/moverdb.com\/wp-content\/uploads\/Voerman-international-moving-company-300x142.png 300w, https:\/\/moverdb.com\/wp-content\/uploads\/Voerman-international-moving-company-1024x486.png 1024w, https:\/\/moverdb.com\/wp-content\/uploads\/Voerman-international-moving-company-18x9.png 18w, https:\/\/moverdb.com\/wp-content\/uploads\/Voerman-international-moving-company-600x285.png 600w\" sizes=\"auto, (max-width: 1440px) 100vw, 1440px\" \/><\/p>\n<ul>\n<li>Mouvements nationaux<\/li>\n<li>D\u00e9m\u00e9nagements internationaux<\/li>\n<li>Services de relocalisation<\/li>\n<li>Assistance en mati\u00e8re d'immigration et de visas<\/li>\n<li>Aide \u00e0 la recherche d'un logement et d'une \u00e9cole<\/li>\n<li>Transport de v\u00e9hicules<\/li>\n<li>D\u00e9placement d'un animal de compagnie<\/li>\n<li>Assurance<\/li>\n<li>Stockage de courte \u00e0 longue dur\u00e9e<\/li>\n<li>D\u00e9m\u00e9nagement durable \u00e0 partir de f\u00e9vrier 2023<\/li>\n<\/ul>\n<p>Voerman International est une soci\u00e9t\u00e9 de d\u00e9m\u00e9nagement et de r\u00e9installation qui op\u00e8re depuis 1986 et poss\u00e8de des bureaux dans les pays suivants <a href=\"https:\/\/moverdb.com\/fr\/moving-to-the-netherlands\/\" data-internallinksmanager029f6b8e52c=\"328\" title=\"D\u00e9m\u00e9nager aux Pays-Bas ? 2026 Co\u00fbts de la vie et conseils de relocalisation\">Pays-Bas<\/a>La Russie, la R\u00e9publique tch\u00e8que et l'Ukraine sont les principaux pays d'accueil de l'UE. <a href=\"https:\/\/moverdb.com\/fr\/moving-to-poland\/\" data-internallinksmanager029f6b8e52c=\"378\" title=\"D\u00e9m\u00e9nager en Pologne ? 2026 Co\u00fbts de la vie et conseils de relocalisation\">Pologne<\/a>. Elle travaille en collaboration avec d'autres agences de d\u00e9m\u00e9nagement internationales pour fournir des services dans le monde entier. Elle est membre de l'IAM depuis 26 ans, membre de l'Association internationale des d\u00e9m\u00e9nageurs (AID) et membre de l'Association europ\u00e9enne des d\u00e9m\u00e9nageurs (AID). <a href=\"https:\/\/moverdb.com\/fr\/harmony-relocation-network\/\" data-internallinksmanager029f6b8e52c=\"20\" title=\"Le r\u00e9seau Harmony Relocation Network (HRN) expliqu\u00e9\">R\u00e9seau de relocalisation Harmony<\/a> et sont accr\u00e9dit\u00e9s par la FIDI.<\/p>\n<p>Voerman International offre un service complet qui comprend des services pr\u00e9alables et post\u00e9rieurs au d\u00e9part, tels que l'accomplissement des formalit\u00e9s administratives, l'assistance en mati\u00e8re d'immigration et de visa. Elle propose \u00e9galement des services d'installation, une aide \u00e0 la recherche d'un logement et d'une \u00e9cole, des services de bricolage et une formation culturelle et linguistique.<\/p>\n<p>Site web : <a href=\"https:\/\/www.voerman.com\/\" target=\"_blank\" rel=\"noopener\">https:\/\/www.voerman.com\/<\/a><\/p>\n<h2><span class=\"ez-toc-section\" id=\"3_Gosselin\"><\/span><strong>3. Gosselin<\/strong><span class=\"ez-toc-section-end\"><\/span><\/h2>\n<p><img loading=\"lazy\" decoding=\"async\" class=\"alignnone size-full wp-image-5954\" src=\"https:\/\/moverdb.com\/wp-content\/uploads\/Gosselin-Czech-Republic-international-moving-company.png\" alt=\"Gosselin Czech Republic, soci\u00e9t\u00e9 de d\u00e9m\u00e9nagement international\" width=\"1440\" height=\"682\" data-wp-pid=\"5954\" srcset=\"https:\/\/moverdb.com\/wp-content\/uploads\/Gosselin-Czech-Republic-international-moving-company.png 1440w, https:\/\/moverdb.com\/wp-content\/uploads\/Gosselin-Czech-Republic-international-moving-company-300x142.png 300w, https:\/\/moverdb.com\/wp-content\/uploads\/Gosselin-Czech-Republic-international-moving-company-1024x485.png 1024w, https:\/\/moverdb.com\/wp-content\/uploads\/Gosselin-Czech-Republic-international-moving-company-18x9.png 18w, https:\/\/moverdb.com\/wp-content\/uploads\/Gosselin-Czech-Republic-international-moving-company-600x284.png 600w\" sizes=\"auto, (max-width: 1440px) 100vw, 1440px\" \/><\/p>\n<ul>\n<li>D\u00e9m\u00e9nagements internationaux<\/li>\n<li>Services de relocalisation<\/li>\n<li>D\u00e9m\u00e9nagements de m\u00e9nages<\/li>\n<li>D\u00e9m\u00e9nagements de bureaux<\/li>\n<li>Service d'emballage utilisant des mat\u00e9riaux de premi\u00e8re qualit\u00e9<\/li>\n<li>Transport terrestre ou maritime<\/li>\n<li>Transport des beaux-arts<\/li>\n<li>D\u00e9placement d'un animal de compagnie<\/li>\n<li>Transport de v\u00e9hicules<\/li>\n<li>Installations de stockage<\/li>\n<\/ul>\n<p>Gosselin est un prestataire de services de d\u00e9m\u00e9nagement international qui poss\u00e8de des bureaux dans toute l'Europe, y compris \u00e0 Prague, et qui a \u00e9t\u00e9 cr\u00e9\u00e9 en 1992. Ils disposent \u00e9galement d'un r\u00e9seau de partenaires dans le monde entier pour effectuer des d\u00e9m\u00e9nagements internationaux. Ils sont membres de l'IAM avec 30 ans de service.<\/p>\n<p>Gosselin offre un service de d\u00e9m\u00e9nagement exp\u00e9riment\u00e9 qui peut d\u00e9placer des articles m\u00e9nagers, des bureaux, des v\u00e9hicules \u00e0 moteur, des animaux domestiques et des objets d'art \u00e0 l'int\u00e9rieur et \u00e0 l'ext\u00e9rieur de la R\u00e9publique tch\u00e8que. Ils emballent vos biens selon des normes \u00e9lev\u00e9es, en utilisant des mat\u00e9riaux d'emballage de premi\u00e8re qualit\u00e9. Ils organisent le transport par voie terrestre ou maritime jusqu'\u00e0 votre destination. Ils fournissent des services aux particuliers, aux entreprises, aux diplomates et aux ambassades.<\/p>\n<p>Site web : <a href=\"https:\/\/gosselin-moving.com\/en\/czech-republic\" target=\"_blank\" rel=\"noopener\">https:\/\/gosselin-moving.com\/en\/czech-republic<\/a><\/p>\n<h2><span class=\"ez-toc-section\" id=\"4_KAE_International_Movers\"><\/span><strong>4. KAE International Movers<\/strong><span class=\"ez-toc-section-end\"><\/span><\/h2>\n<p><img loading=\"lazy\" decoding=\"async\" class=\"alignnone size-full wp-image-6028\" src=\"https:\/\/moverdb.com\/wp-content\/uploads\/KAE-International-Movers-international-moving-company.png\" alt=\"KAE International Movers entreprise de d\u00e9m\u00e9nagement international\" width=\"1440\" height=\"681\" data-wp-pid=\"6028\" srcset=\"https:\/\/moverdb.com\/wp-content\/uploads\/KAE-International-Movers-international-moving-company.png 1440w, https:\/\/moverdb.com\/wp-content\/uploads\/KAE-International-Movers-international-moving-company-300x142.png 300w, https:\/\/moverdb.com\/wp-content\/uploads\/KAE-International-Movers-international-moving-company-1024x484.png 1024w, https:\/\/moverdb.com\/wp-content\/uploads\/KAE-International-Movers-international-moving-company-18x9.png 18w, https:\/\/moverdb.com\/wp-content\/uploads\/KAE-International-Movers-international-moving-company-600x284.png 600w\" sizes=\"auto, (max-width: 1440px) 100vw, 1440px\" \/><\/p>\n<ul>\n<li>Mouvements nationaux<\/li>\n<li>D\u00e9m\u00e9nagements internationaux<\/li>\n<li>D\u00e9m\u00e9nagements de m\u00e9nages<\/li>\n<li>D\u00e9m\u00e9nagements de bureaux<\/li>\n<li>Services d'emballage<\/li>\n<li>Soutien douanier<\/li>\n<li>Assurance<\/li>\n<li>Transport des beaux-arts<\/li>\n<li>Transport de v\u00e9hicules<\/li>\n<li>Solutions de stockage<\/li>\n<\/ul>\n<p>KAE International Movers est un prestataire de services de d\u00e9m\u00e9nagement et de relocalisation qui poss\u00e8de des bureaux en R\u00e9publique tch\u00e8que et en Allemagne. <a href=\"https:\/\/moverdb.com\/fr\/moving-to-greece\/\" data-internallinksmanager029f6b8e52c=\"353\" title=\"D\u00e9m\u00e9nager en Gr\u00e8ce ? 2026 Co\u00fbts de la vie et conseils de relocalisation\">Gr\u00e8ce<\/a>. Ils travaillent avec des agents de d\u00e9m\u00e9nagement internationaux pour fournir leurs services dans le monde entier. Ils sont membres d'IAM avec 8 ans d'anciennet\u00e9.<\/p>\n<p>KAE International Movers propose une enqu\u00eate initiale pour \u00e9valuer vos besoins en mati\u00e8re de d\u00e9m\u00e9nagement et \u00e9tablir un devis. Ils fournissent un service d'emballage professionnel pour les maisons et les bureaux qui les prot\u00e9gera et les \u00e9tiquettera pour le transport par voie terrestre, a\u00e9rienne ou maritime. Ils vous aideront pour le d\u00e9douanement et les documents. Ils proposent \u00e9galement des services de transport sp\u00e9cialis\u00e9s pour les objets d'art et les v\u00e9hicules.<\/p>\n<p>Site web : <a href=\"http:\/\/www.kaeintlmovers.com\" target=\"_blank\" rel=\"noopener\">http:\/\/www.kaeintlmovers.com<\/a><\/p>\n<h2><span class=\"ez-toc-section\" id=\"5_Fenix_Shipping\"><\/span><strong>5. Exp\u00e9dition de Fenix<\/strong><span class=\"ez-toc-section-end\"><\/span><\/h2>\n<p><img loading=\"lazy\" decoding=\"async\" class=\"alignnone size-full wp-image-6027\" src=\"https:\/\/moverdb.com\/wp-content\/uploads\/Fenix-Shipping-international-moving-company.png\" alt=\"Fenix Shipping, soci\u00e9t\u00e9 de d\u00e9m\u00e9nagement international\" width=\"1440\" height=\"683\" data-wp-pid=\"6027\" srcset=\"https:\/\/moverdb.com\/wp-content\/uploads\/Fenix-Shipping-international-moving-company.png 1440w, https:\/\/moverdb.com\/wp-content\/uploads\/Fenix-Shipping-international-moving-company-300x142.png 300w, https:\/\/moverdb.com\/wp-content\/uploads\/Fenix-Shipping-international-moving-company-1024x486.png 1024w, https:\/\/moverdb.com\/wp-content\/uploads\/Fenix-Shipping-international-moving-company-18x9.png 18w, https:\/\/moverdb.com\/wp-content\/uploads\/Fenix-Shipping-international-moving-company-600x285.png 600w\" sizes=\"auto, (max-width: 1440px) 100vw, 1440px\" \/><\/p>\n<ul>\n<li>Mouvements nationaux<\/li>\n<li>D\u00e9m\u00e9nagements internationaux<\/li>\n<li>Services de relocalisation<\/li>\n<li>D\u00e9m\u00e9nagements de m\u00e9nages<\/li>\n<li>Service d'emballage<\/li>\n<li>Route, mer et air<\/li>\n<li>Soutien douanier<\/li>\n<li>Services de nettoyage<\/li>\n<li>Transport des animaux<\/li>\n<li>Installations de stockage \u00e0 court et \u00e0 long terme<\/li>\n<\/ul>\n<p>Fenix Shipping est un prestataire de services de d\u00e9m\u00e9nagement international bas\u00e9 \u00e0 Prague qui propose des services de d\u00e9m\u00e9nagement en R\u00e9publique tch\u00e8que et vers et depuis la R\u00e9publique tch\u00e8que. Ils travaillent avec des partenaires du monde entier pour offrir leurs services internationaux. Ils sont membres de l'IAM avec 7 ans d'anciennet\u00e9.<\/p>\n<p>Fenix Shipping propose un service de d\u00e9m\u00e9nagement complet qui comprend des services d'emballage pour prot\u00e9ger vos biens. Fenix Shipping se charge de charger vos biens et d'organiser leur transport par voie terrestre, maritime ou a\u00e9rienne. Ils organisent \u00e9galement les services douaniers et les documents n\u00e9cessaires \u00e0 votre d\u00e9m\u00e9nagement. Leurs services de d\u00e9m\u00e9nagement comprennent \u00e9galement le nettoyage et la location de voitures.<\/p>\n<p>Site web : <a href=\"http:\/\/www.fenixshipping.cz\" target=\"_blank\" rel=\"noopener\">http:\/\/www.fenixshipping.cz<\/a><\/p>\n<h2><span class=\"ez-toc-section\" id=\"Other_Useful_Guides_to_the_Czech_Republic\"><\/span>Autres guides utiles sur la R\u00e9publique tch\u00e8que<span class=\"ez-toc-section-end\"><\/span><\/h2>\n<ul>\n<li> <a href=\"https:\/\/moverdb.com\/fr\/moving-to-the-czech-republic\/\">D\u00e9m\u00e9nager en R\u00e9publique tch\u00e8que ? 2024 Co\u00fbts de la vie et conseils de relocalisation<\/a><\/li>\n<li> <a href=\"https:\/\/moverdb.com\/fr\/moving-to-the-czech-republic\/best-places-to-live-in-czech-republic\/\">12 meilleurs endroits pour vivre en R\u00e9publique tch\u00e8que<\/a><\/li>\n<li> <a href=\"https:\/\/moverdb.com\/fr\/?page_id=9648&#038;preview=true\">21 secrets sur la vie en R\u00e9publique tch\u00e8que \u00e0 conna\u00eetre avant de d\u00e9m\u00e9nager<\/a><\/li>\n<li> <a href=\"https:\/\/moverdb.com\/fr\/expedition-par-conteneur\/republique-tcheque\/\">2024 Tarifs d'exp\u00e9dition de conteneurs de fret maritime \u00e0 destination et en provenance de la R\u00e9publique tch\u00e8que<\/a><\/li>\n<\/ul>","protected":false},"excerpt":{"rendered":"<p>Moving can be a stressful time which is why many people seek the assistance of a moving company to help ease the burden. Whether you are moving yourself or your business locally or internationally, there is a company that can help. Below we have compiled a list of Czech Republic removal companies that are members [&hellip;]<\/p>\n","protected":false},"author":4,"featured_media":0,"parent":190,"menu_order":0,"comment_status":"closed","ping_status":"closed","template":"","meta":{"_genesis_hide_title":false,"_genesis_hide_breadcrumbs":false,"_genesis_hide_singular_image":false,"_genesis_hide_footer_widgets":false,"_genesis_custom_body_class":"","_genesis_custom_post_class":"","_genesis_layout":"","footnotes":""},"class_list":{"0":"post-6026","1":"page","2":"type-page","3":"status-publish","5":"entry","6":"has-post-thumbnail"},"_links":{"self":[{"href":"https:\/\/moverdb.com\/fr\/wp-json\/wp\/v2\/pages\/6026","targetHints":{"allow":["GET"]}}],"collection":[{"href":"https:\/\/moverdb.com\/fr\/wp-json\/wp\/v2\/pages"}],"about":[{"href":"https:\/\/moverdb.com\/fr\/wp-json\/wp\/v2\/types\/page"}],"author":[{"embeddable":true,"href":"https:\/\/moverdb.com\/fr\/wp-json\/wp\/v2\/users\/4"}],"replies":[{"embeddable":true,"href":"https:\/\/moverdb.com\/fr\/wp-json\/wp\/v2\/comments?post=6026"}],"version-history":[{"count":4,"href":"https:\/\/moverdb.com\/fr\/wp-json\/wp\/v2\/pages\/6026\/revisions"}],"predecessor-version":[{"id":16359,"href":"https:\/\/moverdb.com\/fr\/wp-json\/wp\/v2\/pages\/6026\/revisions\/16359"}],"up":[{"embeddable":true,"href":"https:\/\/moverdb.com\/fr\/wp-json\/wp\/v2\/pages\/190"}],"wp:attachment":[{"href":"https:\/\/moverdb.com\/fr\/wp-json\/wp\/v2\/media?parent=6026"}],"curies":[{"name":"wp","href":"https:\/\/api.w.org\/{rel}","templated":true}]}}