{"id":6024,"date":"2023-02-01T12:30:48","date_gmt":"2023-02-01T12:30:48","guid":{"rendered":"https:\/\/moverdb.com\/?page_id=6024"},"modified":"2026-01-08T15:23:41","modified_gmt":"2026-01-08T15:23:41","slug":"entreprises-de-demenagement-a-chypre","status":"publish","type":"page","link":"https:\/\/moverdb.com\/fr\/moving-companies\/moving-companies-in-cyprus\/","title":{"rendered":"2 meilleures soci\u00e9t\u00e9s de d\u00e9m\u00e9nagement international \u00e0 Chypre"},"content":{"rendered":"<p>Si vous d\u00e9m\u00e9nagez en <a href=\"https:\/\/moverdb.com\/fr\/moving-to-cyprus\/\" data-internallinksmanager029f6b8e52c=\"377\" title=\"D\u00e9m\u00e9nager \u00e0 Chypre ? 2026 Co\u00fbts de la vie et conseils de relocalisation\">Chypre<\/a>Vous souhaitez peut-\u00eatre obtenir de l'aide pour votre d\u00e9m\u00e9nagement de la part d'une agence de d\u00e9m\u00e9nagement ou d'une soci\u00e9t\u00e9 de conseil en gestion de patrimoine. <a href=\"https:\/\/moverdb.com\/fr\/relocation-agents\/\" data-internallinksmanager029f6b8e52c=\"1\" title=\"7 raisons pour lesquelles vous devriez faire appel \u00e0 un agent de relocation ?\">agent de relocation<\/a> qui peuvent vous soulager d'une partie de votre stress. Nous avons compil\u00e9 ci-dessous une liste de Chypre <a href=\"https:\/\/moverdb.com\/fr\/international-removals\/\" data-internallinksmanager029f6b8e52c=\"27\" title=\"36 meilleures entreprises de d\u00e9m\u00e9nagements internationaux au Royaume-Uni\">entreprises de d\u00e9m\u00e9nagement<\/a> qui sont membres de la <a href=\"https:\/\/moverdb.com\/fr\/iam\/\" data-internallinksmanager029f6b8e52c=\"23\" title=\"L&#039;Association internationale des d\u00e9m\u00e9nageurs (IAM) expliqu\u00e9e\">Association internationale des d\u00e9m\u00e9nageurs<\/a> (IAM) et\/ou <a href=\"https:\/\/moverdb.com\/fr\/fidi-faim\/\" data-internallinksmanager029f6b8e52c=\"16\" title=\"Explication de la FIDI et du FAIM (FIDI Accredited International Mover)\">FIDI<\/a> D\u00e9m\u00e9nageur international accr\u00e9dit\u00e9 (FAIM) qui pourrait vous aider.<\/p>\n<h2><strong>1. Columbia Worldwide Movers<\/strong><\/h2>\n<p><img loading=\"lazy\" decoding=\"async\" class=\"alignnone size-full wp-image-5936\" src=\"https:\/\/moverdb.com\/wp-content\/uploads\/Columbia-Worldwide-Movers-international-moving-company.png\" alt=\"Columbia Worldwide Movers entreprise de d\u00e9m\u00e9nagement international\" width=\"1440\" height=\"682\" data-wp-pid=\"5936\" srcset=\"https:\/\/moverdb.com\/wp-content\/uploads\/Columbia-Worldwide-Movers-international-moving-company.png 1440w, https:\/\/moverdb.com\/wp-content\/uploads\/Columbia-Worldwide-Movers-international-moving-company-300x142.png 300w, https:\/\/moverdb.com\/wp-content\/uploads\/Columbia-Worldwide-Movers-international-moving-company-1024x485.png 1024w, https:\/\/moverdb.com\/wp-content\/uploads\/Columbia-Worldwide-Movers-international-moving-company-18x9.png 18w, https:\/\/moverdb.com\/wp-content\/uploads\/Columbia-Worldwide-Movers-international-moving-company-600x284.png 600w\" sizes=\"auto, (max-width: 1440px) 100vw, 1440px\" \/><\/p>\n<ul>\n<li>Mouvements nationaux<\/li>\n<li>D\u00e9m\u00e9nagements internationaux<\/li>\n<li>Services de relocalisation<\/li>\n<li>D\u00e9m\u00e9nagements de m\u00e9nages<\/li>\n<li>Mouvements de l'entreprise<\/li>\n<li>Services d'emballage<\/li>\n<li>Terre, mer et air<\/li>\n<li>Transport des animaux<\/li>\n<li><a href=\"https:\/\/moverdb.com\/fr\/car-transport-shipping\/\" data-internallinksmanager029f6b8e52c=\"2\" title=\"2026 Devis pour le transport international de voitures et l&#039;exp\u00e9dition de v\u00e9hicules\">Exp\u00e9dition de v\u00e9hicules<\/a><\/li>\n<li>Installations de stockage<\/li>\n<\/ul>\n<p>Columbia Worldwide Movers a \u00e9t\u00e9 fond\u00e9e en 1994 en tant que prestataire de services de d\u00e9m\u00e9nagement et de stockage. Elle propose des services de d\u00e9m\u00e9nagement et de relocalisation nationaux et internationaux pour les m\u00e9nages et les entreprises. Ils effectuent leurs d\u00e9m\u00e9nagements internationaux en partenariat avec des agents de d\u00e9m\u00e9nagement de confiance dans d'autres pays. Elle est membre de l'IAM depuis 28 ans et est accr\u00e9dit\u00e9e par la FIDI.<\/p>\n<p>Columbia Worldwide Movers propose des solutions de d\u00e9m\u00e9nagement personnalis\u00e9es qui offrent un service de porte \u00e0 porte comprenant l'organisation de l'emballage de vos biens et l'organisation de l'exp\u00e9dition par voie terrestre, maritime ou a\u00e9rienne avec d\u00e9douanement. Ils proposent \u00e9galement des services de transport sp\u00e9cialis\u00e9s pour les animaux domestiques et les v\u00e9hicules.<\/p>\n<p>Site web : <a href=\"http:\/\/www.columbiamovers.com\" target=\"_blank\" rel=\"noopener\">http:\/\/www.columbiamovers.com<\/a><\/p>\n<h2><strong>2. Orbit Moving and Storage<\/strong><\/h2>\n<p><img loading=\"lazy\" decoding=\"async\" class=\"alignnone size-full wp-image-5988\" src=\"https:\/\/moverdb.com\/wp-content\/uploads\/Orbit-Moving-and-Storage-international-moving-company.png\" alt=\"Orbit Moving and Storage soci\u00e9t\u00e9 de d\u00e9m\u00e9nagement international\" width=\"1440\" height=\"679\" data-wp-pid=\"5988\" srcset=\"https:\/\/moverdb.com\/wp-content\/uploads\/Orbit-Moving-and-Storage-international-moving-company.png 1440w, https:\/\/moverdb.com\/wp-content\/uploads\/Orbit-Moving-and-Storage-international-moving-company-300x141.png 300w, https:\/\/moverdb.com\/wp-content\/uploads\/Orbit-Moving-and-Storage-international-moving-company-1024x483.png 1024w, https:\/\/moverdb.com\/wp-content\/uploads\/Orbit-Moving-and-Storage-international-moving-company-18x8.png 18w, https:\/\/moverdb.com\/wp-content\/uploads\/Orbit-Moving-and-Storage-international-moving-company-600x283.png 600w\" sizes=\"auto, (max-width: 1440px) 100vw, 1440px\" \/><\/p>\n<ul>\n<li>D\u00e9placements locaux<\/li>\n<li>D\u00e9m\u00e9nagements internationaux<\/li>\n<li>Services de relocalisation<\/li>\n<li>D\u00e9m\u00e9nagements r\u00e9sidentiels<\/li>\n<li>D\u00e9m\u00e9nagement de bureaux<\/li>\n<li>Services d'emballage<\/li>\n<li>Transport des beaux-arts<\/li>\n<li>Exp\u00e9dition d'animaux de compagnie<\/li>\n<li>Exp\u00e9dition de v\u00e9hicules<\/li>\n<li>Services de stockage<\/li>\n<\/ul>\n<p>Orbit Moving and Storage est une entreprise internationale de d\u00e9m\u00e9nagement et de stockage qui existe depuis 1982. Elle fait partie du groupe de soci\u00e9t\u00e9s Orphee Beingoglou, qui est un fournisseur de services de transport et de logistique. Elle dispose d'un r\u00e9seau mondial d'agents de d\u00e9m\u00e9nagement pour l'assister dans ses d\u00e9m\u00e9nagements internationaux. Elle est membre de l'IAM avec 40 ans de service et est accr\u00e9dit\u00e9e par la FIDI.<\/p>\n<p>Orbit Moving and Storage offre des services de d\u00e9m\u00e9nagement personnel et professionnel qui sont fournis en utilisant les derni\u00e8res technologies et les derniers mat\u00e9riaux d'emballage. Ils fournissent un service d'emballage professionnel et organiseront le transport de vos biens, y compris un service sp\u00e9cialis\u00e9 pour les objets d'art, les animaux domestiques et les v\u00e9hicules.<\/p>\n<p>Site web : <a href=\"http:\/\/www.orbitcy.com\/\" target=\"_blank\" rel=\"noopener\">http:\/\/www.orbitcy.com\/<\/a><\/p>\n<p>Voir aussi<\/p>\n<ul>\n<li> <a href=\"https:\/\/moverdb.com\/fr\/moving-to-cyprus\/living-in-cyprus\/\">20 secrets sur la vie \u00e0 Chypre \u00e0 conna\u00eetre avant de d\u00e9m\u00e9nager<\/a><\/li>\n<li> <a href=\"https:\/\/moverdb.com\/fr\/moving-to-cyprus\/\">D\u00e9m\u00e9nager \u00e0 Chypre ? Co\u00fbts de la vie et conseils de relocalisation<\/a><\/li>\n<li> <a href=\"https:\/\/moverdb.com\/fr\/expedition-par-conteneur\/chypre\/\">Tarifs d'exp\u00e9dition de conteneurs \u00e0 destination et en provenance de Chypre<\/a><\/li>\n<\/ul>","protected":false},"excerpt":{"rendered":"<p>If you are moving home in Cyprus, or moving to or from Cyprus you might want some help with your move from a moving or relocation agent that can take away some of the stress. Below we have compiled a list of Cyprus removal companies that are members of the International Association of Movers (IAM) [&hellip;]<\/p>\n","protected":false},"author":4,"featured_media":0,"parent":190,"menu_order":0,"comment_status":"closed","ping_status":"closed","template":"","meta":{"_genesis_hide_title":false,"_genesis_hide_breadcrumbs":false,"_genesis_hide_singular_image":false,"_genesis_hide_footer_widgets":false,"_genesis_custom_body_class":"","_genesis_custom_post_class":"","_genesis_layout":"","footnotes":""},"class_list":{"0":"post-6024","1":"page","2":"type-page","3":"status-publish","5":"entry","6":"has-post-thumbnail"},"_links":{"self":[{"href":"https:\/\/moverdb.com\/fr\/wp-json\/wp\/v2\/pages\/6024","targetHints":{"allow":["GET"]}}],"collection":[{"href":"https:\/\/moverdb.com\/fr\/wp-json\/wp\/v2\/pages"}],"about":[{"href":"https:\/\/moverdb.com\/fr\/wp-json\/wp\/v2\/types\/page"}],"author":[{"embeddable":true,"href":"https:\/\/moverdb.com\/fr\/wp-json\/wp\/v2\/users\/4"}],"replies":[{"embeddable":true,"href":"https:\/\/moverdb.com\/fr\/wp-json\/wp\/v2\/comments?post=6024"}],"version-history":[{"count":4,"href":"https:\/\/moverdb.com\/fr\/wp-json\/wp\/v2\/pages\/6024\/revisions"}],"predecessor-version":[{"id":15035,"href":"https:\/\/moverdb.com\/fr\/wp-json\/wp\/v2\/pages\/6024\/revisions\/15035"}],"up":[{"embeddable":true,"href":"https:\/\/moverdb.com\/fr\/wp-json\/wp\/v2\/pages\/190"}],"wp:attachment":[{"href":"https:\/\/moverdb.com\/fr\/wp-json\/wp\/v2\/media?parent=6024"}],"curies":[{"name":"wp","href":"https:\/\/api.w.org\/{rel}","templated":true}]}}