{"id":6022,"date":"2023-02-01T12:31:45","date_gmt":"2023-02-01T12:31:45","guid":{"rendered":"https:\/\/moverdb.com\/?page_id=6022"},"modified":"2026-01-08T15:23:40","modified_gmt":"2026-01-08T15:23:40","slug":"entreprises-de-demenagement-curacao","status":"publish","type":"page","link":"https:\/\/moverdb.com\/fr\/moving-companies\/moving-companies-curacao\/","title":{"rendered":"2 meilleures soci\u00e9t\u00e9s de d\u00e9m\u00e9nagement international \u00e0 Cura\u00e7ao"},"content":{"rendered":"<p>D\u00e9m\u00e9nager peut \u00eatre stressant et prendre du temps. L'aide d'une soci\u00e9t\u00e9 de d\u00e9m\u00e9nagement peut donc vous aider \u00e0 all\u00e9ger votre charge et vous faire b\u00e9n\u00e9ficier de son exp\u00e9rience. Nous avons list\u00e9 ci-dessous <a href=\"https:\/\/moverdb.com\/fr\/moving-to-curacao\/\" data-internallinksmanager029f6b8e52c=\"429\" title=\"D\u00e9m\u00e9nager \u00e0 Cura\u00e7ao ? 2026 Co\u00fbts de la vie et conseils de relocalisation\">Cura\u00e7ao<\/a> <a href=\"https:\/\/moverdb.com\/fr\/international-removals\/\" data-internallinksmanager029f6b8e52c=\"27\" title=\"36 meilleures entreprises de d\u00e9m\u00e9nagements internationaux au Royaume-Uni\">entreprises de d\u00e9m\u00e9nagement<\/a> qui sont membres de la <a href=\"https:\/\/moverdb.com\/fr\/iam\/\" data-internallinksmanager029f6b8e52c=\"23\" title=\"L&#039;Association internationale des d\u00e9m\u00e9nageurs (IAM) expliqu\u00e9e\">Association internationale des d\u00e9m\u00e9nageurs<\/a> (IAM) et\/ou <a href=\"https:\/\/moverdb.com\/fr\/fidi-faim\/\" data-internallinksmanager029f6b8e52c=\"16\" title=\"Explication de la FIDI et du FAIM (FIDI Accredited International Mover)\">FIDI<\/a> D\u00e9m\u00e9nageur international accr\u00e9dit\u00e9 (FAIM) qui pourrait \u00eatre en mesure de vous aider.<\/p>\n<h2><strong>1. AGS Meyer<\/strong><\/h2>\n<p><img loading=\"lazy\" decoding=\"async\" class=\"alignnone size-full wp-image-5918\" src=\"https:\/\/moverdb.com\/wp-content\/uploads\/AGS-Meyer-international-moving-company.png\" alt=\"AGS Meyer, entreprise de d\u00e9m\u00e9nagement international\" width=\"1440\" height=\"684\" data-wp-pid=\"5918\" srcset=\"https:\/\/moverdb.com\/wp-content\/uploads\/AGS-Meyer-international-moving-company.png 1440w, https:\/\/moverdb.com\/wp-content\/uploads\/AGS-Meyer-international-moving-company-300x143.png 300w, https:\/\/moverdb.com\/wp-content\/uploads\/AGS-Meyer-international-moving-company-1024x486.png 1024w, https:\/\/moverdb.com\/wp-content\/uploads\/AGS-Meyer-international-moving-company-18x9.png 18w, https:\/\/moverdb.com\/wp-content\/uploads\/AGS-Meyer-international-moving-company-600x285.png 600w\" sizes=\"auto, (max-width: 1440px) 100vw, 1440px\" \/><\/p>\n<ul>\n<li>D\u00e9placements locaux<\/li>\n<li>D\u00e9m\u00e9nagements internationaux<\/li>\n<li>D\u00e9m\u00e9nagements de m\u00e9nages<\/li>\n<li>D\u00e9m\u00e9nagements d'entreprises<\/li>\n<li>Service porte-\u00e0-porte<\/li>\n<li>Services d'emballage<\/li>\n<li>Transports terrestres, a\u00e9riens et maritimes<\/li>\n<li>Formalit\u00e9s douani\u00e8res<\/li>\n<li>Accr\u00e9dit\u00e9 par la FIDI<\/li>\n<li>Services de stockage<\/li>\n<\/ul>\n<p>AGS Meyer est un <a href=\"https:\/\/moverdb.com\/fr\/moving-companies\/\" data-internallinksmanager029f6b8e52c=\"79\" title=\"Les 25 meilleures soci\u00e9t\u00e9s de d\u00e9m\u00e9nagement international en ligne\">soci\u00e9t\u00e9 de d\u00e9m\u00e9nagement<\/a> L'entreprise a \u00e9t\u00e9 cr\u00e9\u00e9e en 1959 \u00e0 Cura\u00e7ao pour assurer les d\u00e9m\u00e9nagements locaux et internationaux des m\u00e9nages et des entreprises. Elle poss\u00e8de 7 succursales dans les Cara\u00efbes. Elle dispose d'un r\u00e9seau mondial d'agents de d\u00e9m\u00e9nagement affili\u00e9s pour effectuer des d\u00e9m\u00e9nagements internationaux. Elle est membre de l'IAM avec 63 ans de service et est accr\u00e9dit\u00e9e par la FIDI.<\/p>\n<p>AGS Meyer offre un service de d\u00e9m\u00e9nagement de porte \u00e0 porte, comprenant la relocalisation, le d\u00e9m\u00e9nagement et le stockage, aux particuliers, aux entreprises et aux agences diplomatiques. Ils vous conseilleront sur votre d\u00e9m\u00e9nagement et vous assisteront \u00e0 chaque \u00e9tape du processus. Ils emballeront vos biens en toute s\u00e9curit\u00e9, organiseront le transport et les formalit\u00e9s douani\u00e8res, et d\u00e9balleront vos biens \u00e0 votre destination.<\/p>\n<p>Site web : <a href=\"https:\/\/www.meyermoving.com\/\" target=\"_blank\" rel=\"noopener\">https:\/\/www.meyermoving.com\/<\/a><\/p>\n<h2><strong>2. Services de d\u00e9m\u00e9nagement des Cara\u00efbes<\/strong><\/h2>\n<p><img loading=\"lazy\" decoding=\"async\" class=\"alignnone size-full wp-image-5933\" src=\"https:\/\/moverdb.com\/wp-content\/uploads\/Caribbean-Moving-Services-international-moving-company.png\" alt=\"Caribbean Moving Services soci\u00e9t\u00e9 de d\u00e9m\u00e9nagement international\" width=\"1440\" height=\"680\" data-wp-pid=\"5933\" srcset=\"https:\/\/moverdb.com\/wp-content\/uploads\/Caribbean-Moving-Services-international-moving-company.png 1440w, https:\/\/moverdb.com\/wp-content\/uploads\/Caribbean-Moving-Services-international-moving-company-300x142.png 300w, https:\/\/moverdb.com\/wp-content\/uploads\/Caribbean-Moving-Services-international-moving-company-1024x484.png 1024w, https:\/\/moverdb.com\/wp-content\/uploads\/Caribbean-Moving-Services-international-moving-company-18x9.png 18w, https:\/\/moverdb.com\/wp-content\/uploads\/Caribbean-Moving-Services-international-moving-company-600x283.png 600w\" sizes=\"auto, (max-width: 1440px) 100vw, 1440px\" \/><\/p>\n<ul>\n<li>D\u00e9placements locaux<\/li>\n<li>D\u00e9m\u00e9nagements internationaux<\/li>\n<li>D\u00e9m\u00e9nagements r\u00e9sidentiels<\/li>\n<li>D\u00e9m\u00e9nagements de bureaux<\/li>\n<li>Plan de relocalisation sur mesure<\/li>\n<li>Service d'emballage<\/li>\n<li>D\u00e9montage et montage de meubles<\/li>\n<li>Terre, mer et air<\/li>\n<li>D\u00e9douanement<\/li>\n<li>Installations de stockage<\/li>\n<\/ul>\n<p>Caribbean Moving Services est une entreprise de d\u00e9m\u00e9nagement de Willemstad qui fait partie d'un groupe de soci\u00e9t\u00e9s comprenant Caribbean Cargo Services et G&amp;V Free Zone. Fond\u00e9e en 1981 en tant que soci\u00e9t\u00e9 de fret, elle s'est \u00e9tendue aux services de d\u00e9m\u00e9nagement en 1994 pour devenir la plus grande soci\u00e9t\u00e9 de d\u00e9m\u00e9nagement de l'\u00eele. Elle est membre de l'IAM avec 28 ans de service et est accr\u00e9dit\u00e9e par la FIDI.<\/p>\n<p>Caribbean Moving Services propose un service de d\u00e9m\u00e9nagement \u00e0 guichet unique, qui commence par une enqu\u00eate et un point de contact unique. Ils fournissent un service d'emballage professionnel comprenant le d\u00e9montage des meubles et l'emballage s\u00e9curis\u00e9 des biens. Ils organisent le transport par voie terrestre, maritime ou a\u00e9rienne avec d\u00e9douanement, puis emballent et montent les meubles.<\/p>\n<p>Site web : <a href=\"https:\/\/www.cmscur.com\/\" target=\"_blank\" rel=\"noopener\">https:\/\/www.cmscur.com\/<\/a><\/p>","protected":false},"excerpt":{"rendered":"<p>Moving home or office can be stressful and time-consuming so getting some support from a moving or relocation company can help lighten your load and you can benefit from their experience. Below we have listed Curacao removal companies that are members of the International Association of Movers (IAM) and\/or FIDI Accredited International Mover (FAIM) who [&hellip;]<\/p>\n","protected":false},"author":4,"featured_media":0,"parent":190,"menu_order":0,"comment_status":"closed","ping_status":"closed","template":"","meta":{"_genesis_hide_title":false,"_genesis_hide_breadcrumbs":false,"_genesis_hide_singular_image":false,"_genesis_hide_footer_widgets":false,"_genesis_custom_body_class":"","_genesis_custom_post_class":"","_genesis_layout":"","footnotes":""},"class_list":{"0":"post-6022","1":"page","2":"type-page","3":"status-publish","5":"entry","6":"has-post-thumbnail"},"_links":{"self":[{"href":"https:\/\/moverdb.com\/fr\/wp-json\/wp\/v2\/pages\/6022","targetHints":{"allow":["GET"]}}],"collection":[{"href":"https:\/\/moverdb.com\/fr\/wp-json\/wp\/v2\/pages"}],"about":[{"href":"https:\/\/moverdb.com\/fr\/wp-json\/wp\/v2\/types\/page"}],"author":[{"embeddable":true,"href":"https:\/\/moverdb.com\/fr\/wp-json\/wp\/v2\/users\/4"}],"replies":[{"embeddable":true,"href":"https:\/\/moverdb.com\/fr\/wp-json\/wp\/v2\/comments?post=6022"}],"version-history":[{"count":1,"href":"https:\/\/moverdb.com\/fr\/wp-json\/wp\/v2\/pages\/6022\/revisions"}],"predecessor-version":[{"id":6023,"href":"https:\/\/moverdb.com\/fr\/wp-json\/wp\/v2\/pages\/6022\/revisions\/6023"}],"up":[{"embeddable":true,"href":"https:\/\/moverdb.com\/fr\/wp-json\/wp\/v2\/pages\/190"}],"wp:attachment":[{"href":"https:\/\/moverdb.com\/fr\/wp-json\/wp\/v2\/media?parent=6022"}],"curies":[{"name":"wp","href":"https:\/\/api.w.org\/{rel}","templated":true}]}}