{"id":6015,"date":"2023-02-01T13:48:20","date_gmt":"2023-02-01T13:48:20","guid":{"rendered":"https:\/\/moverdb.com\/?page_id=6015"},"modified":"2026-01-08T15:29:16","modified_gmt":"2026-01-08T15:29:16","slug":"entreprises-de-demenagement-costa-rica","status":"publish","type":"page","link":"https:\/\/moverdb.com\/fr\/moving-companies\/moving-companies-costa-rica\/","title":{"rendered":"Les 6 meilleures soci\u00e9t\u00e9s de d\u00e9m\u00e9nagement international au Costa Rica"},"content":{"rendered":"<p>Vous d\u00e9m\u00e9nagez vers ou depuis <a href=\"https:\/\/moverdb.com\/fr\/moving-to-costa-rica\/\" data-internallinksmanager029f6b8e52c=\"427\" title=\"D\u00e9m\u00e9nager au Costa Rica ? 2026 Co\u00fbts de la vie et conseils de relocalisation\">Costa Rica<\/a>ou vous d\u00e9m\u00e9nagez au Costa Rica ? Dans ce cas, vous pourriez avoir besoin d'aide pour d\u00e9m\u00e9nager tous vos biens, car cela peut s'av\u00e9rer complexe, surtout si vous changez de pays. Nous avons dress\u00e9 ci-dessous une liste d'entreprises costariciennes qui peuvent vous aider \u00e0 d\u00e9m\u00e9nager. <a href=\"https:\/\/moverdb.com\/fr\/international-removals\/\" data-internallinksmanager029f6b8e52c=\"27\" title=\"36 meilleures entreprises de d\u00e9m\u00e9nagements internationaux au Royaume-Uni\">entreprises de d\u00e9m\u00e9nagement<\/a> qui sont membres de la <a href=\"https:\/\/moverdb.com\/fr\/iam\/\" data-internallinksmanager029f6b8e52c=\"23\" title=\"L&#039;Association internationale des d\u00e9m\u00e9nageurs (IAM) expliqu\u00e9e\">Association internationale des d\u00e9m\u00e9nageurs<\/a> (IAM) et\/ou <a href=\"https:\/\/moverdb.com\/fr\/fidi-faim\/\" data-internallinksmanager029f6b8e52c=\"16\" title=\"Explication de la FIDI et du FAIM (FIDI Accredited International Mover)\">FIDI<\/a> D\u00e9m\u00e9nageur international accr\u00e9dit\u00e9 (FAIM) qui pourrait vous aider.<\/p>\n<div id=\"ez-toc-container\" class=\"ez-toc-v2_0_82_2 ez-toc-wrap-left counter-hierarchy ez-toc-counter ez-toc-transparent ez-toc-container-direction\">\n<div class=\"ez-toc-title-container\">\n<p class=\"ez-toc-title\" style=\"cursor:inherit\">Sections<\/p>\n<span class=\"ez-toc-title-toggle\"><a href=\"#\" class=\"ez-toc-pull-right ez-toc-btn ez-toc-btn-xs ez-toc-btn-default ez-toc-toggle\" aria-label=\"Toggle Table des mati\u00e8res\"><span class=\"ez-toc-js-icon-con\"><span class=\"\"><span class=\"eztoc-hide\" style=\"display:none;\">Toggle<\/span><span class=\"ez-toc-icon-toggle-span\"><svg style=\"fill: #999;color:#999\" xmlns=\"http:\/\/www.w3.org\/2000\/svg\" class=\"list-377408\" width=\"20px\" height=\"20px\" viewbox=\"0 0 24 24\" fill=\"none\"><path d=\"M6 6H4v2h2V6zm14 0H8v2h12V6zM4 11h2v2H4v-2zm16 0H8v2h12v-2zM4 16h2v2H4v-2zm16 0H8v2h12v-2z\" fill=\"currentColor\"><\/path><\/svg><svg style=\"fill: #999;color:#999\" class=\"arrow-unsorted-368013\" xmlns=\"http:\/\/www.w3.org\/2000\/svg\" width=\"10px\" height=\"10px\" viewbox=\"0 0 24 24\" version=\"1.2\" baseprofile=\"tiny\"><path d=\"M18.2 9.3l-6.2-6.3-6.2 6.3c-.2.2-.3.4-.3.7s.1.5.3.7c.2.2.4.3.7.3h11c.3 0 .5-.1.7-.3.2-.2.3-.5.3-.7s-.1-.5-.3-.7zM5.8 14.7l6.2 6.3 6.2-6.3c.2-.2.3-.5.3-.7s-.1-.5-.3-.7c-.2-.2-.4-.3-.7-.3h-11c-.3 0-.5.1-.7.3-.2.2-.3.5-.3.7s.1.5.3.7z\"\/><\/svg><\/span><\/span><\/span><\/a><\/span><\/div>\n<nav><ul class='ez-toc-list ez-toc-list-level-1 eztoc-toggle-hide-by-default' ><li class='ez-toc-page-1 ez-toc-heading-level-2'><a class=\"ez-toc-link ez-toc-heading-1\" href=\"https:\/\/moverdb.com\/fr\/moving-companies\/moving-companies-costa-rica\/#1_Allianz_Moving\" >1. Allianz Moving<\/a><\/li><li class='ez-toc-page-1 ez-toc-heading-level-2'><a class=\"ez-toc-link ez-toc-heading-2\" href=\"https:\/\/moverdb.com\/fr\/moving-companies\/moving-companies-costa-rica\/#2_Gateway_Moving_and_Relocation\" >2. D\u00e9m\u00e9nagement et relocalisation de Gateway<\/a><\/li><li class='ez-toc-page-1 ez-toc-heading-level-2'><a class=\"ez-toc-link ez-toc-heading-3\" href=\"https:\/\/moverdb.com\/fr\/moving-companies\/moving-companies-costa-rica\/#3_Inter_Moves_SG_Global\" >3. Inter Moves SG Global<\/a><\/li><li class='ez-toc-page-1 ez-toc-heading-level-2'><a class=\"ez-toc-link ez-toc-heading-4\" href=\"https:\/\/moverdb.com\/fr\/moving-companies\/moving-companies-costa-rica\/#4_Mudanzas_Mundiales\" >4. Mudanzas Mundiales<\/a><\/li><li class='ez-toc-page-1 ez-toc-heading-level-2'><a class=\"ez-toc-link ez-toc-heading-5\" href=\"https:\/\/moverdb.com\/fr\/moving-companies\/moving-companies-costa-rica\/#5_Multimodal\" >5. Multimodal<\/a><\/li><li class='ez-toc-page-1 ez-toc-heading-level-2'><a class=\"ez-toc-link ez-toc-heading-6\" href=\"https:\/\/moverdb.com\/fr\/moving-companies\/moving-companies-costa-rica\/#6_Winmovers\" >6. Winmovers<\/a><\/li><li class='ez-toc-page-1 ez-toc-heading-level-2'><a class=\"ez-toc-link ez-toc-heading-7\" href=\"https:\/\/moverdb.com\/fr\/moving-companies\/moving-companies-costa-rica\/#Other_Useful_Guides_to_Costa_Rica\" >Autres guides utiles sur le Costa Rica<\/a><\/li><\/ul><\/nav><\/div>\n<h2><span class=\"ez-toc-section\" id=\"1_Allianz_Moving\"><\/span><strong>1. Allianz Moving<\/strong><span class=\"ez-toc-section-end\"><\/span><\/h2>\n<p><img loading=\"lazy\" decoding=\"async\" class=\"alignnone size-full wp-image-5925\" src=\"https:\/\/moverdb.com\/wp-content\/uploads\/Allianz-Moving-international-moving-company.png\" alt=\"Allianz Moving entreprise de d\u00e9m\u00e9nagement international\" width=\"1440\" height=\"684\" data-wp-pid=\"5925\" srcset=\"https:\/\/moverdb.com\/wp-content\/uploads\/Allianz-Moving-international-moving-company.png 1440w, https:\/\/moverdb.com\/wp-content\/uploads\/Allianz-Moving-international-moving-company-300x143.png 300w, https:\/\/moverdb.com\/wp-content\/uploads\/Allianz-Moving-international-moving-company-1024x486.png 1024w, https:\/\/moverdb.com\/wp-content\/uploads\/Allianz-Moving-international-moving-company-18x9.png 18w, https:\/\/moverdb.com\/wp-content\/uploads\/Allianz-Moving-international-moving-company-600x285.png 600w\" sizes=\"auto, (max-width: 1440px) 100vw, 1440px\" \/><\/p>\n<ul>\n<li>D\u00e9m\u00e9nagements locaux et nationaux<\/li>\n<li>D\u00e9m\u00e9nagements internationaux<\/li>\n<li>Services de relocalisation<\/li>\n<li>D\u00e9m\u00e9nagements r\u00e9sidentiels<\/li>\n<li>D\u00e9m\u00e9nagements de bureaux<\/li>\n<li>Service d'emballage<\/li>\n<li>Assurance<\/li>\n<li>D\u00e9m\u00e9nagement d'animaux<\/li>\n<li><a href=\"https:\/\/moverdb.com\/fr\/car-transport-shipping\/\" data-internallinksmanager029f6b8e52c=\"2\" title=\"2026 Devis pour le transport international de voitures et l&#039;exp\u00e9dition de v\u00e9hicules\">Transport de voitures<\/a><\/li>\n<li>Installations de stockage<\/li>\n<\/ul>\n<p>Allianz Moving est un fournisseur de solutions de relocalisation internationale avec plus de 20 ans d'exp\u00e9rience dans les d\u00e9m\u00e9nagements locaux et les relocalisations internationales. Il propose des d\u00e9m\u00e9nagements internationaux par le biais de son r\u00e9seau mondial de partenaires. Ils sont membres d'IAM depuis 7 ans.<\/p>\n<p>Allianz Moving propose une enqu\u00eate pr\u00e9alable au d\u00e9m\u00e9nagement pour \u00e9valuer vos besoins et \u00e9tablir un devis. Ils vous fourniront un service d'emballage qui prot\u00e9gera vos biens et organiseront le transport de vos biens, y compris le d\u00e9douanement. Ils proposent \u00e9galement des services suppl\u00e9mentaires de d\u00e9m\u00e9nagement international pour les animaux domestiques et les voitures, ainsi que des installations de stockage \u00e0 court ou long terme.<\/p>\n<p>Site web : <a href=\"http:\/\/www.allianzmoving.com\" target=\"_blank\" rel=\"noopener\">http:\/\/www.allianzmoving.com<\/a><\/p>\n<h2><span class=\"ez-toc-section\" id=\"2_Gateway_Moving_and_Relocation\"><\/span><strong>2. D\u00e9m\u00e9nagement et relocalisation de Gateway<\/strong><span class=\"ez-toc-section-end\"><\/span><\/h2>\n<p><img loading=\"lazy\" decoding=\"async\" class=\"alignnone size-full wp-image-5949\" src=\"https:\/\/moverdb.com\/wp-content\/uploads\/Gateway-Moving-and-Relocation-international-moving-company.png\" alt=\"Gateway Moving and Relocation entreprise de d\u00e9m\u00e9nagement international\" width=\"1440\" height=\"683\" data-wp-pid=\"5949\" srcset=\"https:\/\/moverdb.com\/wp-content\/uploads\/Gateway-Moving-and-Relocation-international-moving-company.png 1440w, https:\/\/moverdb.com\/wp-content\/uploads\/Gateway-Moving-and-Relocation-international-moving-company-300x142.png 300w, https:\/\/moverdb.com\/wp-content\/uploads\/Gateway-Moving-and-Relocation-international-moving-company-1024x486.png 1024w, https:\/\/moverdb.com\/wp-content\/uploads\/Gateway-Moving-and-Relocation-international-moving-company-18x9.png 18w, https:\/\/moverdb.com\/wp-content\/uploads\/Gateway-Moving-and-Relocation-international-moving-company-600x285.png 600w\" sizes=\"auto, (max-width: 1440px) 100vw, 1440px\" \/><\/p>\n<ul>\n<li>D\u00e9m\u00e9nagements locaux et nationaux<\/li>\n<li>D\u00e9m\u00e9nagements internationaux<\/li>\n<li>D\u00e9m\u00e9nagements r\u00e9sidentiels<\/li>\n<li>D\u00e9m\u00e9nagements industriels et de bureaux<\/li>\n<li>Des formules de d\u00e9m\u00e9nagement sur mesure<\/li>\n<li>Services d'emballage et de mise en caisse<\/li>\n<li>Un \u00e9quipement de haute qualit\u00e9<\/li>\n<li>Courtage en douane<\/li>\n<li>Exp\u00e9dition de v\u00e9hicules<\/li>\n<li>Installations de stockage<\/li>\n<\/ul>\n<p>Gateway Moving and Relocation est une entreprise familiale de d\u00e9m\u00e9nagement et de relocalisation bas\u00e9e \u00e0 Paris. <a href=\"https:\/\/moverdb.com\/fr\/moving-to-san-jose\/\" data-internallinksmanager029f6b8e52c=\"64\" title=\"Vous d\u00e9m\u00e9nagez \u00e0 San Jose ? 2026 Co\u00fbt de la vie et conseils de relocalisation\">San Jose<\/a> avec un bureau \u00e0 <a href=\"https:\/\/moverdb.com\/fr\/moving-companies\/moving-companies-nicaragua\/\" data-internallinksmanager029f6b8e52c=\"278\" title=\"Les meilleures entreprises de d\u00e9m\u00e9nagements internationaux au Nicaragua\">Nicaragua<\/a>. Ils travaillent en partenariat avec d'autres agents de d\u00e9m\u00e9nagement dans le monde entier pour offrir un service international. Ils sont membres de l'IAM avec 6 ans d'anciennet\u00e9.<\/p>\n<p>Gateway Moving and Relocation propose des formules de d\u00e9m\u00e9nagement personnalis\u00e9es, adapt\u00e9es \u00e0 vos besoins. Ils vous fourniront un service d'emballage qui prot\u00e9gera vos articles pendant le transport, qu'il s'agisse d'objets fins, d'objets de valeur ou d'objets de valeur. <a href=\"https:\/\/moverdb.com\/fr\/moving-to-china\/\" data-internallinksmanager029f6b8e52c=\"357\" title=\"D\u00e9m\u00e9nager en Chine ? 2026 Co\u00fbts de la vie et conseils de relocalisation\">chine<\/a> aux instruments de musique et aux meubles encombrants. Ils proposent des services de courtage en douane, des services d'exp\u00e9dition de v\u00e9hicules et des services de stockage avant ou apr\u00e8s votre d\u00e9m\u00e9nagement.<\/p>\n<p>Site web : <a href=\"https:\/\/www.gatewaymovingcr.com\" target=\"_blank\" rel=\"noopener\">https:\/\/www.gatewaymovingcr.com<\/a><\/p>\n<h2><span class=\"ez-toc-section\" id=\"3_Inter_Moves_SG_Global\"><\/span><strong>3. Inter Moves SG Global<\/strong><span class=\"ez-toc-section-end\"><\/span><\/h2>\n<p><img loading=\"lazy\" decoding=\"async\" class=\"alignnone size-full wp-image-5959\" src=\"https:\/\/moverdb.com\/wp-content\/uploads\/Inter-Moves-SG-Global-international-moving-company.png\" alt=\"Inter Moves SG Global, soci\u00e9t\u00e9 de d\u00e9m\u00e9nagement international\" width=\"1440\" height=\"684\" data-wp-pid=\"5959\" srcset=\"https:\/\/moverdb.com\/wp-content\/uploads\/Inter-Moves-SG-Global-international-moving-company.png 1440w, https:\/\/moverdb.com\/wp-content\/uploads\/Inter-Moves-SG-Global-international-moving-company-300x143.png 300w, https:\/\/moverdb.com\/wp-content\/uploads\/Inter-Moves-SG-Global-international-moving-company-1024x486.png 1024w, https:\/\/moverdb.com\/wp-content\/uploads\/Inter-Moves-SG-Global-international-moving-company-18x9.png 18w, https:\/\/moverdb.com\/wp-content\/uploads\/Inter-Moves-SG-Global-international-moving-company-600x285.png 600w\" sizes=\"auto, (max-width: 1440px) 100vw, 1440px\" \/><\/p>\n<ul>\n<li>D\u00e9m\u00e9nagements locaux et nationaux<\/li>\n<li>D\u00e9m\u00e9nagements internationaux<\/li>\n<li>D\u00e9m\u00e9nagements de m\u00e9nages<\/li>\n<li>D\u00e9m\u00e9nagement de bureaux<\/li>\n<li>Services d'emballage<\/li>\n<li>Courtier en douane<\/li>\n<li>D\u00e9m\u00e9nagement d'antiquit\u00e9s et d'\u0153uvres d'art<\/li>\n<li>Transport de v\u00e9hicules<\/li>\n<li>Options d'assurance<\/li>\n<li>Installations de stockage<\/li>\n<\/ul>\n<p>Inter Moves SG Global est un prestataire de services d'exp\u00e9dition de fret et de d\u00e9m\u00e9nagement international qui a \u00e9t\u00e9 fond\u00e9 en 2001. Elle offre des services de d\u00e9m\u00e9nagement local, national et international pour les m\u00e9nages et les bureaux. Elle est membre d'IAM et compte 21 ann\u00e9es de service.<\/p>\n<p>Inter Moves SG Global offre un service de d\u00e9m\u00e9nagement professionnel qui emballera vos biens et prendra les dispositions n\u00e9cessaires pour les charger dans des conteneurs et des caisses, ainsi que le transport jusqu'\u00e0 votre destination, y compris le courtage en douane. Ils offrent un service de courtage en assurance pour trouver la meilleure couverture d'assurance pour votre d\u00e9m\u00e9nagement. Ils proposent m\u00eame un h\u00f4tel Bed &amp; Breakfast pour les personnes qui d\u00e9m\u00e9nagent et qui ont besoin d'un h\u00e9bergement temporaire.<\/p>\n<p>Site web : <a href=\"http:\/\/www.InterMoves-SGCR.com\" target=\"_blank\" rel=\"noopener\">http:\/\/www.InterMoves-SGCR.com<\/a><\/p>\n<h2><span class=\"ez-toc-section\" id=\"4_Mudanzas_Mundiales\"><\/span><strong>4. Mudanzas Mundiales<\/strong><span class=\"ez-toc-section-end\"><\/span><\/h2>\n<p><img loading=\"lazy\" decoding=\"async\" class=\"alignnone size-full wp-image-5981\" src=\"https:\/\/moverdb.com\/wp-content\/uploads\/Mudanzas-Mundiales-international-moving-company.png\" alt=\"Mudanzas Mundiales entreprise de d\u00e9m\u00e9nagement international\" width=\"1440\" height=\"680\" data-wp-pid=\"5981\" srcset=\"https:\/\/moverdb.com\/wp-content\/uploads\/Mudanzas-Mundiales-international-moving-company.png 1440w, https:\/\/moverdb.com\/wp-content\/uploads\/Mudanzas-Mundiales-international-moving-company-300x142.png 300w, https:\/\/moverdb.com\/wp-content\/uploads\/Mudanzas-Mundiales-international-moving-company-1024x484.png 1024w, https:\/\/moverdb.com\/wp-content\/uploads\/Mudanzas-Mundiales-international-moving-company-18x9.png 18w, https:\/\/moverdb.com\/wp-content\/uploads\/Mudanzas-Mundiales-international-moving-company-600x283.png 600w\" sizes=\"auto, (max-width: 1440px) 100vw, 1440px\" \/><\/p>\n<ul>\n<li>D\u00e9m\u00e9nagements internationaux<\/li>\n<li>D\u00e9m\u00e9nagements r\u00e9sidentiels<\/li>\n<li>D\u00e9m\u00e9nagements commerciaux<\/li>\n<li>Services de relocalisation<\/li>\n<li>Service d'emballage professionnel<\/li>\n<li>Transport par voie terrestre, maritime ou a\u00e9rienne<\/li>\n<li>Courtier en douane<\/li>\n<li>Transport d'\u0153uvres d'art<\/li>\n<li>Transport des animaux<\/li>\n<li>Installations de stockage<\/li>\n<\/ul>\n<p>Mudanzas Mundiales est une entreprise de d\u00e9m\u00e9nagement qui poss\u00e8de plus de 60 ans d'exp\u00e9rience dans la logistique int\u00e9gr\u00e9e et le commerce international. Elle poss\u00e8de des bureaux \u00e0 San Jos\u00e9 et au Nicaragua. Elle est membre d'IAM avec 53 ans de service et est accr\u00e9dit\u00e9e par la FIDI.<\/p>\n<p>Mudanzas Mundiales propose une approche personnalis\u00e9e des d\u00e9m\u00e9nagements avec un service porte-\u00e0-porte qui comprend un service d'emballage utilisant des mat\u00e9riaux de premi\u00e8re qualit\u00e9, jusqu'au d\u00e9ballage et \u00e0 la disposition des meubles. Ils organisent le transport par voie terrestre, maritime ou a\u00e9rienne, avec courtage en douane et assurance. Leurs services de relocalisation vous aideront \u00e0 vous orienter, \u00e0 trouver une maison et une \u00e9cole, des services d'arriv\u00e9e et une formation linguistique et culturelle.<\/p>\n<p>Site web : <a href=\"http:\/\/mudanzasmundiales.com\" target=\"_blank\" rel=\"noopener\">http:\/\/mudanzasmundiales.com<\/a><\/p>\n<h2><span class=\"ez-toc-section\" id=\"5_Multimodal\"><\/span><strong>5. Multimodal<\/strong><span class=\"ez-toc-section-end\"><\/span><\/h2>\n<p><img loading=\"lazy\" decoding=\"async\" class=\"alignnone size-full wp-image-5984\" src=\"https:\/\/moverdb.com\/wp-content\/uploads\/Multimodal-international-moving-company.png\" alt=\"Entreprise de d\u00e9m\u00e9nagement international multimodal\" width=\"1440\" height=\"680\" data-wp-pid=\"5984\" srcset=\"https:\/\/moverdb.com\/wp-content\/uploads\/Multimodal-international-moving-company.png 1440w, https:\/\/moverdb.com\/wp-content\/uploads\/Multimodal-international-moving-company-300x142.png 300w, https:\/\/moverdb.com\/wp-content\/uploads\/Multimodal-international-moving-company-1024x484.png 1024w, https:\/\/moverdb.com\/wp-content\/uploads\/Multimodal-international-moving-company-18x9.png 18w, https:\/\/moverdb.com\/wp-content\/uploads\/Multimodal-international-moving-company-600x283.png 600w\" sizes=\"auto, (max-width: 1440px) 100vw, 1440px\" \/><\/p>\n<ul>\n<li>D\u00e9m\u00e9nagements internationaux<\/li>\n<li>D\u00e9m\u00e9nagements r\u00e9sidentiels<\/li>\n<li>D\u00e9m\u00e9nagements de bureaux<\/li>\n<li>Manipulation et suivi des exp\u00e9ditions<\/li>\n<li>Transports terrestres, maritimes et a\u00e9riens<\/li>\n<li>Courtage en douane<\/li>\n<li>Assurance du fret<\/li>\n<li>Transport des animaux de compagnie<\/li>\n<li>Transport de v\u00e9hicules<\/li>\n<li>Installations de stockage<\/li>\n<\/ul>\n<p>Multimodal est un prestataire sp\u00e9cialis\u00e9 dans le commerce international et les douanes qui propose des services de d\u00e9m\u00e9nagement au Costa Rica et au Nicaragua. Elle a \u00e9t\u00e9 fond\u00e9e en 1999 et proposait principalement du fret a\u00e9rien mais s'est \u00e9tendue pour offrir tous les moyens de transport. Elle est membre d'IAM depuis 37 ans et travaille en partenariat avec d'autres agences pour offrir ses services \u00e0 l'\u00e9chelle internationale.<\/p>\n<p>Multimodal offre un service de d\u00e9m\u00e9nagement s\u00fbr et fiable qui sera exempt de complications et de co\u00fbts inutiles. Ils fournissent des services d'emballage professionnels pour transporter vos biens en toute s\u00e9curit\u00e9 et ils organisent le transport par voie terrestre, maritime ou a\u00e9rienne ainsi que le courtage en douane.<\/p>\n<p>Site web : <a href=\"http:\/\/www.multimodalcr.com\" target=\"_blank\" rel=\"noopener\">http:\/\/www.multimodalcr.com<\/a><\/p>\n<h2><span class=\"ez-toc-section\" id=\"6_Winmovers\"><\/span><strong>6. Winmovers<\/strong><span class=\"ez-toc-section-end\"><\/span><\/h2>\n<p><img loading=\"lazy\" decoding=\"async\" class=\"alignnone size-full wp-image-6016\" src=\"https:\/\/moverdb.com\/wp-content\/uploads\/Winmovers-international-moving-company.png\" alt=\"Winmovers, soci\u00e9t\u00e9 de d\u00e9m\u00e9nagement international\" width=\"1440\" height=\"678\" data-wp-pid=\"6016\" srcset=\"https:\/\/moverdb.com\/wp-content\/uploads\/Winmovers-international-moving-company.png 1440w, https:\/\/moverdb.com\/wp-content\/uploads\/Winmovers-international-moving-company-300x141.png 300w, https:\/\/moverdb.com\/wp-content\/uploads\/Winmovers-international-moving-company-1024x482.png 1024w, https:\/\/moverdb.com\/wp-content\/uploads\/Winmovers-international-moving-company-18x8.png 18w, https:\/\/moverdb.com\/wp-content\/uploads\/Winmovers-international-moving-company-600x283.png 600w\" sizes=\"auto, (max-width: 1440px) 100vw, 1440px\" \/><\/p>\n<ul>\n<li>D\u00e9m\u00e9nagements locaux et nationaux<\/li>\n<li>D\u00e9m\u00e9nagements internationaux<\/li>\n<li>D\u00e9m\u00e9nagements de m\u00e9nages<\/li>\n<li>Mouvements de l'entreprise<\/li>\n<li>Service porte-\u00e0-porte<\/li>\n<li>Service d'emballage professionnel<\/li>\n<li>Emballage industriel<\/li>\n<li>Transports terrestres, a\u00e9riens et maritimes<\/li>\n<li>Articles sp\u00e9cialis\u00e9s tels que le piano et le mat\u00e9riel informatique<\/li>\n<li>Une flotte diversifi\u00e9e de camions<\/li>\n<\/ul>\n<p>Winmovers est un fournisseur de services de d\u00e9m\u00e9nagement international et local qui a \u00e9t\u00e9 fond\u00e9 en 2003. Elle est membre d'IAM depuis 19 ans et est accr\u00e9dit\u00e9e par la FIDI. Ils disposent d'une flotte de camions large et diversifi\u00e9e qui r\u00e9pond \u00e0 une vari\u00e9t\u00e9 de besoins de transport.<\/p>\n<p>Winmovers propose un service porte-\u00e0-porte qui comprend un service d'emballage professionnel assur\u00e9 par un personnel qualifi\u00e9 qui prot\u00e9gera vos biens \u00e0 l'aide d'une gamme de mat\u00e9riaux d'emballage tels que des cartons, des housses et des couvertures. Ils cr\u00e9ent \u00e9galement leurs propres caisses en bois certifi\u00e9es. Ils organisent l'exp\u00e9dition de vos biens par voie terrestre, a\u00e9rienne ou maritime.<\/p>\n<p>Site web : <a href=\"http:\/\/www.winmovers.com\" target=\"_blank\" rel=\"noopener\">http:\/\/www.winmovers.com<\/a><\/p>\n<h2><span class=\"ez-toc-section\" id=\"Other_Useful_Guides_to_Costa_Rica\"><\/span>Autres guides utiles sur le Costa Rica<span class=\"ez-toc-section-end\"><\/span><\/h2>\n<ul>\n<li> <a href=\"https:\/\/moverdb.com\/fr\/expedition-par-conteneur\/costa-rica\/\">2024 Tarifs d'exp\u00e9dition de conteneurs de fret maritime \u00e0 destination et en provenance du Costa Rica<\/a><\/li>\n<li> <a href=\"https:\/\/moverdb.com\/fr\/moving-to-costa-rica\/\">D\u00e9m\u00e9nager au Costa Rica ? 2026 Co\u00fbts de la vie et conseils de relocalisation<\/a><\/li>\n<li> <a href=\"https:\/\/moverdb.com\/fr\/moving-to-costa-rica\/living-in-costa-rica\/\">21 secrets sur la vie au Costa Rica \u00e0 conna\u00eetre avant de d\u00e9m\u00e9nager<\/a><\/li>\n<\/ul>","protected":false},"excerpt":{"rendered":"<p>Are you moving to or from Costa Rica, or moving within Costa Rica? Then you might be interested in some help moving all of your belongings as it can be complex especially if you are moving countries. Below we have compiled a list of Costa Rican removal companies that are members of the International Association [&hellip;]<\/p>\n","protected":false},"author":4,"featured_media":0,"parent":190,"menu_order":0,"comment_status":"closed","ping_status":"closed","template":"","meta":{"_genesis_hide_title":false,"_genesis_hide_breadcrumbs":false,"_genesis_hide_singular_image":false,"_genesis_hide_footer_widgets":false,"_genesis_custom_body_class":"","_genesis_custom_post_class":"","_genesis_layout":"","footnotes":""},"class_list":{"0":"post-6015","1":"page","2":"type-page","3":"status-publish","5":"entry","6":"has-post-thumbnail"},"_links":{"self":[{"href":"https:\/\/moverdb.com\/fr\/wp-json\/wp\/v2\/pages\/6015","targetHints":{"allow":["GET"]}}],"collection":[{"href":"https:\/\/moverdb.com\/fr\/wp-json\/wp\/v2\/pages"}],"about":[{"href":"https:\/\/moverdb.com\/fr\/wp-json\/wp\/v2\/types\/page"}],"author":[{"embeddable":true,"href":"https:\/\/moverdb.com\/fr\/wp-json\/wp\/v2\/users\/4"}],"replies":[{"embeddable":true,"href":"https:\/\/moverdb.com\/fr\/wp-json\/wp\/v2\/comments?post=6015"}],"version-history":[{"count":2,"href":"https:\/\/moverdb.com\/fr\/wp-json\/wp\/v2\/pages\/6015\/revisions"}],"predecessor-version":[{"id":18296,"href":"https:\/\/moverdb.com\/fr\/wp-json\/wp\/v2\/pages\/6015\/revisions\/18296"}],"up":[{"embeddable":true,"href":"https:\/\/moverdb.com\/fr\/wp-json\/wp\/v2\/pages\/190"}],"wp:attachment":[{"href":"https:\/\/moverdb.com\/fr\/wp-json\/wp\/v2\/media?parent=6015"}],"curies":[{"name":"wp","href":"https:\/\/api.w.org\/{rel}","templated":true}]}}