{"id":5631,"date":"2022-11-28T15:27:20","date_gmt":"2022-11-28T15:27:20","guid":{"rendered":"https:\/\/moverdb.com\/?page_id=5631"},"modified":"2026-01-08T13:18:59","modified_gmt":"2026-01-08T13:18:59","slug":"deplacement-sans-contrainte","status":"publish","type":"page","link":"https:\/\/moverdb.com\/fr\/stress-free-move\/","title":{"rendered":"Comment faire en sorte que votre d\u00e9m\u00e9nagement international soit sans stress"},"content":{"rendered":"<p><span style=\"font-weight: 400;\">D\u00e9m\u00e9nager \u00e0 l'\u00e9tranger est certainement un moment excitant, rempli d'\u00e9motions diverses, mais si vous avez d\u00e9j\u00e0 d\u00fb d\u00e9m\u00e9nager, vous savez que c'est tout sauf une exp\u00e9rience relaxante et agr\u00e9able. <\/span><\/p>\n<p><span style=\"font-weight: 400;\">Si un d\u00e9m\u00e9nagement dans votre propre pays peut parfois \u00eatre accablant, vous ne pouvez qu'imaginer la difficult\u00e9 d'un d\u00e9m\u00e9nagement international.<\/span><\/p>\n<p><img loading=\"lazy\" decoding=\"async\" class=\"aligncenter size-full wp-image-5632\" src=\"https:\/\/moverdb.com\/wp-content\/uploads\/stress-free-move.jpg\" alt=\"Un d\u00e9m\u00e9nagement sans stress\" width=\"1000\" height=\"667\" data-wp-pid=\"5632\" srcset=\"https:\/\/moverdb.com\/wp-content\/uploads\/stress-free-move.jpg 1000w, https:\/\/moverdb.com\/wp-content\/uploads\/stress-free-move-300x200.jpg 300w, https:\/\/moverdb.com\/wp-content\/uploads\/stress-free-move-18x12.jpg 18w, https:\/\/moverdb.com\/wp-content\/uploads\/stress-free-move-600x400.jpg 600w\" sizes=\"auto, (max-width: 1000px) 100vw, 1000px\" \/><\/p>\n<p><span style=\"font-weight: 400;\">Non seulement vous devez faire face aux proc\u00e9dures habituelles de d\u00e9m\u00e9nagement, mais il y en a plusieurs autres qui peuvent rendre toute cette exp\u00e9rience plut\u00f4t angoissante et anxiog\u00e8ne.&nbsp;<\/span><\/p>\n<p><span style=\"font-weight: 400;\">Il est tout \u00e0 fait compr\u00e9hensible de se sentir parfois stress\u00e9 et d\u00e9pass\u00e9, mais si vous \u00eates bien pr\u00e9par\u00e9 et organis\u00e9, si vous disposez de suffisamment de temps et si vous commencez t\u00f4t, vous pouvez vous aider \u00e0 surmonter la frustration et \u00e0 faire en sorte que votre d\u00e9m\u00e9nagement se passe le mieux possible.&nbsp;<\/span><\/p>\n<p><span style=\"font-weight: 400;\">Les experts en immobilier de<\/span><span style=\"font-weight: 400;\"><a href=\"http:\/\/www.housesalesdirect.com\/\" target=\"_blank\" rel=\"noopener\"> House Sales Direct <\/a>examine les moyens de faire en sorte que votre d\u00e9m\u00e9nagement international soit effectu\u00e9 de mani\u00e8re efficace et sans stress, tout en tenant compte de facteurs suppl\u00e9mentaires tels que l'immigration, le transport international et les douanes. <\/span><\/p>\n<p><span style=\"font-weight: 400;\">Disposer d'une liste de contr\u00f4le claire et solide vous aidera \u00e0 transformer le processus de d\u00e9m\u00e9nagement quelque peu chaotique en un processus sans douleur.&nbsp;<\/span><\/p>\n<div id=\"ez-toc-container\" class=\"ez-toc-v2_0_82_2 ez-toc-wrap-left counter-hierarchy ez-toc-counter ez-toc-transparent ez-toc-container-direction\">\n<div class=\"ez-toc-title-container\">\n<p class=\"ez-toc-title\" style=\"cursor:inherit\">Sections<\/p>\n<span class=\"ez-toc-title-toggle\"><a href=\"#\" class=\"ez-toc-pull-right ez-toc-btn ez-toc-btn-xs ez-toc-btn-default ez-toc-toggle\" aria-label=\"Toggle Table des mati\u00e8res\"><span class=\"ez-toc-js-icon-con\"><span class=\"\"><span class=\"eztoc-hide\" style=\"display:none;\">Toggle<\/span><span class=\"ez-toc-icon-toggle-span\"><svg style=\"fill: #999;color:#999\" xmlns=\"http:\/\/www.w3.org\/2000\/svg\" class=\"list-377408\" width=\"20px\" height=\"20px\" viewbox=\"0 0 24 24\" fill=\"none\"><path d=\"M6 6H4v2h2V6zm14 0H8v2h12V6zM4 11h2v2H4v-2zm16 0H8v2h12v-2zM4 16h2v2H4v-2zm16 0H8v2h12v-2z\" fill=\"currentColor\"><\/path><\/svg><svg style=\"fill: #999;color:#999\" class=\"arrow-unsorted-368013\" xmlns=\"http:\/\/www.w3.org\/2000\/svg\" width=\"10px\" height=\"10px\" viewbox=\"0 0 24 24\" version=\"1.2\" baseprofile=\"tiny\"><path d=\"M18.2 9.3l-6.2-6.3-6.2 6.3c-.2.2-.3.4-.3.7s.1.5.3.7c.2.2.4.3.7.3h11c.3 0 .5-.1.7-.3.2-.2.3-.5.3-.7s-.1-.5-.3-.7zM5.8 14.7l6.2 6.3 6.2-6.3c.2-.2.3-.5.3-.7s-.1-.5-.3-.7c-.2-.2-.4-.3-.7-.3h-11c-.3 0-.5.1-.7.3-.2.2-.3.5-.3.7s.1.5.3.7z\"\/><\/svg><\/span><\/span><\/span><\/a><\/span><\/div>\n<nav><ul class='ez-toc-list ez-toc-list-level-1 eztoc-toggle-hide-by-default' ><li class='ez-toc-page-1 ez-toc-heading-level-2'><a class=\"ez-toc-link ez-toc-heading-1\" href=\"https:\/\/moverdb.com\/fr\/stress-free-move\/#Plan_In_Advance\" >Planifier \u00e0 l'avance<\/a><\/li><li class='ez-toc-page-1 ez-toc-heading-level-2'><a class=\"ez-toc-link ez-toc-heading-2\" href=\"https:\/\/moverdb.com\/fr\/stress-free-move\/#Sort_Out_Immigration\" >R\u00e9gler la question de l'immigration<\/a><\/li><li class='ez-toc-page-1 ez-toc-heading-level-2'><a class=\"ez-toc-link ez-toc-heading-3\" href=\"https:\/\/moverdb.com\/fr\/stress-free-move\/#Get_Your_Documents_Ready\" >Pr\u00e9parez vos documents<\/a><\/li><li class='ez-toc-page-1 ez-toc-heading-level-2'><a class=\"ez-toc-link ez-toc-heading-4\" href=\"https:\/\/moverdb.com\/fr\/stress-free-move\/#Sort_Out_Your_Finances\" >Mettez de l'ordre dans vos finances<\/a><\/li><li class='ez-toc-page-1 ez-toc-heading-level-2'><a class=\"ez-toc-link ez-toc-heading-5\" href=\"https:\/\/moverdb.com\/fr\/stress-free-move\/#Research_International_Moving_Companies\" >Recherche de soci\u00e9t\u00e9s de d\u00e9m\u00e9nagement international<\/a><\/li><li class='ez-toc-page-1 ez-toc-heading-level-2'><a class=\"ez-toc-link ez-toc-heading-6\" href=\"https:\/\/moverdb.com\/fr\/stress-free-move\/#Make_a_Packing_Checklist\" >Faites une liste de contr\u00f4le pour vos bagages<\/a><\/li><li class='ez-toc-page-1 ez-toc-heading-level-2'><a class=\"ez-toc-link ez-toc-heading-7\" href=\"https:\/\/moverdb.com\/fr\/stress-free-move\/#Reach_Out_To_Providers\" >Communiquer avec les fournisseurs<\/a><\/li><li class='ez-toc-page-1 ez-toc-heading-level-2'><a class=\"ez-toc-link ez-toc-heading-8\" href=\"https:\/\/moverdb.com\/fr\/stress-free-move\/#Familiarise_Yourself_With_The_Culture\" >Se familiariser avec la culture<\/a><\/li><li class='ez-toc-page-1 ez-toc-heading-level-2'><a class=\"ez-toc-link ez-toc-heading-9\" href=\"https:\/\/moverdb.com\/fr\/stress-free-move\/#In_Conclusion\" >En conclusion<\/a><\/li><\/ul><\/nav><\/div>\n<h2><span class=\"ez-toc-section\" id=\"Plan_In_Advance\"><\/span><b>Planifier \u00e0 l'avance<\/b><span class=\"ez-toc-section-end\"><\/span><\/h2>\n<p><span style=\"font-weight: 400;\">Le d\u00e9m\u00e9nagement international est un processus assez long et si vous ne disposez pas de suffisamment de temps pour le planifier et le pr\u00e9parer, les d\u00e9lais seront l'une des causes de votre stress et de votre anxi\u00e9t\u00e9. <\/span><\/p>\n<p><span style=\"font-weight: 400;\">Plus vous commencez t\u00f4t, plus il sera facile de s'assurer que tout est pris en charge en temps voulu, que tout d\u00e9fi ou probl\u00e8me inattendu est trait\u00e9 calmement et efficacement et, enfin, que vous ne devez jamais rien pr\u00e9cipiter.&nbsp;<\/span><\/p>\n<p><span style=\"font-weight: 400;\">L'organisation est essentielle et c'est pourquoi cette liste d'\u00e9l\u00e9ments \u00e0 prendre en compte et \u00e0 pr\u00e9parer sera un guide utile auquel vous pourrez revenir lorsque vous vous sentirez perdu ou submerg\u00e9 par les t\u00e2ches \u00e0 accomplir. <\/span><\/p>\n<p><span style=\"font-weight: 400;\">Une gestion efficace de votre temps \u00e9liminera tout stress inutile et vous donnera la confiance et le confort de savoir que vous avez suffisamment de temps pour tout r\u00e9gler. Nous vous sugg\u00e9rons de dresser une liste d\u00e9taill\u00e9e des t\u00e2ches \u00e0 accomplir pour vous aider \u00e0 suivre vos progr\u00e8s et vous rappeler ce qui doit \u00eatre fait ensuite.&nbsp;<\/span><\/p>\n<h2><span class=\"ez-toc-section\" id=\"Sort_Out_Immigration\"><\/span><b>R\u00e9gler la question de l'immigration<\/b><span class=\"ez-toc-section-end\"><\/span><\/h2>\n<p><span style=\"font-weight: 400;\">Le processus d'immigration comporte de nombreux aspects, qu'il s'agisse des documents juridiques, des exigences en mati\u00e8re d'immunisation ou des lois sp\u00e9cifiques \u00e0 chaque pays auxquelles vous devrez vous conformer. Il s'agit d'un processus complexe et long que vous pouvez soit rechercher par vous-m\u00eame, soit vous \u00e9pargner la peine et engager un professionnel de l'immigration qui vous guidera tout au long du processus.<\/span><\/p>\n<p><img loading=\"lazy\" decoding=\"async\" class=\"aligncenter size-full wp-image-5633\" src=\"https:\/\/moverdb.com\/wp-content\/uploads\/immigration-residence.jpg\" alt=\"\" width=\"1000\" height=\"667\" data-wp-pid=\"5633\" srcset=\"https:\/\/moverdb.com\/wp-content\/uploads\/immigration-residence.jpg 1000w, https:\/\/moverdb.com\/wp-content\/uploads\/immigration-residence-300x200.jpg 300w, https:\/\/moverdb.com\/wp-content\/uploads\/immigration-residence-18x12.jpg 18w, https:\/\/moverdb.com\/wp-content\/uploads\/immigration-residence-600x400.jpg 600w\" sizes=\"auto, (max-width: 1000px) 100vw, 1000px\" \/><\/p>\n<p><span style=\"font-weight: 400;\">N'oubliez pas que chaque pays a des exigences et des lois sp\u00e9cifiques. Il est donc difficile de trouver tout ce dont vous avez besoin dans un seul article de blog. Vous devrez faire des recherches approfondies, contacter les autorit\u00e9s l\u00e9gales et peut-\u00eatre consulter un professionnel, mais il n'y a pas lieu de s'inqui\u00e9ter, car si vous commencez t\u00f4t, vous aurez suffisamment de temps pour faire face \u00e0 tout ce qui se pr\u00e9sente \u00e0 vous.&nbsp;<\/span><\/p>\n<h2><span class=\"ez-toc-section\" id=\"Get_Your_Documents_Ready\"><\/span><b>Pr\u00e9parez vos documents<\/b><span class=\"ez-toc-section-end\"><\/span><\/h2>\n<p><span style=\"font-weight: 400;\">La paperasserie est in\u00e9vitable lorsqu'il s'agit de d\u00e9m\u00e9nager, surtout s'il s'agit d'un d\u00e9m\u00e9nagement international. Vous devez avoir tous les documents n\u00e9cessaires pr\u00eats et disponibles au moment o\u00f9 vous en avez besoin, ainsi que plusieurs copies, au cas o\u00f9. <\/span><\/p>\n<p><span style=\"font-weight: 400;\">Cela permettra d'acc\u00e9l\u00e9rer les d\u00e9marches telles que la demande de VISA ou l'obtention d'un passeport. Voici une liste de certains des documents les plus importants que vous devriez avoir \u00e0 port\u00e9e de main :&nbsp;<\/span><\/p>\n<ul>\n<li style=\"font-weight: 400;\" aria-level=\"1\"><span style=\"font-weight: 400;\">Passeport\/Photo d'identit\u00e9\/Permis de conduire&nbsp;<\/span><\/li>\n<li style=\"font-weight: 400;\" aria-level=\"1\"><span style=\"font-weight: 400;\">Certificat de naissance&nbsp;<\/span><\/li>\n<li style=\"font-weight: 400;\" aria-level=\"1\"><span style=\"font-weight: 400;\">Carte de s\u00e9curit\u00e9 sociale<\/span><\/li>\n<li style=\"font-weight: 400;\" aria-level=\"1\"><span style=\"font-weight: 400;\">Dossiers m\u00e9dicaux\/dentaires<\/span><\/li>\n<\/ul>\n<h2><span class=\"ez-toc-section\" id=\"Sort_Out_Your_Finances\"><\/span><b>Mettez de l'ordre dans vos finances<\/b><span class=\"ez-toc-section-end\"><\/span><\/h2>\n<p><span style=\"font-weight: 400;\">D\u00e9m\u00e9nager \u00e0 l'\u00e9tranger n'est pas seulement une exp\u00e9rience stressante, mais cela aura aussi un impact sur vos finances. Il est essentiel que vous vous assuriez que vous avez suffisamment de fonds pour le d\u00e9m\u00e9nagement et que vous y avez acc\u00e8s. Si vous ne l'avez pas encore fait, pensez \u00e0 <a href=\"https:\/\/moverdb.com\/fr\/international-money-transfer-services\/\" data-internallinksmanager029f6b8e52c=\"239\" title=\"11 meilleurs services de transfert d&#039;argent international en 2026\">transfert d'argent<\/a> services.&nbsp;<\/span><\/p>\n<p><span style=\"font-weight: 400;\">S'adresser \u00e0 votre banque actuelle et transf\u00e9rer vos fonds vers une autre banque est un processus qui prend du temps et, \u00e9ventuellement, de la paperasse. Si vous suivez les conseils ci-dessus, vous disposerez \u00e0 la fois du temps et des documents n\u00e9cessaires pour que cette op\u00e9ration se d\u00e9roule rapidement et sans heurts.&nbsp;<\/span><\/p>\n<p><span style=\"font-weight: 400;\">Par ailleurs, l'ouverture d'un compte bancaire local dans votre nouveau pays de r\u00e9sidence peut \u00e9galement prendre plusieurs semaines et n\u00e9cessiter diff\u00e9rents documents en fonction du pays concern\u00e9. C'est pourquoi il convient de v\u00e9rifier que vos cartes bancaires existantes ne comportent pas de frais internationaux ou de souscrire une carte de cr\u00e9dit sans frais.&nbsp;<\/span><\/p>\n<p><span style=\"font-weight: 400;\">Pour un d\u00e9m\u00e9nagement international, il est recommand\u00e9 de disposer d'un fonds d'urgence. On ne sait jamais ce qui peut arriver et quand des d\u00e9penses suppl\u00e9mentaires peuvent survenir, alors \u00e9pargner \u00e0 l'avance vous donnera le confort dont vous avez besoin pour un d\u00e9m\u00e9nagement sans stress.&nbsp;<\/span><\/p>\n<h2><span class=\"ez-toc-section\" id=\"Research_International_Moving_Companies\"><\/span><b>Recherche de soci\u00e9t\u00e9s de d\u00e9m\u00e9nagement international<\/b><span class=\"ez-toc-section-end\"><\/span><\/h2>\n<p><span style=\"font-weight: 400;\">Il est \u00e9galement de la plus haute importance de transf\u00e9rer vos biens en toute s\u00e9curit\u00e9 au-del\u00e0 des fronti\u00e8res. Parfois, les transferts traversent m\u00eame des oc\u00e9ans afin d'arriver \u00e0 la destination finale. Il est donc essentiel que vous choisissiez la meilleure option possible pour vous et votre budget. <\/span><\/p>\n<p><span style=\"font-weight: 400;\">Vous pouvez demander des devis et comparer les prix longtemps \u00e0 l'avance, ainsi que r\u00e9server pour les jours o\u00f9 vous souhaitez qu'ils arrivent, ce qui vous \u00e9vitera d'attendre des jours, voire des semaines, sans vos biens dans votre nouvelle maison. <\/span><\/p>\n<p><span style=\"font-weight: 400;\">Tout d\u00e9pend de la quantit\u00e9 d'affaires que vous poss\u00e9dez, du pays d'o\u00f9 vous les envoyez et de leur destination, mais voici une liste de quelques-unes des possibilit\u00e9s suivantes <\/span><a href=\"https:\/\/moverdb.com\/fr\/entreprises-de-demenagement\/\"><span style=\"font-weight: 400;\">les meilleures soci\u00e9t\u00e9s de d\u00e9m\u00e9nagement international<\/span><\/a><span style=\"font-weight: 400;\">. Gardez \u00e0 l'esprit que chaque d\u00e9m\u00e9nagement est diff\u00e9rent et personnel lorsque vous prenez votre d\u00e9cision, alors assurez-vous que cela vous convient !<\/span><\/p>\n<h2><span class=\"ez-toc-section\" id=\"Make_a_Packing_Checklist\"><\/span><b>Faites une liste de contr\u00f4le pour vos bagages<\/b><span class=\"ez-toc-section-end\"><\/span><\/h2>\n<p><span style=\"font-weight: 400;\">Comme pour tout le reste, commencer \u00e0 l'avance vous permettra d'\u00eatre organis\u00e9 et de ne pas \u00eatre sous pression. <\/span><\/p>\n<p><span style=\"font-weight: 400;\">Lorsque vous commencez \u00e0 faire vos bagages pour votre d\u00e9m\u00e9nagement, il est essentiel de dresser une liste de contr\u00f4le de tous les \u00e9l\u00e9ments concern\u00e9s, de lire les conseils utiles et les astuces d'emballage et de vous d\u00e9barrasser des objets inutiles. Le fait de tout \u00e9tiqueter et de vous en tenir \u00e0 un calendrier vous aidera \u00e0 ma\u00eetriser les choses, de sorte que l'emballage deviendra la seule chose qui sera plus agr\u00e9able que stressante tout au long de ce processus long et compliqu\u00e9.<\/span><\/p>\n<h2><span class=\"ez-toc-section\" id=\"Reach_Out_To_Providers\"><\/span><b>Communiquer avec les fournisseurs<\/b><span class=\"ez-toc-section-end\"><\/span><\/h2>\n<p><span style=\"font-weight: 400;\">Maintenant que le d\u00e9m\u00e9nagement approche, il est temps de contacter les fournisseurs de services n\u00e9cessaires pour fermer les comptes et annuler les abonnements. Veillez \u00e0 envoyer les derniers relev\u00e9s de compteur, \u00e0 recouvrer tout cr\u00e9dit en cours, \u00e0 faire suivre votre courrier et \u00e0 informer toutes les personnes qui doivent \u00eatre inform\u00e9es que vous d\u00e9m\u00e9nagez. <\/span><\/p>\n<p><span style=\"font-weight: 400;\">M\u00eame si certains de ces \u00e9l\u00e9ments ne peuvent pas \u00eatre r\u00e9alis\u00e9s longtemps \u00e0 l'avance, veillez \u00e0 ne pas les oublier compl\u00e8tement et \u00e0 ne pas attendre la toute derni\u00e8re minute.&nbsp;<\/span><\/p>\n<h2><span class=\"ez-toc-section\" id=\"Familiarise_Yourself_With_The_Culture\"><\/span><b>Se familiariser avec la culture<\/b><span class=\"ez-toc-section-end\"><\/span><\/h2>\n<p><span style=\"font-weight: 400;\">Enfin, vous voudrez \u00eatre pr\u00eat lorsque vous atteindrez votre destination finale et votre nouveau domicile. Se familiariser avec les coutumes, l'\u00e9tiquette et les traditions du pays est un bon point de d\u00e9part pour ne pas offenser inconsciemment les habitants au cours des premiers mois de votre d\u00e9m\u00e9nagement.&nbsp;<\/span><\/p>\n<h2><span class=\"ez-toc-section\" id=\"In_Conclusion\"><\/span><b>En conclusion<\/b><span class=\"ez-toc-section-end\"><\/span><\/h2>\n<p><span style=\"font-weight: 400;\">Bien que nous ne puissions pas promettre qu'il n'y aura pas d'obstacles et de d\u00e9fis en cours de route, nous esp\u00e9rons que si vous suivez ces conseils utiles, vous serez en mesure de vous pr\u00e9parer \u00e0 la plupart des choses qui sont les plus susceptibles de se produire au cours du processus de d\u00e9m\u00e9nagement international. <\/span><\/p>\n<p><span style=\"font-weight: 400;\">Il est \u00e9galement important de se souvenir et de se rappeler constamment qu'au bout du compte, ce sont des moments passionnants qui vous attendent !&nbsp;<\/span><\/p>","protected":false},"excerpt":{"rendered":"<p>Moving abroad is certainly an exciting time, packed with a lot of mixed emotions, but if you ever had to move home before, you would know that it is anything but a relaxing and pleasant experience. While a house move in your own country can be overwhelming at times, you can only imagine how difficult [&hellip;]<\/p>\n","protected":false},"author":1,"featured_media":5632,"parent":0,"menu_order":0,"comment_status":"closed","ping_status":"closed","template":"","meta":{"_genesis_hide_title":false,"_genesis_hide_breadcrumbs":false,"_genesis_hide_singular_image":false,"_genesis_hide_footer_widgets":false,"_genesis_custom_body_class":"","_genesis_custom_post_class":"","_genesis_layout":"","footnotes":""},"class_list":{"0":"post-5631","1":"page","2":"type-page","3":"status-publish","4":"has-post-thumbnail","6":"entry"},"_links":{"self":[{"href":"https:\/\/moverdb.com\/fr\/wp-json\/wp\/v2\/pages\/5631","targetHints":{"allow":["GET"]}}],"collection":[{"href":"https:\/\/moverdb.com\/fr\/wp-json\/wp\/v2\/pages"}],"about":[{"href":"https:\/\/moverdb.com\/fr\/wp-json\/wp\/v2\/types\/page"}],"author":[{"embeddable":true,"href":"https:\/\/moverdb.com\/fr\/wp-json\/wp\/v2\/users\/1"}],"replies":[{"embeddable":true,"href":"https:\/\/moverdb.com\/fr\/wp-json\/wp\/v2\/comments?post=5631"}],"version-history":[{"count":1,"href":"https:\/\/moverdb.com\/fr\/wp-json\/wp\/v2\/pages\/5631\/revisions"}],"predecessor-version":[{"id":5634,"href":"https:\/\/moverdb.com\/fr\/wp-json\/wp\/v2\/pages\/5631\/revisions\/5634"}],"wp:featuredmedia":[{"embeddable":true,"href":"https:\/\/moverdb.com\/fr\/wp-json\/wp\/v2\/media\/5632"}],"wp:attachment":[{"href":"https:\/\/moverdb.com\/fr\/wp-json\/wp\/v2\/media?parent=5631"}],"curies":[{"name":"wp","href":"https:\/\/api.w.org\/{rel}","templated":true}]}}